{"id":11587,"date":"2022-09-09T12:47:15","date_gmt":"2022-09-09T11:47:15","guid":{"rendered":"https:\/\/blumiz.com\/produkt\/purple-punch-auto-barneys-farm-feminizada-3-semillas-paquete\/"},"modified":"2023-06-03T12:47:43","modified_gmt":"2023-06-03T11:47:43","slug":"purple-punch-auto-barneys-farm-feminizada-3-semillas-paquete","status":"publish","type":"product","link":"https:\/\/blumiz.com\/es\/producto\/purple-punch-auto-barneys-farm-feminizada-3-semillas-paquete\/","title":{"rendered":"PURPLE PUNCH AUTO (BARNEY&#8217;S FARM) FEMINIZADA (3 semillas\/paquete)"},"content":{"rendered":"<h2>BARNEY&#8217;S FARM &#8211; PURPLE PUNCH AUTO: LA MEJOR INDICA AUTOFLORECIENTE<\/h2>\n<p>El equipo de Barney&#8217;s Farm tampoco ha perdido de vista a los amantes de las autoflorecientes. BF ha cruzado su fabulosa Purple Punch, una \u00edndica al 90% que combina gen\u00e9ticas de primera clase de la Costa Oeste, con su Auto Critical de producci\u00f3n propia.<\/p>\n<p>Incluso la Purple Punch original, que rara vez mide m\u00e1s de 90 cm en interior, no es precisamente una planta grande. Su variedad autofloreciente es s\u00f3lo un poco m\u00e1s peque\u00f1a, con 80 cm, aunque puede producir rendimientos sustanciales incluso en los espacios m\u00e1s reducidos. Despu\u00e9s de un per\u00edodo super corto de 50-60 d\u00edas desde la semilla hasta la cosecha, puedes esperar hasta 350g\/m\u00b2 en el armario de cultivo o alrededor de 400g\/planta en exterior. Por supuesto, no tienes que preocuparte de cambiar los ciclos de luz, ya que sabes que la ni\u00f1a florece autom\u00e1ticamente. Mant\u00e9n 18 horas de luz y estar\u00e1s en el buen camino.<\/p>\n<p>Purple Punch Auto es s\u00f3lo ligeramente menos potente que la versi\u00f3n fotoperi\u00f3dica pero, con un 18% de THC, tiene un efecto \u00edndica extremadamente relajante, igual que su hermana mayor. El 80% de \u00edndica produce un fant\u00e1stico subid\u00f3n de \u00edndica, por lo que te espera una gran experiencia chill-out para fumar despu\u00e9s del trabajo. Del mismo modo, esta variedad te sorprender\u00e1 con los mismos sabores incre\u00edbles que su hermana de fotoperiodo, haci\u00e9ndote la boca agua con una deliciosa confecci\u00f3n de tarta de manzana con notas dulces de ar\u00e1ndanos y cerezas y un toque de especias.<\/p>\n<table id=\"idTab2\" class=\"features-table\">\n<caption class=\"h3\">PURPLE PUNCH AUTO (BARNEY&#8217;S FARM) FEMINIZADA FICHA T\u00c9CNICA<\/caption>\n<tbody>\n<tr>\n<th>Marca<\/th>\n<td>Granja de Barney<\/td>\n<\/tr>\n<tr>\n<th>Gen\u00e9tica<\/th>\n<td>Ruderalis\/Indica\/Sativa<\/td>\n<\/tr>\n<tr>\n<th>Padres<\/th>\n<td>Purple Punch x BF Auto Critical<\/td>\n<\/tr>\n<tr>\n<th>Floraci\u00f3n<\/th>\n<td>8-9 semanas desde la semilla hasta la cosecha<\/td>\n<\/tr>\n<tr>\n<th>THC<\/th>\n<td>18%<\/td>\n<\/tr>\n<tr>\n<th>CBD<\/th>\n<td>1%<\/td>\n<\/tr>\n<tr>\n<th>CBD:THC<\/th>\n<td>1 : 18<\/td>\n<\/tr>\n<tr>\n<th>Rendimiento cultivo interior<\/th>\n<td>300-350 gr\/m\u00b2<\/td>\n<\/tr>\n<tr>\n<th>Rendimiento cultivo exterior<\/th>\n<td>350-400 gr\/planta<\/td>\n<\/tr>\n<tr>\n<th>Altura interior<\/th>\n<td>80 cm<\/td>\n<\/tr>\n<tr>\n<th>Altura exterior<\/th>\n<td>70 cm<\/td>\n<\/tr>\n<tr>\n<th>Disponible como<\/th>\n<td>Semillas feminizadas<\/td>\n<\/tr>\n<tr>\n<th>Tipo de flor<\/th>\n<td>Autofloreciente<\/td>\n<\/tr>\n<tr>\n<th>G\u00e9nero<\/th>\n<td>Feminizada<\/td>\n<\/tr>\n<\/tbody>\n<\/table>\n","protected":false},"excerpt":{"rendered":"<p>Purple Punch de Barney&#8217;s Farm es una Indica popular con muchos fans que aprecian su efecto incre\u00edblemente relajante y su sabor excepcional. No es que la original sea dif\u00edcil de cultivar, pero siempre hay cultivadores que prefieren las c\u00f3modas autoflorecientes por su r\u00e1pido crecimiento. Perm\u00edtanos presentarle al candidato perfecto para el trabajo: \u00a1Purple Punch Auto!<\/p>\n","protected":false},"featured_media":10498,"comment_status":"open","ping_status":"closed","template":"","meta":{"site-sidebar-layout":"default","site-content-layout":"default","ast-site-content-layout":"default","site-content-style":"default","site-sidebar-style":"default","ast-global-header-display":"","ast-banner-title-visibility":"","ast-main-header-display":"","ast-hfb-above-header-display":"","ast-hfb-below-header-display":"","ast-hfb-mobile-header-display":"","site-post-title":"","ast-breadcrumbs-content":"","ast-featured-img":"","footer-sml-layout":"","ast-disable-related-posts":"","theme-transparent-header-meta":"default","adv-header-id-meta":"","stick-header-meta":"default","header-above-stick-meta":"","header-main-stick-meta":"","header-below-stick-meta":"","astra-migrate-meta-layouts":"default","ast-page-background-enabled":"default","ast-page-background-meta":{"desktop":{"background-color":"","background-image":"","background-repeat":"repeat","background-position":"center center","background-size":"auto","background-attachment":"scroll","background-type":"","background-media":"","overlay-type":"","overlay-color":"","overlay-opacity":"","overlay-gradient":""},"tablet":{"background-color":"","background-image":"","background-repeat":"repeat","background-position":"center center","background-size":"auto","background-attachment":"scroll","background-type":"","background-media":"","overlay-type":"","overlay-color":"","overlay-opacity":"","overlay-gradient":""},"mobile":{"background-color":"","background-image":"","background-repeat":"repeat","background-position":"center center","background-size":"auto","background-attachment":"scroll","background-type":"","background-media":"","overlay-type":"","overlay-color":"","overlay-opacity":"","overlay-gradient":""}},"ast-content-background-meta":{"desktop":{"background-color":"var(--ast-global-color-5)","background-image":"","background-repeat":"repeat","background-position":"center center","background-size":"auto","background-attachment":"scroll","background-type":"","background-media":"","overlay-type":"","overlay-color":"","overlay-opacity":"","overlay-gradient":""},"tablet":{"background-color":"var(--ast-global-color-5)","background-image":"","background-repeat":"repeat","background-position":"center center","background-size":"auto","background-attachment":"scroll","background-type":"","background-media":"","overlay-type":"","overlay-color":"","overlay-opacity":"","overlay-gradient":""},"mobile":{"background-color":"var(--ast-global-color-5)","background-image":"","background-repeat":"repeat","background-position":"center center","background-size":"auto","background-attachment":"scroll","background-type":"","background-media":"","overlay-type":"","overlay-color":"","overlay-opacity":"","overlay-gradient":""}}},"product_brand":[],"product_cat":[279],"product_tag":[],"class_list":{"0":"post-11587","1":"product","2":"type-product","3":"status-publish","4":"has-post-thumbnail","6":"product_cat-semillas-de-marihuana-seedsshop","7":"desktop-align-left","8":"tablet-align-center","9":"mobile-align-left","10":"ast-product-gallery-layout-vertical","11":"ast-product-gallery-with-no-image","12":"ast-magnify-disabled","13":"ast-product-tabs-layout-horizontal","15":"first","16":"instock","17":"taxable","18":"shipping-taxable","19":"purchasable","20":"product-type-simple"},"yoast_head":"<!-- This site is optimized with the Yoast SEO Premium plugin v27.2 (Yoast SEO v27.5) - https:\/\/yoast.com\/product\/yoast-seo-premium-wordpress\/ -->\n<title>PURPLE PUNCH AUTO (BARNEY&#039;S FARM) FEMINIZADA (3 semillas\/paquete) - Blumiz - Premium CBD<\/title>\n<meta name=\"description\" content=\"PURPLE PUNCH AUTO (BARNEY&#039;S FARM) FEMINIZADA (3 semillas\/paquete) - Blumiz - Premium CBD\" \/>\n<meta name=\"robots\" content=\"index, follow, max-snippet:-1, max-image-preview:large, max-video-preview:-1\" \/>\n<link rel=\"canonical\" href=\"https:\/\/blumiz.com\/es\/producto\/purple-punch-auto-barneys-farm-feminizada-3-semillas-paquete\/\" \/>\n<meta property=\"og:locale\" content=\"es_ES\" \/>\n<meta property=\"og:type\" content=\"article\" \/>\n<meta property=\"og:title\" content=\"PURPLE PUNCH AUTO (BARNEY&#039;S FARM) FEMINIZADA (3 semillas\/paquete)\" \/>\n<meta property=\"og:description\" content=\"PURPLE PUNCH AUTO (BARNEY&#039;S FARM) FEMINIZADA (3 semillas\/paquete) Blumiz - Premium CBD\" \/>\n<meta property=\"og:url\" content=\"https:\/\/blumiz.com\/es\/producto\/purple-punch-auto-barneys-farm-feminizada-3-semillas-paquete\/\" \/>\n<meta property=\"og:site_name\" content=\"Blumiz - Premium CBD\" \/>\n<meta property=\"article:modified_time\" content=\"2023-06-03T11:47:43+00:00\" \/>\n<meta property=\"og:image\" content=\"https:\/\/blumiz.com\/wp-content\/uploads\/2022\/09\/Barneys-Farm-Purple-Punch-Auto-3-seeds-pack.jpg\" \/>\n\t<meta property=\"og:image:width\" content=\"600\" \/>\n\t<meta property=\"og:image:height\" content=\"600\" \/>\n\t<meta property=\"og:image:type\" content=\"image\/jpeg\" \/>\n<meta name=\"twitter:card\" content=\"summary_large_image\" \/>\n<meta name=\"twitter:label1\" content=\"Precio\" \/>\n\t<meta name=\"twitter:data1\" content=\"29,90&nbsp;&euro;\" \/>\n\t<meta name=\"twitter:label2\" content=\"Disponibilidad\" \/>\n\t<meta name=\"twitter:data2\" content=\"Disponible\" \/>\n<script type=\"application\/ld+json\" class=\"yoast-schema-graph\">{\"@context\":\"https:\\\/\\\/schema.org\",\"@graph\":[{\"@type\":\"WebPage\",\"@id\":\"https:\\\/\\\/blumiz.com\\\/es\\\/producto\\\/purple-punch-auto-barneys-farm-feminizada-3-semillas-paquete\\\/\",\"url\":\"https:\\\/\\\/blumiz.com\\\/es\\\/producto\\\/purple-punch-auto-barneys-farm-feminizada-3-semillas-paquete\\\/\",\"name\":\"PURPLE PUNCH AUTO (BARNEY'S FARM) FEMINIZADA (3 semillas\\\/paquete) - Blumiz - Premium CBD\",\"isPartOf\":{\"@id\":\"https:\\\/\\\/blumiz.com\\\/es\\\/#website\"},\"primaryImageOfPage\":{\"@id\":\"https:\\\/\\\/blumiz.com\\\/es\\\/producto\\\/purple-punch-auto-barneys-farm-feminizada-3-semillas-paquete\\\/#primaryimage\"},\"image\":{\"@id\":\"https:\\\/\\\/blumiz.com\\\/es\\\/producto\\\/purple-punch-auto-barneys-farm-feminizada-3-semillas-paquete\\\/#primaryimage\"},\"thumbnailUrl\":\"https:\\\/\\\/blumiz.com\\\/wp-content\\\/uploads\\\/2022\\\/09\\\/Barneys-Farm-Purple-Punch-Auto-3-seeds-pack.jpg\",\"datePublished\":\"2022-09-09T11:47:15+00:00\",\"dateModified\":\"2023-06-03T11:47:43+00:00\",\"description\":\"PURPLE PUNCH AUTO (BARNEY'S FARM) FEMINIZADA (3 semillas\\\/paquete) - Blumiz - Premium CBD\",\"breadcrumb\":{\"@id\":\"https:\\\/\\\/blumiz.com\\\/es\\\/producto\\\/purple-punch-auto-barneys-farm-feminizada-3-semillas-paquete\\\/#breadcrumb\"},\"inLanguage\":\"es\",\"potentialAction\":[{\"@type\":\"ReadAction\",\"target\":[\"https:\\\/\\\/blumiz.com\\\/es\\\/producto\\\/purple-punch-auto-barneys-farm-feminizada-3-semillas-paquete\\\/\"]}]},{\"@type\":\"ImageObject\",\"inLanguage\":\"es\",\"@id\":\"https:\\\/\\\/blumiz.com\\\/es\\\/producto\\\/purple-punch-auto-barneys-farm-feminizada-3-semillas-paquete\\\/#primaryimage\",\"url\":\"https:\\\/\\\/blumiz.com\\\/wp-content\\\/uploads\\\/2022\\\/09\\\/Barneys-Farm-Purple-Punch-Auto-3-seeds-pack.jpg\",\"contentUrl\":\"https:\\\/\\\/blumiz.com\\\/wp-content\\\/uploads\\\/2022\\\/09\\\/Barneys-Farm-Purple-Punch-Auto-3-seeds-pack.jpg\",\"width\":600,\"height\":600},{\"@type\":\"BreadcrumbList\",\"@id\":\"https:\\\/\\\/blumiz.com\\\/es\\\/producto\\\/purple-punch-auto-barneys-farm-feminizada-3-semillas-paquete\\\/#breadcrumb\",\"itemListElement\":[{\"@type\":\"ListItem\",\"position\":1,\"name\":\"Blumiz\",\"item\":\"https:\\\/\\\/blumiz.com\\\/es\\\/\"},{\"@type\":\"ListItem\",\"position\":2,\"name\":\"CBD Shop\",\"item\":\"https:\\\/\\\/blumiz.com\\\/es\\\/tienda\\\/\"},{\"@type\":\"ListItem\",\"position\":3,\"name\":\"PURPLE PUNCH AUTO (BARNEY&#8217;S FARM) FEMINIZADA (3 semillas\\\/paquete)\"}]},{\"@type\":\"WebSite\",\"@id\":\"https:\\\/\\\/blumiz.com\\\/es\\\/#website\",\"url\":\"https:\\\/\\\/blumiz.com\\\/es\\\/\",\"name\":\"Blumiz - Premium CBD\",\"description\":\"Un CBD al mejor precio y de calidad superior\",\"publisher\":{\"@id\":\"https:\\\/\\\/blumiz.com\\\/es\\\/#organization\"},\"alternateName\":\"Blumiz\",\"potentialAction\":[{\"@type\":\"SearchAction\",\"target\":{\"@type\":\"EntryPoint\",\"urlTemplate\":\"https:\\\/\\\/blumiz.com\\\/es\\\/?s={search_term_string}\"},\"query-input\":{\"@type\":\"PropertyValueSpecification\",\"valueRequired\":true,\"valueName\":\"search_term_string\"}}],\"inLanguage\":\"es\"},{\"@type\":\"Organization\",\"@id\":\"https:\\\/\\\/blumiz.com\\\/es\\\/#organization\",\"name\":\"Blumiz CBD\",\"alternateName\":\"Blumiz\",\"url\":\"https:\\\/\\\/blumiz.com\\\/es\\\/\",\"logo\":{\"@type\":\"ImageObject\",\"inLanguage\":\"es\",\"@id\":\"https:\\\/\\\/blumiz.com\\\/es\\\/#\\\/schema\\\/logo\\\/image\\\/\",\"url\":\"https:\\\/\\\/blumiz.com\\\/wp-content\\\/uploads\\\/2026\\\/02\\\/cropped-Blumiz-CBD-logo.webp\",\"contentUrl\":\"https:\\\/\\\/blumiz.com\\\/wp-content\\\/uploads\\\/2026\\\/02\\\/cropped-Blumiz-CBD-logo.webp\",\"width\":2547,\"height\":778,\"caption\":\"Blumiz CBD\"},\"image\":{\"@id\":\"https:\\\/\\\/blumiz.com\\\/es\\\/#\\\/schema\\\/logo\\\/image\\\/\"}}]}<\/script>\n<meta property=\"product:price:amount\" content=\"29.90\" \/>\n<meta property=\"product:price:currency\" content=\"EUR\" \/>\n<meta property=\"og:availability\" content=\"instock\" \/>\n<meta property=\"product:availability\" content=\"instock\" \/>\n<meta property=\"product:retailer_item_id\" content=\"2661\" \/>\n<meta property=\"product:condition\" content=\"new\" \/>\n<!-- \/ Yoast SEO Premium plugin. -->","yoast_head_json":{"title":"PURPLE PUNCH AUTO (BARNEY'S FARM) FEMINIZADA (3 semillas\/paquete) - Blumiz - Premium CBD","description":"PURPLE PUNCH AUTO (BARNEY'S FARM) FEMINIZADA (3 semillas\/paquete) - Blumiz - Premium CBD","robots":{"index":"index","follow":"follow","max-snippet":"max-snippet:-1","max-image-preview":"max-image-preview:large","max-video-preview":"max-video-preview:-1"},"canonical":"https:\/\/blumiz.com\/es\/producto\/purple-punch-auto-barneys-farm-feminizada-3-semillas-paquete\/","og_locale":"es_ES","og_type":"article","og_title":"PURPLE PUNCH AUTO (BARNEY'S FARM) FEMINIZADA (3 semillas\/paquete)","og_description":"PURPLE PUNCH AUTO (BARNEY'S FARM) FEMINIZADA (3 semillas\/paquete) Blumiz - Premium CBD","og_url":"https:\/\/blumiz.com\/es\/producto\/purple-punch-auto-barneys-farm-feminizada-3-semillas-paquete\/","og_site_name":"Blumiz - Premium CBD","article_modified_time":"2023-06-03T11:47:43+00:00","og_image":[{"width":600,"height":600,"url":"https:\/\/blumiz.com\/wp-content\/uploads\/2022\/09\/Barneys-Farm-Purple-Punch-Auto-3-seeds-pack.jpg","type":"image\/jpeg"}],"twitter_card":"summary_large_image","twitter_misc":{"Precio":"29,90&nbsp;&euro;","Disponibilidad":"Disponible"},"schema":{"@context":"https:\/\/schema.org","@graph":[{"@type":"WebPage","@id":"https:\/\/blumiz.com\/es\/producto\/purple-punch-auto-barneys-farm-feminizada-3-semillas-paquete\/","url":"https:\/\/blumiz.com\/es\/producto\/purple-punch-auto-barneys-farm-feminizada-3-semillas-paquete\/","name":"PURPLE PUNCH AUTO (BARNEY'S FARM) FEMINIZADA (3 semillas\/paquete) - Blumiz - Premium CBD","isPartOf":{"@id":"https:\/\/blumiz.com\/es\/#website"},"primaryImageOfPage":{"@id":"https:\/\/blumiz.com\/es\/producto\/purple-punch-auto-barneys-farm-feminizada-3-semillas-paquete\/#primaryimage"},"image":{"@id":"https:\/\/blumiz.com\/es\/producto\/purple-punch-auto-barneys-farm-feminizada-3-semillas-paquete\/#primaryimage"},"thumbnailUrl":"https:\/\/blumiz.com\/wp-content\/uploads\/2022\/09\/Barneys-Farm-Purple-Punch-Auto-3-seeds-pack.jpg","datePublished":"2022-09-09T11:47:15+00:00","dateModified":"2023-06-03T11:47:43+00:00","description":"PURPLE PUNCH AUTO (BARNEY'S FARM) FEMINIZADA (3 semillas\/paquete) - Blumiz - Premium CBD","breadcrumb":{"@id":"https:\/\/blumiz.com\/es\/producto\/purple-punch-auto-barneys-farm-feminizada-3-semillas-paquete\/#breadcrumb"},"inLanguage":"es","potentialAction":[{"@type":"ReadAction","target":["https:\/\/blumiz.com\/es\/producto\/purple-punch-auto-barneys-farm-feminizada-3-semillas-paquete\/"]}]},{"@type":"ImageObject","inLanguage":"es","@id":"https:\/\/blumiz.com\/es\/producto\/purple-punch-auto-barneys-farm-feminizada-3-semillas-paquete\/#primaryimage","url":"https:\/\/blumiz.com\/wp-content\/uploads\/2022\/09\/Barneys-Farm-Purple-Punch-Auto-3-seeds-pack.jpg","contentUrl":"https:\/\/blumiz.com\/wp-content\/uploads\/2022\/09\/Barneys-Farm-Purple-Punch-Auto-3-seeds-pack.jpg","width":600,"height":600},{"@type":"BreadcrumbList","@id":"https:\/\/blumiz.com\/es\/producto\/purple-punch-auto-barneys-farm-feminizada-3-semillas-paquete\/#breadcrumb","itemListElement":[{"@type":"ListItem","position":1,"name":"Blumiz","item":"https:\/\/blumiz.com\/es\/"},{"@type":"ListItem","position":2,"name":"CBD Shop","item":"https:\/\/blumiz.com\/es\/tienda\/"},{"@type":"ListItem","position":3,"name":"PURPLE PUNCH AUTO (BARNEY&#8217;S FARM) FEMINIZADA (3 semillas\/paquete)"}]},{"@type":"WebSite","@id":"https:\/\/blumiz.com\/es\/#website","url":"https:\/\/blumiz.com\/es\/","name":"Blumiz - Premium CBD","description":"Un CBD al mejor precio y de calidad superior","publisher":{"@id":"https:\/\/blumiz.com\/es\/#organization"},"alternateName":"Blumiz","potentialAction":[{"@type":"SearchAction","target":{"@type":"EntryPoint","urlTemplate":"https:\/\/blumiz.com\/es\/?s={search_term_string}"},"query-input":{"@type":"PropertyValueSpecification","valueRequired":true,"valueName":"search_term_string"}}],"inLanguage":"es"},{"@type":"Organization","@id":"https:\/\/blumiz.com\/es\/#organization","name":"Blumiz CBD","alternateName":"Blumiz","url":"https:\/\/blumiz.com\/es\/","logo":{"@type":"ImageObject","inLanguage":"es","@id":"https:\/\/blumiz.com\/es\/#\/schema\/logo\/image\/","url":"https:\/\/blumiz.com\/wp-content\/uploads\/2026\/02\/cropped-Blumiz-CBD-logo.webp","contentUrl":"https:\/\/blumiz.com\/wp-content\/uploads\/2026\/02\/cropped-Blumiz-CBD-logo.webp","width":2547,"height":778,"caption":"Blumiz CBD"},"image":{"@id":"https:\/\/blumiz.com\/es\/#\/schema\/logo\/image\/"}}]},"product_price_amount":"29.90","product_price_currency":"EUR","og_availability":"instock","product_availability":"instock","product_retailer_item_id":"2661","product_condition":"new"},"_links":{"self":[{"href":"https:\/\/blumiz.com\/es\/wp-json\/wp\/v2\/product\/11587","targetHints":{"allow":["GET"]}}],"collection":[{"href":"https:\/\/blumiz.com\/es\/wp-json\/wp\/v2\/product"}],"about":[{"href":"https:\/\/blumiz.com\/es\/wp-json\/wp\/v2\/types\/product"}],"replies":[{"embeddable":true,"href":"https:\/\/blumiz.com\/es\/wp-json\/wp\/v2\/comments?post=11587"}],"version-history":[{"count":0,"href":"https:\/\/blumiz.com\/es\/wp-json\/wp\/v2\/product\/11587\/revisions"}],"wp:featuredmedia":[{"embeddable":true,"href":"https:\/\/blumiz.com\/es\/wp-json\/wp\/v2\/media\/10498"}],"wp:attachment":[{"href":"https:\/\/blumiz.com\/es\/wp-json\/wp\/v2\/media?parent=11587"}],"wp:term":[{"taxonomy":"product_brand","embeddable":true,"href":"https:\/\/blumiz.com\/es\/wp-json\/wp\/v2\/product_brand?post=11587"},{"taxonomy":"product_cat","embeddable":true,"href":"https:\/\/blumiz.com\/es\/wp-json\/wp\/v2\/product_cat?post=11587"},{"taxonomy":"product_tag","embeddable":true,"href":"https:\/\/blumiz.com\/es\/wp-json\/wp\/v2\/product_tag?post=11587"}],"curies":[{"name":"wp","href":"https:\/\/api.w.org\/{rel}","templated":true}]}}