{"id":11597,"date":"2022-09-09T12:42:24","date_gmt":"2022-09-09T11:42:24","guid":{"rendered":"https:\/\/blumiz.com\/produkt\/arandano-og-barneys-farm-feminizado-3-semillas-paquete\/"},"modified":"2023-06-03T12:47:45","modified_gmt":"2023-06-03T11:47:45","slug":"arandano-og-barneys-farm-feminizado-3-semillas-paquete","status":"publish","type":"product","link":"https:\/\/blumiz.com\/es\/producto\/arandano-og-barneys-farm-feminizado-3-semillas-paquete\/","title":{"rendered":"AR\u00c1NDANO OG (BARNEY&#8217;S FARM) FEMINIZADO (3 semillas\/paquete)"},"content":{"rendered":"<h2>BARNEY&#8217;S FARM &#8211; BLUEBERRY OG: \u00a1DOS VARIEDADES DE CLASE MUNDIAL EN UNA!<\/h2>\n<p>Los amantes del cannabis que quieran lo mejor de lo mejor m\u00e1s vale que se preparen y encuentren un buen lugar para cultivar estas nuevas semillas de los chicos de Barney&#8217;s Farm. Su nueva Blueberry OG combina gen\u00e9ticas de primera categor\u00eda en una variedad que sin duda no decepcionar\u00e1.<\/p>\n<p>En un lado del pedigr\u00ed de Blueberry OG tenemos a la s\u00faper moderna Blueberry, una variedad de predominancia \u00edndica adorada por su gran potencia \u00edndica y su dulce sabor a ar\u00e1ndanos. La otra parte de su gen\u00e9tica procede de la famosa OG Kush, la cepa que constituye la columna vertebral gen\u00e9tica de las variedades de cannabis de la costa oeste de EE.UU. y es apreciada por sus grandes efectos euf\u00f3ricos.<\/p>\n<p>Desde el punto de vista del cultivador, la Blueberry OG ya es un esplendor cuando a\u00fan est\u00e1 en la maceta. La variedad crece de forma estable y fiable y tampoco es muy exigente. La \u00edndica al 70% se adapta bien a cualquier clima, ya sea fresco, c\u00e1lido o templado, por lo que se puede cultivar b\u00e1sicamente en cualquier lugar, tanto en interior como en exterior. Tambi\u00e9n presenta una buena resistencia natural al moho, al o\u00eddio y a la ara\u00f1a roja, lo que la convierte en una muy buena elecci\u00f3n incluso para los cultivadores menos experimentados.<\/p>\n<p>Con una altura media de 100 cm, crece de forma bastante compacta, por lo que tambi\u00e9n cabe en espacios reducidos. Lo que le falta en altura, sin embargo, lo compensa con un gran n\u00famero de ramas laterales que se llenar\u00e1n de cogollos sustanciosos en poco tiempo. Cultivada en un armario de cultivo, puede esperar unos rendimientos bastante buenos de 750 g\/m\u00b2. Si las cultivas al aire libre en condiciones \u00f3ptimas, puedes esperar cosechar hasta 1.000 g\/planta. Con un tiempo de floraci\u00f3n de s\u00f3lo 55 d\u00edas, se mantiene dentro de lo razonable y no tendr\u00e1s que esperar demasiado hasta la cosecha.<\/p>\n<p>Dada su excepcional gen\u00e9tica, probablemente ni siquiera necesitar\u00edamos mencionar que consumir Blueberry OG es una experiencia realmente fant\u00e1stica. Su rico perfil de sabor mezcla notas c\u00edtricas dulces con algo de kush y tonos almizclados. As\u00ed que combina a la perfecci\u00f3n los sabores de Blueberry y OG. Lo m\u00e1s destacado, sin embargo, es su sensacional efecto. Esta ingeniosa fumada ofrece la potente bondad \u00edndica de dos fuertes cepas para proporcionarte una relajante sensaci\u00f3n de amplitud. Sin embargo, gracias a su lado OG, le sigue un efecto euf\u00f3rico-psicod\u00e9lico que la convierte en una variedad fabulosa para todo tipo de ocasiones.<\/p>\n<p>Blueberry OG de Barney&#8217;s Farm es un h\u00edbrido impresionante que no decepcionar\u00e1 gracias a su gen\u00e9tica de primera categor\u00eda. \u00a1Sin duda, probablemente encontrar\u00e1 muchos amigos entre los amantes del cannabis que ahora pueden disfrutar de un h\u00edbrido que les trae la gloria de Blueberry y OG Kush en forma de una cepa muy gratificante!<\/p>\n<table id=\"idTab2\" class=\"features-table\">\n<caption class=\"h3\">BLUEBERRY OG (BARNEY&#8217;S FARM) FEMINIZADA FICHA T\u00c9CNICA<\/caption>\n<tbody>\n<tr>\n<th>Marca<\/th>\n<td>Granja de Barney<\/td>\n<\/tr>\n<tr>\n<th>Gen\u00e9tica<\/th>\n<td>Indica-dominante<\/td>\n<\/tr>\n<tr>\n<th>Padres<\/th>\n<td>Blueberry x OG Kush<\/td>\n<\/tr>\n<tr>\n<th>Floraci\u00f3n<\/th>\n<td>8-9 semanas<\/td>\n<\/tr>\n<tr>\n<th>THC<\/th>\n<td>Medio<\/td>\n<\/tr>\n<tr>\n<th>CBD<\/th>\n<td>Alta<\/td>\n<\/tr>\n<tr>\n<th>Rendimiento cultivo interior<\/th>\n<td>650-700 gr\/m\u00b2<\/td>\n<\/tr>\n<tr>\n<th>Altura interior<\/th>\n<td>100 cm<\/td>\n<\/tr>\n<tr>\n<th>Disponible como<\/th>\n<td>Semillas feminizadas<\/td>\n<\/tr>\n<tr>\n<th>Tipo de flor<\/th>\n<td>Fotoperi\u00f3dico<\/td>\n<\/tr>\n<tr>\n<th>G\u00e9nero<\/th>\n<td>Feminizada<\/td>\n<\/tr>\n<\/tbody>\n<\/table>\n","protected":false},"excerpt":{"rendered":"<p>Barney&#8217;s Farm tom\u00f3 dos de las cepas m\u00e1s significativas y las convirti\u00f3 en una aut\u00e9ntica delicia para los amantes del cannabis. Su Blueberry OG combina el sabor y la potencia indica de la Blueberry con la columna vertebral psicoactiva de la famosa OG Kush. Este h\u00edbrido de alta calidad no s\u00f3lo recompensa con un gran subid\u00f3n y un delicioso perfil de sabor: sus rendimientos tambi\u00e9n son de primera.<\/p>\n","protected":false},"featured_media":10495,"comment_status":"open","ping_status":"closed","template":"","meta":{"site-sidebar-layout":"default","site-content-layout":"default","ast-site-content-layout":"default","site-content-style":"default","site-sidebar-style":"default","ast-global-header-display":"","ast-banner-title-visibility":"","ast-main-header-display":"","ast-hfb-above-header-display":"","ast-hfb-below-header-display":"","ast-hfb-mobile-header-display":"","site-post-title":"","ast-breadcrumbs-content":"","ast-featured-img":"","footer-sml-layout":"","ast-disable-related-posts":"","theme-transparent-header-meta":"default","adv-header-id-meta":"","stick-header-meta":"default","header-above-stick-meta":"","header-main-stick-meta":"","header-below-stick-meta":"","astra-migrate-meta-layouts":"default","ast-page-background-enabled":"default","ast-page-background-meta":{"desktop":{"background-color":"","background-image":"","background-repeat":"repeat","background-position":"center center","background-size":"auto","background-attachment":"scroll","background-type":"","background-media":"","overlay-type":"","overlay-color":"","overlay-opacity":"","overlay-gradient":""},"tablet":{"background-color":"","background-image":"","background-repeat":"repeat","background-position":"center center","background-size":"auto","background-attachment":"scroll","background-type":"","background-media":"","overlay-type":"","overlay-color":"","overlay-opacity":"","overlay-gradient":""},"mobile":{"background-color":"","background-image":"","background-repeat":"repeat","background-position":"center center","background-size":"auto","background-attachment":"scroll","background-type":"","background-media":"","overlay-type":"","overlay-color":"","overlay-opacity":"","overlay-gradient":""}},"ast-content-background-meta":{"desktop":{"background-color":"var(--ast-global-color-5)","background-image":"","background-repeat":"repeat","background-position":"center center","background-size":"auto","background-attachment":"scroll","background-type":"","background-media":"","overlay-type":"","overlay-color":"","overlay-opacity":"","overlay-gradient":""},"tablet":{"background-color":"var(--ast-global-color-5)","background-image":"","background-repeat":"repeat","background-position":"center center","background-size":"auto","background-attachment":"scroll","background-type":"","background-media":"","overlay-type":"","overlay-color":"","overlay-opacity":"","overlay-gradient":""},"mobile":{"background-color":"var(--ast-global-color-5)","background-image":"","background-repeat":"repeat","background-position":"center center","background-size":"auto","background-attachment":"scroll","background-type":"","background-media":"","overlay-type":"","overlay-color":"","overlay-opacity":"","overlay-gradient":""}}},"product_brand":[],"product_cat":[279],"product_tag":[],"class_list":{"0":"post-11597","1":"product","2":"type-product","3":"status-publish","4":"has-post-thumbnail","6":"product_cat-semillas-de-marihuana-seedsshop","7":"desktop-align-left","8":"tablet-align-center","9":"mobile-align-left","10":"ast-product-gallery-layout-vertical","11":"ast-product-gallery-with-no-image","12":"ast-magnify-disabled","13":"ast-product-tabs-layout-horizontal","15":"first","16":"instock","17":"taxable","18":"shipping-taxable","19":"purchasable","20":"product-type-simple"},"yoast_head":"<!-- This site is optimized with the Yoast SEO Premium plugin v27.2 (Yoast SEO v27.4) - https:\/\/yoast.com\/product\/yoast-seo-premium-wordpress\/ -->\n<title>AR\u00c1NDANO OG (BARNEY&#039;S FARM) FEMINIZADO (3 semillas\/paquete) - Blumiz - Premium CBD<\/title>\n<meta name=\"description\" content=\"AR\u00c1NDANO OG (BARNEY&#039;S FARM) FEMINIZADO (3 semillas\/paquete) - Blumiz - Premium CBD\" \/>\n<meta name=\"robots\" content=\"index, follow, max-snippet:-1, max-image-preview:large, max-video-preview:-1\" \/>\n<link rel=\"canonical\" href=\"https:\/\/blumiz.com\/es\/producto\/arandano-og-barneys-farm-feminizado-3-semillas-paquete\/\" \/>\n<meta property=\"og:locale\" content=\"es_ES\" \/>\n<meta property=\"og:type\" content=\"article\" \/>\n<meta property=\"og:title\" content=\"AR\u00c1NDANO OG (BARNEY&#039;S FARM) FEMINIZADO (3 semillas\/paquete)\" \/>\n<meta property=\"og:description\" content=\"AR\u00c1NDANO OG (BARNEY&#039;S FARM) FEMINIZADO (3 semillas\/paquete) Blumiz - Premium CBD\" \/>\n<meta property=\"og:url\" content=\"https:\/\/blumiz.com\/es\/producto\/arandano-og-barneys-farm-feminizado-3-semillas-paquete\/\" \/>\n<meta property=\"og:site_name\" content=\"Blumiz - Premium CBD\" \/>\n<meta property=\"article:modified_time\" content=\"2023-06-03T11:47:45+00:00\" \/>\n<meta property=\"og:image\" content=\"https:\/\/blumiz.com\/wp-content\/uploads\/2022\/09\/Barneys-Farm-Blueberry-OG-3-seeds-pack.webp\" \/>\n\t<meta property=\"og:image:width\" content=\"600\" \/>\n\t<meta property=\"og:image:height\" content=\"600\" \/>\n\t<meta property=\"og:image:type\" content=\"image\/webp\" \/>\n<meta name=\"twitter:card\" content=\"summary_large_image\" \/>\n<meta name=\"twitter:label1\" content=\"Precio\" \/>\n\t<meta name=\"twitter:data1\" content=\"25,90&nbsp;&euro;\" \/>\n\t<meta name=\"twitter:label2\" content=\"Disponibilidad\" \/>\n\t<meta name=\"twitter:data2\" content=\"Disponible\" \/>\n<script type=\"application\/ld+json\" class=\"yoast-schema-graph\">{\"@context\":\"https:\\\/\\\/schema.org\",\"@graph\":[{\"@type\":\"WebPage\",\"@id\":\"https:\\\/\\\/blumiz.com\\\/es\\\/producto\\\/arandano-og-barneys-farm-feminizado-3-semillas-paquete\\\/\",\"url\":\"https:\\\/\\\/blumiz.com\\\/es\\\/producto\\\/arandano-og-barneys-farm-feminizado-3-semillas-paquete\\\/\",\"name\":\"AR\u00c1NDANO OG (BARNEY'S FARM) FEMINIZADO (3 semillas\\\/paquete) - Blumiz - Premium CBD\",\"isPartOf\":{\"@id\":\"https:\\\/\\\/blumiz.com\\\/es\\\/#website\"},\"primaryImageOfPage\":{\"@id\":\"https:\\\/\\\/blumiz.com\\\/es\\\/producto\\\/arandano-og-barneys-farm-feminizado-3-semillas-paquete\\\/#primaryimage\"},\"image\":{\"@id\":\"https:\\\/\\\/blumiz.com\\\/es\\\/producto\\\/arandano-og-barneys-farm-feminizado-3-semillas-paquete\\\/#primaryimage\"},\"thumbnailUrl\":\"https:\\\/\\\/blumiz.com\\\/wp-content\\\/uploads\\\/2022\\\/09\\\/Barneys-Farm-Blueberry-OG-3-seeds-pack.webp\",\"datePublished\":\"2022-09-09T11:42:24+00:00\",\"dateModified\":\"2023-06-03T11:47:45+00:00\",\"description\":\"AR\u00c1NDANO OG (BARNEY'S FARM) FEMINIZADO (3 semillas\\\/paquete) - Blumiz - Premium CBD\",\"breadcrumb\":{\"@id\":\"https:\\\/\\\/blumiz.com\\\/es\\\/producto\\\/arandano-og-barneys-farm-feminizado-3-semillas-paquete\\\/#breadcrumb\"},\"inLanguage\":\"es\",\"potentialAction\":[{\"@type\":\"ReadAction\",\"target\":[\"https:\\\/\\\/blumiz.com\\\/es\\\/producto\\\/arandano-og-barneys-farm-feminizado-3-semillas-paquete\\\/\"]}]},{\"@type\":\"ImageObject\",\"inLanguage\":\"es\",\"@id\":\"https:\\\/\\\/blumiz.com\\\/es\\\/producto\\\/arandano-og-barneys-farm-feminizado-3-semillas-paquete\\\/#primaryimage\",\"url\":\"https:\\\/\\\/blumiz.com\\\/wp-content\\\/uploads\\\/2022\\\/09\\\/Barneys-Farm-Blueberry-OG-3-seeds-pack.webp\",\"contentUrl\":\"https:\\\/\\\/blumiz.com\\\/wp-content\\\/uploads\\\/2022\\\/09\\\/Barneys-Farm-Blueberry-OG-3-seeds-pack.webp\",\"width\":600,\"height\":600},{\"@type\":\"BreadcrumbList\",\"@id\":\"https:\\\/\\\/blumiz.com\\\/es\\\/producto\\\/arandano-og-barneys-farm-feminizado-3-semillas-paquete\\\/#breadcrumb\",\"itemListElement\":[{\"@type\":\"ListItem\",\"position\":1,\"name\":\"Blumiz\",\"item\":\"https:\\\/\\\/blumiz.com\\\/es\\\/\"},{\"@type\":\"ListItem\",\"position\":2,\"name\":\"CBD Shop\",\"item\":\"https:\\\/\\\/blumiz.com\\\/es\\\/tienda\\\/\"},{\"@type\":\"ListItem\",\"position\":3,\"name\":\"AR\u00c1NDANO OG (BARNEY&#8217;S FARM) FEMINIZADO (3 semillas\\\/paquete)\"}]},{\"@type\":\"WebSite\",\"@id\":\"https:\\\/\\\/blumiz.com\\\/es\\\/#website\",\"url\":\"https:\\\/\\\/blumiz.com\\\/es\\\/\",\"name\":\"Blumiz - Premium CBD\",\"description\":\"Un CBD al mejor precio y de calidad superior\",\"publisher\":{\"@id\":\"https:\\\/\\\/blumiz.com\\\/es\\\/#organization\"},\"alternateName\":\"Blumiz\",\"potentialAction\":[{\"@type\":\"SearchAction\",\"target\":{\"@type\":\"EntryPoint\",\"urlTemplate\":\"https:\\\/\\\/blumiz.com\\\/es\\\/?s={search_term_string}\"},\"query-input\":{\"@type\":\"PropertyValueSpecification\",\"valueRequired\":true,\"valueName\":\"search_term_string\"}}],\"inLanguage\":\"es\"},{\"@type\":\"Organization\",\"@id\":\"https:\\\/\\\/blumiz.com\\\/es\\\/#organization\",\"name\":\"Blumiz CBD\",\"alternateName\":\"Blumiz\",\"url\":\"https:\\\/\\\/blumiz.com\\\/es\\\/\",\"logo\":{\"@type\":\"ImageObject\",\"inLanguage\":\"es\",\"@id\":\"https:\\\/\\\/blumiz.com\\\/es\\\/#\\\/schema\\\/logo\\\/image\\\/\",\"url\":\"https:\\\/\\\/blumiz.com\\\/wp-content\\\/uploads\\\/2026\\\/02\\\/cropped-Blumiz-CBD-logo.webp\",\"contentUrl\":\"https:\\\/\\\/blumiz.com\\\/wp-content\\\/uploads\\\/2026\\\/02\\\/cropped-Blumiz-CBD-logo.webp\",\"width\":2547,\"height\":778,\"caption\":\"Blumiz CBD\"},\"image\":{\"@id\":\"https:\\\/\\\/blumiz.com\\\/es\\\/#\\\/schema\\\/logo\\\/image\\\/\"}}]}<\/script>\n<meta property=\"product:price:amount\" content=\"25.90\" \/>\n<meta property=\"product:price:currency\" content=\"EUR\" \/>\n<meta property=\"og:availability\" content=\"instock\" \/>\n<meta property=\"product:availability\" content=\"instock\" \/>\n<meta property=\"product:retailer_item_id\" content=\"53222\" \/>\n<meta property=\"product:condition\" content=\"new\" \/>\n<!-- \/ Yoast SEO Premium plugin. -->","yoast_head_json":{"title":"AR\u00c1NDANO OG (BARNEY'S FARM) FEMINIZADO (3 semillas\/paquete) - Blumiz - Premium CBD","description":"AR\u00c1NDANO OG (BARNEY'S FARM) FEMINIZADO (3 semillas\/paquete) - Blumiz - Premium CBD","robots":{"index":"index","follow":"follow","max-snippet":"max-snippet:-1","max-image-preview":"max-image-preview:large","max-video-preview":"max-video-preview:-1"},"canonical":"https:\/\/blumiz.com\/es\/producto\/arandano-og-barneys-farm-feminizado-3-semillas-paquete\/","og_locale":"es_ES","og_type":"article","og_title":"AR\u00c1NDANO OG (BARNEY'S FARM) FEMINIZADO (3 semillas\/paquete)","og_description":"AR\u00c1NDANO OG (BARNEY'S FARM) FEMINIZADO (3 semillas\/paquete) Blumiz - Premium CBD","og_url":"https:\/\/blumiz.com\/es\/producto\/arandano-og-barneys-farm-feminizado-3-semillas-paquete\/","og_site_name":"Blumiz - Premium CBD","article_modified_time":"2023-06-03T11:47:45+00:00","og_image":[{"width":600,"height":600,"url":"https:\/\/blumiz.com\/wp-content\/uploads\/2022\/09\/Barneys-Farm-Blueberry-OG-3-seeds-pack.webp","type":"image\/webp"}],"twitter_card":"summary_large_image","twitter_misc":{"Precio":"25,90&nbsp;&euro;","Disponibilidad":"Disponible"},"schema":{"@context":"https:\/\/schema.org","@graph":[{"@type":"WebPage","@id":"https:\/\/blumiz.com\/es\/producto\/arandano-og-barneys-farm-feminizado-3-semillas-paquete\/","url":"https:\/\/blumiz.com\/es\/producto\/arandano-og-barneys-farm-feminizado-3-semillas-paquete\/","name":"AR\u00c1NDANO OG (BARNEY'S FARM) FEMINIZADO (3 semillas\/paquete) - Blumiz - Premium CBD","isPartOf":{"@id":"https:\/\/blumiz.com\/es\/#website"},"primaryImageOfPage":{"@id":"https:\/\/blumiz.com\/es\/producto\/arandano-og-barneys-farm-feminizado-3-semillas-paquete\/#primaryimage"},"image":{"@id":"https:\/\/blumiz.com\/es\/producto\/arandano-og-barneys-farm-feminizado-3-semillas-paquete\/#primaryimage"},"thumbnailUrl":"https:\/\/blumiz.com\/wp-content\/uploads\/2022\/09\/Barneys-Farm-Blueberry-OG-3-seeds-pack.webp","datePublished":"2022-09-09T11:42:24+00:00","dateModified":"2023-06-03T11:47:45+00:00","description":"AR\u00c1NDANO OG (BARNEY'S FARM) FEMINIZADO (3 semillas\/paquete) - Blumiz - Premium CBD","breadcrumb":{"@id":"https:\/\/blumiz.com\/es\/producto\/arandano-og-barneys-farm-feminizado-3-semillas-paquete\/#breadcrumb"},"inLanguage":"es","potentialAction":[{"@type":"ReadAction","target":["https:\/\/blumiz.com\/es\/producto\/arandano-og-barneys-farm-feminizado-3-semillas-paquete\/"]}]},{"@type":"ImageObject","inLanguage":"es","@id":"https:\/\/blumiz.com\/es\/producto\/arandano-og-barneys-farm-feminizado-3-semillas-paquete\/#primaryimage","url":"https:\/\/blumiz.com\/wp-content\/uploads\/2022\/09\/Barneys-Farm-Blueberry-OG-3-seeds-pack.webp","contentUrl":"https:\/\/blumiz.com\/wp-content\/uploads\/2022\/09\/Barneys-Farm-Blueberry-OG-3-seeds-pack.webp","width":600,"height":600},{"@type":"BreadcrumbList","@id":"https:\/\/blumiz.com\/es\/producto\/arandano-og-barneys-farm-feminizado-3-semillas-paquete\/#breadcrumb","itemListElement":[{"@type":"ListItem","position":1,"name":"Blumiz","item":"https:\/\/blumiz.com\/es\/"},{"@type":"ListItem","position":2,"name":"CBD Shop","item":"https:\/\/blumiz.com\/es\/tienda\/"},{"@type":"ListItem","position":3,"name":"AR\u00c1NDANO OG (BARNEY&#8217;S FARM) FEMINIZADO (3 semillas\/paquete)"}]},{"@type":"WebSite","@id":"https:\/\/blumiz.com\/es\/#website","url":"https:\/\/blumiz.com\/es\/","name":"Blumiz - Premium CBD","description":"Un CBD al mejor precio y de calidad superior","publisher":{"@id":"https:\/\/blumiz.com\/es\/#organization"},"alternateName":"Blumiz","potentialAction":[{"@type":"SearchAction","target":{"@type":"EntryPoint","urlTemplate":"https:\/\/blumiz.com\/es\/?s={search_term_string}"},"query-input":{"@type":"PropertyValueSpecification","valueRequired":true,"valueName":"search_term_string"}}],"inLanguage":"es"},{"@type":"Organization","@id":"https:\/\/blumiz.com\/es\/#organization","name":"Blumiz CBD","alternateName":"Blumiz","url":"https:\/\/blumiz.com\/es\/","logo":{"@type":"ImageObject","inLanguage":"es","@id":"https:\/\/blumiz.com\/es\/#\/schema\/logo\/image\/","url":"https:\/\/blumiz.com\/wp-content\/uploads\/2026\/02\/cropped-Blumiz-CBD-logo.webp","contentUrl":"https:\/\/blumiz.com\/wp-content\/uploads\/2026\/02\/cropped-Blumiz-CBD-logo.webp","width":2547,"height":778,"caption":"Blumiz CBD"},"image":{"@id":"https:\/\/blumiz.com\/es\/#\/schema\/logo\/image\/"}}]},"product_price_amount":"25.90","product_price_currency":"EUR","og_availability":"instock","product_availability":"instock","product_retailer_item_id":"53222","product_condition":"new"},"_links":{"self":[{"href":"https:\/\/blumiz.com\/es\/wp-json\/wp\/v2\/product\/11597","targetHints":{"allow":["GET"]}}],"collection":[{"href":"https:\/\/blumiz.com\/es\/wp-json\/wp\/v2\/product"}],"about":[{"href":"https:\/\/blumiz.com\/es\/wp-json\/wp\/v2\/types\/product"}],"replies":[{"embeddable":true,"href":"https:\/\/blumiz.com\/es\/wp-json\/wp\/v2\/comments?post=11597"}],"version-history":[{"count":0,"href":"https:\/\/blumiz.com\/es\/wp-json\/wp\/v2\/product\/11597\/revisions"}],"wp:featuredmedia":[{"embeddable":true,"href":"https:\/\/blumiz.com\/es\/wp-json\/wp\/v2\/media\/10495"}],"wp:attachment":[{"href":"https:\/\/blumiz.com\/es\/wp-json\/wp\/v2\/media?parent=11597"}],"wp:term":[{"taxonomy":"product_brand","embeddable":true,"href":"https:\/\/blumiz.com\/es\/wp-json\/wp\/v2\/product_brand?post=11597"},{"taxonomy":"product_cat","embeddable":true,"href":"https:\/\/blumiz.com\/es\/wp-json\/wp\/v2\/product_cat?post=11597"},{"taxonomy":"product_tag","embeddable":true,"href":"https:\/\/blumiz.com\/es\/wp-json\/wp\/v2\/product_tag?post=11597"}],"curies":[{"name":"wp","href":"https:\/\/api.w.org\/{rel}","templated":true}]}}