{"id":11607,"date":"2022-09-09T12:59:35","date_gmt":"2022-09-09T11:59:35","guid":{"rendered":"https:\/\/blumiz.com\/produkt\/white-widow-automatic-royal-queen-seeds-feminised-3-semillas-paquete\/"},"modified":"2023-06-03T12:47:46","modified_gmt":"2023-06-03T11:47:46","slug":"white-widow-automatic-royal-queen-seeds-feminised-3-semillas-paquete","status":"publish","type":"product","link":"https:\/\/blumiz.com\/es\/producto\/white-widow-automatic-royal-queen-seeds-feminised-3-semillas-paquete\/","title":{"rendered":"WHITE WIDOW AUTOMATIC (ROYAL QUEEN SEEDS) FEMINISED (3 semillas\/paquete)"},"content":{"rendered":"<h2>ROYAL QUEEN SEEDS &#8211; WHITE WIDOW AUTOMATIC: VARIEDAD AUTOMATIZADA ABSOLUTAMENTE CL\u00c1SICA<\/h2>\n<p>White Widow Automatic (feminizada) de Royal Queen Seeds es b\u00e1sicamente una versi\u00f3n rejuvenecida de la infame White Widow, miembro fundador de la familia White y una variedad holandesa absolutamente cl\u00e1sica. La uni\u00f3n de Critical Auto y White Widow dio como resultado una variedad que te dejar\u00e1 con la boca abierta.<\/p>\n<p>White Widow Automatic de Royal Queen Seeds es un h\u00edbrido con un equilibrio de genes sativa e indica, redondeado con una buena proporci\u00f3n de ruderalis (en n\u00fameros: 40% sativa, 40% indica, 20% ruderalis). Las plantas criadas a partir de estas semillas est\u00e1n listas para la cosecha a las 10-12 semanas de la siembra y alcanzan una altura de 50-110 cm.<\/p>\n<p>White Widow Automatic de Royal Queen Seeds es una planta de muy buen rendimiento, produciendo una media de 50-160 gramos de la mejor marihuana por planta. La hierba fumada tiene un aroma y sabor agridulce y alimonado similar al de la White Widow, pero no tan intenso. El efecto que causa es un adormecimiento del cuerpo y un subid\u00f3n muy relajante. Su efecto analg\u00e9sico y su alt\u00edsimo contenido en cannabinoides hacen que esta variedad sea muy adecuada para fines medicinales.<\/p>\n<table id=\"idTab2\" class=\"features-table\">\n<caption class=\"h3\">WHITE WIDOW AUTOMATIC (ROYAL QUEEN SEEDS) FEMINIZADA FICHA T\u00c9CNICA<\/caption>\n<tbody>\n<tr>\n<th>Marca<\/th>\n<td>Semillas Royal Queen<\/td>\n<\/tr>\n<tr>\n<th>Gen\u00e9tica<\/th>\n<td>Ruderalis\/Indica\/Sativa<\/td>\n<\/tr>\n<tr>\n<th>Padres<\/th>\n<td>Critical auto x White Widow<\/td>\n<\/tr>\n<tr>\n<th>Floraci\u00f3n<\/th>\n<td>8-9 semanas desde la semilla hasta la cosecha<\/td>\n<\/tr>\n<tr>\n<th>THC<\/th>\n<td>17%<\/td>\n<\/tr>\n<tr>\n<th>CBD<\/th>\n<td>Medio<\/td>\n<\/tr>\n<tr>\n<th>Rendimiento cultivo interior<\/th>\n<td>400-450 gr\/m\u00b2<\/td>\n<\/tr>\n<tr>\n<th>Rendimiento cultivo exterior<\/th>\n<td>200-250 gr\/planta<\/td>\n<\/tr>\n<tr>\n<th>Altura interior<\/th>\n<td>80 cm<\/td>\n<\/tr>\n<tr>\n<th>Altura exterior<\/th>\n<td>110 cm<\/td>\n<\/tr>\n<tr>\n<th>Disponible como<\/th>\n<td>Semillas feminizadas<\/td>\n<\/tr>\n<tr>\n<th>Tipo de flor<\/th>\n<td>Autofloreciente<\/td>\n<\/tr>\n<tr>\n<th>G\u00e9nero<\/th>\n<td>Feminizada<\/td>\n<\/tr>\n<\/tbody>\n<\/table>\n","protected":false},"excerpt":{"rendered":"<p>White Widow Automatic de Royal Queen Seeds es b\u00e1sicamente una cepa cl\u00e1sica holandesa despu\u00e9s de un cambio de imagen &#8211; la infame White Widow fue cruzada con Critical Auto y el miembro fundador de la familia White renaci\u00f3 &#8211; feminizada y autofloreciente. Esta es la delicia humeante para una tarde perezosa: \u00a1te clavar\u00e1 el culo al sof\u00e1! Advertencia sobre cannabinoides: extrema.<\/p>\n","protected":false},"featured_media":10514,"comment_status":"open","ping_status":"closed","template":"","meta":{"site-sidebar-layout":"default","site-content-layout":"default","ast-site-content-layout":"default","site-content-style":"default","site-sidebar-style":"default","ast-global-header-display":"","ast-banner-title-visibility":"","ast-main-header-display":"","ast-hfb-above-header-display":"","ast-hfb-below-header-display":"","ast-hfb-mobile-header-display":"","site-post-title":"","ast-breadcrumbs-content":"","ast-featured-img":"","footer-sml-layout":"","ast-disable-related-posts":"","theme-transparent-header-meta":"default","adv-header-id-meta":"","stick-header-meta":"default","header-above-stick-meta":"","header-main-stick-meta":"","header-below-stick-meta":"","astra-migrate-meta-layouts":"default","ast-page-background-enabled":"default","ast-page-background-meta":{"desktop":{"background-color":"","background-image":"","background-repeat":"repeat","background-position":"center center","background-size":"auto","background-attachment":"scroll","background-type":"","background-media":"","overlay-type":"","overlay-color":"","overlay-opacity":"","overlay-gradient":""},"tablet":{"background-color":"","background-image":"","background-repeat":"repeat","background-position":"center center","background-size":"auto","background-attachment":"scroll","background-type":"","background-media":"","overlay-type":"","overlay-color":"","overlay-opacity":"","overlay-gradient":""},"mobile":{"background-color":"","background-image":"","background-repeat":"repeat","background-position":"center center","background-size":"auto","background-attachment":"scroll","background-type":"","background-media":"","overlay-type":"","overlay-color":"","overlay-opacity":"","overlay-gradient":""}},"ast-content-background-meta":{"desktop":{"background-color":"var(--ast-global-color-5)","background-image":"","background-repeat":"repeat","background-position":"center center","background-size":"auto","background-attachment":"scroll","background-type":"","background-media":"","overlay-type":"","overlay-color":"","overlay-opacity":"","overlay-gradient":""},"tablet":{"background-color":"var(--ast-global-color-5)","background-image":"","background-repeat":"repeat","background-position":"center center","background-size":"auto","background-attachment":"scroll","background-type":"","background-media":"","overlay-type":"","overlay-color":"","overlay-opacity":"","overlay-gradient":""},"mobile":{"background-color":"var(--ast-global-color-5)","background-image":"","background-repeat":"repeat","background-position":"center center","background-size":"auto","background-attachment":"scroll","background-type":"","background-media":"","overlay-type":"","overlay-color":"","overlay-opacity":"","overlay-gradient":""}}},"product_brand":[],"product_cat":[279],"product_tag":[],"class_list":{"0":"post-11607","1":"product","2":"type-product","3":"status-publish","4":"has-post-thumbnail","6":"product_cat-semillas-de-marihuana-seedsshop","7":"desktop-align-left","8":"tablet-align-center","9":"mobile-align-left","10":"ast-product-gallery-layout-vertical","11":"ast-product-gallery-with-no-image","12":"ast-magnify-disabled","13":"ast-product-tabs-layout-horizontal","15":"first","16":"instock","17":"taxable","18":"shipping-taxable","19":"purchasable","20":"product-type-simple"},"yoast_head":"<!-- This site is optimized with the Yoast SEO Premium plugin v27.2 (Yoast SEO v27.4) - https:\/\/yoast.com\/product\/yoast-seo-premium-wordpress\/ -->\n<title>WHITE WIDOW AUTOMATIC (ROYAL QUEEN SEEDS) FEMINISED (3 semillas\/paquete) - Blumiz - Premium CBD<\/title>\n<meta name=\"description\" content=\"WHITE WIDOW AUTOMATIC (ROYAL QUEEN SEEDS) FEMINISED (3 semillas\/paquete) - Blumiz - Premium CBD\" \/>\n<meta name=\"robots\" content=\"index, follow, max-snippet:-1, max-image-preview:large, max-video-preview:-1\" \/>\n<link rel=\"canonical\" href=\"https:\/\/blumiz.com\/es\/producto\/white-widow-automatic-royal-queen-seeds-feminised-3-semillas-paquete\/\" \/>\n<meta property=\"og:locale\" content=\"es_ES\" \/>\n<meta property=\"og:type\" content=\"article\" \/>\n<meta property=\"og:title\" content=\"WHITE WIDOW AUTOMATIC (ROYAL QUEEN SEEDS) FEMINISED (3 semillas\/paquete)\" \/>\n<meta property=\"og:description\" content=\"WHITE WIDOW AUTOMATIC (ROYAL QUEEN SEEDS) FEMINISED (3 semillas\/paquete) Blumiz - Premium CBD\" \/>\n<meta property=\"og:url\" content=\"https:\/\/blumiz.com\/es\/producto\/white-widow-automatic-royal-queen-seeds-feminised-3-semillas-paquete\/\" \/>\n<meta property=\"og:site_name\" content=\"Blumiz - Premium CBD\" \/>\n<meta property=\"article:modified_time\" content=\"2023-06-03T11:47:46+00:00\" \/>\n<meta property=\"og:image\" content=\"https:\/\/blumiz.com\/wp-content\/uploads\/2022\/09\/Royal-Queen-Seeds-White-Widow-Auto-autoflowering-cannabis-seeds-3-seeds-pack.webp\" \/>\n\t<meta property=\"og:image:width\" content=\"600\" \/>\n\t<meta property=\"og:image:height\" content=\"600\" \/>\n\t<meta property=\"og:image:type\" content=\"image\/webp\" \/>\n<meta name=\"twitter:card\" content=\"summary_large_image\" \/>\n<meta name=\"twitter:label1\" content=\"Precio\" \/>\n\t<meta name=\"twitter:data1\" content=\"23,00&nbsp;&euro;\" \/>\n\t<meta name=\"twitter:label2\" content=\"Disponibilidad\" \/>\n\t<meta name=\"twitter:data2\" content=\"Disponible\" \/>\n<script type=\"application\/ld+json\" class=\"yoast-schema-graph\">{\"@context\":\"https:\\\/\\\/schema.org\",\"@graph\":[{\"@type\":\"WebPage\",\"@id\":\"https:\\\/\\\/blumiz.com\\\/es\\\/producto\\\/white-widow-automatic-royal-queen-seeds-feminised-3-semillas-paquete\\\/\",\"url\":\"https:\\\/\\\/blumiz.com\\\/es\\\/producto\\\/white-widow-automatic-royal-queen-seeds-feminised-3-semillas-paquete\\\/\",\"name\":\"WHITE WIDOW AUTOMATIC (ROYAL QUEEN SEEDS) FEMINISED (3 semillas\\\/paquete) - Blumiz - Premium CBD\",\"isPartOf\":{\"@id\":\"https:\\\/\\\/blumiz.com\\\/es\\\/#website\"},\"primaryImageOfPage\":{\"@id\":\"https:\\\/\\\/blumiz.com\\\/es\\\/producto\\\/white-widow-automatic-royal-queen-seeds-feminised-3-semillas-paquete\\\/#primaryimage\"},\"image\":{\"@id\":\"https:\\\/\\\/blumiz.com\\\/es\\\/producto\\\/white-widow-automatic-royal-queen-seeds-feminised-3-semillas-paquete\\\/#primaryimage\"},\"thumbnailUrl\":\"https:\\\/\\\/blumiz.com\\\/wp-content\\\/uploads\\\/2022\\\/09\\\/Royal-Queen-Seeds-White-Widow-Auto-autoflowering-cannabis-seeds-3-seeds-pack.webp\",\"datePublished\":\"2022-09-09T11:59:35+00:00\",\"dateModified\":\"2023-06-03T11:47:46+00:00\",\"description\":\"WHITE WIDOW AUTOMATIC (ROYAL QUEEN SEEDS) FEMINISED (3 semillas\\\/paquete) - Blumiz - Premium CBD\",\"breadcrumb\":{\"@id\":\"https:\\\/\\\/blumiz.com\\\/es\\\/producto\\\/white-widow-automatic-royal-queen-seeds-feminised-3-semillas-paquete\\\/#breadcrumb\"},\"inLanguage\":\"es\",\"potentialAction\":[{\"@type\":\"ReadAction\",\"target\":[\"https:\\\/\\\/blumiz.com\\\/es\\\/producto\\\/white-widow-automatic-royal-queen-seeds-feminised-3-semillas-paquete\\\/\"]}]},{\"@type\":\"ImageObject\",\"inLanguage\":\"es\",\"@id\":\"https:\\\/\\\/blumiz.com\\\/es\\\/producto\\\/white-widow-automatic-royal-queen-seeds-feminised-3-semillas-paquete\\\/#primaryimage\",\"url\":\"https:\\\/\\\/blumiz.com\\\/wp-content\\\/uploads\\\/2022\\\/09\\\/Royal-Queen-Seeds-White-Widow-Auto-autoflowering-cannabis-seeds-3-seeds-pack.webp\",\"contentUrl\":\"https:\\\/\\\/blumiz.com\\\/wp-content\\\/uploads\\\/2022\\\/09\\\/Royal-Queen-Seeds-White-Widow-Auto-autoflowering-cannabis-seeds-3-seeds-pack.webp\",\"width\":600,\"height\":600},{\"@type\":\"BreadcrumbList\",\"@id\":\"https:\\\/\\\/blumiz.com\\\/es\\\/producto\\\/white-widow-automatic-royal-queen-seeds-feminised-3-semillas-paquete\\\/#breadcrumb\",\"itemListElement\":[{\"@type\":\"ListItem\",\"position\":1,\"name\":\"Blumiz\",\"item\":\"https:\\\/\\\/blumiz.com\\\/es\\\/\"},{\"@type\":\"ListItem\",\"position\":2,\"name\":\"CBD Shop\",\"item\":\"https:\\\/\\\/blumiz.com\\\/es\\\/tienda\\\/\"},{\"@type\":\"ListItem\",\"position\":3,\"name\":\"WHITE WIDOW AUTOMATIC (ROYAL QUEEN SEEDS) FEMINISED (3 semillas\\\/paquete)\"}]},{\"@type\":\"WebSite\",\"@id\":\"https:\\\/\\\/blumiz.com\\\/es\\\/#website\",\"url\":\"https:\\\/\\\/blumiz.com\\\/es\\\/\",\"name\":\"Blumiz - Premium CBD\",\"description\":\"Un CBD al mejor precio y de calidad superior\",\"publisher\":{\"@id\":\"https:\\\/\\\/blumiz.com\\\/es\\\/#organization\"},\"alternateName\":\"Blumiz\",\"potentialAction\":[{\"@type\":\"SearchAction\",\"target\":{\"@type\":\"EntryPoint\",\"urlTemplate\":\"https:\\\/\\\/blumiz.com\\\/es\\\/?s={search_term_string}\"},\"query-input\":{\"@type\":\"PropertyValueSpecification\",\"valueRequired\":true,\"valueName\":\"search_term_string\"}}],\"inLanguage\":\"es\"},{\"@type\":\"Organization\",\"@id\":\"https:\\\/\\\/blumiz.com\\\/es\\\/#organization\",\"name\":\"Blumiz CBD\",\"alternateName\":\"Blumiz\",\"url\":\"https:\\\/\\\/blumiz.com\\\/es\\\/\",\"logo\":{\"@type\":\"ImageObject\",\"inLanguage\":\"es\",\"@id\":\"https:\\\/\\\/blumiz.com\\\/es\\\/#\\\/schema\\\/logo\\\/image\\\/\",\"url\":\"https:\\\/\\\/blumiz.com\\\/wp-content\\\/uploads\\\/2026\\\/02\\\/cropped-Blumiz-CBD-logo.webp\",\"contentUrl\":\"https:\\\/\\\/blumiz.com\\\/wp-content\\\/uploads\\\/2026\\\/02\\\/cropped-Blumiz-CBD-logo.webp\",\"width\":2547,\"height\":778,\"caption\":\"Blumiz CBD\"},\"image\":{\"@id\":\"https:\\\/\\\/blumiz.com\\\/es\\\/#\\\/schema\\\/logo\\\/image\\\/\"}}]}<\/script>\n<meta property=\"product:price:amount\" content=\"23.00\" \/>\n<meta property=\"product:price:currency\" content=\"EUR\" \/>\n<meta property=\"og:availability\" content=\"instock\" \/>\n<meta property=\"product:availability\" content=\"instock\" \/>\n<meta property=\"product:retailer_item_id\" content=\"1252\" \/>\n<meta property=\"product:condition\" content=\"new\" \/>\n<!-- \/ Yoast SEO Premium plugin. -->","yoast_head_json":{"title":"WHITE WIDOW AUTOMATIC (ROYAL QUEEN SEEDS) FEMINISED (3 semillas\/paquete) - Blumiz - Premium CBD","description":"WHITE WIDOW AUTOMATIC (ROYAL QUEEN SEEDS) FEMINISED (3 semillas\/paquete) - Blumiz - Premium CBD","robots":{"index":"index","follow":"follow","max-snippet":"max-snippet:-1","max-image-preview":"max-image-preview:large","max-video-preview":"max-video-preview:-1"},"canonical":"https:\/\/blumiz.com\/es\/producto\/white-widow-automatic-royal-queen-seeds-feminised-3-semillas-paquete\/","og_locale":"es_ES","og_type":"article","og_title":"WHITE WIDOW AUTOMATIC (ROYAL QUEEN SEEDS) FEMINISED (3 semillas\/paquete)","og_description":"WHITE WIDOW AUTOMATIC (ROYAL QUEEN SEEDS) FEMINISED (3 semillas\/paquete) Blumiz - Premium CBD","og_url":"https:\/\/blumiz.com\/es\/producto\/white-widow-automatic-royal-queen-seeds-feminised-3-semillas-paquete\/","og_site_name":"Blumiz - Premium CBD","article_modified_time":"2023-06-03T11:47:46+00:00","og_image":[{"width":600,"height":600,"url":"https:\/\/blumiz.com\/wp-content\/uploads\/2022\/09\/Royal-Queen-Seeds-White-Widow-Auto-autoflowering-cannabis-seeds-3-seeds-pack.webp","type":"image\/webp"}],"twitter_card":"summary_large_image","twitter_misc":{"Precio":"23,00&nbsp;&euro;","Disponibilidad":"Disponible"},"schema":{"@context":"https:\/\/schema.org","@graph":[{"@type":"WebPage","@id":"https:\/\/blumiz.com\/es\/producto\/white-widow-automatic-royal-queen-seeds-feminised-3-semillas-paquete\/","url":"https:\/\/blumiz.com\/es\/producto\/white-widow-automatic-royal-queen-seeds-feminised-3-semillas-paquete\/","name":"WHITE WIDOW AUTOMATIC (ROYAL QUEEN SEEDS) FEMINISED (3 semillas\/paquete) - Blumiz - Premium CBD","isPartOf":{"@id":"https:\/\/blumiz.com\/es\/#website"},"primaryImageOfPage":{"@id":"https:\/\/blumiz.com\/es\/producto\/white-widow-automatic-royal-queen-seeds-feminised-3-semillas-paquete\/#primaryimage"},"image":{"@id":"https:\/\/blumiz.com\/es\/producto\/white-widow-automatic-royal-queen-seeds-feminised-3-semillas-paquete\/#primaryimage"},"thumbnailUrl":"https:\/\/blumiz.com\/wp-content\/uploads\/2022\/09\/Royal-Queen-Seeds-White-Widow-Auto-autoflowering-cannabis-seeds-3-seeds-pack.webp","datePublished":"2022-09-09T11:59:35+00:00","dateModified":"2023-06-03T11:47:46+00:00","description":"WHITE WIDOW AUTOMATIC (ROYAL QUEEN SEEDS) FEMINISED (3 semillas\/paquete) - Blumiz - Premium CBD","breadcrumb":{"@id":"https:\/\/blumiz.com\/es\/producto\/white-widow-automatic-royal-queen-seeds-feminised-3-semillas-paquete\/#breadcrumb"},"inLanguage":"es","potentialAction":[{"@type":"ReadAction","target":["https:\/\/blumiz.com\/es\/producto\/white-widow-automatic-royal-queen-seeds-feminised-3-semillas-paquete\/"]}]},{"@type":"ImageObject","inLanguage":"es","@id":"https:\/\/blumiz.com\/es\/producto\/white-widow-automatic-royal-queen-seeds-feminised-3-semillas-paquete\/#primaryimage","url":"https:\/\/blumiz.com\/wp-content\/uploads\/2022\/09\/Royal-Queen-Seeds-White-Widow-Auto-autoflowering-cannabis-seeds-3-seeds-pack.webp","contentUrl":"https:\/\/blumiz.com\/wp-content\/uploads\/2022\/09\/Royal-Queen-Seeds-White-Widow-Auto-autoflowering-cannabis-seeds-3-seeds-pack.webp","width":600,"height":600},{"@type":"BreadcrumbList","@id":"https:\/\/blumiz.com\/es\/producto\/white-widow-automatic-royal-queen-seeds-feminised-3-semillas-paquete\/#breadcrumb","itemListElement":[{"@type":"ListItem","position":1,"name":"Blumiz","item":"https:\/\/blumiz.com\/es\/"},{"@type":"ListItem","position":2,"name":"CBD Shop","item":"https:\/\/blumiz.com\/es\/tienda\/"},{"@type":"ListItem","position":3,"name":"WHITE WIDOW AUTOMATIC (ROYAL QUEEN SEEDS) FEMINISED (3 semillas\/paquete)"}]},{"@type":"WebSite","@id":"https:\/\/blumiz.com\/es\/#website","url":"https:\/\/blumiz.com\/es\/","name":"Blumiz - Premium CBD","description":"Un CBD al mejor precio y de calidad superior","publisher":{"@id":"https:\/\/blumiz.com\/es\/#organization"},"alternateName":"Blumiz","potentialAction":[{"@type":"SearchAction","target":{"@type":"EntryPoint","urlTemplate":"https:\/\/blumiz.com\/es\/?s={search_term_string}"},"query-input":{"@type":"PropertyValueSpecification","valueRequired":true,"valueName":"search_term_string"}}],"inLanguage":"es"},{"@type":"Organization","@id":"https:\/\/blumiz.com\/es\/#organization","name":"Blumiz CBD","alternateName":"Blumiz","url":"https:\/\/blumiz.com\/es\/","logo":{"@type":"ImageObject","inLanguage":"es","@id":"https:\/\/blumiz.com\/es\/#\/schema\/logo\/image\/","url":"https:\/\/blumiz.com\/wp-content\/uploads\/2026\/02\/cropped-Blumiz-CBD-logo.webp","contentUrl":"https:\/\/blumiz.com\/wp-content\/uploads\/2026\/02\/cropped-Blumiz-CBD-logo.webp","width":2547,"height":778,"caption":"Blumiz CBD"},"image":{"@id":"https:\/\/blumiz.com\/es\/#\/schema\/logo\/image\/"}}]},"product_price_amount":"23.00","product_price_currency":"EUR","og_availability":"instock","product_availability":"instock","product_retailer_item_id":"1252","product_condition":"new"},"_links":{"self":[{"href":"https:\/\/blumiz.com\/es\/wp-json\/wp\/v2\/product\/11607","targetHints":{"allow":["GET"]}}],"collection":[{"href":"https:\/\/blumiz.com\/es\/wp-json\/wp\/v2\/product"}],"about":[{"href":"https:\/\/blumiz.com\/es\/wp-json\/wp\/v2\/types\/product"}],"replies":[{"embeddable":true,"href":"https:\/\/blumiz.com\/es\/wp-json\/wp\/v2\/comments?post=11607"}],"version-history":[{"count":0,"href":"https:\/\/blumiz.com\/es\/wp-json\/wp\/v2\/product\/11607\/revisions"}],"wp:featuredmedia":[{"embeddable":true,"href":"https:\/\/blumiz.com\/es\/wp-json\/wp\/v2\/media\/10514"}],"wp:attachment":[{"href":"https:\/\/blumiz.com\/es\/wp-json\/wp\/v2\/media?parent=11607"}],"wp:term":[{"taxonomy":"product_brand","embeddable":true,"href":"https:\/\/blumiz.com\/es\/wp-json\/wp\/v2\/product_brand?post=11607"},{"taxonomy":"product_cat","embeddable":true,"href":"https:\/\/blumiz.com\/es\/wp-json\/wp\/v2\/product_cat?post=11607"},{"taxonomy":"product_tag","embeddable":true,"href":"https:\/\/blumiz.com\/es\/wp-json\/wp\/v2\/product_tag?post=11607"}],"curies":[{"name":"wp","href":"https:\/\/api.w.org\/{rel}","templated":true}]}}