{"id":11609,"date":"2022-09-09T12:47:12","date_gmt":"2022-09-09T11:47:12","guid":{"rendered":"https:\/\/blumiz.com\/produkt\/laughing-buddha-barneys-farm-feminizada-3-semillas-paquete\/"},"modified":"2023-06-03T12:47:46","modified_gmt":"2023-06-03T11:47:46","slug":"laughing-buddha-barneys-farm-feminizada-3-semillas-paquete","status":"publish","type":"product","link":"https:\/\/blumiz.com\/es\/producto\/laughing-buddha-barneys-farm-feminizada-3-semillas-paquete\/","title":{"rendered":"LAUGHING BUDDHA (BARNEY&#8217;S FARM) FEMINIZADA (3 semillas\/paquete)"},"content":{"rendered":"<h2>BARNEY&#8217;S FARM &#8211; LAUGHING BUDDHA: SATIVA EX\u00d3TICA CON GENES JAMAICANOS Y TAILANDESES<\/h2>\n<p>La planta crece recta y alta, y desarrolla cogollos largos y gruesos, densamente cubiertos de tricomas resinosos. Se estira durante la floraci\u00f3n, que tarda un poco m\u00e1s (de 11 a 12 semanas), pero no te desanimes, ya que el rendimiento es muy generoso (600 g\/m\u00b2 en interior). Los cogollos abundantes son casi blancos con cristales de THC y la marihuana contiene un 18% de esta sustancia. Es posible que desee reservar espacio extra para esta planta palaciega, ya que puede crecer hasta 130 cm de altura e incluso alcanzar los 2,5 m cuando se cultiva en el exterior. Algunos cultivadores prefieren podar o doblar y atar la planta, pero nadie lamenta nunca el esfuerzo.<\/p>\n<p>Disfrutar\u00e1s de una fumada jugosa y placentera para los sentidos, con sabores a frutas dulces y ex\u00f3ticas que har\u00e1n que te enamores de Laughing Buddha.<\/p>\n<p>Premios Cannabis Cup:<\/p>\n<p>La Laughing Buddha feminizada de Barney&#8217;s Farm obtuvo el tercer puesto en la Cannabis Cup de Amsterdam en 2003 y se convirti\u00f3 sin duda en una de las favoritas del club de fumadores de marihuana.<\/p>\n<table id=\"idTab2\" class=\"features-table\">\n<caption class=\"h3\">LAUGHING BUDDHA (BARNEY&#8217;S FARM) FEMINIZADA FICHA T\u00c9CNICA<\/caption>\n<tbody>\n<tr>\n<th>Marca<\/th>\n<td>Granja de Barney<\/td>\n<\/tr>\n<tr>\n<th>Gen\u00e9tica<\/th>\n<td>30% Indica \/ 70% Sativa<\/td>\n<\/tr>\n<tr>\n<th>Padres<\/th>\n<td>Tailand\u00e9s x jamaicano<\/td>\n<\/tr>\n<tr>\n<th>Floraci\u00f3n<\/th>\n<td>11-12 semanas<\/td>\n<\/tr>\n<tr>\n<th>THC<\/th>\n<td>18%<\/td>\n<\/tr>\n<tr>\n<th>CBD<\/th>\n<td>0-1%<\/td>\n<\/tr>\n<tr>\n<th>CBD:THC<\/th>\n<td>1 : 45<\/td>\n<\/tr>\n<tr>\n<th>Rendimiento cultivo interior<\/th>\n<td>550-600 gr\/m\u00b2<\/td>\n<\/tr>\n<tr>\n<th>Altura interior<\/th>\n<td>100 cm<\/td>\n<\/tr>\n<tr>\n<th>Disponible como<\/th>\n<td>Semillas feminizadas<\/td>\n<\/tr>\n<tr>\n<th>Premios<\/th>\n<td>Copa del Cannabis (High Times)<\/td>\n<\/tr>\n<tr>\n<th>Tipo de flor<\/th>\n<td>Fotoperi\u00f3dico<\/td>\n<\/tr>\n<tr>\n<th>G\u00e9nero<\/th>\n<td>Feminizada<\/td>\n<\/tr>\n<\/tbody>\n<\/table>\n<div class=\"features-info-wrap\"><\/div>\n","protected":false},"excerpt":{"rendered":"<p>Para crear la Laughing Buddha feminizada, los criadores de Barney&#8217;s Farm utilizaron genes sativa tailandeses y jamaicanos. Este h\u00edbrido sativa tiene su nombre por una raz\u00f3n, porque una gran sonrisa seguro que se manifiesta en tu cara. Esta marihuana es conocida por su agradable y energ\u00e9tico subid\u00f3n.<\/p>\n","protected":false},"featured_media":10497,"comment_status":"open","ping_status":"closed","template":"","meta":{"site-sidebar-layout":"default","site-content-layout":"default","ast-site-content-layout":"default","site-content-style":"default","site-sidebar-style":"default","ast-global-header-display":"","ast-banner-title-visibility":"","ast-main-header-display":"","ast-hfb-above-header-display":"","ast-hfb-below-header-display":"","ast-hfb-mobile-header-display":"","site-post-title":"","ast-breadcrumbs-content":"","ast-featured-img":"","footer-sml-layout":"","ast-disable-related-posts":"","theme-transparent-header-meta":"default","adv-header-id-meta":"","stick-header-meta":"default","header-above-stick-meta":"","header-main-stick-meta":"","header-below-stick-meta":"","astra-migrate-meta-layouts":"default","ast-page-background-enabled":"default","ast-page-background-meta":{"desktop":{"background-color":"","background-image":"","background-repeat":"repeat","background-position":"center center","background-size":"auto","background-attachment":"scroll","background-type":"","background-media":"","overlay-type":"","overlay-color":"","overlay-opacity":"","overlay-gradient":""},"tablet":{"background-color":"","background-image":"","background-repeat":"repeat","background-position":"center center","background-size":"auto","background-attachment":"scroll","background-type":"","background-media":"","overlay-type":"","overlay-color":"","overlay-opacity":"","overlay-gradient":""},"mobile":{"background-color":"","background-image":"","background-repeat":"repeat","background-position":"center center","background-size":"auto","background-attachment":"scroll","background-type":"","background-media":"","overlay-type":"","overlay-color":"","overlay-opacity":"","overlay-gradient":""}},"ast-content-background-meta":{"desktop":{"background-color":"var(--ast-global-color-5)","background-image":"","background-repeat":"repeat","background-position":"center center","background-size":"auto","background-attachment":"scroll","background-type":"","background-media":"","overlay-type":"","overlay-color":"","overlay-opacity":"","overlay-gradient":""},"tablet":{"background-color":"var(--ast-global-color-5)","background-image":"","background-repeat":"repeat","background-position":"center center","background-size":"auto","background-attachment":"scroll","background-type":"","background-media":"","overlay-type":"","overlay-color":"","overlay-opacity":"","overlay-gradient":""},"mobile":{"background-color":"var(--ast-global-color-5)","background-image":"","background-repeat":"repeat","background-position":"center center","background-size":"auto","background-attachment":"scroll","background-type":"","background-media":"","overlay-type":"","overlay-color":"","overlay-opacity":"","overlay-gradient":""}}},"product_brand":[],"product_cat":[279],"product_tag":[],"class_list":{"0":"post-11609","1":"product","2":"type-product","3":"status-publish","4":"has-post-thumbnail","6":"product_cat-semillas-de-marihuana-seedsshop","7":"desktop-align-left","8":"tablet-align-center","9":"mobile-align-left","10":"ast-product-gallery-layout-vertical","11":"ast-product-gallery-with-no-image","12":"ast-magnify-disabled","13":"ast-product-tabs-layout-horizontal","15":"first","16":"instock","17":"taxable","18":"shipping-taxable","19":"purchasable","20":"product-type-simple"},"yoast_head":"<!-- This site is optimized with the Yoast SEO Premium plugin v27.2 (Yoast SEO v27.4) - https:\/\/yoast.com\/product\/yoast-seo-premium-wordpress\/ -->\n<title>LAUGHING BUDDHA (BARNEY&#039;S FARM) FEMINIZADA (3 semillas\/paquete) - Blumiz - Premium CBD<\/title>\n<meta name=\"description\" content=\"LAUGHING BUDDHA (BARNEY&#039;S FARM) FEMINIZADA (3 semillas\/paquete) - Blumiz - Premium CBD\" \/>\n<meta name=\"robots\" content=\"index, follow, max-snippet:-1, max-image-preview:large, max-video-preview:-1\" \/>\n<link rel=\"canonical\" href=\"https:\/\/blumiz.com\/es\/producto\/laughing-buddha-barneys-farm-feminizada-3-semillas-paquete\/\" \/>\n<meta property=\"og:locale\" content=\"es_ES\" \/>\n<meta property=\"og:type\" content=\"article\" \/>\n<meta property=\"og:title\" content=\"LAUGHING BUDDHA (BARNEY&#039;S FARM) FEMINIZADA (3 semillas\/paquete)\" \/>\n<meta property=\"og:description\" content=\"LAUGHING BUDDHA (BARNEY&#039;S FARM) FEMINIZADA (3 semillas\/paquete) Blumiz - Premium CBD\" \/>\n<meta property=\"og:url\" content=\"https:\/\/blumiz.com\/es\/producto\/laughing-buddha-barneys-farm-feminizada-3-semillas-paquete\/\" \/>\n<meta property=\"og:site_name\" content=\"Blumiz - Premium CBD\" \/>\n<meta property=\"article:modified_time\" content=\"2023-06-03T11:47:46+00:00\" \/>\n<meta property=\"og:image\" content=\"https:\/\/blumiz.com\/wp-content\/uploads\/2022\/09\/Barneys-Farm-Laughing-Buddha-3-seeds-pack.webp\" \/>\n\t<meta property=\"og:image:width\" content=\"600\" \/>\n\t<meta property=\"og:image:height\" content=\"600\" \/>\n\t<meta property=\"og:image:type\" content=\"image\/webp\" \/>\n<meta name=\"twitter:card\" content=\"summary_large_image\" \/>\n<meta name=\"twitter:label1\" content=\"Precio\" \/>\n\t<meta name=\"twitter:data1\" content=\"25,90&nbsp;&euro;\" \/>\n\t<meta name=\"twitter:label2\" content=\"Disponibilidad\" \/>\n\t<meta name=\"twitter:data2\" content=\"Disponible\" \/>\n<script type=\"application\/ld+json\" class=\"yoast-schema-graph\">{\"@context\":\"https:\\\/\\\/schema.org\",\"@graph\":[{\"@type\":\"WebPage\",\"@id\":\"https:\\\/\\\/blumiz.com\\\/es\\\/producto\\\/laughing-buddha-barneys-farm-feminizada-3-semillas-paquete\\\/\",\"url\":\"https:\\\/\\\/blumiz.com\\\/es\\\/producto\\\/laughing-buddha-barneys-farm-feminizada-3-semillas-paquete\\\/\",\"name\":\"LAUGHING BUDDHA (BARNEY'S FARM) FEMINIZADA (3 semillas\\\/paquete) - Blumiz - Premium CBD\",\"isPartOf\":{\"@id\":\"https:\\\/\\\/blumiz.com\\\/es\\\/#website\"},\"primaryImageOfPage\":{\"@id\":\"https:\\\/\\\/blumiz.com\\\/es\\\/producto\\\/laughing-buddha-barneys-farm-feminizada-3-semillas-paquete\\\/#primaryimage\"},\"image\":{\"@id\":\"https:\\\/\\\/blumiz.com\\\/es\\\/producto\\\/laughing-buddha-barneys-farm-feminizada-3-semillas-paquete\\\/#primaryimage\"},\"thumbnailUrl\":\"https:\\\/\\\/blumiz.com\\\/wp-content\\\/uploads\\\/2022\\\/09\\\/Barneys-Farm-Laughing-Buddha-3-seeds-pack.webp\",\"datePublished\":\"2022-09-09T11:47:12+00:00\",\"dateModified\":\"2023-06-03T11:47:46+00:00\",\"description\":\"LAUGHING BUDDHA (BARNEY'S FARM) FEMINIZADA (3 semillas\\\/paquete) - Blumiz - Premium CBD\",\"breadcrumb\":{\"@id\":\"https:\\\/\\\/blumiz.com\\\/es\\\/producto\\\/laughing-buddha-barneys-farm-feminizada-3-semillas-paquete\\\/#breadcrumb\"},\"inLanguage\":\"es\",\"potentialAction\":[{\"@type\":\"ReadAction\",\"target\":[\"https:\\\/\\\/blumiz.com\\\/es\\\/producto\\\/laughing-buddha-barneys-farm-feminizada-3-semillas-paquete\\\/\"]}]},{\"@type\":\"ImageObject\",\"inLanguage\":\"es\",\"@id\":\"https:\\\/\\\/blumiz.com\\\/es\\\/producto\\\/laughing-buddha-barneys-farm-feminizada-3-semillas-paquete\\\/#primaryimage\",\"url\":\"https:\\\/\\\/blumiz.com\\\/wp-content\\\/uploads\\\/2022\\\/09\\\/Barneys-Farm-Laughing-Buddha-3-seeds-pack.webp\",\"contentUrl\":\"https:\\\/\\\/blumiz.com\\\/wp-content\\\/uploads\\\/2022\\\/09\\\/Barneys-Farm-Laughing-Buddha-3-seeds-pack.webp\",\"width\":600,\"height\":600},{\"@type\":\"BreadcrumbList\",\"@id\":\"https:\\\/\\\/blumiz.com\\\/es\\\/producto\\\/laughing-buddha-barneys-farm-feminizada-3-semillas-paquete\\\/#breadcrumb\",\"itemListElement\":[{\"@type\":\"ListItem\",\"position\":1,\"name\":\"Blumiz\",\"item\":\"https:\\\/\\\/blumiz.com\\\/es\\\/\"},{\"@type\":\"ListItem\",\"position\":2,\"name\":\"CBD Shop\",\"item\":\"https:\\\/\\\/blumiz.com\\\/es\\\/tienda\\\/\"},{\"@type\":\"ListItem\",\"position\":3,\"name\":\"LAUGHING BUDDHA (BARNEY&#8217;S FARM) FEMINIZADA (3 semillas\\\/paquete)\"}]},{\"@type\":\"WebSite\",\"@id\":\"https:\\\/\\\/blumiz.com\\\/es\\\/#website\",\"url\":\"https:\\\/\\\/blumiz.com\\\/es\\\/\",\"name\":\"Blumiz - Premium CBD\",\"description\":\"Un CBD al mejor precio y de calidad superior\",\"publisher\":{\"@id\":\"https:\\\/\\\/blumiz.com\\\/es\\\/#organization\"},\"alternateName\":\"Blumiz\",\"potentialAction\":[{\"@type\":\"SearchAction\",\"target\":{\"@type\":\"EntryPoint\",\"urlTemplate\":\"https:\\\/\\\/blumiz.com\\\/es\\\/?s={search_term_string}\"},\"query-input\":{\"@type\":\"PropertyValueSpecification\",\"valueRequired\":true,\"valueName\":\"search_term_string\"}}],\"inLanguage\":\"es\"},{\"@type\":\"Organization\",\"@id\":\"https:\\\/\\\/blumiz.com\\\/es\\\/#organization\",\"name\":\"Blumiz CBD\",\"alternateName\":\"Blumiz\",\"url\":\"https:\\\/\\\/blumiz.com\\\/es\\\/\",\"logo\":{\"@type\":\"ImageObject\",\"inLanguage\":\"es\",\"@id\":\"https:\\\/\\\/blumiz.com\\\/es\\\/#\\\/schema\\\/logo\\\/image\\\/\",\"url\":\"https:\\\/\\\/blumiz.com\\\/wp-content\\\/uploads\\\/2026\\\/02\\\/cropped-Blumiz-CBD-logo.webp\",\"contentUrl\":\"https:\\\/\\\/blumiz.com\\\/wp-content\\\/uploads\\\/2026\\\/02\\\/cropped-Blumiz-CBD-logo.webp\",\"width\":2547,\"height\":778,\"caption\":\"Blumiz CBD\"},\"image\":{\"@id\":\"https:\\\/\\\/blumiz.com\\\/es\\\/#\\\/schema\\\/logo\\\/image\\\/\"}}]}<\/script>\n<meta property=\"product:price:amount\" content=\"25.90\" \/>\n<meta property=\"product:price:currency\" content=\"EUR\" \/>\n<meta property=\"og:availability\" content=\"instock\" \/>\n<meta property=\"product:availability\" content=\"instock\" \/>\n<meta property=\"product:retailer_item_id\" content=\"45485\" \/>\n<meta property=\"product:condition\" content=\"new\" \/>\n<!-- \/ Yoast SEO Premium plugin. -->","yoast_head_json":{"title":"LAUGHING BUDDHA (BARNEY'S FARM) FEMINIZADA (3 semillas\/paquete) - Blumiz - Premium CBD","description":"LAUGHING BUDDHA (BARNEY'S FARM) FEMINIZADA (3 semillas\/paquete) - Blumiz - Premium CBD","robots":{"index":"index","follow":"follow","max-snippet":"max-snippet:-1","max-image-preview":"max-image-preview:large","max-video-preview":"max-video-preview:-1"},"canonical":"https:\/\/blumiz.com\/es\/producto\/laughing-buddha-barneys-farm-feminizada-3-semillas-paquete\/","og_locale":"es_ES","og_type":"article","og_title":"LAUGHING BUDDHA (BARNEY'S FARM) FEMINIZADA (3 semillas\/paquete)","og_description":"LAUGHING BUDDHA (BARNEY'S FARM) FEMINIZADA (3 semillas\/paquete) Blumiz - Premium CBD","og_url":"https:\/\/blumiz.com\/es\/producto\/laughing-buddha-barneys-farm-feminizada-3-semillas-paquete\/","og_site_name":"Blumiz - Premium CBD","article_modified_time":"2023-06-03T11:47:46+00:00","og_image":[{"width":600,"height":600,"url":"https:\/\/blumiz.com\/wp-content\/uploads\/2022\/09\/Barneys-Farm-Laughing-Buddha-3-seeds-pack.webp","type":"image\/webp"}],"twitter_card":"summary_large_image","twitter_misc":{"Precio":"25,90&nbsp;&euro;","Disponibilidad":"Disponible"},"schema":{"@context":"https:\/\/schema.org","@graph":[{"@type":"WebPage","@id":"https:\/\/blumiz.com\/es\/producto\/laughing-buddha-barneys-farm-feminizada-3-semillas-paquete\/","url":"https:\/\/blumiz.com\/es\/producto\/laughing-buddha-barneys-farm-feminizada-3-semillas-paquete\/","name":"LAUGHING BUDDHA (BARNEY'S FARM) FEMINIZADA (3 semillas\/paquete) - Blumiz - Premium CBD","isPartOf":{"@id":"https:\/\/blumiz.com\/es\/#website"},"primaryImageOfPage":{"@id":"https:\/\/blumiz.com\/es\/producto\/laughing-buddha-barneys-farm-feminizada-3-semillas-paquete\/#primaryimage"},"image":{"@id":"https:\/\/blumiz.com\/es\/producto\/laughing-buddha-barneys-farm-feminizada-3-semillas-paquete\/#primaryimage"},"thumbnailUrl":"https:\/\/blumiz.com\/wp-content\/uploads\/2022\/09\/Barneys-Farm-Laughing-Buddha-3-seeds-pack.webp","datePublished":"2022-09-09T11:47:12+00:00","dateModified":"2023-06-03T11:47:46+00:00","description":"LAUGHING BUDDHA (BARNEY'S FARM) FEMINIZADA (3 semillas\/paquete) - Blumiz - Premium CBD","breadcrumb":{"@id":"https:\/\/blumiz.com\/es\/producto\/laughing-buddha-barneys-farm-feminizada-3-semillas-paquete\/#breadcrumb"},"inLanguage":"es","potentialAction":[{"@type":"ReadAction","target":["https:\/\/blumiz.com\/es\/producto\/laughing-buddha-barneys-farm-feminizada-3-semillas-paquete\/"]}]},{"@type":"ImageObject","inLanguage":"es","@id":"https:\/\/blumiz.com\/es\/producto\/laughing-buddha-barneys-farm-feminizada-3-semillas-paquete\/#primaryimage","url":"https:\/\/blumiz.com\/wp-content\/uploads\/2022\/09\/Barneys-Farm-Laughing-Buddha-3-seeds-pack.webp","contentUrl":"https:\/\/blumiz.com\/wp-content\/uploads\/2022\/09\/Barneys-Farm-Laughing-Buddha-3-seeds-pack.webp","width":600,"height":600},{"@type":"BreadcrumbList","@id":"https:\/\/blumiz.com\/es\/producto\/laughing-buddha-barneys-farm-feminizada-3-semillas-paquete\/#breadcrumb","itemListElement":[{"@type":"ListItem","position":1,"name":"Blumiz","item":"https:\/\/blumiz.com\/es\/"},{"@type":"ListItem","position":2,"name":"CBD Shop","item":"https:\/\/blumiz.com\/es\/tienda\/"},{"@type":"ListItem","position":3,"name":"LAUGHING BUDDHA (BARNEY&#8217;S FARM) FEMINIZADA (3 semillas\/paquete)"}]},{"@type":"WebSite","@id":"https:\/\/blumiz.com\/es\/#website","url":"https:\/\/blumiz.com\/es\/","name":"Blumiz - Premium CBD","description":"Un CBD al mejor precio y de calidad superior","publisher":{"@id":"https:\/\/blumiz.com\/es\/#organization"},"alternateName":"Blumiz","potentialAction":[{"@type":"SearchAction","target":{"@type":"EntryPoint","urlTemplate":"https:\/\/blumiz.com\/es\/?s={search_term_string}"},"query-input":{"@type":"PropertyValueSpecification","valueRequired":true,"valueName":"search_term_string"}}],"inLanguage":"es"},{"@type":"Organization","@id":"https:\/\/blumiz.com\/es\/#organization","name":"Blumiz CBD","alternateName":"Blumiz","url":"https:\/\/blumiz.com\/es\/","logo":{"@type":"ImageObject","inLanguage":"es","@id":"https:\/\/blumiz.com\/es\/#\/schema\/logo\/image\/","url":"https:\/\/blumiz.com\/wp-content\/uploads\/2026\/02\/cropped-Blumiz-CBD-logo.webp","contentUrl":"https:\/\/blumiz.com\/wp-content\/uploads\/2026\/02\/cropped-Blumiz-CBD-logo.webp","width":2547,"height":778,"caption":"Blumiz CBD"},"image":{"@id":"https:\/\/blumiz.com\/es\/#\/schema\/logo\/image\/"}}]},"product_price_amount":"25.90","product_price_currency":"EUR","og_availability":"instock","product_availability":"instock","product_retailer_item_id":"45485","product_condition":"new"},"_links":{"self":[{"href":"https:\/\/blumiz.com\/es\/wp-json\/wp\/v2\/product\/11609","targetHints":{"allow":["GET"]}}],"collection":[{"href":"https:\/\/blumiz.com\/es\/wp-json\/wp\/v2\/product"}],"about":[{"href":"https:\/\/blumiz.com\/es\/wp-json\/wp\/v2\/types\/product"}],"replies":[{"embeddable":true,"href":"https:\/\/blumiz.com\/es\/wp-json\/wp\/v2\/comments?post=11609"}],"version-history":[{"count":0,"href":"https:\/\/blumiz.com\/es\/wp-json\/wp\/v2\/product\/11609\/revisions"}],"wp:featuredmedia":[{"embeddable":true,"href":"https:\/\/blumiz.com\/es\/wp-json\/wp\/v2\/media\/10497"}],"wp:attachment":[{"href":"https:\/\/blumiz.com\/es\/wp-json\/wp\/v2\/media?parent=11609"}],"wp:term":[{"taxonomy":"product_brand","embeddable":true,"href":"https:\/\/blumiz.com\/es\/wp-json\/wp\/v2\/product_brand?post=11609"},{"taxonomy":"product_cat","embeddable":true,"href":"https:\/\/blumiz.com\/es\/wp-json\/wp\/v2\/product_cat?post=11609"},{"taxonomy":"product_tag","embeddable":true,"href":"https:\/\/blumiz.com\/es\/wp-json\/wp\/v2\/product_tag?post=11609"}],"curies":[{"name":"wp","href":"https:\/\/api.w.org\/{rel}","templated":true}]}}