{"id":11635,"date":"2021-01-07T09:09:16","date_gmt":"2021-01-07T08:09:16","guid":{"rendered":"https:\/\/blumiz.com\/?post_type=product&#038;p=11635"},"modified":"2025-02-11T13:31:12","modified_gmt":"2025-02-11T12:31:12","slug":"enecta-200-mg-cbd-koerperlotion-200-ml","status":"publish","type":"product","link":"https:\/\/blumiz.com\/es\/producto\/enecta-200-mg-cbd-koerperlotion-200-ml\/","title":{"rendered":"Enecta 200 mg CBD Loci\u00f3n Corporal (200 ml)"},"content":{"rendered":"<p>La Loci\u00f3n Corporal con CBD ENECTA (200 mg) es una loci\u00f3n hidratante para el cuidado diario de la piel del cuerpo. Loci\u00f3n corporal rica en CBD para proteger todo tipo de pieles, incluso las m\u00e1s sensibles. Muy ligera, se extiende bien sobre la piel y se absorbe r\u00e1pidamente.<\/p>\n<p>F\u00f3rmula a base de aceites esenciales naturales, incluido el aceite de semillas de c\u00e1\u00f1amo, especialmente nutritivo. El resultado de utilizar esta loci\u00f3n corporal ENECTA es una piel sana y radiante. Producto 100% vegano.<\/p>\n<p>Principios activos de los ingredientes de la Loci\u00f3n Corporal con CBD ENECTA<\/p>\n<p>CBD (200 mg): act\u00faa como analg\u00e9sico y tiene propiedades antioxidantes. Aceite de semillas de c\u00e1\u00f1amo: aceite muy hidratante y nutritivo para la piel. Aceite de almendras dulces y manteca de karit\u00e9: aceites con propiedades reparadoras de la barrera cut\u00e1nea, ayudan a reconstruir los l\u00edpidos de la capa c\u00f3rnea e hidratan y elastifican la piel. Vitamina E natural: mezcla de tocoferoles antioxidantes del aceite de girasol, rica en escualeno natural. Propiedades de la loci\u00f3n corporal con CBD ENECTA<\/p>\n<p>Loci\u00f3n hidratante rica en CBD para la protecci\u00f3n diaria de todo tipo de pieles, incluso las m\u00e1s sensibles. Efecto altamente hidratante y nutritivo sobre la piel. Efecto antioxidante y calmante. Loci\u00f3n hidratante muy ligera, se extiende f\u00e1cilmente sobre la piel y se absorbe r\u00e1pidamente. Producto 100% vegano. C\u00f3mo utilizar la loci\u00f3n corporal con CBD ENECTA<\/p>\n<p>Aplicar sobre la piel limpia. Se recomienda aplicar sobre la piel seca despu\u00e9s de la ducha. Extender la loci\u00f3n por todo el cuerpo y masajear hasta que la piel la absorba. Si es necesario, aplicar m\u00e1s loci\u00f3n en las zonas donde la piel est\u00e9 m\u00e1s seca. Composici\u00f3n:<\/p>\n<p>[Wasser]Aqua , Prunus amygdalus dulcis (aceite de almendras dulces), estearato de etilhexilo, caprilato de propilo heptilo, manteca de Butyrospermum parkii (karit\u00e9), poligliceril-3-metilglucosedistearato, aceite de Ricinus communis (ricino), glicerilo, alcohol cetear\u00edlico, aceite de semillas de Cannabis sativa, cannabidiol, cera de Copernicia cerifera (carnauba), [Duft] tocoferol, 1,2-hexanodiol, caprilil glicol, aceite de ricino hidrogenado, goma de acacia senegalesa, aceite de semilla de Helianthus annuus (girasol), goma xantana, diacetato de glutamato tetras\u00f3dico, parfum , salicilato de bencilo, linalol, hexil canela, alfa-isometilionona, tropolona, geraniol, escualeno*, citronelol, beta-sitosterol. * Aceite de girasol.<\/p>\n","protected":false},"excerpt":{"rendered":"<p>La Loci\u00f3n Corporal con CBD ENECTA (200 mg) es una loci\u00f3n hidratante para el cuidado diario de la piel del cuerpo. Loci\u00f3n corporal rica en CBD para proteger todo tipo de pieles, incluso las m\u00e1s sensibles. Muy ligera, se extiende bien sobre la piel y se absorbe r\u00e1pidamente.<\/p>\n<p>200 ml<\/p>\n<p>F\u00f3rmula a base de aceites esenciales naturales, incluido el aceite de semillas de c\u00e1\u00f1amo, especialmente nutritivo. El resultado de utilizar esta loci\u00f3n corporal ENECTA es una piel sana y radiante. Producto 100% vegano.<\/p>\n","protected":false},"featured_media":10489,"comment_status":"open","ping_status":"closed","template":"","meta":{"site-sidebar-layout":"default","site-content-layout":"default","ast-site-content-layout":"default","site-content-style":"default","site-sidebar-style":"default","ast-global-header-display":"","ast-banner-title-visibility":"","ast-main-header-display":"","ast-hfb-above-header-display":"","ast-hfb-below-header-display":"","ast-hfb-mobile-header-display":"","site-post-title":"","ast-breadcrumbs-content":"","ast-featured-img":"","footer-sml-layout":"","ast-disable-related-posts":"","theme-transparent-header-meta":"default","adv-header-id-meta":"","stick-header-meta":"default","header-above-stick-meta":"","header-main-stick-meta":"","header-below-stick-meta":"","astra-migrate-meta-layouts":"default","ast-page-background-enabled":"default","ast-page-background-meta":{"desktop":{"background-color":"","background-image":"","background-repeat":"repeat","background-position":"center center","background-size":"auto","background-attachment":"scroll","background-type":"","background-media":"","overlay-type":"","overlay-color":"","overlay-opacity":"","overlay-gradient":""},"tablet":{"background-color":"","background-image":"","background-repeat":"repeat","background-position":"center center","background-size":"auto","background-attachment":"scroll","background-type":"","background-media":"","overlay-type":"","overlay-color":"","overlay-opacity":"","overlay-gradient":""},"mobile":{"background-color":"","background-image":"","background-repeat":"repeat","background-position":"center center","background-size":"auto","background-attachment":"scroll","background-type":"","background-media":"","overlay-type":"","overlay-color":"","overlay-opacity":"","overlay-gradient":""}},"ast-content-background-meta":{"desktop":{"background-color":"var(--ast-global-color-5)","background-image":"","background-repeat":"repeat","background-position":"center center","background-size":"auto","background-attachment":"scroll","background-type":"","background-media":"","overlay-type":"","overlay-color":"","overlay-opacity":"","overlay-gradient":""},"tablet":{"background-color":"var(--ast-global-color-5)","background-image":"","background-repeat":"repeat","background-position":"center center","background-size":"auto","background-attachment":"scroll","background-type":"","background-media":"","overlay-type":"","overlay-color":"","overlay-opacity":"","overlay-gradient":""},"mobile":{"background-color":"var(--ast-global-color-5)","background-image":"","background-repeat":"repeat","background-position":"center center","background-size":"auto","background-attachment":"scroll","background-type":"","background-media":"","overlay-type":"","overlay-color":"","overlay-opacity":"","overlay-gradient":""}}},"product_brand":[],"product_cat":[305,274],"product_tag":[],"class_list":{"0":"post-11635","1":"product","2":"type-product","3":"status-publish","4":"has-post-thumbnail","6":"product_cat-cbd-es","7":"product_cat-cosmeticos-cbd","8":"desktop-align-left","9":"tablet-align-center","10":"mobile-align-left","11":"ast-product-gallery-layout-vertical","12":"ast-product-gallery-with-no-image","13":"ast-magnify-disabled","14":"ast-product-tabs-layout-horizontal","16":"first","17":"instock","18":"taxable","19":"shipping-taxable","20":"purchasable","21":"product-type-simple"},"yoast_head":"<!-- This site is optimized with the Yoast SEO Premium plugin v27.2 (Yoast SEO v27.3) - https:\/\/yoast.com\/product\/yoast-seo-premium-wordpress\/ -->\n<title>Enecta 200 mg CBD Loci\u00f3n Corporal (200 ml) - Blumiz - Premium CBD<\/title>\n<meta name=\"description\" content=\"Enecta 200 mg CBD Loci\u00f3n Corporal (200 ml) - Blumiz - Premium CBD\" \/>\n<meta name=\"robots\" content=\"index, follow, max-snippet:-1, max-image-preview:large, max-video-preview:-1\" \/>\n<link rel=\"canonical\" href=\"https:\/\/blumiz.com\/es\/producto\/enecta-200-mg-cbd-koerperlotion-200-ml\/\" \/>\n<meta property=\"og:locale\" content=\"es_ES\" \/>\n<meta property=\"og:type\" content=\"article\" \/>\n<meta property=\"og:title\" content=\"Enecta 200 mg CBD Loci\u00f3n Corporal (200 ml)\" \/>\n<meta property=\"og:description\" content=\"Enecta 200 mg CBD Loci\u00f3n Corporal (200 ml) Blumiz - Premium CBD\" \/>\n<meta property=\"og:url\" content=\"https:\/\/blumiz.com\/es\/producto\/enecta-200-mg-cbd-koerperlotion-200-ml\/\" \/>\n<meta property=\"og:site_name\" content=\"Blumiz - Premium CBD\" \/>\n<meta property=\"article:modified_time\" content=\"2025-02-11T12:31:12+00:00\" \/>\n<meta property=\"og:image\" content=\"https:\/\/blumiz.com\/wp-content\/uploads\/2022\/09\/Enecta-200-mg-CBD-Ko\u0308rperlotion-200-ml.webp\" \/>\n\t<meta property=\"og:image:width\" content=\"600\" \/>\n\t<meta property=\"og:image:height\" content=\"600\" \/>\n\t<meta property=\"og:image:type\" content=\"image\/webp\" \/>\n<meta name=\"twitter:card\" content=\"summary_large_image\" \/>\n<meta name=\"twitter:label1\" content=\"Precio\" \/>\n\t<meta name=\"twitter:data1\" content=\"21,95&nbsp;&euro;\" \/>\n\t<meta name=\"twitter:label2\" content=\"Disponibilidad\" \/>\n\t<meta name=\"twitter:data2\" content=\"Disponible\" \/>\n<script type=\"application\/ld+json\" class=\"yoast-schema-graph\">{\"@context\":\"https:\\\/\\\/schema.org\",\"@graph\":[{\"@type\":\"WebPage\",\"@id\":\"https:\\\/\\\/blumiz.com\\\/es\\\/producto\\\/enecta-200-mg-cbd-koerperlotion-200-ml\\\/\",\"url\":\"https:\\\/\\\/blumiz.com\\\/es\\\/producto\\\/enecta-200-mg-cbd-koerperlotion-200-ml\\\/\",\"name\":\"Enecta 200 mg CBD Loci\u00f3n Corporal (200 ml) - Blumiz - Premium CBD\",\"isPartOf\":{\"@id\":\"https:\\\/\\\/blumiz.com\\\/es\\\/#website\"},\"primaryImageOfPage\":{\"@id\":\"https:\\\/\\\/blumiz.com\\\/es\\\/producto\\\/enecta-200-mg-cbd-koerperlotion-200-ml\\\/#primaryimage\"},\"image\":{\"@id\":\"https:\\\/\\\/blumiz.com\\\/es\\\/producto\\\/enecta-200-mg-cbd-koerperlotion-200-ml\\\/#primaryimage\"},\"thumbnailUrl\":\"https:\\\/\\\/blumiz.com\\\/wp-content\\\/uploads\\\/2022\\\/09\\\/Enecta-200-mg-CBD-Ko\u0308rperlotion-200-ml.webp\",\"datePublished\":\"2021-01-07T08:09:16+00:00\",\"dateModified\":\"2025-02-11T12:31:12+00:00\",\"description\":\"Enecta 200 mg CBD Loci\u00f3n Corporal (200 ml) - Blumiz - Premium CBD\",\"breadcrumb\":{\"@id\":\"https:\\\/\\\/blumiz.com\\\/es\\\/producto\\\/enecta-200-mg-cbd-koerperlotion-200-ml\\\/#breadcrumb\"},\"inLanguage\":\"es\",\"potentialAction\":[{\"@type\":\"ReadAction\",\"target\":[\"https:\\\/\\\/blumiz.com\\\/es\\\/producto\\\/enecta-200-mg-cbd-koerperlotion-200-ml\\\/\"]}]},{\"@type\":\"ImageObject\",\"inLanguage\":\"es\",\"@id\":\"https:\\\/\\\/blumiz.com\\\/es\\\/producto\\\/enecta-200-mg-cbd-koerperlotion-200-ml\\\/#primaryimage\",\"url\":\"https:\\\/\\\/blumiz.com\\\/wp-content\\\/uploads\\\/2022\\\/09\\\/Enecta-200-mg-CBD-Ko\u0308rperlotion-200-ml.webp\",\"contentUrl\":\"https:\\\/\\\/blumiz.com\\\/wp-content\\\/uploads\\\/2022\\\/09\\\/Enecta-200-mg-CBD-Ko\u0308rperlotion-200-ml.webp\",\"width\":600,\"height\":600},{\"@type\":\"BreadcrumbList\",\"@id\":\"https:\\\/\\\/blumiz.com\\\/es\\\/producto\\\/enecta-200-mg-cbd-koerperlotion-200-ml\\\/#breadcrumb\",\"itemListElement\":[{\"@type\":\"ListItem\",\"position\":1,\"name\":\"Blumiz\",\"item\":\"https:\\\/\\\/blumiz.com\\\/es\\\/\"},{\"@type\":\"ListItem\",\"position\":2,\"name\":\"CBD Shop\",\"item\":\"https:\\\/\\\/blumiz.com\\\/es\\\/tienda\\\/\"},{\"@type\":\"ListItem\",\"position\":3,\"name\":\"Bienestar CBD\",\"item\":\"https:\\\/\\\/blumiz.com\\\/es\\\/category\\\/bienestar-cbd\\\/\"},{\"@type\":\"ListItem\",\"position\":4,\"name\":\"Cosm\u00e9ticos CBD\",\"item\":\"https:\\\/\\\/blumiz.com\\\/es\\\/category\\\/bienestar-cbd\\\/cosmeticos-cbd\\\/\"},{\"@type\":\"ListItem\",\"position\":5,\"name\":\"Enecta 200 mg CBD Loci\u00f3n Corporal (200 ml)\"}]},{\"@type\":\"WebSite\",\"@id\":\"https:\\\/\\\/blumiz.com\\\/es\\\/#website\",\"url\":\"https:\\\/\\\/blumiz.com\\\/es\\\/\",\"name\":\"Blumiz - Premium CBD\",\"description\":\"Un CBD al mejor precio y de calidad superior\",\"publisher\":{\"@id\":\"https:\\\/\\\/blumiz.com\\\/es\\\/#organization\"},\"alternateName\":\"Blumiz\",\"potentialAction\":[{\"@type\":\"SearchAction\",\"target\":{\"@type\":\"EntryPoint\",\"urlTemplate\":\"https:\\\/\\\/blumiz.com\\\/es\\\/?s={search_term_string}\"},\"query-input\":{\"@type\":\"PropertyValueSpecification\",\"valueRequired\":true,\"valueName\":\"search_term_string\"}}],\"inLanguage\":\"es\"},{\"@type\":\"Organization\",\"@id\":\"https:\\\/\\\/blumiz.com\\\/es\\\/#organization\",\"name\":\"Blumiz CBD\",\"alternateName\":\"Blumiz\",\"url\":\"https:\\\/\\\/blumiz.com\\\/es\\\/\",\"logo\":{\"@type\":\"ImageObject\",\"inLanguage\":\"es\",\"@id\":\"https:\\\/\\\/blumiz.com\\\/es\\\/#\\\/schema\\\/logo\\\/image\\\/\",\"url\":\"https:\\\/\\\/blumiz.com\\\/wp-content\\\/uploads\\\/2026\\\/02\\\/cropped-Blumiz-CBD-logo.webp\",\"contentUrl\":\"https:\\\/\\\/blumiz.com\\\/wp-content\\\/uploads\\\/2026\\\/02\\\/cropped-Blumiz-CBD-logo.webp\",\"width\":2547,\"height\":778,\"caption\":\"Blumiz CBD\"},\"image\":{\"@id\":\"https:\\\/\\\/blumiz.com\\\/es\\\/#\\\/schema\\\/logo\\\/image\\\/\"}}]}<\/script>\n<meta property=\"product:price:amount\" content=\"21.95\" \/>\n<meta property=\"product:price:currency\" content=\"EUR\" \/>\n<meta property=\"og:availability\" content=\"instock\" \/>\n<meta property=\"product:availability\" content=\"instock\" \/>\n<meta property=\"product:retailer_item_id\" content=\"167549\" \/>\n<meta property=\"product:condition\" content=\"new\" \/>\n<!-- \/ Yoast SEO Premium plugin. -->","yoast_head_json":{"title":"Enecta 200 mg CBD Loci\u00f3n Corporal (200 ml) - Blumiz - Premium CBD","description":"Enecta 200 mg CBD Loci\u00f3n Corporal (200 ml) - Blumiz - Premium CBD","robots":{"index":"index","follow":"follow","max-snippet":"max-snippet:-1","max-image-preview":"max-image-preview:large","max-video-preview":"max-video-preview:-1"},"canonical":"https:\/\/blumiz.com\/es\/producto\/enecta-200-mg-cbd-koerperlotion-200-ml\/","og_locale":"es_ES","og_type":"article","og_title":"Enecta 200 mg CBD Loci\u00f3n Corporal (200 ml)","og_description":"Enecta 200 mg CBD Loci\u00f3n Corporal (200 ml) Blumiz - Premium CBD","og_url":"https:\/\/blumiz.com\/es\/producto\/enecta-200-mg-cbd-koerperlotion-200-ml\/","og_site_name":"Blumiz - Premium CBD","article_modified_time":"2025-02-11T12:31:12+00:00","og_image":[{"width":600,"height":600,"url":"https:\/\/blumiz.com\/wp-content\/uploads\/2022\/09\/Enecta-200-mg-CBD-Ko\u0308rperlotion-200-ml.webp","type":"image\/webp"}],"twitter_card":"summary_large_image","twitter_misc":{"Precio":"21,95&nbsp;&euro;","Disponibilidad":"Disponible"},"schema":{"@context":"https:\/\/schema.org","@graph":[{"@type":"WebPage","@id":"https:\/\/blumiz.com\/es\/producto\/enecta-200-mg-cbd-koerperlotion-200-ml\/","url":"https:\/\/blumiz.com\/es\/producto\/enecta-200-mg-cbd-koerperlotion-200-ml\/","name":"Enecta 200 mg CBD Loci\u00f3n Corporal (200 ml) - Blumiz - Premium CBD","isPartOf":{"@id":"https:\/\/blumiz.com\/es\/#website"},"primaryImageOfPage":{"@id":"https:\/\/blumiz.com\/es\/producto\/enecta-200-mg-cbd-koerperlotion-200-ml\/#primaryimage"},"image":{"@id":"https:\/\/blumiz.com\/es\/producto\/enecta-200-mg-cbd-koerperlotion-200-ml\/#primaryimage"},"thumbnailUrl":"https:\/\/blumiz.com\/wp-content\/uploads\/2022\/09\/Enecta-200-mg-CBD-Ko\u0308rperlotion-200-ml.webp","datePublished":"2021-01-07T08:09:16+00:00","dateModified":"2025-02-11T12:31:12+00:00","description":"Enecta 200 mg CBD Loci\u00f3n Corporal (200 ml) - Blumiz - Premium CBD","breadcrumb":{"@id":"https:\/\/blumiz.com\/es\/producto\/enecta-200-mg-cbd-koerperlotion-200-ml\/#breadcrumb"},"inLanguage":"es","potentialAction":[{"@type":"ReadAction","target":["https:\/\/blumiz.com\/es\/producto\/enecta-200-mg-cbd-koerperlotion-200-ml\/"]}]},{"@type":"ImageObject","inLanguage":"es","@id":"https:\/\/blumiz.com\/es\/producto\/enecta-200-mg-cbd-koerperlotion-200-ml\/#primaryimage","url":"https:\/\/blumiz.com\/wp-content\/uploads\/2022\/09\/Enecta-200-mg-CBD-Ko\u0308rperlotion-200-ml.webp","contentUrl":"https:\/\/blumiz.com\/wp-content\/uploads\/2022\/09\/Enecta-200-mg-CBD-Ko\u0308rperlotion-200-ml.webp","width":600,"height":600},{"@type":"BreadcrumbList","@id":"https:\/\/blumiz.com\/es\/producto\/enecta-200-mg-cbd-koerperlotion-200-ml\/#breadcrumb","itemListElement":[{"@type":"ListItem","position":1,"name":"Blumiz","item":"https:\/\/blumiz.com\/es\/"},{"@type":"ListItem","position":2,"name":"CBD Shop","item":"https:\/\/blumiz.com\/es\/tienda\/"},{"@type":"ListItem","position":3,"name":"Bienestar CBD","item":"https:\/\/blumiz.com\/es\/category\/bienestar-cbd\/"},{"@type":"ListItem","position":4,"name":"Cosm\u00e9ticos CBD","item":"https:\/\/blumiz.com\/es\/category\/bienestar-cbd\/cosmeticos-cbd\/"},{"@type":"ListItem","position":5,"name":"Enecta 200 mg CBD Loci\u00f3n Corporal (200 ml)"}]},{"@type":"WebSite","@id":"https:\/\/blumiz.com\/es\/#website","url":"https:\/\/blumiz.com\/es\/","name":"Blumiz - Premium CBD","description":"Un CBD al mejor precio y de calidad superior","publisher":{"@id":"https:\/\/blumiz.com\/es\/#organization"},"alternateName":"Blumiz","potentialAction":[{"@type":"SearchAction","target":{"@type":"EntryPoint","urlTemplate":"https:\/\/blumiz.com\/es\/?s={search_term_string}"},"query-input":{"@type":"PropertyValueSpecification","valueRequired":true,"valueName":"search_term_string"}}],"inLanguage":"es"},{"@type":"Organization","@id":"https:\/\/blumiz.com\/es\/#organization","name":"Blumiz CBD","alternateName":"Blumiz","url":"https:\/\/blumiz.com\/es\/","logo":{"@type":"ImageObject","inLanguage":"es","@id":"https:\/\/blumiz.com\/es\/#\/schema\/logo\/image\/","url":"https:\/\/blumiz.com\/wp-content\/uploads\/2026\/02\/cropped-Blumiz-CBD-logo.webp","contentUrl":"https:\/\/blumiz.com\/wp-content\/uploads\/2026\/02\/cropped-Blumiz-CBD-logo.webp","width":2547,"height":778,"caption":"Blumiz CBD"},"image":{"@id":"https:\/\/blumiz.com\/es\/#\/schema\/logo\/image\/"}}]},"product_price_amount":"21.95","product_price_currency":"EUR","og_availability":"instock","product_availability":"instock","product_retailer_item_id":"167549","product_condition":"new"},"_links":{"self":[{"href":"https:\/\/blumiz.com\/es\/wp-json\/wp\/v2\/product\/11635","targetHints":{"allow":["GET"]}}],"collection":[{"href":"https:\/\/blumiz.com\/es\/wp-json\/wp\/v2\/product"}],"about":[{"href":"https:\/\/blumiz.com\/es\/wp-json\/wp\/v2\/types\/product"}],"replies":[{"embeddable":true,"href":"https:\/\/blumiz.com\/es\/wp-json\/wp\/v2\/comments?post=11635"}],"version-history":[{"count":0,"href":"https:\/\/blumiz.com\/es\/wp-json\/wp\/v2\/product\/11635\/revisions"}],"wp:featuredmedia":[{"embeddable":true,"href":"https:\/\/blumiz.com\/es\/wp-json\/wp\/v2\/media\/10489"}],"wp:attachment":[{"href":"https:\/\/blumiz.com\/es\/wp-json\/wp\/v2\/media?parent=11635"}],"wp:term":[{"taxonomy":"product_brand","embeddable":true,"href":"https:\/\/blumiz.com\/es\/wp-json\/wp\/v2\/product_brand?post=11635"},{"taxonomy":"product_cat","embeddable":true,"href":"https:\/\/blumiz.com\/es\/wp-json\/wp\/v2\/product_cat?post=11635"},{"taxonomy":"product_tag","embeddable":true,"href":"https:\/\/blumiz.com\/es\/wp-json\/wp\/v2\/product_tag?post=11635"}],"curies":[{"name":"wp","href":"https:\/\/api.w.org\/{rel}","templated":true}]}}