{"id":12421,"date":"2023-06-08T08:51:29","date_gmt":"2023-06-08T07:51:29","guid":{"rendered":"https:\/\/blumiz.com\/?post_type=product&#038;p=12421"},"modified":"2025-10-07T09:50:43","modified_gmt":"2025-10-07T08:50:43","slug":"grinder-metal-champ-4-piezas-alto-rainbow-65mm","status":"publish","type":"product","link":"https:\/\/blumiz.com\/es\/producto\/grinder-metal-champ-4-piezas-alto-rainbow-65mm\/","title":{"rendered":"GRINDER CHAMP 4 PIEZAS ALTO \u2013 RAINBOW \u2013 65mm"},"content":{"rendered":"<h3>Un Grinder met\u00e1lico en los colores del arco iris \ud83c\udf08<\/h3>\n<p>\u00bfBusca un molino elegante para enrollar bolsas de alta calidad? D\u00e9jese seducir por la amoladora de aluminio Rainbow Diamond Cutting y sus colores del arco iris. Pero no se deje enga\u00f1ar por este llamativo colorido, brilla intensamente y su elegante aspecto de diamante despertar\u00e1 el deseo. Los pomos dentados en los bordes del objeto proporcionan un agarre agradable y al mismo tiempo ofrecen una mejor sujeci\u00f3n al moler sus hierbas favoritas. Los 28 dientes en forma de diamante de esta amoladora est\u00e1n dispuestos con una precisi\u00f3n excepcional para un afilado uniforme, mientras que las letras Champ High de la parte superior dan fe de la atenci\u00f3n al detalle que se ha puesto en su fabricaci\u00f3n.<\/p>\n<p>En poco tiempo, este grinder de alta calidad se convertir\u00e1 en tu aliado indispensable para una experiencia de disfrute excepcional. Gracias a sus 65 mm de di\u00e1metro, podr\u00e1s moler una gran cantidad de CBD de una sola vez. \u00a1D\u00e9jate llevar por su belleza y practicidad y disfruta del resultado de tu resultado gracias a esta pepita! \ud83c\udf6a<\/p>\n<p>&nbsp;<\/p>\n","protected":false},"excerpt":{"rendered":"<h2 class=\"h1\">AMOLADORA ARCO IRIS CORTE DIAMANTE &#8211; 4 PIEZAS METAL &#8211; CHAMP HIGH<\/h2>\n<p>&nbsp;<\/p>\n","protected":false},"featured_media":12424,"comment_status":"open","ping_status":"closed","template":"","meta":{"site-sidebar-layout":"default","site-content-layout":"default","ast-site-content-layout":"default","site-content-style":"default","site-sidebar-style":"default","ast-global-header-display":"","ast-banner-title-visibility":"","ast-main-header-display":"","ast-hfb-above-header-display":"","ast-hfb-below-header-display":"","ast-hfb-mobile-header-display":"","site-post-title":"","ast-breadcrumbs-content":"","ast-featured-img":"","footer-sml-layout":"","ast-disable-related-posts":"","theme-transparent-header-meta":"default","adv-header-id-meta":"","stick-header-meta":"default","header-above-stick-meta":"","header-main-stick-meta":"","header-below-stick-meta":"","astra-migrate-meta-layouts":"default","ast-page-background-enabled":"default","ast-page-background-meta":{"desktop":{"background-color":"","background-image":"","background-repeat":"repeat","background-position":"center center","background-size":"auto","background-attachment":"scroll","background-type":"","background-media":"","overlay-type":"","overlay-color":"","overlay-opacity":"","overlay-gradient":""},"tablet":{"background-color":"","background-image":"","background-repeat":"repeat","background-position":"center center","background-size":"auto","background-attachment":"scroll","background-type":"","background-media":"","overlay-type":"","overlay-color":"","overlay-opacity":"","overlay-gradient":""},"mobile":{"background-color":"","background-image":"","background-repeat":"repeat","background-position":"center center","background-size":"auto","background-attachment":"scroll","background-type":"","background-media":"","overlay-type":"","overlay-color":"","overlay-opacity":"","overlay-gradient":""}},"ast-content-background-meta":{"desktop":{"background-color":"var(--ast-global-color-5)","background-image":"","background-repeat":"repeat","background-position":"center center","background-size":"auto","background-attachment":"scroll","background-type":"","background-media":"","overlay-type":"","overlay-color":"","overlay-opacity":"","overlay-gradient":""},"tablet":{"background-color":"var(--ast-global-color-5)","background-image":"","background-repeat":"repeat","background-position":"center center","background-size":"auto","background-attachment":"scroll","background-type":"","background-media":"","overlay-type":"","overlay-color":"","overlay-opacity":"","overlay-gradient":""},"mobile":{"background-color":"var(--ast-global-color-5)","background-image":"","background-repeat":"repeat","background-position":"center center","background-size":"auto","background-attachment":"scroll","background-type":"","background-media":"","overlay-type":"","overlay-color":"","overlay-opacity":"","overlay-gradient":""}}},"product_brand":[],"product_cat":[267],"product_tag":[],"class_list":{"0":"post-12421","1":"product","2":"type-product","3":"status-publish","4":"has-post-thumbnail","6":"product_cat-headshop-es","7":"desktop-align-left","8":"tablet-align-center","9":"mobile-align-left","10":"ast-product-gallery-layout-vertical","11":"ast-product-gallery-with-no-image","12":"ast-magnify-disabled","13":"ast-product-tabs-layout-horizontal","15":"first","16":"instock","17":"taxable","18":"shipping-taxable","19":"purchasable","20":"product-type-simple"},"yoast_head":"<!-- This site is optimized with the Yoast SEO Premium plugin v27.2 (Yoast SEO v27.4) - https:\/\/yoast.com\/product\/yoast-seo-premium-wordpress\/ -->\n<title>GRINDER METAL DE 4 PIEZAS CHAMP HIGH - RAINBOW<\/title>\n<meta name=\"description\" content=\"GRINDER METAL DE 4 PIEZAS CHAMP HIGH - D\u00e9jese seducir por la afiladora de aluminio Rainbow Diamond Cutting y sus colores del arco iris.\" \/>\n<meta name=\"robots\" content=\"index, follow, max-snippet:-1, max-image-preview:large, max-video-preview:-1\" \/>\n<link rel=\"canonical\" href=\"https:\/\/blumiz.com\/es\/producto\/grinder-metal-champ-4-piezas-alto-rainbow-65mm\/\" \/>\n<meta property=\"og:locale\" content=\"es_ES\" \/>\n<meta property=\"og:type\" content=\"article\" \/>\n<meta property=\"og:title\" content=\"GRINDER CHAMP 4 PIEZAS ALTO \u2013 RAINBOW \u2013 65mm\" \/>\n<meta property=\"og:description\" content=\"GRINDER CHAMP 4 PIEZAS ALTO \u2013 RAINBOW \u2013 65mm Blumiz - Premium CBD\" \/>\n<meta property=\"og:url\" content=\"https:\/\/blumiz.com\/es\/producto\/grinder-metal-champ-4-piezas-alto-rainbow-65mm\/\" \/>\n<meta property=\"og:site_name\" content=\"Blumiz - Premium CBD\" \/>\n<meta property=\"article:modified_time\" content=\"2025-10-07T08:50:43+00:00\" \/>\n<meta property=\"og:image\" content=\"https:\/\/blumiz.com\/wp-content\/uploads\/2023\/06\/4-TEILIGER-METALL-GRINDER-CHAMP-HIGH-Regenbogen-65mm.webp\" \/>\n\t<meta property=\"og:image:width\" content=\"600\" \/>\n\t<meta property=\"og:image:height\" content=\"600\" \/>\n\t<meta property=\"og:image:type\" content=\"image\/webp\" \/>\n<meta name=\"twitter:card\" content=\"summary_large_image\" \/>\n<meta name=\"twitter:label1\" content=\"Precio\" \/>\n\t<meta name=\"twitter:data1\" content=\"21,90&nbsp;&euro;\" \/>\n\t<meta name=\"twitter:label2\" content=\"Disponibilidad\" \/>\n\t<meta name=\"twitter:data2\" content=\"Disponible\" \/>\n<script type=\"application\/ld+json\" class=\"yoast-schema-graph\">{\"@context\":\"https:\\\/\\\/schema.org\",\"@graph\":[{\"@type\":\"WebPage\",\"@id\":\"https:\\\/\\\/blumiz.com\\\/es\\\/producto\\\/grinder-metal-champ-4-piezas-alto-rainbow-65mm\\\/\",\"url\":\"https:\\\/\\\/blumiz.com\\\/es\\\/producto\\\/grinder-metal-champ-4-piezas-alto-rainbow-65mm\\\/\",\"name\":\"GRINDER METAL DE 4 PIEZAS CHAMP HIGH - RAINBOW\",\"isPartOf\":{\"@id\":\"https:\\\/\\\/blumiz.com\\\/es\\\/#website\"},\"primaryImageOfPage\":{\"@id\":\"https:\\\/\\\/blumiz.com\\\/es\\\/producto\\\/grinder-metal-champ-4-piezas-alto-rainbow-65mm\\\/#primaryimage\"},\"image\":{\"@id\":\"https:\\\/\\\/blumiz.com\\\/es\\\/producto\\\/grinder-metal-champ-4-piezas-alto-rainbow-65mm\\\/#primaryimage\"},\"thumbnailUrl\":\"https:\\\/\\\/blumiz.com\\\/wp-content\\\/uploads\\\/2023\\\/06\\\/4-TEILIGER-METALL-GRINDER-CHAMP-HIGH-Regenbogen-65mm.webp\",\"datePublished\":\"2023-06-08T07:51:29+00:00\",\"dateModified\":\"2025-10-07T08:50:43+00:00\",\"description\":\"GRINDER METAL DE 4 PIEZAS CHAMP HIGH - D\u00e9jese seducir por la afiladora de aluminio Rainbow Diamond Cutting y sus colores del arco iris.\",\"breadcrumb\":{\"@id\":\"https:\\\/\\\/blumiz.com\\\/es\\\/producto\\\/grinder-metal-champ-4-piezas-alto-rainbow-65mm\\\/#breadcrumb\"},\"inLanguage\":\"es\",\"potentialAction\":[{\"@type\":\"ReadAction\",\"target\":[\"https:\\\/\\\/blumiz.com\\\/es\\\/producto\\\/grinder-metal-champ-4-piezas-alto-rainbow-65mm\\\/\"]}]},{\"@type\":\"ImageObject\",\"inLanguage\":\"es\",\"@id\":\"https:\\\/\\\/blumiz.com\\\/es\\\/producto\\\/grinder-metal-champ-4-piezas-alto-rainbow-65mm\\\/#primaryimage\",\"url\":\"https:\\\/\\\/blumiz.com\\\/wp-content\\\/uploads\\\/2023\\\/06\\\/4-TEILIGER-METALL-GRINDER-CHAMP-HIGH-Regenbogen-65mm.webp\",\"contentUrl\":\"https:\\\/\\\/blumiz.com\\\/wp-content\\\/uploads\\\/2023\\\/06\\\/4-TEILIGER-METALL-GRINDER-CHAMP-HIGH-Regenbogen-65mm.webp\",\"width\":600,\"height\":600,\"caption\":\"GRINDER 4 t\"},{\"@type\":\"BreadcrumbList\",\"@id\":\"https:\\\/\\\/blumiz.com\\\/es\\\/producto\\\/grinder-metal-champ-4-piezas-alto-rainbow-65mm\\\/#breadcrumb\",\"itemListElement\":[{\"@type\":\"ListItem\",\"position\":1,\"name\":\"Blumiz\",\"item\":\"https:\\\/\\\/blumiz.com\\\/es\\\/\"},{\"@type\":\"ListItem\",\"position\":2,\"name\":\"CBD Shop\",\"item\":\"https:\\\/\\\/blumiz.com\\\/es\\\/tienda\\\/\"},{\"@type\":\"ListItem\",\"position\":3,\"name\":\"HeadShop\",\"item\":\"https:\\\/\\\/blumiz.com\\\/es\\\/category\\\/headshop-es\\\/\"},{\"@type\":\"ListItem\",\"position\":4,\"name\":\"GRINDER CHAMP 4 PIEZAS ALTO \u2013 RAINBOW \u2013 65mm\"}]},{\"@type\":\"WebSite\",\"@id\":\"https:\\\/\\\/blumiz.com\\\/es\\\/#website\",\"url\":\"https:\\\/\\\/blumiz.com\\\/es\\\/\",\"name\":\"Blumiz - Premium CBD\",\"description\":\"Un CBD al mejor precio y de calidad superior\",\"publisher\":{\"@id\":\"https:\\\/\\\/blumiz.com\\\/es\\\/#organization\"},\"alternateName\":\"Blumiz\",\"potentialAction\":[{\"@type\":\"SearchAction\",\"target\":{\"@type\":\"EntryPoint\",\"urlTemplate\":\"https:\\\/\\\/blumiz.com\\\/es\\\/?s={search_term_string}\"},\"query-input\":{\"@type\":\"PropertyValueSpecification\",\"valueRequired\":true,\"valueName\":\"search_term_string\"}}],\"inLanguage\":\"es\"},{\"@type\":\"Organization\",\"@id\":\"https:\\\/\\\/blumiz.com\\\/es\\\/#organization\",\"name\":\"Blumiz CBD\",\"alternateName\":\"Blumiz\",\"url\":\"https:\\\/\\\/blumiz.com\\\/es\\\/\",\"logo\":{\"@type\":\"ImageObject\",\"inLanguage\":\"es\",\"@id\":\"https:\\\/\\\/blumiz.com\\\/es\\\/#\\\/schema\\\/logo\\\/image\\\/\",\"url\":\"https:\\\/\\\/blumiz.com\\\/wp-content\\\/uploads\\\/2026\\\/02\\\/cropped-Blumiz-CBD-logo.webp\",\"contentUrl\":\"https:\\\/\\\/blumiz.com\\\/wp-content\\\/uploads\\\/2026\\\/02\\\/cropped-Blumiz-CBD-logo.webp\",\"width\":2547,\"height\":778,\"caption\":\"Blumiz CBD\"},\"image\":{\"@id\":\"https:\\\/\\\/blumiz.com\\\/es\\\/#\\\/schema\\\/logo\\\/image\\\/\"}}]}<\/script>\n<meta property=\"product:price:amount\" content=\"21.90\" \/>\n<meta property=\"product:price:currency\" content=\"EUR\" \/>\n<meta property=\"og:availability\" content=\"instock\" \/>\n<meta property=\"product:availability\" content=\"instock\" \/>\n<meta property=\"product:retailer_item_id\" content=\"1648942\" \/>\n<meta property=\"product:condition\" content=\"new\" \/>\n<!-- \/ Yoast SEO Premium plugin. -->","yoast_head_json":{"title":"GRINDER METAL DE 4 PIEZAS CHAMP HIGH - RAINBOW","description":"GRINDER METAL DE 4 PIEZAS CHAMP HIGH - D\u00e9jese seducir por la afiladora de aluminio Rainbow Diamond Cutting y sus colores del arco iris.","robots":{"index":"index","follow":"follow","max-snippet":"max-snippet:-1","max-image-preview":"max-image-preview:large","max-video-preview":"max-video-preview:-1"},"canonical":"https:\/\/blumiz.com\/es\/producto\/grinder-metal-champ-4-piezas-alto-rainbow-65mm\/","og_locale":"es_ES","og_type":"article","og_title":"GRINDER CHAMP 4 PIEZAS ALTO \u2013 RAINBOW \u2013 65mm","og_description":"GRINDER CHAMP 4 PIEZAS ALTO \u2013 RAINBOW \u2013 65mm Blumiz - Premium CBD","og_url":"https:\/\/blumiz.com\/es\/producto\/grinder-metal-champ-4-piezas-alto-rainbow-65mm\/","og_site_name":"Blumiz - Premium CBD","article_modified_time":"2025-10-07T08:50:43+00:00","og_image":[{"width":600,"height":600,"url":"https:\/\/blumiz.com\/wp-content\/uploads\/2023\/06\/4-TEILIGER-METALL-GRINDER-CHAMP-HIGH-Regenbogen-65mm.webp","type":"image\/webp"}],"twitter_card":"summary_large_image","twitter_misc":{"Precio":"21,90&nbsp;&euro;","Disponibilidad":"Disponible"},"schema":{"@context":"https:\/\/schema.org","@graph":[{"@type":"WebPage","@id":"https:\/\/blumiz.com\/es\/producto\/grinder-metal-champ-4-piezas-alto-rainbow-65mm\/","url":"https:\/\/blumiz.com\/es\/producto\/grinder-metal-champ-4-piezas-alto-rainbow-65mm\/","name":"GRINDER METAL DE 4 PIEZAS CHAMP HIGH - RAINBOW","isPartOf":{"@id":"https:\/\/blumiz.com\/es\/#website"},"primaryImageOfPage":{"@id":"https:\/\/blumiz.com\/es\/producto\/grinder-metal-champ-4-piezas-alto-rainbow-65mm\/#primaryimage"},"image":{"@id":"https:\/\/blumiz.com\/es\/producto\/grinder-metal-champ-4-piezas-alto-rainbow-65mm\/#primaryimage"},"thumbnailUrl":"https:\/\/blumiz.com\/wp-content\/uploads\/2023\/06\/4-TEILIGER-METALL-GRINDER-CHAMP-HIGH-Regenbogen-65mm.webp","datePublished":"2023-06-08T07:51:29+00:00","dateModified":"2025-10-07T08:50:43+00:00","description":"GRINDER METAL DE 4 PIEZAS CHAMP HIGH - D\u00e9jese seducir por la afiladora de aluminio Rainbow Diamond Cutting y sus colores del arco iris.","breadcrumb":{"@id":"https:\/\/blumiz.com\/es\/producto\/grinder-metal-champ-4-piezas-alto-rainbow-65mm\/#breadcrumb"},"inLanguage":"es","potentialAction":[{"@type":"ReadAction","target":["https:\/\/blumiz.com\/es\/producto\/grinder-metal-champ-4-piezas-alto-rainbow-65mm\/"]}]},{"@type":"ImageObject","inLanguage":"es","@id":"https:\/\/blumiz.com\/es\/producto\/grinder-metal-champ-4-piezas-alto-rainbow-65mm\/#primaryimage","url":"https:\/\/blumiz.com\/wp-content\/uploads\/2023\/06\/4-TEILIGER-METALL-GRINDER-CHAMP-HIGH-Regenbogen-65mm.webp","contentUrl":"https:\/\/blumiz.com\/wp-content\/uploads\/2023\/06\/4-TEILIGER-METALL-GRINDER-CHAMP-HIGH-Regenbogen-65mm.webp","width":600,"height":600,"caption":"GRINDER 4 t"},{"@type":"BreadcrumbList","@id":"https:\/\/blumiz.com\/es\/producto\/grinder-metal-champ-4-piezas-alto-rainbow-65mm\/#breadcrumb","itemListElement":[{"@type":"ListItem","position":1,"name":"Blumiz","item":"https:\/\/blumiz.com\/es\/"},{"@type":"ListItem","position":2,"name":"CBD Shop","item":"https:\/\/blumiz.com\/es\/tienda\/"},{"@type":"ListItem","position":3,"name":"HeadShop","item":"https:\/\/blumiz.com\/es\/category\/headshop-es\/"},{"@type":"ListItem","position":4,"name":"GRINDER CHAMP 4 PIEZAS ALTO \u2013 RAINBOW \u2013 65mm"}]},{"@type":"WebSite","@id":"https:\/\/blumiz.com\/es\/#website","url":"https:\/\/blumiz.com\/es\/","name":"Blumiz - Premium CBD","description":"Un CBD al mejor precio y de calidad superior","publisher":{"@id":"https:\/\/blumiz.com\/es\/#organization"},"alternateName":"Blumiz","potentialAction":[{"@type":"SearchAction","target":{"@type":"EntryPoint","urlTemplate":"https:\/\/blumiz.com\/es\/?s={search_term_string}"},"query-input":{"@type":"PropertyValueSpecification","valueRequired":true,"valueName":"search_term_string"}}],"inLanguage":"es"},{"@type":"Organization","@id":"https:\/\/blumiz.com\/es\/#organization","name":"Blumiz CBD","alternateName":"Blumiz","url":"https:\/\/blumiz.com\/es\/","logo":{"@type":"ImageObject","inLanguage":"es","@id":"https:\/\/blumiz.com\/es\/#\/schema\/logo\/image\/","url":"https:\/\/blumiz.com\/wp-content\/uploads\/2026\/02\/cropped-Blumiz-CBD-logo.webp","contentUrl":"https:\/\/blumiz.com\/wp-content\/uploads\/2026\/02\/cropped-Blumiz-CBD-logo.webp","width":2547,"height":778,"caption":"Blumiz CBD"},"image":{"@id":"https:\/\/blumiz.com\/es\/#\/schema\/logo\/image\/"}}]},"product_price_amount":"21.90","product_price_currency":"EUR","og_availability":"instock","product_availability":"instock","product_retailer_item_id":"1648942","product_condition":"new"},"_links":{"self":[{"href":"https:\/\/blumiz.com\/es\/wp-json\/wp\/v2\/product\/12421","targetHints":{"allow":["GET"]}}],"collection":[{"href":"https:\/\/blumiz.com\/es\/wp-json\/wp\/v2\/product"}],"about":[{"href":"https:\/\/blumiz.com\/es\/wp-json\/wp\/v2\/types\/product"}],"replies":[{"embeddable":true,"href":"https:\/\/blumiz.com\/es\/wp-json\/wp\/v2\/comments?post=12421"}],"version-history":[{"count":0,"href":"https:\/\/blumiz.com\/es\/wp-json\/wp\/v2\/product\/12421\/revisions"}],"wp:featuredmedia":[{"embeddable":true,"href":"https:\/\/blumiz.com\/es\/wp-json\/wp\/v2\/media\/12424"}],"wp:attachment":[{"href":"https:\/\/blumiz.com\/es\/wp-json\/wp\/v2\/media?parent=12421"}],"wp:term":[{"taxonomy":"product_brand","embeddable":true,"href":"https:\/\/blumiz.com\/es\/wp-json\/wp\/v2\/product_brand?post=12421"},{"taxonomy":"product_cat","embeddable":true,"href":"https:\/\/blumiz.com\/es\/wp-json\/wp\/v2\/product_cat?post=12421"},{"taxonomy":"product_tag","embeddable":true,"href":"https:\/\/blumiz.com\/es\/wp-json\/wp\/v2\/product_tag?post=12421"}],"curies":[{"name":"wp","href":"https:\/\/api.w.org\/{rel}","templated":true}]}}