{"id":12612,"date":"2023-06-16T19:28:07","date_gmt":"2023-06-16T18:28:07","guid":{"rendered":"https:\/\/blumiz.com\/produkt\/crumble-cbd-90\/"},"modified":"2025-02-11T13:03:18","modified_gmt":"2025-02-11T12:03:18","slug":"cbd-crumble-90","status":"publish","type":"product","link":"https:\/\/blumiz.com\/es\/producto\/cbd-crumble-90\/","title":{"rendered":"Crumble CBD 90%"},"content":{"rendered":"<h2>Concentrado Crumble CBD 90% &#8211; Experiencia \u00danica de Cannabidiol<\/h2>\n<h3><strong>\u00bfQu\u00e9 es el crumble CBD ?<\/strong><\/h3>\n<p>Estamos orgullosos de presentar nuestro <strong>Crumble CBD 90%<\/strong>. Esta f\u00f3rmula potente y concentrada ofrece una experiencia excepcional de cannabidiol. Elaborado con esmero a partir de c\u00e1\u00f1amo de alta calidad y sometido a rigurosas pruebas para garantizar su pureza, nuestro Crumble CBD 90% es la opci\u00f3n ideal para quienes buscan los beneficios del CBD en una forma altamente concentrada.<\/p>\n<h3><strong>Extracto de c\u00e1\u00f1amo de espectro completo:<\/strong><\/h3>\n<p>El crumble es un extracto de c\u00e1\u00f1amo de espectro completo y contiene una amplia gama de cannabinoides, terpenos y otros compuestos beneficiosos que se encuentran de forma natural en el c\u00e1\u00f1amo. El cannabidiol (CBD) es uno de los principales componentes del c\u00e1\u00f1amo y se valora por sus posibles beneficios para la salud.<\/p>\n<h3><strong>Proceso de extracci\u00f3n avanzado:<\/strong><\/h3>\n<p>Nuestro CBD Crumble 90% se elabora cuidadosamente utilizando m\u00e9todos de extracci\u00f3n avanzados para preservar los compuestos naturales del c\u00e1\u00f1amo. Este proceso permite obtener una alta concentraci\u00f3n de CBD, mientras que el contenido de THC, el componente psicoactivo del cannabis, est\u00e1 por debajo del l\u00edmite legal del 0,2. As\u00ed, puedes disfrutar de los beneficios del CBD sin tener que preocuparte por los efectos no deseados del THC.<\/p>\n<h3><strong>Usos vers\u00e1tiles:<\/strong><\/h3>\n<p>El Cannabidiol Crumble 90% es muy popular debido a su versatilidad. Puedes a\u00f1adirlo a tu vaporizador de CBD, hacer tus propios e-l\u00edquidos con \u00e9l o incluso utilizarlo en tus recetas de cocina. Su textura desmenuzable facilita una dosificaci\u00f3n precisa y le permite personalizar su experiencia seg\u00fan sus necesidades y preferencias.<\/p>\n<h3><strong>Opiniones de los clientes:<\/strong><\/h3>\n<p>Los usuarios de Crumble CBD 90% informan de una variedad de beneficios que incluyen la relajaci\u00f3n, la reducci\u00f3n del estr\u00e9s y la ansiedad, y el apoyo a un sue\u00f1o reparador. Descubre los efectos positivos del crumble por ti mismo y disfruta de una experiencia excepcional con cannabidiol.<\/p>\n<p>Este producto es uno de los productos de CBD m\u00e1s fuertes y se recomienda dosificarlo con cuidado, ya que la concentraci\u00f3n es muy importante y puede no ser adecuada para algunas personas.<\/p>\n<p>Puede encontrar m\u00e1s informaci\u00f3n sobre <a href=\"https:\/\/www.leafly.com\/brands\/core-concentrates\/products\/core-concentrates-crumble\">el crumbleaqu\u00ed.<\/a><\/p>\n<p>Tambi\u00e9n puedes encontrar la variante con sabor a Amnesia Haze en la Amnesia CBD Crumble o con CBG en la variante CBG Crumble.<\/p>\n<p>Descubra tambi\u00e9n aqu\u00ed nuestras <a href=\"\/?product_cat=cbd-blueten\">Flores CBD<\/a><\/p>\n<p>Una pregunta, \u00bfnecesitas ayuda?  <a href=\"https:\/\/blumiz.com\/hilfe-und-faqs\/\">Haga clic aqu\u00ed para descubrir nuestro centro de ayuda.<\/a><\/p>\n<p>&nbsp;<\/p>\n","protected":false},"excerpt":{"rendered":"<h2>Concentrado Crumble CBD 90% &#8211; Experiencia \u00fanica de cannabidiol<\/h2>\n<p>Descubre la excelencia de <strong>Crumble CBD 90%<\/strong>. Disfruta de la versatilidad y los beneficios potenciales del cannabidiol concentrado.<\/p>\n","protected":false},"featured_media":12597,"comment_status":"open","ping_status":"closed","template":"","meta":{"site-sidebar-layout":"default","site-content-layout":"default","ast-site-content-layout":"default","site-content-style":"default","site-sidebar-style":"default","ast-global-header-display":"","ast-banner-title-visibility":"","ast-main-header-display":"","ast-hfb-above-header-display":"","ast-hfb-below-header-display":"","ast-hfb-mobile-header-display":"","site-post-title":"","ast-breadcrumbs-content":"","ast-featured-img":"","footer-sml-layout":"","ast-disable-related-posts":"","theme-transparent-header-meta":"default","adv-header-id-meta":"","stick-header-meta":"default","header-above-stick-meta":"","header-main-stick-meta":"","header-below-stick-meta":"","astra-migrate-meta-layouts":"default","ast-page-background-enabled":"default","ast-page-background-meta":{"desktop":{"background-color":"","background-image":"","background-repeat":"repeat","background-position":"center center","background-size":"auto","background-attachment":"scroll","background-type":"","background-media":"","overlay-type":"","overlay-color":"","overlay-opacity":"","overlay-gradient":""},"tablet":{"background-color":"","background-image":"","background-repeat":"repeat","background-position":"center center","background-size":"auto","background-attachment":"scroll","background-type":"","background-media":"","overlay-type":"","overlay-color":"","overlay-opacity":"","overlay-gradient":""},"mobile":{"background-color":"","background-image":"","background-repeat":"repeat","background-position":"center center","background-size":"auto","background-attachment":"scroll","background-type":"","background-media":"","overlay-type":"","overlay-color":"","overlay-opacity":"","overlay-gradient":""}},"ast-content-background-meta":{"desktop":{"background-color":"var(--ast-global-color-5)","background-image":"","background-repeat":"repeat","background-position":"center center","background-size":"auto","background-attachment":"scroll","background-type":"","background-media":"","overlay-type":"","overlay-color":"","overlay-opacity":"","overlay-gradient":""},"tablet":{"background-color":"var(--ast-global-color-5)","background-image":"","background-repeat":"repeat","background-position":"center center","background-size":"auto","background-attachment":"scroll","background-type":"","background-media":"","overlay-type":"","overlay-color":"","overlay-opacity":"","overlay-gradient":""},"mobile":{"background-color":"var(--ast-global-color-5)","background-image":"","background-repeat":"repeat","background-position":"center center","background-size":"auto","background-attachment":"scroll","background-type":"","background-media":"","overlay-type":"","overlay-color":"","overlay-opacity":"","overlay-gradient":""}}},"product_brand":[],"product_cat":[305,264,262],"product_tag":[],"class_list":{"0":"post-12612","1":"product","2":"type-product","3":"status-publish","4":"has-post-thumbnail","6":"product_cat-cbd-es","7":"product_cat-concentrados-cbd","8":"product_cat-hachis-y-concentrados","9":"desktop-align-left","10":"tablet-align-center","11":"mobile-align-left","12":"ast-product-gallery-layout-vertical","13":"ast-product-gallery-with-no-image","14":"ast-magnify-disabled","15":"ast-product-single-variable","16":"ast-product-tabs-layout-horizontal","18":"first","19":"instock","20":"taxable","21":"shipping-taxable","22":"purchasable","23":"product-type-variable"},"yoast_head":"<!-- This site is optimized with the Yoast SEO Premium plugin v27.2 (Yoast SEO v27.4) - https:\/\/yoast.com\/product\/yoast-seo-premium-wordpress\/ -->\n<title>Crumble CBD 90% - \u00a1Un efecto extremadamente potente! a partir de 10 \u20ac\/g<\/title>\n<meta name=\"description\" content=\"Crumble CBD 90% - Blumiz - Premium CBD 2 reglas: Calidad y precio - entrega r\u00e1pida y discreta - a partir de 10 euros el gramo - extracto de CBD eficaz.\" \/>\n<meta name=\"robots\" content=\"index, follow, max-snippet:-1, max-image-preview:large, max-video-preview:-1\" \/>\n<link rel=\"canonical\" href=\"https:\/\/blumiz.com\/es\/producto\/cbd-crumble-90\/\" \/>\n<meta property=\"og:locale\" content=\"es_ES\" \/>\n<meta property=\"og:type\" content=\"article\" \/>\n<meta property=\"og:title\" content=\"Crumble CBD 90%\" \/>\n<meta property=\"og:description\" content=\"Crumble CBD 90% Blumiz - Premium CBD\" \/>\n<meta property=\"og:url\" content=\"https:\/\/blumiz.com\/es\/producto\/cbd-crumble-90\/\" \/>\n<meta property=\"og:site_name\" content=\"Blumiz - Premium CBD\" \/>\n<meta property=\"article:modified_time\" content=\"2025-02-11T12:03:18+00:00\" \/>\n<meta property=\"og:image\" content=\"https:\/\/blumiz.com\/wp-content\/uploads\/2023\/06\/CBD-CRUMBLE-90.webp\" \/>\n\t<meta property=\"og:image:width\" content=\"600\" \/>\n\t<meta property=\"og:image:height\" content=\"600\" \/>\n\t<meta property=\"og:image:type\" content=\"image\/webp\" \/>\n<meta name=\"twitter:card\" content=\"summary_large_image\" \/>\n<meta name=\"twitter:label1\" content=\"Disponibilidad\" \/>\n\t<meta name=\"twitter:data1\" content=\"Disponible\" \/>\n<script type=\"application\/ld+json\" class=\"yoast-schema-graph\">{\"@context\":\"https:\\\/\\\/schema.org\",\"@graph\":[{\"@type\":\"WebPage\",\"@id\":\"https:\\\/\\\/blumiz.com\\\/es\\\/producto\\\/cbd-crumble-90\\\/\",\"url\":\"https:\\\/\\\/blumiz.com\\\/es\\\/producto\\\/cbd-crumble-90\\\/\",\"name\":\"Crumble CBD 90% - \u00a1Un efecto extremadamente potente! a partir de 10 \u20ac\\\/g\",\"isPartOf\":{\"@id\":\"https:\\\/\\\/blumiz.com\\\/es\\\/#website\"},\"primaryImageOfPage\":{\"@id\":\"https:\\\/\\\/blumiz.com\\\/es\\\/producto\\\/cbd-crumble-90\\\/#primaryimage\"},\"image\":{\"@id\":\"https:\\\/\\\/blumiz.com\\\/es\\\/producto\\\/cbd-crumble-90\\\/#primaryimage\"},\"thumbnailUrl\":\"https:\\\/\\\/blumiz.com\\\/wp-content\\\/uploads\\\/2023\\\/06\\\/CBD-CRUMBLE-90.webp\",\"datePublished\":\"2023-06-16T18:28:07+00:00\",\"dateModified\":\"2025-02-11T12:03:18+00:00\",\"description\":\"Crumble CBD 90% - Blumiz - Premium CBD 2 reglas: Calidad y precio - entrega r\u00e1pida y discreta - a partir de 10 euros el gramo - extracto de CBD eficaz.\",\"breadcrumb\":{\"@id\":\"https:\\\/\\\/blumiz.com\\\/es\\\/producto\\\/cbd-crumble-90\\\/#breadcrumb\"},\"inLanguage\":\"es\",\"potentialAction\":[{\"@type\":\"ReadAction\",\"target\":[\"https:\\\/\\\/blumiz.com\\\/es\\\/producto\\\/cbd-crumble-90\\\/\"]}]},{\"@type\":\"ImageObject\",\"inLanguage\":\"es\",\"@id\":\"https:\\\/\\\/blumiz.com\\\/es\\\/producto\\\/cbd-crumble-90\\\/#primaryimage\",\"url\":\"https:\\\/\\\/blumiz.com\\\/wp-content\\\/uploads\\\/2023\\\/06\\\/CBD-CRUMBLE-90.webp\",\"contentUrl\":\"https:\\\/\\\/blumiz.com\\\/wp-content\\\/uploads\\\/2023\\\/06\\\/CBD-CRUMBLE-90.webp\",\"width\":600,\"height\":600,\"caption\":\"cbd-bl\u00fcten.de\"},{\"@type\":\"BreadcrumbList\",\"@id\":\"https:\\\/\\\/blumiz.com\\\/es\\\/producto\\\/cbd-crumble-90\\\/#breadcrumb\",\"itemListElement\":[{\"@type\":\"ListItem\",\"position\":1,\"name\":\"Blumiz\",\"item\":\"https:\\\/\\\/blumiz.com\\\/es\\\/\"},{\"@type\":\"ListItem\",\"position\":2,\"name\":\"CBD Shop\",\"item\":\"https:\\\/\\\/blumiz.com\\\/es\\\/tienda\\\/\"},{\"@type\":\"ListItem\",\"position\":3,\"name\":\"Hachis y concentrados\",\"item\":\"https:\\\/\\\/blumiz.com\\\/es\\\/category\\\/hachis-y-concentrados\\\/\"},{\"@type\":\"ListItem\",\"position\":4,\"name\":\"Concentrados CBD\",\"item\":\"https:\\\/\\\/blumiz.com\\\/es\\\/category\\\/hachis-y-concentrados\\\/concentrados-cbd\\\/\"},{\"@type\":\"ListItem\",\"position\":5,\"name\":\"Crumble CBD 90%\"}]},{\"@type\":\"WebSite\",\"@id\":\"https:\\\/\\\/blumiz.com\\\/es\\\/#website\",\"url\":\"https:\\\/\\\/blumiz.com\\\/es\\\/\",\"name\":\"Blumiz - Premium CBD\",\"description\":\"Un CBD al mejor precio y de calidad superior\",\"publisher\":{\"@id\":\"https:\\\/\\\/blumiz.com\\\/es\\\/#organization\"},\"alternateName\":\"Blumiz\",\"potentialAction\":[{\"@type\":\"SearchAction\",\"target\":{\"@type\":\"EntryPoint\",\"urlTemplate\":\"https:\\\/\\\/blumiz.com\\\/es\\\/?s={search_term_string}\"},\"query-input\":{\"@type\":\"PropertyValueSpecification\",\"valueRequired\":true,\"valueName\":\"search_term_string\"}}],\"inLanguage\":\"es\"},{\"@type\":\"Organization\",\"@id\":\"https:\\\/\\\/blumiz.com\\\/es\\\/#organization\",\"name\":\"Blumiz CBD\",\"alternateName\":\"Blumiz\",\"url\":\"https:\\\/\\\/blumiz.com\\\/es\\\/\",\"logo\":{\"@type\":\"ImageObject\",\"inLanguage\":\"es\",\"@id\":\"https:\\\/\\\/blumiz.com\\\/es\\\/#\\\/schema\\\/logo\\\/image\\\/\",\"url\":\"https:\\\/\\\/blumiz.com\\\/wp-content\\\/uploads\\\/2026\\\/02\\\/cropped-Blumiz-CBD-logo.webp\",\"contentUrl\":\"https:\\\/\\\/blumiz.com\\\/wp-content\\\/uploads\\\/2026\\\/02\\\/cropped-Blumiz-CBD-logo.webp\",\"width\":2547,\"height\":778,\"caption\":\"Blumiz CBD\"},\"image\":{\"@id\":\"https:\\\/\\\/blumiz.com\\\/es\\\/#\\\/schema\\\/logo\\\/image\\\/\"}}]}<\/script>\n<meta property=\"og:availability\" content=\"instock\" \/>\n<meta property=\"product:availability\" content=\"instock\" \/>\n<meta property=\"product:condition\" content=\"new\" \/>\n<!-- \/ Yoast SEO Premium plugin. -->","yoast_head_json":{"title":"Crumble CBD 90% - \u00a1Un efecto extremadamente potente! a partir de 10 \u20ac\/g","description":"Crumble CBD 90% - Blumiz - Premium CBD 2 reglas: Calidad y precio - entrega r\u00e1pida y discreta - a partir de 10 euros el gramo - extracto de CBD eficaz.","robots":{"index":"index","follow":"follow","max-snippet":"max-snippet:-1","max-image-preview":"max-image-preview:large","max-video-preview":"max-video-preview:-1"},"canonical":"https:\/\/blumiz.com\/es\/producto\/cbd-crumble-90\/","og_locale":"es_ES","og_type":"article","og_title":"Crumble CBD 90%","og_description":"Crumble CBD 90% Blumiz - Premium CBD","og_url":"https:\/\/blumiz.com\/es\/producto\/cbd-crumble-90\/","og_site_name":"Blumiz - Premium CBD","article_modified_time":"2025-02-11T12:03:18+00:00","og_image":[{"width":600,"height":600,"url":"https:\/\/blumiz.com\/wp-content\/uploads\/2023\/06\/CBD-CRUMBLE-90.webp","type":"image\/webp"}],"twitter_card":"summary_large_image","twitter_misc":{"Disponibilidad":"Disponible"},"schema":{"@context":"https:\/\/schema.org","@graph":[{"@type":"WebPage","@id":"https:\/\/blumiz.com\/es\/producto\/cbd-crumble-90\/","url":"https:\/\/blumiz.com\/es\/producto\/cbd-crumble-90\/","name":"Crumble CBD 90% - \u00a1Un efecto extremadamente potente! a partir de 10 \u20ac\/g","isPartOf":{"@id":"https:\/\/blumiz.com\/es\/#website"},"primaryImageOfPage":{"@id":"https:\/\/blumiz.com\/es\/producto\/cbd-crumble-90\/#primaryimage"},"image":{"@id":"https:\/\/blumiz.com\/es\/producto\/cbd-crumble-90\/#primaryimage"},"thumbnailUrl":"https:\/\/blumiz.com\/wp-content\/uploads\/2023\/06\/CBD-CRUMBLE-90.webp","datePublished":"2023-06-16T18:28:07+00:00","dateModified":"2025-02-11T12:03:18+00:00","description":"Crumble CBD 90% - Blumiz - Premium CBD 2 reglas: Calidad y precio - entrega r\u00e1pida y discreta - a partir de 10 euros el gramo - extracto de CBD eficaz.","breadcrumb":{"@id":"https:\/\/blumiz.com\/es\/producto\/cbd-crumble-90\/#breadcrumb"},"inLanguage":"es","potentialAction":[{"@type":"ReadAction","target":["https:\/\/blumiz.com\/es\/producto\/cbd-crumble-90\/"]}]},{"@type":"ImageObject","inLanguage":"es","@id":"https:\/\/blumiz.com\/es\/producto\/cbd-crumble-90\/#primaryimage","url":"https:\/\/blumiz.com\/wp-content\/uploads\/2023\/06\/CBD-CRUMBLE-90.webp","contentUrl":"https:\/\/blumiz.com\/wp-content\/uploads\/2023\/06\/CBD-CRUMBLE-90.webp","width":600,"height":600,"caption":"cbd-bl\u00fcten.de"},{"@type":"BreadcrumbList","@id":"https:\/\/blumiz.com\/es\/producto\/cbd-crumble-90\/#breadcrumb","itemListElement":[{"@type":"ListItem","position":1,"name":"Blumiz","item":"https:\/\/blumiz.com\/es\/"},{"@type":"ListItem","position":2,"name":"CBD Shop","item":"https:\/\/blumiz.com\/es\/tienda\/"},{"@type":"ListItem","position":3,"name":"Hachis y concentrados","item":"https:\/\/blumiz.com\/es\/category\/hachis-y-concentrados\/"},{"@type":"ListItem","position":4,"name":"Concentrados CBD","item":"https:\/\/blumiz.com\/es\/category\/hachis-y-concentrados\/concentrados-cbd\/"},{"@type":"ListItem","position":5,"name":"Crumble CBD 90%"}]},{"@type":"WebSite","@id":"https:\/\/blumiz.com\/es\/#website","url":"https:\/\/blumiz.com\/es\/","name":"Blumiz - Premium CBD","description":"Un CBD al mejor precio y de calidad superior","publisher":{"@id":"https:\/\/blumiz.com\/es\/#organization"},"alternateName":"Blumiz","potentialAction":[{"@type":"SearchAction","target":{"@type":"EntryPoint","urlTemplate":"https:\/\/blumiz.com\/es\/?s={search_term_string}"},"query-input":{"@type":"PropertyValueSpecification","valueRequired":true,"valueName":"search_term_string"}}],"inLanguage":"es"},{"@type":"Organization","@id":"https:\/\/blumiz.com\/es\/#organization","name":"Blumiz CBD","alternateName":"Blumiz","url":"https:\/\/blumiz.com\/es\/","logo":{"@type":"ImageObject","inLanguage":"es","@id":"https:\/\/blumiz.com\/es\/#\/schema\/logo\/image\/","url":"https:\/\/blumiz.com\/wp-content\/uploads\/2026\/02\/cropped-Blumiz-CBD-logo.webp","contentUrl":"https:\/\/blumiz.com\/wp-content\/uploads\/2026\/02\/cropped-Blumiz-CBD-logo.webp","width":2547,"height":778,"caption":"Blumiz CBD"},"image":{"@id":"https:\/\/blumiz.com\/es\/#\/schema\/logo\/image\/"}}]},"og_availability":"instock","product_availability":"instock","product_condition":"new"},"_links":{"self":[{"href":"https:\/\/blumiz.com\/es\/wp-json\/wp\/v2\/product\/12612","targetHints":{"allow":["GET"]}}],"collection":[{"href":"https:\/\/blumiz.com\/es\/wp-json\/wp\/v2\/product"}],"about":[{"href":"https:\/\/blumiz.com\/es\/wp-json\/wp\/v2\/types\/product"}],"replies":[{"embeddable":true,"href":"https:\/\/blumiz.com\/es\/wp-json\/wp\/v2\/comments?post=12612"}],"version-history":[{"count":0,"href":"https:\/\/blumiz.com\/es\/wp-json\/wp\/v2\/product\/12612\/revisions"}],"wp:featuredmedia":[{"embeddable":true,"href":"https:\/\/blumiz.com\/es\/wp-json\/wp\/v2\/media\/12597"}],"wp:attachment":[{"href":"https:\/\/blumiz.com\/es\/wp-json\/wp\/v2\/media?parent=12612"}],"wp:term":[{"taxonomy":"product_brand","embeddable":true,"href":"https:\/\/blumiz.com\/es\/wp-json\/wp\/v2\/product_brand?post=12612"},{"taxonomy":"product_cat","embeddable":true,"href":"https:\/\/blumiz.com\/es\/wp-json\/wp\/v2\/product_cat?post=12612"},{"taxonomy":"product_tag","embeddable":true,"href":"https:\/\/blumiz.com\/es\/wp-json\/wp\/v2\/product_tag?post=12612"}],"curies":[{"name":"wp","href":"https:\/\/api.w.org\/{rel}","templated":true}]}}