{"id":12776,"date":"2023-07-06T15:31:06","date_gmt":"2023-07-06T14:31:06","guid":{"rendered":"https:\/\/blumiz.com\/?post_type=product&#038;p=12776"},"modified":"2025-08-11T17:54:22","modified_gmt":"2025-08-11T16:54:22","slug":"comprimidos-masticables-cbd-1200mg-cannalina-x20","status":"publish","type":"product","link":"https:\/\/blumiz.com\/es\/producto\/comprimidos-masticables-cbd-1200mg-cannalina-x20\/","title":{"rendered":"CBD Comprimidos Masticables 1200MG Cannalina x20"},"content":{"rendered":"<h2>Comprimidos masticables de CBD con vitaminas del complejo B &#8211; 1200 mg CBD<\/h2>\n<p>Es f\u00e1cil sentirse cansado, inquieto y desconcentrado cuando se vive en un mundo tan ajetreado y presionado. Sin embargo, \u00a1tenemos la soluci\u00f3n ideal para contrarrestarlo!<br \/>\nCon un delicioso sabor a fresa, repletos de vitaminas B1, B3, B6, B12 y biotina, estos comprimidos masticables de CBD pueden contrarrestar tu carencia vitam\u00ednica causante de tu fatiga y falta de concentraci\u00f3n.<br \/>\nToma s\u00f3lo un comprimido al d\u00eda para intentar reducir la tensi\u00f3n de tus nervios y emociones. Cada comprimido contiene 60 mg de CBD, para que puedas obtener tu dosis diaria de CBD.<\/p>\n<h3>Nota: No superar los 70 mg en 24 horas.<\/h3>\n<p>Al ser la forma m\u00e1s sencilla de ingerir CBD, los comprimidos masticables ofrecen a los clientes la oportunidad de probar el CBD sin las conjeturas asociadas a otras formas. Adem\u00e1s, los sabores naturales con infusi\u00f3n de fresa hacen que sea una pastilla f\u00e1cil de tragar en cualquier lugar. <\/p>\n<p>Contiene CBD y biotina de alta calidad que, una vez consumidos, se absorben en el torrente sangu\u00edneo y empiezan a actuar.<\/p>\n<p>Las propiedades de la biotina pueden ayudar a mantener la piel y el cabello sanos, y a descomponer cualquier alimento que ingieras en az\u00facar para utilizarlo como energ\u00eda. Con 20 comprimidos por envase, compra hoy tus comprimidos a granel y gu\u00e1rdalos hasta 24 meses para asegurarte de que no te falte ni un solo d\u00eda y mant\u00e9n a raya la desgana, la fatiga, etc. El suplemento debe tomarse despu\u00e9s de las comidas, pero no est\u00e1 indicado para curar o tratar ninguna enfermedad ni para mujeres embarazadas. <\/p>\n","protected":false},"excerpt":{"rendered":"<h2>Comprimidos masticables de CBD<\/h2>\n<p>Cantidad: 20 unidades<br \/>\nCBD: 1200 mg (60 mg por comprimido)<\/p>\n","protected":false},"featured_media":12779,"comment_status":"open","ping_status":"closed","template":"","meta":{"site-sidebar-layout":"default","site-content-layout":"default","ast-site-content-layout":"default","site-content-style":"default","site-sidebar-style":"default","ast-global-header-display":"","ast-banner-title-visibility":"","ast-main-header-display":"","ast-hfb-above-header-display":"","ast-hfb-below-header-display":"","ast-hfb-mobile-header-display":"","site-post-title":"","ast-breadcrumbs-content":"","ast-featured-img":"","footer-sml-layout":"","ast-disable-related-posts":"","theme-transparent-header-meta":"default","adv-header-id-meta":"","stick-header-meta":"default","header-above-stick-meta":"","header-main-stick-meta":"","header-below-stick-meta":"","astra-migrate-meta-layouts":"default","ast-page-background-enabled":"default","ast-page-background-meta":{"desktop":{"background-color":"","background-image":"","background-repeat":"repeat","background-position":"center center","background-size":"auto","background-attachment":"scroll","background-type":"","background-media":"","overlay-type":"","overlay-color":"","overlay-opacity":"","overlay-gradient":""},"tablet":{"background-color":"","background-image":"","background-repeat":"repeat","background-position":"center center","background-size":"auto","background-attachment":"scroll","background-type":"","background-media":"","overlay-type":"","overlay-color":"","overlay-opacity":"","overlay-gradient":""},"mobile":{"background-color":"","background-image":"","background-repeat":"repeat","background-position":"center center","background-size":"auto","background-attachment":"scroll","background-type":"","background-media":"","overlay-type":"","overlay-color":"","overlay-opacity":"","overlay-gradient":""}},"ast-content-background-meta":{"desktop":{"background-color":"var(--ast-global-color-5)","background-image":"","background-repeat":"repeat","background-position":"center center","background-size":"auto","background-attachment":"scroll","background-type":"","background-media":"","overlay-type":"","overlay-color":"","overlay-opacity":"","overlay-gradient":""},"tablet":{"background-color":"var(--ast-global-color-5)","background-image":"","background-repeat":"repeat","background-position":"center center","background-size":"auto","background-attachment":"scroll","background-type":"","background-media":"","overlay-type":"","overlay-color":"","overlay-opacity":"","overlay-gradient":""},"mobile":{"background-color":"var(--ast-global-color-5)","background-image":"","background-repeat":"repeat","background-position":"center center","background-size":"auto","background-attachment":"scroll","background-type":"","background-media":"","overlay-type":"","overlay-color":"","overlay-opacity":"","overlay-gradient":""}}},"product_brand":[],"product_cat":[273,271,305],"product_tag":[],"class_list":{"0":"post-12776","1":"product","2":"type-product","3":"status-publish","4":"has-post-thumbnail","6":"product_cat-aceites-y-capsulas","7":"product_cat-bienestar-cbd","8":"product_cat-cbd-es","9":"desktop-align-left","10":"tablet-align-center","11":"mobile-align-left","12":"ast-product-gallery-layout-vertical","13":"ast-product-gallery-with-no-image","14":"ast-magnify-disabled","15":"ast-product-tabs-layout-horizontal","17":"first","18":"outofstock","19":"taxable","20":"shipping-taxable","21":"purchasable","22":"product-type-simple"},"yoast_head":"<!-- This site is optimized with the Yoast SEO Premium plugin v27.2 (Yoast SEO v27.4) - https:\/\/yoast.com\/product\/yoast-seo-premium-wordpress\/ -->\n<title>CBD Comprimidos Masticables 1200MG Cannalina x20 - Blumiz - Premium CBD<\/title>\n<meta name=\"description\" content=\"CBD Tabletas Masticables 1200MG Cannaline x20 - %%page% - Suplementos de CBD de Alta Calidad al Mejor Precio - Entrega R\u00e1pida- Blumiz - Premium CBD.\" \/>\n<meta name=\"robots\" content=\"index, follow, max-snippet:-1, max-image-preview:large, max-video-preview:-1\" \/>\n<link rel=\"canonical\" href=\"https:\/\/blumiz.com\/es\/producto\/comprimidos-masticables-cbd-1200mg-cannalina-x20\/\" \/>\n<meta property=\"og:locale\" content=\"es_ES\" \/>\n<meta property=\"og:type\" content=\"article\" \/>\n<meta property=\"og:title\" content=\"CBD Comprimidos Masticables 1200MG Cannalina x20\" \/>\n<meta property=\"og:description\" content=\"CBD Comprimidos Masticables 1200MG Cannalina x20 Blumiz - Premium CBD\" \/>\n<meta property=\"og:url\" content=\"https:\/\/blumiz.com\/es\/producto\/comprimidos-masticables-cbd-1200mg-cannalina-x20\/\" \/>\n<meta property=\"og:site_name\" content=\"Blumiz - Premium CBD\" \/>\n<meta property=\"article:modified_time\" content=\"2025-08-11T16:54:22+00:00\" \/>\n<meta property=\"og:image\" content=\"https:\/\/blumiz.com\/wp-content\/uploads\/2023\/07\/CBD-Kautabletten.webp\" \/>\n\t<meta property=\"og:image:width\" content=\"600\" \/>\n\t<meta property=\"og:image:height\" content=\"600\" \/>\n\t<meta property=\"og:image:type\" content=\"image\/webp\" \/>\n<meta name=\"twitter:card\" content=\"summary_large_image\" \/>\n<meta name=\"twitter:label1\" content=\"Precio\" \/>\n\t<meta name=\"twitter:data1\" content=\"14,50&nbsp;&euro;\" \/>\n\t<meta name=\"twitter:label2\" content=\"Disponibilidad\" \/>\n\t<meta name=\"twitter:data2\" content=\"Sin existencias\" \/>\n<script type=\"application\/ld+json\" class=\"yoast-schema-graph\">{\"@context\":\"https:\\\/\\\/schema.org\",\"@graph\":[{\"@type\":\"WebPage\",\"@id\":\"https:\\\/\\\/blumiz.com\\\/es\\\/producto\\\/comprimidos-masticables-cbd-1200mg-cannalina-x20\\\/\",\"url\":\"https:\\\/\\\/blumiz.com\\\/es\\\/producto\\\/comprimidos-masticables-cbd-1200mg-cannalina-x20\\\/\",\"name\":\"CBD Comprimidos Masticables 1200MG Cannalina x20 - Blumiz - Premium CBD\",\"isPartOf\":{\"@id\":\"https:\\\/\\\/blumiz.com\\\/es\\\/#website\"},\"primaryImageOfPage\":{\"@id\":\"https:\\\/\\\/blumiz.com\\\/es\\\/producto\\\/comprimidos-masticables-cbd-1200mg-cannalina-x20\\\/#primaryimage\"},\"image\":{\"@id\":\"https:\\\/\\\/blumiz.com\\\/es\\\/producto\\\/comprimidos-masticables-cbd-1200mg-cannalina-x20\\\/#primaryimage\"},\"thumbnailUrl\":\"https:\\\/\\\/blumiz.com\\\/wp-content\\\/uploads\\\/2023\\\/07\\\/CBD-Kautabletten.webp\",\"datePublished\":\"2023-07-06T14:31:06+00:00\",\"dateModified\":\"2025-08-11T16:54:22+00:00\",\"description\":\"CBD Tabletas Masticables 1200MG Cannaline x20 - %%page% - Suplementos de CBD de Alta Calidad al Mejor Precio - Entrega R\u00e1pida- Blumiz - Premium CBD.\",\"breadcrumb\":{\"@id\":\"https:\\\/\\\/blumiz.com\\\/es\\\/producto\\\/comprimidos-masticables-cbd-1200mg-cannalina-x20\\\/#breadcrumb\"},\"inLanguage\":\"es\",\"potentialAction\":[{\"@type\":\"ReadAction\",\"target\":[\"https:\\\/\\\/blumiz.com\\\/es\\\/producto\\\/comprimidos-masticables-cbd-1200mg-cannalina-x20\\\/\"]}]},{\"@type\":\"ImageObject\",\"inLanguage\":\"es\",\"@id\":\"https:\\\/\\\/blumiz.com\\\/es\\\/producto\\\/comprimidos-masticables-cbd-1200mg-cannalina-x20\\\/#primaryimage\",\"url\":\"https:\\\/\\\/blumiz.com\\\/wp-content\\\/uploads\\\/2023\\\/07\\\/CBD-Kautabletten.webp\",\"contentUrl\":\"https:\\\/\\\/blumiz.com\\\/wp-content\\\/uploads\\\/2023\\\/07\\\/CBD-Kautabletten.webp\",\"width\":600,\"height\":600,\"caption\":\"CBD-Kautabletten\"},{\"@type\":\"BreadcrumbList\",\"@id\":\"https:\\\/\\\/blumiz.com\\\/es\\\/producto\\\/comprimidos-masticables-cbd-1200mg-cannalina-x20\\\/#breadcrumb\",\"itemListElement\":[{\"@type\":\"ListItem\",\"position\":1,\"name\":\"Blumiz\",\"item\":\"https:\\\/\\\/blumiz.com\\\/es\\\/\"},{\"@type\":\"ListItem\",\"position\":2,\"name\":\"CBD Shop\",\"item\":\"https:\\\/\\\/blumiz.com\\\/es\\\/tienda\\\/\"},{\"@type\":\"ListItem\",\"position\":3,\"name\":\"Bienestar CBD\",\"item\":\"https:\\\/\\\/blumiz.com\\\/es\\\/category\\\/bienestar-cbd\\\/\"},{\"@type\":\"ListItem\",\"position\":4,\"name\":\"Aceites y c\u00e1psulas\",\"item\":\"https:\\\/\\\/blumiz.com\\\/es\\\/category\\\/bienestar-cbd\\\/aceites-y-capsulas\\\/\"},{\"@type\":\"ListItem\",\"position\":5,\"name\":\"CBD Comprimidos Masticables 1200MG Cannalina x20\"}]},{\"@type\":\"WebSite\",\"@id\":\"https:\\\/\\\/blumiz.com\\\/es\\\/#website\",\"url\":\"https:\\\/\\\/blumiz.com\\\/es\\\/\",\"name\":\"Blumiz - Premium CBD\",\"description\":\"Un CBD al mejor precio y de calidad superior\",\"publisher\":{\"@id\":\"https:\\\/\\\/blumiz.com\\\/es\\\/#organization\"},\"alternateName\":\"Blumiz\",\"potentialAction\":[{\"@type\":\"SearchAction\",\"target\":{\"@type\":\"EntryPoint\",\"urlTemplate\":\"https:\\\/\\\/blumiz.com\\\/es\\\/?s={search_term_string}\"},\"query-input\":{\"@type\":\"PropertyValueSpecification\",\"valueRequired\":true,\"valueName\":\"search_term_string\"}}],\"inLanguage\":\"es\"},{\"@type\":\"Organization\",\"@id\":\"https:\\\/\\\/blumiz.com\\\/es\\\/#organization\",\"name\":\"Blumiz CBD\",\"alternateName\":\"Blumiz\",\"url\":\"https:\\\/\\\/blumiz.com\\\/es\\\/\",\"logo\":{\"@type\":\"ImageObject\",\"inLanguage\":\"es\",\"@id\":\"https:\\\/\\\/blumiz.com\\\/es\\\/#\\\/schema\\\/logo\\\/image\\\/\",\"url\":\"https:\\\/\\\/blumiz.com\\\/wp-content\\\/uploads\\\/2026\\\/02\\\/cropped-Blumiz-CBD-logo.webp\",\"contentUrl\":\"https:\\\/\\\/blumiz.com\\\/wp-content\\\/uploads\\\/2026\\\/02\\\/cropped-Blumiz-CBD-logo.webp\",\"width\":2547,\"height\":778,\"caption\":\"Blumiz CBD\"},\"image\":{\"@id\":\"https:\\\/\\\/blumiz.com\\\/es\\\/#\\\/schema\\\/logo\\\/image\\\/\"}}]}<\/script>\n<meta property=\"product:price:amount\" content=\"14.50\" \/>\n<meta property=\"product:price:currency\" content=\"EUR\" \/>\n<meta property=\"og:availability\" content=\"out of stock\" \/>\n<meta property=\"product:availability\" content=\"out of stock\" \/>\n<meta property=\"product:retailer_item_id\" content=\"947942\" \/>\n<meta property=\"product:condition\" content=\"new\" \/>\n<!-- \/ Yoast SEO Premium plugin. -->","yoast_head_json":{"title":"CBD Comprimidos Masticables 1200MG Cannalina x20 - Blumiz - Premium CBD","description":"CBD Tabletas Masticables 1200MG Cannaline x20 - %%page% - Suplementos de CBD de Alta Calidad al Mejor Precio - Entrega R\u00e1pida- Blumiz - Premium CBD.","robots":{"index":"index","follow":"follow","max-snippet":"max-snippet:-1","max-image-preview":"max-image-preview:large","max-video-preview":"max-video-preview:-1"},"canonical":"https:\/\/blumiz.com\/es\/producto\/comprimidos-masticables-cbd-1200mg-cannalina-x20\/","og_locale":"es_ES","og_type":"article","og_title":"CBD Comprimidos Masticables 1200MG Cannalina x20","og_description":"CBD Comprimidos Masticables 1200MG Cannalina x20 Blumiz - Premium CBD","og_url":"https:\/\/blumiz.com\/es\/producto\/comprimidos-masticables-cbd-1200mg-cannalina-x20\/","og_site_name":"Blumiz - Premium CBD","article_modified_time":"2025-08-11T16:54:22+00:00","og_image":[{"width":600,"height":600,"url":"https:\/\/blumiz.com\/wp-content\/uploads\/2023\/07\/CBD-Kautabletten.webp","type":"image\/webp"}],"twitter_card":"summary_large_image","twitter_misc":{"Precio":"14,50&nbsp;&euro;","Disponibilidad":"Sin existencias"},"schema":{"@context":"https:\/\/schema.org","@graph":[{"@type":"WebPage","@id":"https:\/\/blumiz.com\/es\/producto\/comprimidos-masticables-cbd-1200mg-cannalina-x20\/","url":"https:\/\/blumiz.com\/es\/producto\/comprimidos-masticables-cbd-1200mg-cannalina-x20\/","name":"CBD Comprimidos Masticables 1200MG Cannalina x20 - Blumiz - Premium CBD","isPartOf":{"@id":"https:\/\/blumiz.com\/es\/#website"},"primaryImageOfPage":{"@id":"https:\/\/blumiz.com\/es\/producto\/comprimidos-masticables-cbd-1200mg-cannalina-x20\/#primaryimage"},"image":{"@id":"https:\/\/blumiz.com\/es\/producto\/comprimidos-masticables-cbd-1200mg-cannalina-x20\/#primaryimage"},"thumbnailUrl":"https:\/\/blumiz.com\/wp-content\/uploads\/2023\/07\/CBD-Kautabletten.webp","datePublished":"2023-07-06T14:31:06+00:00","dateModified":"2025-08-11T16:54:22+00:00","description":"CBD Tabletas Masticables 1200MG Cannaline x20 - %%page% - Suplementos de CBD de Alta Calidad al Mejor Precio - Entrega R\u00e1pida- Blumiz - Premium CBD.","breadcrumb":{"@id":"https:\/\/blumiz.com\/es\/producto\/comprimidos-masticables-cbd-1200mg-cannalina-x20\/#breadcrumb"},"inLanguage":"es","potentialAction":[{"@type":"ReadAction","target":["https:\/\/blumiz.com\/es\/producto\/comprimidos-masticables-cbd-1200mg-cannalina-x20\/"]}]},{"@type":"ImageObject","inLanguage":"es","@id":"https:\/\/blumiz.com\/es\/producto\/comprimidos-masticables-cbd-1200mg-cannalina-x20\/#primaryimage","url":"https:\/\/blumiz.com\/wp-content\/uploads\/2023\/07\/CBD-Kautabletten.webp","contentUrl":"https:\/\/blumiz.com\/wp-content\/uploads\/2023\/07\/CBD-Kautabletten.webp","width":600,"height":600,"caption":"CBD-Kautabletten"},{"@type":"BreadcrumbList","@id":"https:\/\/blumiz.com\/es\/producto\/comprimidos-masticables-cbd-1200mg-cannalina-x20\/#breadcrumb","itemListElement":[{"@type":"ListItem","position":1,"name":"Blumiz","item":"https:\/\/blumiz.com\/es\/"},{"@type":"ListItem","position":2,"name":"CBD Shop","item":"https:\/\/blumiz.com\/es\/tienda\/"},{"@type":"ListItem","position":3,"name":"Bienestar CBD","item":"https:\/\/blumiz.com\/es\/category\/bienestar-cbd\/"},{"@type":"ListItem","position":4,"name":"Aceites y c\u00e1psulas","item":"https:\/\/blumiz.com\/es\/category\/bienestar-cbd\/aceites-y-capsulas\/"},{"@type":"ListItem","position":5,"name":"CBD Comprimidos Masticables 1200MG Cannalina x20"}]},{"@type":"WebSite","@id":"https:\/\/blumiz.com\/es\/#website","url":"https:\/\/blumiz.com\/es\/","name":"Blumiz - Premium CBD","description":"Un CBD al mejor precio y de calidad superior","publisher":{"@id":"https:\/\/blumiz.com\/es\/#organization"},"alternateName":"Blumiz","potentialAction":[{"@type":"SearchAction","target":{"@type":"EntryPoint","urlTemplate":"https:\/\/blumiz.com\/es\/?s={search_term_string}"},"query-input":{"@type":"PropertyValueSpecification","valueRequired":true,"valueName":"search_term_string"}}],"inLanguage":"es"},{"@type":"Organization","@id":"https:\/\/blumiz.com\/es\/#organization","name":"Blumiz CBD","alternateName":"Blumiz","url":"https:\/\/blumiz.com\/es\/","logo":{"@type":"ImageObject","inLanguage":"es","@id":"https:\/\/blumiz.com\/es\/#\/schema\/logo\/image\/","url":"https:\/\/blumiz.com\/wp-content\/uploads\/2026\/02\/cropped-Blumiz-CBD-logo.webp","contentUrl":"https:\/\/blumiz.com\/wp-content\/uploads\/2026\/02\/cropped-Blumiz-CBD-logo.webp","width":2547,"height":778,"caption":"Blumiz CBD"},"image":{"@id":"https:\/\/blumiz.com\/es\/#\/schema\/logo\/image\/"}}]},"product_price_amount":"14.50","product_price_currency":"EUR","og_availability":"out of stock","product_availability":"out of stock","product_retailer_item_id":"947942","product_condition":"new"},"_links":{"self":[{"href":"https:\/\/blumiz.com\/es\/wp-json\/wp\/v2\/product\/12776","targetHints":{"allow":["GET"]}}],"collection":[{"href":"https:\/\/blumiz.com\/es\/wp-json\/wp\/v2\/product"}],"about":[{"href":"https:\/\/blumiz.com\/es\/wp-json\/wp\/v2\/types\/product"}],"replies":[{"embeddable":true,"href":"https:\/\/blumiz.com\/es\/wp-json\/wp\/v2\/comments?post=12776"}],"version-history":[{"count":0,"href":"https:\/\/blumiz.com\/es\/wp-json\/wp\/v2\/product\/12776\/revisions"}],"wp:featuredmedia":[{"embeddable":true,"href":"https:\/\/blumiz.com\/es\/wp-json\/wp\/v2\/media\/12779"}],"wp:attachment":[{"href":"https:\/\/blumiz.com\/es\/wp-json\/wp\/v2\/media?parent=12776"}],"wp:term":[{"taxonomy":"product_brand","embeddable":true,"href":"https:\/\/blumiz.com\/es\/wp-json\/wp\/v2\/product_brand?post=12776"},{"taxonomy":"product_cat","embeddable":true,"href":"https:\/\/blumiz.com\/es\/wp-json\/wp\/v2\/product_cat?post=12776"},{"taxonomy":"product_tag","embeddable":true,"href":"https:\/\/blumiz.com\/es\/wp-json\/wp\/v2\/product_tag?post=12776"}],"curies":[{"name":"wp","href":"https:\/\/api.w.org\/{rel}","templated":true}]}}