{"id":12793,"date":"2023-07-06T16:12:38","date_gmt":"2023-07-06T15:12:38","guid":{"rendered":"https:\/\/blumiz.com\/?post_type=product&#038;p=12793"},"modified":"2025-02-11T13:28:14","modified_gmt":"2025-02-11T12:28:14","slug":"cbd-vape-pen-zittlez-600-mg-puff-naranja-condado-cbd","status":"publish","type":"product","link":"https:\/\/blumiz.com\/es\/producto\/cbd-vape-pen-zittlez-600-mg-puff-naranja-condado-cbd\/","title":{"rendered":"CBD Vape Pen &#8211; Zittlez &#8211; 600 mg &#8211; Puff &#8211; Orange County CBD"},"content":{"rendered":"<p>Zittlez es una variedad famosa en todo el mundo, as\u00ed que nos hemos tomado la molestia de recrearla a la perfecci\u00f3n. Cada uno de nuestros vaporizadores desechables Zittlez CBD es la mezcla perfecta de ese sabor cl\u00e1sico y una potente experiencia de CBD.<\/p>\n<p>Hemos utilizado terpenos naturales para crear este aut\u00e9ntico sabor Zittlez. Estos compuestos org\u00e1nicos se extraen junto con nuestro premiado CBD para dar a Zittlez su incomparable sabor.<\/p>\n<p>Cada uno de nuestros bol\u00edgrafos est\u00e1 precargado con 700 caladas de zumo. Con tanto zumo delicioso, seguro que hasta el m\u00e1s prol\u00edfico cocinero al vapor quedar\u00e1 satisfecho.<\/p>\n<p>Nuestro vaporizador CBD desechable Zittlez est\u00e1 hecho con CBD de amplio espectro. Con un amplio espectro de cannabinoides pero completamente libres de THC, nuestros vapes te ofrecen una potente experiencia de CBD incluso con la dosis m\u00e1s baja.<\/p>\n<p>*Tenga en cuenta que puede producirse cristalizaci\u00f3n debido a la alta concentraci\u00f3n de CBD en estos dispositivos. Mantenga la unidad caliente y cali\u00e9ntela ligeramente. Siga calentando la bobina y el aceite deber\u00eda licuarse.<\/p>\n","protected":false},"excerpt":{"rendered":"<p>\u00bfLe gustar\u00eda probar el Arco de la Cepa? Nuestro vaporizador de CBD desechable Zittlez te ayudar\u00e1 a conseguirlo. Los sabores dulces de este cigarrillo electr\u00f3nico, inspirado en una de las variedades m\u00e1s famosas de California, lo convierten en la elecci\u00f3n perfecta para disfrutar del CBD.<br \/>\nZittlez est\u00e1 fabricado con CBD de la m\u00e1s alta calidad y seguro que proporciona un efecto potente y relajante Recargable (cable no incluido)<\/p>\n","protected":false},"featured_media":12933,"comment_status":"open","ping_status":"closed","template":"","meta":{"site-sidebar-layout":"default","site-content-layout":"default","ast-site-content-layout":"default","site-content-style":"default","site-sidebar-style":"default","ast-global-header-display":"","ast-banner-title-visibility":"","ast-main-header-display":"","ast-hfb-above-header-display":"","ast-hfb-below-header-display":"","ast-hfb-mobile-header-display":"","site-post-title":"","ast-breadcrumbs-content":"","ast-featured-img":"","footer-sml-layout":"","ast-disable-related-posts":"","theme-transparent-header-meta":"default","adv-header-id-meta":"","stick-header-meta":"default","header-above-stick-meta":"","header-main-stick-meta":"","header-below-stick-meta":"","astra-migrate-meta-layouts":"default","ast-page-background-enabled":"default","ast-page-background-meta":{"desktop":{"background-color":"","background-image":"","background-repeat":"repeat","background-position":"center center","background-size":"auto","background-attachment":"scroll","background-type":"","background-media":"","overlay-type":"","overlay-color":"","overlay-opacity":"","overlay-gradient":""},"tablet":{"background-color":"","background-image":"","background-repeat":"repeat","background-position":"center center","background-size":"auto","background-attachment":"scroll","background-type":"","background-media":"","overlay-type":"","overlay-color":"","overlay-opacity":"","overlay-gradient":""},"mobile":{"background-color":"","background-image":"","background-repeat":"repeat","background-position":"center center","background-size":"auto","background-attachment":"scroll","background-type":"","background-media":"","overlay-type":"","overlay-color":"","overlay-opacity":"","overlay-gradient":""}},"ast-content-background-meta":{"desktop":{"background-color":"var(--ast-global-color-5)","background-image":"","background-repeat":"repeat","background-position":"center center","background-size":"auto","background-attachment":"scroll","background-type":"","background-media":"","overlay-type":"","overlay-color":"","overlay-opacity":"","overlay-gradient":""},"tablet":{"background-color":"var(--ast-global-color-5)","background-image":"","background-repeat":"repeat","background-position":"center center","background-size":"auto","background-attachment":"scroll","background-type":"","background-media":"","overlay-type":"","overlay-color":"","overlay-opacity":"","overlay-gradient":""},"mobile":{"background-color":"var(--ast-global-color-5)","background-image":"","background-repeat":"repeat","background-position":"center center","background-size":"auto","background-attachment":"scroll","background-type":"","background-media":"","overlay-type":"","overlay-color":"","overlay-opacity":"","overlay-gradient":""}}},"product_brand":[],"product_cat":[305,269],"product_tag":[],"class_list":{"0":"post-12793","1":"product","2":"type-product","3":"status-publish","4":"has-post-thumbnail","6":"product_cat-cbd-es","7":"product_cat-vaper-cbd","8":"desktop-align-left","9":"tablet-align-center","10":"mobile-align-left","11":"ast-product-gallery-layout-vertical","12":"ast-product-gallery-with-no-image","13":"ast-magnify-disabled","14":"ast-product-tabs-layout-horizontal","16":"first","17":"outofstock","18":"taxable","19":"shipping-taxable","20":"purchasable","21":"product-type-simple"},"yoast_head":"<!-- This site is optimized with the Yoast SEO Premium plugin v27.2 (Yoast SEO v27.3) - https:\/\/yoast.com\/product\/yoast-seo-premium-wordpress\/ -->\n<title>CBD Vape Pen - Zittlez - 600 mg - Puff - Orange County CBD - Blumiz - Premium CBD<\/title>\n<meta name=\"description\" content=\"CBD Vape Pen - Zittlez - 600 mg - Puff - Orange County CBD - Blumiz - Premium CBD - Mejor Precio - CBD - HHC - THC - HHCPO legal\" \/>\n<meta name=\"robots\" content=\"index, follow, max-snippet:-1, max-image-preview:large, max-video-preview:-1\" \/>\n<link rel=\"canonical\" href=\"https:\/\/blumiz.com\/es\/producto\/cbd-vape-pen-zittlez-600-mg-puff-naranja-condado-cbd\/\" \/>\n<meta property=\"og:locale\" content=\"es_ES\" \/>\n<meta property=\"og:type\" content=\"article\" \/>\n<meta property=\"og:title\" content=\"CBD Vape Pen - Zittlez - 600 mg - Puff - Orange County CBD\" \/>\n<meta property=\"og:description\" content=\"CBD Vape Pen - Zittlez - 600 mg - Puff - Orange County CBD Blumiz - Premium CBD\" \/>\n<meta property=\"og:url\" content=\"https:\/\/blumiz.com\/es\/producto\/cbd-vape-pen-zittlez-600-mg-puff-naranja-condado-cbd\/\" \/>\n<meta property=\"og:site_name\" content=\"Blumiz - Premium CBD\" \/>\n<meta property=\"article:modified_time\" content=\"2025-02-11T12:28:14+00:00\" \/>\n<meta property=\"og:image\" content=\"https:\/\/blumiz.com\/wp-content\/uploads\/2023\/07\/CBD-Vape-Pen-Zittlez-600-mg-Puff-Orange-County-CBD.webp\" \/>\n\t<meta property=\"og:image:width\" content=\"600\" \/>\n\t<meta property=\"og:image:height\" content=\"600\" \/>\n\t<meta property=\"og:image:type\" content=\"image\/webp\" \/>\n<meta name=\"twitter:card\" content=\"summary_large_image\" \/>\n<meta name=\"twitter:label1\" content=\"Precio\" \/>\n\t<meta name=\"twitter:data1\" content=\"29,90&nbsp;&euro;\" \/>\n\t<meta name=\"twitter:label2\" content=\"Disponibilidad\" \/>\n\t<meta name=\"twitter:data2\" content=\"Sin existencias\" \/>\n<script type=\"application\/ld+json\" class=\"yoast-schema-graph\">{\"@context\":\"https:\\\/\\\/schema.org\",\"@graph\":[{\"@type\":\"WebPage\",\"@id\":\"https:\\\/\\\/blumiz.com\\\/es\\\/producto\\\/cbd-vape-pen-zittlez-600-mg-puff-naranja-condado-cbd\\\/\",\"url\":\"https:\\\/\\\/blumiz.com\\\/es\\\/producto\\\/cbd-vape-pen-zittlez-600-mg-puff-naranja-condado-cbd\\\/\",\"name\":\"CBD Vape Pen - Zittlez - 600 mg - Puff - Orange County CBD - Blumiz - Premium CBD\",\"isPartOf\":{\"@id\":\"https:\\\/\\\/blumiz.com\\\/es\\\/#website\"},\"primaryImageOfPage\":{\"@id\":\"https:\\\/\\\/blumiz.com\\\/es\\\/producto\\\/cbd-vape-pen-zittlez-600-mg-puff-naranja-condado-cbd\\\/#primaryimage\"},\"image\":{\"@id\":\"https:\\\/\\\/blumiz.com\\\/es\\\/producto\\\/cbd-vape-pen-zittlez-600-mg-puff-naranja-condado-cbd\\\/#primaryimage\"},\"thumbnailUrl\":\"https:\\\/\\\/blumiz.com\\\/wp-content\\\/uploads\\\/2023\\\/07\\\/CBD-Vape-Pen-Zittlez-600-mg-Puff-Orange-County-CBD.webp\",\"datePublished\":\"2023-07-06T15:12:38+00:00\",\"dateModified\":\"2025-02-11T12:28:14+00:00\",\"description\":\"CBD Vape Pen - Zittlez - 600 mg - Puff - Orange County CBD - Blumiz - Premium CBD - Mejor Precio - CBD - HHC - THC - HHCPO legal\",\"breadcrumb\":{\"@id\":\"https:\\\/\\\/blumiz.com\\\/es\\\/producto\\\/cbd-vape-pen-zittlez-600-mg-puff-naranja-condado-cbd\\\/#breadcrumb\"},\"inLanguage\":\"es\",\"potentialAction\":[{\"@type\":\"ReadAction\",\"target\":[\"https:\\\/\\\/blumiz.com\\\/es\\\/producto\\\/cbd-vape-pen-zittlez-600-mg-puff-naranja-condado-cbd\\\/\"]}]},{\"@type\":\"ImageObject\",\"inLanguage\":\"es\",\"@id\":\"https:\\\/\\\/blumiz.com\\\/es\\\/producto\\\/cbd-vape-pen-zittlez-600-mg-puff-naranja-condado-cbd\\\/#primaryimage\",\"url\":\"https:\\\/\\\/blumiz.com\\\/wp-content\\\/uploads\\\/2023\\\/07\\\/CBD-Vape-Pen-Zittlez-600-mg-Puff-Orange-County-CBD.webp\",\"contentUrl\":\"https:\\\/\\\/blumiz.com\\\/wp-content\\\/uploads\\\/2023\\\/07\\\/CBD-Vape-Pen-Zittlez-600-mg-Puff-Orange-County-CBD.webp\",\"width\":600,\"height\":600,\"caption\":\"CBD Vape Pen - Zittlez - 600 mg - Puff - Orange County CBD\"},{\"@type\":\"BreadcrumbList\",\"@id\":\"https:\\\/\\\/blumiz.com\\\/es\\\/producto\\\/cbd-vape-pen-zittlez-600-mg-puff-naranja-condado-cbd\\\/#breadcrumb\",\"itemListElement\":[{\"@type\":\"ListItem\",\"position\":1,\"name\":\"Blumiz\",\"item\":\"https:\\\/\\\/blumiz.com\\\/es\\\/\"},{\"@type\":\"ListItem\",\"position\":2,\"name\":\"CBD Shop\",\"item\":\"https:\\\/\\\/blumiz.com\\\/es\\\/tienda\\\/\"},{\"@type\":\"ListItem\",\"position\":3,\"name\":\"Vaper CBD\",\"item\":\"https:\\\/\\\/blumiz.com\\\/es\\\/category\\\/vaper-cbd\\\/\"},{\"@type\":\"ListItem\",\"position\":4,\"name\":\"CBD Vape Pen &#8211; Zittlez &#8211; 600 mg &#8211; Puff &#8211; Orange County CBD\"}]},{\"@type\":\"WebSite\",\"@id\":\"https:\\\/\\\/blumiz.com\\\/es\\\/#website\",\"url\":\"https:\\\/\\\/blumiz.com\\\/es\\\/\",\"name\":\"Blumiz - Premium CBD\",\"description\":\"Un CBD al mejor precio y de calidad superior\",\"publisher\":{\"@id\":\"https:\\\/\\\/blumiz.com\\\/es\\\/#organization\"},\"alternateName\":\"Blumiz\",\"potentialAction\":[{\"@type\":\"SearchAction\",\"target\":{\"@type\":\"EntryPoint\",\"urlTemplate\":\"https:\\\/\\\/blumiz.com\\\/es\\\/?s={search_term_string}\"},\"query-input\":{\"@type\":\"PropertyValueSpecification\",\"valueRequired\":true,\"valueName\":\"search_term_string\"}}],\"inLanguage\":\"es\"},{\"@type\":\"Organization\",\"@id\":\"https:\\\/\\\/blumiz.com\\\/es\\\/#organization\",\"name\":\"Blumiz CBD\",\"alternateName\":\"Blumiz\",\"url\":\"https:\\\/\\\/blumiz.com\\\/es\\\/\",\"logo\":{\"@type\":\"ImageObject\",\"inLanguage\":\"es\",\"@id\":\"https:\\\/\\\/blumiz.com\\\/es\\\/#\\\/schema\\\/logo\\\/image\\\/\",\"url\":\"https:\\\/\\\/blumiz.com\\\/wp-content\\\/uploads\\\/2026\\\/02\\\/cropped-Blumiz-CBD-logo.webp\",\"contentUrl\":\"https:\\\/\\\/blumiz.com\\\/wp-content\\\/uploads\\\/2026\\\/02\\\/cropped-Blumiz-CBD-logo.webp\",\"width\":2547,\"height\":778,\"caption\":\"Blumiz CBD\"},\"image\":{\"@id\":\"https:\\\/\\\/blumiz.com\\\/es\\\/#\\\/schema\\\/logo\\\/image\\\/\"}}]}<\/script>\n<meta property=\"product:price:amount\" content=\"29.90\" \/>\n<meta property=\"product:price:currency\" content=\"EUR\" \/>\n<meta property=\"og:availability\" content=\"out of stock\" \/>\n<meta property=\"product:availability\" content=\"out of stock\" \/>\n<meta property=\"product:retailer_item_id\" content=\"253792\" \/>\n<meta property=\"product:condition\" content=\"new\" \/>\n<!-- \/ Yoast SEO Premium plugin. -->","yoast_head_json":{"title":"CBD Vape Pen - Zittlez - 600 mg - Puff - Orange County CBD - Blumiz - Premium CBD","description":"CBD Vape Pen - Zittlez - 600 mg - Puff - Orange County CBD - Blumiz - Premium CBD - Mejor Precio - CBD - HHC - THC - HHCPO legal","robots":{"index":"index","follow":"follow","max-snippet":"max-snippet:-1","max-image-preview":"max-image-preview:large","max-video-preview":"max-video-preview:-1"},"canonical":"https:\/\/blumiz.com\/es\/producto\/cbd-vape-pen-zittlez-600-mg-puff-naranja-condado-cbd\/","og_locale":"es_ES","og_type":"article","og_title":"CBD Vape Pen - Zittlez - 600 mg - Puff - Orange County CBD","og_description":"CBD Vape Pen - Zittlez - 600 mg - Puff - Orange County CBD Blumiz - Premium CBD","og_url":"https:\/\/blumiz.com\/es\/producto\/cbd-vape-pen-zittlez-600-mg-puff-naranja-condado-cbd\/","og_site_name":"Blumiz - Premium CBD","article_modified_time":"2025-02-11T12:28:14+00:00","og_image":[{"width":600,"height":600,"url":"https:\/\/blumiz.com\/wp-content\/uploads\/2023\/07\/CBD-Vape-Pen-Zittlez-600-mg-Puff-Orange-County-CBD.webp","type":"image\/webp"}],"twitter_card":"summary_large_image","twitter_misc":{"Precio":"29,90&nbsp;&euro;","Disponibilidad":"Sin existencias"},"schema":{"@context":"https:\/\/schema.org","@graph":[{"@type":"WebPage","@id":"https:\/\/blumiz.com\/es\/producto\/cbd-vape-pen-zittlez-600-mg-puff-naranja-condado-cbd\/","url":"https:\/\/blumiz.com\/es\/producto\/cbd-vape-pen-zittlez-600-mg-puff-naranja-condado-cbd\/","name":"CBD Vape Pen - Zittlez - 600 mg - Puff - Orange County CBD - Blumiz - Premium CBD","isPartOf":{"@id":"https:\/\/blumiz.com\/es\/#website"},"primaryImageOfPage":{"@id":"https:\/\/blumiz.com\/es\/producto\/cbd-vape-pen-zittlez-600-mg-puff-naranja-condado-cbd\/#primaryimage"},"image":{"@id":"https:\/\/blumiz.com\/es\/producto\/cbd-vape-pen-zittlez-600-mg-puff-naranja-condado-cbd\/#primaryimage"},"thumbnailUrl":"https:\/\/blumiz.com\/wp-content\/uploads\/2023\/07\/CBD-Vape-Pen-Zittlez-600-mg-Puff-Orange-County-CBD.webp","datePublished":"2023-07-06T15:12:38+00:00","dateModified":"2025-02-11T12:28:14+00:00","description":"CBD Vape Pen - Zittlez - 600 mg - Puff - Orange County CBD - Blumiz - Premium CBD - Mejor Precio - CBD - HHC - THC - HHCPO legal","breadcrumb":{"@id":"https:\/\/blumiz.com\/es\/producto\/cbd-vape-pen-zittlez-600-mg-puff-naranja-condado-cbd\/#breadcrumb"},"inLanguage":"es","potentialAction":[{"@type":"ReadAction","target":["https:\/\/blumiz.com\/es\/producto\/cbd-vape-pen-zittlez-600-mg-puff-naranja-condado-cbd\/"]}]},{"@type":"ImageObject","inLanguage":"es","@id":"https:\/\/blumiz.com\/es\/producto\/cbd-vape-pen-zittlez-600-mg-puff-naranja-condado-cbd\/#primaryimage","url":"https:\/\/blumiz.com\/wp-content\/uploads\/2023\/07\/CBD-Vape-Pen-Zittlez-600-mg-Puff-Orange-County-CBD.webp","contentUrl":"https:\/\/blumiz.com\/wp-content\/uploads\/2023\/07\/CBD-Vape-Pen-Zittlez-600-mg-Puff-Orange-County-CBD.webp","width":600,"height":600,"caption":"CBD Vape Pen - Zittlez - 600 mg - Puff - Orange County CBD"},{"@type":"BreadcrumbList","@id":"https:\/\/blumiz.com\/es\/producto\/cbd-vape-pen-zittlez-600-mg-puff-naranja-condado-cbd\/#breadcrumb","itemListElement":[{"@type":"ListItem","position":1,"name":"Blumiz","item":"https:\/\/blumiz.com\/es\/"},{"@type":"ListItem","position":2,"name":"CBD Shop","item":"https:\/\/blumiz.com\/es\/tienda\/"},{"@type":"ListItem","position":3,"name":"Vaper CBD","item":"https:\/\/blumiz.com\/es\/category\/vaper-cbd\/"},{"@type":"ListItem","position":4,"name":"CBD Vape Pen &#8211; Zittlez &#8211; 600 mg &#8211; Puff &#8211; Orange County CBD"}]},{"@type":"WebSite","@id":"https:\/\/blumiz.com\/es\/#website","url":"https:\/\/blumiz.com\/es\/","name":"Blumiz - Premium CBD","description":"Un CBD al mejor precio y de calidad superior","publisher":{"@id":"https:\/\/blumiz.com\/es\/#organization"},"alternateName":"Blumiz","potentialAction":[{"@type":"SearchAction","target":{"@type":"EntryPoint","urlTemplate":"https:\/\/blumiz.com\/es\/?s={search_term_string}"},"query-input":{"@type":"PropertyValueSpecification","valueRequired":true,"valueName":"search_term_string"}}],"inLanguage":"es"},{"@type":"Organization","@id":"https:\/\/blumiz.com\/es\/#organization","name":"Blumiz CBD","alternateName":"Blumiz","url":"https:\/\/blumiz.com\/es\/","logo":{"@type":"ImageObject","inLanguage":"es","@id":"https:\/\/blumiz.com\/es\/#\/schema\/logo\/image\/","url":"https:\/\/blumiz.com\/wp-content\/uploads\/2026\/02\/cropped-Blumiz-CBD-logo.webp","contentUrl":"https:\/\/blumiz.com\/wp-content\/uploads\/2026\/02\/cropped-Blumiz-CBD-logo.webp","width":2547,"height":778,"caption":"Blumiz CBD"},"image":{"@id":"https:\/\/blumiz.com\/es\/#\/schema\/logo\/image\/"}}]},"product_price_amount":"29.90","product_price_currency":"EUR","og_availability":"out of stock","product_availability":"out of stock","product_retailer_item_id":"253792","product_condition":"new"},"_links":{"self":[{"href":"https:\/\/blumiz.com\/es\/wp-json\/wp\/v2\/product\/12793","targetHints":{"allow":["GET"]}}],"collection":[{"href":"https:\/\/blumiz.com\/es\/wp-json\/wp\/v2\/product"}],"about":[{"href":"https:\/\/blumiz.com\/es\/wp-json\/wp\/v2\/types\/product"}],"replies":[{"embeddable":true,"href":"https:\/\/blumiz.com\/es\/wp-json\/wp\/v2\/comments?post=12793"}],"version-history":[{"count":0,"href":"https:\/\/blumiz.com\/es\/wp-json\/wp\/v2\/product\/12793\/revisions"}],"wp:featuredmedia":[{"embeddable":true,"href":"https:\/\/blumiz.com\/es\/wp-json\/wp\/v2\/media\/12933"}],"wp:attachment":[{"href":"https:\/\/blumiz.com\/es\/wp-json\/wp\/v2\/media?parent=12793"}],"wp:term":[{"taxonomy":"product_brand","embeddable":true,"href":"https:\/\/blumiz.com\/es\/wp-json\/wp\/v2\/product_brand?post=12793"},{"taxonomy":"product_cat","embeddable":true,"href":"https:\/\/blumiz.com\/es\/wp-json\/wp\/v2\/product_cat?post=12793"},{"taxonomy":"product_tag","embeddable":true,"href":"https:\/\/blumiz.com\/es\/wp-json\/wp\/v2\/product_tag?post=12793"}],"curies":[{"name":"wp","href":"https:\/\/api.w.org\/{rel}","templated":true}]}}