{"id":12821,"date":"2023-07-06T16:52:53","date_gmt":"2023-07-06T15:52:53","guid":{"rendered":"https:\/\/blumiz.com\/?post_type=product&#038;p=12821"},"modified":"2025-10-07T09:50:54","modified_gmt":"2025-10-07T08:50:54","slug":"bandeja-fumador-metal-con-magnetic-grinder-map-gorilla-glue-widescreen","status":"publish","type":"product","link":"https:\/\/blumiz.com\/es\/producto\/bandeja-fumador-metal-con-magnetic-grinder-map-gorilla-glue-widescreen\/","title":{"rendered":"Bandeja fumador met\u00e1lica con tarjeta magn\u00e9tica para molinillo &#8211; Gorilla Glue &#8211; Gran formato"},"content":{"rendered":"<h2>\u00bfBusca una nueva bandeja para rodar?<\/h2>\n<p>Las bandejas met\u00e1licas grandes Gorilla Glue de Best Buds son las mejores bandejas de liar del mercado. Est\u00e1n fabricadas con materiales de alta calidad y tienen muchas caracter\u00edsticas que las distinguen de otras bandejas. \u00a1Incluso vienen con un rascador magn\u00e9tico en el lateral para que puedas aplastar tus flores con facilidad! Disponible en varios dise\u00f1os.<br \/>\nDise\u00f1os coloridos para todos los gustos<br \/>\nNo encontrar\u00e1 una bandeja comparable en el mercado actual. No s\u00f3lo es un producto asombroso, sino tambi\u00e9n una experiencia incre\u00edble para vivir todos los d\u00edas de tu vida. \u00a1Consiga el suyo ahora!<br \/>\nCompre hoy mismo la bandeja met\u00e1lica peque\u00f1a Gorilla Glue de Best Buds.<\/p>\n<div id=\"wd-61dda6fdd8068\" class=\"title-wrapper wd-wpb set-mb-s reset-last-child wd-rs-61dda6fdd8068 wd-title-color-default wd-title-style-default text-left vc_custom_1641916174475 wd-underline-colored\">\n<div class=\"liner-continer\">\n<p class=\"woodmart-title-container title wd-font-weight- wd-fontsize-l\">Dimensiones : 18 x 28 cm<\/p>\n<\/div>\n<\/div>\n","protected":false},"excerpt":{"rendered":"<h2>Gorilla Glue Bandeja para enrollar, de calidad y no cara<\/h2>\n<p>Tama\u00f1o: 18 x 28 cm<\/p>\n","protected":false},"featured_media":12948,"comment_status":"open","ping_status":"closed","template":"","meta":{"site-sidebar-layout":"default","site-content-layout":"default","ast-site-content-layout":"default","site-content-style":"default","site-sidebar-style":"default","ast-global-header-display":"","ast-banner-title-visibility":"","ast-main-header-display":"","ast-hfb-above-header-display":"","ast-hfb-below-header-display":"","ast-hfb-mobile-header-display":"","site-post-title":"","ast-breadcrumbs-content":"","ast-featured-img":"","footer-sml-layout":"","ast-disable-related-posts":"","theme-transparent-header-meta":"default","adv-header-id-meta":"","stick-header-meta":"default","header-above-stick-meta":"","header-main-stick-meta":"","header-below-stick-meta":"","astra-migrate-meta-layouts":"default","ast-page-background-enabled":"default","ast-page-background-meta":{"desktop":{"background-color":"","background-image":"","background-repeat":"repeat","background-position":"center center","background-size":"auto","background-attachment":"scroll","background-type":"","background-media":"","overlay-type":"","overlay-color":"","overlay-opacity":"","overlay-gradient":""},"tablet":{"background-color":"","background-image":"","background-repeat":"repeat","background-position":"center center","background-size":"auto","background-attachment":"scroll","background-type":"","background-media":"","overlay-type":"","overlay-color":"","overlay-opacity":"","overlay-gradient":""},"mobile":{"background-color":"","background-image":"","background-repeat":"repeat","background-position":"center center","background-size":"auto","background-attachment":"scroll","background-type":"","background-media":"","overlay-type":"","overlay-color":"","overlay-opacity":"","overlay-gradient":""}},"ast-content-background-meta":{"desktop":{"background-color":"var(--ast-global-color-5)","background-image":"","background-repeat":"repeat","background-position":"center center","background-size":"auto","background-attachment":"scroll","background-type":"","background-media":"","overlay-type":"","overlay-color":"","overlay-opacity":"","overlay-gradient":""},"tablet":{"background-color":"var(--ast-global-color-5)","background-image":"","background-repeat":"repeat","background-position":"center center","background-size":"auto","background-attachment":"scroll","background-type":"","background-media":"","overlay-type":"","overlay-color":"","overlay-opacity":"","overlay-gradient":""},"mobile":{"background-color":"var(--ast-global-color-5)","background-image":"","background-repeat":"repeat","background-position":"center center","background-size":"auto","background-attachment":"scroll","background-type":"","background-media":"","overlay-type":"","overlay-color":"","overlay-opacity":"","overlay-gradient":""}}},"product_brand":[],"product_cat":[267],"product_tag":[],"class_list":{"0":"post-12821","1":"product","2":"type-product","3":"status-publish","4":"has-post-thumbnail","6":"product_cat-headshop-es","7":"desktop-align-left","8":"tablet-align-center","9":"mobile-align-left","10":"ast-product-gallery-layout-vertical","11":"ast-product-gallery-with-no-image","12":"ast-magnify-disabled","13":"ast-product-tabs-layout-horizontal","15":"first","16":"instock","17":"taxable","18":"shipping-taxable","19":"purchasable","20":"product-type-simple"},"yoast_head":"<!-- This site is optimized with the Yoast SEO Premium plugin v27.2 (Yoast SEO v27.4) - https:\/\/yoast.com\/product\/yoast-seo-premium-wordpress\/ -->\n<title>Bandeja para liar Gorilla Glue - Blumiz CBD<\/title>\n<meta name=\"description\" content=\"Bandeja fumador met\u00e1lica con tarjeta magn\u00e9tica para molinillo - Gorilla Glue - Gran formato - Blumiz - Premium CBD - Best Presi by Blumiz CBD\" \/>\n<meta name=\"robots\" content=\"index, follow, max-snippet:-1, max-image-preview:large, max-video-preview:-1\" \/>\n<link rel=\"canonical\" href=\"https:\/\/blumiz.com\/es\/producto\/bandeja-fumador-metal-con-magnetic-grinder-map-gorilla-glue-widescreen\/\" \/>\n<meta property=\"og:locale\" content=\"es_ES\" \/>\n<meta property=\"og:type\" content=\"article\" \/>\n<meta property=\"og:title\" content=\"Bandeja fumador met\u00e1lica con tarjeta magn\u00e9tica para molinillo - Gorilla Glue - Gran formato\" \/>\n<meta property=\"og:description\" content=\"Bandeja fumador met\u00e1lica con tarjeta magn\u00e9tica para molinillo - Gorilla Glue - Gran formato Blumiz - Premium CBD\" \/>\n<meta property=\"og:url\" content=\"https:\/\/blumiz.com\/es\/producto\/bandeja-fumador-metal-con-magnetic-grinder-map-gorilla-glue-widescreen\/\" \/>\n<meta property=\"og:site_name\" content=\"Blumiz - Premium CBD\" \/>\n<meta property=\"article:modified_time\" content=\"2025-10-07T08:50:54+00:00\" \/>\n<meta property=\"og:image\" content=\"https:\/\/blumiz.com\/wp-content\/uploads\/2023\/07\/Rolltablett-aus-Metall-mit-magnetischer-Grinder-Karte-\u2013-Gorilla-Glue.webp\" \/>\n\t<meta property=\"og:image:width\" content=\"600\" \/>\n\t<meta property=\"og:image:height\" content=\"600\" \/>\n\t<meta property=\"og:image:type\" content=\"image\/webp\" \/>\n<meta name=\"twitter:card\" content=\"summary_large_image\" \/>\n<meta name=\"twitter:label1\" content=\"Precio\" \/>\n\t<meta name=\"twitter:data1\" content=\"9,90&nbsp;&euro;\" \/>\n\t<meta name=\"twitter:label2\" content=\"Disponibilidad\" \/>\n\t<meta name=\"twitter:data2\" content=\"Disponible\" \/>\n<script type=\"application\/ld+json\" class=\"yoast-schema-graph\">{\"@context\":\"https:\\\/\\\/schema.org\",\"@graph\":[{\"@type\":\"WebPage\",\"@id\":\"https:\\\/\\\/blumiz.com\\\/es\\\/producto\\\/bandeja-fumador-metal-con-magnetic-grinder-map-gorilla-glue-widescreen\\\/\",\"url\":\"https:\\\/\\\/blumiz.com\\\/es\\\/producto\\\/bandeja-fumador-metal-con-magnetic-grinder-map-gorilla-glue-widescreen\\\/\",\"name\":\"Bandeja para liar Gorilla Glue - Blumiz CBD\",\"isPartOf\":{\"@id\":\"https:\\\/\\\/blumiz.com\\\/es\\\/#website\"},\"primaryImageOfPage\":{\"@id\":\"https:\\\/\\\/blumiz.com\\\/es\\\/producto\\\/bandeja-fumador-metal-con-magnetic-grinder-map-gorilla-glue-widescreen\\\/#primaryimage\"},\"image\":{\"@id\":\"https:\\\/\\\/blumiz.com\\\/es\\\/producto\\\/bandeja-fumador-metal-con-magnetic-grinder-map-gorilla-glue-widescreen\\\/#primaryimage\"},\"thumbnailUrl\":\"https:\\\/\\\/blumiz.com\\\/wp-content\\\/uploads\\\/2023\\\/07\\\/Rolltablett-aus-Metall-mit-magnetischer-Grinder-Karte-\u2013-Gorilla-Glue.webp\",\"datePublished\":\"2023-07-06T15:52:53+00:00\",\"dateModified\":\"2025-10-07T08:50:54+00:00\",\"description\":\"Bandeja fumador met\u00e1lica con tarjeta magn\u00e9tica para molinillo - Gorilla Glue - Gran formato - Blumiz - Premium CBD - Best Presi by Blumiz CBD\",\"breadcrumb\":{\"@id\":\"https:\\\/\\\/blumiz.com\\\/es\\\/producto\\\/bandeja-fumador-metal-con-magnetic-grinder-map-gorilla-glue-widescreen\\\/#breadcrumb\"},\"inLanguage\":\"es\",\"potentialAction\":[{\"@type\":\"ReadAction\",\"target\":[\"https:\\\/\\\/blumiz.com\\\/es\\\/producto\\\/bandeja-fumador-metal-con-magnetic-grinder-map-gorilla-glue-widescreen\\\/\"]}]},{\"@type\":\"ImageObject\",\"inLanguage\":\"es\",\"@id\":\"https:\\\/\\\/blumiz.com\\\/es\\\/producto\\\/bandeja-fumador-metal-con-magnetic-grinder-map-gorilla-glue-widescreen\\\/#primaryimage\",\"url\":\"https:\\\/\\\/blumiz.com\\\/wp-content\\\/uploads\\\/2023\\\/07\\\/Rolltablett-aus-Metall-mit-magnetischer-Grinder-Karte-\u2013-Gorilla-Glue.webp\",\"contentUrl\":\"https:\\\/\\\/blumiz.com\\\/wp-content\\\/uploads\\\/2023\\\/07\\\/Rolltablett-aus-Metall-mit-magnetischer-Grinder-Karte-\u2013-Gorilla-Glue.webp\",\"width\":600,\"height\":600,\"caption\":\"Rolltablett aus Metall mit magnetischer Grinder-Karte \u2013 Gorilla Glue\"},{\"@type\":\"BreadcrumbList\",\"@id\":\"https:\\\/\\\/blumiz.com\\\/es\\\/producto\\\/bandeja-fumador-metal-con-magnetic-grinder-map-gorilla-glue-widescreen\\\/#breadcrumb\",\"itemListElement\":[{\"@type\":\"ListItem\",\"position\":1,\"name\":\"Blumiz\",\"item\":\"https:\\\/\\\/blumiz.com\\\/es\\\/\"},{\"@type\":\"ListItem\",\"position\":2,\"name\":\"CBD Shop\",\"item\":\"https:\\\/\\\/blumiz.com\\\/es\\\/tienda\\\/\"},{\"@type\":\"ListItem\",\"position\":3,\"name\":\"HeadShop\",\"item\":\"https:\\\/\\\/blumiz.com\\\/es\\\/category\\\/headshop-es\\\/\"},{\"@type\":\"ListItem\",\"position\":4,\"name\":\"Bandeja fumador met\u00e1lica con tarjeta magn\u00e9tica para molinillo &#8211; Gorilla Glue &#8211; Gran formato\"}]},{\"@type\":\"WebSite\",\"@id\":\"https:\\\/\\\/blumiz.com\\\/es\\\/#website\",\"url\":\"https:\\\/\\\/blumiz.com\\\/es\\\/\",\"name\":\"Blumiz - Premium CBD\",\"description\":\"Un CBD al mejor precio y de calidad superior\",\"publisher\":{\"@id\":\"https:\\\/\\\/blumiz.com\\\/es\\\/#organization\"},\"alternateName\":\"Blumiz\",\"potentialAction\":[{\"@type\":\"SearchAction\",\"target\":{\"@type\":\"EntryPoint\",\"urlTemplate\":\"https:\\\/\\\/blumiz.com\\\/es\\\/?s={search_term_string}\"},\"query-input\":{\"@type\":\"PropertyValueSpecification\",\"valueRequired\":true,\"valueName\":\"search_term_string\"}}],\"inLanguage\":\"es\"},{\"@type\":\"Organization\",\"@id\":\"https:\\\/\\\/blumiz.com\\\/es\\\/#organization\",\"name\":\"Blumiz CBD\",\"alternateName\":\"Blumiz\",\"url\":\"https:\\\/\\\/blumiz.com\\\/es\\\/\",\"logo\":{\"@type\":\"ImageObject\",\"inLanguage\":\"es\",\"@id\":\"https:\\\/\\\/blumiz.com\\\/es\\\/#\\\/schema\\\/logo\\\/image\\\/\",\"url\":\"https:\\\/\\\/blumiz.com\\\/wp-content\\\/uploads\\\/2026\\\/02\\\/cropped-Blumiz-CBD-logo.webp\",\"contentUrl\":\"https:\\\/\\\/blumiz.com\\\/wp-content\\\/uploads\\\/2026\\\/02\\\/cropped-Blumiz-CBD-logo.webp\",\"width\":2547,\"height\":778,\"caption\":\"Blumiz CBD\"},\"image\":{\"@id\":\"https:\\\/\\\/blumiz.com\\\/es\\\/#\\\/schema\\\/logo\\\/image\\\/\"}}]}<\/script>\n<meta property=\"product:price:amount\" content=\"9.90\" \/>\n<meta property=\"product:price:currency\" content=\"EUR\" \/>\n<meta property=\"og:availability\" content=\"instock\" \/>\n<meta property=\"product:availability\" content=\"instock\" \/>\n<meta property=\"product:retailer_item_id\" content=\"96215911\" \/>\n<meta property=\"product:condition\" content=\"new\" \/>\n<!-- \/ Yoast SEO Premium plugin. -->","yoast_head_json":{"title":"Bandeja para liar Gorilla Glue - Blumiz CBD","description":"Bandeja fumador met\u00e1lica con tarjeta magn\u00e9tica para molinillo - Gorilla Glue - Gran formato - Blumiz - Premium CBD - Best Presi by Blumiz CBD","robots":{"index":"index","follow":"follow","max-snippet":"max-snippet:-1","max-image-preview":"max-image-preview:large","max-video-preview":"max-video-preview:-1"},"canonical":"https:\/\/blumiz.com\/es\/producto\/bandeja-fumador-metal-con-magnetic-grinder-map-gorilla-glue-widescreen\/","og_locale":"es_ES","og_type":"article","og_title":"Bandeja fumador met\u00e1lica con tarjeta magn\u00e9tica para molinillo - Gorilla Glue - Gran formato","og_description":"Bandeja fumador met\u00e1lica con tarjeta magn\u00e9tica para molinillo - Gorilla Glue - Gran formato Blumiz - Premium CBD","og_url":"https:\/\/blumiz.com\/es\/producto\/bandeja-fumador-metal-con-magnetic-grinder-map-gorilla-glue-widescreen\/","og_site_name":"Blumiz - Premium CBD","article_modified_time":"2025-10-07T08:50:54+00:00","og_image":[{"width":600,"height":600,"url":"https:\/\/blumiz.com\/wp-content\/uploads\/2023\/07\/Rolltablett-aus-Metall-mit-magnetischer-Grinder-Karte-\u2013-Gorilla-Glue.webp","type":"image\/webp"}],"twitter_card":"summary_large_image","twitter_misc":{"Precio":"9,90&nbsp;&euro;","Disponibilidad":"Disponible"},"schema":{"@context":"https:\/\/schema.org","@graph":[{"@type":"WebPage","@id":"https:\/\/blumiz.com\/es\/producto\/bandeja-fumador-metal-con-magnetic-grinder-map-gorilla-glue-widescreen\/","url":"https:\/\/blumiz.com\/es\/producto\/bandeja-fumador-metal-con-magnetic-grinder-map-gorilla-glue-widescreen\/","name":"Bandeja para liar Gorilla Glue - Blumiz CBD","isPartOf":{"@id":"https:\/\/blumiz.com\/es\/#website"},"primaryImageOfPage":{"@id":"https:\/\/blumiz.com\/es\/producto\/bandeja-fumador-metal-con-magnetic-grinder-map-gorilla-glue-widescreen\/#primaryimage"},"image":{"@id":"https:\/\/blumiz.com\/es\/producto\/bandeja-fumador-metal-con-magnetic-grinder-map-gorilla-glue-widescreen\/#primaryimage"},"thumbnailUrl":"https:\/\/blumiz.com\/wp-content\/uploads\/2023\/07\/Rolltablett-aus-Metall-mit-magnetischer-Grinder-Karte-\u2013-Gorilla-Glue.webp","datePublished":"2023-07-06T15:52:53+00:00","dateModified":"2025-10-07T08:50:54+00:00","description":"Bandeja fumador met\u00e1lica con tarjeta magn\u00e9tica para molinillo - Gorilla Glue - Gran formato - Blumiz - Premium CBD - Best Presi by Blumiz CBD","breadcrumb":{"@id":"https:\/\/blumiz.com\/es\/producto\/bandeja-fumador-metal-con-magnetic-grinder-map-gorilla-glue-widescreen\/#breadcrumb"},"inLanguage":"es","potentialAction":[{"@type":"ReadAction","target":["https:\/\/blumiz.com\/es\/producto\/bandeja-fumador-metal-con-magnetic-grinder-map-gorilla-glue-widescreen\/"]}]},{"@type":"ImageObject","inLanguage":"es","@id":"https:\/\/blumiz.com\/es\/producto\/bandeja-fumador-metal-con-magnetic-grinder-map-gorilla-glue-widescreen\/#primaryimage","url":"https:\/\/blumiz.com\/wp-content\/uploads\/2023\/07\/Rolltablett-aus-Metall-mit-magnetischer-Grinder-Karte-\u2013-Gorilla-Glue.webp","contentUrl":"https:\/\/blumiz.com\/wp-content\/uploads\/2023\/07\/Rolltablett-aus-Metall-mit-magnetischer-Grinder-Karte-\u2013-Gorilla-Glue.webp","width":600,"height":600,"caption":"Rolltablett aus Metall mit magnetischer Grinder-Karte \u2013 Gorilla Glue"},{"@type":"BreadcrumbList","@id":"https:\/\/blumiz.com\/es\/producto\/bandeja-fumador-metal-con-magnetic-grinder-map-gorilla-glue-widescreen\/#breadcrumb","itemListElement":[{"@type":"ListItem","position":1,"name":"Blumiz","item":"https:\/\/blumiz.com\/es\/"},{"@type":"ListItem","position":2,"name":"CBD Shop","item":"https:\/\/blumiz.com\/es\/tienda\/"},{"@type":"ListItem","position":3,"name":"HeadShop","item":"https:\/\/blumiz.com\/es\/category\/headshop-es\/"},{"@type":"ListItem","position":4,"name":"Bandeja fumador met\u00e1lica con tarjeta magn\u00e9tica para molinillo &#8211; Gorilla Glue &#8211; Gran formato"}]},{"@type":"WebSite","@id":"https:\/\/blumiz.com\/es\/#website","url":"https:\/\/blumiz.com\/es\/","name":"Blumiz - Premium CBD","description":"Un CBD al mejor precio y de calidad superior","publisher":{"@id":"https:\/\/blumiz.com\/es\/#organization"},"alternateName":"Blumiz","potentialAction":[{"@type":"SearchAction","target":{"@type":"EntryPoint","urlTemplate":"https:\/\/blumiz.com\/es\/?s={search_term_string}"},"query-input":{"@type":"PropertyValueSpecification","valueRequired":true,"valueName":"search_term_string"}}],"inLanguage":"es"},{"@type":"Organization","@id":"https:\/\/blumiz.com\/es\/#organization","name":"Blumiz CBD","alternateName":"Blumiz","url":"https:\/\/blumiz.com\/es\/","logo":{"@type":"ImageObject","inLanguage":"es","@id":"https:\/\/blumiz.com\/es\/#\/schema\/logo\/image\/","url":"https:\/\/blumiz.com\/wp-content\/uploads\/2026\/02\/cropped-Blumiz-CBD-logo.webp","contentUrl":"https:\/\/blumiz.com\/wp-content\/uploads\/2026\/02\/cropped-Blumiz-CBD-logo.webp","width":2547,"height":778,"caption":"Blumiz CBD"},"image":{"@id":"https:\/\/blumiz.com\/es\/#\/schema\/logo\/image\/"}}]},"product_price_amount":"9.90","product_price_currency":"EUR","og_availability":"instock","product_availability":"instock","product_retailer_item_id":"96215911","product_condition":"new"},"_links":{"self":[{"href":"https:\/\/blumiz.com\/es\/wp-json\/wp\/v2\/product\/12821","targetHints":{"allow":["GET"]}}],"collection":[{"href":"https:\/\/blumiz.com\/es\/wp-json\/wp\/v2\/product"}],"about":[{"href":"https:\/\/blumiz.com\/es\/wp-json\/wp\/v2\/types\/product"}],"replies":[{"embeddable":true,"href":"https:\/\/blumiz.com\/es\/wp-json\/wp\/v2\/comments?post=12821"}],"version-history":[{"count":0,"href":"https:\/\/blumiz.com\/es\/wp-json\/wp\/v2\/product\/12821\/revisions"}],"wp:featuredmedia":[{"embeddable":true,"href":"https:\/\/blumiz.com\/es\/wp-json\/wp\/v2\/media\/12948"}],"wp:attachment":[{"href":"https:\/\/blumiz.com\/es\/wp-json\/wp\/v2\/media?parent=12821"}],"wp:term":[{"taxonomy":"product_brand","embeddable":true,"href":"https:\/\/blumiz.com\/es\/wp-json\/wp\/v2\/product_brand?post=12821"},{"taxonomy":"product_cat","embeddable":true,"href":"https:\/\/blumiz.com\/es\/wp-json\/wp\/v2\/product_cat?post=12821"},{"taxonomy":"product_tag","embeddable":true,"href":"https:\/\/blumiz.com\/es\/wp-json\/wp\/v2\/product_tag?post=12821"}],"curies":[{"name":"wp","href":"https:\/\/api.w.org\/{rel}","templated":true}]}}