{"id":12824,"date":"2023-07-06T16:52:56","date_gmt":"2023-07-06T15:52:56","guid":{"rendered":"https:\/\/blumiz.com\/?post_type=product&#038;p=12824"},"modified":"2025-10-07T09:49:39","modified_gmt":"2025-10-07T08:49:39","slug":"bandeja-fumador-de-algas-gelato-metal-mediana-grande-formato-ancho","status":"publish","type":"product","link":"https:\/\/blumiz.com\/es\/producto\/bandeja-fumador-de-algas-gelato-metal-mediana-grande-formato-ancho\/","title":{"rendered":"Bandeja fumador Gelato de hierba de metal, formato medio \/ ancho"},"content":{"rendered":"<h2>Bandeja fumador Gelato de hierba de metal, formato medio \/ ancho<\/h2>\n<p>\u00bfBusca una nueva bandeja para rodar?<br \/>\nRolling bandeja de hierba Gelato en metal, medio \/ gran formato son las mejores bandejas en el mercado. Est\u00e1n fabricadas con materiales de alta calidad y tienen muchas caracter\u00edsticas que las diferencian de otras bandejas. Incluso vienen con un rascador magn\u00e9tico unido al lateral para que puedas cortar tus cogollos con facilidad. Disponible en varios dise\u00f1os.<br \/>\nDise\u00f1os coloridos para todos los gustos.<br \/>\nNo encontrar\u00e1s una bandeja comparable en el mercado actual. No es s\u00f3lo un producto asombroso, sino tambi\u00e9n una experiencia incre\u00edble que puedes vivir todos los d\u00edas de tu vida. \u00a1Consiga el suyo ahora!<br \/>\nCompre hoy mismo la bandeja met\u00e1lica peque\u00f1a para rodillos Gelato.<\/p>\n<div id=\"wd-61dda6fdd8068\" class=\"title-wrapper wd-wpb set-mb-s reset-last-child wd-rs-61dda6fdd8068 wd-title-color-default wd-title-style-default text-left vc_custom_1641916174475 wd-underline-colored\">\n<div class=\"liner-continer\">\n<p class=\"woodmart-title-container title wd-font-weight- wd-fontsize-l\">Dimensiones : 18 x 28cm<\/p>\n<\/div>\n<\/div>\n","protected":false},"excerpt":{"rendered":"<h2>Bandeja rodante Gelato de hierba de metal<\/h2>\n<p>Dimensiones : 18 x 28cm<\/p>\n","protected":false},"featured_media":12951,"comment_status":"open","ping_status":"closed","template":"","meta":{"site-sidebar-layout":"default","site-content-layout":"default","ast-site-content-layout":"default","site-content-style":"default","site-sidebar-style":"default","ast-global-header-display":"","ast-banner-title-visibility":"","ast-main-header-display":"","ast-hfb-above-header-display":"","ast-hfb-below-header-display":"","ast-hfb-mobile-header-display":"","site-post-title":"","ast-breadcrumbs-content":"","ast-featured-img":"","footer-sml-layout":"","ast-disable-related-posts":"","theme-transparent-header-meta":"default","adv-header-id-meta":"","stick-header-meta":"default","header-above-stick-meta":"","header-main-stick-meta":"","header-below-stick-meta":"","astra-migrate-meta-layouts":"default","ast-page-background-enabled":"default","ast-page-background-meta":{"desktop":{"background-color":"","background-image":"","background-repeat":"repeat","background-position":"center center","background-size":"auto","background-attachment":"scroll","background-type":"","background-media":"","overlay-type":"","overlay-color":"","overlay-opacity":"","overlay-gradient":""},"tablet":{"background-color":"","background-image":"","background-repeat":"repeat","background-position":"center center","background-size":"auto","background-attachment":"scroll","background-type":"","background-media":"","overlay-type":"","overlay-color":"","overlay-opacity":"","overlay-gradient":""},"mobile":{"background-color":"","background-image":"","background-repeat":"repeat","background-position":"center center","background-size":"auto","background-attachment":"scroll","background-type":"","background-media":"","overlay-type":"","overlay-color":"","overlay-opacity":"","overlay-gradient":""}},"ast-content-background-meta":{"desktop":{"background-color":"var(--ast-global-color-5)","background-image":"","background-repeat":"repeat","background-position":"center center","background-size":"auto","background-attachment":"scroll","background-type":"","background-media":"","overlay-type":"","overlay-color":"","overlay-opacity":"","overlay-gradient":""},"tablet":{"background-color":"var(--ast-global-color-5)","background-image":"","background-repeat":"repeat","background-position":"center center","background-size":"auto","background-attachment":"scroll","background-type":"","background-media":"","overlay-type":"","overlay-color":"","overlay-opacity":"","overlay-gradient":""},"mobile":{"background-color":"var(--ast-global-color-5)","background-image":"","background-repeat":"repeat","background-position":"center center","background-size":"auto","background-attachment":"scroll","background-type":"","background-media":"","overlay-type":"","overlay-color":"","overlay-opacity":"","overlay-gradient":""}}},"product_brand":[],"product_cat":[267],"product_tag":[],"class_list":{"0":"post-12824","1":"product","2":"type-product","3":"status-publish","4":"has-post-thumbnail","6":"product_cat-headshop-es","7":"desktop-align-left","8":"tablet-align-center","9":"mobile-align-left","10":"ast-product-gallery-layout-vertical","11":"ast-product-gallery-with-no-image","12":"ast-magnify-disabled","13":"ast-product-tabs-layout-horizontal","15":"first","16":"outofstock","17":"taxable","18":"shipping-taxable","19":"purchasable","20":"product-type-simple"},"yoast_head":"<!-- This site is optimized with the Yoast SEO Premium plugin v27.2 (Yoast SEO v27.6) - https:\/\/yoast.com\/product\/yoast-seo-premium-wordpress\/ -->\n<title>Bandeja fumador Gelato de hierba de metal, formato medio \/ ancho<\/title>\n<meta name=\"description\" content=\"Bandeja fumador - Gelato met\u00e1lico para hierba - Productos para fumadores - Headshop Espa\u00f1a - Grinders, Cuchillas y m\u00e1s - Blumiz - Premium CBD.\" \/>\n<meta name=\"robots\" content=\"index, follow, max-snippet:-1, max-image-preview:large, max-video-preview:-1\" \/>\n<link rel=\"canonical\" href=\"https:\/\/blumiz.com\/es\/producto\/bandeja-fumador-de-algas-gelato-metal-mediana-grande-formato-ancho\/\" \/>\n<meta property=\"og:locale\" content=\"es_ES\" \/>\n<meta property=\"og:type\" content=\"article\" \/>\n<meta property=\"og:title\" content=\"Bandeja fumador Gelato de hierba de metal, formato medio \/ ancho\" \/>\n<meta property=\"og:description\" content=\"Bandeja fumador Gelato de hierba de metal, formato medio \/ ancho Blumiz - Premium CBD\" \/>\n<meta property=\"og:url\" content=\"https:\/\/blumiz.com\/es\/producto\/bandeja-fumador-de-algas-gelato-metal-mediana-grande-formato-ancho\/\" \/>\n<meta property=\"og:site_name\" content=\"Blumiz - Premium CBD\" \/>\n<meta property=\"article:modified_time\" content=\"2025-10-07T08:49:39+00:00\" \/>\n<meta property=\"og:image\" content=\"https:\/\/blumiz.com\/wp-content\/uploads\/2023\/07\/Rolltablett-weed-Gelato-aus-Metall-mittelgros-Breit-Format.webp\" \/>\n\t<meta property=\"og:image:width\" content=\"600\" \/>\n\t<meta property=\"og:image:height\" content=\"600\" \/>\n\t<meta property=\"og:image:type\" content=\"image\/webp\" \/>\n<meta name=\"twitter:card\" content=\"summary_large_image\" \/>\n<meta name=\"twitter:label1\" content=\"Precio\" \/>\n\t<meta name=\"twitter:data1\" content=\"8,90&nbsp;&euro;\" \/>\n\t<meta name=\"twitter:label2\" content=\"Disponibilidad\" \/>\n\t<meta name=\"twitter:data2\" content=\"Sin existencias\" \/>\n<script type=\"application\/ld+json\" class=\"yoast-schema-graph\">{\"@context\":\"https:\\\/\\\/schema.org\",\"@graph\":[{\"@type\":\"WebPage\",\"@id\":\"https:\\\/\\\/blumiz.com\\\/es\\\/producto\\\/bandeja-fumador-de-algas-gelato-metal-mediana-grande-formato-ancho\\\/\",\"url\":\"https:\\\/\\\/blumiz.com\\\/es\\\/producto\\\/bandeja-fumador-de-algas-gelato-metal-mediana-grande-formato-ancho\\\/\",\"name\":\"Bandeja fumador Gelato de hierba de metal, formato medio \\\/ ancho\",\"isPartOf\":{\"@id\":\"https:\\\/\\\/blumiz.com\\\/es\\\/#website\"},\"primaryImageOfPage\":{\"@id\":\"https:\\\/\\\/blumiz.com\\\/es\\\/producto\\\/bandeja-fumador-de-algas-gelato-metal-mediana-grande-formato-ancho\\\/#primaryimage\"},\"image\":{\"@id\":\"https:\\\/\\\/blumiz.com\\\/es\\\/producto\\\/bandeja-fumador-de-algas-gelato-metal-mediana-grande-formato-ancho\\\/#primaryimage\"},\"thumbnailUrl\":\"https:\\\/\\\/blumiz.com\\\/wp-content\\\/uploads\\\/2023\\\/07\\\/Rolltablett-weed-Gelato-aus-Metall-mittelgros-Breit-Format.webp\",\"datePublished\":\"2023-07-06T15:52:56+00:00\",\"dateModified\":\"2025-10-07T08:49:39+00:00\",\"description\":\"Bandeja fumador - Gelato met\u00e1lico para hierba - Productos para fumadores - Headshop Espa\u00f1a - Grinders, Cuchillas y m\u00e1s - Blumiz - Premium CBD.\",\"breadcrumb\":{\"@id\":\"https:\\\/\\\/blumiz.com\\\/es\\\/producto\\\/bandeja-fumador-de-algas-gelato-metal-mediana-grande-formato-ancho\\\/#breadcrumb\"},\"inLanguage\":\"es\",\"potentialAction\":[{\"@type\":\"ReadAction\",\"target\":[\"https:\\\/\\\/blumiz.com\\\/es\\\/producto\\\/bandeja-fumador-de-algas-gelato-metal-mediana-grande-formato-ancho\\\/\"]}]},{\"@type\":\"ImageObject\",\"inLanguage\":\"es\",\"@id\":\"https:\\\/\\\/blumiz.com\\\/es\\\/producto\\\/bandeja-fumador-de-algas-gelato-metal-mediana-grande-formato-ancho\\\/#primaryimage\",\"url\":\"https:\\\/\\\/blumiz.com\\\/wp-content\\\/uploads\\\/2023\\\/07\\\/Rolltablett-weed-Gelato-aus-Metall-mittelgros-Breit-Format.webp\",\"contentUrl\":\"https:\\\/\\\/blumiz.com\\\/wp-content\\\/uploads\\\/2023\\\/07\\\/Rolltablett-weed-Gelato-aus-Metall-mittelgros-Breit-Format.webp\",\"width\":600,\"height\":600,\"caption\":\"Rolltablett weed Gelato aus Metall, mittelgro\u00df \\\/ Breit-Format\"},{\"@type\":\"BreadcrumbList\",\"@id\":\"https:\\\/\\\/blumiz.com\\\/es\\\/producto\\\/bandeja-fumador-de-algas-gelato-metal-mediana-grande-formato-ancho\\\/#breadcrumb\",\"itemListElement\":[{\"@type\":\"ListItem\",\"position\":1,\"name\":\"Blumiz\",\"item\":\"https:\\\/\\\/blumiz.com\\\/es\\\/\"},{\"@type\":\"ListItem\",\"position\":2,\"name\":\"CBD Shop\",\"item\":\"https:\\\/\\\/blumiz.com\\\/es\\\/tienda\\\/\"},{\"@type\":\"ListItem\",\"position\":3,\"name\":\"HeadShop\",\"item\":\"https:\\\/\\\/blumiz.com\\\/es\\\/category\\\/headshop-es\\\/\"},{\"@type\":\"ListItem\",\"position\":4,\"name\":\"Bandeja fumador Gelato de hierba de metal, formato medio \\\/ ancho\"}]},{\"@type\":\"WebSite\",\"@id\":\"https:\\\/\\\/blumiz.com\\\/es\\\/#website\",\"url\":\"https:\\\/\\\/blumiz.com\\\/es\\\/\",\"name\":\"Blumiz - Premium CBD\",\"description\":\"Un CBD al mejor precio y de calidad superior\",\"publisher\":{\"@id\":\"https:\\\/\\\/blumiz.com\\\/es\\\/#organization\"},\"alternateName\":\"Blumiz\",\"potentialAction\":[{\"@type\":\"SearchAction\",\"target\":{\"@type\":\"EntryPoint\",\"urlTemplate\":\"https:\\\/\\\/blumiz.com\\\/es\\\/?s={search_term_string}\"},\"query-input\":{\"@type\":\"PropertyValueSpecification\",\"valueRequired\":true,\"valueName\":\"search_term_string\"}}],\"inLanguage\":\"es\"},{\"@type\":\"Organization\",\"@id\":\"https:\\\/\\\/blumiz.com\\\/es\\\/#organization\",\"name\":\"Blumiz CBD\",\"alternateName\":\"Blumiz\",\"url\":\"https:\\\/\\\/blumiz.com\\\/es\\\/\",\"logo\":{\"@type\":\"ImageObject\",\"inLanguage\":\"es\",\"@id\":\"https:\\\/\\\/blumiz.com\\\/es\\\/#\\\/schema\\\/logo\\\/image\\\/\",\"url\":\"https:\\\/\\\/blumiz.com\\\/wp-content\\\/uploads\\\/2026\\\/02\\\/cropped-Blumiz-CBD-logo.webp\",\"contentUrl\":\"https:\\\/\\\/blumiz.com\\\/wp-content\\\/uploads\\\/2026\\\/02\\\/cropped-Blumiz-CBD-logo.webp\",\"width\":2547,\"height\":778,\"caption\":\"Blumiz CBD\"},\"image\":{\"@id\":\"https:\\\/\\\/blumiz.com\\\/es\\\/#\\\/schema\\\/logo\\\/image\\\/\"}}]}<\/script>\n<meta property=\"product:price:amount\" content=\"8.90\" \/>\n<meta property=\"product:price:currency\" content=\"EUR\" \/>\n<meta property=\"og:availability\" content=\"out of stock\" \/>\n<meta property=\"product:availability\" content=\"out of stock\" \/>\n<meta property=\"product:retailer_item_id\" content=\"689701\" \/>\n<meta property=\"product:condition\" content=\"new\" \/>\n<!-- \/ Yoast SEO Premium plugin. -->","yoast_head_json":{"title":"Bandeja fumador Gelato de hierba de metal, formato medio \/ ancho","description":"Bandeja fumador - Gelato met\u00e1lico para hierba - Productos para fumadores - Headshop Espa\u00f1a - Grinders, Cuchillas y m\u00e1s - Blumiz - Premium CBD.","robots":{"index":"index","follow":"follow","max-snippet":"max-snippet:-1","max-image-preview":"max-image-preview:large","max-video-preview":"max-video-preview:-1"},"canonical":"https:\/\/blumiz.com\/es\/producto\/bandeja-fumador-de-algas-gelato-metal-mediana-grande-formato-ancho\/","og_locale":"es_ES","og_type":"article","og_title":"Bandeja fumador Gelato de hierba de metal, formato medio \/ ancho","og_description":"Bandeja fumador Gelato de hierba de metal, formato medio \/ ancho Blumiz - Premium CBD","og_url":"https:\/\/blumiz.com\/es\/producto\/bandeja-fumador-de-algas-gelato-metal-mediana-grande-formato-ancho\/","og_site_name":"Blumiz - Premium CBD","article_modified_time":"2025-10-07T08:49:39+00:00","og_image":[{"width":600,"height":600,"url":"https:\/\/blumiz.com\/wp-content\/uploads\/2023\/07\/Rolltablett-weed-Gelato-aus-Metall-mittelgros-Breit-Format.webp","type":"image\/webp"}],"twitter_card":"summary_large_image","twitter_misc":{"Precio":"8,90&nbsp;&euro;","Disponibilidad":"Sin existencias"},"schema":{"@context":"https:\/\/schema.org","@graph":[{"@type":"WebPage","@id":"https:\/\/blumiz.com\/es\/producto\/bandeja-fumador-de-algas-gelato-metal-mediana-grande-formato-ancho\/","url":"https:\/\/blumiz.com\/es\/producto\/bandeja-fumador-de-algas-gelato-metal-mediana-grande-formato-ancho\/","name":"Bandeja fumador Gelato de hierba de metal, formato medio \/ ancho","isPartOf":{"@id":"https:\/\/blumiz.com\/es\/#website"},"primaryImageOfPage":{"@id":"https:\/\/blumiz.com\/es\/producto\/bandeja-fumador-de-algas-gelato-metal-mediana-grande-formato-ancho\/#primaryimage"},"image":{"@id":"https:\/\/blumiz.com\/es\/producto\/bandeja-fumador-de-algas-gelato-metal-mediana-grande-formato-ancho\/#primaryimage"},"thumbnailUrl":"https:\/\/blumiz.com\/wp-content\/uploads\/2023\/07\/Rolltablett-weed-Gelato-aus-Metall-mittelgros-Breit-Format.webp","datePublished":"2023-07-06T15:52:56+00:00","dateModified":"2025-10-07T08:49:39+00:00","description":"Bandeja fumador - Gelato met\u00e1lico para hierba - Productos para fumadores - Headshop Espa\u00f1a - Grinders, Cuchillas y m\u00e1s - Blumiz - Premium CBD.","breadcrumb":{"@id":"https:\/\/blumiz.com\/es\/producto\/bandeja-fumador-de-algas-gelato-metal-mediana-grande-formato-ancho\/#breadcrumb"},"inLanguage":"es","potentialAction":[{"@type":"ReadAction","target":["https:\/\/blumiz.com\/es\/producto\/bandeja-fumador-de-algas-gelato-metal-mediana-grande-formato-ancho\/"]}]},{"@type":"ImageObject","inLanguage":"es","@id":"https:\/\/blumiz.com\/es\/producto\/bandeja-fumador-de-algas-gelato-metal-mediana-grande-formato-ancho\/#primaryimage","url":"https:\/\/blumiz.com\/wp-content\/uploads\/2023\/07\/Rolltablett-weed-Gelato-aus-Metall-mittelgros-Breit-Format.webp","contentUrl":"https:\/\/blumiz.com\/wp-content\/uploads\/2023\/07\/Rolltablett-weed-Gelato-aus-Metall-mittelgros-Breit-Format.webp","width":600,"height":600,"caption":"Rolltablett weed Gelato aus Metall, mittelgro\u00df \/ Breit-Format"},{"@type":"BreadcrumbList","@id":"https:\/\/blumiz.com\/es\/producto\/bandeja-fumador-de-algas-gelato-metal-mediana-grande-formato-ancho\/#breadcrumb","itemListElement":[{"@type":"ListItem","position":1,"name":"Blumiz","item":"https:\/\/blumiz.com\/es\/"},{"@type":"ListItem","position":2,"name":"CBD Shop","item":"https:\/\/blumiz.com\/es\/tienda\/"},{"@type":"ListItem","position":3,"name":"HeadShop","item":"https:\/\/blumiz.com\/es\/category\/headshop-es\/"},{"@type":"ListItem","position":4,"name":"Bandeja fumador Gelato de hierba de metal, formato medio \/ ancho"}]},{"@type":"WebSite","@id":"https:\/\/blumiz.com\/es\/#website","url":"https:\/\/blumiz.com\/es\/","name":"Blumiz - Premium CBD","description":"Un CBD al mejor precio y de calidad superior","publisher":{"@id":"https:\/\/blumiz.com\/es\/#organization"},"alternateName":"Blumiz","potentialAction":[{"@type":"SearchAction","target":{"@type":"EntryPoint","urlTemplate":"https:\/\/blumiz.com\/es\/?s={search_term_string}"},"query-input":{"@type":"PropertyValueSpecification","valueRequired":true,"valueName":"search_term_string"}}],"inLanguage":"es"},{"@type":"Organization","@id":"https:\/\/blumiz.com\/es\/#organization","name":"Blumiz CBD","alternateName":"Blumiz","url":"https:\/\/blumiz.com\/es\/","logo":{"@type":"ImageObject","inLanguage":"es","@id":"https:\/\/blumiz.com\/es\/#\/schema\/logo\/image\/","url":"https:\/\/blumiz.com\/wp-content\/uploads\/2026\/02\/cropped-Blumiz-CBD-logo.webp","contentUrl":"https:\/\/blumiz.com\/wp-content\/uploads\/2026\/02\/cropped-Blumiz-CBD-logo.webp","width":2547,"height":778,"caption":"Blumiz CBD"},"image":{"@id":"https:\/\/blumiz.com\/es\/#\/schema\/logo\/image\/"}}]},"product_price_amount":"8.90","product_price_currency":"EUR","og_availability":"out of stock","product_availability":"out of stock","product_retailer_item_id":"689701","product_condition":"new"},"_links":{"self":[{"href":"https:\/\/blumiz.com\/es\/wp-json\/wp\/v2\/product\/12824","targetHints":{"allow":["GET"]}}],"collection":[{"href":"https:\/\/blumiz.com\/es\/wp-json\/wp\/v2\/product"}],"about":[{"href":"https:\/\/blumiz.com\/es\/wp-json\/wp\/v2\/types\/product"}],"replies":[{"embeddable":true,"href":"https:\/\/blumiz.com\/es\/wp-json\/wp\/v2\/comments?post=12824"}],"version-history":[{"count":0,"href":"https:\/\/blumiz.com\/es\/wp-json\/wp\/v2\/product\/12824\/revisions"}],"wp:featuredmedia":[{"embeddable":true,"href":"https:\/\/blumiz.com\/es\/wp-json\/wp\/v2\/media\/12951"}],"wp:attachment":[{"href":"https:\/\/blumiz.com\/es\/wp-json\/wp\/v2\/media?parent=12824"}],"wp:term":[{"taxonomy":"product_brand","embeddable":true,"href":"https:\/\/blumiz.com\/es\/wp-json\/wp\/v2\/product_brand?post=12824"},{"taxonomy":"product_cat","embeddable":true,"href":"https:\/\/blumiz.com\/es\/wp-json\/wp\/v2\/product_cat?post=12824"},{"taxonomy":"product_tag","embeddable":true,"href":"https:\/\/blumiz.com\/es\/wp-json\/wp\/v2\/product_tag?post=12824"}],"curies":[{"name":"wp","href":"https:\/\/api.w.org\/{rel}","templated":true}]}}