{"id":13016,"date":"2023-07-06T18:59:52","date_gmt":"2023-07-06T17:59:52","guid":{"rendered":"https:\/\/blumiz.com\/produkt\/vaporizador-hierba-seca-x-vape-avant\/"},"modified":"2025-10-07T09:54:46","modified_gmt":"2025-10-07T08:54:46","slug":"vaporizador-hierba-seca-x-vape-avant","status":"publish","type":"product","link":"https:\/\/blumiz.com\/es\/producto\/vaporizador-hierba-seca-x-vape-avant\/","title":{"rendered":"Vaporizador Hierba Seca &#8211; X-Vape Avant"},"content":{"rendered":"<h2>El Avant Xvape es un vaporizador port\u00e1til con 5 temperaturas preestablecidas.<\/h2>\n<p>Est\u00e1 pensada para plantas secas, ya que no tiene cartucho para resina o concentrados.<br \/>\nAutonom\u00eda aprox. 30 minutos, utilizable cuando se carga por USB.<br \/>\nC\u00e1mara de cer\u00e1mica blanca para una reproducci\u00f3n de buen gusto.<br \/>\nCon una altura de 10 cm y un peso de 70 gramos, la Avant te acompa\u00f1a a todas partes.<\/p>\n<p>Der Avant Xvape wird geliefert mit:<br \/>\nDer tragbare Avant-Vaporizer.<br \/>\nEine Reinigungsb\u00fcrste.<br \/>\nEin Wurfwerkzeug.<br \/>\nEin USB-Kabel.<\/p>\n<p>Una bolsa de transporte LCV<\/p>\n<h3>Caracter\u00edsticas t\u00e9cnicas del vaporizador port\u00e1til Avant Xvape:<\/h3>\n<p>5 temperaturas preajustadas: 180 \u00b0C, 190 \u00b0C, 200 \u00b0C, 210 \u00b0C, 220 \u00b0C.<br \/>\nDormitorio en cer\u00e1mica blanca.<br \/>\nCalentamiento por conducci\u00f3n.<br \/>\nBoquilla magn\u00e9tica.<br \/>\nVapor caliente.<br \/>\nUn bot\u00f3n para controlarlo todo.<br \/>\nPuede utilizarse cuando se carga por USB.<br \/>\nPuerto USB debajo del dispositivo.<br \/>\nCompacto y ligero: 10 cm x 1,6 cm x 3,3 cm y pesa 70 gramos.<br \/>\nInhalaciones suaves, vapor bastante caliente ya que las plantas est\u00e1n directamente bajo la boquilla.<br \/>\nEl tamiz colocado en la boquilla es muy f\u00e1cil de limpiar y de quitar y volver a poner.<br \/>\nPaso de aire y vapor completamente separado de la electr\u00f3nica.<br \/>\nDesconexi\u00f3n autom\u00e1tica cada 3:30 minutos.<br \/>\nNo se calienta mucho en la mano.<br \/>\nDuraci\u00f3n de la bater\u00eda no revelada &#8211; Tras la prueba, realizamos X sesiones de 3,5 minutos.<br \/>\nNuestra opini\u00f3n sobre el vaporizador port\u00e1til Avant Xvape:<\/p>\n<p>Un vaporizador bueno, peque\u00f1o y econ\u00f3mico.<br \/>\nEs robusto y se beneficia de la calidad de construcci\u00f3n de todos los productos Xvape, adem\u00e1s de una tasa de devoluci\u00f3n menor que la de marcas de alta gama como Storz &amp; Bickel.<br \/>\nBien hecho, robusto y peque\u00f1o, deber\u00eda poder seguirte a cualquier parte con mucha discreci\u00f3n.<br \/>\nEl \u00fanico inconveniente es la corta duraci\u00f3n de la bater\u00eda, pero esto se compensa us\u00e1ndolo mientras se carga por USB.<br \/>\nPara quienes tienen la garganta sensible, el vapor puede estar un poco caliente, ya que tiene poco aire para enfriarse al salir del recipiente\/c\u00e1mara de vapor.<\/p>\n<h3>Manual de instrucciones del Avant Xvape.<\/h3>\n<p>Retire la boquilla y llene el recipiente con plantas bien picadas.<br \/>\nPulsando tres veces el bot\u00f3n individual se inicia r\u00e1pidamente el calentamiento a la \u00faltima temperatura seleccionada previamente.<br \/>\nEl aparato se enciende y los LED parpadean brevemente para indicar la carga restante de la bater\u00eda.<br \/>\nSi se mantiene pulsado, cambia la temperatura.<br \/>\nPulsando tres veces se apaga r\u00e1pidamente el Avant.<br \/>\nEl vaporizador Avant Xvape se apaga cada 3,5 minutos.<br \/>\nPulse tres veces r\u00e1pidamente para reiniciar la calefacci\u00f3n.<\/p>\n","protected":false},"excerpt":{"rendered":"<h2>El Avant Xvape es un vaporizador port\u00e1til con 5 temperaturas preestablecidas.<\/h2>\n<p>Est\u00e1 pensada para plantas secas, ya que no tiene cartucho para resina o concentrados.<br \/>\nAutonom\u00eda aprox. 30 minutos, utilizable cuando se carga por USB.<br \/>\nC\u00e1mara de cer\u00e1mica blanca para una reproducci\u00f3n de buen gusto.<br \/>\nCon una altura de 10 cm y un peso de 70 gramos, la Avant te acompa\u00f1a a todas partes.<\/p>\n","protected":false},"featured_media":12901,"comment_status":"open","ping_status":"closed","template":"","meta":{"site-sidebar-layout":"default","site-content-layout":"default","ast-site-content-layout":"default","site-content-style":"default","site-sidebar-style":"default","ast-global-header-display":"","ast-banner-title-visibility":"","ast-main-header-display":"","ast-hfb-above-header-display":"","ast-hfb-below-header-display":"","ast-hfb-mobile-header-display":"","site-post-title":"","ast-breadcrumbs-content":"","ast-featured-img":"","footer-sml-layout":"","ast-disable-related-posts":"","theme-transparent-header-meta":"default","adv-header-id-meta":"","stick-header-meta":"default","header-above-stick-meta":"","header-main-stick-meta":"","header-below-stick-meta":"","astra-migrate-meta-layouts":"default","ast-page-background-enabled":"default","ast-page-background-meta":{"desktop":{"background-color":"","background-image":"","background-repeat":"repeat","background-position":"center center","background-size":"auto","background-attachment":"scroll","background-type":"","background-media":"","overlay-type":"","overlay-color":"","overlay-opacity":"","overlay-gradient":""},"tablet":{"background-color":"","background-image":"","background-repeat":"repeat","background-position":"center center","background-size":"auto","background-attachment":"scroll","background-type":"","background-media":"","overlay-type":"","overlay-color":"","overlay-opacity":"","overlay-gradient":""},"mobile":{"background-color":"","background-image":"","background-repeat":"repeat","background-position":"center center","background-size":"auto","background-attachment":"scroll","background-type":"","background-media":"","overlay-type":"","overlay-color":"","overlay-opacity":"","overlay-gradient":""}},"ast-content-background-meta":{"desktop":{"background-color":"var(--ast-global-color-5)","background-image":"","background-repeat":"repeat","background-position":"center center","background-size":"auto","background-attachment":"scroll","background-type":"","background-media":"","overlay-type":"","overlay-color":"","overlay-opacity":"","overlay-gradient":""},"tablet":{"background-color":"var(--ast-global-color-5)","background-image":"","background-repeat":"repeat","background-position":"center center","background-size":"auto","background-attachment":"scroll","background-type":"","background-media":"","overlay-type":"","overlay-color":"","overlay-opacity":"","overlay-gradient":""},"mobile":{"background-color":"var(--ast-global-color-5)","background-image":"","background-repeat":"repeat","background-position":"center center","background-size":"auto","background-attachment":"scroll","background-type":"","background-media":"","overlay-type":"","overlay-color":"","overlay-opacity":"","overlay-gradient":""}}},"product_brand":[],"product_cat":[267],"product_tag":[],"class_list":{"0":"post-13016","1":"product","2":"type-product","3":"status-publish","4":"has-post-thumbnail","6":"product_cat-headshop-es","7":"desktop-align-left","8":"tablet-align-center","9":"mobile-align-left","10":"ast-product-gallery-layout-vertical","11":"ast-magnify-disabled","12":"ast-product-tabs-layout-horizontal","14":"first","15":"instock","16":"taxable","17":"shipping-taxable","18":"purchasable","19":"product-type-simple"},"yoast_head":"<!-- This site is optimized with the Yoast SEO Premium plugin v27.2 (Yoast SEO v27.5) - https:\/\/yoast.com\/product\/yoast-seo-premium-wordpress\/ -->\n<title>Vaporizador Hierba Seca - X-Vape Avant<\/title>\n<meta name=\"description\" content=\"Vaporizador barato :Vaporizador Hierba Seca - X-Vape Avant - Vaporizador de hierbas secas, 2200 mAh, bater\u00eda grande, control de temperatura, pantalla LCD....\" \/>\n<meta name=\"robots\" content=\"index, follow, max-snippet:-1, max-image-preview:large, max-video-preview:-1\" \/>\n<link rel=\"canonical\" href=\"https:\/\/blumiz.com\/es\/producto\/vaporizador-hierba-seca-x-vape-avant\/\" \/>\n<meta property=\"og:locale\" content=\"es_ES\" \/>\n<meta property=\"og:type\" content=\"article\" \/>\n<meta property=\"og:title\" content=\"Vaporizador Hierba Seca - X-Vape Avant\" \/>\n<meta property=\"og:description\" content=\"Vaporizador Hierba Seca - X-Vape Avant Blumiz - Premium CBD\" \/>\n<meta property=\"og:url\" content=\"https:\/\/blumiz.com\/es\/producto\/vaporizador-hierba-seca-x-vape-avant\/\" \/>\n<meta property=\"og:site_name\" content=\"Blumiz - Premium CBD\" \/>\n<meta property=\"article:modified_time\" content=\"2025-10-07T08:54:46+00:00\" \/>\n<meta property=\"og:image\" content=\"https:\/\/blumiz.com\/wp-content\/uploads\/2023\/07\/Vaporizer-Trockenkraut-X-Vape-Avant-.webp\" \/>\n\t<meta property=\"og:image:width\" content=\"600\" \/>\n\t<meta property=\"og:image:height\" content=\"600\" \/>\n\t<meta property=\"og:image:type\" content=\"image\/webp\" \/>\n<meta name=\"twitter:card\" content=\"summary_large_image\" \/>\n<meta name=\"twitter:label1\" content=\"Precio\" \/>\n\t<meta name=\"twitter:data1\" content=\"69,50&nbsp;&euro;\" \/>\n\t<meta name=\"twitter:label2\" content=\"Disponibilidad\" \/>\n\t<meta name=\"twitter:data2\" content=\"Disponible\" \/>\n<script type=\"application\/ld+json\" class=\"yoast-schema-graph\">{\"@context\":\"https:\\\/\\\/schema.org\",\"@graph\":[{\"@type\":\"WebPage\",\"@id\":\"https:\\\/\\\/blumiz.com\\\/es\\\/producto\\\/vaporizador-hierba-seca-x-vape-avant\\\/\",\"url\":\"https:\\\/\\\/blumiz.com\\\/es\\\/producto\\\/vaporizador-hierba-seca-x-vape-avant\\\/\",\"name\":\"Vaporizador Hierba Seca - X-Vape Avant\",\"isPartOf\":{\"@id\":\"https:\\\/\\\/blumiz.com\\\/es\\\/#website\"},\"primaryImageOfPage\":{\"@id\":\"https:\\\/\\\/blumiz.com\\\/es\\\/producto\\\/vaporizador-hierba-seca-x-vape-avant\\\/#primaryimage\"},\"image\":{\"@id\":\"https:\\\/\\\/blumiz.com\\\/es\\\/producto\\\/vaporizador-hierba-seca-x-vape-avant\\\/#primaryimage\"},\"thumbnailUrl\":\"https:\\\/\\\/blumiz.com\\\/wp-content\\\/uploads\\\/2023\\\/07\\\/Vaporizer-Trockenkraut-X-Vape-Avant-.webp\",\"datePublished\":\"2023-07-06T17:59:52+00:00\",\"dateModified\":\"2025-10-07T08:54:46+00:00\",\"description\":\"Vaporizador barato :Vaporizador Hierba Seca - X-Vape Avant - Vaporizador de hierbas secas, 2200 mAh, bater\u00eda grande, control de temperatura, pantalla LCD....\",\"breadcrumb\":{\"@id\":\"https:\\\/\\\/blumiz.com\\\/es\\\/producto\\\/vaporizador-hierba-seca-x-vape-avant\\\/#breadcrumb\"},\"inLanguage\":\"es\",\"potentialAction\":[{\"@type\":\"ReadAction\",\"target\":[\"https:\\\/\\\/blumiz.com\\\/es\\\/producto\\\/vaporizador-hierba-seca-x-vape-avant\\\/\"]}]},{\"@type\":\"ImageObject\",\"inLanguage\":\"es\",\"@id\":\"https:\\\/\\\/blumiz.com\\\/es\\\/producto\\\/vaporizador-hierba-seca-x-vape-avant\\\/#primaryimage\",\"url\":\"https:\\\/\\\/blumiz.com\\\/wp-content\\\/uploads\\\/2023\\\/07\\\/Vaporizer-Trockenkraut-X-Vape-Avant-.webp\",\"contentUrl\":\"https:\\\/\\\/blumiz.com\\\/wp-content\\\/uploads\\\/2023\\\/07\\\/Vaporizer-Trockenkraut-X-Vape-Avant-.webp\",\"width\":600,\"height\":600,\"caption\":\"Vaporizer Trockenkraut - X-Vape Avant\"},{\"@type\":\"BreadcrumbList\",\"@id\":\"https:\\\/\\\/blumiz.com\\\/es\\\/producto\\\/vaporizador-hierba-seca-x-vape-avant\\\/#breadcrumb\",\"itemListElement\":[{\"@type\":\"ListItem\",\"position\":1,\"name\":\"Blumiz\",\"item\":\"https:\\\/\\\/blumiz.com\\\/es\\\/\"},{\"@type\":\"ListItem\",\"position\":2,\"name\":\"CBD Shop\",\"item\":\"https:\\\/\\\/blumiz.com\\\/es\\\/tienda\\\/\"},{\"@type\":\"ListItem\",\"position\":3,\"name\":\"HeadShop\",\"item\":\"https:\\\/\\\/blumiz.com\\\/es\\\/category\\\/headshop-es\\\/\"},{\"@type\":\"ListItem\",\"position\":4,\"name\":\"Vaporizador Hierba Seca &#8211; X-Vape Avant\"}]},{\"@type\":\"WebSite\",\"@id\":\"https:\\\/\\\/blumiz.com\\\/es\\\/#website\",\"url\":\"https:\\\/\\\/blumiz.com\\\/es\\\/\",\"name\":\"Blumiz - Premium CBD\",\"description\":\"Un CBD al mejor precio y de calidad superior\",\"publisher\":{\"@id\":\"https:\\\/\\\/blumiz.com\\\/es\\\/#organization\"},\"alternateName\":\"Blumiz\",\"potentialAction\":[{\"@type\":\"SearchAction\",\"target\":{\"@type\":\"EntryPoint\",\"urlTemplate\":\"https:\\\/\\\/blumiz.com\\\/es\\\/?s={search_term_string}\"},\"query-input\":{\"@type\":\"PropertyValueSpecification\",\"valueRequired\":true,\"valueName\":\"search_term_string\"}}],\"inLanguage\":\"es\"},{\"@type\":\"Organization\",\"@id\":\"https:\\\/\\\/blumiz.com\\\/es\\\/#organization\",\"name\":\"Blumiz CBD\",\"alternateName\":\"Blumiz\",\"url\":\"https:\\\/\\\/blumiz.com\\\/es\\\/\",\"logo\":{\"@type\":\"ImageObject\",\"inLanguage\":\"es\",\"@id\":\"https:\\\/\\\/blumiz.com\\\/es\\\/#\\\/schema\\\/logo\\\/image\\\/\",\"url\":\"https:\\\/\\\/blumiz.com\\\/wp-content\\\/uploads\\\/2026\\\/02\\\/cropped-Blumiz-CBD-logo.webp\",\"contentUrl\":\"https:\\\/\\\/blumiz.com\\\/wp-content\\\/uploads\\\/2026\\\/02\\\/cropped-Blumiz-CBD-logo.webp\",\"width\":2547,\"height\":778,\"caption\":\"Blumiz CBD\"},\"image\":{\"@id\":\"https:\\\/\\\/blumiz.com\\\/es\\\/#\\\/schema\\\/logo\\\/image\\\/\"}}]}<\/script>\n<meta property=\"product:price:amount\" content=\"69.50\" \/>\n<meta property=\"product:price:currency\" content=\"EUR\" \/>\n<meta property=\"og:availability\" content=\"instock\" \/>\n<meta property=\"product:availability\" content=\"instock\" \/>\n<meta property=\"product:retailer_item_id\" content=\"01010101692\" \/>\n<meta property=\"product:condition\" content=\"new\" \/>\n<!-- \/ Yoast SEO Premium plugin. -->","yoast_head_json":{"title":"Vaporizador Hierba Seca - X-Vape Avant","description":"Vaporizador barato :Vaporizador Hierba Seca - X-Vape Avant - Vaporizador de hierbas secas, 2200 mAh, bater\u00eda grande, control de temperatura, pantalla LCD....","robots":{"index":"index","follow":"follow","max-snippet":"max-snippet:-1","max-image-preview":"max-image-preview:large","max-video-preview":"max-video-preview:-1"},"canonical":"https:\/\/blumiz.com\/es\/producto\/vaporizador-hierba-seca-x-vape-avant\/","og_locale":"es_ES","og_type":"article","og_title":"Vaporizador Hierba Seca - X-Vape Avant","og_description":"Vaporizador Hierba Seca - X-Vape Avant Blumiz - Premium CBD","og_url":"https:\/\/blumiz.com\/es\/producto\/vaporizador-hierba-seca-x-vape-avant\/","og_site_name":"Blumiz - Premium CBD","article_modified_time":"2025-10-07T08:54:46+00:00","og_image":[{"width":600,"height":600,"url":"https:\/\/blumiz.com\/wp-content\/uploads\/2023\/07\/Vaporizer-Trockenkraut-X-Vape-Avant-.webp","type":"image\/webp"}],"twitter_card":"summary_large_image","twitter_misc":{"Precio":"69,50&nbsp;&euro;","Disponibilidad":"Disponible"},"schema":{"@context":"https:\/\/schema.org","@graph":[{"@type":"WebPage","@id":"https:\/\/blumiz.com\/es\/producto\/vaporizador-hierba-seca-x-vape-avant\/","url":"https:\/\/blumiz.com\/es\/producto\/vaporizador-hierba-seca-x-vape-avant\/","name":"Vaporizador Hierba Seca - X-Vape Avant","isPartOf":{"@id":"https:\/\/blumiz.com\/es\/#website"},"primaryImageOfPage":{"@id":"https:\/\/blumiz.com\/es\/producto\/vaporizador-hierba-seca-x-vape-avant\/#primaryimage"},"image":{"@id":"https:\/\/blumiz.com\/es\/producto\/vaporizador-hierba-seca-x-vape-avant\/#primaryimage"},"thumbnailUrl":"https:\/\/blumiz.com\/wp-content\/uploads\/2023\/07\/Vaporizer-Trockenkraut-X-Vape-Avant-.webp","datePublished":"2023-07-06T17:59:52+00:00","dateModified":"2025-10-07T08:54:46+00:00","description":"Vaporizador barato :Vaporizador Hierba Seca - X-Vape Avant - Vaporizador de hierbas secas, 2200 mAh, bater\u00eda grande, control de temperatura, pantalla LCD....","breadcrumb":{"@id":"https:\/\/blumiz.com\/es\/producto\/vaporizador-hierba-seca-x-vape-avant\/#breadcrumb"},"inLanguage":"es","potentialAction":[{"@type":"ReadAction","target":["https:\/\/blumiz.com\/es\/producto\/vaporizador-hierba-seca-x-vape-avant\/"]}]},{"@type":"ImageObject","inLanguage":"es","@id":"https:\/\/blumiz.com\/es\/producto\/vaporizador-hierba-seca-x-vape-avant\/#primaryimage","url":"https:\/\/blumiz.com\/wp-content\/uploads\/2023\/07\/Vaporizer-Trockenkraut-X-Vape-Avant-.webp","contentUrl":"https:\/\/blumiz.com\/wp-content\/uploads\/2023\/07\/Vaporizer-Trockenkraut-X-Vape-Avant-.webp","width":600,"height":600,"caption":"Vaporizer Trockenkraut - X-Vape Avant"},{"@type":"BreadcrumbList","@id":"https:\/\/blumiz.com\/es\/producto\/vaporizador-hierba-seca-x-vape-avant\/#breadcrumb","itemListElement":[{"@type":"ListItem","position":1,"name":"Blumiz","item":"https:\/\/blumiz.com\/es\/"},{"@type":"ListItem","position":2,"name":"CBD Shop","item":"https:\/\/blumiz.com\/es\/tienda\/"},{"@type":"ListItem","position":3,"name":"HeadShop","item":"https:\/\/blumiz.com\/es\/category\/headshop-es\/"},{"@type":"ListItem","position":4,"name":"Vaporizador Hierba Seca &#8211; X-Vape Avant"}]},{"@type":"WebSite","@id":"https:\/\/blumiz.com\/es\/#website","url":"https:\/\/blumiz.com\/es\/","name":"Blumiz - Premium CBD","description":"Un CBD al mejor precio y de calidad superior","publisher":{"@id":"https:\/\/blumiz.com\/es\/#organization"},"alternateName":"Blumiz","potentialAction":[{"@type":"SearchAction","target":{"@type":"EntryPoint","urlTemplate":"https:\/\/blumiz.com\/es\/?s={search_term_string}"},"query-input":{"@type":"PropertyValueSpecification","valueRequired":true,"valueName":"search_term_string"}}],"inLanguage":"es"},{"@type":"Organization","@id":"https:\/\/blumiz.com\/es\/#organization","name":"Blumiz CBD","alternateName":"Blumiz","url":"https:\/\/blumiz.com\/es\/","logo":{"@type":"ImageObject","inLanguage":"es","@id":"https:\/\/blumiz.com\/es\/#\/schema\/logo\/image\/","url":"https:\/\/blumiz.com\/wp-content\/uploads\/2026\/02\/cropped-Blumiz-CBD-logo.webp","contentUrl":"https:\/\/blumiz.com\/wp-content\/uploads\/2026\/02\/cropped-Blumiz-CBD-logo.webp","width":2547,"height":778,"caption":"Blumiz CBD"},"image":{"@id":"https:\/\/blumiz.com\/es\/#\/schema\/logo\/image\/"}}]},"product_price_amount":"69.50","product_price_currency":"EUR","og_availability":"instock","product_availability":"instock","product_retailer_item_id":"01010101692","product_condition":"new"},"_links":{"self":[{"href":"https:\/\/blumiz.com\/es\/wp-json\/wp\/v2\/product\/13016","targetHints":{"allow":["GET"]}}],"collection":[{"href":"https:\/\/blumiz.com\/es\/wp-json\/wp\/v2\/product"}],"about":[{"href":"https:\/\/blumiz.com\/es\/wp-json\/wp\/v2\/types\/product"}],"replies":[{"embeddable":true,"href":"https:\/\/blumiz.com\/es\/wp-json\/wp\/v2\/comments?post=13016"}],"version-history":[{"count":0,"href":"https:\/\/blumiz.com\/es\/wp-json\/wp\/v2\/product\/13016\/revisions"}],"wp:featuredmedia":[{"embeddable":true,"href":"https:\/\/blumiz.com\/es\/wp-json\/wp\/v2\/media\/12901"}],"wp:attachment":[{"href":"https:\/\/blumiz.com\/es\/wp-json\/wp\/v2\/media?parent=13016"}],"wp:term":[{"taxonomy":"product_brand","embeddable":true,"href":"https:\/\/blumiz.com\/es\/wp-json\/wp\/v2\/product_brand?post=13016"},{"taxonomy":"product_cat","embeddable":true,"href":"https:\/\/blumiz.com\/es\/wp-json\/wp\/v2\/product_cat?post=13016"},{"taxonomy":"product_tag","embeddable":true,"href":"https:\/\/blumiz.com\/es\/wp-json\/wp\/v2\/product_tag?post=13016"}],"curies":[{"name":"wp","href":"https:\/\/api.w.org\/{rel}","templated":true}]}}