{"id":18847,"date":"2024-07-30T16:57:17","date_gmt":"2024-07-30T15:57:17","guid":{"rendered":"https:\/\/blumiz.com\/?post_type=product&#038;p=18847"},"modified":"2025-02-11T13:27:45","modified_gmt":"2025-02-11T12:27:45","slug":"enecta-cbnight-formula-125-mg-cbn-125-mg-cbd-9-mg-melatonina-30-ml-kopie","status":"publish","type":"product","link":"https:\/\/blumiz.com\/es\/producto\/enecta-cbnight-formula-125-mg-cbn-125-mg-cbd-9-mg-melatonina-30-ml-kopie\/","title":{"rendered":"Enecta CBNight F\u00f3rmula 250 mg CBN + 250 mg CBD + 9 mg melatonina"},"content":{"rendered":"<p>F\u00f3rmula <strong>BNight<\/strong> de Enecta \u00a1Experimenta un sue\u00f1o relajante con la F\u00f3rmula CBNight de Enecta! Este vial de 30 ml contiene 30 dosis especialmente dise\u00f1adas para ayudarte a conciliar el sue\u00f1o y despertarte relajado. <\/p>\n<p><strong>Contenido<\/strong>: 250 mg de CBN, 250 mg de CBD, 9 mg de melatonina.<\/p>\n<p><strong>Aplicaci\u00f3n<\/strong>: Utiliza la pipeta dosificadora incluida para tomar 1 ml aproximadamente media hora antes de acostarte.<\/p>\n<p><strong>1 ml contiene<\/strong>:<\/p>\n<ul>\n<li>8,33 mg de CBD<\/li>\n<li>8,33 mg de CBN<\/li>\n<li>0,3 mg de melatonina<\/li>\n<\/ul>\n<p><strong>Instrucciones de uso<\/strong>: \u00a1Agita bien antes de usar!<\/p>\n<p><strong>Ingredientes<\/strong>: aceite MCT (triglic\u00e9ridos de cadena media), cannabidiol (CBD), cannabinol (CBN), melatonina.<\/p>\n<p>F<strong>abricado en Italia<\/strong>. Guarda el producto en un lugar fresco y seco, alejado de la luz directa.<\/p>\n","protected":false},"excerpt":{"rendered":"<p><strong>CBNight Formula de Enecta<\/strong> es una mezcla natural de CBD, CBN y melatonina especialmente desarrollada para mejorar el sue\u00f1o. Ideal para cualquier persona que padezca insomnio o quiera mejorar la calidad de su sue\u00f1o. <\/p>\n","protected":false},"featured_media":11200,"comment_status":"open","ping_status":"closed","template":"","meta":{"site-sidebar-layout":"default","site-content-layout":"default","ast-site-content-layout":"default","site-content-style":"default","site-sidebar-style":"default","ast-global-header-display":"","ast-banner-title-visibility":"","ast-main-header-display":"","ast-hfb-above-header-display":"","ast-hfb-below-header-display":"","ast-hfb-mobile-header-display":"","site-post-title":"","ast-breadcrumbs-content":"","ast-featured-img":"","footer-sml-layout":"","ast-disable-related-posts":"","theme-transparent-header-meta":"default","adv-header-id-meta":"","stick-header-meta":"default","header-above-stick-meta":"","header-main-stick-meta":"","header-below-stick-meta":"","astra-migrate-meta-layouts":"set","ast-page-background-enabled":"default","ast-page-background-meta":{"desktop":{"background-color":"","background-image":"","background-repeat":"repeat","background-position":"center center","background-size":"auto","background-attachment":"scroll","background-type":"","background-media":"","overlay-type":"","overlay-color":"","overlay-opacity":"","overlay-gradient":""},"tablet":{"background-color":"","background-image":"","background-repeat":"repeat","background-position":"center center","background-size":"auto","background-attachment":"scroll","background-type":"","background-media":"","overlay-type":"","overlay-color":"","overlay-opacity":"","overlay-gradient":""},"mobile":{"background-color":"","background-image":"","background-repeat":"repeat","background-position":"center center","background-size":"auto","background-attachment":"scroll","background-type":"","background-media":"","overlay-type":"","overlay-color":"","overlay-opacity":"","overlay-gradient":""}},"ast-content-background-meta":{"desktop":{"background-color":"var(--ast-global-color-5)","background-image":"","background-repeat":"repeat","background-position":"center center","background-size":"auto","background-attachment":"scroll","background-type":"","background-media":"","overlay-type":"","overlay-color":"","overlay-opacity":"","overlay-gradient":""},"tablet":{"background-color":"var(--ast-global-color-5)","background-image":"","background-repeat":"repeat","background-position":"center center","background-size":"auto","background-attachment":"scroll","background-type":"","background-media":"","overlay-type":"","overlay-color":"","overlay-opacity":"","overlay-gradient":""},"mobile":{"background-color":"var(--ast-global-color-5)","background-image":"","background-repeat":"repeat","background-position":"center center","background-size":"auto","background-attachment":"scroll","background-type":"","background-media":"","overlay-type":"","overlay-color":"","overlay-opacity":"","overlay-gradient":""}}},"product_brand":[],"product_cat":[273,271,305],"product_tag":[],"class_list":{"0":"post-18847","1":"product","2":"type-product","3":"status-publish","4":"has-post-thumbnail","6":"product_cat-aceites-y-capsulas","7":"product_cat-bienestar-cbd","8":"product_cat-cbd-es","9":"pa_cbd-rate-mas-del-20-de-cbd","10":"desktop-align-left","11":"tablet-align-center","12":"mobile-align-left","13":"ast-product-gallery-layout-vertical","14":"ast-product-gallery-with-no-image","15":"ast-magnify-disabled","16":"ast-product-tabs-layout-horizontal","18":"first","19":"instock","20":"taxable","21":"shipping-taxable","22":"purchasable","23":"product-type-simple"},"yoast_head":"<!-- This site is optimized with the Yoast SEO Premium plugin v27.2 (Yoast SEO v27.5) - https:\/\/yoast.com\/product\/yoast-seo-premium-wordpress\/ -->\n<title>ENECTA CBDNight - CBN + CBD Sue\u00f1o Pleno<\/title>\n<meta name=\"description\" content=\"Enecta CBNight F\u00f3rmula 250 mg CBN + 250 mg CBD + 9 mg melatonina - Blumiz - Premium CBD - Full Sleep - Entrega r\u00e1pida\" \/>\n<meta name=\"robots\" content=\"index, follow, max-snippet:-1, max-image-preview:large, max-video-preview:-1\" \/>\n<link rel=\"canonical\" href=\"https:\/\/blumiz.com\/es\/producto\/enecta-cbnight-formula-125-mg-cbn-125-mg-cbd-9-mg-melatonina-30-ml-kopie\/\" \/>\n<meta property=\"og:locale\" content=\"es_ES\" \/>\n<meta property=\"og:type\" content=\"article\" \/>\n<meta property=\"og:title\" content=\"Enecta CBNight F\u00f3rmula 250 mg CBN + 250 mg CBD + 9 mg melatonina\" \/>\n<meta property=\"og:description\" content=\"Enecta CBNight F\u00f3rmula 250 mg CBN + 250 mg CBD + 9 mg melatonina Blumiz - Premium CBD\" \/>\n<meta property=\"og:url\" content=\"https:\/\/blumiz.com\/es\/producto\/enecta-cbnight-formula-125-mg-cbn-125-mg-cbd-9-mg-melatonina-30-ml-kopie\/\" \/>\n<meta property=\"og:site_name\" content=\"Blumiz - Premium CBD\" \/>\n<meta property=\"article:modified_time\" content=\"2025-02-11T12:27:45+00:00\" \/>\n<meta property=\"og:image\" content=\"https:\/\/blumiz.com\/wp-content\/uploads\/2022\/10\/ENECTA-CBD-NIGHT-CBD-CBN.webp\" \/>\n\t<meta property=\"og:image:width\" content=\"600\" \/>\n\t<meta property=\"og:image:height\" content=\"600\" \/>\n\t<meta property=\"og:image:type\" content=\"image\/webp\" \/>\n<meta name=\"twitter:card\" content=\"summary_large_image\" \/>\n<meta name=\"twitter:label1\" content=\"Precio\" \/>\n\t<meta name=\"twitter:data1\" content=\"24,95&nbsp;&euro;\" \/>\n\t<meta name=\"twitter:label2\" content=\"Disponibilidad\" \/>\n\t<meta name=\"twitter:data2\" content=\"Disponible\" \/>\n<script type=\"application\/ld+json\" class=\"yoast-schema-graph\">{\"@context\":\"https:\\\/\\\/schema.org\",\"@graph\":[{\"@type\":\"WebPage\",\"@id\":\"https:\\\/\\\/blumiz.com\\\/es\\\/producto\\\/enecta-cbnight-formula-125-mg-cbn-125-mg-cbd-9-mg-melatonina-30-ml-kopie\\\/\",\"url\":\"https:\\\/\\\/blumiz.com\\\/es\\\/producto\\\/enecta-cbnight-formula-125-mg-cbn-125-mg-cbd-9-mg-melatonina-30-ml-kopie\\\/\",\"name\":\"ENECTA CBDNight - CBN + CBD Sue\u00f1o Pleno\",\"isPartOf\":{\"@id\":\"https:\\\/\\\/blumiz.com\\\/es\\\/#website\"},\"primaryImageOfPage\":{\"@id\":\"https:\\\/\\\/blumiz.com\\\/es\\\/producto\\\/enecta-cbnight-formula-125-mg-cbn-125-mg-cbd-9-mg-melatonina-30-ml-kopie\\\/#primaryimage\"},\"image\":{\"@id\":\"https:\\\/\\\/blumiz.com\\\/es\\\/producto\\\/enecta-cbnight-formula-125-mg-cbn-125-mg-cbd-9-mg-melatonina-30-ml-kopie\\\/#primaryimage\"},\"thumbnailUrl\":\"https:\\\/\\\/blumiz.com\\\/wp-content\\\/uploads\\\/2022\\\/10\\\/ENECTA-CBD-NIGHT-CBD-CBN.webp\",\"datePublished\":\"2024-07-30T15:57:17+00:00\",\"dateModified\":\"2025-02-11T12:27:45+00:00\",\"description\":\"Enecta CBNight F\u00f3rmula 250 mg CBN + 250 mg CBD + 9 mg melatonina - Blumiz - Premium CBD - Full Sleep - Entrega r\u00e1pida\",\"breadcrumb\":{\"@id\":\"https:\\\/\\\/blumiz.com\\\/es\\\/producto\\\/enecta-cbnight-formula-125-mg-cbn-125-mg-cbd-9-mg-melatonina-30-ml-kopie\\\/#breadcrumb\"},\"inLanguage\":\"es\",\"potentialAction\":[{\"@type\":\"ReadAction\",\"target\":[\"https:\\\/\\\/blumiz.com\\\/es\\\/producto\\\/enecta-cbnight-formula-125-mg-cbn-125-mg-cbd-9-mg-melatonina-30-ml-kopie\\\/\"]}]},{\"@type\":\"ImageObject\",\"inLanguage\":\"es\",\"@id\":\"https:\\\/\\\/blumiz.com\\\/es\\\/producto\\\/enecta-cbnight-formula-125-mg-cbn-125-mg-cbd-9-mg-melatonina-30-ml-kopie\\\/#primaryimage\",\"url\":\"https:\\\/\\\/blumiz.com\\\/wp-content\\\/uploads\\\/2022\\\/10\\\/ENECTA-CBD-NIGHT-CBD-CBN.webp\",\"contentUrl\":\"https:\\\/\\\/blumiz.com\\\/wp-content\\\/uploads\\\/2022\\\/10\\\/ENECTA-CBD-NIGHT-CBD-CBN.webp\",\"width\":600,\"height\":600,\"caption\":\"Enecta CBNight Formula 125mg CBN + 125mg CBD + 9mg Melatonin (30ml)\"},{\"@type\":\"BreadcrumbList\",\"@id\":\"https:\\\/\\\/blumiz.com\\\/es\\\/producto\\\/enecta-cbnight-formula-125-mg-cbn-125-mg-cbd-9-mg-melatonina-30-ml-kopie\\\/#breadcrumb\",\"itemListElement\":[{\"@type\":\"ListItem\",\"position\":1,\"name\":\"Blumiz\",\"item\":\"https:\\\/\\\/blumiz.com\\\/es\\\/\"},{\"@type\":\"ListItem\",\"position\":2,\"name\":\"CBD Shop\",\"item\":\"https:\\\/\\\/blumiz.com\\\/es\\\/tienda\\\/\"},{\"@type\":\"ListItem\",\"position\":3,\"name\":\"Bienestar CBD\",\"item\":\"https:\\\/\\\/blumiz.com\\\/es\\\/category\\\/bienestar-cbd\\\/\"},{\"@type\":\"ListItem\",\"position\":4,\"name\":\"Aceites y c\u00e1psulas\",\"item\":\"https:\\\/\\\/blumiz.com\\\/es\\\/category\\\/bienestar-cbd\\\/aceites-y-capsulas\\\/\"},{\"@type\":\"ListItem\",\"position\":5,\"name\":\"Enecta CBNight F\u00f3rmula 250 mg CBN + 250 mg CBD + 9 mg melatonina\"}]},{\"@type\":\"WebSite\",\"@id\":\"https:\\\/\\\/blumiz.com\\\/es\\\/#website\",\"url\":\"https:\\\/\\\/blumiz.com\\\/es\\\/\",\"name\":\"Blumiz - Premium CBD\",\"description\":\"Un CBD al mejor precio y de calidad superior\",\"publisher\":{\"@id\":\"https:\\\/\\\/blumiz.com\\\/es\\\/#organization\"},\"alternateName\":\"Blumiz\",\"potentialAction\":[{\"@type\":\"SearchAction\",\"target\":{\"@type\":\"EntryPoint\",\"urlTemplate\":\"https:\\\/\\\/blumiz.com\\\/es\\\/?s={search_term_string}\"},\"query-input\":{\"@type\":\"PropertyValueSpecification\",\"valueRequired\":true,\"valueName\":\"search_term_string\"}}],\"inLanguage\":\"es\"},{\"@type\":\"Organization\",\"@id\":\"https:\\\/\\\/blumiz.com\\\/es\\\/#organization\",\"name\":\"Blumiz CBD\",\"alternateName\":\"Blumiz\",\"url\":\"https:\\\/\\\/blumiz.com\\\/es\\\/\",\"logo\":{\"@type\":\"ImageObject\",\"inLanguage\":\"es\",\"@id\":\"https:\\\/\\\/blumiz.com\\\/es\\\/#\\\/schema\\\/logo\\\/image\\\/\",\"url\":\"https:\\\/\\\/blumiz.com\\\/wp-content\\\/uploads\\\/2026\\\/02\\\/cropped-Blumiz-CBD-logo.webp\",\"contentUrl\":\"https:\\\/\\\/blumiz.com\\\/wp-content\\\/uploads\\\/2026\\\/02\\\/cropped-Blumiz-CBD-logo.webp\",\"width\":2547,\"height\":778,\"caption\":\"Blumiz CBD\"},\"image\":{\"@id\":\"https:\\\/\\\/blumiz.com\\\/es\\\/#\\\/schema\\\/logo\\\/image\\\/\"}}]}<\/script>\n<meta property=\"product:price:amount\" content=\"24.95\" \/>\n<meta property=\"product:price:currency\" content=\"EUR\" \/>\n<meta property=\"og:availability\" content=\"instock\" \/>\n<meta property=\"product:availability\" content=\"instock\" \/>\n<meta property=\"product:retailer_item_id\" content=\"62573822\" \/>\n<meta property=\"product:condition\" content=\"new\" \/>\n<!-- \/ Yoast SEO Premium plugin. -->","yoast_head_json":{"title":"ENECTA CBDNight - CBN + CBD Sue\u00f1o Pleno","description":"Enecta CBNight F\u00f3rmula 250 mg CBN + 250 mg CBD + 9 mg melatonina - Blumiz - Premium CBD - Full Sleep - Entrega r\u00e1pida","robots":{"index":"index","follow":"follow","max-snippet":"max-snippet:-1","max-image-preview":"max-image-preview:large","max-video-preview":"max-video-preview:-1"},"canonical":"https:\/\/blumiz.com\/es\/producto\/enecta-cbnight-formula-125-mg-cbn-125-mg-cbd-9-mg-melatonina-30-ml-kopie\/","og_locale":"es_ES","og_type":"article","og_title":"Enecta CBNight F\u00f3rmula 250 mg CBN + 250 mg CBD + 9 mg melatonina","og_description":"Enecta CBNight F\u00f3rmula 250 mg CBN + 250 mg CBD + 9 mg melatonina Blumiz - Premium CBD","og_url":"https:\/\/blumiz.com\/es\/producto\/enecta-cbnight-formula-125-mg-cbn-125-mg-cbd-9-mg-melatonina-30-ml-kopie\/","og_site_name":"Blumiz - Premium CBD","article_modified_time":"2025-02-11T12:27:45+00:00","og_image":[{"width":600,"height":600,"url":"https:\/\/blumiz.com\/wp-content\/uploads\/2022\/10\/ENECTA-CBD-NIGHT-CBD-CBN.webp","type":"image\/webp"}],"twitter_card":"summary_large_image","twitter_misc":{"Precio":"24,95&nbsp;&euro;","Disponibilidad":"Disponible"},"schema":{"@context":"https:\/\/schema.org","@graph":[{"@type":"WebPage","@id":"https:\/\/blumiz.com\/es\/producto\/enecta-cbnight-formula-125-mg-cbn-125-mg-cbd-9-mg-melatonina-30-ml-kopie\/","url":"https:\/\/blumiz.com\/es\/producto\/enecta-cbnight-formula-125-mg-cbn-125-mg-cbd-9-mg-melatonina-30-ml-kopie\/","name":"ENECTA CBDNight - CBN + CBD Sue\u00f1o Pleno","isPartOf":{"@id":"https:\/\/blumiz.com\/es\/#website"},"primaryImageOfPage":{"@id":"https:\/\/blumiz.com\/es\/producto\/enecta-cbnight-formula-125-mg-cbn-125-mg-cbd-9-mg-melatonina-30-ml-kopie\/#primaryimage"},"image":{"@id":"https:\/\/blumiz.com\/es\/producto\/enecta-cbnight-formula-125-mg-cbn-125-mg-cbd-9-mg-melatonina-30-ml-kopie\/#primaryimage"},"thumbnailUrl":"https:\/\/blumiz.com\/wp-content\/uploads\/2022\/10\/ENECTA-CBD-NIGHT-CBD-CBN.webp","datePublished":"2024-07-30T15:57:17+00:00","dateModified":"2025-02-11T12:27:45+00:00","description":"Enecta CBNight F\u00f3rmula 250 mg CBN + 250 mg CBD + 9 mg melatonina - Blumiz - Premium CBD - Full Sleep - Entrega r\u00e1pida","breadcrumb":{"@id":"https:\/\/blumiz.com\/es\/producto\/enecta-cbnight-formula-125-mg-cbn-125-mg-cbd-9-mg-melatonina-30-ml-kopie\/#breadcrumb"},"inLanguage":"es","potentialAction":[{"@type":"ReadAction","target":["https:\/\/blumiz.com\/es\/producto\/enecta-cbnight-formula-125-mg-cbn-125-mg-cbd-9-mg-melatonina-30-ml-kopie\/"]}]},{"@type":"ImageObject","inLanguage":"es","@id":"https:\/\/blumiz.com\/es\/producto\/enecta-cbnight-formula-125-mg-cbn-125-mg-cbd-9-mg-melatonina-30-ml-kopie\/#primaryimage","url":"https:\/\/blumiz.com\/wp-content\/uploads\/2022\/10\/ENECTA-CBD-NIGHT-CBD-CBN.webp","contentUrl":"https:\/\/blumiz.com\/wp-content\/uploads\/2022\/10\/ENECTA-CBD-NIGHT-CBD-CBN.webp","width":600,"height":600,"caption":"Enecta CBNight Formula 125mg CBN + 125mg CBD + 9mg Melatonin (30ml)"},{"@type":"BreadcrumbList","@id":"https:\/\/blumiz.com\/es\/producto\/enecta-cbnight-formula-125-mg-cbn-125-mg-cbd-9-mg-melatonina-30-ml-kopie\/#breadcrumb","itemListElement":[{"@type":"ListItem","position":1,"name":"Blumiz","item":"https:\/\/blumiz.com\/es\/"},{"@type":"ListItem","position":2,"name":"CBD Shop","item":"https:\/\/blumiz.com\/es\/tienda\/"},{"@type":"ListItem","position":3,"name":"Bienestar CBD","item":"https:\/\/blumiz.com\/es\/category\/bienestar-cbd\/"},{"@type":"ListItem","position":4,"name":"Aceites y c\u00e1psulas","item":"https:\/\/blumiz.com\/es\/category\/bienestar-cbd\/aceites-y-capsulas\/"},{"@type":"ListItem","position":5,"name":"Enecta CBNight F\u00f3rmula 250 mg CBN + 250 mg CBD + 9 mg melatonina"}]},{"@type":"WebSite","@id":"https:\/\/blumiz.com\/es\/#website","url":"https:\/\/blumiz.com\/es\/","name":"Blumiz - Premium CBD","description":"Un CBD al mejor precio y de calidad superior","publisher":{"@id":"https:\/\/blumiz.com\/es\/#organization"},"alternateName":"Blumiz","potentialAction":[{"@type":"SearchAction","target":{"@type":"EntryPoint","urlTemplate":"https:\/\/blumiz.com\/es\/?s={search_term_string}"},"query-input":{"@type":"PropertyValueSpecification","valueRequired":true,"valueName":"search_term_string"}}],"inLanguage":"es"},{"@type":"Organization","@id":"https:\/\/blumiz.com\/es\/#organization","name":"Blumiz CBD","alternateName":"Blumiz","url":"https:\/\/blumiz.com\/es\/","logo":{"@type":"ImageObject","inLanguage":"es","@id":"https:\/\/blumiz.com\/es\/#\/schema\/logo\/image\/","url":"https:\/\/blumiz.com\/wp-content\/uploads\/2026\/02\/cropped-Blumiz-CBD-logo.webp","contentUrl":"https:\/\/blumiz.com\/wp-content\/uploads\/2026\/02\/cropped-Blumiz-CBD-logo.webp","width":2547,"height":778,"caption":"Blumiz CBD"},"image":{"@id":"https:\/\/blumiz.com\/es\/#\/schema\/logo\/image\/"}}]},"product_price_amount":"24.95","product_price_currency":"EUR","og_availability":"instock","product_availability":"instock","product_retailer_item_id":"62573822","product_condition":"new"},"_links":{"self":[{"href":"https:\/\/blumiz.com\/es\/wp-json\/wp\/v2\/product\/18847","targetHints":{"allow":["GET"]}}],"collection":[{"href":"https:\/\/blumiz.com\/es\/wp-json\/wp\/v2\/product"}],"about":[{"href":"https:\/\/blumiz.com\/es\/wp-json\/wp\/v2\/types\/product"}],"replies":[{"embeddable":true,"href":"https:\/\/blumiz.com\/es\/wp-json\/wp\/v2\/comments?post=18847"}],"version-history":[{"count":0,"href":"https:\/\/blumiz.com\/es\/wp-json\/wp\/v2\/product\/18847\/revisions"}],"wp:featuredmedia":[{"embeddable":true,"href":"https:\/\/blumiz.com\/es\/wp-json\/wp\/v2\/media\/11200"}],"wp:attachment":[{"href":"https:\/\/blumiz.com\/es\/wp-json\/wp\/v2\/media?parent=18847"}],"wp:term":[{"taxonomy":"product_brand","embeddable":true,"href":"https:\/\/blumiz.com\/es\/wp-json\/wp\/v2\/product_brand?post=18847"},{"taxonomy":"product_cat","embeddable":true,"href":"https:\/\/blumiz.com\/es\/wp-json\/wp\/v2\/product_cat?post=18847"},{"taxonomy":"product_tag","embeddable":true,"href":"https:\/\/blumiz.com\/es\/wp-json\/wp\/v2\/product_tag?post=18847"}],"curies":[{"name":"wp","href":"https:\/\/api.w.org\/{rel}","templated":true}]}}