{"id":19039,"date":"2024-07-31T10:13:30","date_gmt":"2024-07-31T09:13:30","guid":{"rendered":"https:\/\/blumiz.com\/?post_type=product&#038;p=19039"},"modified":"2025-02-11T13:26:36","modified_gmt":"2025-02-11T12:26:36","slug":"caramelos-de-cbd-sabor-sandia-100-mg-60-g-kopie","status":"publish","type":"product","link":"https:\/\/blumiz.com\/es\/producto\/caramelos-de-cbd-sabor-sandia-100-mg-60-g-kopie\/","title":{"rendered":"Gominolas de CBD del Condado de Orange, paquete de viaje, 200 mg de CBD, 8 unidades, 50 g"},"content":{"rendered":"<div class=\"flex-shrink-0 flex flex-col relative items-end\">\n<div>\n<div class=\"pt-0\">\n<h2 class=\"gizmo-bot-avatar flex h-8 w-8 items-center justify-center overflow-hidden rounded-full\"><strong>Gominolas con CBD: disfrute afrutado sin gluten ni productos animales<\/strong><\/h2>\n<\/div>\n<\/div>\n<\/div>\n<div class=\"group\/conversation-turn relative flex w-full min-w-0 flex-col agent-turn\">\n<div class=\"flex-col gap-1 md:gap-3\">\n<div class=\"flex flex-grow flex-col max-w-full\">\n<div class=\"min-h-[20px] text-message flex w-full flex-col items-end gap-2 whitespace-pre-wrap break-words [.text-message+&amp;]:mt-5 overflow-x-auto\" dir=\"auto\" data-message-author-role=\"assistant\" data-message-id=\"7ce155da-e5ce-48a5-98d8-afa8ebb51bdd\">\n<div class=\"flex w-full flex-col gap-1 empty:hidden first:pt-[3px]\">\n<div class=\"markdown prose w-full break-words dark:prose-invert light\">\n<p>Estos gusanos de gominola se han desarrollado especialmente para desarrollar su sabor afrutado evitando el gluten y los productos animales. Son muy populares entre los amantes del CBD e impresionan por su facilidad de uso y delicioso sabor.<\/p>\n<p><strong>Caracter\u00edsticas:<\/strong><\/p>\n<ul>\n<li>Contenido de CBD por envase: 200 mg<\/li>\n<li>Contenido de CBD por gusano: 25 mg<\/li>\n<li>N\u00famero de gusanos en el paquete: 8<\/li>\n<li>Peso del paquete: 50 g<\/li>\n<li>Sin THC<\/li>\n<li>Amplio espectro<\/li>\n<li>Probado en laboratorio<\/li>\n<\/ul>\n<p><strong>Ingredientes:<\/strong><\/p>\n<p>Cannabidiol de amplio espectro (CBD), zumo de ca\u00f1a evaporado ecol\u00f3gico, sirope de ma\u00edz ecol\u00f3gico, zumo concentrado de uva blanca ecol\u00f3gica, pectina de citrato s\u00f3dico, \u00e1cido c\u00edtrico, \u00e1cido asc\u00f3rbico, aromas naturales, achiote, c\u00farcuma, zumo concentrado de uva y zumo concentrado de frutos rojos.<\/p>\n<p><strong>Advertencia:<\/strong><\/p>\n<p>Gu\u00e1rdalo en un lugar fresco, seco y oscuro. Los complementos alimenticios no sustituyen a una dieta equilibrada. Este producto no est\u00e1 destinado al diagn\u00f3stico, tratamiento o prevenci\u00f3n de enfermedades. Mantener fuera del alcance de los ni\u00f1os. No apto para ni\u00f1os, adolescentes, mujeres embarazadas y en periodo de lactancia. Pregunta a tu m\u00e9dico sobre las posibles interacciones con cualquier medicamento que est\u00e9s tomando. No contiene THC.<\/p>\n<\/div>\n<\/div>\n<\/div>\n<\/div>\n<\/div>\n<\/div>\n","protected":false},"excerpt":{"rendered":"<p><strong>Prueba los gusanos de goma con CBD<\/strong><\/p>\n<p>Nuestros gusanos de goma con CBD del Condado de Orange son la elecci\u00f3n perfecta para un comienzo delicioso y asequible. Estos gusanos de gominola veganos ofrecen todos los beneficios del CBD en una forma cl\u00e1sica y una jugosa mezcla de sabores.<\/p>\n<p><span style=\"font-size: 16px;\">Gominolas de CBD con sabor a sand\u00eda<\/span><\/p>\n<p>&nbsp;<\/p>\n","protected":false},"featured_media":19042,"comment_status":"open","ping_status":"closed","template":"","meta":{"site-sidebar-layout":"default","site-content-layout":"default","ast-site-content-layout":"default","site-content-style":"default","site-sidebar-style":"default","ast-global-header-display":"","ast-banner-title-visibility":"","ast-main-header-display":"","ast-hfb-above-header-display":"","ast-hfb-below-header-display":"","ast-hfb-mobile-header-display":"","site-post-title":"","ast-breadcrumbs-content":"","ast-featured-img":"","footer-sml-layout":"","ast-disable-related-posts":"","theme-transparent-header-meta":"default","adv-header-id-meta":"","stick-header-meta":"default","header-above-stick-meta":"","header-main-stick-meta":"","header-below-stick-meta":"","astra-migrate-meta-layouts":"set","ast-page-background-enabled":"default","ast-page-background-meta":{"desktop":{"background-color":"","background-image":"","background-repeat":"repeat","background-position":"center center","background-size":"auto","background-attachment":"scroll","background-type":"","background-media":"","overlay-type":"","overlay-color":"","overlay-opacity":"","overlay-gradient":""},"tablet":{"background-color":"","background-image":"","background-repeat":"repeat","background-position":"center center","background-size":"auto","background-attachment":"scroll","background-type":"","background-media":"","overlay-type":"","overlay-color":"","overlay-opacity":"","overlay-gradient":""},"mobile":{"background-color":"","background-image":"","background-repeat":"repeat","background-position":"center center","background-size":"auto","background-attachment":"scroll","background-type":"","background-media":"","overlay-type":"","overlay-color":"","overlay-opacity":"","overlay-gradient":""}},"ast-content-background-meta":{"desktop":{"background-color":"var(--ast-global-color-5)","background-image":"","background-repeat":"repeat","background-position":"center center","background-size":"auto","background-attachment":"scroll","background-type":"","background-media":"","overlay-type":"","overlay-color":"","overlay-opacity":"","overlay-gradient":""},"tablet":{"background-color":"var(--ast-global-color-5)","background-image":"","background-repeat":"repeat","background-position":"center center","background-size":"auto","background-attachment":"scroll","background-type":"","background-media":"","overlay-type":"","overlay-color":"","overlay-opacity":"","overlay-gradient":""},"mobile":{"background-color":"var(--ast-global-color-5)","background-image":"","background-repeat":"repeat","background-position":"center center","background-size":"auto","background-attachment":"scroll","background-type":"","background-media":"","overlay-type":"","overlay-color":"","overlay-opacity":"","overlay-gradient":""}}},"product_brand":[],"product_cat":[277,305],"product_tag":[],"class_list":{"0":"post-19039","1":"product","2":"type-product","3":"status-publish","4":"has-post-thumbnail","6":"product_cat-alimentos-cbd","7":"product_cat-cbd-es","8":"desktop-align-left","9":"tablet-align-center","10":"mobile-align-left","11":"ast-product-gallery-layout-vertical","12":"ast-product-gallery-with-no-image","13":"ast-magnify-disabled","14":"ast-product-tabs-layout-horizontal","16":"first","17":"outofstock","18":"taxable","19":"shipping-taxable","20":"purchasable","21":"product-type-simple"},"yoast_head":"<!-- This site is optimized with the Yoast SEO Premium plugin v27.2 (Yoast SEO v27.4) - https:\/\/yoast.com\/product\/yoast-seo-premium-wordpress\/ -->\n<title>Gominolas de CBD del Condado de Orange Gusanos<\/title>\n<meta name=\"description\" content=\"Gominolas de CBD en Espa\u00f1a Blumiz - Premium CBD Comprar los mejores comestibles de CBD en Espa\u00f1a- Premium - Blumiz - Premium CBD\" \/>\n<meta name=\"robots\" content=\"index, follow, max-snippet:-1, max-image-preview:large, max-video-preview:-1\" \/>\n<link rel=\"canonical\" href=\"https:\/\/blumiz.com\/es\/producto\/caramelos-de-cbd-sabor-sandia-100-mg-60-g-kopie\/\" \/>\n<meta property=\"og:locale\" content=\"es_ES\" \/>\n<meta property=\"og:type\" content=\"article\" \/>\n<meta property=\"og:title\" content=\"Gominolas de CBD del Condado de Orange, paquete de viaje, 200 mg de CBD, 8 unidades, 50 g\" \/>\n<meta property=\"og:description\" content=\"Gominolas de CBD del Condado de Orange, paquete de viaje, 200 mg de CBD, 8 unidades, 50 g Blumiz - Premium CBD\" \/>\n<meta property=\"og:url\" content=\"https:\/\/blumiz.com\/es\/producto\/caramelos-de-cbd-sabor-sandia-100-mg-60-g-kopie\/\" \/>\n<meta property=\"og:site_name\" content=\"Blumiz - Premium CBD\" \/>\n<meta property=\"article:modified_time\" content=\"2025-02-11T12:26:36+00:00\" \/>\n<meta property=\"og:image\" content=\"https:\/\/blumiz.com\/wp-content\/uploads\/2024\/07\/Orange-County-CBD-Wurmer-Reisepackung-200-mg-CBD-8-Stuck-50-g.webp\" \/>\n\t<meta property=\"og:image:width\" content=\"600\" \/>\n\t<meta property=\"og:image:height\" content=\"600\" \/>\n\t<meta property=\"og:image:type\" content=\"image\/webp\" \/>\n<meta name=\"twitter:card\" content=\"summary_large_image\" \/>\n<meta name=\"twitter:label1\" content=\"Precio\" \/>\n\t<meta name=\"twitter:data1\" content=\"9,50&nbsp;&euro;\" \/>\n\t<meta name=\"twitter:label2\" content=\"Disponibilidad\" \/>\n\t<meta name=\"twitter:data2\" content=\"Sin existencias\" \/>\n<script type=\"application\/ld+json\" class=\"yoast-schema-graph\">{\"@context\":\"https:\\\/\\\/schema.org\",\"@graph\":[{\"@type\":\"WebPage\",\"@id\":\"https:\\\/\\\/blumiz.com\\\/es\\\/producto\\\/caramelos-de-cbd-sabor-sandia-100-mg-60-g-kopie\\\/\",\"url\":\"https:\\\/\\\/blumiz.com\\\/es\\\/producto\\\/caramelos-de-cbd-sabor-sandia-100-mg-60-g-kopie\\\/\",\"name\":\"Gominolas de CBD del Condado de Orange Gusanos\",\"isPartOf\":{\"@id\":\"https:\\\/\\\/blumiz.com\\\/es\\\/#website\"},\"primaryImageOfPage\":{\"@id\":\"https:\\\/\\\/blumiz.com\\\/es\\\/producto\\\/caramelos-de-cbd-sabor-sandia-100-mg-60-g-kopie\\\/#primaryimage\"},\"image\":{\"@id\":\"https:\\\/\\\/blumiz.com\\\/es\\\/producto\\\/caramelos-de-cbd-sabor-sandia-100-mg-60-g-kopie\\\/#primaryimage\"},\"thumbnailUrl\":\"https:\\\/\\\/blumiz.com\\\/wp-content\\\/uploads\\\/2024\\\/07\\\/Orange-County-CBD-Wurmer-Reisepackung-200-mg-CBD-8-Stuck-50-g.webp\",\"datePublished\":\"2024-07-31T09:13:30+00:00\",\"dateModified\":\"2025-02-11T12:26:36+00:00\",\"description\":\"Gominolas de CBD en Espa\u00f1a Blumiz - Premium CBD Comprar los mejores comestibles de CBD en Espa\u00f1a- Premium - Blumiz - Premium CBD\",\"breadcrumb\":{\"@id\":\"https:\\\/\\\/blumiz.com\\\/es\\\/producto\\\/caramelos-de-cbd-sabor-sandia-100-mg-60-g-kopie\\\/#breadcrumb\"},\"inLanguage\":\"es\",\"potentialAction\":[{\"@type\":\"ReadAction\",\"target\":[\"https:\\\/\\\/blumiz.com\\\/es\\\/producto\\\/caramelos-de-cbd-sabor-sandia-100-mg-60-g-kopie\\\/\"]}]},{\"@type\":\"ImageObject\",\"inLanguage\":\"es\",\"@id\":\"https:\\\/\\\/blumiz.com\\\/es\\\/producto\\\/caramelos-de-cbd-sabor-sandia-100-mg-60-g-kopie\\\/#primaryimage\",\"url\":\"https:\\\/\\\/blumiz.com\\\/wp-content\\\/uploads\\\/2024\\\/07\\\/Orange-County-CBD-Wurmer-Reisepackung-200-mg-CBD-8-Stuck-50-g.webp\",\"contentUrl\":\"https:\\\/\\\/blumiz.com\\\/wp-content\\\/uploads\\\/2024\\\/07\\\/Orange-County-CBD-Wurmer-Reisepackung-200-mg-CBD-8-Stuck-50-g.webp\",\"width\":600,\"height\":600,\"caption\":\"Orange County CBD W\u00fcrmer, Reisepackung, 200 mg CBD, 8 St\u00fcck, 50 g\"},{\"@type\":\"BreadcrumbList\",\"@id\":\"https:\\\/\\\/blumiz.com\\\/es\\\/producto\\\/caramelos-de-cbd-sabor-sandia-100-mg-60-g-kopie\\\/#breadcrumb\",\"itemListElement\":[{\"@type\":\"ListItem\",\"position\":1,\"name\":\"Blumiz\",\"item\":\"https:\\\/\\\/blumiz.com\\\/es\\\/\"},{\"@type\":\"ListItem\",\"position\":2,\"name\":\"CBD Shop\",\"item\":\"https:\\\/\\\/blumiz.com\\\/es\\\/tienda\\\/\"},{\"@type\":\"ListItem\",\"position\":3,\"name\":\"Bienestar CBD\",\"item\":\"https:\\\/\\\/blumiz.com\\\/es\\\/category\\\/bienestar-cbd\\\/\"},{\"@type\":\"ListItem\",\"position\":4,\"name\":\"Alimentos CBD\",\"item\":\"https:\\\/\\\/blumiz.com\\\/es\\\/category\\\/bienestar-cbd\\\/alimentos-cbd\\\/\"},{\"@type\":\"ListItem\",\"position\":5,\"name\":\"Gominolas de CBD del Condado de Orange, paquete de viaje, 200 mg de CBD, 8 unidades, 50 g\"}]},{\"@type\":\"WebSite\",\"@id\":\"https:\\\/\\\/blumiz.com\\\/es\\\/#website\",\"url\":\"https:\\\/\\\/blumiz.com\\\/es\\\/\",\"name\":\"Blumiz - Premium CBD\",\"description\":\"Un CBD al mejor precio y de calidad superior\",\"publisher\":{\"@id\":\"https:\\\/\\\/blumiz.com\\\/es\\\/#organization\"},\"alternateName\":\"Blumiz\",\"potentialAction\":[{\"@type\":\"SearchAction\",\"target\":{\"@type\":\"EntryPoint\",\"urlTemplate\":\"https:\\\/\\\/blumiz.com\\\/es\\\/?s={search_term_string}\"},\"query-input\":{\"@type\":\"PropertyValueSpecification\",\"valueRequired\":true,\"valueName\":\"search_term_string\"}}],\"inLanguage\":\"es\"},{\"@type\":\"Organization\",\"@id\":\"https:\\\/\\\/blumiz.com\\\/es\\\/#organization\",\"name\":\"Blumiz CBD\",\"alternateName\":\"Blumiz\",\"url\":\"https:\\\/\\\/blumiz.com\\\/es\\\/\",\"logo\":{\"@type\":\"ImageObject\",\"inLanguage\":\"es\",\"@id\":\"https:\\\/\\\/blumiz.com\\\/es\\\/#\\\/schema\\\/logo\\\/image\\\/\",\"url\":\"https:\\\/\\\/blumiz.com\\\/wp-content\\\/uploads\\\/2026\\\/02\\\/cropped-Blumiz-CBD-logo.webp\",\"contentUrl\":\"https:\\\/\\\/blumiz.com\\\/wp-content\\\/uploads\\\/2026\\\/02\\\/cropped-Blumiz-CBD-logo.webp\",\"width\":2547,\"height\":778,\"caption\":\"Blumiz CBD\"},\"image\":{\"@id\":\"https:\\\/\\\/blumiz.com\\\/es\\\/#\\\/schema\\\/logo\\\/image\\\/\"}}]}<\/script>\n<meta property=\"product:price:amount\" content=\"9.50\" \/>\n<meta property=\"product:price:currency\" content=\"EUR\" \/>\n<meta property=\"og:availability\" content=\"out of stock\" \/>\n<meta property=\"product:availability\" content=\"out of stock\" \/>\n<meta property=\"product:retailer_item_id\" content=\"4639001\" \/>\n<meta property=\"product:condition\" content=\"new\" \/>\n<!-- \/ Yoast SEO Premium plugin. -->","yoast_head_json":{"title":"Gominolas de CBD del Condado de Orange Gusanos","description":"Gominolas de CBD en Espa\u00f1a Blumiz - Premium CBD Comprar los mejores comestibles de CBD en Espa\u00f1a- Premium - Blumiz - Premium CBD","robots":{"index":"index","follow":"follow","max-snippet":"max-snippet:-1","max-image-preview":"max-image-preview:large","max-video-preview":"max-video-preview:-1"},"canonical":"https:\/\/blumiz.com\/es\/producto\/caramelos-de-cbd-sabor-sandia-100-mg-60-g-kopie\/","og_locale":"es_ES","og_type":"article","og_title":"Gominolas de CBD del Condado de Orange, paquete de viaje, 200 mg de CBD, 8 unidades, 50 g","og_description":"Gominolas de CBD del Condado de Orange, paquete de viaje, 200 mg de CBD, 8 unidades, 50 g Blumiz - Premium CBD","og_url":"https:\/\/blumiz.com\/es\/producto\/caramelos-de-cbd-sabor-sandia-100-mg-60-g-kopie\/","og_site_name":"Blumiz - Premium CBD","article_modified_time":"2025-02-11T12:26:36+00:00","og_image":[{"width":600,"height":600,"url":"https:\/\/blumiz.com\/wp-content\/uploads\/2024\/07\/Orange-County-CBD-Wurmer-Reisepackung-200-mg-CBD-8-Stuck-50-g.webp","type":"image\/webp"}],"twitter_card":"summary_large_image","twitter_misc":{"Precio":"9,50&nbsp;&euro;","Disponibilidad":"Sin existencias"},"schema":{"@context":"https:\/\/schema.org","@graph":[{"@type":"WebPage","@id":"https:\/\/blumiz.com\/es\/producto\/caramelos-de-cbd-sabor-sandia-100-mg-60-g-kopie\/","url":"https:\/\/blumiz.com\/es\/producto\/caramelos-de-cbd-sabor-sandia-100-mg-60-g-kopie\/","name":"Gominolas de CBD del Condado de Orange Gusanos","isPartOf":{"@id":"https:\/\/blumiz.com\/es\/#website"},"primaryImageOfPage":{"@id":"https:\/\/blumiz.com\/es\/producto\/caramelos-de-cbd-sabor-sandia-100-mg-60-g-kopie\/#primaryimage"},"image":{"@id":"https:\/\/blumiz.com\/es\/producto\/caramelos-de-cbd-sabor-sandia-100-mg-60-g-kopie\/#primaryimage"},"thumbnailUrl":"https:\/\/blumiz.com\/wp-content\/uploads\/2024\/07\/Orange-County-CBD-Wurmer-Reisepackung-200-mg-CBD-8-Stuck-50-g.webp","datePublished":"2024-07-31T09:13:30+00:00","dateModified":"2025-02-11T12:26:36+00:00","description":"Gominolas de CBD en Espa\u00f1a Blumiz - Premium CBD Comprar los mejores comestibles de CBD en Espa\u00f1a- Premium - Blumiz - Premium CBD","breadcrumb":{"@id":"https:\/\/blumiz.com\/es\/producto\/caramelos-de-cbd-sabor-sandia-100-mg-60-g-kopie\/#breadcrumb"},"inLanguage":"es","potentialAction":[{"@type":"ReadAction","target":["https:\/\/blumiz.com\/es\/producto\/caramelos-de-cbd-sabor-sandia-100-mg-60-g-kopie\/"]}]},{"@type":"ImageObject","inLanguage":"es","@id":"https:\/\/blumiz.com\/es\/producto\/caramelos-de-cbd-sabor-sandia-100-mg-60-g-kopie\/#primaryimage","url":"https:\/\/blumiz.com\/wp-content\/uploads\/2024\/07\/Orange-County-CBD-Wurmer-Reisepackung-200-mg-CBD-8-Stuck-50-g.webp","contentUrl":"https:\/\/blumiz.com\/wp-content\/uploads\/2024\/07\/Orange-County-CBD-Wurmer-Reisepackung-200-mg-CBD-8-Stuck-50-g.webp","width":600,"height":600,"caption":"Orange County CBD W\u00fcrmer, Reisepackung, 200 mg CBD, 8 St\u00fcck, 50 g"},{"@type":"BreadcrumbList","@id":"https:\/\/blumiz.com\/es\/producto\/caramelos-de-cbd-sabor-sandia-100-mg-60-g-kopie\/#breadcrumb","itemListElement":[{"@type":"ListItem","position":1,"name":"Blumiz","item":"https:\/\/blumiz.com\/es\/"},{"@type":"ListItem","position":2,"name":"CBD Shop","item":"https:\/\/blumiz.com\/es\/tienda\/"},{"@type":"ListItem","position":3,"name":"Bienestar CBD","item":"https:\/\/blumiz.com\/es\/category\/bienestar-cbd\/"},{"@type":"ListItem","position":4,"name":"Alimentos CBD","item":"https:\/\/blumiz.com\/es\/category\/bienestar-cbd\/alimentos-cbd\/"},{"@type":"ListItem","position":5,"name":"Gominolas de CBD del Condado de Orange, paquete de viaje, 200 mg de CBD, 8 unidades, 50 g"}]},{"@type":"WebSite","@id":"https:\/\/blumiz.com\/es\/#website","url":"https:\/\/blumiz.com\/es\/","name":"Blumiz - Premium CBD","description":"Un CBD al mejor precio y de calidad superior","publisher":{"@id":"https:\/\/blumiz.com\/es\/#organization"},"alternateName":"Blumiz","potentialAction":[{"@type":"SearchAction","target":{"@type":"EntryPoint","urlTemplate":"https:\/\/blumiz.com\/es\/?s={search_term_string}"},"query-input":{"@type":"PropertyValueSpecification","valueRequired":true,"valueName":"search_term_string"}}],"inLanguage":"es"},{"@type":"Organization","@id":"https:\/\/blumiz.com\/es\/#organization","name":"Blumiz CBD","alternateName":"Blumiz","url":"https:\/\/blumiz.com\/es\/","logo":{"@type":"ImageObject","inLanguage":"es","@id":"https:\/\/blumiz.com\/es\/#\/schema\/logo\/image\/","url":"https:\/\/blumiz.com\/wp-content\/uploads\/2026\/02\/cropped-Blumiz-CBD-logo.webp","contentUrl":"https:\/\/blumiz.com\/wp-content\/uploads\/2026\/02\/cropped-Blumiz-CBD-logo.webp","width":2547,"height":778,"caption":"Blumiz CBD"},"image":{"@id":"https:\/\/blumiz.com\/es\/#\/schema\/logo\/image\/"}}]},"product_price_amount":"9.50","product_price_currency":"EUR","og_availability":"out of stock","product_availability":"out of stock","product_retailer_item_id":"4639001","product_condition":"new"},"_links":{"self":[{"href":"https:\/\/blumiz.com\/es\/wp-json\/wp\/v2\/product\/19039","targetHints":{"allow":["GET"]}}],"collection":[{"href":"https:\/\/blumiz.com\/es\/wp-json\/wp\/v2\/product"}],"about":[{"href":"https:\/\/blumiz.com\/es\/wp-json\/wp\/v2\/types\/product"}],"replies":[{"embeddable":true,"href":"https:\/\/blumiz.com\/es\/wp-json\/wp\/v2\/comments?post=19039"}],"version-history":[{"count":0,"href":"https:\/\/blumiz.com\/es\/wp-json\/wp\/v2\/product\/19039\/revisions"}],"wp:featuredmedia":[{"embeddable":true,"href":"https:\/\/blumiz.com\/es\/wp-json\/wp\/v2\/media\/19042"}],"wp:attachment":[{"href":"https:\/\/blumiz.com\/es\/wp-json\/wp\/v2\/media?parent=19039"}],"wp:term":[{"taxonomy":"product_brand","embeddable":true,"href":"https:\/\/blumiz.com\/es\/wp-json\/wp\/v2\/product_brand?post=19039"},{"taxonomy":"product_cat","embeddable":true,"href":"https:\/\/blumiz.com\/es\/wp-json\/wp\/v2\/product_cat?post=19039"},{"taxonomy":"product_tag","embeddable":true,"href":"https:\/\/blumiz.com\/es\/wp-json\/wp\/v2\/product_tag?post=19039"}],"curies":[{"name":"wp","href":"https:\/\/api.w.org\/{rel}","templated":true}]}}