{"id":19219,"date":"2023-07-31T13:45:25","date_gmt":"2023-07-31T12:45:25","guid":{"rendered":"https:\/\/blumiz.com\/?post_type=product&#038;p=19219"},"modified":"2025-08-05T09:28:18","modified_gmt":"2025-08-05T08:28:18","slug":"blunt-original-cannabis-flavour-original-juicy-jays-x-2-blunt-kopie","status":"publish","type":"product","link":"https:\/\/blumiz.com\/es\/producto\/blunt-original-cannabis-flavour-original-juicy-jays-x-2-blunt-kopie\/","title":{"rendered":"Cyclones Cono de C\u00e1\u00f1amo Morado x 2 Blunt"},"content":{"rendered":"<p><strong>Conos de c\u00e1\u00f1amo morados Cyclones &#8211; canutos de c\u00e1\u00f1amo con sabor a uva<\/strong><\/p>\n<p>Los conos de c\u00e1\u00f1amo p\u00farpura Cyclones te ofrecen una lujosa experiencia de fumada con su fino sabor a uva. Estos canutos de c\u00e1\u00f1amo preenrollados se caracterizan por su sutil sabor y son ideales para disfrutar fumando sin aditivos como el tabaco o la nicotina. <\/p>\n<p>Cada paquete contiene dos conos romos de c\u00e1\u00f1amo de alta calidad, que se caracterizan por un tiempo de combusti\u00f3n lento y uniforme. Esto reduce el riesgo de quemado y garantiza una experiencia de fumado uniforme. Los Conos de C\u00e1\u00f1amo Morados Cyclones se envasan en un pr\u00e1ctico recipiente de almacenamiento, que tambi\u00e9n contiene un mortero de pl\u00e1stico para facilitar su manejo.  <\/p>\n<p><strong>Caracter\u00edsticas de los Conos de C\u00e1\u00f1amo Morados Cyclones:<\/strong><\/p>\n<ul>\n<li><strong>Material:<\/strong> 100% c\u00e1\u00f1amo, sin tabaco ni nicotina<\/li>\n<li><strong>Sabor:<\/strong> Delicado sabor a uva para una experiencia de fumada especialmente agradable<\/li>\n<li><strong>Comportamiento en combusti\u00f3n:<\/strong> Combusti\u00f3n lenta y uniforme, minimiza el riesgo de quemaduras<\/li>\n<li><strong>Contenido del paquete:<\/strong> Dos conos romos de c\u00e1\u00f1amo preenrollados en un pr\u00e1ctico recipiente de almacenamiento con \u00e9mbolo de pl\u00e1stico<\/li>\n<\/ul>\n<p>Disfruta de una experiencia de fumada \u00fanica con los Conos de C\u00e1\u00f1amo Morados Cyclones y experimenta el sabor perfecto y la calidad excepcional de estos blunts de c\u00e1\u00f1amo.<\/p>\n","protected":false},"excerpt":{"rendered":"<p><strong>Cyclones Cono de C\u00e1\u00f1amo Morado &#8211; 2 Blunts<\/strong><\/p>\n<p>Colillas de c\u00e1\u00f1amo preenrolladas con un fino sabor a uva. 100% c\u00e1\u00f1amo, sin tabaco ni nicotina. Tiempo de combusti\u00f3n lento y uniforme. Ideal para fumar relajadamente.   <\/p>\n<p>&nbsp;<\/p>\n","protected":false},"featured_media":19228,"comment_status":"open","ping_status":"closed","template":"","meta":{"site-sidebar-layout":"default","site-content-layout":"default","ast-site-content-layout":"default","site-content-style":"default","site-sidebar-style":"default","ast-global-header-display":"","ast-banner-title-visibility":"","ast-main-header-display":"","ast-hfb-above-header-display":"","ast-hfb-below-header-display":"","ast-hfb-mobile-header-display":"","site-post-title":"","ast-breadcrumbs-content":"","ast-featured-img":"","footer-sml-layout":"","ast-disable-related-posts":"","theme-transparent-header-meta":"default","adv-header-id-meta":"","stick-header-meta":"default","header-above-stick-meta":"","header-main-stick-meta":"","header-below-stick-meta":"","astra-migrate-meta-layouts":"set","ast-page-background-enabled":"default","ast-page-background-meta":{"desktop":{"background-color":"","background-image":"","background-repeat":"repeat","background-position":"center center","background-size":"auto","background-attachment":"scroll","background-type":"","background-media":"","overlay-type":"","overlay-color":"","overlay-opacity":"","overlay-gradient":""},"tablet":{"background-color":"","background-image":"","background-repeat":"repeat","background-position":"center center","background-size":"auto","background-attachment":"scroll","background-type":"","background-media":"","overlay-type":"","overlay-color":"","overlay-opacity":"","overlay-gradient":""},"mobile":{"background-color":"","background-image":"","background-repeat":"repeat","background-position":"center center","background-size":"auto","background-attachment":"scroll","background-type":"","background-media":"","overlay-type":"","overlay-color":"","overlay-opacity":"","overlay-gradient":""}},"ast-content-background-meta":{"desktop":{"background-color":"var(--ast-global-color-5)","background-image":"","background-repeat":"repeat","background-position":"center center","background-size":"auto","background-attachment":"scroll","background-type":"","background-media":"","overlay-type":"","overlay-color":"","overlay-opacity":"","overlay-gradient":""},"tablet":{"background-color":"var(--ast-global-color-5)","background-image":"","background-repeat":"repeat","background-position":"center center","background-size":"auto","background-attachment":"scroll","background-type":"","background-media":"","overlay-type":"","overlay-color":"","overlay-opacity":"","overlay-gradient":""},"mobile":{"background-color":"var(--ast-global-color-5)","background-image":"","background-repeat":"repeat","background-position":"center center","background-size":"auto","background-attachment":"scroll","background-type":"","background-media":"","overlay-type":"","overlay-color":"","overlay-opacity":"","overlay-gradient":""}}},"product_brand":[],"product_cat":[267],"product_tag":[],"class_list":{"0":"post-19219","1":"product","2":"type-product","3":"status-publish","4":"has-post-thumbnail","6":"product_cat-headshop-es","7":"desktop-align-left","8":"tablet-align-center","9":"mobile-align-left","10":"ast-product-gallery-layout-vertical","11":"ast-product-gallery-with-no-image","12":"ast-magnify-disabled","13":"ast-product-tabs-layout-horizontal","15":"first","16":"instock","17":"taxable","18":"shipping-taxable","19":"purchasable","20":"product-type-simple"},"yoast_head":"<!-- This site is optimized with the Yoast SEO Premium plugin v27.2 (Yoast SEO v27.5) - https:\/\/yoast.com\/product\/yoast-seo-premium-wordpress\/ -->\n<title>Cyclones Cono de C\u00e1\u00f1amo Morado x 2 Blunt - Blumiz - Premium CBD<\/title>\n<meta name=\"description\" content=\"Cyclones Cono de C\u00e1\u00f1amo Morado x 2 Blunt - Blumiz - Premium CBD\" \/>\n<meta name=\"robots\" content=\"index, follow, max-snippet:-1, max-image-preview:large, max-video-preview:-1\" \/>\n<link rel=\"canonical\" href=\"https:\/\/blumiz.com\/es\/producto\/blunt-original-cannabis-flavour-original-juicy-jays-x-2-blunt-kopie\/\" \/>\n<meta property=\"og:locale\" content=\"es_ES\" \/>\n<meta property=\"og:type\" content=\"article\" \/>\n<meta property=\"og:title\" content=\"Cyclones Cono de C\u00e1\u00f1amo Morado x 2 Blunt\" \/>\n<meta property=\"og:description\" content=\"Cyclones Cono de C\u00e1\u00f1amo Morado x 2 Blunt Blumiz - Premium CBD\" \/>\n<meta property=\"og:url\" content=\"https:\/\/blumiz.com\/es\/producto\/blunt-original-cannabis-flavour-original-juicy-jays-x-2-blunt-kopie\/\" \/>\n<meta property=\"og:site_name\" content=\"Blumiz - Premium CBD\" \/>\n<meta property=\"article:modified_time\" content=\"2025-08-05T08:28:18+00:00\" \/>\n<meta property=\"og:image\" content=\"https:\/\/blumiz.com\/wp-content\/uploads\/2024\/07\/Cyclones-Hanf-Kegel-Purple.webp\" \/>\n\t<meta property=\"og:image:width\" content=\"600\" \/>\n\t<meta property=\"og:image:height\" content=\"600\" \/>\n\t<meta property=\"og:image:type\" content=\"image\/webp\" \/>\n<meta name=\"twitter:card\" content=\"summary_large_image\" \/>\n<meta name=\"twitter:label1\" content=\"Precio\" \/>\n\t<meta name=\"twitter:data1\" content=\"1,90&nbsp;&euro;\" \/>\n\t<meta name=\"twitter:label2\" content=\"Disponibilidad\" \/>\n\t<meta name=\"twitter:data2\" content=\"Disponible\" \/>\n<script type=\"application\/ld+json\" class=\"yoast-schema-graph\">{\"@context\":\"https:\\\/\\\/schema.org\",\"@graph\":[{\"@type\":\"WebPage\",\"@id\":\"https:\\\/\\\/blumiz.com\\\/es\\\/producto\\\/blunt-original-cannabis-flavour-original-juicy-jays-x-2-blunt-kopie\\\/\",\"url\":\"https:\\\/\\\/blumiz.com\\\/es\\\/producto\\\/blunt-original-cannabis-flavour-original-juicy-jays-x-2-blunt-kopie\\\/\",\"name\":\"Cyclones Cono de C\u00e1\u00f1amo Morado x 2 Blunt - Blumiz - Premium CBD\",\"isPartOf\":{\"@id\":\"https:\\\/\\\/blumiz.com\\\/es\\\/#website\"},\"primaryImageOfPage\":{\"@id\":\"https:\\\/\\\/blumiz.com\\\/es\\\/producto\\\/blunt-original-cannabis-flavour-original-juicy-jays-x-2-blunt-kopie\\\/#primaryimage\"},\"image\":{\"@id\":\"https:\\\/\\\/blumiz.com\\\/es\\\/producto\\\/blunt-original-cannabis-flavour-original-juicy-jays-x-2-blunt-kopie\\\/#primaryimage\"},\"thumbnailUrl\":\"https:\\\/\\\/blumiz.com\\\/wp-content\\\/uploads\\\/2024\\\/07\\\/Cyclones-Hanf-Kegel-Purple.webp\",\"datePublished\":\"2023-07-31T12:45:25+00:00\",\"dateModified\":\"2025-08-05T08:28:18+00:00\",\"description\":\"Cyclones Cono de C\u00e1\u00f1amo Morado x 2 Blunt - Blumiz - Premium CBD\",\"breadcrumb\":{\"@id\":\"https:\\\/\\\/blumiz.com\\\/es\\\/producto\\\/blunt-original-cannabis-flavour-original-juicy-jays-x-2-blunt-kopie\\\/#breadcrumb\"},\"inLanguage\":\"es\",\"potentialAction\":[{\"@type\":\"ReadAction\",\"target\":[\"https:\\\/\\\/blumiz.com\\\/es\\\/producto\\\/blunt-original-cannabis-flavour-original-juicy-jays-x-2-blunt-kopie\\\/\"]}]},{\"@type\":\"ImageObject\",\"inLanguage\":\"es\",\"@id\":\"https:\\\/\\\/blumiz.com\\\/es\\\/producto\\\/blunt-original-cannabis-flavour-original-juicy-jays-x-2-blunt-kopie\\\/#primaryimage\",\"url\":\"https:\\\/\\\/blumiz.com\\\/wp-content\\\/uploads\\\/2024\\\/07\\\/Cyclones-Hanf-Kegel-Purple.webp\",\"contentUrl\":\"https:\\\/\\\/blumiz.com\\\/wp-content\\\/uploads\\\/2024\\\/07\\\/Cyclones-Hanf-Kegel-Purple.webp\",\"width\":600,\"height\":600,\"caption\":\"Cyclones Hanf Kegel Purple\"},{\"@type\":\"BreadcrumbList\",\"@id\":\"https:\\\/\\\/blumiz.com\\\/es\\\/producto\\\/blunt-original-cannabis-flavour-original-juicy-jays-x-2-blunt-kopie\\\/#breadcrumb\",\"itemListElement\":[{\"@type\":\"ListItem\",\"position\":1,\"name\":\"Blumiz\",\"item\":\"https:\\\/\\\/blumiz.com\\\/es\\\/\"},{\"@type\":\"ListItem\",\"position\":2,\"name\":\"CBD Shop\",\"item\":\"https:\\\/\\\/blumiz.com\\\/es\\\/tienda\\\/\"},{\"@type\":\"ListItem\",\"position\":3,\"name\":\"HeadShop\",\"item\":\"https:\\\/\\\/blumiz.com\\\/es\\\/category\\\/headshop-es\\\/\"},{\"@type\":\"ListItem\",\"position\":4,\"name\":\"Cyclones Cono de C\u00e1\u00f1amo Morado x 2 Blunt\"}]},{\"@type\":\"WebSite\",\"@id\":\"https:\\\/\\\/blumiz.com\\\/es\\\/#website\",\"url\":\"https:\\\/\\\/blumiz.com\\\/es\\\/\",\"name\":\"Blumiz - Premium CBD\",\"description\":\"Un CBD al mejor precio y de calidad superior\",\"publisher\":{\"@id\":\"https:\\\/\\\/blumiz.com\\\/es\\\/#organization\"},\"alternateName\":\"Blumiz\",\"potentialAction\":[{\"@type\":\"SearchAction\",\"target\":{\"@type\":\"EntryPoint\",\"urlTemplate\":\"https:\\\/\\\/blumiz.com\\\/es\\\/?s={search_term_string}\"},\"query-input\":{\"@type\":\"PropertyValueSpecification\",\"valueRequired\":true,\"valueName\":\"search_term_string\"}}],\"inLanguage\":\"es\"},{\"@type\":\"Organization\",\"@id\":\"https:\\\/\\\/blumiz.com\\\/es\\\/#organization\",\"name\":\"Blumiz CBD\",\"alternateName\":\"Blumiz\",\"url\":\"https:\\\/\\\/blumiz.com\\\/es\\\/\",\"logo\":{\"@type\":\"ImageObject\",\"inLanguage\":\"es\",\"@id\":\"https:\\\/\\\/blumiz.com\\\/es\\\/#\\\/schema\\\/logo\\\/image\\\/\",\"url\":\"https:\\\/\\\/blumiz.com\\\/wp-content\\\/uploads\\\/2026\\\/02\\\/cropped-Blumiz-CBD-logo.webp\",\"contentUrl\":\"https:\\\/\\\/blumiz.com\\\/wp-content\\\/uploads\\\/2026\\\/02\\\/cropped-Blumiz-CBD-logo.webp\",\"width\":2547,\"height\":778,\"caption\":\"Blumiz CBD\"},\"image\":{\"@id\":\"https:\\\/\\\/blumiz.com\\\/es\\\/#\\\/schema\\\/logo\\\/image\\\/\"}}]}<\/script>\n<meta property=\"product:price:amount\" content=\"1.90\" \/>\n<meta property=\"product:price:currency\" content=\"EUR\" \/>\n<meta property=\"og:availability\" content=\"instock\" \/>\n<meta property=\"product:availability\" content=\"instock\" \/>\n<meta property=\"product:retailer_item_id\" content=\"102051\" \/>\n<meta property=\"product:condition\" content=\"new\" \/>\n<!-- \/ Yoast SEO Premium plugin. -->","yoast_head_json":{"title":"Cyclones Cono de C\u00e1\u00f1amo Morado x 2 Blunt - Blumiz - Premium CBD","description":"Cyclones Cono de C\u00e1\u00f1amo Morado x 2 Blunt - Blumiz - Premium CBD","robots":{"index":"index","follow":"follow","max-snippet":"max-snippet:-1","max-image-preview":"max-image-preview:large","max-video-preview":"max-video-preview:-1"},"canonical":"https:\/\/blumiz.com\/es\/producto\/blunt-original-cannabis-flavour-original-juicy-jays-x-2-blunt-kopie\/","og_locale":"es_ES","og_type":"article","og_title":"Cyclones Cono de C\u00e1\u00f1amo Morado x 2 Blunt","og_description":"Cyclones Cono de C\u00e1\u00f1amo Morado x 2 Blunt Blumiz - Premium CBD","og_url":"https:\/\/blumiz.com\/es\/producto\/blunt-original-cannabis-flavour-original-juicy-jays-x-2-blunt-kopie\/","og_site_name":"Blumiz - Premium CBD","article_modified_time":"2025-08-05T08:28:18+00:00","og_image":[{"width":600,"height":600,"url":"https:\/\/blumiz.com\/wp-content\/uploads\/2024\/07\/Cyclones-Hanf-Kegel-Purple.webp","type":"image\/webp"}],"twitter_card":"summary_large_image","twitter_misc":{"Precio":"1,90&nbsp;&euro;","Disponibilidad":"Disponible"},"schema":{"@context":"https:\/\/schema.org","@graph":[{"@type":"WebPage","@id":"https:\/\/blumiz.com\/es\/producto\/blunt-original-cannabis-flavour-original-juicy-jays-x-2-blunt-kopie\/","url":"https:\/\/blumiz.com\/es\/producto\/blunt-original-cannabis-flavour-original-juicy-jays-x-2-blunt-kopie\/","name":"Cyclones Cono de C\u00e1\u00f1amo Morado x 2 Blunt - Blumiz - Premium CBD","isPartOf":{"@id":"https:\/\/blumiz.com\/es\/#website"},"primaryImageOfPage":{"@id":"https:\/\/blumiz.com\/es\/producto\/blunt-original-cannabis-flavour-original-juicy-jays-x-2-blunt-kopie\/#primaryimage"},"image":{"@id":"https:\/\/blumiz.com\/es\/producto\/blunt-original-cannabis-flavour-original-juicy-jays-x-2-blunt-kopie\/#primaryimage"},"thumbnailUrl":"https:\/\/blumiz.com\/wp-content\/uploads\/2024\/07\/Cyclones-Hanf-Kegel-Purple.webp","datePublished":"2023-07-31T12:45:25+00:00","dateModified":"2025-08-05T08:28:18+00:00","description":"Cyclones Cono de C\u00e1\u00f1amo Morado x 2 Blunt - Blumiz - Premium CBD","breadcrumb":{"@id":"https:\/\/blumiz.com\/es\/producto\/blunt-original-cannabis-flavour-original-juicy-jays-x-2-blunt-kopie\/#breadcrumb"},"inLanguage":"es","potentialAction":[{"@type":"ReadAction","target":["https:\/\/blumiz.com\/es\/producto\/blunt-original-cannabis-flavour-original-juicy-jays-x-2-blunt-kopie\/"]}]},{"@type":"ImageObject","inLanguage":"es","@id":"https:\/\/blumiz.com\/es\/producto\/blunt-original-cannabis-flavour-original-juicy-jays-x-2-blunt-kopie\/#primaryimage","url":"https:\/\/blumiz.com\/wp-content\/uploads\/2024\/07\/Cyclones-Hanf-Kegel-Purple.webp","contentUrl":"https:\/\/blumiz.com\/wp-content\/uploads\/2024\/07\/Cyclones-Hanf-Kegel-Purple.webp","width":600,"height":600,"caption":"Cyclones Hanf Kegel Purple"},{"@type":"BreadcrumbList","@id":"https:\/\/blumiz.com\/es\/producto\/blunt-original-cannabis-flavour-original-juicy-jays-x-2-blunt-kopie\/#breadcrumb","itemListElement":[{"@type":"ListItem","position":1,"name":"Blumiz","item":"https:\/\/blumiz.com\/es\/"},{"@type":"ListItem","position":2,"name":"CBD Shop","item":"https:\/\/blumiz.com\/es\/tienda\/"},{"@type":"ListItem","position":3,"name":"HeadShop","item":"https:\/\/blumiz.com\/es\/category\/headshop-es\/"},{"@type":"ListItem","position":4,"name":"Cyclones Cono de C\u00e1\u00f1amo Morado x 2 Blunt"}]},{"@type":"WebSite","@id":"https:\/\/blumiz.com\/es\/#website","url":"https:\/\/blumiz.com\/es\/","name":"Blumiz - Premium CBD","description":"Un CBD al mejor precio y de calidad superior","publisher":{"@id":"https:\/\/blumiz.com\/es\/#organization"},"alternateName":"Blumiz","potentialAction":[{"@type":"SearchAction","target":{"@type":"EntryPoint","urlTemplate":"https:\/\/blumiz.com\/es\/?s={search_term_string}"},"query-input":{"@type":"PropertyValueSpecification","valueRequired":true,"valueName":"search_term_string"}}],"inLanguage":"es"},{"@type":"Organization","@id":"https:\/\/blumiz.com\/es\/#organization","name":"Blumiz CBD","alternateName":"Blumiz","url":"https:\/\/blumiz.com\/es\/","logo":{"@type":"ImageObject","inLanguage":"es","@id":"https:\/\/blumiz.com\/es\/#\/schema\/logo\/image\/","url":"https:\/\/blumiz.com\/wp-content\/uploads\/2026\/02\/cropped-Blumiz-CBD-logo.webp","contentUrl":"https:\/\/blumiz.com\/wp-content\/uploads\/2026\/02\/cropped-Blumiz-CBD-logo.webp","width":2547,"height":778,"caption":"Blumiz CBD"},"image":{"@id":"https:\/\/blumiz.com\/es\/#\/schema\/logo\/image\/"}}]},"product_price_amount":"1.90","product_price_currency":"EUR","og_availability":"instock","product_availability":"instock","product_retailer_item_id":"102051","product_condition":"new"},"_links":{"self":[{"href":"https:\/\/blumiz.com\/es\/wp-json\/wp\/v2\/product\/19219","targetHints":{"allow":["GET"]}}],"collection":[{"href":"https:\/\/blumiz.com\/es\/wp-json\/wp\/v2\/product"}],"about":[{"href":"https:\/\/blumiz.com\/es\/wp-json\/wp\/v2\/types\/product"}],"replies":[{"embeddable":true,"href":"https:\/\/blumiz.com\/es\/wp-json\/wp\/v2\/comments?post=19219"}],"version-history":[{"count":0,"href":"https:\/\/blumiz.com\/es\/wp-json\/wp\/v2\/product\/19219\/revisions"}],"wp:featuredmedia":[{"embeddable":true,"href":"https:\/\/blumiz.com\/es\/wp-json\/wp\/v2\/media\/19228"}],"wp:attachment":[{"href":"https:\/\/blumiz.com\/es\/wp-json\/wp\/v2\/media?parent=19219"}],"wp:term":[{"taxonomy":"product_brand","embeddable":true,"href":"https:\/\/blumiz.com\/es\/wp-json\/wp\/v2\/product_brand?post=19219"},{"taxonomy":"product_cat","embeddable":true,"href":"https:\/\/blumiz.com\/es\/wp-json\/wp\/v2\/product_cat?post=19219"},{"taxonomy":"product_tag","embeddable":true,"href":"https:\/\/blumiz.com\/es\/wp-json\/wp\/v2\/product_tag?post=19219"}],"curies":[{"name":"wp","href":"https:\/\/api.w.org\/{rel}","templated":true}]}}