{"id":19614,"date":"2024-07-31T15:11:10","date_gmt":"2024-07-31T14:11:10","guid":{"rendered":"https:\/\/blumiz.com\/?post_type=product&#038;p=19614"},"modified":"2025-02-06T21:17:57","modified_gmt":"2025-02-06T20:17:57","slug":"moonrock-cbd-60-kopie","status":"publish","type":"product","link":"https:\/\/blumiz.com\/es\/producto\/moonrock-cbd-60-kopie\/","title":{"rendered":"Moonrock Soft CBD 60%"},"content":{"rendered":"<h3>Moonrock Soft CBD 60% &#8211; Un producto de CBD premium con una textura m\u00e1s suave<\/h3>\n<p>Moonrock Soft CBD 60% es un producto de CBD de primera calidad dise\u00f1ado para consumidores que quieren disfrutar de las propiedades curativas del CBD sin experimentar los efectos psicoactivos del THC. Este producto consiste en una mezcla cuidadosamente equilibrada de cannabis, hach\u00eds y kief recubierta de una fina capa de polen de CBD.<\/p>\n<p>Con un contenido de CBD del 60%, Moonrock Soft CBD 60% es uno de los productos m\u00e1s potentes disponibles. El CBD es conocido por sus propiedades analg\u00e9sicas, antiinflamatorias, antipsic\u00f3ticas y anticonvulsivantes, lo que lo hace adecuado para tratar una amplia gama de afecciones m\u00e9dicas como el dolor cr\u00f3nico, la ansiedad, la depresi\u00f3n, el insomnio y las convulsiones.<\/p>\n<p>El proceso de fabricaci\u00f3n de Moonrock Soft CBD 60% es muy preciso. Comienza con la selecci\u00f3n de las mejores flores de cannabis e incluye el uso de concentrado y extracto de hach\u00eds. El producto final tiene un sabor \u00fanico y complejo, con notas terrosas y amaderadas, redondeadas por una nota dulce. A diferencia del Moonrock convencional, el Moonrock Soft es mucho m\u00e1s blando y f\u00e1cil de desmenuzar, lo que facilita su manipulaci\u00f3n y consumo.<\/p>\n<h4>Aplicaci\u00f3n de Moonrock Soft<\/h4>\n<p>Hay varias formas de disfrutar de Moonrock Soft CBD 60%. El m\u00e9todo m\u00e1s habitual es fumar en pipa, vaporizador o porro. El producto tambi\u00e9n puede utilizarse en alimentos o bebidas, aunque esto puede afectar a la biodisponibilidad del CBD.<\/p>\n<p>Es importante destacar que Moonrock Soft CBD 60% puede influir en la percepci\u00f3n sensorial de los consumidores debido a su alto contenido en CBD. Los usuarios deben ser conscientes de su tolerancia al CBD y empezar con peque\u00f1as cantidades antes de aumentar el consumo. Tambi\u00e9n es importante adquirir el producto de fuentes fiables para evitar la contaminaci\u00f3n o la falsificaci\u00f3n.<\/p>\n<h4>Conclusi\u00f3n<\/h4>\n<p>Moonrock Soft CBD 60% es un producto de alta calidad que ofrece una experiencia de consumo \u00fanica y beneficiosa. Gracias a su alto contenido en CBD, es ideal para las personas que sufren dolor cr\u00f3nico, trastornos del sue\u00f1o, ansiedad y otras afecciones m\u00e9dicas que pueden tratarse con CBD. Sin embargo, debe tenerse precauci\u00f3n al utilizarlo y los consumidores deben ser conscientes de su tolerancia individual al CBD.<\/p>\n<p>Descubre tambi\u00e9n nuestros otros productos de CBD, como el ICEROCK con cristales de CBD o el GOLDROCK con cristales dorados.<\/p>\n<p>\u00a1Tambi\u00e9n puedes echar un vistazo a nuestra gama de Flores CBD!<\/p>\n<p>\u00bfTienes alguna pregunta o necesitas ayuda? Visita nuestro centro de ayuda<\/p>\n<p>&nbsp;<\/p>\n<p>&nbsp;<\/p>\n","protected":false},"excerpt":{"rendered":"<h3>Moonrock Suave CBD 60%<\/h3>\n<p>Moonrock Soft CBD 60% es una versi\u00f3n m\u00e1s blanda del Moonrock cl\u00e1sico, que se desmenuza f\u00e1cilmente. Con un 60% de CBD, es ideal para tratar el dolor, la ansiedad y los trastornos del sue\u00f1o. F\u00e1cil de utilizar.<\/p>\n","protected":false},"featured_media":19629,"comment_status":"open","ping_status":"closed","template":"","meta":{"site-sidebar-layout":"default","site-content-layout":"default","ast-site-content-layout":"default","site-content-style":"default","site-sidebar-style":"default","ast-global-header-display":"","ast-banner-title-visibility":"","ast-main-header-display":"","ast-hfb-above-header-display":"","ast-hfb-below-header-display":"","ast-hfb-mobile-header-display":"","site-post-title":"","ast-breadcrumbs-content":"","ast-featured-img":"","footer-sml-layout":"","ast-disable-related-posts":"","theme-transparent-header-meta":"default","adv-header-id-meta":"","stick-header-meta":"default","header-above-stick-meta":"","header-main-stick-meta":"","header-below-stick-meta":"","astra-migrate-meta-layouts":"set","ast-page-background-enabled":"default","ast-page-background-meta":{"desktop":{"background-color":"","background-image":"","background-repeat":"repeat","background-position":"center center","background-size":"auto","background-attachment":"scroll","background-type":"","background-media":"","overlay-type":"","overlay-color":"","overlay-opacity":"","overlay-gradient":""},"tablet":{"background-color":"","background-image":"","background-repeat":"repeat","background-position":"center center","background-size":"auto","background-attachment":"scroll","background-type":"","background-media":"","overlay-type":"","overlay-color":"","overlay-opacity":"","overlay-gradient":""},"mobile":{"background-color":"","background-image":"","background-repeat":"repeat","background-position":"center center","background-size":"auto","background-attachment":"scroll","background-type":"","background-media":"","overlay-type":"","overlay-color":"","overlay-opacity":"","overlay-gradient":""}},"ast-content-background-meta":{"desktop":{"background-color":"var(--ast-global-color-5)","background-image":"","background-repeat":"repeat","background-position":"center center","background-size":"auto","background-attachment":"scroll","background-type":"","background-media":"","overlay-type":"","overlay-color":"","overlay-opacity":"","overlay-gradient":""},"tablet":{"background-color":"var(--ast-global-color-5)","background-image":"","background-repeat":"repeat","background-position":"center center","background-size":"auto","background-attachment":"scroll","background-type":"","background-media":"","overlay-type":"","overlay-color":"","overlay-opacity":"","overlay-gradient":""},"mobile":{"background-color":"var(--ast-global-color-5)","background-image":"","background-repeat":"repeat","background-position":"center center","background-size":"auto","background-attachment":"scroll","background-type":"","background-media":"","overlay-type":"","overlay-color":"","overlay-opacity":"","overlay-gradient":""}}},"product_brand":[],"product_cat":[305,264,261,265,266,262],"product_tag":[237,236],"class_list":{"0":"post-19614","1":"product","2":"type-product","3":"status-publish","4":"has-post-thumbnail","6":"product_cat-cbd-es","7":"product_cat-concentrados-cbd","8":"product_cat-flores-cbd","9":"product_cat-flores-cbd-efecto-fuerte","10":"product_cat-hachis-cbd","11":"product_cat-hachis-y-concentrados","12":"product_tag-flores-cbd-baratas","13":"product_tag-poderosas-flores-de-cbd","14":"pa_cbd-rate-mas-del-20-de-cbd","15":"pa_kategorie-greenhouse-cbd-es","16":"desktop-align-left","17":"tablet-align-center","18":"mobile-align-left","19":"ast-product-gallery-layout-vertical","20":"ast-product-gallery-with-no-image","21":"ast-magnify-disabled","22":"ast-product-single-variable","23":"ast-product-tabs-layout-horizontal","25":"first","26":"instock","27":"taxable","28":"shipping-taxable","29":"purchasable","30":"product-type-variable"},"yoast_head":"<!-- This site is optimized with the Yoast SEO Premium plugin v27.2 (Yoast SEO v27.5) - https:\/\/yoast.com\/product\/yoast-seo-premium-wordpress\/ -->\n<title>MoonRock CBD 60% - CBD Ultra Fuerte de Blumiz, especialista en CBD<\/title>\n<meta name=\"description\" content=\"Moonrock 60% ultra fuerte % desde 3\u20ac\/g....Ultra fuerte CBD para consumidores exigentes..Legal en Espa\u00f1a Premium - Entrega discreta\" \/>\n<meta name=\"robots\" content=\"index, follow, max-snippet:-1, max-image-preview:large, max-video-preview:-1\" \/>\n<link rel=\"canonical\" href=\"https:\/\/blumiz.com\/es\/producto\/moonrock-cbd-60-kopie\/\" \/>\n<meta property=\"og:locale\" content=\"es_ES\" \/>\n<meta property=\"og:type\" content=\"article\" \/>\n<meta property=\"og:title\" content=\"Moonrock Soft CBD 60%\" \/>\n<meta property=\"og:description\" content=\"Moonrock Soft CBD 60% Blumiz - Premium CBD\" \/>\n<meta property=\"og:url\" content=\"https:\/\/blumiz.com\/es\/producto\/moonrock-cbd-60-kopie\/\" \/>\n<meta property=\"og:site_name\" content=\"Blumiz - Premium CBD\" \/>\n<meta property=\"article:modified_time\" content=\"2025-02-06T20:17:57+00:00\" \/>\n<meta property=\"og:image\" content=\"https:\/\/blumiz.com\/wp-content\/uploads\/2024\/07\/Moonrock-Soft-CBD-60.webp\" \/>\n\t<meta property=\"og:image:width\" content=\"600\" \/>\n\t<meta property=\"og:image:height\" content=\"600\" \/>\n\t<meta property=\"og:image:type\" content=\"image\/webp\" \/>\n<meta name=\"twitter:card\" content=\"summary_large_image\" \/>\n<meta name=\"twitter:label1\" content=\"Disponibilidad\" \/>\n\t<meta name=\"twitter:data1\" content=\"Disponible\" \/>\n<script type=\"application\/ld+json\" class=\"yoast-schema-graph\">{\"@context\":\"https:\\\/\\\/schema.org\",\"@graph\":[{\"@type\":\"WebPage\",\"@id\":\"https:\\\/\\\/blumiz.com\\\/es\\\/producto\\\/moonrock-cbd-60-kopie\\\/\",\"url\":\"https:\\\/\\\/blumiz.com\\\/es\\\/producto\\\/moonrock-cbd-60-kopie\\\/\",\"name\":\"MoonRock CBD 60% - CBD Ultra Fuerte de Blumiz, especialista en CBD\",\"isPartOf\":{\"@id\":\"https:\\\/\\\/blumiz.com\\\/es\\\/#website\"},\"primaryImageOfPage\":{\"@id\":\"https:\\\/\\\/blumiz.com\\\/es\\\/producto\\\/moonrock-cbd-60-kopie\\\/#primaryimage\"},\"image\":{\"@id\":\"https:\\\/\\\/blumiz.com\\\/es\\\/producto\\\/moonrock-cbd-60-kopie\\\/#primaryimage\"},\"thumbnailUrl\":\"https:\\\/\\\/blumiz.com\\\/wp-content\\\/uploads\\\/2024\\\/07\\\/Moonrock-Soft-CBD-60.webp\",\"datePublished\":\"2024-07-31T14:11:10+00:00\",\"dateModified\":\"2025-02-06T20:17:57+00:00\",\"description\":\"Moonrock 60% ultra fuerte % desde 3\u20ac\\\/g....Ultra fuerte CBD para consumidores exigentes..Legal en Espa\u00f1a Premium - Entrega discreta\",\"breadcrumb\":{\"@id\":\"https:\\\/\\\/blumiz.com\\\/es\\\/producto\\\/moonrock-cbd-60-kopie\\\/#breadcrumb\"},\"inLanguage\":\"es\",\"potentialAction\":[{\"@type\":\"ReadAction\",\"target\":[\"https:\\\/\\\/blumiz.com\\\/es\\\/producto\\\/moonrock-cbd-60-kopie\\\/\"]}]},{\"@type\":\"ImageObject\",\"inLanguage\":\"es\",\"@id\":\"https:\\\/\\\/blumiz.com\\\/es\\\/producto\\\/moonrock-cbd-60-kopie\\\/#primaryimage\",\"url\":\"https:\\\/\\\/blumiz.com\\\/wp-content\\\/uploads\\\/2024\\\/07\\\/Moonrock-Soft-CBD-60.webp\",\"contentUrl\":\"https:\\\/\\\/blumiz.com\\\/wp-content\\\/uploads\\\/2024\\\/07\\\/Moonrock-Soft-CBD-60.webp\",\"width\":600,\"height\":600,\"caption\":\"Moonrock weicher\"},{\"@type\":\"BreadcrumbList\",\"@id\":\"https:\\\/\\\/blumiz.com\\\/es\\\/producto\\\/moonrock-cbd-60-kopie\\\/#breadcrumb\",\"itemListElement\":[{\"@type\":\"ListItem\",\"position\":1,\"name\":\"Blumiz\",\"item\":\"https:\\\/\\\/blumiz.com\\\/es\\\/\"},{\"@type\":\"ListItem\",\"position\":2,\"name\":\"CBD Shop\",\"item\":\"https:\\\/\\\/blumiz.com\\\/es\\\/tienda\\\/\"},{\"@type\":\"ListItem\",\"position\":3,\"name\":\"Hachis y concentrados\",\"item\":\"https:\\\/\\\/blumiz.com\\\/es\\\/category\\\/hachis-y-concentrados\\\/\"},{\"@type\":\"ListItem\",\"position\":4,\"name\":\"Moonrock Soft CBD 60%\"}]},{\"@type\":\"WebSite\",\"@id\":\"https:\\\/\\\/blumiz.com\\\/es\\\/#website\",\"url\":\"https:\\\/\\\/blumiz.com\\\/es\\\/\",\"name\":\"Blumiz - Premium CBD\",\"description\":\"Un CBD al mejor precio y de calidad superior\",\"publisher\":{\"@id\":\"https:\\\/\\\/blumiz.com\\\/es\\\/#organization\"},\"alternateName\":\"Blumiz\",\"potentialAction\":[{\"@type\":\"SearchAction\",\"target\":{\"@type\":\"EntryPoint\",\"urlTemplate\":\"https:\\\/\\\/blumiz.com\\\/es\\\/?s={search_term_string}\"},\"query-input\":{\"@type\":\"PropertyValueSpecification\",\"valueRequired\":true,\"valueName\":\"search_term_string\"}}],\"inLanguage\":\"es\"},{\"@type\":\"Organization\",\"@id\":\"https:\\\/\\\/blumiz.com\\\/es\\\/#organization\",\"name\":\"Blumiz CBD\",\"alternateName\":\"Blumiz\",\"url\":\"https:\\\/\\\/blumiz.com\\\/es\\\/\",\"logo\":{\"@type\":\"ImageObject\",\"inLanguage\":\"es\",\"@id\":\"https:\\\/\\\/blumiz.com\\\/es\\\/#\\\/schema\\\/logo\\\/image\\\/\",\"url\":\"https:\\\/\\\/blumiz.com\\\/wp-content\\\/uploads\\\/2026\\\/02\\\/cropped-Blumiz-CBD-logo.webp\",\"contentUrl\":\"https:\\\/\\\/blumiz.com\\\/wp-content\\\/uploads\\\/2026\\\/02\\\/cropped-Blumiz-CBD-logo.webp\",\"width\":2547,\"height\":778,\"caption\":\"Blumiz CBD\"},\"image\":{\"@id\":\"https:\\\/\\\/blumiz.com\\\/es\\\/#\\\/schema\\\/logo\\\/image\\\/\"}}]}<\/script>\n<meta property=\"og:availability\" content=\"instock\" \/>\n<meta property=\"product:availability\" content=\"instock\" \/>\n<meta property=\"product:retailer_item_id\" content=\"1904\" \/>\n<meta property=\"product:condition\" content=\"new\" \/>\n<!-- \/ Yoast SEO Premium plugin. -->","yoast_head_json":{"title":"MoonRock CBD 60% - CBD Ultra Fuerte de Blumiz, especialista en CBD","description":"Moonrock 60% ultra fuerte % desde 3\u20ac\/g....Ultra fuerte CBD para consumidores exigentes..Legal en Espa\u00f1a Premium - Entrega discreta","robots":{"index":"index","follow":"follow","max-snippet":"max-snippet:-1","max-image-preview":"max-image-preview:large","max-video-preview":"max-video-preview:-1"},"canonical":"https:\/\/blumiz.com\/es\/producto\/moonrock-cbd-60-kopie\/","og_locale":"es_ES","og_type":"article","og_title":"Moonrock Soft CBD 60%","og_description":"Moonrock Soft CBD 60% Blumiz - Premium CBD","og_url":"https:\/\/blumiz.com\/es\/producto\/moonrock-cbd-60-kopie\/","og_site_name":"Blumiz - Premium CBD","article_modified_time":"2025-02-06T20:17:57+00:00","og_image":[{"width":600,"height":600,"url":"https:\/\/blumiz.com\/wp-content\/uploads\/2024\/07\/Moonrock-Soft-CBD-60.webp","type":"image\/webp"}],"twitter_card":"summary_large_image","twitter_misc":{"Disponibilidad":"Disponible"},"schema":{"@context":"https:\/\/schema.org","@graph":[{"@type":"WebPage","@id":"https:\/\/blumiz.com\/es\/producto\/moonrock-cbd-60-kopie\/","url":"https:\/\/blumiz.com\/es\/producto\/moonrock-cbd-60-kopie\/","name":"MoonRock CBD 60% - CBD Ultra Fuerte de Blumiz, especialista en CBD","isPartOf":{"@id":"https:\/\/blumiz.com\/es\/#website"},"primaryImageOfPage":{"@id":"https:\/\/blumiz.com\/es\/producto\/moonrock-cbd-60-kopie\/#primaryimage"},"image":{"@id":"https:\/\/blumiz.com\/es\/producto\/moonrock-cbd-60-kopie\/#primaryimage"},"thumbnailUrl":"https:\/\/blumiz.com\/wp-content\/uploads\/2024\/07\/Moonrock-Soft-CBD-60.webp","datePublished":"2024-07-31T14:11:10+00:00","dateModified":"2025-02-06T20:17:57+00:00","description":"Moonrock 60% ultra fuerte % desde 3\u20ac\/g....Ultra fuerte CBD para consumidores exigentes..Legal en Espa\u00f1a Premium - Entrega discreta","breadcrumb":{"@id":"https:\/\/blumiz.com\/es\/producto\/moonrock-cbd-60-kopie\/#breadcrumb"},"inLanguage":"es","potentialAction":[{"@type":"ReadAction","target":["https:\/\/blumiz.com\/es\/producto\/moonrock-cbd-60-kopie\/"]}]},{"@type":"ImageObject","inLanguage":"es","@id":"https:\/\/blumiz.com\/es\/producto\/moonrock-cbd-60-kopie\/#primaryimage","url":"https:\/\/blumiz.com\/wp-content\/uploads\/2024\/07\/Moonrock-Soft-CBD-60.webp","contentUrl":"https:\/\/blumiz.com\/wp-content\/uploads\/2024\/07\/Moonrock-Soft-CBD-60.webp","width":600,"height":600,"caption":"Moonrock weicher"},{"@type":"BreadcrumbList","@id":"https:\/\/blumiz.com\/es\/producto\/moonrock-cbd-60-kopie\/#breadcrumb","itemListElement":[{"@type":"ListItem","position":1,"name":"Blumiz","item":"https:\/\/blumiz.com\/es\/"},{"@type":"ListItem","position":2,"name":"CBD Shop","item":"https:\/\/blumiz.com\/es\/tienda\/"},{"@type":"ListItem","position":3,"name":"Hachis y concentrados","item":"https:\/\/blumiz.com\/es\/category\/hachis-y-concentrados\/"},{"@type":"ListItem","position":4,"name":"Moonrock Soft CBD 60%"}]},{"@type":"WebSite","@id":"https:\/\/blumiz.com\/es\/#website","url":"https:\/\/blumiz.com\/es\/","name":"Blumiz - Premium CBD","description":"Un CBD al mejor precio y de calidad superior","publisher":{"@id":"https:\/\/blumiz.com\/es\/#organization"},"alternateName":"Blumiz","potentialAction":[{"@type":"SearchAction","target":{"@type":"EntryPoint","urlTemplate":"https:\/\/blumiz.com\/es\/?s={search_term_string}"},"query-input":{"@type":"PropertyValueSpecification","valueRequired":true,"valueName":"search_term_string"}}],"inLanguage":"es"},{"@type":"Organization","@id":"https:\/\/blumiz.com\/es\/#organization","name":"Blumiz CBD","alternateName":"Blumiz","url":"https:\/\/blumiz.com\/es\/","logo":{"@type":"ImageObject","inLanguage":"es","@id":"https:\/\/blumiz.com\/es\/#\/schema\/logo\/image\/","url":"https:\/\/blumiz.com\/wp-content\/uploads\/2026\/02\/cropped-Blumiz-CBD-logo.webp","contentUrl":"https:\/\/blumiz.com\/wp-content\/uploads\/2026\/02\/cropped-Blumiz-CBD-logo.webp","width":2547,"height":778,"caption":"Blumiz CBD"},"image":{"@id":"https:\/\/blumiz.com\/es\/#\/schema\/logo\/image\/"}}]},"og_availability":"instock","product_availability":"instock","product_retailer_item_id":"1904","product_condition":"new"},"_links":{"self":[{"href":"https:\/\/blumiz.com\/es\/wp-json\/wp\/v2\/product\/19614","targetHints":{"allow":["GET"]}}],"collection":[{"href":"https:\/\/blumiz.com\/es\/wp-json\/wp\/v2\/product"}],"about":[{"href":"https:\/\/blumiz.com\/es\/wp-json\/wp\/v2\/types\/product"}],"replies":[{"embeddable":true,"href":"https:\/\/blumiz.com\/es\/wp-json\/wp\/v2\/comments?post=19614"}],"version-history":[{"count":0,"href":"https:\/\/blumiz.com\/es\/wp-json\/wp\/v2\/product\/19614\/revisions"}],"wp:featuredmedia":[{"embeddable":true,"href":"https:\/\/blumiz.com\/es\/wp-json\/wp\/v2\/media\/19629"}],"wp:attachment":[{"href":"https:\/\/blumiz.com\/es\/wp-json\/wp\/v2\/media?parent=19614"}],"wp:term":[{"taxonomy":"product_brand","embeddable":true,"href":"https:\/\/blumiz.com\/es\/wp-json\/wp\/v2\/product_brand?post=19614"},{"taxonomy":"product_cat","embeddable":true,"href":"https:\/\/blumiz.com\/es\/wp-json\/wp\/v2\/product_cat?post=19614"},{"taxonomy":"product_tag","embeddable":true,"href":"https:\/\/blumiz.com\/es\/wp-json\/wp\/v2\/product_tag?post=19614"}],"curies":[{"name":"wp","href":"https:\/\/api.w.org\/{rel}","templated":true}]}}