{"id":22574,"date":"2025-08-05T10:18:12","date_gmt":"2025-08-05T09:18:12","guid":{"rendered":"https:\/\/blumiz.com\/produkt\/raw-organic-hemp-kingsize-boquillas-papel-de-liar-organico-con-boquillas\/"},"modified":"2025-08-05T10:54:04","modified_gmt":"2025-08-05T09:54:04","slug":"raw-organic-hemp-kingsize-boquillas-papel-de-liar-organico-con-boquillas","status":"publish","type":"product","link":"https:\/\/blumiz.com\/es\/producto\/raw-organic-hemp-kingsize-boquillas-papel-de-liar-organico-con-boquillas\/","title":{"rendered":"RAW Organic Hemp Kingsize + Boquillas \u2013 Papel de liar org\u00e1nico con boquillas"},"content":{"rendered":"<p class=\"p1\">Los <span class=\"s1\"><b>RAW Organic Hemp Kingsize <\/b><\/span>+ Boquillas est\u00e1n hechos con c\u00e1\u00f1amo org\u00e1nico sin blanquear, ofreciendo una experiencia de liado completamente natural, sin aditivos ni productos qu\u00edmicos. El papel ultra fino garantiza una combusti\u00f3n lenta y uniforme, manteniendo intacto el sabor de tus hierbas. Cada librito incluye boquillas de cart\u00f3n sin tratar, ideales para un liado c\u00f3modo en cualquier lugar. La opci\u00f3n perfecta para quienes buscan calidad, sostenibilidad y autenticidad.<\/p>\n","protected":false},"excerpt":{"rendered":"<p class=\"p1\">Hojas tama\u00f1o king sin blanquear de c\u00e1\u00f1amo org\u00e1nico con puntas filtrantes: naturales, puras y de combusti\u00f3n lenta.<\/p>\n","protected":false},"featured_media":22571,"comment_status":"open","ping_status":"closed","template":"","meta":{"site-sidebar-layout":"default","site-content-layout":"","ast-site-content-layout":"default","site-content-style":"default","site-sidebar-style":"default","ast-global-header-display":"","ast-banner-title-visibility":"","ast-main-header-display":"","ast-hfb-above-header-display":"","ast-hfb-below-header-display":"","ast-hfb-mobile-header-display":"","site-post-title":"","ast-breadcrumbs-content":"","ast-featured-img":"","footer-sml-layout":"","ast-disable-related-posts":"","theme-transparent-header-meta":"default","adv-header-id-meta":"","stick-header-meta":"default","header-above-stick-meta":"","header-main-stick-meta":"","header-below-stick-meta":"","astra-migrate-meta-layouts":"set","ast-page-background-enabled":"default","ast-page-background-meta":{"desktop":{"background-color":"","background-image":"","background-repeat":"repeat","background-position":"center center","background-size":"auto","background-attachment":"scroll","background-type":"","background-media":"","overlay-type":"","overlay-color":"","overlay-opacity":"","overlay-gradient":""},"tablet":{"background-color":"","background-image":"","background-repeat":"repeat","background-position":"center center","background-size":"auto","background-attachment":"scroll","background-type":"","background-media":"","overlay-type":"","overlay-color":"","overlay-opacity":"","overlay-gradient":""},"mobile":{"background-color":"","background-image":"","background-repeat":"repeat","background-position":"center center","background-size":"auto","background-attachment":"scroll","background-type":"","background-media":"","overlay-type":"","overlay-color":"","overlay-opacity":"","overlay-gradient":""}},"ast-content-background-meta":{"desktop":{"background-color":"var(--ast-global-color-5)","background-image":"","background-repeat":"repeat","background-position":"center center","background-size":"auto","background-attachment":"scroll","background-type":"","background-media":"","overlay-type":"","overlay-color":"","overlay-opacity":"","overlay-gradient":""},"tablet":{"background-color":"var(--ast-global-color-5)","background-image":"","background-repeat":"repeat","background-position":"center center","background-size":"auto","background-attachment":"scroll","background-type":"","background-media":"","overlay-type":"","overlay-color":"","overlay-opacity":"","overlay-gradient":""},"mobile":{"background-color":"var(--ast-global-color-5)","background-image":"","background-repeat":"repeat","background-position":"center center","background-size":"auto","background-attachment":"scroll","background-type":"","background-media":"","overlay-type":"","overlay-color":"","overlay-opacity":"","overlay-gradient":""}}},"product_brand":[],"product_cat":[267],"product_tag":[],"class_list":{"0":"post-22574","1":"product","2":"type-product","3":"status-publish","4":"has-post-thumbnail","6":"product_cat-headshop-es","7":"desktop-align-left","8":"tablet-align-center","9":"mobile-align-left","10":"ast-product-gallery-layout-vertical","11":"ast-product-gallery-with-no-image","12":"ast-magnify-disabled","13":"ast-product-tabs-layout-horizontal","15":"first","16":"instock","17":"taxable","18":"shipping-taxable","19":"purchasable","20":"product-type-simple"},"yoast_head":"<!-- This site is optimized with the Yoast SEO Premium plugin v27.2 (Yoast SEO v27.4) - https:\/\/yoast.com\/product\/yoast-seo-premium-wordpress\/ -->\n<title>RAW Organic Hemp Kingsize + Boquillas \u2013 Papel de liar org\u00e1nico con boquillas - Blumiz - Premium CBD<\/title>\n<meta name=\"description\" content=\"RAW Organic Hemp Kingsize + Boquillas \u2013 Papel de liar org\u00e1nico con boquillas - Blumiz - Premium CBD\" \/>\n<meta name=\"robots\" content=\"index, follow, max-snippet:-1, max-image-preview:large, max-video-preview:-1\" \/>\n<link rel=\"canonical\" href=\"https:\/\/blumiz.com\/es\/producto\/raw-organic-hemp-kingsize-boquillas-papel-de-liar-organico-con-boquillas\/\" \/>\n<meta property=\"og:locale\" content=\"es_ES\" \/>\n<meta property=\"og:type\" content=\"article\" \/>\n<meta property=\"og:title\" content=\"RAW Organic Hemp Kingsize + Boquillas \u2013 Papel de liar org\u00e1nico con boquillas\" \/>\n<meta property=\"og:description\" content=\"RAW Organic Hemp Kingsize + Boquillas \u2013 Papel de liar org\u00e1nico con boquillas Blumiz - Premium CBD\" \/>\n<meta property=\"og:url\" content=\"https:\/\/blumiz.com\/es\/producto\/raw-organic-hemp-kingsize-boquillas-papel-de-liar-organico-con-boquillas\/\" \/>\n<meta property=\"og:site_name\" content=\"Blumiz - Premium CBD\" \/>\n<meta property=\"article:modified_time\" content=\"2025-08-05T09:54:04+00:00\" \/>\n<meta property=\"og:image\" content=\"https:\/\/blumiz.com\/wp-content\/uploads\/2025\/08\/RAW-Kingsize-Organic-hemp-.webp\" \/>\n\t<meta property=\"og:image:width\" content=\"1000\" \/>\n\t<meta property=\"og:image:height\" content=\"1000\" \/>\n\t<meta property=\"og:image:type\" content=\"image\/webp\" \/>\n<meta name=\"twitter:card\" content=\"summary_large_image\" \/>\n<meta name=\"twitter:label1\" content=\"Precio\" \/>\n\t<meta name=\"twitter:data1\" content=\"1,80&nbsp;&euro;\" \/>\n\t<meta name=\"twitter:label2\" content=\"Disponibilidad\" \/>\n\t<meta name=\"twitter:data2\" content=\"Disponible\" \/>\n<script type=\"application\/ld+json\" class=\"yoast-schema-graph\">{\"@context\":\"https:\\\/\\\/schema.org\",\"@graph\":[{\"@type\":\"WebPage\",\"@id\":\"https:\\\/\\\/blumiz.com\\\/es\\\/producto\\\/raw-organic-hemp-kingsize-boquillas-papel-de-liar-organico-con-boquillas\\\/\",\"url\":\"https:\\\/\\\/blumiz.com\\\/es\\\/producto\\\/raw-organic-hemp-kingsize-boquillas-papel-de-liar-organico-con-boquillas\\\/\",\"name\":\"RAW Organic Hemp Kingsize + Boquillas \u2013 Papel de liar org\u00e1nico con boquillas - Blumiz - Premium CBD\",\"isPartOf\":{\"@id\":\"https:\\\/\\\/blumiz.com\\\/es\\\/#website\"},\"primaryImageOfPage\":{\"@id\":\"https:\\\/\\\/blumiz.com\\\/es\\\/producto\\\/raw-organic-hemp-kingsize-boquillas-papel-de-liar-organico-con-boquillas\\\/#primaryimage\"},\"image\":{\"@id\":\"https:\\\/\\\/blumiz.com\\\/es\\\/producto\\\/raw-organic-hemp-kingsize-boquillas-papel-de-liar-organico-con-boquillas\\\/#primaryimage\"},\"thumbnailUrl\":\"https:\\\/\\\/blumiz.com\\\/wp-content\\\/uploads\\\/2025\\\/08\\\/RAW-Kingsize-Organic-hemp-.webp\",\"datePublished\":\"2025-08-05T09:18:12+00:00\",\"dateModified\":\"2025-08-05T09:54:04+00:00\",\"description\":\"RAW Organic Hemp Kingsize + Boquillas \u2013 Papel de liar org\u00e1nico con boquillas - Blumiz - Premium CBD\",\"breadcrumb\":{\"@id\":\"https:\\\/\\\/blumiz.com\\\/es\\\/producto\\\/raw-organic-hemp-kingsize-boquillas-papel-de-liar-organico-con-boquillas\\\/#breadcrumb\"},\"inLanguage\":\"es\",\"potentialAction\":[{\"@type\":\"ReadAction\",\"target\":[\"https:\\\/\\\/blumiz.com\\\/es\\\/producto\\\/raw-organic-hemp-kingsize-boquillas-papel-de-liar-organico-con-boquillas\\\/\"]}]},{\"@type\":\"ImageObject\",\"inLanguage\":\"es\",\"@id\":\"https:\\\/\\\/blumiz.com\\\/es\\\/producto\\\/raw-organic-hemp-kingsize-boquillas-papel-de-liar-organico-con-boquillas\\\/#primaryimage\",\"url\":\"https:\\\/\\\/blumiz.com\\\/wp-content\\\/uploads\\\/2025\\\/08\\\/RAW-Kingsize-Organic-hemp-.webp\",\"contentUrl\":\"https:\\\/\\\/blumiz.com\\\/wp-content\\\/uploads\\\/2025\\\/08\\\/RAW-Kingsize-Organic-hemp-.webp\",\"width\":1000,\"height\":1000,\"caption\":\"RAW Connoisseur Kingsize Organic\"},{\"@type\":\"BreadcrumbList\",\"@id\":\"https:\\\/\\\/blumiz.com\\\/es\\\/producto\\\/raw-organic-hemp-kingsize-boquillas-papel-de-liar-organico-con-boquillas\\\/#breadcrumb\",\"itemListElement\":[{\"@type\":\"ListItem\",\"position\":1,\"name\":\"Blumiz\",\"item\":\"https:\\\/\\\/blumiz.com\\\/es\\\/\"},{\"@type\":\"ListItem\",\"position\":2,\"name\":\"CBD Shop\",\"item\":\"https:\\\/\\\/blumiz.com\\\/es\\\/tienda\\\/\"},{\"@type\":\"ListItem\",\"position\":3,\"name\":\"HeadShop\",\"item\":\"https:\\\/\\\/blumiz.com\\\/es\\\/category\\\/headshop-es\\\/\"},{\"@type\":\"ListItem\",\"position\":4,\"name\":\"RAW Organic Hemp Kingsize + Boquillas \u2013 Papel de liar org\u00e1nico con boquillas\"}]},{\"@type\":\"WebSite\",\"@id\":\"https:\\\/\\\/blumiz.com\\\/es\\\/#website\",\"url\":\"https:\\\/\\\/blumiz.com\\\/es\\\/\",\"name\":\"Blumiz - Premium CBD\",\"description\":\"Un CBD al mejor precio y de calidad superior\",\"publisher\":{\"@id\":\"https:\\\/\\\/blumiz.com\\\/es\\\/#organization\"},\"alternateName\":\"Blumiz\",\"potentialAction\":[{\"@type\":\"SearchAction\",\"target\":{\"@type\":\"EntryPoint\",\"urlTemplate\":\"https:\\\/\\\/blumiz.com\\\/es\\\/?s={search_term_string}\"},\"query-input\":{\"@type\":\"PropertyValueSpecification\",\"valueRequired\":true,\"valueName\":\"search_term_string\"}}],\"inLanguage\":\"es\"},{\"@type\":\"Organization\",\"@id\":\"https:\\\/\\\/blumiz.com\\\/es\\\/#organization\",\"name\":\"Blumiz CBD\",\"alternateName\":\"Blumiz\",\"url\":\"https:\\\/\\\/blumiz.com\\\/es\\\/\",\"logo\":{\"@type\":\"ImageObject\",\"inLanguage\":\"es\",\"@id\":\"https:\\\/\\\/blumiz.com\\\/es\\\/#\\\/schema\\\/logo\\\/image\\\/\",\"url\":\"https:\\\/\\\/blumiz.com\\\/wp-content\\\/uploads\\\/2026\\\/02\\\/cropped-Blumiz-CBD-logo.webp\",\"contentUrl\":\"https:\\\/\\\/blumiz.com\\\/wp-content\\\/uploads\\\/2026\\\/02\\\/cropped-Blumiz-CBD-logo.webp\",\"width\":2547,\"height\":778,\"caption\":\"Blumiz CBD\"},\"image\":{\"@id\":\"https:\\\/\\\/blumiz.com\\\/es\\\/#\\\/schema\\\/logo\\\/image\\\/\"}}]}<\/script>\n<meta property=\"product:price:amount\" content=\"1.80\" \/>\n<meta property=\"product:price:currency\" content=\"EUR\" \/>\n<meta property=\"og:availability\" content=\"instock\" \/>\n<meta property=\"product:availability\" content=\"instock\" \/>\n<meta property=\"product:condition\" content=\"new\" \/>\n<!-- \/ Yoast SEO Premium plugin. -->","yoast_head_json":{"title":"RAW Organic Hemp Kingsize + Boquillas \u2013 Papel de liar org\u00e1nico con boquillas - Blumiz - Premium CBD","description":"RAW Organic Hemp Kingsize + Boquillas \u2013 Papel de liar org\u00e1nico con boquillas - Blumiz - Premium CBD","robots":{"index":"index","follow":"follow","max-snippet":"max-snippet:-1","max-image-preview":"max-image-preview:large","max-video-preview":"max-video-preview:-1"},"canonical":"https:\/\/blumiz.com\/es\/producto\/raw-organic-hemp-kingsize-boquillas-papel-de-liar-organico-con-boquillas\/","og_locale":"es_ES","og_type":"article","og_title":"RAW Organic Hemp Kingsize + Boquillas \u2013 Papel de liar org\u00e1nico con boquillas","og_description":"RAW Organic Hemp Kingsize + Boquillas \u2013 Papel de liar org\u00e1nico con boquillas Blumiz - Premium CBD","og_url":"https:\/\/blumiz.com\/es\/producto\/raw-organic-hemp-kingsize-boquillas-papel-de-liar-organico-con-boquillas\/","og_site_name":"Blumiz - Premium CBD","article_modified_time":"2025-08-05T09:54:04+00:00","og_image":[{"width":1000,"height":1000,"url":"https:\/\/blumiz.com\/wp-content\/uploads\/2025\/08\/RAW-Kingsize-Organic-hemp-.webp","type":"image\/webp"}],"twitter_card":"summary_large_image","twitter_misc":{"Precio":"1,80&nbsp;&euro;","Disponibilidad":"Disponible"},"schema":{"@context":"https:\/\/schema.org","@graph":[{"@type":"WebPage","@id":"https:\/\/blumiz.com\/es\/producto\/raw-organic-hemp-kingsize-boquillas-papel-de-liar-organico-con-boquillas\/","url":"https:\/\/blumiz.com\/es\/producto\/raw-organic-hemp-kingsize-boquillas-papel-de-liar-organico-con-boquillas\/","name":"RAW Organic Hemp Kingsize + Boquillas \u2013 Papel de liar org\u00e1nico con boquillas - Blumiz - Premium CBD","isPartOf":{"@id":"https:\/\/blumiz.com\/es\/#website"},"primaryImageOfPage":{"@id":"https:\/\/blumiz.com\/es\/producto\/raw-organic-hemp-kingsize-boquillas-papel-de-liar-organico-con-boquillas\/#primaryimage"},"image":{"@id":"https:\/\/blumiz.com\/es\/producto\/raw-organic-hemp-kingsize-boquillas-papel-de-liar-organico-con-boquillas\/#primaryimage"},"thumbnailUrl":"https:\/\/blumiz.com\/wp-content\/uploads\/2025\/08\/RAW-Kingsize-Organic-hemp-.webp","datePublished":"2025-08-05T09:18:12+00:00","dateModified":"2025-08-05T09:54:04+00:00","description":"RAW Organic Hemp Kingsize + Boquillas \u2013 Papel de liar org\u00e1nico con boquillas - Blumiz - Premium CBD","breadcrumb":{"@id":"https:\/\/blumiz.com\/es\/producto\/raw-organic-hemp-kingsize-boquillas-papel-de-liar-organico-con-boquillas\/#breadcrumb"},"inLanguage":"es","potentialAction":[{"@type":"ReadAction","target":["https:\/\/blumiz.com\/es\/producto\/raw-organic-hemp-kingsize-boquillas-papel-de-liar-organico-con-boquillas\/"]}]},{"@type":"ImageObject","inLanguage":"es","@id":"https:\/\/blumiz.com\/es\/producto\/raw-organic-hemp-kingsize-boquillas-papel-de-liar-organico-con-boquillas\/#primaryimage","url":"https:\/\/blumiz.com\/wp-content\/uploads\/2025\/08\/RAW-Kingsize-Organic-hemp-.webp","contentUrl":"https:\/\/blumiz.com\/wp-content\/uploads\/2025\/08\/RAW-Kingsize-Organic-hemp-.webp","width":1000,"height":1000,"caption":"RAW Connoisseur Kingsize Organic"},{"@type":"BreadcrumbList","@id":"https:\/\/blumiz.com\/es\/producto\/raw-organic-hemp-kingsize-boquillas-papel-de-liar-organico-con-boquillas\/#breadcrumb","itemListElement":[{"@type":"ListItem","position":1,"name":"Blumiz","item":"https:\/\/blumiz.com\/es\/"},{"@type":"ListItem","position":2,"name":"CBD Shop","item":"https:\/\/blumiz.com\/es\/tienda\/"},{"@type":"ListItem","position":3,"name":"HeadShop","item":"https:\/\/blumiz.com\/es\/category\/headshop-es\/"},{"@type":"ListItem","position":4,"name":"RAW Organic Hemp Kingsize + Boquillas \u2013 Papel de liar org\u00e1nico con boquillas"}]},{"@type":"WebSite","@id":"https:\/\/blumiz.com\/es\/#website","url":"https:\/\/blumiz.com\/es\/","name":"Blumiz - Premium CBD","description":"Un CBD al mejor precio y de calidad superior","publisher":{"@id":"https:\/\/blumiz.com\/es\/#organization"},"alternateName":"Blumiz","potentialAction":[{"@type":"SearchAction","target":{"@type":"EntryPoint","urlTemplate":"https:\/\/blumiz.com\/es\/?s={search_term_string}"},"query-input":{"@type":"PropertyValueSpecification","valueRequired":true,"valueName":"search_term_string"}}],"inLanguage":"es"},{"@type":"Organization","@id":"https:\/\/blumiz.com\/es\/#organization","name":"Blumiz CBD","alternateName":"Blumiz","url":"https:\/\/blumiz.com\/es\/","logo":{"@type":"ImageObject","inLanguage":"es","@id":"https:\/\/blumiz.com\/es\/#\/schema\/logo\/image\/","url":"https:\/\/blumiz.com\/wp-content\/uploads\/2026\/02\/cropped-Blumiz-CBD-logo.webp","contentUrl":"https:\/\/blumiz.com\/wp-content\/uploads\/2026\/02\/cropped-Blumiz-CBD-logo.webp","width":2547,"height":778,"caption":"Blumiz CBD"},"image":{"@id":"https:\/\/blumiz.com\/es\/#\/schema\/logo\/image\/"}}]},"product_price_amount":"1.80","product_price_currency":"EUR","og_availability":"instock","product_availability":"instock","product_condition":"new"},"_links":{"self":[{"href":"https:\/\/blumiz.com\/es\/wp-json\/wp\/v2\/product\/22574","targetHints":{"allow":["GET"]}}],"collection":[{"href":"https:\/\/blumiz.com\/es\/wp-json\/wp\/v2\/product"}],"about":[{"href":"https:\/\/blumiz.com\/es\/wp-json\/wp\/v2\/types\/product"}],"replies":[{"embeddable":true,"href":"https:\/\/blumiz.com\/es\/wp-json\/wp\/v2\/comments?post=22574"}],"version-history":[{"count":0,"href":"https:\/\/blumiz.com\/es\/wp-json\/wp\/v2\/product\/22574\/revisions"}],"wp:featuredmedia":[{"embeddable":true,"href":"https:\/\/blumiz.com\/es\/wp-json\/wp\/v2\/media\/22571"}],"wp:attachment":[{"href":"https:\/\/blumiz.com\/es\/wp-json\/wp\/v2\/media?parent=22574"}],"wp:term":[{"taxonomy":"product_brand","embeddable":true,"href":"https:\/\/blumiz.com\/es\/wp-json\/wp\/v2\/product_brand?post=22574"},{"taxonomy":"product_cat","embeddable":true,"href":"https:\/\/blumiz.com\/es\/wp-json\/wp\/v2\/product_cat?post=22574"},{"taxonomy":"product_tag","embeddable":true,"href":"https:\/\/blumiz.com\/es\/wp-json\/wp\/v2\/product_tag?post=22574"}],"curies":[{"name":"wp","href":"https:\/\/api.w.org\/{rel}","templated":true}]}}