{"id":22771,"date":"2025-08-11T18:18:02","date_gmt":"2025-08-11T17:18:02","guid":{"rendered":"https:\/\/blumiz.com\/produkt\/aceite-de-salmon-para-gatos-weedness-cbd-3-cbd-10ml\/"},"modified":"2025-08-11T18:18:02","modified_gmt":"2025-08-11T17:18:02","slug":"aceite-de-salmon-para-gatos-weedness-cbd-3-cbd-10ml","status":"publish","type":"product","link":"https:\/\/blumiz.com\/es\/producto\/aceite-de-salmon-para-gatos-weedness-cbd-3-cbd-10ml\/","title":{"rendered":"Aceite de Salm\u00f3n para Gatos Weedness CBD 3% CBD (10ml)"},"content":{"rendered":"<h2 class=\"p1\">Aceite CBD premium para gatos &#8211; 3% CBD, sabor salm\u00f3n<\/h2>\n<p class=\"p1\">El Aceite CBD Weedness para Gatos combina extracto de CBD de amplio espectro y alta calidad con sabroso sabor a salm\u00f3n para facilitar la ingesta diaria. Con una concentraci\u00f3n del 3% (300 mg de CBD) en un c\u00f3modo frasco de 10 ml, favorece el bienestar general, ayuda a relajarse y puede aumentar la vitalidad de tu gato. <\/p>\n","protected":false},"excerpt":{"rendered":"<p class=\"p1\">Aceite CBD Weedness 3% para gatos, con sabor a salm\u00f3n.<\/p>\n","protected":false},"featured_media":22770,"comment_status":"open","ping_status":"closed","template":"","meta":{"site-sidebar-layout":"default","site-content-layout":"","ast-site-content-layout":"default","site-content-style":"default","site-sidebar-style":"default","ast-global-header-display":"","ast-banner-title-visibility":"","ast-main-header-display":"","ast-hfb-above-header-display":"","ast-hfb-below-header-display":"","ast-hfb-mobile-header-display":"","site-post-title":"","ast-breadcrumbs-content":"","ast-featured-img":"","footer-sml-layout":"","ast-disable-related-posts":"","theme-transparent-header-meta":"default","adv-header-id-meta":"","stick-header-meta":"default","header-above-stick-meta":"","header-main-stick-meta":"","header-below-stick-meta":"","astra-migrate-meta-layouts":"default","ast-page-background-enabled":"default","ast-page-background-meta":{"desktop":{"background-color":"","background-image":"","background-repeat":"repeat","background-position":"center center","background-size":"auto","background-attachment":"scroll","background-type":"","background-media":"","overlay-type":"","overlay-color":"","overlay-opacity":"","overlay-gradient":""},"tablet":{"background-color":"","background-image":"","background-repeat":"repeat","background-position":"center center","background-size":"auto","background-attachment":"scroll","background-type":"","background-media":"","overlay-type":"","overlay-color":"","overlay-opacity":"","overlay-gradient":""},"mobile":{"background-color":"","background-image":"","background-repeat":"repeat","background-position":"center center","background-size":"auto","background-attachment":"scroll","background-type":"","background-media":"","overlay-type":"","overlay-color":"","overlay-opacity":"","overlay-gradient":""}},"ast-content-background-meta":{"desktop":{"background-color":"var(--ast-global-color-5)","background-image":"","background-repeat":"repeat","background-position":"center center","background-size":"auto","background-attachment":"scroll","background-type":"","background-media":"","overlay-type":"","overlay-color":"","overlay-opacity":"","overlay-gradient":""},"tablet":{"background-color":"var(--ast-global-color-5)","background-image":"","background-repeat":"repeat","background-position":"center center","background-size":"auto","background-attachment":"scroll","background-type":"","background-media":"","overlay-type":"","overlay-color":"","overlay-opacity":"","overlay-gradient":""},"mobile":{"background-color":"var(--ast-global-color-5)","background-image":"","background-repeat":"repeat","background-position":"center center","background-size":"auto","background-attachment":"scroll","background-type":"","background-media":"","overlay-type":"","overlay-color":"","overlay-opacity":"","overlay-gradient":""}}},"product_brand":[],"product_cat":[271,278],"product_tag":[],"class_list":{"0":"post-22771","1":"product","2":"type-product","3":"status-publish","4":"has-post-thumbnail","6":"product_cat-bienestar-cbd","7":"product_cat-mascotas","8":"desktop-align-left","9":"tablet-align-center","10":"mobile-align-left","11":"ast-product-gallery-layout-vertical","12":"ast-product-gallery-with-no-image","13":"ast-magnify-disabled","14":"ast-product-tabs-layout-horizontal","16":"first","17":"outofstock","18":"taxable","19":"shipping-taxable","20":"purchasable","21":"product-type-simple"},"yoast_head":"<!-- This site is optimized with the Yoast SEO Premium plugin v27.2 (Yoast SEO v27.4) - https:\/\/yoast.com\/product\/yoast-seo-premium-wordpress\/ -->\n<title>Aceite de Salm\u00f3n para Gatos Weedness CBD 3% CBD (10ml) - Blumiz - Premium CBD<\/title>\n<meta name=\"description\" content=\"Aceite de Salm\u00f3n para Gatos Weedness CBD 3% CBD (10ml) - Blumiz - Premium CBD\" \/>\n<meta name=\"robots\" content=\"index, follow, max-snippet:-1, max-image-preview:large, max-video-preview:-1\" \/>\n<link rel=\"canonical\" href=\"https:\/\/blumiz.com\/es\/producto\/aceite-de-salmon-para-gatos-weedness-cbd-3-cbd-10ml\/\" \/>\n<meta property=\"og:locale\" content=\"es_ES\" \/>\n<meta property=\"og:type\" content=\"article\" \/>\n<meta property=\"og:title\" content=\"Aceite de Salm\u00f3n para Gatos Weedness CBD 3% CBD (10ml)\" \/>\n<meta property=\"og:description\" content=\"Aceite de Salm\u00f3n para Gatos Weedness CBD 3% CBD (10ml) Blumiz - Premium CBD\" \/>\n<meta property=\"og:url\" content=\"https:\/\/blumiz.com\/es\/producto\/aceite-de-salmon-para-gatos-weedness-cbd-3-cbd-10ml\/\" \/>\n<meta property=\"og:site_name\" content=\"Blumiz - Premium CBD\" \/>\n<meta property=\"og:image\" content=\"https:\/\/blumiz.com\/wp-content\/uploads\/2025\/08\/Weedness-CBD-Oel-Katzen.webp\" \/>\n\t<meta property=\"og:image:width\" content=\"1000\" \/>\n\t<meta property=\"og:image:height\" content=\"1000\" \/>\n\t<meta property=\"og:image:type\" content=\"image\/webp\" \/>\n<meta name=\"twitter:card\" content=\"summary_large_image\" \/>\n<meta name=\"twitter:label1\" content=\"Precio\" \/>\n\t<meta name=\"twitter:data1\" content=\"19,90&nbsp;&euro;\" \/>\n\t<meta name=\"twitter:label2\" content=\"Disponibilidad\" \/>\n\t<meta name=\"twitter:data2\" content=\"Sin existencias\" \/>\n<script type=\"application\/ld+json\" class=\"yoast-schema-graph\">{\"@context\":\"https:\\\/\\\/schema.org\",\"@graph\":[{\"@type\":\"WebPage\",\"@id\":\"https:\\\/\\\/blumiz.com\\\/es\\\/producto\\\/aceite-de-salmon-para-gatos-weedness-cbd-3-cbd-10ml\\\/\",\"url\":\"https:\\\/\\\/blumiz.com\\\/es\\\/producto\\\/aceite-de-salmon-para-gatos-weedness-cbd-3-cbd-10ml\\\/\",\"name\":\"Aceite de Salm\u00f3n para Gatos Weedness CBD 3% CBD (10ml) - Blumiz - Premium CBD\",\"isPartOf\":{\"@id\":\"https:\\\/\\\/blumiz.com\\\/es\\\/#website\"},\"primaryImageOfPage\":{\"@id\":\"https:\\\/\\\/blumiz.com\\\/es\\\/producto\\\/aceite-de-salmon-para-gatos-weedness-cbd-3-cbd-10ml\\\/#primaryimage\"},\"image\":{\"@id\":\"https:\\\/\\\/blumiz.com\\\/es\\\/producto\\\/aceite-de-salmon-para-gatos-weedness-cbd-3-cbd-10ml\\\/#primaryimage\"},\"thumbnailUrl\":\"https:\\\/\\\/blumiz.com\\\/wp-content\\\/uploads\\\/2025\\\/08\\\/Weedness-CBD-Oel-Katzen.webp\",\"datePublished\":\"2025-08-11T17:18:02+00:00\",\"description\":\"Aceite de Salm\u00f3n para Gatos Weedness CBD 3% CBD (10ml) - Blumiz - Premium CBD\",\"breadcrumb\":{\"@id\":\"https:\\\/\\\/blumiz.com\\\/es\\\/producto\\\/aceite-de-salmon-para-gatos-weedness-cbd-3-cbd-10ml\\\/#breadcrumb\"},\"inLanguage\":\"es\",\"potentialAction\":[{\"@type\":\"ReadAction\",\"target\":[\"https:\\\/\\\/blumiz.com\\\/es\\\/producto\\\/aceite-de-salmon-para-gatos-weedness-cbd-3-cbd-10ml\\\/\"]}]},{\"@type\":\"ImageObject\",\"inLanguage\":\"es\",\"@id\":\"https:\\\/\\\/blumiz.com\\\/es\\\/producto\\\/aceite-de-salmon-para-gatos-weedness-cbd-3-cbd-10ml\\\/#primaryimage\",\"url\":\"https:\\\/\\\/blumiz.com\\\/wp-content\\\/uploads\\\/2025\\\/08\\\/Weedness-CBD-Oel-Katzen.webp\",\"contentUrl\":\"https:\\\/\\\/blumiz.com\\\/wp-content\\\/uploads\\\/2025\\\/08\\\/Weedness-CBD-Oel-Katzen.webp\",\"width\":1000,\"height\":1000,\"caption\":\"Weedness CBD Lachs\u00f6l f\u00fcr Katzen 3% CBD\"},{\"@type\":\"BreadcrumbList\",\"@id\":\"https:\\\/\\\/blumiz.com\\\/es\\\/producto\\\/aceite-de-salmon-para-gatos-weedness-cbd-3-cbd-10ml\\\/#breadcrumb\",\"itemListElement\":[{\"@type\":\"ListItem\",\"position\":1,\"name\":\"Blumiz\",\"item\":\"https:\\\/\\\/blumiz.com\\\/es\\\/\"},{\"@type\":\"ListItem\",\"position\":2,\"name\":\"CBD Shop\",\"item\":\"https:\\\/\\\/blumiz.com\\\/es\\\/tienda\\\/\"},{\"@type\":\"ListItem\",\"position\":3,\"name\":\"Aceite de Salm\u00f3n para Gatos Weedness CBD 3% CBD (10ml)\"}]},{\"@type\":\"WebSite\",\"@id\":\"https:\\\/\\\/blumiz.com\\\/es\\\/#website\",\"url\":\"https:\\\/\\\/blumiz.com\\\/es\\\/\",\"name\":\"Blumiz - Premium CBD\",\"description\":\"Un CBD al mejor precio y de calidad superior\",\"publisher\":{\"@id\":\"https:\\\/\\\/blumiz.com\\\/es\\\/#organization\"},\"alternateName\":\"Blumiz\",\"potentialAction\":[{\"@type\":\"SearchAction\",\"target\":{\"@type\":\"EntryPoint\",\"urlTemplate\":\"https:\\\/\\\/blumiz.com\\\/es\\\/?s={search_term_string}\"},\"query-input\":{\"@type\":\"PropertyValueSpecification\",\"valueRequired\":true,\"valueName\":\"search_term_string\"}}],\"inLanguage\":\"es\"},{\"@type\":\"Organization\",\"@id\":\"https:\\\/\\\/blumiz.com\\\/es\\\/#organization\",\"name\":\"Blumiz CBD\",\"alternateName\":\"Blumiz\",\"url\":\"https:\\\/\\\/blumiz.com\\\/es\\\/\",\"logo\":{\"@type\":\"ImageObject\",\"inLanguage\":\"es\",\"@id\":\"https:\\\/\\\/blumiz.com\\\/es\\\/#\\\/schema\\\/logo\\\/image\\\/\",\"url\":\"https:\\\/\\\/blumiz.com\\\/wp-content\\\/uploads\\\/2026\\\/02\\\/cropped-Blumiz-CBD-logo.webp\",\"contentUrl\":\"https:\\\/\\\/blumiz.com\\\/wp-content\\\/uploads\\\/2026\\\/02\\\/cropped-Blumiz-CBD-logo.webp\",\"width\":2547,\"height\":778,\"caption\":\"Blumiz CBD\"},\"image\":{\"@id\":\"https:\\\/\\\/blumiz.com\\\/es\\\/#\\\/schema\\\/logo\\\/image\\\/\"}}]}<\/script>\n<meta property=\"product:price:amount\" content=\"19.90\" \/>\n<meta property=\"product:price:currency\" content=\"EUR\" \/>\n<meta property=\"og:availability\" content=\"out of stock\" \/>\n<meta property=\"product:availability\" content=\"out of stock\" \/>\n<meta property=\"product:condition\" content=\"new\" \/>\n<!-- \/ Yoast SEO Premium plugin. -->","yoast_head_json":{"title":"Aceite de Salm\u00f3n para Gatos Weedness CBD 3% CBD (10ml) - Blumiz - Premium CBD","description":"Aceite de Salm\u00f3n para Gatos Weedness CBD 3% CBD (10ml) - Blumiz - Premium CBD","robots":{"index":"index","follow":"follow","max-snippet":"max-snippet:-1","max-image-preview":"max-image-preview:large","max-video-preview":"max-video-preview:-1"},"canonical":"https:\/\/blumiz.com\/es\/producto\/aceite-de-salmon-para-gatos-weedness-cbd-3-cbd-10ml\/","og_locale":"es_ES","og_type":"article","og_title":"Aceite de Salm\u00f3n para Gatos Weedness CBD 3% CBD (10ml)","og_description":"Aceite de Salm\u00f3n para Gatos Weedness CBD 3% CBD (10ml) Blumiz - Premium CBD","og_url":"https:\/\/blumiz.com\/es\/producto\/aceite-de-salmon-para-gatos-weedness-cbd-3-cbd-10ml\/","og_site_name":"Blumiz - Premium CBD","og_image":[{"width":1000,"height":1000,"url":"https:\/\/blumiz.com\/wp-content\/uploads\/2025\/08\/Weedness-CBD-Oel-Katzen.webp","type":"image\/webp"}],"twitter_card":"summary_large_image","twitter_misc":{"Precio":"19,90&nbsp;&euro;","Disponibilidad":"Sin existencias"},"schema":{"@context":"https:\/\/schema.org","@graph":[{"@type":"WebPage","@id":"https:\/\/blumiz.com\/es\/producto\/aceite-de-salmon-para-gatos-weedness-cbd-3-cbd-10ml\/","url":"https:\/\/blumiz.com\/es\/producto\/aceite-de-salmon-para-gatos-weedness-cbd-3-cbd-10ml\/","name":"Aceite de Salm\u00f3n para Gatos Weedness CBD 3% CBD (10ml) - Blumiz - Premium CBD","isPartOf":{"@id":"https:\/\/blumiz.com\/es\/#website"},"primaryImageOfPage":{"@id":"https:\/\/blumiz.com\/es\/producto\/aceite-de-salmon-para-gatos-weedness-cbd-3-cbd-10ml\/#primaryimage"},"image":{"@id":"https:\/\/blumiz.com\/es\/producto\/aceite-de-salmon-para-gatos-weedness-cbd-3-cbd-10ml\/#primaryimage"},"thumbnailUrl":"https:\/\/blumiz.com\/wp-content\/uploads\/2025\/08\/Weedness-CBD-Oel-Katzen.webp","datePublished":"2025-08-11T17:18:02+00:00","description":"Aceite de Salm\u00f3n para Gatos Weedness CBD 3% CBD (10ml) - Blumiz - Premium CBD","breadcrumb":{"@id":"https:\/\/blumiz.com\/es\/producto\/aceite-de-salmon-para-gatos-weedness-cbd-3-cbd-10ml\/#breadcrumb"},"inLanguage":"es","potentialAction":[{"@type":"ReadAction","target":["https:\/\/blumiz.com\/es\/producto\/aceite-de-salmon-para-gatos-weedness-cbd-3-cbd-10ml\/"]}]},{"@type":"ImageObject","inLanguage":"es","@id":"https:\/\/blumiz.com\/es\/producto\/aceite-de-salmon-para-gatos-weedness-cbd-3-cbd-10ml\/#primaryimage","url":"https:\/\/blumiz.com\/wp-content\/uploads\/2025\/08\/Weedness-CBD-Oel-Katzen.webp","contentUrl":"https:\/\/blumiz.com\/wp-content\/uploads\/2025\/08\/Weedness-CBD-Oel-Katzen.webp","width":1000,"height":1000,"caption":"Weedness CBD Lachs\u00f6l f\u00fcr Katzen 3% CBD"},{"@type":"BreadcrumbList","@id":"https:\/\/blumiz.com\/es\/producto\/aceite-de-salmon-para-gatos-weedness-cbd-3-cbd-10ml\/#breadcrumb","itemListElement":[{"@type":"ListItem","position":1,"name":"Blumiz","item":"https:\/\/blumiz.com\/es\/"},{"@type":"ListItem","position":2,"name":"CBD Shop","item":"https:\/\/blumiz.com\/es\/tienda\/"},{"@type":"ListItem","position":3,"name":"Aceite de Salm\u00f3n para Gatos Weedness CBD 3% CBD (10ml)"}]},{"@type":"WebSite","@id":"https:\/\/blumiz.com\/es\/#website","url":"https:\/\/blumiz.com\/es\/","name":"Blumiz - Premium CBD","description":"Un CBD al mejor precio y de calidad superior","publisher":{"@id":"https:\/\/blumiz.com\/es\/#organization"},"alternateName":"Blumiz","potentialAction":[{"@type":"SearchAction","target":{"@type":"EntryPoint","urlTemplate":"https:\/\/blumiz.com\/es\/?s={search_term_string}"},"query-input":{"@type":"PropertyValueSpecification","valueRequired":true,"valueName":"search_term_string"}}],"inLanguage":"es"},{"@type":"Organization","@id":"https:\/\/blumiz.com\/es\/#organization","name":"Blumiz CBD","alternateName":"Blumiz","url":"https:\/\/blumiz.com\/es\/","logo":{"@type":"ImageObject","inLanguage":"es","@id":"https:\/\/blumiz.com\/es\/#\/schema\/logo\/image\/","url":"https:\/\/blumiz.com\/wp-content\/uploads\/2026\/02\/cropped-Blumiz-CBD-logo.webp","contentUrl":"https:\/\/blumiz.com\/wp-content\/uploads\/2026\/02\/cropped-Blumiz-CBD-logo.webp","width":2547,"height":778,"caption":"Blumiz CBD"},"image":{"@id":"https:\/\/blumiz.com\/es\/#\/schema\/logo\/image\/"}}]},"product_price_amount":"19.90","product_price_currency":"EUR","og_availability":"out of stock","product_availability":"out of stock","product_condition":"new"},"_links":{"self":[{"href":"https:\/\/blumiz.com\/es\/wp-json\/wp\/v2\/product\/22771","targetHints":{"allow":["GET"]}}],"collection":[{"href":"https:\/\/blumiz.com\/es\/wp-json\/wp\/v2\/product"}],"about":[{"href":"https:\/\/blumiz.com\/es\/wp-json\/wp\/v2\/types\/product"}],"replies":[{"embeddable":true,"href":"https:\/\/blumiz.com\/es\/wp-json\/wp\/v2\/comments?post=22771"}],"version-history":[{"count":0,"href":"https:\/\/blumiz.com\/es\/wp-json\/wp\/v2\/product\/22771\/revisions"}],"wp:featuredmedia":[{"embeddable":true,"href":"https:\/\/blumiz.com\/es\/wp-json\/wp\/v2\/media\/22770"}],"wp:attachment":[{"href":"https:\/\/blumiz.com\/es\/wp-json\/wp\/v2\/media?parent=22771"}],"wp:term":[{"taxonomy":"product_brand","embeddable":true,"href":"https:\/\/blumiz.com\/es\/wp-json\/wp\/v2\/product_brand?post=22771"},{"taxonomy":"product_cat","embeddable":true,"href":"https:\/\/blumiz.com\/es\/wp-json\/wp\/v2\/product_cat?post=22771"},{"taxonomy":"product_tag","embeddable":true,"href":"https:\/\/blumiz.com\/es\/wp-json\/wp\/v2\/product_tag?post=22771"}],"curies":[{"name":"wp","href":"https:\/\/api.w.org\/{rel}","templated":true}]}}