{"id":10134,"date":"2023-05-04T12:33:18","date_gmt":"2023-05-04T11:33:18","guid":{"rendered":"https:\/\/blumiz.com\/?post_type=product&#038;p=10134"},"modified":"2025-02-06T21:33:52","modified_gmt":"2025-02-06T20:33:52","slug":"goldrock-cbd-65","status":"publish","type":"product","link":"https:\/\/blumiz.com\/fr\/produit\/goldrock-cbd-65\/","title":{"rendered":"GoldRock CBD 65"},"content":{"rendered":"<h2>Goldrock CBD : un produit puissant r\u00e9serv\u00e9 aux connaisseurs<\/h2>\n<p>Goldrock CBD est un produit de haute qualit\u00e9 con\u00e7u pour les consommateurs qui souhaitent b\u00e9n\u00e9ficier des propri\u00e9t\u00e9s curatives du CBD sans subir les effets psychoactifs du THC. Comme pour Icerock et Moonrock CBD, le produit est fabriqu\u00e9 \u00e0 partir d&#8217;un m\u00e9lange unique de fleurs de cannabis et de concentr\u00e9 de Hash, mais les t\u00eates sont recouvertes d&#8217;un colorant comestible de couleur or. <\/p>\n<p>La teneur en CBD de Goldrock CBD est de 65%, ce qui en fait l&#8217;un des produits les plus puissants sur le march\u00e9. Le CBD est un cannabino\u00efde non psychoactif connu pour ses propri\u00e9t\u00e9s analg\u00e9siques, anti-inflammatoires, antipsychotiques et anticonvulsives. Cela signifie que le Goldrock CBD peut \u00eatre utilis\u00e9 pour traiter une grande vari\u00e9t\u00e9 de conditions m\u00e9dicales, y compris la douleur chronique, l&#8217;anxi\u00e9t\u00e9, la d\u00e9pression, l&#8217;insomnie et les convulsions.<\/p>\n<p>Le processus de fabrication de Goldrock CBD est \u00e9galement m\u00e9ticuleux et garantit que chaque produit est de la plus haute qualit\u00e9. Les fleurs de cannabis sont tremp\u00e9es dans une solution de concentr\u00e9 de Hash et d&#8217;extrait avant d&#8217;\u00eatre recouvertes de cristaux de CBD. Chaque lot de Goldrock CBD est soumis \u00e0 des tests rigoureux afin de s&#8217;assurer qu&#8217;il r\u00e9pond aux normes de qualit\u00e9 les plus \u00e9lev\u00e9es.<\/p>\n<h2>Comment consommer la Goldrock CBD<\/h2>\n<p>Il existe plusieurs fa\u00e7ons de consommer la Goldrock. La m\u00e9thode la plus courante consiste \u00e0 le fumer, comme pour l&#8217;Icerock et le Moonrock CBD. Le produit peut \u00eatre utilis\u00e9 dans une pipe, un vaporisateur ou un joint. Les consommateurs peuvent \u00e9galement ajouter le produit \u00e0 leurs aliments ou boissons, bien que cela puisse affecter la biodisponibilit\u00e9 du CBD.<\/p>\n<p>Il est important de noter que Goldrock CBD peut \u00eatre utilis\u00e9 \u00e0 des fins r\u00e9cr\u00e9atives, mais que la forte concentration de CBD peut alt\u00e9rer la perception sensorielle des consommateurs. Les utilisateurs doivent \u00eatre conscients de leur tol\u00e9rance au CBD et commencer par de petites quantit\u00e9s avant d&#8217;en consommer davantage.<\/p>\n<p>Goldrock ist un produit de haute qualit\u00e9 qui offre une exp\u00e9rience de consommation unique et b\u00e9n\u00e9fique. Avec sa teneur \u00e9lev\u00e9e en CBD, il est id\u00e9al pour les personnes souffrant de douleurs chroniques, de troubles du sommeil, d&#8217;anxi\u00e9t\u00e9 et d&#8217;autres conditions m\u00e9dicales qui peuvent \u00eatre trait\u00e9es avec du CBD.<\/p>\n<p>Vous pouvez \u00e9galement trouver la version avec du pollen de CBD, le <a href=\"https:\/\/blumiz.com\/produit\/moonrock-cbd-60\/\">MOONROCK<\/a>, ou la version classique avec <a href=\"https:\/\/blumiz.com\/produit\/icerock-cbd-70\/\">des cristaux ICEROCK<\/a>.<\/p>\n<p>D\u00e9couvrez ici \u00e9galement nos <a href=\"\/?product_cat=cbd-blueten\">Fleurs de CBD!<\/a><\/p>\n<p>Une question, vous avez besoin d&#8217;aide ? <a href=\"https:\/\/blumiz.com\/hilfe-und-faqs\/\">Cliquez ici pour d\u00e9couvrir notre centre d&#8217;aide.<\/a><\/p>\n<p>&nbsp;<\/p>\n","protected":false},"excerpt":{"rendered":"<p>CBD super puissant \u00e0 65 % de rock dor\u00e9<\/p>\n","protected":false},"featured_media":10099,"comment_status":"open","ping_status":"closed","template":"","meta":{"site-sidebar-layout":"default","site-content-layout":"default","ast-site-content-layout":"default","site-content-style":"default","site-sidebar-style":"default","ast-global-header-display":"","ast-banner-title-visibility":"","ast-main-header-display":"","ast-hfb-above-header-display":"","ast-hfb-below-header-display":"","ast-hfb-mobile-header-display":"","site-post-title":"","ast-breadcrumbs-content":"","ast-featured-img":"","footer-sml-layout":"","ast-disable-related-posts":"","theme-transparent-header-meta":"default","adv-header-id-meta":"","stick-header-meta":"default","header-above-stick-meta":"","header-main-stick-meta":"","header-below-stick-meta":"","astra-migrate-meta-layouts":"default","ast-page-background-enabled":"default","ast-page-background-meta":{"desktop":{"background-color":"","background-image":"","background-repeat":"repeat","background-position":"center center","background-size":"auto","background-attachment":"scroll","background-type":"","background-media":"","overlay-type":"","overlay-color":"","overlay-opacity":"","overlay-gradient":""},"tablet":{"background-color":"","background-image":"","background-repeat":"repeat","background-position":"center center","background-size":"auto","background-attachment":"scroll","background-type":"","background-media":"","overlay-type":"","overlay-color":"","overlay-opacity":"","overlay-gradient":""},"mobile":{"background-color":"","background-image":"","background-repeat":"repeat","background-position":"center center","background-size":"auto","background-attachment":"scroll","background-type":"","background-media":"","overlay-type":"","overlay-color":"","overlay-opacity":"","overlay-gradient":""}},"ast-content-background-meta":{"desktop":{"background-color":"var(--ast-global-color-5)","background-image":"","background-repeat":"repeat","background-position":"center center","background-size":"auto","background-attachment":"scroll","background-type":"","background-media":"","overlay-type":"","overlay-color":"","overlay-opacity":"","overlay-gradient":""},"tablet":{"background-color":"var(--ast-global-color-5)","background-image":"","background-repeat":"repeat","background-position":"center center","background-size":"auto","background-attachment":"scroll","background-type":"","background-media":"","overlay-type":"","overlay-color":"","overlay-opacity":"","overlay-gradient":""},"mobile":{"background-color":"var(--ast-global-color-5)","background-image":"","background-repeat":"repeat","background-position":"center center","background-size":"auto","background-attachment":"scroll","background-type":"","background-media":"","overlay-type":"","overlay-color":"","overlay-opacity":"","overlay-gradient":""}}},"product_brand":[],"product_cat":[304,176,167,161,175,174],"product_tag":[201,202],"class_list":{"0":"post-10134","1":"product","2":"type-product","3":"status-publish","4":"has-post-thumbnail","6":"product_cat-cbd-fr","7":"product_cat-concentres-cbd","8":"product_cat-fleur-cbd-puissante","9":"product_cat-fleurs-de-cbd","10":"product_cat-hash-cbd","11":"product_cat-hash-et-concentres","12":"product_tag-fleurs-cbd-pas-cher","13":"product_tag-fleurs-cbd-puissantes","14":"pa_cbd-rate-plus-de-20-cbd","15":"pa_kategorie-greenhouse-fr","16":"desktop-align-left","17":"tablet-align-center","18":"mobile-align-left","19":"ast-product-gallery-layout-vertical","20":"ast-product-gallery-with-no-image","21":"ast-magnify-disabled","22":"ast-product-single-variable","23":"ast-product-tabs-layout-horizontal","25":"first","26":"instock","27":"taxable","28":"shipping-taxable","29":"purchasable","30":"product-type-variable"},"yoast_head":"<!-- This site is optimized with the Yoast SEO Premium plugin v27.2 (Yoast SEO v27.5) - https:\/\/yoast.com\/product\/yoast-seo-premium-wordpress\/ -->\n<title>Goldrock CBD 65% - CBD ultra-fort chez Blumiz, sp\u00e9cialiste du CBD<\/title>\n<meta name=\"description\" content=\"Goldrock CBD 65% ultra-fort % \u00e0 partir de 3\u20ac\/g....Ultrarapide CBD pour les consommateurs exigeants..L\u00e9gal en France Premium - Livraison discr\u00e8te\" \/>\n<meta name=\"robots\" content=\"index, follow, max-snippet:-1, max-image-preview:large, max-video-preview:-1\" \/>\n<link rel=\"canonical\" href=\"https:\/\/blumiz.com\/fr\/produit\/goldrock-cbd-65\/\" \/>\n<meta property=\"og:locale\" content=\"fr_FR\" \/>\n<meta property=\"og:type\" content=\"article\" \/>\n<meta property=\"og:title\" content=\"GoldRock CBD 65\" \/>\n<meta property=\"og:description\" content=\"GoldRock CBD 65 Blumiz - Premium CBD\" \/>\n<meta property=\"og:url\" content=\"https:\/\/blumiz.com\/fr\/produit\/goldrock-cbd-65\/\" \/>\n<meta property=\"og:site_name\" content=\"Blumiz - Premium CBD\" \/>\n<meta property=\"article:modified_time\" content=\"2025-02-06T20:33:52+00:00\" \/>\n<meta property=\"og:image\" content=\"https:\/\/blumiz.com\/wp-content\/uploads\/2023\/05\/goldrock-cbd-moonrock.webp\" \/>\n\t<meta property=\"og:image:width\" content=\"600\" \/>\n\t<meta property=\"og:image:height\" content=\"600\" \/>\n\t<meta property=\"og:image:type\" content=\"image\/webp\" \/>\n<meta name=\"twitter:card\" content=\"summary_large_image\" \/>\n<meta name=\"twitter:label1\" content=\"Disponibilit\u00e9\" \/>\n\t<meta name=\"twitter:data1\" content=\"En stock\" \/>\n<script type=\"application\/ld+json\" class=\"yoast-schema-graph\">{\"@context\":\"https:\\\/\\\/schema.org\",\"@graph\":[{\"@type\":\"WebPage\",\"@id\":\"https:\\\/\\\/blumiz.com\\\/fr\\\/produit\\\/goldrock-cbd-65\\\/\",\"url\":\"https:\\\/\\\/blumiz.com\\\/fr\\\/produit\\\/goldrock-cbd-65\\\/\",\"name\":\"Goldrock CBD 65% - CBD ultra-fort chez Blumiz, sp\u00e9cialiste du CBD\",\"isPartOf\":{\"@id\":\"https:\\\/\\\/blumiz.com\\\/fr\\\/#website\"},\"primaryImageOfPage\":{\"@id\":\"https:\\\/\\\/blumiz.com\\\/fr\\\/produit\\\/goldrock-cbd-65\\\/#primaryimage\"},\"image\":{\"@id\":\"https:\\\/\\\/blumiz.com\\\/fr\\\/produit\\\/goldrock-cbd-65\\\/#primaryimage\"},\"thumbnailUrl\":\"https:\\\/\\\/blumiz.com\\\/wp-content\\\/uploads\\\/2023\\\/05\\\/goldrock-cbd-moonrock.webp\",\"datePublished\":\"2023-05-04T11:33:18+00:00\",\"dateModified\":\"2025-02-06T20:33:52+00:00\",\"description\":\"Goldrock CBD 65% ultra-fort % \u00e0 partir de 3\u20ac\\\/g....Ultrarapide CBD pour les consommateurs exigeants..L\u00e9gal en France Premium - Livraison discr\u00e8te\",\"breadcrumb\":{\"@id\":\"https:\\\/\\\/blumiz.com\\\/fr\\\/produit\\\/goldrock-cbd-65\\\/#breadcrumb\"},\"inLanguage\":\"fr-FR\",\"potentialAction\":[{\"@type\":\"ReadAction\",\"target\":[\"https:\\\/\\\/blumiz.com\\\/fr\\\/produit\\\/goldrock-cbd-65\\\/\"]}]},{\"@type\":\"ImageObject\",\"inLanguage\":\"fr-FR\",\"@id\":\"https:\\\/\\\/blumiz.com\\\/fr\\\/produit\\\/goldrock-cbd-65\\\/#primaryimage\",\"url\":\"https:\\\/\\\/blumiz.com\\\/wp-content\\\/uploads\\\/2023\\\/05\\\/goldrock-cbd-moonrock.webp\",\"contentUrl\":\"https:\\\/\\\/blumiz.com\\\/wp-content\\\/uploads\\\/2023\\\/05\\\/goldrock-cbd-moonrock.webp\",\"width\":600,\"height\":600,\"caption\":\"Goldrock moonrock starkes cbd\"},{\"@type\":\"BreadcrumbList\",\"@id\":\"https:\\\/\\\/blumiz.com\\\/fr\\\/produit\\\/goldrock-cbd-65\\\/#breadcrumb\",\"itemListElement\":[{\"@type\":\"ListItem\",\"position\":1,\"name\":\"Blumiz\",\"item\":\"https:\\\/\\\/blumiz.com\\\/fr\\\/\"},{\"@type\":\"ListItem\",\"position\":2,\"name\":\"CBD Shop\",\"item\":\"https:\\\/\\\/blumiz.com\\\/fr\\\/acheter-cbd-shop\\\/\"},{\"@type\":\"ListItem\",\"position\":3,\"name\":\"Hash et concentr\u00e9s\",\"item\":\"https:\\\/\\\/blumiz.com\\\/fr\\\/category\\\/hash-et-concentres\\\/\"},{\"@type\":\"ListItem\",\"position\":4,\"name\":\"GoldRock CBD 65\"}]},{\"@type\":\"WebSite\",\"@id\":\"https:\\\/\\\/blumiz.com\\\/fr\\\/#website\",\"url\":\"https:\\\/\\\/blumiz.com\\\/fr\\\/\",\"name\":\"Blumiz - Premium CBD\",\"description\":\"Blumiz, Cannabis specialist\",\"publisher\":{\"@id\":\"https:\\\/\\\/blumiz.com\\\/fr\\\/#organization\"},\"alternateName\":\"Blumiz\",\"potentialAction\":[{\"@type\":\"SearchAction\",\"target\":{\"@type\":\"EntryPoint\",\"urlTemplate\":\"https:\\\/\\\/blumiz.com\\\/fr\\\/?s={search_term_string}\"},\"query-input\":{\"@type\":\"PropertyValueSpecification\",\"valueRequired\":true,\"valueName\":\"search_term_string\"}}],\"inLanguage\":\"fr-FR\"},{\"@type\":\"Organization\",\"@id\":\"https:\\\/\\\/blumiz.com\\\/fr\\\/#organization\",\"name\":\"Blumiz CBD\",\"alternateName\":\"Blumiz\",\"url\":\"https:\\\/\\\/blumiz.com\\\/fr\\\/\",\"logo\":{\"@type\":\"ImageObject\",\"inLanguage\":\"fr-FR\",\"@id\":\"https:\\\/\\\/blumiz.com\\\/fr\\\/#\\\/schema\\\/logo\\\/image\\\/\",\"url\":\"https:\\\/\\\/blumiz.com\\\/wp-content\\\/uploads\\\/2026\\\/02\\\/cropped-Blumiz-CBD-logo.webp\",\"contentUrl\":\"https:\\\/\\\/blumiz.com\\\/wp-content\\\/uploads\\\/2026\\\/02\\\/cropped-Blumiz-CBD-logo.webp\",\"width\":2547,\"height\":778,\"caption\":\"Blumiz CBD\"},\"image\":{\"@id\":\"https:\\\/\\\/blumiz.com\\\/fr\\\/#\\\/schema\\\/logo\\\/image\\\/\"}}]}<\/script>\n<meta property=\"og:availability\" content=\"instock\" \/>\n<meta property=\"product:availability\" content=\"instock\" \/>\n<meta property=\"product:retailer_item_id\" content=\"1903\" \/>\n<meta property=\"product:condition\" content=\"new\" \/>\n<!-- \/ Yoast SEO Premium plugin. -->","yoast_head_json":{"title":"Goldrock CBD 65% - CBD ultra-fort chez Blumiz, sp\u00e9cialiste du CBD","description":"Goldrock CBD 65% ultra-fort % \u00e0 partir de 3\u20ac\/g....Ultrarapide CBD pour les consommateurs exigeants..L\u00e9gal en France Premium - Livraison discr\u00e8te","robots":{"index":"index","follow":"follow","max-snippet":"max-snippet:-1","max-image-preview":"max-image-preview:large","max-video-preview":"max-video-preview:-1"},"canonical":"https:\/\/blumiz.com\/fr\/produit\/goldrock-cbd-65\/","og_locale":"fr_FR","og_type":"article","og_title":"GoldRock CBD 65","og_description":"GoldRock CBD 65 Blumiz - Premium CBD","og_url":"https:\/\/blumiz.com\/fr\/produit\/goldrock-cbd-65\/","og_site_name":"Blumiz - Premium CBD","article_modified_time":"2025-02-06T20:33:52+00:00","og_image":[{"width":600,"height":600,"url":"https:\/\/blumiz.com\/wp-content\/uploads\/2023\/05\/goldrock-cbd-moonrock.webp","type":"image\/webp"}],"twitter_card":"summary_large_image","twitter_misc":{"Disponibilit\u00e9":"En stock"},"schema":{"@context":"https:\/\/schema.org","@graph":[{"@type":"WebPage","@id":"https:\/\/blumiz.com\/fr\/produit\/goldrock-cbd-65\/","url":"https:\/\/blumiz.com\/fr\/produit\/goldrock-cbd-65\/","name":"Goldrock CBD 65% - CBD ultra-fort chez Blumiz, sp\u00e9cialiste du CBD","isPartOf":{"@id":"https:\/\/blumiz.com\/fr\/#website"},"primaryImageOfPage":{"@id":"https:\/\/blumiz.com\/fr\/produit\/goldrock-cbd-65\/#primaryimage"},"image":{"@id":"https:\/\/blumiz.com\/fr\/produit\/goldrock-cbd-65\/#primaryimage"},"thumbnailUrl":"https:\/\/blumiz.com\/wp-content\/uploads\/2023\/05\/goldrock-cbd-moonrock.webp","datePublished":"2023-05-04T11:33:18+00:00","dateModified":"2025-02-06T20:33:52+00:00","description":"Goldrock CBD 65% ultra-fort % \u00e0 partir de 3\u20ac\/g....Ultrarapide CBD pour les consommateurs exigeants..L\u00e9gal en France Premium - Livraison discr\u00e8te","breadcrumb":{"@id":"https:\/\/blumiz.com\/fr\/produit\/goldrock-cbd-65\/#breadcrumb"},"inLanguage":"fr-FR","potentialAction":[{"@type":"ReadAction","target":["https:\/\/blumiz.com\/fr\/produit\/goldrock-cbd-65\/"]}]},{"@type":"ImageObject","inLanguage":"fr-FR","@id":"https:\/\/blumiz.com\/fr\/produit\/goldrock-cbd-65\/#primaryimage","url":"https:\/\/blumiz.com\/wp-content\/uploads\/2023\/05\/goldrock-cbd-moonrock.webp","contentUrl":"https:\/\/blumiz.com\/wp-content\/uploads\/2023\/05\/goldrock-cbd-moonrock.webp","width":600,"height":600,"caption":"Goldrock moonrock starkes cbd"},{"@type":"BreadcrumbList","@id":"https:\/\/blumiz.com\/fr\/produit\/goldrock-cbd-65\/#breadcrumb","itemListElement":[{"@type":"ListItem","position":1,"name":"Blumiz","item":"https:\/\/blumiz.com\/fr\/"},{"@type":"ListItem","position":2,"name":"CBD Shop","item":"https:\/\/blumiz.com\/fr\/acheter-cbd-shop\/"},{"@type":"ListItem","position":3,"name":"Hash et concentr\u00e9s","item":"https:\/\/blumiz.com\/fr\/category\/hash-et-concentres\/"},{"@type":"ListItem","position":4,"name":"GoldRock CBD 65"}]},{"@type":"WebSite","@id":"https:\/\/blumiz.com\/fr\/#website","url":"https:\/\/blumiz.com\/fr\/","name":"Blumiz - Premium CBD","description":"Blumiz, Cannabis specialist","publisher":{"@id":"https:\/\/blumiz.com\/fr\/#organization"},"alternateName":"Blumiz","potentialAction":[{"@type":"SearchAction","target":{"@type":"EntryPoint","urlTemplate":"https:\/\/blumiz.com\/fr\/?s={search_term_string}"},"query-input":{"@type":"PropertyValueSpecification","valueRequired":true,"valueName":"search_term_string"}}],"inLanguage":"fr-FR"},{"@type":"Organization","@id":"https:\/\/blumiz.com\/fr\/#organization","name":"Blumiz CBD","alternateName":"Blumiz","url":"https:\/\/blumiz.com\/fr\/","logo":{"@type":"ImageObject","inLanguage":"fr-FR","@id":"https:\/\/blumiz.com\/fr\/#\/schema\/logo\/image\/","url":"https:\/\/blumiz.com\/wp-content\/uploads\/2026\/02\/cropped-Blumiz-CBD-logo.webp","contentUrl":"https:\/\/blumiz.com\/wp-content\/uploads\/2026\/02\/cropped-Blumiz-CBD-logo.webp","width":2547,"height":778,"caption":"Blumiz CBD"},"image":{"@id":"https:\/\/blumiz.com\/fr\/#\/schema\/logo\/image\/"}}]},"og_availability":"instock","product_availability":"instock","product_retailer_item_id":"1903","product_condition":"new"},"_links":{"self":[{"href":"https:\/\/blumiz.com\/fr\/wp-json\/wp\/v2\/product\/10134","targetHints":{"allow":["GET"]}}],"collection":[{"href":"https:\/\/blumiz.com\/fr\/wp-json\/wp\/v2\/product"}],"about":[{"href":"https:\/\/blumiz.com\/fr\/wp-json\/wp\/v2\/types\/product"}],"replies":[{"embeddable":true,"href":"https:\/\/blumiz.com\/fr\/wp-json\/wp\/v2\/comments?post=10134"}],"version-history":[{"count":0,"href":"https:\/\/blumiz.com\/fr\/wp-json\/wp\/v2\/product\/10134\/revisions"}],"wp:featuredmedia":[{"embeddable":true,"href":"https:\/\/blumiz.com\/fr\/wp-json\/wp\/v2\/media\/10099"}],"wp:attachment":[{"href":"https:\/\/blumiz.com\/fr\/wp-json\/wp\/v2\/media?parent=10134"}],"wp:term":[{"taxonomy":"product_brand","embeddable":true,"href":"https:\/\/blumiz.com\/fr\/wp-json\/wp\/v2\/product_brand?post=10134"},{"taxonomy":"product_cat","embeddable":true,"href":"https:\/\/blumiz.com\/fr\/wp-json\/wp\/v2\/product_cat?post=10134"},{"taxonomy":"product_tag","embeddable":true,"href":"https:\/\/blumiz.com\/fr\/wp-json\/wp\/v2\/product_tag?post=10134"}],"curies":[{"name":"wp","href":"https:\/\/api.w.org\/{rel}","templated":true}]}}