{"id":11551,"date":"2022-09-09T15:43:59","date_gmt":"2022-09-09T14:43:59","guid":{"rendered":"https:\/\/blumiz.com\/produkt\/royal-gorilla-royal-queen-seeds-feminisee-3-graines-pack\/"},"modified":"2023-06-03T12:46:56","modified_gmt":"2023-06-03T11:46:56","slug":"royal-gorilla-royal-queen-seeds-feminisee-3-graines-pack","status":"publish","type":"product","link":"https:\/\/blumiz.com\/fr\/produit\/royal-gorilla-royal-queen-seeds-feminisee-3-graines-pack\/","title":{"rendered":"ROYAL GORILLA (ROYAL QUEEN SEEDS) FEMINIS\u00c9E (3 graines\/pack)"},"content":{"rendered":"<h2>ROYAL QUEEN SEEDS &#8211; ROYAL GORILLA : L\u00c9GENDE EXTR\u00caMEMENT PUISSANTE DES \u00c9TATS-UNIS<\/h2>\n<p>Ce n&#8217;est pas tous les jours que de nouvelles vari\u00e9t\u00e9s en provenance des \u00c9tats-Unis traversent l&#8217;Atlantique et que les amateurs de chanvre en Europe attendent leur apparition avec autant d&#8217;impatience que ce fut le cas pour la Gorilla Glue. L&#8217;hybride a d\u00e9j\u00e0 fait des vagues aux \u00c9tats-Unis, o\u00f9 elle a atteint un statut absolument l\u00e9gendaire peu apr\u00e8s sa d\u00e9couverte, qui s&#8217;est d&#8217;ailleurs faite totalement par hasard et de mani\u00e8re un peu \u00e9trange.<\/p>\n<p>Il semblerait qu&#8217;elle doive sa d\u00e9couverte \u00e0 deux \u00e9leveurs am\u00e9ricains, Joesy Wales et Lonie Watie. Il est arriv\u00e9 que Chem Sis de Joesy d\u00e9veloppe par erreur deux sexes et pollinise son Sour Dubb. En g\u00e9n\u00e9ral, c&#8217;est un d\u00e9sastre pour les \u00e9leveurs. Pour des raisons que nous ignorons (qu&#8217;il s&#8217;agisse du karma, de forces spirituelles ou tout simplement d&#8217;une chance incroyable), Lonie a gard\u00e9 les graines &#8220;foir\u00e9es&#8221; lorsque Joesy a arrach\u00e9 la plante. Sans doute par pure curiosit\u00e9, sans se douter de rien, Lonie a ensuite fait germer quelques-unes des graines et la lumi\u00e8re s&#8217;est faite &#8211; qui l&#8217;aurait cru ? Une des vari\u00e9t\u00e9s les plus spectaculaires de ces derni\u00e8res ann\u00e9es : Gorilla Glue ou, dans ce cas, la version de Royal Queen Seeds, Royal Gorilla, \u00e9tait n\u00e9e !<\/p>\n<p>Comme tout cultivateur s\u00e9rieux le ferait, Lonie et Joesy ont d&#8217;abord envoy\u00e9 la nouvelle vari\u00e9t\u00e9 au laboratoire pour l&#8217;\u00e9tudier. En voyant les premiers r\u00e9sultats des tests, ils ont vraiment ouvert de grands yeux. Royal Gorilla a montr\u00e9 une teneur moyenne en THC impressionnante de 24-26%. Certains ph\u00e9notypes analys\u00e9s ont m\u00eame d\u00e9pass\u00e9 cette marque, avec une teneur absolument incroyable de 30% de THC. Une valeur qui n&#8217;a jamais \u00e9t\u00e9 mesur\u00e9e jusqu&#8217;\u00e0 aujourd&#8217;hui.<\/p>\n<p>Ce n&#8217;est toutefois pas la teneur en THC follement \u00e9lev\u00e9e qui a fait prendre conscience \u00e0 tout le monde qu&#8217;il s&#8217;agissait d&#8217;un nouvel hybride exceptionnel. Chaque fois qu&#8217;ils touchaient la plante, leurs mains restaient ensuite litt\u00e9ralement coll\u00e9es partout et, en raison de la production de r\u00e9sine fulgurante de la vari\u00e9t\u00e9, ils ont trouv\u00e9 un nom pour la vari\u00e9t\u00e9 et l&#8217;ont appel\u00e9e de mani\u00e8re significative &#8220;Gorilla Glue&#8221;. Une autre interpr\u00e9tation du nom est la description de son effet extr\u00eamement relaxant sur le corps, qui te fera litt\u00e9ralement &#8220;coller&#8221; \u00e0 ton canap\u00e9 dans la d\u00e9tente la plus profonde. N\u00e9anmoins, leur d\u00e9fonce est compl\u00e9t\u00e9e par une agr\u00e9able euphorie.<\/p>\n<p>S&#8217;il s&#8217;agit de rendements \u00e9lev\u00e9s, Royal Gorilla ne remportera probablement pas de prix. Mais au vu de la qualit\u00e9 exceptionnelle de ses fleurs, cela passe tr\u00e8s vite au second plan. Comme on le dit si bien : &#8220;La classe plut\u00f4t que la masse&#8221; ! Pour r\u00e9colter ces fleurs de premi\u00e8re qualit\u00e9 et extr\u00eamement puissantes, il n&#8217;est m\u00eame pas n\u00e9cessaire d&#8217;avoir des comp\u00e9tences particuli\u00e8res. Tu peux cultiver Royal Gorilla pratiquement partout. Que ce soit \u00e0 l&#8217;ext\u00e9rieur ou dans la salle de culture. Dans tous les cas, tu peux te r\u00e9jouir de voir d&#8217;\u00e9normes boutons floraux sur une belle plante aux feuilles merveilleusement vertes. La plante scintille au soleil gr\u00e2ce \u00e0 l&#8217;\u00e9norme quantit\u00e9 de trichomes collants. Cette plante 50:50 Indica:Sativa produit en int\u00e9rieur un rendement allant jusqu&#8217;\u00e0 550g\/m\u00b2. En plein air, le rendement peut atteindre 600 g par plante.<\/p>\n<p>Comme nous l&#8217;avons d\u00e9j\u00e0 mentionn\u00e9, la Royal Gorilla poss\u00e8de un taux de THC incroyablement \u00e9lev\u00e9 de 24-26%. Cependant, vous ne devriez pas \u00eatre surpris si certaines plantes d\u00e9passent m\u00eame cette marque et atteignent pr\u00e8s de 30% de THC avec des soins appropri\u00e9s. C&#8217;est un croisement extr\u00eamement puissant avec un high incroyablement relaxant qui fait de Royal Gorilla la vari\u00e9t\u00e9 parfaite pour r\u00e9duire le stress ou se d\u00e9tendre. Mais contrairement \u00e0 d&#8217;autres vari\u00e9t\u00e9s riches en THC, elle ne te rend pas compl\u00e8tement \u00e9tanche et incapable d&#8217;agir pour le reste de la journ\u00e9e. Son euphorie exaltante et tr\u00e8s joyeuse, qui accompagne son effet relaxant, en fait quelque chose de tr\u00e8s particulier.<\/p>\n<p>Gr\u00e2ce \u00e0 sa puissance, Royal Gorilla convient bien aux utilisateurs m\u00e9dicaux qui ont besoin d&#8217;un m\u00e9dicament puissant et efficace. Elle peut contribuer au traitement d&#8217;une multitude de sympt\u00f4mes tels que les douleurs chroniques, les troubles du sommeil et de nombreuses autres pathologies.<\/p>\n<p>Le go\u00fbt de Royal Gorilla combine des ar\u00f4mes terreux et sucr\u00e9s avec des notes de citron vert et de pin. Quand tu la fumes, elle te procure une exp\u00e9rience agr\u00e9able et d\u00e9licieuse &#8211; un vrai plaisir pour tout vrai cannabinier !<\/p>\n<p>Sa puissance, associ\u00e9e \u00e0 une production de r\u00e9sine exceptionnellement \u00e9lev\u00e9e et \u00e0 un go\u00fbt fabuleux, sont les raisons pour lesquelles Gorilla Glue a d\u00e9j\u00e0 remport\u00e9 plusieurs prix. Il s&#8217;agit notamment des premi\u00e8res places respectives de la Cannabis Cup 2014 et de la World Cannabis Cup 2015 dans la Cat\u00e9gorie du meilleur hybride.<\/p>\n<p>Plantez quelques graines et rejoignez la grande communaut\u00e9 de fans de Royal Gorilla. Une chose est s\u00fbre, cet hybride spectaculaire vaut absolument la peine d&#8217;\u00eatre cultiv\u00e9 !<\/p>\n<table id=\"idTab2\" class=\"features-table\">\n<caption class=\"h3\">ROYAL GORILLA (ROYAL QUEEN SEEDS) FEMINISED DATA SHEET<\/caption>\n<tbody>\n<tr>\n<th>Marque<\/th>\n<td>Royal Queen Seeds<\/td>\n<\/tr>\n<tr>\n<th>G\u00e9n\u00e9tique<\/th>\n<td>50% Indica \/ 50% Sativa<\/td>\n<\/tr>\n<tr>\n<th>Parents<\/th>\n<td>Sour Dubb x Chem Sis x Chocolate Diesel<\/td>\n<\/tr>\n<tr>\n<th>P\u00e9riode de floraison<\/th>\n<td>8-9 semaines<\/td>\n<\/tr>\n<tr>\n<th>THC<\/th>\n<td>26%<\/td>\n<\/tr>\n<tr>\n<th>Rendement de la culture int\u00e9rieure<\/th>\n<td>500-550 gr\/m<\/td>\n<\/tr>\n<tr>\n<th>Rendement de la culture ext\u00e9rieure<\/th>\n<td>550-600 gr\/plant<\/td>\n<\/tr>\n<tr>\n<th>Hauteur int\u00e9rieure<\/th>\n<td>160cm<\/td>\n<\/tr>\n<tr>\n<th>Hauteur ext\u00e9rieure<\/th>\n<td>170cm<\/td>\n<\/tr>\n<tr>\n<th>Disponible en tant que<\/th>\n<td>Graines f\u00e9minis\u00e9es<\/td>\n<\/tr>\n<tr>\n<th>Type de fleur<\/th>\n<td>Photop\u00e9riodique<\/td>\n<\/tr>\n<tr>\n<th>Genre<\/th>\n<td>F\u00e9minis\u00e9e<\/td>\n<\/tr>\n<\/tbody>\n<\/table>\n","protected":false},"excerpt":{"rendered":"<p>Qualifier la Royal Gorilla de Royal Queen Seeds d&#8217;hybride puissant n&#8217;est peut-\u00eatre pas tout \u00e0 fait \u00e0 la hauteur, si l&#8217;on consid\u00e8re sa forte teneur en THC (jusqu&#8217;\u00e0 27%). Cette vari\u00e9t\u00e9 ultra puissante n&#8217;\u00e9tait jusqu&#8217;\u00e0 pr\u00e9sent disponible qu&#8217;aux \u00c9tats-Unis et produit un high spectaculaire qui, malgr\u00e9 sa puissance flagrante, est tr\u00e8s \u00e9quilibr\u00e9. Pr\u00e9pare-toi \u00e0 une incroyable d\u00e9tente avec une euphorie exaltante !<\/p>\n","protected":false},"featured_media":6805,"comment_status":"open","ping_status":"closed","template":"","meta":{"site-sidebar-layout":"default","site-content-layout":"default","ast-site-content-layout":"default","site-content-style":"default","site-sidebar-style":"default","ast-global-header-display":"","ast-banner-title-visibility":"","ast-main-header-display":"","ast-hfb-above-header-display":"","ast-hfb-below-header-display":"","ast-hfb-mobile-header-display":"","site-post-title":"","ast-breadcrumbs-content":"","ast-featured-img":"","footer-sml-layout":"","ast-disable-related-posts":"","theme-transparent-header-meta":"default","adv-header-id-meta":"","stick-header-meta":"default","header-above-stick-meta":"","header-main-stick-meta":"","header-below-stick-meta":"","astra-migrate-meta-layouts":"default","ast-page-background-enabled":"default","ast-page-background-meta":{"desktop":{"background-color":"","background-image":"","background-repeat":"repeat","background-position":"center center","background-size":"auto","background-attachment":"scroll","background-type":"","background-media":"","overlay-type":"","overlay-color":"","overlay-opacity":"","overlay-gradient":""},"tablet":{"background-color":"","background-image":"","background-repeat":"repeat","background-position":"center center","background-size":"auto","background-attachment":"scroll","background-type":"","background-media":"","overlay-type":"","overlay-color":"","overlay-opacity":"","overlay-gradient":""},"mobile":{"background-color":"","background-image":"","background-repeat":"repeat","background-position":"center center","background-size":"auto","background-attachment":"scroll","background-type":"","background-media":"","overlay-type":"","overlay-color":"","overlay-opacity":"","overlay-gradient":""}},"ast-content-background-meta":{"desktop":{"background-color":"var(--ast-global-color-5)","background-image":"","background-repeat":"repeat","background-position":"center center","background-size":"auto","background-attachment":"scroll","background-type":"","background-media":"","overlay-type":"","overlay-color":"","overlay-opacity":"","overlay-gradient":""},"tablet":{"background-color":"var(--ast-global-color-5)","background-image":"","background-repeat":"repeat","background-position":"center center","background-size":"auto","background-attachment":"scroll","background-type":"","background-media":"","overlay-type":"","overlay-color":"","overlay-opacity":"","overlay-gradient":""},"mobile":{"background-color":"var(--ast-global-color-5)","background-image":"","background-repeat":"repeat","background-position":"center center","background-size":"auto","background-attachment":"scroll","background-type":"","background-media":"","overlay-type":"","overlay-color":"","overlay-opacity":"","overlay-gradient":""}}},"product_brand":[],"product_cat":[178],"product_tag":[],"class_list":{"0":"post-11551","1":"product","2":"type-product","3":"status-publish","4":"has-post-thumbnail","6":"product_cat-graines-cannabis-seedshop","7":"desktop-align-left","8":"tablet-align-center","9":"mobile-align-left","10":"ast-product-gallery-layout-vertical","11":"ast-product-gallery-with-no-image","12":"ast-magnify-disabled","13":"ast-product-tabs-layout-horizontal","15":"first","16":"instock","17":"taxable","18":"shipping-taxable","19":"purchasable","20":"product-type-simple"},"yoast_head":"<!-- This site is optimized with the Yoast SEO Premium plugin v27.2 (Yoast SEO v27.5) - https:\/\/yoast.com\/product\/yoast-seo-premium-wordpress\/ -->\n<title>ROYAL GORILLA (ROYAL QUEEN SEEDS) FEMINIS\u00c9E (3 graines\/pack) - Blumiz - Premium CBD<\/title>\n<meta name=\"description\" content=\"ROYAL GORILLA (ROYAL QUEEN SEEDS) FEMINIS\u00c9E (3 graines\/pack) - Blumiz - Premium CBD\" \/>\n<meta name=\"robots\" content=\"index, follow, max-snippet:-1, max-image-preview:large, max-video-preview:-1\" \/>\n<link rel=\"canonical\" href=\"https:\/\/blumiz.com\/fr\/produit\/royal-gorilla-royal-queen-seeds-feminisee-3-graines-pack\/\" \/>\n<meta property=\"og:locale\" content=\"fr_FR\" \/>\n<meta property=\"og:type\" content=\"article\" \/>\n<meta property=\"og:title\" content=\"ROYAL GORILLA (ROYAL QUEEN SEEDS) FEMINIS\u00c9E (3 graines\/pack)\" \/>\n<meta property=\"og:description\" content=\"ROYAL GORILLA (ROYAL QUEEN SEEDS) FEMINIS\u00c9E (3 graines\/pack) Blumiz - Premium CBD\" \/>\n<meta property=\"og:url\" content=\"https:\/\/blumiz.com\/fr\/produit\/royal-gorilla-royal-queen-seeds-feminisee-3-graines-pack\/\" \/>\n<meta property=\"og:site_name\" content=\"Blumiz - Premium CBD\" \/>\n<meta property=\"article:modified_time\" content=\"2023-06-03T11:46:56+00:00\" \/>\n<meta property=\"og:image\" content=\"https:\/\/blumiz.com\/wp-content\/uploads\/2022\/09\/Royal-Queen-Seeds-Royal-Gorilla-Feminized-Cannabis-Seeds-3-Seeds-Pack.webp\" \/>\n\t<meta property=\"og:image:width\" content=\"600\" \/>\n\t<meta property=\"og:image:height\" content=\"600\" \/>\n\t<meta property=\"og:image:type\" content=\"image\/webp\" \/>\n<meta name=\"twitter:card\" content=\"summary_large_image\" \/>\n<meta name=\"twitter:label1\" content=\"Prix\" \/>\n\t<meta name=\"twitter:data1\" content=\"27,00&nbsp;&euro;\" \/>\n\t<meta name=\"twitter:label2\" content=\"Disponibilit\u00e9\" \/>\n\t<meta name=\"twitter:data2\" content=\"En stock\" \/>\n<script type=\"application\/ld+json\" class=\"yoast-schema-graph\">{\"@context\":\"https:\\\/\\\/schema.org\",\"@graph\":[{\"@type\":\"WebPage\",\"@id\":\"https:\\\/\\\/blumiz.com\\\/fr\\\/produit\\\/royal-gorilla-royal-queen-seeds-feminisee-3-graines-pack\\\/\",\"url\":\"https:\\\/\\\/blumiz.com\\\/fr\\\/produit\\\/royal-gorilla-royal-queen-seeds-feminisee-3-graines-pack\\\/\",\"name\":\"ROYAL GORILLA (ROYAL QUEEN SEEDS) FEMINIS\u00c9E (3 graines\\\/pack) - Blumiz - Premium CBD\",\"isPartOf\":{\"@id\":\"https:\\\/\\\/blumiz.com\\\/fr\\\/#website\"},\"primaryImageOfPage\":{\"@id\":\"https:\\\/\\\/blumiz.com\\\/fr\\\/produit\\\/royal-gorilla-royal-queen-seeds-feminisee-3-graines-pack\\\/#primaryimage\"},\"image\":{\"@id\":\"https:\\\/\\\/blumiz.com\\\/fr\\\/produit\\\/royal-gorilla-royal-queen-seeds-feminisee-3-graines-pack\\\/#primaryimage\"},\"thumbnailUrl\":\"https:\\\/\\\/blumiz.com\\\/wp-content\\\/uploads\\\/2022\\\/09\\\/Royal-Queen-Seeds-Royal-Gorilla-Feminized-Cannabis-Seeds-3-Seeds-Pack.webp\",\"datePublished\":\"2022-09-09T14:43:59+00:00\",\"dateModified\":\"2023-06-03T11:46:56+00:00\",\"description\":\"ROYAL GORILLA (ROYAL QUEEN SEEDS) FEMINIS\u00c9E (3 graines\\\/pack) - Blumiz - Premium CBD\",\"breadcrumb\":{\"@id\":\"https:\\\/\\\/blumiz.com\\\/fr\\\/produit\\\/royal-gorilla-royal-queen-seeds-feminisee-3-graines-pack\\\/#breadcrumb\"},\"inLanguage\":\"fr-FR\",\"potentialAction\":[{\"@type\":\"ReadAction\",\"target\":[\"https:\\\/\\\/blumiz.com\\\/fr\\\/produit\\\/royal-gorilla-royal-queen-seeds-feminisee-3-graines-pack\\\/\"]}]},{\"@type\":\"ImageObject\",\"inLanguage\":\"fr-FR\",\"@id\":\"https:\\\/\\\/blumiz.com\\\/fr\\\/produit\\\/royal-gorilla-royal-queen-seeds-feminisee-3-graines-pack\\\/#primaryimage\",\"url\":\"https:\\\/\\\/blumiz.com\\\/wp-content\\\/uploads\\\/2022\\\/09\\\/Royal-Queen-Seeds-Royal-Gorilla-Feminized-Cannabis-Seeds-3-Seeds-Pack.webp\",\"contentUrl\":\"https:\\\/\\\/blumiz.com\\\/wp-content\\\/uploads\\\/2022\\\/09\\\/Royal-Queen-Seeds-Royal-Gorilla-Feminized-Cannabis-Seeds-3-Seeds-Pack.webp\",\"width\":600,\"height\":600},{\"@type\":\"BreadcrumbList\",\"@id\":\"https:\\\/\\\/blumiz.com\\\/fr\\\/produit\\\/royal-gorilla-royal-queen-seeds-feminisee-3-graines-pack\\\/#breadcrumb\",\"itemListElement\":[{\"@type\":\"ListItem\",\"position\":1,\"name\":\"Blumiz\",\"item\":\"https:\\\/\\\/blumiz.com\\\/fr\\\/\"},{\"@type\":\"ListItem\",\"position\":2,\"name\":\"CBD Shop\",\"item\":\"https:\\\/\\\/blumiz.com\\\/fr\\\/acheter-cbd-shop\\\/\"},{\"@type\":\"ListItem\",\"position\":3,\"name\":\"ROYAL GORILLA (ROYAL QUEEN SEEDS) FEMINIS\u00c9E (3 graines\\\/pack)\"}]},{\"@type\":\"WebSite\",\"@id\":\"https:\\\/\\\/blumiz.com\\\/fr\\\/#website\",\"url\":\"https:\\\/\\\/blumiz.com\\\/fr\\\/\",\"name\":\"Blumiz - Premium CBD\",\"description\":\"Blumiz, Cannabis specialist\",\"publisher\":{\"@id\":\"https:\\\/\\\/blumiz.com\\\/fr\\\/#organization\"},\"alternateName\":\"Blumiz\",\"potentialAction\":[{\"@type\":\"SearchAction\",\"target\":{\"@type\":\"EntryPoint\",\"urlTemplate\":\"https:\\\/\\\/blumiz.com\\\/fr\\\/?s={search_term_string}\"},\"query-input\":{\"@type\":\"PropertyValueSpecification\",\"valueRequired\":true,\"valueName\":\"search_term_string\"}}],\"inLanguage\":\"fr-FR\"},{\"@type\":\"Organization\",\"@id\":\"https:\\\/\\\/blumiz.com\\\/fr\\\/#organization\",\"name\":\"Blumiz CBD\",\"alternateName\":\"Blumiz\",\"url\":\"https:\\\/\\\/blumiz.com\\\/fr\\\/\",\"logo\":{\"@type\":\"ImageObject\",\"inLanguage\":\"fr-FR\",\"@id\":\"https:\\\/\\\/blumiz.com\\\/fr\\\/#\\\/schema\\\/logo\\\/image\\\/\",\"url\":\"https:\\\/\\\/blumiz.com\\\/wp-content\\\/uploads\\\/2026\\\/02\\\/cropped-Blumiz-CBD-logo.webp\",\"contentUrl\":\"https:\\\/\\\/blumiz.com\\\/wp-content\\\/uploads\\\/2026\\\/02\\\/cropped-Blumiz-CBD-logo.webp\",\"width\":2547,\"height\":778,\"caption\":\"Blumiz CBD\"},\"image\":{\"@id\":\"https:\\\/\\\/blumiz.com\\\/fr\\\/#\\\/schema\\\/logo\\\/image\\\/\"}}]}<\/script>\n<meta property=\"product:price:amount\" content=\"27.00\" \/>\n<meta property=\"product:price:currency\" content=\"EUR\" \/>\n<meta property=\"og:availability\" content=\"instock\" \/>\n<meta property=\"product:availability\" content=\"instock\" \/>\n<meta property=\"product:retailer_item_id\" content=\"7519886\" \/>\n<meta property=\"product:condition\" content=\"new\" \/>\n<!-- \/ Yoast SEO Premium plugin. -->","yoast_head_json":{"title":"ROYAL GORILLA (ROYAL QUEEN SEEDS) FEMINIS\u00c9E (3 graines\/pack) - Blumiz - Premium CBD","description":"ROYAL GORILLA (ROYAL QUEEN SEEDS) FEMINIS\u00c9E (3 graines\/pack) - Blumiz - Premium CBD","robots":{"index":"index","follow":"follow","max-snippet":"max-snippet:-1","max-image-preview":"max-image-preview:large","max-video-preview":"max-video-preview:-1"},"canonical":"https:\/\/blumiz.com\/fr\/produit\/royal-gorilla-royal-queen-seeds-feminisee-3-graines-pack\/","og_locale":"fr_FR","og_type":"article","og_title":"ROYAL GORILLA (ROYAL QUEEN SEEDS) FEMINIS\u00c9E (3 graines\/pack)","og_description":"ROYAL GORILLA (ROYAL QUEEN SEEDS) FEMINIS\u00c9E (3 graines\/pack) Blumiz - Premium CBD","og_url":"https:\/\/blumiz.com\/fr\/produit\/royal-gorilla-royal-queen-seeds-feminisee-3-graines-pack\/","og_site_name":"Blumiz - Premium CBD","article_modified_time":"2023-06-03T11:46:56+00:00","og_image":[{"width":600,"height":600,"url":"https:\/\/blumiz.com\/wp-content\/uploads\/2022\/09\/Royal-Queen-Seeds-Royal-Gorilla-Feminized-Cannabis-Seeds-3-Seeds-Pack.webp","type":"image\/webp"}],"twitter_card":"summary_large_image","twitter_misc":{"Prix":"27,00&nbsp;&euro;","Disponibilit\u00e9":"En stock"},"schema":{"@context":"https:\/\/schema.org","@graph":[{"@type":"WebPage","@id":"https:\/\/blumiz.com\/fr\/produit\/royal-gorilla-royal-queen-seeds-feminisee-3-graines-pack\/","url":"https:\/\/blumiz.com\/fr\/produit\/royal-gorilla-royal-queen-seeds-feminisee-3-graines-pack\/","name":"ROYAL GORILLA (ROYAL QUEEN SEEDS) FEMINIS\u00c9E (3 graines\/pack) - Blumiz - Premium CBD","isPartOf":{"@id":"https:\/\/blumiz.com\/fr\/#website"},"primaryImageOfPage":{"@id":"https:\/\/blumiz.com\/fr\/produit\/royal-gorilla-royal-queen-seeds-feminisee-3-graines-pack\/#primaryimage"},"image":{"@id":"https:\/\/blumiz.com\/fr\/produit\/royal-gorilla-royal-queen-seeds-feminisee-3-graines-pack\/#primaryimage"},"thumbnailUrl":"https:\/\/blumiz.com\/wp-content\/uploads\/2022\/09\/Royal-Queen-Seeds-Royal-Gorilla-Feminized-Cannabis-Seeds-3-Seeds-Pack.webp","datePublished":"2022-09-09T14:43:59+00:00","dateModified":"2023-06-03T11:46:56+00:00","description":"ROYAL GORILLA (ROYAL QUEEN SEEDS) FEMINIS\u00c9E (3 graines\/pack) - Blumiz - Premium CBD","breadcrumb":{"@id":"https:\/\/blumiz.com\/fr\/produit\/royal-gorilla-royal-queen-seeds-feminisee-3-graines-pack\/#breadcrumb"},"inLanguage":"fr-FR","potentialAction":[{"@type":"ReadAction","target":["https:\/\/blumiz.com\/fr\/produit\/royal-gorilla-royal-queen-seeds-feminisee-3-graines-pack\/"]}]},{"@type":"ImageObject","inLanguage":"fr-FR","@id":"https:\/\/blumiz.com\/fr\/produit\/royal-gorilla-royal-queen-seeds-feminisee-3-graines-pack\/#primaryimage","url":"https:\/\/blumiz.com\/wp-content\/uploads\/2022\/09\/Royal-Queen-Seeds-Royal-Gorilla-Feminized-Cannabis-Seeds-3-Seeds-Pack.webp","contentUrl":"https:\/\/blumiz.com\/wp-content\/uploads\/2022\/09\/Royal-Queen-Seeds-Royal-Gorilla-Feminized-Cannabis-Seeds-3-Seeds-Pack.webp","width":600,"height":600},{"@type":"BreadcrumbList","@id":"https:\/\/blumiz.com\/fr\/produit\/royal-gorilla-royal-queen-seeds-feminisee-3-graines-pack\/#breadcrumb","itemListElement":[{"@type":"ListItem","position":1,"name":"Blumiz","item":"https:\/\/blumiz.com\/fr\/"},{"@type":"ListItem","position":2,"name":"CBD Shop","item":"https:\/\/blumiz.com\/fr\/acheter-cbd-shop\/"},{"@type":"ListItem","position":3,"name":"ROYAL GORILLA (ROYAL QUEEN SEEDS) FEMINIS\u00c9E (3 graines\/pack)"}]},{"@type":"WebSite","@id":"https:\/\/blumiz.com\/fr\/#website","url":"https:\/\/blumiz.com\/fr\/","name":"Blumiz - Premium CBD","description":"Blumiz, Cannabis specialist","publisher":{"@id":"https:\/\/blumiz.com\/fr\/#organization"},"alternateName":"Blumiz","potentialAction":[{"@type":"SearchAction","target":{"@type":"EntryPoint","urlTemplate":"https:\/\/blumiz.com\/fr\/?s={search_term_string}"},"query-input":{"@type":"PropertyValueSpecification","valueRequired":true,"valueName":"search_term_string"}}],"inLanguage":"fr-FR"},{"@type":"Organization","@id":"https:\/\/blumiz.com\/fr\/#organization","name":"Blumiz CBD","alternateName":"Blumiz","url":"https:\/\/blumiz.com\/fr\/","logo":{"@type":"ImageObject","inLanguage":"fr-FR","@id":"https:\/\/blumiz.com\/fr\/#\/schema\/logo\/image\/","url":"https:\/\/blumiz.com\/wp-content\/uploads\/2026\/02\/cropped-Blumiz-CBD-logo.webp","contentUrl":"https:\/\/blumiz.com\/wp-content\/uploads\/2026\/02\/cropped-Blumiz-CBD-logo.webp","width":2547,"height":778,"caption":"Blumiz CBD"},"image":{"@id":"https:\/\/blumiz.com\/fr\/#\/schema\/logo\/image\/"}}]},"product_price_amount":"27.00","product_price_currency":"EUR","og_availability":"instock","product_availability":"instock","product_retailer_item_id":"7519886","product_condition":"new"},"_links":{"self":[{"href":"https:\/\/blumiz.com\/fr\/wp-json\/wp\/v2\/product\/11551","targetHints":{"allow":["GET"]}}],"collection":[{"href":"https:\/\/blumiz.com\/fr\/wp-json\/wp\/v2\/product"}],"about":[{"href":"https:\/\/blumiz.com\/fr\/wp-json\/wp\/v2\/types\/product"}],"replies":[{"embeddable":true,"href":"https:\/\/blumiz.com\/fr\/wp-json\/wp\/v2\/comments?post=11551"}],"version-history":[{"count":0,"href":"https:\/\/blumiz.com\/fr\/wp-json\/wp\/v2\/product\/11551\/revisions"}],"wp:featuredmedia":[{"embeddable":true,"href":"https:\/\/blumiz.com\/fr\/wp-json\/wp\/v2\/media\/6805"}],"wp:attachment":[{"href":"https:\/\/blumiz.com\/fr\/wp-json\/wp\/v2\/media?parent=11551"}],"wp:term":[{"taxonomy":"product_brand","embeddable":true,"href":"https:\/\/blumiz.com\/fr\/wp-json\/wp\/v2\/product_brand?post=11551"},{"taxonomy":"product_cat","embeddable":true,"href":"https:\/\/blumiz.com\/fr\/wp-json\/wp\/v2\/product_cat?post=11551"},{"taxonomy":"product_tag","embeddable":true,"href":"https:\/\/blumiz.com\/fr\/wp-json\/wp\/v2\/product_tag?post=11551"}],"curies":[{"name":"wp","href":"https:\/\/api.w.org\/{rel}","templated":true}]}}