{"id":11579,"date":"2022-09-09T15:47:33","date_gmt":"2022-09-09T14:47:33","guid":{"rendered":"https:\/\/blumiz.com\/produkt\/green-gelato-royal-queen-seeds-feminisee-3-graines-pack\/"},"modified":"2023-06-03T12:47:01","modified_gmt":"2023-06-03T11:47:01","slug":"green-gelato-royal-queen-seeds-feminisee-3-graines-pack","status":"publish","type":"product","link":"https:\/\/blumiz.com\/fr\/produit\/green-gelato-royal-queen-seeds-feminisee-3-graines-pack\/","title":{"rendered":"GREEN GELATO (ROYAL QUEEN SEEDS) FEMINIS\u00c9E (3 graines\/pack)"},"content":{"rendered":"<h2>ROYAL QUEEN SEEDS &#8211; GREEN GELATO : FABULEUSE VARI\u00c9T\u00c9 DE DESSERT<\/h2>\n<p>La gelato est bien plus que la version italienne de la glace. La gelato est une gourmandise pour les gourmets qui ne peut \u00eatre produite en Italie que selon des normes de qualit\u00e9 strictes et avec des ingr\u00e9dients sp\u00e9cifiques. Et tout comme la v\u00e9ritable gelato, savamment cr\u00e9\u00e9e par des artisans du dessert, la Green Gelato de Royal Queen Seeds est produite uniquement \u00e0 partir des meilleurs g\u00e8nes de cannabis, les plus acclam\u00e9s et les plus d\u00e9licieux, que la c\u00f4te ouest a \u00e0 offrir. La Thin Mint Cookies, sans doute le plus savoureux des ph\u00e9nols \u00e0 cookies, a \u00e9t\u00e9 associ\u00e9e \u00e0 la rafra\u00eechissante Sunset Sherbet pour cr\u00e9er un plaisir cannabique qui brille non seulement par son go\u00fbt \u00e9tonnant, mais aussi par sa force folle et ses impressionnantes propri\u00e9t\u00e9s de croissance.<\/p>\n<p>Green Gelato est l\u00e9g\u00e8rement domin\u00e9e par l&#8217;indica (55%) et se d\u00e9veloppe vigoureusement en une plante de taille moyenne. En culture d&#8217;int\u00e9rieur, elle ne d\u00e9passe gu\u00e8re 120 cm et en ext\u00e9rieur, elle ne d\u00e9passe pas 200 cm. Elle d\u00e9veloppe alors des grappes de fleurs denses de taille petite \u00e0 moyenne, plut\u00f4t que des colas allong\u00e9s. Cette dame r\u00e9agit bien \u00e0 la taille et \u00e0 l&#8217;entra\u00eenement. Pour maximiser tes rendements, le scrogging, le topping, le fimming ou le LST sont fortement recommand\u00e9s. Laisse-la fleurir sous un plan d&#8217;\u00e9clairage traditionnel 12:12 et elle fera m\u00fbrir ses d\u00e9licieuses fleurs en un court laps de temps de 8 \u00e0 9 semaines. N&#8217;oublie pas de les rincer avant de les r\u00e9colter afin de profiter pleinement de leur saveur et de leur parfum ! Dans des conditions optimales, avec beaucoup de lumi\u00e8re et un bon apport en nutriments, elle te r\u00e9compensera avec un rendement pouvant atteindre 700g\/m\u00b2. Si tu s\u00e8mes ses graines \u00e0 l&#8217;ext\u00e9rieur, tu peux t&#8217;attendre \u00e0 une d\u00e9licieuse r\u00e9colte allant jusqu&#8217;\u00e0 700 g\/plante.<\/p>\n<p>Une s\u00e9lection minutieuse de la meilleure et de la plus savoureuse g\u00e9n\u00e9tique est \u00e0 la base de l&#8217;incroyable saveur de Green Gelato : c&#8217;est des Thin Mint Girl Scout Cookies qu&#8217;elle tire cette \u00e9tonnante saveur de biscuit sucr\u00e9 et menthol\u00e9 qui fait aujourd&#8217;hui de GSC l&#8217;une des vari\u00e9t\u00e9s les plus populaires. La combinaison avec les notes rafra\u00eechissantes d&#8217;agrumes de Sunset Sherbet donne un pralin\u00e9 vraiment divin, tout comme les d\u00e9licieuses cr\u00e9ations des artisans de desserts les plus exp\u00e9riment\u00e9s d&#8217;Italie.<\/p>\n<p>Bien s\u00fbr, Green Gelato n&#8217;a pas seulement un go\u00fbt d&#8217;enfer et n&#8217;a pas l&#8217;air d&#8217;\u00eatre de ce monde, mais elle fait aussi passer son effet \u00e0 travers les nuages. Gr\u00e2ce \u00e0 une teneur en THC de 25% ou plus dans ses fleurs parfum\u00e9es, elle brille par sa force et te donne une ivresse incroyablement puissante qui est \u00e0 la fois relaxante et stimulante mentalement. Elle va faire vibrer ton esprit avec des vagues d&#8217;\u00e9nergie et de cr\u00e9ativit\u00e9 et te mettre de bonne humeur en un clin d&#8217;\u0153il !<\/p>\n<p>La Green Gelato de Royal Queen Seeds est un hybride ph\u00e9nom\u00e9nal qui ravira sans aucun doute tout v\u00e9ritable amateur d&#8217;herbe. La meilleure g\u00e9n\u00e9tique de la c\u00f4te ouest r\u00e9unie dans un plaisir organoleptique qu&#8217;aucun weedhead au monde ne refuserait.<\/p>\n<table id=\"idTab2\" class=\"features-table\">\n<caption class=\"h3\">GREEN GELATO (ROYAL QUEEN SEEDS) FEMINISED DATA SHEET<\/caption>\n<tbody>\n<tr>\n<th>Marque<\/th>\n<td>Royal Queen Seeds<\/td>\n<\/tr>\n<tr>\n<th>G\u00e9n\u00e9tique<\/th>\n<td>55% Indica \/ 45% Sativa<\/td>\n<\/tr>\n<tr>\n<th>Parents<\/th>\n<td>Sunset Sherbet x Thin Mint Girl Scout Cookies<\/td>\n<\/tr>\n<tr>\n<th>P\u00e9riode de floraison<\/th>\n<td>9-10 semaines<\/td>\n<\/tr>\n<tr>\n<th>THC<\/th>\n<td>27%<\/td>\n<\/tr>\n<tr>\n<th>CBD<\/th>\n<td>Faible<\/td>\n<\/tr>\n<tr>\n<th>Rendement de la culture int\u00e9rieure<\/th>\n<td>650-700 gr\/m<\/td>\n<\/tr>\n<tr>\n<th>Rendement de la culture ext\u00e9rieure<\/th>\n<td>650-700 gr\/plant<\/td>\n<\/tr>\n<tr>\n<th>Hauteur int\u00e9rieure<\/th>\n<td>120cm<\/td>\n<\/tr>\n<tr>\n<th>Hauteur ext\u00e9rieure<\/th>\n<td>200cm<\/td>\n<\/tr>\n<tr>\n<th>Disponible en tant que<\/th>\n<td>Graines f\u00e9minis\u00e9es<\/td>\n<\/tr>\n<tr>\n<th>Type de fleur<\/th>\n<td>Photop\u00e9riodique<\/td>\n<\/tr>\n<tr>\n<th>Genre<\/th>\n<td>F\u00e9minis\u00e9e<\/td>\n<\/tr>\n<\/tbody>\n<\/table>\n","protected":false},"excerpt":{"rendered":"<p>Peut-\u00eatre l&#8217;un des hybrides de cookies les plus d\u00e9lirants et les plus d\u00e9licieux, Green Gelato de Royal Queen Seeds annonce une nouvelle \u00e8re de cannabis gourmand. Les d\u00e9licieux Thin Mint Cookies et le d\u00e9licieux Sunset Sherbet &#8211; sans doute la g\u00e9n\u00e9tique de cookies la plus d\u00e9licieuse de la baie de San Francisco &#8211; se r\u00e9unissent dans l&#8217;une des vari\u00e9t\u00e9s de cannabis \u00e0 dessert les plus luxuriantes que tu puisses cultiver aujourd&#8217;hui.<\/p>\n","protected":false},"featured_media":6799,"comment_status":"open","ping_status":"closed","template":"","meta":{"site-sidebar-layout":"default","site-content-layout":"default","ast-site-content-layout":"default","site-content-style":"default","site-sidebar-style":"default","ast-global-header-display":"","ast-banner-title-visibility":"","ast-main-header-display":"","ast-hfb-above-header-display":"","ast-hfb-below-header-display":"","ast-hfb-mobile-header-display":"","site-post-title":"","ast-breadcrumbs-content":"","ast-featured-img":"","footer-sml-layout":"","ast-disable-related-posts":"","theme-transparent-header-meta":"default","adv-header-id-meta":"","stick-header-meta":"default","header-above-stick-meta":"","header-main-stick-meta":"","header-below-stick-meta":"","astra-migrate-meta-layouts":"default","ast-page-background-enabled":"default","ast-page-background-meta":{"desktop":{"background-color":"","background-image":"","background-repeat":"repeat","background-position":"center center","background-size":"auto","background-attachment":"scroll","background-type":"","background-media":"","overlay-type":"","overlay-color":"","overlay-opacity":"","overlay-gradient":""},"tablet":{"background-color":"","background-image":"","background-repeat":"repeat","background-position":"center center","background-size":"auto","background-attachment":"scroll","background-type":"","background-media":"","overlay-type":"","overlay-color":"","overlay-opacity":"","overlay-gradient":""},"mobile":{"background-color":"","background-image":"","background-repeat":"repeat","background-position":"center center","background-size":"auto","background-attachment":"scroll","background-type":"","background-media":"","overlay-type":"","overlay-color":"","overlay-opacity":"","overlay-gradient":""}},"ast-content-background-meta":{"desktop":{"background-color":"var(--ast-global-color-5)","background-image":"","background-repeat":"repeat","background-position":"center center","background-size":"auto","background-attachment":"scroll","background-type":"","background-media":"","overlay-type":"","overlay-color":"","overlay-opacity":"","overlay-gradient":""},"tablet":{"background-color":"var(--ast-global-color-5)","background-image":"","background-repeat":"repeat","background-position":"center center","background-size":"auto","background-attachment":"scroll","background-type":"","background-media":"","overlay-type":"","overlay-color":"","overlay-opacity":"","overlay-gradient":""},"mobile":{"background-color":"var(--ast-global-color-5)","background-image":"","background-repeat":"repeat","background-position":"center center","background-size":"auto","background-attachment":"scroll","background-type":"","background-media":"","overlay-type":"","overlay-color":"","overlay-opacity":"","overlay-gradient":""}}},"product_brand":[],"product_cat":[178],"product_tag":[],"class_list":{"0":"post-11579","1":"product","2":"type-product","3":"status-publish","4":"has-post-thumbnail","6":"product_cat-graines-cannabis-seedshop","7":"desktop-align-left","8":"tablet-align-center","9":"mobile-align-left","10":"ast-product-gallery-layout-vertical","11":"ast-product-gallery-with-no-image","12":"ast-magnify-disabled","13":"ast-product-tabs-layout-horizontal","15":"first","16":"instock","17":"taxable","18":"shipping-taxable","19":"purchasable","20":"product-type-simple"},"yoast_head":"<!-- This site is optimized with the Yoast SEO Premium plugin v27.2 (Yoast SEO v27.4) - https:\/\/yoast.com\/product\/yoast-seo-premium-wordpress\/ -->\n<title>GREEN GELATO (ROYAL QUEEN SEEDS) FEMINIS\u00c9E (3 graines\/pack) - Blumiz - Premium CBD<\/title>\n<meta name=\"description\" content=\"GREEN GELATO (ROYAL QUEEN SEEDS) FEMINIS\u00c9E (3 graines\/pack) - Blumiz - Premium CBD\" \/>\n<meta name=\"robots\" content=\"index, follow, max-snippet:-1, max-image-preview:large, max-video-preview:-1\" \/>\n<link rel=\"canonical\" href=\"https:\/\/blumiz.com\/fr\/produit\/green-gelato-royal-queen-seeds-feminisee-3-graines-pack\/\" \/>\n<meta property=\"og:locale\" content=\"fr_FR\" \/>\n<meta property=\"og:type\" content=\"article\" \/>\n<meta property=\"og:title\" content=\"GREEN GELATO (ROYAL QUEEN SEEDS) FEMINIS\u00c9E (3 graines\/pack)\" \/>\n<meta property=\"og:description\" content=\"GREEN GELATO (ROYAL QUEEN SEEDS) FEMINIS\u00c9E (3 graines\/pack) Blumiz - Premium CBD\" \/>\n<meta property=\"og:url\" content=\"https:\/\/blumiz.com\/fr\/produit\/green-gelato-royal-queen-seeds-feminisee-3-graines-pack\/\" \/>\n<meta property=\"og:site_name\" content=\"Blumiz - Premium CBD\" \/>\n<meta property=\"article:modified_time\" content=\"2023-06-03T11:47:01+00:00\" \/>\n<meta property=\"og:image\" content=\"https:\/\/blumiz.com\/wp-content\/uploads\/2022\/09\/Royal-Queen-Seeds-Green-Gelato-feminized-cannabis-seeds-3-seeds-pack.webp\" \/>\n\t<meta property=\"og:image:width\" content=\"600\" \/>\n\t<meta property=\"og:image:height\" content=\"600\" \/>\n\t<meta property=\"og:image:type\" content=\"image\/webp\" \/>\n<meta name=\"twitter:card\" content=\"summary_large_image\" \/>\n<meta name=\"twitter:label1\" content=\"Prix\" \/>\n\t<meta name=\"twitter:data1\" content=\"32,50&nbsp;&euro;\" \/>\n\t<meta name=\"twitter:label2\" content=\"Disponibilit\u00e9\" \/>\n\t<meta name=\"twitter:data2\" content=\"En stock\" \/>\n<script type=\"application\/ld+json\" class=\"yoast-schema-graph\">{\"@context\":\"https:\\\/\\\/schema.org\",\"@graph\":[{\"@type\":\"WebPage\",\"@id\":\"https:\\\/\\\/blumiz.com\\\/fr\\\/produit\\\/green-gelato-royal-queen-seeds-feminisee-3-graines-pack\\\/\",\"url\":\"https:\\\/\\\/blumiz.com\\\/fr\\\/produit\\\/green-gelato-royal-queen-seeds-feminisee-3-graines-pack\\\/\",\"name\":\"GREEN GELATO (ROYAL QUEEN SEEDS) FEMINIS\u00c9E (3 graines\\\/pack) - Blumiz - Premium CBD\",\"isPartOf\":{\"@id\":\"https:\\\/\\\/blumiz.com\\\/fr\\\/#website\"},\"primaryImageOfPage\":{\"@id\":\"https:\\\/\\\/blumiz.com\\\/fr\\\/produit\\\/green-gelato-royal-queen-seeds-feminisee-3-graines-pack\\\/#primaryimage\"},\"image\":{\"@id\":\"https:\\\/\\\/blumiz.com\\\/fr\\\/produit\\\/green-gelato-royal-queen-seeds-feminisee-3-graines-pack\\\/#primaryimage\"},\"thumbnailUrl\":\"https:\\\/\\\/blumiz.com\\\/wp-content\\\/uploads\\\/2022\\\/09\\\/Royal-Queen-Seeds-Green-Gelato-feminized-cannabis-seeds-3-seeds-pack.webp\",\"datePublished\":\"2022-09-09T14:47:33+00:00\",\"dateModified\":\"2023-06-03T11:47:01+00:00\",\"description\":\"GREEN GELATO (ROYAL QUEEN SEEDS) FEMINIS\u00c9E (3 graines\\\/pack) - Blumiz - Premium CBD\",\"breadcrumb\":{\"@id\":\"https:\\\/\\\/blumiz.com\\\/fr\\\/produit\\\/green-gelato-royal-queen-seeds-feminisee-3-graines-pack\\\/#breadcrumb\"},\"inLanguage\":\"fr-FR\",\"potentialAction\":[{\"@type\":\"ReadAction\",\"target\":[\"https:\\\/\\\/blumiz.com\\\/fr\\\/produit\\\/green-gelato-royal-queen-seeds-feminisee-3-graines-pack\\\/\"]}]},{\"@type\":\"ImageObject\",\"inLanguage\":\"fr-FR\",\"@id\":\"https:\\\/\\\/blumiz.com\\\/fr\\\/produit\\\/green-gelato-royal-queen-seeds-feminisee-3-graines-pack\\\/#primaryimage\",\"url\":\"https:\\\/\\\/blumiz.com\\\/wp-content\\\/uploads\\\/2022\\\/09\\\/Royal-Queen-Seeds-Green-Gelato-feminized-cannabis-seeds-3-seeds-pack.webp\",\"contentUrl\":\"https:\\\/\\\/blumiz.com\\\/wp-content\\\/uploads\\\/2022\\\/09\\\/Royal-Queen-Seeds-Green-Gelato-feminized-cannabis-seeds-3-seeds-pack.webp\",\"width\":600,\"height\":600},{\"@type\":\"BreadcrumbList\",\"@id\":\"https:\\\/\\\/blumiz.com\\\/fr\\\/produit\\\/green-gelato-royal-queen-seeds-feminisee-3-graines-pack\\\/#breadcrumb\",\"itemListElement\":[{\"@type\":\"ListItem\",\"position\":1,\"name\":\"Blumiz\",\"item\":\"https:\\\/\\\/blumiz.com\\\/fr\\\/\"},{\"@type\":\"ListItem\",\"position\":2,\"name\":\"CBD Shop\",\"item\":\"https:\\\/\\\/blumiz.com\\\/fr\\\/acheter-cbd-shop\\\/\"},{\"@type\":\"ListItem\",\"position\":3,\"name\":\"GREEN GELATO (ROYAL QUEEN SEEDS) FEMINIS\u00c9E (3 graines\\\/pack)\"}]},{\"@type\":\"WebSite\",\"@id\":\"https:\\\/\\\/blumiz.com\\\/fr\\\/#website\",\"url\":\"https:\\\/\\\/blumiz.com\\\/fr\\\/\",\"name\":\"Blumiz - Premium CBD\",\"description\":\"Blumiz, Cannabis specialist\",\"publisher\":{\"@id\":\"https:\\\/\\\/blumiz.com\\\/fr\\\/#organization\"},\"alternateName\":\"Blumiz\",\"potentialAction\":[{\"@type\":\"SearchAction\",\"target\":{\"@type\":\"EntryPoint\",\"urlTemplate\":\"https:\\\/\\\/blumiz.com\\\/fr\\\/?s={search_term_string}\"},\"query-input\":{\"@type\":\"PropertyValueSpecification\",\"valueRequired\":true,\"valueName\":\"search_term_string\"}}],\"inLanguage\":\"fr-FR\"},{\"@type\":\"Organization\",\"@id\":\"https:\\\/\\\/blumiz.com\\\/fr\\\/#organization\",\"name\":\"Blumiz CBD\",\"alternateName\":\"Blumiz\",\"url\":\"https:\\\/\\\/blumiz.com\\\/fr\\\/\",\"logo\":{\"@type\":\"ImageObject\",\"inLanguage\":\"fr-FR\",\"@id\":\"https:\\\/\\\/blumiz.com\\\/fr\\\/#\\\/schema\\\/logo\\\/image\\\/\",\"url\":\"https:\\\/\\\/blumiz.com\\\/wp-content\\\/uploads\\\/2026\\\/02\\\/cropped-Blumiz-CBD-logo.webp\",\"contentUrl\":\"https:\\\/\\\/blumiz.com\\\/wp-content\\\/uploads\\\/2026\\\/02\\\/cropped-Blumiz-CBD-logo.webp\",\"width\":2547,\"height\":778,\"caption\":\"Blumiz CBD\"},\"image\":{\"@id\":\"https:\\\/\\\/blumiz.com\\\/fr\\\/#\\\/schema\\\/logo\\\/image\\\/\"}}]}<\/script>\n<meta property=\"product:price:amount\" content=\"32.50\" \/>\n<meta property=\"product:price:currency\" content=\"EUR\" \/>\n<meta property=\"og:availability\" content=\"instock\" \/>\n<meta property=\"product:availability\" content=\"instock\" \/>\n<meta property=\"product:retailer_item_id\" content=\"449796\" \/>\n<meta property=\"product:condition\" content=\"new\" \/>\n<!-- \/ Yoast SEO Premium plugin. -->","yoast_head_json":{"title":"GREEN GELATO (ROYAL QUEEN SEEDS) FEMINIS\u00c9E (3 graines\/pack) - Blumiz - Premium CBD","description":"GREEN GELATO (ROYAL QUEEN SEEDS) FEMINIS\u00c9E (3 graines\/pack) - Blumiz - Premium CBD","robots":{"index":"index","follow":"follow","max-snippet":"max-snippet:-1","max-image-preview":"max-image-preview:large","max-video-preview":"max-video-preview:-1"},"canonical":"https:\/\/blumiz.com\/fr\/produit\/green-gelato-royal-queen-seeds-feminisee-3-graines-pack\/","og_locale":"fr_FR","og_type":"article","og_title":"GREEN GELATO (ROYAL QUEEN SEEDS) FEMINIS\u00c9E (3 graines\/pack)","og_description":"GREEN GELATO (ROYAL QUEEN SEEDS) FEMINIS\u00c9E (3 graines\/pack) Blumiz - Premium CBD","og_url":"https:\/\/blumiz.com\/fr\/produit\/green-gelato-royal-queen-seeds-feminisee-3-graines-pack\/","og_site_name":"Blumiz - Premium CBD","article_modified_time":"2023-06-03T11:47:01+00:00","og_image":[{"width":600,"height":600,"url":"https:\/\/blumiz.com\/wp-content\/uploads\/2022\/09\/Royal-Queen-Seeds-Green-Gelato-feminized-cannabis-seeds-3-seeds-pack.webp","type":"image\/webp"}],"twitter_card":"summary_large_image","twitter_misc":{"Prix":"32,50&nbsp;&euro;","Disponibilit\u00e9":"En stock"},"schema":{"@context":"https:\/\/schema.org","@graph":[{"@type":"WebPage","@id":"https:\/\/blumiz.com\/fr\/produit\/green-gelato-royal-queen-seeds-feminisee-3-graines-pack\/","url":"https:\/\/blumiz.com\/fr\/produit\/green-gelato-royal-queen-seeds-feminisee-3-graines-pack\/","name":"GREEN GELATO (ROYAL QUEEN SEEDS) FEMINIS\u00c9E (3 graines\/pack) - Blumiz - Premium CBD","isPartOf":{"@id":"https:\/\/blumiz.com\/fr\/#website"},"primaryImageOfPage":{"@id":"https:\/\/blumiz.com\/fr\/produit\/green-gelato-royal-queen-seeds-feminisee-3-graines-pack\/#primaryimage"},"image":{"@id":"https:\/\/blumiz.com\/fr\/produit\/green-gelato-royal-queen-seeds-feminisee-3-graines-pack\/#primaryimage"},"thumbnailUrl":"https:\/\/blumiz.com\/wp-content\/uploads\/2022\/09\/Royal-Queen-Seeds-Green-Gelato-feminized-cannabis-seeds-3-seeds-pack.webp","datePublished":"2022-09-09T14:47:33+00:00","dateModified":"2023-06-03T11:47:01+00:00","description":"GREEN GELATO (ROYAL QUEEN SEEDS) FEMINIS\u00c9E (3 graines\/pack) - Blumiz - Premium CBD","breadcrumb":{"@id":"https:\/\/blumiz.com\/fr\/produit\/green-gelato-royal-queen-seeds-feminisee-3-graines-pack\/#breadcrumb"},"inLanguage":"fr-FR","potentialAction":[{"@type":"ReadAction","target":["https:\/\/blumiz.com\/fr\/produit\/green-gelato-royal-queen-seeds-feminisee-3-graines-pack\/"]}]},{"@type":"ImageObject","inLanguage":"fr-FR","@id":"https:\/\/blumiz.com\/fr\/produit\/green-gelato-royal-queen-seeds-feminisee-3-graines-pack\/#primaryimage","url":"https:\/\/blumiz.com\/wp-content\/uploads\/2022\/09\/Royal-Queen-Seeds-Green-Gelato-feminized-cannabis-seeds-3-seeds-pack.webp","contentUrl":"https:\/\/blumiz.com\/wp-content\/uploads\/2022\/09\/Royal-Queen-Seeds-Green-Gelato-feminized-cannabis-seeds-3-seeds-pack.webp","width":600,"height":600},{"@type":"BreadcrumbList","@id":"https:\/\/blumiz.com\/fr\/produit\/green-gelato-royal-queen-seeds-feminisee-3-graines-pack\/#breadcrumb","itemListElement":[{"@type":"ListItem","position":1,"name":"Blumiz","item":"https:\/\/blumiz.com\/fr\/"},{"@type":"ListItem","position":2,"name":"CBD Shop","item":"https:\/\/blumiz.com\/fr\/acheter-cbd-shop\/"},{"@type":"ListItem","position":3,"name":"GREEN GELATO (ROYAL QUEEN SEEDS) FEMINIS\u00c9E (3 graines\/pack)"}]},{"@type":"WebSite","@id":"https:\/\/blumiz.com\/fr\/#website","url":"https:\/\/blumiz.com\/fr\/","name":"Blumiz - Premium CBD","description":"Blumiz, Cannabis specialist","publisher":{"@id":"https:\/\/blumiz.com\/fr\/#organization"},"alternateName":"Blumiz","potentialAction":[{"@type":"SearchAction","target":{"@type":"EntryPoint","urlTemplate":"https:\/\/blumiz.com\/fr\/?s={search_term_string}"},"query-input":{"@type":"PropertyValueSpecification","valueRequired":true,"valueName":"search_term_string"}}],"inLanguage":"fr-FR"},{"@type":"Organization","@id":"https:\/\/blumiz.com\/fr\/#organization","name":"Blumiz CBD","alternateName":"Blumiz","url":"https:\/\/blumiz.com\/fr\/","logo":{"@type":"ImageObject","inLanguage":"fr-FR","@id":"https:\/\/blumiz.com\/fr\/#\/schema\/logo\/image\/","url":"https:\/\/blumiz.com\/wp-content\/uploads\/2026\/02\/cropped-Blumiz-CBD-logo.webp","contentUrl":"https:\/\/blumiz.com\/wp-content\/uploads\/2026\/02\/cropped-Blumiz-CBD-logo.webp","width":2547,"height":778,"caption":"Blumiz CBD"},"image":{"@id":"https:\/\/blumiz.com\/fr\/#\/schema\/logo\/image\/"}}]},"product_price_amount":"32.50","product_price_currency":"EUR","og_availability":"instock","product_availability":"instock","product_retailer_item_id":"449796","product_condition":"new"},"_links":{"self":[{"href":"https:\/\/blumiz.com\/fr\/wp-json\/wp\/v2\/product\/11579","targetHints":{"allow":["GET"]}}],"collection":[{"href":"https:\/\/blumiz.com\/fr\/wp-json\/wp\/v2\/product"}],"about":[{"href":"https:\/\/blumiz.com\/fr\/wp-json\/wp\/v2\/types\/product"}],"replies":[{"embeddable":true,"href":"https:\/\/blumiz.com\/fr\/wp-json\/wp\/v2\/comments?post=11579"}],"version-history":[{"count":0,"href":"https:\/\/blumiz.com\/fr\/wp-json\/wp\/v2\/product\/11579\/revisions"}],"wp:featuredmedia":[{"embeddable":true,"href":"https:\/\/blumiz.com\/fr\/wp-json\/wp\/v2\/media\/6799"}],"wp:attachment":[{"href":"https:\/\/blumiz.com\/fr\/wp-json\/wp\/v2\/media?parent=11579"}],"wp:term":[{"taxonomy":"product_brand","embeddable":true,"href":"https:\/\/blumiz.com\/fr\/wp-json\/wp\/v2\/product_brand?post=11579"},{"taxonomy":"product_cat","embeddable":true,"href":"https:\/\/blumiz.com\/fr\/wp-json\/wp\/v2\/product_cat?post=11579"},{"taxonomy":"product_tag","embeddable":true,"href":"https:\/\/blumiz.com\/fr\/wp-json\/wp\/v2\/product_tag?post=11579"}],"curies":[{"name":"wp","href":"https:\/\/api.w.org\/{rel}","templated":true}]}}