{"id":11588,"date":"2022-09-09T12:42:24","date_gmt":"2022-09-09T11:42:24","guid":{"rendered":"https:\/\/blumiz.com\/produkt\/blueberry-og-barneys-farm-feminisee-3-graines-pack\/"},"modified":"2023-06-03T12:47:43","modified_gmt":"2023-06-03T11:47:43","slug":"blueberry-og-barneys-farm-feminisee-3-graines-pack","status":"publish","type":"product","link":"https:\/\/blumiz.com\/fr\/produit\/blueberry-og-barneys-farm-feminisee-3-graines-pack\/","title":{"rendered":"BLUEBERRY OG (BARNEY&#8217;S FARM) FEMINIS\u00c9E (3 graines\/pack)"},"content":{"rendered":"<h2>BARNEY&#8217;S FARM &#8211; BLUEBERRY OG : DEUX VARI\u00c9T\u00c9S DE CLASSE MONDIALE EN UNE !<\/h2>\n<p>Les amateurs de cannabis qui ne veulent que le meilleur du meilleur feraient mieux de se pr\u00e9parer et de trouver un endroit sympa pour cultiver ces nouvelles graines des gars de Barney&#8217;s Farm. Leur nouvelle Blueberry OG combine des g\u00e8nes de premi\u00e8re qualit\u00e9 pour cr\u00e9er une vari\u00e9t\u00e9 qui ne d\u00e9cevra certainement pas.<\/p>\n<p>D&#8217;un c\u00f4t\u00e9 de l&#8217;arbre g\u00e9n\u00e9alogique de Blueberry OG, nous avons la super tendance Blueberry, une vari\u00e9t\u00e9 \u00e0 dominante indica qui est appr\u00e9ci\u00e9e pour sa puissance purement indica et son go\u00fbt sucr\u00e9 de myrtille. L&#8217;autre partie de sa g\u00e9n\u00e9tique provient de la fameuse OG Kush, la vari\u00e9t\u00e9 qui constitue l&#8217;\u00e9pine dorsale g\u00e9n\u00e9tique des vari\u00e9t\u00e9s de cannabis de la c\u00f4te ouest des \u00c9tats-Unis et qui est appr\u00e9ci\u00e9e pour ses formidables effets euphorisants.<\/p>\n<p>Du point de vue d&#8217;un cultivateur, la Blueberry OG est d\u00e9j\u00e0 une splendeur lorsqu&#8217;elle est encore en pot. La vari\u00e9t\u00e9 pousse de mani\u00e8re stable et fiable et n&#8217;est pas non plus tr\u00e8s exigeante. L&#8217;Indica \u00e0 70% s&#8217;adapte \u00e0 tous les climats, qu&#8217;ils soient frais, chauds ou temp\u00e9r\u00e9s, de sorte que tu peux la cultiver partout, \u00e0 l&#8217;int\u00e9rieur comme \u00e0 l&#8217;ext\u00e9rieur. Elle poss\u00e8de \u00e9galement une bonne r\u00e9sistance naturelle aux moisissures, \u00e0 l&#8217;o\u00efdium et aux acariens, ce qui en fait un tr\u00e8s bon choix m\u00eame pour les cultivateurs moins exp\u00e9riment\u00e9s.<\/p>\n<p>Avec une hauteur moyenne de 100 cm, elle pousse de mani\u00e8re assez compacte, ce qui lui permet de s&#8217;adapter aux petits espaces. Ce qui lui manque en hauteur est compens\u00e9 par un grand nombre de branches lat\u00e9rales qui se rempliront en un rien de temps de buds consid\u00e9rables. Cultiv\u00e9e sous une tente de culture, tu peux t&#8217;attendre \u00e0 d&#8217;assez bons rendements de 750g\/m\u00b2. Si tu les cultives en plein air dans des conditions optimales, tu peux t&#8217;attendre \u00e0 r\u00e9colter jusqu&#8217;\u00e0 1000g\/plant. Avec une dur\u00e9e de floraison de seulement 55 jours, elle reste dans les limites du raisonnable et tu ne devras pas attendre trop longtemps avant la r\u00e9colte.<\/p>\n<p>Compte tenu de sa g\u00e9n\u00e9tique exceptionnelle, nous n&#8217;avons probablement m\u00eame pas besoin de mentionner que la consommation de Blueberry OG est une exp\u00e9rience vraiment fantastique. Son riche profil gustatif m\u00eale des notes d&#8217;agrumes douces \u00e0 quelques notes de kush et de musc. Elle combine ainsi parfaitement les ar\u00f4mes de Blueberry et d&#8217;OG. Mais ce qui est le plus remarquable, c&#8217;est son effet sensationnel. Ce fumoir g\u00e9nial fournit la puissante qualit\u00e9 Indica de deux vari\u00e9t\u00e9s puissantes pour te donner un Breitsein d\u00e9tendu. Mais gr\u00e2ce \u00e0 son c\u00f4t\u00e9 OG, elle laisse ensuite place \u00e0 un effet euphorique et psych\u00e9d\u00e9lique, ce qui en fait une vari\u00e9t\u00e9 fabuleuse pour toutes sortes d&#8217;occasions.<\/p>\n<p>Blueberry OG de Barney&#8217;s Farm est un hybride \u00e9poustouflant qui ne d\u00e9cevra pas gr\u00e2ce \u00e0 sa g\u00e9n\u00e9tique de premi\u00e8re qualit\u00e9. Pas de doute, elle trouvera probablement de nombreux amis parmi les amateurs de cannabis, qui peuvent d\u00e9sormais profiter d&#8217;un hybride leur apportant la splendeur de la Blueberry et de l&#8217;OG Kush sous la forme d&#8217;une vari\u00e9t\u00e9 tr\u00e8s gratifiante !<\/p>\n<table id=\"idTab2\" class=\"features-table\">\n<caption class=\"h3\">BLUEBERRY OG (BARNEY&#8217;S FARM) F\u00c9MINIS\u00c9E FICHE SIGNAL\u00c9TIQUE<\/caption>\n<tbody>\n<tr>\n<th>Marque<\/th>\n<td>La ferme de Barney<\/td>\n<\/tr>\n<tr>\n<th>G\u00e9n\u00e9tique<\/th>\n<td>\u00c0 dominante indica<\/td>\n<\/tr>\n<tr>\n<th>Parents<\/th>\n<td>Blueberry x OG Kush<\/td>\n<\/tr>\n<tr>\n<th>P\u00e9riode de floraison<\/th>\n<td>8-9 semaines<\/td>\n<\/tr>\n<tr>\n<th>THC<\/th>\n<td>Moyen<\/td>\n<\/tr>\n<tr>\n<th>CBD<\/th>\n<td>Haute<\/td>\n<\/tr>\n<tr>\n<th>Rendement de la culture int\u00e9rieure<\/th>\n<td>650-700 gr\/m<\/td>\n<\/tr>\n<tr>\n<th>Hauteur int\u00e9rieure<\/th>\n<td>100cm<\/td>\n<\/tr>\n<tr>\n<th>Disponible en tant que<\/th>\n<td>Graines f\u00e9minis\u00e9es<\/td>\n<\/tr>\n<tr>\n<th>Type de fleur<\/th>\n<td>Photop\u00e9riodique<\/td>\n<\/tr>\n<tr>\n<th>Genre<\/th>\n<td>F\u00e9minis\u00e9e<\/td>\n<\/tr>\n<\/tbody>\n<\/table>\n","protected":false},"excerpt":{"rendered":"<p>Barney&#8217;s Farm a pris deux des vari\u00e9t\u00e9s les plus importantes et en a fait un v\u00e9ritable plaisir pour les amateurs de cannabis. Sa Blueberry OG combine le go\u00fbt et la puissance indica de la Blueberry avec l&#8217;\u00e9pine dorsale psychoactive de la fameuse OG Kush. Cet hybride de haute qualit\u00e9 n&#8217;est pas seulement r\u00e9compens\u00e9 par un high formidable et un profil de go\u00fbt charmant : ses rendements sont \u00e9galement de premi\u00e8re classe.<\/p>\n","protected":false},"featured_media":6792,"comment_status":"open","ping_status":"closed","template":"","meta":{"site-sidebar-layout":"default","site-content-layout":"default","ast-site-content-layout":"default","site-content-style":"default","site-sidebar-style":"default","ast-global-header-display":"","ast-banner-title-visibility":"","ast-main-header-display":"","ast-hfb-above-header-display":"","ast-hfb-below-header-display":"","ast-hfb-mobile-header-display":"","site-post-title":"","ast-breadcrumbs-content":"","ast-featured-img":"","footer-sml-layout":"","ast-disable-related-posts":"","theme-transparent-header-meta":"default","adv-header-id-meta":"","stick-header-meta":"default","header-above-stick-meta":"","header-main-stick-meta":"","header-below-stick-meta":"","astra-migrate-meta-layouts":"default","ast-page-background-enabled":"default","ast-page-background-meta":{"desktop":{"background-color":"","background-image":"","background-repeat":"repeat","background-position":"center center","background-size":"auto","background-attachment":"scroll","background-type":"","background-media":"","overlay-type":"","overlay-color":"","overlay-opacity":"","overlay-gradient":""},"tablet":{"background-color":"","background-image":"","background-repeat":"repeat","background-position":"center center","background-size":"auto","background-attachment":"scroll","background-type":"","background-media":"","overlay-type":"","overlay-color":"","overlay-opacity":"","overlay-gradient":""},"mobile":{"background-color":"","background-image":"","background-repeat":"repeat","background-position":"center center","background-size":"auto","background-attachment":"scroll","background-type":"","background-media":"","overlay-type":"","overlay-color":"","overlay-opacity":"","overlay-gradient":""}},"ast-content-background-meta":{"desktop":{"background-color":"var(--ast-global-color-5)","background-image":"","background-repeat":"repeat","background-position":"center center","background-size":"auto","background-attachment":"scroll","background-type":"","background-media":"","overlay-type":"","overlay-color":"","overlay-opacity":"","overlay-gradient":""},"tablet":{"background-color":"var(--ast-global-color-5)","background-image":"","background-repeat":"repeat","background-position":"center center","background-size":"auto","background-attachment":"scroll","background-type":"","background-media":"","overlay-type":"","overlay-color":"","overlay-opacity":"","overlay-gradient":""},"mobile":{"background-color":"var(--ast-global-color-5)","background-image":"","background-repeat":"repeat","background-position":"center center","background-size":"auto","background-attachment":"scroll","background-type":"","background-media":"","overlay-type":"","overlay-color":"","overlay-opacity":"","overlay-gradient":""}}},"product_brand":[],"product_cat":[178],"product_tag":[],"class_list":{"0":"post-11588","1":"product","2":"type-product","3":"status-publish","4":"has-post-thumbnail","6":"product_cat-graines-cannabis-seedshop","7":"desktop-align-left","8":"tablet-align-center","9":"mobile-align-left","10":"ast-product-gallery-layout-vertical","11":"ast-product-gallery-with-no-image","12":"ast-magnify-disabled","13":"ast-product-tabs-layout-horizontal","15":"first","16":"instock","17":"taxable","18":"shipping-taxable","19":"purchasable","20":"product-type-simple"},"yoast_head":"<!-- This site is optimized with the Yoast SEO Premium plugin v27.2 (Yoast SEO v27.4) - https:\/\/yoast.com\/product\/yoast-seo-premium-wordpress\/ -->\n<title>BLUEBERRY OG (BARNEY&#039;S FARM) FEMINIS\u00c9E (3 graines\/pack) - Blumiz - Premium CBD<\/title>\n<meta name=\"description\" content=\"BLUEBERRY OG (BARNEY&#039;S FARM) FEMINIS\u00c9E (3 graines\/pack) - Blumiz - Premium CBD\" \/>\n<meta name=\"robots\" content=\"index, follow, max-snippet:-1, max-image-preview:large, max-video-preview:-1\" \/>\n<link rel=\"canonical\" href=\"https:\/\/blumiz.com\/fr\/produit\/blueberry-og-barneys-farm-feminisee-3-graines-pack\/\" \/>\n<meta property=\"og:locale\" content=\"fr_FR\" \/>\n<meta property=\"og:type\" content=\"article\" \/>\n<meta property=\"og:title\" content=\"BLUEBERRY OG (BARNEY&#039;S FARM) FEMINIS\u00c9E (3 graines\/pack)\" \/>\n<meta property=\"og:description\" content=\"BLUEBERRY OG (BARNEY&#039;S FARM) FEMINIS\u00c9E (3 graines\/pack) Blumiz - Premium CBD\" \/>\n<meta property=\"og:url\" content=\"https:\/\/blumiz.com\/fr\/produit\/blueberry-og-barneys-farm-feminisee-3-graines-pack\/\" \/>\n<meta property=\"og:site_name\" content=\"Blumiz - Premium CBD\" \/>\n<meta property=\"article:modified_time\" content=\"2023-06-03T11:47:43+00:00\" \/>\n<meta property=\"og:image\" content=\"https:\/\/blumiz.com\/wp-content\/uploads\/2022\/09\/Barneys-Farm-Blueberry-OG-3-seeds-pack.webp\" \/>\n\t<meta property=\"og:image:width\" content=\"600\" \/>\n\t<meta property=\"og:image:height\" content=\"600\" \/>\n\t<meta property=\"og:image:type\" content=\"image\/webp\" \/>\n<meta name=\"twitter:card\" content=\"summary_large_image\" \/>\n<meta name=\"twitter:label1\" content=\"Prix\" \/>\n\t<meta name=\"twitter:data1\" content=\"25,90&nbsp;&euro;\" \/>\n\t<meta name=\"twitter:label2\" content=\"Disponibilit\u00e9\" \/>\n\t<meta name=\"twitter:data2\" content=\"En stock\" \/>\n<script type=\"application\/ld+json\" class=\"yoast-schema-graph\">{\"@context\":\"https:\\\/\\\/schema.org\",\"@graph\":[{\"@type\":\"WebPage\",\"@id\":\"https:\\\/\\\/blumiz.com\\\/fr\\\/produit\\\/blueberry-og-barneys-farm-feminisee-3-graines-pack\\\/\",\"url\":\"https:\\\/\\\/blumiz.com\\\/fr\\\/produit\\\/blueberry-og-barneys-farm-feminisee-3-graines-pack\\\/\",\"name\":\"BLUEBERRY OG (BARNEY'S FARM) FEMINIS\u00c9E (3 graines\\\/pack) - Blumiz - Premium CBD\",\"isPartOf\":{\"@id\":\"https:\\\/\\\/blumiz.com\\\/fr\\\/#website\"},\"primaryImageOfPage\":{\"@id\":\"https:\\\/\\\/blumiz.com\\\/fr\\\/produit\\\/blueberry-og-barneys-farm-feminisee-3-graines-pack\\\/#primaryimage\"},\"image\":{\"@id\":\"https:\\\/\\\/blumiz.com\\\/fr\\\/produit\\\/blueberry-og-barneys-farm-feminisee-3-graines-pack\\\/#primaryimage\"},\"thumbnailUrl\":\"https:\\\/\\\/blumiz.com\\\/wp-content\\\/uploads\\\/2022\\\/09\\\/Barneys-Farm-Blueberry-OG-3-seeds-pack.webp\",\"datePublished\":\"2022-09-09T11:42:24+00:00\",\"dateModified\":\"2023-06-03T11:47:43+00:00\",\"description\":\"BLUEBERRY OG (BARNEY'S FARM) FEMINIS\u00c9E (3 graines\\\/pack) - Blumiz - Premium CBD\",\"breadcrumb\":{\"@id\":\"https:\\\/\\\/blumiz.com\\\/fr\\\/produit\\\/blueberry-og-barneys-farm-feminisee-3-graines-pack\\\/#breadcrumb\"},\"inLanguage\":\"fr-FR\",\"potentialAction\":[{\"@type\":\"ReadAction\",\"target\":[\"https:\\\/\\\/blumiz.com\\\/fr\\\/produit\\\/blueberry-og-barneys-farm-feminisee-3-graines-pack\\\/\"]}]},{\"@type\":\"ImageObject\",\"inLanguage\":\"fr-FR\",\"@id\":\"https:\\\/\\\/blumiz.com\\\/fr\\\/produit\\\/blueberry-og-barneys-farm-feminisee-3-graines-pack\\\/#primaryimage\",\"url\":\"https:\\\/\\\/blumiz.com\\\/wp-content\\\/uploads\\\/2022\\\/09\\\/Barneys-Farm-Blueberry-OG-3-seeds-pack.webp\",\"contentUrl\":\"https:\\\/\\\/blumiz.com\\\/wp-content\\\/uploads\\\/2022\\\/09\\\/Barneys-Farm-Blueberry-OG-3-seeds-pack.webp\",\"width\":600,\"height\":600},{\"@type\":\"BreadcrumbList\",\"@id\":\"https:\\\/\\\/blumiz.com\\\/fr\\\/produit\\\/blueberry-og-barneys-farm-feminisee-3-graines-pack\\\/#breadcrumb\",\"itemListElement\":[{\"@type\":\"ListItem\",\"position\":1,\"name\":\"Blumiz\",\"item\":\"https:\\\/\\\/blumiz.com\\\/fr\\\/\"},{\"@type\":\"ListItem\",\"position\":2,\"name\":\"CBD Shop\",\"item\":\"https:\\\/\\\/blumiz.com\\\/fr\\\/acheter-cbd-shop\\\/\"},{\"@type\":\"ListItem\",\"position\":3,\"name\":\"BLUEBERRY OG (BARNEY&#8217;S FARM) FEMINIS\u00c9E (3 graines\\\/pack)\"}]},{\"@type\":\"WebSite\",\"@id\":\"https:\\\/\\\/blumiz.com\\\/fr\\\/#website\",\"url\":\"https:\\\/\\\/blumiz.com\\\/fr\\\/\",\"name\":\"Blumiz - Premium CBD\",\"description\":\"Blumiz, Cannabis specialist\",\"publisher\":{\"@id\":\"https:\\\/\\\/blumiz.com\\\/fr\\\/#organization\"},\"alternateName\":\"Blumiz\",\"potentialAction\":[{\"@type\":\"SearchAction\",\"target\":{\"@type\":\"EntryPoint\",\"urlTemplate\":\"https:\\\/\\\/blumiz.com\\\/fr\\\/?s={search_term_string}\"},\"query-input\":{\"@type\":\"PropertyValueSpecification\",\"valueRequired\":true,\"valueName\":\"search_term_string\"}}],\"inLanguage\":\"fr-FR\"},{\"@type\":\"Organization\",\"@id\":\"https:\\\/\\\/blumiz.com\\\/fr\\\/#organization\",\"name\":\"Blumiz CBD\",\"alternateName\":\"Blumiz\",\"url\":\"https:\\\/\\\/blumiz.com\\\/fr\\\/\",\"logo\":{\"@type\":\"ImageObject\",\"inLanguage\":\"fr-FR\",\"@id\":\"https:\\\/\\\/blumiz.com\\\/fr\\\/#\\\/schema\\\/logo\\\/image\\\/\",\"url\":\"https:\\\/\\\/blumiz.com\\\/wp-content\\\/uploads\\\/2026\\\/02\\\/cropped-Blumiz-CBD-logo.webp\",\"contentUrl\":\"https:\\\/\\\/blumiz.com\\\/wp-content\\\/uploads\\\/2026\\\/02\\\/cropped-Blumiz-CBD-logo.webp\",\"width\":2547,\"height\":778,\"caption\":\"Blumiz CBD\"},\"image\":{\"@id\":\"https:\\\/\\\/blumiz.com\\\/fr\\\/#\\\/schema\\\/logo\\\/image\\\/\"}}]}<\/script>\n<meta property=\"product:price:amount\" content=\"25.90\" \/>\n<meta property=\"product:price:currency\" content=\"EUR\" \/>\n<meta property=\"og:availability\" content=\"instock\" \/>\n<meta property=\"product:availability\" content=\"instock\" \/>\n<meta property=\"product:retailer_item_id\" content=\"53222\" \/>\n<meta property=\"product:condition\" content=\"new\" \/>\n<!-- \/ Yoast SEO Premium plugin. -->","yoast_head_json":{"title":"BLUEBERRY OG (BARNEY'S FARM) FEMINIS\u00c9E (3 graines\/pack) - Blumiz - Premium CBD","description":"BLUEBERRY OG (BARNEY'S FARM) FEMINIS\u00c9E (3 graines\/pack) - Blumiz - Premium CBD","robots":{"index":"index","follow":"follow","max-snippet":"max-snippet:-1","max-image-preview":"max-image-preview:large","max-video-preview":"max-video-preview:-1"},"canonical":"https:\/\/blumiz.com\/fr\/produit\/blueberry-og-barneys-farm-feminisee-3-graines-pack\/","og_locale":"fr_FR","og_type":"article","og_title":"BLUEBERRY OG (BARNEY'S FARM) FEMINIS\u00c9E (3 graines\/pack)","og_description":"BLUEBERRY OG (BARNEY'S FARM) FEMINIS\u00c9E (3 graines\/pack) Blumiz - Premium CBD","og_url":"https:\/\/blumiz.com\/fr\/produit\/blueberry-og-barneys-farm-feminisee-3-graines-pack\/","og_site_name":"Blumiz - Premium CBD","article_modified_time":"2023-06-03T11:47:43+00:00","og_image":[{"width":600,"height":600,"url":"https:\/\/blumiz.com\/wp-content\/uploads\/2022\/09\/Barneys-Farm-Blueberry-OG-3-seeds-pack.webp","type":"image\/webp"}],"twitter_card":"summary_large_image","twitter_misc":{"Prix":"25,90&nbsp;&euro;","Disponibilit\u00e9":"En stock"},"schema":{"@context":"https:\/\/schema.org","@graph":[{"@type":"WebPage","@id":"https:\/\/blumiz.com\/fr\/produit\/blueberry-og-barneys-farm-feminisee-3-graines-pack\/","url":"https:\/\/blumiz.com\/fr\/produit\/blueberry-og-barneys-farm-feminisee-3-graines-pack\/","name":"BLUEBERRY OG (BARNEY'S FARM) FEMINIS\u00c9E (3 graines\/pack) - Blumiz - Premium CBD","isPartOf":{"@id":"https:\/\/blumiz.com\/fr\/#website"},"primaryImageOfPage":{"@id":"https:\/\/blumiz.com\/fr\/produit\/blueberry-og-barneys-farm-feminisee-3-graines-pack\/#primaryimage"},"image":{"@id":"https:\/\/blumiz.com\/fr\/produit\/blueberry-og-barneys-farm-feminisee-3-graines-pack\/#primaryimage"},"thumbnailUrl":"https:\/\/blumiz.com\/wp-content\/uploads\/2022\/09\/Barneys-Farm-Blueberry-OG-3-seeds-pack.webp","datePublished":"2022-09-09T11:42:24+00:00","dateModified":"2023-06-03T11:47:43+00:00","description":"BLUEBERRY OG (BARNEY'S FARM) FEMINIS\u00c9E (3 graines\/pack) - Blumiz - Premium CBD","breadcrumb":{"@id":"https:\/\/blumiz.com\/fr\/produit\/blueberry-og-barneys-farm-feminisee-3-graines-pack\/#breadcrumb"},"inLanguage":"fr-FR","potentialAction":[{"@type":"ReadAction","target":["https:\/\/blumiz.com\/fr\/produit\/blueberry-og-barneys-farm-feminisee-3-graines-pack\/"]}]},{"@type":"ImageObject","inLanguage":"fr-FR","@id":"https:\/\/blumiz.com\/fr\/produit\/blueberry-og-barneys-farm-feminisee-3-graines-pack\/#primaryimage","url":"https:\/\/blumiz.com\/wp-content\/uploads\/2022\/09\/Barneys-Farm-Blueberry-OG-3-seeds-pack.webp","contentUrl":"https:\/\/blumiz.com\/wp-content\/uploads\/2022\/09\/Barneys-Farm-Blueberry-OG-3-seeds-pack.webp","width":600,"height":600},{"@type":"BreadcrumbList","@id":"https:\/\/blumiz.com\/fr\/produit\/blueberry-og-barneys-farm-feminisee-3-graines-pack\/#breadcrumb","itemListElement":[{"@type":"ListItem","position":1,"name":"Blumiz","item":"https:\/\/blumiz.com\/fr\/"},{"@type":"ListItem","position":2,"name":"CBD Shop","item":"https:\/\/blumiz.com\/fr\/acheter-cbd-shop\/"},{"@type":"ListItem","position":3,"name":"BLUEBERRY OG (BARNEY&#8217;S FARM) FEMINIS\u00c9E (3 graines\/pack)"}]},{"@type":"WebSite","@id":"https:\/\/blumiz.com\/fr\/#website","url":"https:\/\/blumiz.com\/fr\/","name":"Blumiz - Premium CBD","description":"Blumiz, Cannabis specialist","publisher":{"@id":"https:\/\/blumiz.com\/fr\/#organization"},"alternateName":"Blumiz","potentialAction":[{"@type":"SearchAction","target":{"@type":"EntryPoint","urlTemplate":"https:\/\/blumiz.com\/fr\/?s={search_term_string}"},"query-input":{"@type":"PropertyValueSpecification","valueRequired":true,"valueName":"search_term_string"}}],"inLanguage":"fr-FR"},{"@type":"Organization","@id":"https:\/\/blumiz.com\/fr\/#organization","name":"Blumiz CBD","alternateName":"Blumiz","url":"https:\/\/blumiz.com\/fr\/","logo":{"@type":"ImageObject","inLanguage":"fr-FR","@id":"https:\/\/blumiz.com\/fr\/#\/schema\/logo\/image\/","url":"https:\/\/blumiz.com\/wp-content\/uploads\/2026\/02\/cropped-Blumiz-CBD-logo.webp","contentUrl":"https:\/\/blumiz.com\/wp-content\/uploads\/2026\/02\/cropped-Blumiz-CBD-logo.webp","width":2547,"height":778,"caption":"Blumiz CBD"},"image":{"@id":"https:\/\/blumiz.com\/fr\/#\/schema\/logo\/image\/"}}]},"product_price_amount":"25.90","product_price_currency":"EUR","og_availability":"instock","product_availability":"instock","product_retailer_item_id":"53222","product_condition":"new"},"_links":{"self":[{"href":"https:\/\/blumiz.com\/fr\/wp-json\/wp\/v2\/product\/11588","targetHints":{"allow":["GET"]}}],"collection":[{"href":"https:\/\/blumiz.com\/fr\/wp-json\/wp\/v2\/product"}],"about":[{"href":"https:\/\/blumiz.com\/fr\/wp-json\/wp\/v2\/types\/product"}],"replies":[{"embeddable":true,"href":"https:\/\/blumiz.com\/fr\/wp-json\/wp\/v2\/comments?post=11588"}],"version-history":[{"count":0,"href":"https:\/\/blumiz.com\/fr\/wp-json\/wp\/v2\/product\/11588\/revisions"}],"wp:featuredmedia":[{"embeddable":true,"href":"https:\/\/blumiz.com\/fr\/wp-json\/wp\/v2\/media\/6792"}],"wp:attachment":[{"href":"https:\/\/blumiz.com\/fr\/wp-json\/wp\/v2\/media?parent=11588"}],"wp:term":[{"taxonomy":"product_brand","embeddable":true,"href":"https:\/\/blumiz.com\/fr\/wp-json\/wp\/v2\/product_brand?post=11588"},{"taxonomy":"product_cat","embeddable":true,"href":"https:\/\/blumiz.com\/fr\/wp-json\/wp\/v2\/product_cat?post=11588"},{"taxonomy":"product_tag","embeddable":true,"href":"https:\/\/blumiz.com\/fr\/wp-json\/wp\/v2\/product_tag?post=11588"}],"curies":[{"name":"wp","href":"https:\/\/api.w.org\/{rel}","templated":true}]}}