{"id":11590,"date":"2022-09-09T12:54:54","date_gmt":"2022-09-09T11:54:54","guid":{"rendered":"https:\/\/blumiz.com\/produkt\/royal-dwarf-auto-royal-queen-seeds-feminisee-3-graines-pack\/"},"modified":"2023-06-03T12:47:43","modified_gmt":"2023-06-03T11:47:43","slug":"royal-dwarf-auto-royal-queen-seeds-feminisee-3-graines-pack","status":"publish","type":"product","link":"https:\/\/blumiz.com\/fr\/produit\/royal-dwarf-auto-royal-queen-seeds-feminisee-3-graines-pack\/","title":{"rendered":"ROYAL DWARF AUTO (ROYAL QUEEN SEEDS) FEMINIS\u00c9E (3 graines\/pack)"},"content":{"rendered":"<h2>ROYAL QUEEN SEEDS &#8211; ROYAL DWARF : PLANTE DE CANNABIS BONSA\u00cf \u00c0 TR\u00c8S HAUT RENDEMENT<\/h2>\n<p>En raison de son apparence et de ses branches caract\u00e9ristiques, elle est \u00e9galement appel\u00e9e cannabis bonsa\u00ef. Sa croissance petite et compacte en fait le meilleur choix pour la culture en int\u00e9rieur dans des espaces limit\u00e9s. Les g\u00e8nes de Ruderalis contribuent \u00e0 ses caract\u00e9ristiques de culture auto-florissante exceptionnelles.<\/p>\n<p>Cette plante de cannabis pousse rapidement et est pr\u00eate pour la r\u00e9colte en 9 semaines. Royal Dwarf atteint une hauteur moyenne de 40 \u00e0 60 cm. En raison de ses g\u00e8nes, c&#8217;est une plante compacte avec des bourgeons tr\u00e8s r\u00e9sineux et un ar\u00f4me tr\u00e8s intense. Avec un traitement ad\u00e9quat, chaque plante obtient jusqu&#8217;\u00e0 60g.<\/p>\n<p>Les fumeurs de Skunk old school appr\u00e9cient son effet. Elle provoque une ivresse douce et conviviale et un engourdissement relaxant. Petite et facile \u00e0 entretenir, cette vari\u00e9t\u00e9 est parfaite pour tout cultivateur qui souhaite s&#8217;essayer \u00e0 une vari\u00e9t\u00e9 autoflorissante, c&#8217;est-\u00e0-dire \u00e0 floraison automatique, d\u00e9sormais classique.<\/p>\n<table id=\"idTab2\" class=\"features-table\">\n<caption class=\"h3\">ROYAL DWARF (ROYAL QUEEN SEEDS) F\u00c9MINIS\u00c9E FICHE SIGNAL\u00c9TIQUE<\/caption>\n<tbody>\n<tr>\n<th>Marque<\/th>\n<td>Royal Queen Seeds<\/td>\n<\/tr>\n<tr>\n<th>G\u00e9n\u00e9tique<\/th>\n<td>Ruderalis\/Indica\/Sativa<\/td>\n<\/tr>\n<tr>\n<th>Parents<\/th>\n<td>Skunk x Ruderalis<\/td>\n<\/tr>\n<tr>\n<th>P\u00e9riode de floraison<\/th>\n<td>9-10 semaines de la semence \u00e0 la r\u00e9colte<\/td>\n<\/tr>\n<tr>\n<th>THC<\/th>\n<td>15%<\/td>\n<\/tr>\n<tr>\n<th>CBD<\/th>\n<td>Faible<\/td>\n<\/tr>\n<tr>\n<th>Rendement de la culture int\u00e9rieure<\/th>\n<td>150-200 gr\/m<\/td>\n<\/tr>\n<tr>\n<th>Rendement de la culture ext\u00e9rieure<\/th>\n<td>50-100 gr\/plant<\/td>\n<\/tr>\n<tr>\n<th>Hauteur int\u00e9rieure<\/th>\n<td>60cm<\/td>\n<\/tr>\n<tr>\n<th>Hauteur ext\u00e9rieure<\/th>\n<td>80cm<\/td>\n<\/tr>\n<tr>\n<th>Disponible en tant que<\/th>\n<td>Graines f\u00e9minis\u00e9es<\/td>\n<\/tr>\n<tr>\n<th>Type de fleur<\/th>\n<td>Auto-florissante<\/td>\n<\/tr>\n<tr>\n<th>Genre<\/th>\n<td>F\u00e9minis\u00e9e<\/td>\n<\/tr>\n<\/tbody>\n<\/table>\n","protected":false},"excerpt":{"rendered":"<p>Royal Dwarf de Royal Queen Seeds est une combinaison hybride de Easy Bud et de Skunk. Cette plante de cannabis f\u00e9minis\u00e9e est compos\u00e9e de 10% de g\u00e8nes Sativa, 60% de g\u00e8nes Indica et 30% de g\u00e8nes Ruderalis. Ce chef-d&#8217;\u0153uvre de la g\u00e9n\u00e9tique est un m\u00e9lange de la meilleure vari\u00e9t\u00e9 auto-florissante (ou auto-florissante) et d&#8217;une \u00e9tonnante Skunk femelle.<\/p>\n","protected":false},"featured_media":6804,"comment_status":"open","ping_status":"closed","template":"","meta":{"site-sidebar-layout":"default","site-content-layout":"default","ast-site-content-layout":"default","site-content-style":"default","site-sidebar-style":"default","ast-global-header-display":"","ast-banner-title-visibility":"","ast-main-header-display":"","ast-hfb-above-header-display":"","ast-hfb-below-header-display":"","ast-hfb-mobile-header-display":"","site-post-title":"","ast-breadcrumbs-content":"","ast-featured-img":"","footer-sml-layout":"","ast-disable-related-posts":"","theme-transparent-header-meta":"default","adv-header-id-meta":"","stick-header-meta":"default","header-above-stick-meta":"","header-main-stick-meta":"","header-below-stick-meta":"","astra-migrate-meta-layouts":"default","ast-page-background-enabled":"default","ast-page-background-meta":{"desktop":{"background-color":"","background-image":"","background-repeat":"repeat","background-position":"center center","background-size":"auto","background-attachment":"scroll","background-type":"","background-media":"","overlay-type":"","overlay-color":"","overlay-opacity":"","overlay-gradient":""},"tablet":{"background-color":"","background-image":"","background-repeat":"repeat","background-position":"center center","background-size":"auto","background-attachment":"scroll","background-type":"","background-media":"","overlay-type":"","overlay-color":"","overlay-opacity":"","overlay-gradient":""},"mobile":{"background-color":"","background-image":"","background-repeat":"repeat","background-position":"center center","background-size":"auto","background-attachment":"scroll","background-type":"","background-media":"","overlay-type":"","overlay-color":"","overlay-opacity":"","overlay-gradient":""}},"ast-content-background-meta":{"desktop":{"background-color":"var(--ast-global-color-5)","background-image":"","background-repeat":"repeat","background-position":"center center","background-size":"auto","background-attachment":"scroll","background-type":"","background-media":"","overlay-type":"","overlay-color":"","overlay-opacity":"","overlay-gradient":""},"tablet":{"background-color":"var(--ast-global-color-5)","background-image":"","background-repeat":"repeat","background-position":"center center","background-size":"auto","background-attachment":"scroll","background-type":"","background-media":"","overlay-type":"","overlay-color":"","overlay-opacity":"","overlay-gradient":""},"mobile":{"background-color":"var(--ast-global-color-5)","background-image":"","background-repeat":"repeat","background-position":"center center","background-size":"auto","background-attachment":"scroll","background-type":"","background-media":"","overlay-type":"","overlay-color":"","overlay-opacity":"","overlay-gradient":""}}},"product_brand":[],"product_cat":[178],"product_tag":[],"class_list":{"0":"post-11590","1":"product","2":"type-product","3":"status-publish","4":"has-post-thumbnail","6":"product_cat-graines-cannabis-seedshop","7":"desktop-align-left","8":"tablet-align-center","9":"mobile-align-left","10":"ast-product-gallery-layout-vertical","11":"ast-product-gallery-with-no-image","12":"ast-magnify-disabled","13":"ast-product-tabs-layout-horizontal","15":"first","16":"instock","17":"taxable","18":"shipping-taxable","19":"purchasable","20":"product-type-simple"},"yoast_head":"<!-- This site is optimized with the Yoast SEO Premium plugin v27.2 (Yoast SEO v27.4) - https:\/\/yoast.com\/product\/yoast-seo-premium-wordpress\/ -->\n<title>ROYAL DWARF AUTO (ROYAL QUEEN SEEDS) FEMINIS\u00c9E (3 graines\/pack) - Blumiz - Premium CBD<\/title>\n<meta name=\"description\" content=\"ROYAL DWARF AUTO (ROYAL QUEEN SEEDS) FEMINIS\u00c9E (3 graines\/pack) - Blumiz - Premium CBD\" \/>\n<meta name=\"robots\" content=\"index, follow, max-snippet:-1, max-image-preview:large, max-video-preview:-1\" \/>\n<link rel=\"canonical\" href=\"https:\/\/blumiz.com\/fr\/produit\/royal-dwarf-auto-royal-queen-seeds-feminisee-3-graines-pack\/\" \/>\n<meta property=\"og:locale\" content=\"fr_FR\" \/>\n<meta property=\"og:type\" content=\"article\" \/>\n<meta property=\"og:title\" content=\"ROYAL DWARF AUTO (ROYAL QUEEN SEEDS) FEMINIS\u00c9E (3 graines\/pack)\" \/>\n<meta property=\"og:description\" content=\"ROYAL DWARF AUTO (ROYAL QUEEN SEEDS) FEMINIS\u00c9E (3 graines\/pack) Blumiz - Premium CBD\" \/>\n<meta property=\"og:url\" content=\"https:\/\/blumiz.com\/fr\/produit\/royal-dwarf-auto-royal-queen-seeds-feminisee-3-graines-pack\/\" \/>\n<meta property=\"og:site_name\" content=\"Blumiz - Premium CBD\" \/>\n<meta property=\"article:modified_time\" content=\"2023-06-03T11:47:43+00:00\" \/>\n<meta property=\"og:image\" content=\"https:\/\/blumiz.com\/wp-content\/uploads\/2022\/09\/Royal-Queen-Seeds-Royal-Dwarf-autoflowering-cannabis-seeds-3-seeds-pack.webp\" \/>\n\t<meta property=\"og:image:width\" content=\"600\" \/>\n\t<meta property=\"og:image:height\" content=\"600\" \/>\n\t<meta property=\"og:image:type\" content=\"image\/webp\" \/>\n<meta name=\"twitter:card\" content=\"summary_large_image\" \/>\n<meta name=\"twitter:label1\" content=\"Prix\" \/>\n\t<meta name=\"twitter:data1\" content=\"15,00&nbsp;&euro;\" \/>\n\t<meta name=\"twitter:label2\" content=\"Disponibilit\u00e9\" \/>\n\t<meta name=\"twitter:data2\" content=\"En stock\" \/>\n<script type=\"application\/ld+json\" class=\"yoast-schema-graph\">{\"@context\":\"https:\\\/\\\/schema.org\",\"@graph\":[{\"@type\":\"WebPage\",\"@id\":\"https:\\\/\\\/blumiz.com\\\/fr\\\/produit\\\/royal-dwarf-auto-royal-queen-seeds-feminisee-3-graines-pack\\\/\",\"url\":\"https:\\\/\\\/blumiz.com\\\/fr\\\/produit\\\/royal-dwarf-auto-royal-queen-seeds-feminisee-3-graines-pack\\\/\",\"name\":\"ROYAL DWARF AUTO (ROYAL QUEEN SEEDS) FEMINIS\u00c9E (3 graines\\\/pack) - Blumiz - Premium CBD\",\"isPartOf\":{\"@id\":\"https:\\\/\\\/blumiz.com\\\/fr\\\/#website\"},\"primaryImageOfPage\":{\"@id\":\"https:\\\/\\\/blumiz.com\\\/fr\\\/produit\\\/royal-dwarf-auto-royal-queen-seeds-feminisee-3-graines-pack\\\/#primaryimage\"},\"image\":{\"@id\":\"https:\\\/\\\/blumiz.com\\\/fr\\\/produit\\\/royal-dwarf-auto-royal-queen-seeds-feminisee-3-graines-pack\\\/#primaryimage\"},\"thumbnailUrl\":\"https:\\\/\\\/blumiz.com\\\/wp-content\\\/uploads\\\/2022\\\/09\\\/Royal-Queen-Seeds-Royal-Dwarf-autoflowering-cannabis-seeds-3-seeds-pack.webp\",\"datePublished\":\"2022-09-09T11:54:54+00:00\",\"dateModified\":\"2023-06-03T11:47:43+00:00\",\"description\":\"ROYAL DWARF AUTO (ROYAL QUEEN SEEDS) FEMINIS\u00c9E (3 graines\\\/pack) - Blumiz - Premium CBD\",\"breadcrumb\":{\"@id\":\"https:\\\/\\\/blumiz.com\\\/fr\\\/produit\\\/royal-dwarf-auto-royal-queen-seeds-feminisee-3-graines-pack\\\/#breadcrumb\"},\"inLanguage\":\"fr-FR\",\"potentialAction\":[{\"@type\":\"ReadAction\",\"target\":[\"https:\\\/\\\/blumiz.com\\\/fr\\\/produit\\\/royal-dwarf-auto-royal-queen-seeds-feminisee-3-graines-pack\\\/\"]}]},{\"@type\":\"ImageObject\",\"inLanguage\":\"fr-FR\",\"@id\":\"https:\\\/\\\/blumiz.com\\\/fr\\\/produit\\\/royal-dwarf-auto-royal-queen-seeds-feminisee-3-graines-pack\\\/#primaryimage\",\"url\":\"https:\\\/\\\/blumiz.com\\\/wp-content\\\/uploads\\\/2022\\\/09\\\/Royal-Queen-Seeds-Royal-Dwarf-autoflowering-cannabis-seeds-3-seeds-pack.webp\",\"contentUrl\":\"https:\\\/\\\/blumiz.com\\\/wp-content\\\/uploads\\\/2022\\\/09\\\/Royal-Queen-Seeds-Royal-Dwarf-autoflowering-cannabis-seeds-3-seeds-pack.webp\",\"width\":600,\"height\":600},{\"@type\":\"BreadcrumbList\",\"@id\":\"https:\\\/\\\/blumiz.com\\\/fr\\\/produit\\\/royal-dwarf-auto-royal-queen-seeds-feminisee-3-graines-pack\\\/#breadcrumb\",\"itemListElement\":[{\"@type\":\"ListItem\",\"position\":1,\"name\":\"Blumiz\",\"item\":\"https:\\\/\\\/blumiz.com\\\/fr\\\/\"},{\"@type\":\"ListItem\",\"position\":2,\"name\":\"CBD Shop\",\"item\":\"https:\\\/\\\/blumiz.com\\\/fr\\\/acheter-cbd-shop\\\/\"},{\"@type\":\"ListItem\",\"position\":3,\"name\":\"ROYAL DWARF AUTO (ROYAL QUEEN SEEDS) FEMINIS\u00c9E (3 graines\\\/pack)\"}]},{\"@type\":\"WebSite\",\"@id\":\"https:\\\/\\\/blumiz.com\\\/fr\\\/#website\",\"url\":\"https:\\\/\\\/blumiz.com\\\/fr\\\/\",\"name\":\"Blumiz - Premium CBD\",\"description\":\"Blumiz, Cannabis specialist\",\"publisher\":{\"@id\":\"https:\\\/\\\/blumiz.com\\\/fr\\\/#organization\"},\"alternateName\":\"Blumiz\",\"potentialAction\":[{\"@type\":\"SearchAction\",\"target\":{\"@type\":\"EntryPoint\",\"urlTemplate\":\"https:\\\/\\\/blumiz.com\\\/fr\\\/?s={search_term_string}\"},\"query-input\":{\"@type\":\"PropertyValueSpecification\",\"valueRequired\":true,\"valueName\":\"search_term_string\"}}],\"inLanguage\":\"fr-FR\"},{\"@type\":\"Organization\",\"@id\":\"https:\\\/\\\/blumiz.com\\\/fr\\\/#organization\",\"name\":\"Blumiz CBD\",\"alternateName\":\"Blumiz\",\"url\":\"https:\\\/\\\/blumiz.com\\\/fr\\\/\",\"logo\":{\"@type\":\"ImageObject\",\"inLanguage\":\"fr-FR\",\"@id\":\"https:\\\/\\\/blumiz.com\\\/fr\\\/#\\\/schema\\\/logo\\\/image\\\/\",\"url\":\"https:\\\/\\\/blumiz.com\\\/wp-content\\\/uploads\\\/2026\\\/02\\\/cropped-Blumiz-CBD-logo.webp\",\"contentUrl\":\"https:\\\/\\\/blumiz.com\\\/wp-content\\\/uploads\\\/2026\\\/02\\\/cropped-Blumiz-CBD-logo.webp\",\"width\":2547,\"height\":778,\"caption\":\"Blumiz CBD\"},\"image\":{\"@id\":\"https:\\\/\\\/blumiz.com\\\/fr\\\/#\\\/schema\\\/logo\\\/image\\\/\"}}]}<\/script>\n<meta property=\"product:price:amount\" content=\"15.00\" \/>\n<meta property=\"product:price:currency\" content=\"EUR\" \/>\n<meta property=\"og:availability\" content=\"instock\" \/>\n<meta property=\"product:availability\" content=\"instock\" \/>\n<meta property=\"product:retailer_item_id\" content=\"6626826\" \/>\n<meta property=\"product:condition\" content=\"new\" \/>\n<!-- \/ Yoast SEO Premium plugin. -->","yoast_head_json":{"title":"ROYAL DWARF AUTO (ROYAL QUEEN SEEDS) FEMINIS\u00c9E (3 graines\/pack) - Blumiz - Premium CBD","description":"ROYAL DWARF AUTO (ROYAL QUEEN SEEDS) FEMINIS\u00c9E (3 graines\/pack) - Blumiz - Premium CBD","robots":{"index":"index","follow":"follow","max-snippet":"max-snippet:-1","max-image-preview":"max-image-preview:large","max-video-preview":"max-video-preview:-1"},"canonical":"https:\/\/blumiz.com\/fr\/produit\/royal-dwarf-auto-royal-queen-seeds-feminisee-3-graines-pack\/","og_locale":"fr_FR","og_type":"article","og_title":"ROYAL DWARF AUTO (ROYAL QUEEN SEEDS) FEMINIS\u00c9E (3 graines\/pack)","og_description":"ROYAL DWARF AUTO (ROYAL QUEEN SEEDS) FEMINIS\u00c9E (3 graines\/pack) Blumiz - Premium CBD","og_url":"https:\/\/blumiz.com\/fr\/produit\/royal-dwarf-auto-royal-queen-seeds-feminisee-3-graines-pack\/","og_site_name":"Blumiz - Premium CBD","article_modified_time":"2023-06-03T11:47:43+00:00","og_image":[{"width":600,"height":600,"url":"https:\/\/blumiz.com\/wp-content\/uploads\/2022\/09\/Royal-Queen-Seeds-Royal-Dwarf-autoflowering-cannabis-seeds-3-seeds-pack.webp","type":"image\/webp"}],"twitter_card":"summary_large_image","twitter_misc":{"Prix":"15,00&nbsp;&euro;","Disponibilit\u00e9":"En stock"},"schema":{"@context":"https:\/\/schema.org","@graph":[{"@type":"WebPage","@id":"https:\/\/blumiz.com\/fr\/produit\/royal-dwarf-auto-royal-queen-seeds-feminisee-3-graines-pack\/","url":"https:\/\/blumiz.com\/fr\/produit\/royal-dwarf-auto-royal-queen-seeds-feminisee-3-graines-pack\/","name":"ROYAL DWARF AUTO (ROYAL QUEEN SEEDS) FEMINIS\u00c9E (3 graines\/pack) - Blumiz - Premium CBD","isPartOf":{"@id":"https:\/\/blumiz.com\/fr\/#website"},"primaryImageOfPage":{"@id":"https:\/\/blumiz.com\/fr\/produit\/royal-dwarf-auto-royal-queen-seeds-feminisee-3-graines-pack\/#primaryimage"},"image":{"@id":"https:\/\/blumiz.com\/fr\/produit\/royal-dwarf-auto-royal-queen-seeds-feminisee-3-graines-pack\/#primaryimage"},"thumbnailUrl":"https:\/\/blumiz.com\/wp-content\/uploads\/2022\/09\/Royal-Queen-Seeds-Royal-Dwarf-autoflowering-cannabis-seeds-3-seeds-pack.webp","datePublished":"2022-09-09T11:54:54+00:00","dateModified":"2023-06-03T11:47:43+00:00","description":"ROYAL DWARF AUTO (ROYAL QUEEN SEEDS) FEMINIS\u00c9E (3 graines\/pack) - Blumiz - Premium CBD","breadcrumb":{"@id":"https:\/\/blumiz.com\/fr\/produit\/royal-dwarf-auto-royal-queen-seeds-feminisee-3-graines-pack\/#breadcrumb"},"inLanguage":"fr-FR","potentialAction":[{"@type":"ReadAction","target":["https:\/\/blumiz.com\/fr\/produit\/royal-dwarf-auto-royal-queen-seeds-feminisee-3-graines-pack\/"]}]},{"@type":"ImageObject","inLanguage":"fr-FR","@id":"https:\/\/blumiz.com\/fr\/produit\/royal-dwarf-auto-royal-queen-seeds-feminisee-3-graines-pack\/#primaryimage","url":"https:\/\/blumiz.com\/wp-content\/uploads\/2022\/09\/Royal-Queen-Seeds-Royal-Dwarf-autoflowering-cannabis-seeds-3-seeds-pack.webp","contentUrl":"https:\/\/blumiz.com\/wp-content\/uploads\/2022\/09\/Royal-Queen-Seeds-Royal-Dwarf-autoflowering-cannabis-seeds-3-seeds-pack.webp","width":600,"height":600},{"@type":"BreadcrumbList","@id":"https:\/\/blumiz.com\/fr\/produit\/royal-dwarf-auto-royal-queen-seeds-feminisee-3-graines-pack\/#breadcrumb","itemListElement":[{"@type":"ListItem","position":1,"name":"Blumiz","item":"https:\/\/blumiz.com\/fr\/"},{"@type":"ListItem","position":2,"name":"CBD Shop","item":"https:\/\/blumiz.com\/fr\/acheter-cbd-shop\/"},{"@type":"ListItem","position":3,"name":"ROYAL DWARF AUTO (ROYAL QUEEN SEEDS) FEMINIS\u00c9E (3 graines\/pack)"}]},{"@type":"WebSite","@id":"https:\/\/blumiz.com\/fr\/#website","url":"https:\/\/blumiz.com\/fr\/","name":"Blumiz - Premium CBD","description":"Blumiz, Cannabis specialist","publisher":{"@id":"https:\/\/blumiz.com\/fr\/#organization"},"alternateName":"Blumiz","potentialAction":[{"@type":"SearchAction","target":{"@type":"EntryPoint","urlTemplate":"https:\/\/blumiz.com\/fr\/?s={search_term_string}"},"query-input":{"@type":"PropertyValueSpecification","valueRequired":true,"valueName":"search_term_string"}}],"inLanguage":"fr-FR"},{"@type":"Organization","@id":"https:\/\/blumiz.com\/fr\/#organization","name":"Blumiz CBD","alternateName":"Blumiz","url":"https:\/\/blumiz.com\/fr\/","logo":{"@type":"ImageObject","inLanguage":"fr-FR","@id":"https:\/\/blumiz.com\/fr\/#\/schema\/logo\/image\/","url":"https:\/\/blumiz.com\/wp-content\/uploads\/2026\/02\/cropped-Blumiz-CBD-logo.webp","contentUrl":"https:\/\/blumiz.com\/wp-content\/uploads\/2026\/02\/cropped-Blumiz-CBD-logo.webp","width":2547,"height":778,"caption":"Blumiz CBD"},"image":{"@id":"https:\/\/blumiz.com\/fr\/#\/schema\/logo\/image\/"}}]},"product_price_amount":"15.00","product_price_currency":"EUR","og_availability":"instock","product_availability":"instock","product_retailer_item_id":"6626826","product_condition":"new"},"_links":{"self":[{"href":"https:\/\/blumiz.com\/fr\/wp-json\/wp\/v2\/product\/11590","targetHints":{"allow":["GET"]}}],"collection":[{"href":"https:\/\/blumiz.com\/fr\/wp-json\/wp\/v2\/product"}],"about":[{"href":"https:\/\/blumiz.com\/fr\/wp-json\/wp\/v2\/types\/product"}],"replies":[{"embeddable":true,"href":"https:\/\/blumiz.com\/fr\/wp-json\/wp\/v2\/comments?post=11590"}],"version-history":[{"count":0,"href":"https:\/\/blumiz.com\/fr\/wp-json\/wp\/v2\/product\/11590\/revisions"}],"wp:featuredmedia":[{"embeddable":true,"href":"https:\/\/blumiz.com\/fr\/wp-json\/wp\/v2\/media\/6804"}],"wp:attachment":[{"href":"https:\/\/blumiz.com\/fr\/wp-json\/wp\/v2\/media?parent=11590"}],"wp:term":[{"taxonomy":"product_brand","embeddable":true,"href":"https:\/\/blumiz.com\/fr\/wp-json\/wp\/v2\/product_brand?post=11590"},{"taxonomy":"product_cat","embeddable":true,"href":"https:\/\/blumiz.com\/fr\/wp-json\/wp\/v2\/product_cat?post=11590"},{"taxonomy":"product_tag","embeddable":true,"href":"https:\/\/blumiz.com\/fr\/wp-json\/wp\/v2\/product_tag?post=11590"}],"curies":[{"name":"wp","href":"https:\/\/api.w.org\/{rel}","templated":true}]}}