{"id":11601,"date":"2022-09-09T12:59:35","date_gmt":"2022-09-09T11:59:35","guid":{"rendered":"https:\/\/blumiz.com\/produkt\/white-widow-automatic-royal-queen-seeds-feminisee-3-graines-pack\/"},"modified":"2023-06-03T12:47:45","modified_gmt":"2023-06-03T11:47:45","slug":"white-widow-automatic-royal-queen-seeds-feminisee-3-graines-pack","status":"publish","type":"product","link":"https:\/\/blumiz.com\/fr\/produit\/white-widow-automatic-royal-queen-seeds-feminisee-3-graines-pack\/","title":{"rendered":"WHITE WIDOW AUTOMATIC (ROYAL QUEEN SEEDS) FEMINIS\u00c9E (3 graines\/pack)"},"content":{"rendered":"<h2>ROYAL QUEEN SEEDS &#8211; WHITE WIDOW AUTOMATIC : VARI\u00c9T\u00c9 AUTOMATIS\u00c9E ABSOLUMENT CLASSIQUE<\/h2>\n<p>La White Widow Automatic (f\u00e9minis\u00e9e) de Royal Queen Seeds est essentiellement une version rajeunie de la tristement c\u00e9l\u00e8bre White Widow, membre fondateur de la famille White, et une vari\u00e9t\u00e9 hollandaise absolument classique. Le mariage de Critical Auto et de White Widow a donn\u00e9 naissance \u00e0 une vari\u00e9t\u00e9 qui te fera t&#8217;asseoir dans un fauteuil.<\/p>\n<p>La White Widow Automatic de Royal Queen Seeds est un hybride avec un \u00e9quilibre de g\u00e8nes Sativa et Indica, compl\u00e9t\u00e9 par un bon pourcentage de Ruderalis (en chiffres : 40% Sativa, 40% Indica, 20% Ruderalis). Les plantes cultiv\u00e9es \u00e0 partir de ces graines sont pr\u00eates pour la r\u00e9colte dans les 10 \u00e0 12 semaines suivant la plantation, atteignant une hauteur de 50 \u00e0 110 cm.<\/p>\n<p>La White Widow Automatic de Royal Queen Seeds est une sacr\u00e9e plante de rendement, produisant en moyenne 50-160 grammes de marijuana tr\u00e8s fine par plante. L&#8217;herbe fum\u00e9e a un ar\u00f4me et un go\u00fbt aigre-doux et citronn\u00e9 qui ressemble \u00e0 celui de la White Widow, mais qui n&#8217;est pas aussi intense. L&#8217;effet provoqu\u00e9 par ce produit est une ivresse qui engourdit le corps et qui est tr\u00e8s relaxante. Son effet analg\u00e9sique et sa teneur extr\u00eamement \u00e9lev\u00e9e en cannabino\u00efdes rendent cette vari\u00e9t\u00e9 tr\u00e8s appropri\u00e9e \u00e0 des fins m\u00e9dicales.<\/p>\n<table id=\"idTab2\" class=\"features-table\">\n<caption class=\"h3\">WHITE WIDOW AUTOMATIC (ROYAL QUEEN SEEDS) FEMINISED DATA SHEET<\/caption>\n<tbody>\n<tr>\n<th>Marque<\/th>\n<td>Royal Queen Seeds<\/td>\n<\/tr>\n<tr>\n<th>G\u00e9n\u00e9tique<\/th>\n<td>Ruderalis\/Indica\/Sativa<\/td>\n<\/tr>\n<tr>\n<th>Parents<\/th>\n<td>Critical auto x White Widow<\/td>\n<\/tr>\n<tr>\n<th>P\u00e9riode de floraison<\/th>\n<td>8-9 semaines de la semence \u00e0 la r\u00e9colte<\/td>\n<\/tr>\n<tr>\n<th>THC<\/th>\n<td>17%<\/td>\n<\/tr>\n<tr>\n<th>CBD<\/th>\n<td>Moyen<\/td>\n<\/tr>\n<tr>\n<th>Rendement de la culture int\u00e9rieure<\/th>\n<td>400-450 gr\/m<\/td>\n<\/tr>\n<tr>\n<th>Rendement de la culture ext\u00e9rieure<\/th>\n<td>200-250 gr\/plant<\/td>\n<\/tr>\n<tr>\n<th>Hauteur int\u00e9rieure<\/th>\n<td>80cm<\/td>\n<\/tr>\n<tr>\n<th>Hauteur ext\u00e9rieure<\/th>\n<td>110cm<\/td>\n<\/tr>\n<tr>\n<th>Disponible en tant que<\/th>\n<td>Graines f\u00e9minis\u00e9es<\/td>\n<\/tr>\n<tr>\n<th>Type de fleur<\/th>\n<td>Auto-florissante<\/td>\n<\/tr>\n<tr>\n<th>Genre<\/th>\n<td>F\u00e9minis\u00e9e<\/td>\n<\/tr>\n<\/tbody>\n<\/table>\n","protected":false},"excerpt":{"rendered":"<p>La White Widow Automatic de Royal Queen Seeds est essentiellement une vari\u00e9t\u00e9 hollandaise classique apr\u00e8s une cure de rajeunissement &#8211; la tristement c\u00e9l\u00e8bre White Widow a \u00e9t\u00e9 crois\u00e9e avec Critical Auto et le membre fondateur de la famille White est n\u00e9 &#8211; f\u00e9minis\u00e9 et auto-florissant. C&#8217;est le plaisir de fumer pour une soir\u00e9e de paresse &#8211; il te clouera le cul sur le canap\u00e9 ! Avertissement sur les cannabino\u00efdes : extr\u00eame.<\/p>\n","protected":false},"featured_media":6811,"comment_status":"open","ping_status":"closed","template":"","meta":{"site-sidebar-layout":"default","site-content-layout":"default","ast-site-content-layout":"default","site-content-style":"default","site-sidebar-style":"default","ast-global-header-display":"","ast-banner-title-visibility":"","ast-main-header-display":"","ast-hfb-above-header-display":"","ast-hfb-below-header-display":"","ast-hfb-mobile-header-display":"","site-post-title":"","ast-breadcrumbs-content":"","ast-featured-img":"","footer-sml-layout":"","ast-disable-related-posts":"","theme-transparent-header-meta":"default","adv-header-id-meta":"","stick-header-meta":"default","header-above-stick-meta":"","header-main-stick-meta":"","header-below-stick-meta":"","astra-migrate-meta-layouts":"default","ast-page-background-enabled":"default","ast-page-background-meta":{"desktop":{"background-color":"","background-image":"","background-repeat":"repeat","background-position":"center center","background-size":"auto","background-attachment":"scroll","background-type":"","background-media":"","overlay-type":"","overlay-color":"","overlay-opacity":"","overlay-gradient":""},"tablet":{"background-color":"","background-image":"","background-repeat":"repeat","background-position":"center center","background-size":"auto","background-attachment":"scroll","background-type":"","background-media":"","overlay-type":"","overlay-color":"","overlay-opacity":"","overlay-gradient":""},"mobile":{"background-color":"","background-image":"","background-repeat":"repeat","background-position":"center center","background-size":"auto","background-attachment":"scroll","background-type":"","background-media":"","overlay-type":"","overlay-color":"","overlay-opacity":"","overlay-gradient":""}},"ast-content-background-meta":{"desktop":{"background-color":"var(--ast-global-color-5)","background-image":"","background-repeat":"repeat","background-position":"center center","background-size":"auto","background-attachment":"scroll","background-type":"","background-media":"","overlay-type":"","overlay-color":"","overlay-opacity":"","overlay-gradient":""},"tablet":{"background-color":"var(--ast-global-color-5)","background-image":"","background-repeat":"repeat","background-position":"center center","background-size":"auto","background-attachment":"scroll","background-type":"","background-media":"","overlay-type":"","overlay-color":"","overlay-opacity":"","overlay-gradient":""},"mobile":{"background-color":"var(--ast-global-color-5)","background-image":"","background-repeat":"repeat","background-position":"center center","background-size":"auto","background-attachment":"scroll","background-type":"","background-media":"","overlay-type":"","overlay-color":"","overlay-opacity":"","overlay-gradient":""}}},"product_brand":[],"product_cat":[178],"product_tag":[],"class_list":{"0":"post-11601","1":"product","2":"type-product","3":"status-publish","4":"has-post-thumbnail","6":"product_cat-graines-cannabis-seedshop","7":"desktop-align-left","8":"tablet-align-center","9":"mobile-align-left","10":"ast-product-gallery-layout-vertical","11":"ast-product-gallery-with-no-image","12":"ast-magnify-disabled","13":"ast-product-tabs-layout-horizontal","15":"first","16":"instock","17":"taxable","18":"shipping-taxable","19":"purchasable","20":"product-type-simple"},"yoast_head":"<!-- This site is optimized with the Yoast SEO Premium plugin v27.2 (Yoast SEO v27.5) - https:\/\/yoast.com\/product\/yoast-seo-premium-wordpress\/ -->\n<title>WHITE WIDOW AUTOMATIC (ROYAL QUEEN SEEDS) FEMINIS\u00c9E (3 graines\/pack) - Blumiz - Premium CBD<\/title>\n<meta name=\"description\" content=\"WHITE WIDOW AUTOMATIC (ROYAL QUEEN SEEDS) FEMINIS\u00c9E (3 graines\/pack) - Blumiz - Premium CBD\" \/>\n<meta name=\"robots\" content=\"index, follow, max-snippet:-1, max-image-preview:large, max-video-preview:-1\" \/>\n<link rel=\"canonical\" href=\"https:\/\/blumiz.com\/fr\/produit\/white-widow-automatic-royal-queen-seeds-feminisee-3-graines-pack\/\" \/>\n<meta property=\"og:locale\" content=\"fr_FR\" \/>\n<meta property=\"og:type\" content=\"article\" \/>\n<meta property=\"og:title\" content=\"WHITE WIDOW AUTOMATIC (ROYAL QUEEN SEEDS) FEMINIS\u00c9E (3 graines\/pack)\" \/>\n<meta property=\"og:description\" content=\"WHITE WIDOW AUTOMATIC (ROYAL QUEEN SEEDS) FEMINIS\u00c9E (3 graines\/pack) Blumiz - Premium CBD\" \/>\n<meta property=\"og:url\" content=\"https:\/\/blumiz.com\/fr\/produit\/white-widow-automatic-royal-queen-seeds-feminisee-3-graines-pack\/\" \/>\n<meta property=\"og:site_name\" content=\"Blumiz - Premium CBD\" \/>\n<meta property=\"article:modified_time\" content=\"2023-06-03T11:47:45+00:00\" \/>\n<meta property=\"og:image\" content=\"https:\/\/blumiz.com\/wp-content\/uploads\/2022\/09\/Royal-Queen-Seeds-White-Widow-Auto-autoflowering-cannabis-seeds-3-seeds-pack.webp\" \/>\n\t<meta property=\"og:image:width\" content=\"600\" \/>\n\t<meta property=\"og:image:height\" content=\"600\" \/>\n\t<meta property=\"og:image:type\" content=\"image\/webp\" \/>\n<meta name=\"twitter:card\" content=\"summary_large_image\" \/>\n<meta name=\"twitter:label1\" content=\"Prix\" \/>\n\t<meta name=\"twitter:data1\" content=\"23,00&nbsp;&euro;\" \/>\n\t<meta name=\"twitter:label2\" content=\"Disponibilit\u00e9\" \/>\n\t<meta name=\"twitter:data2\" content=\"En stock\" \/>\n<script type=\"application\/ld+json\" class=\"yoast-schema-graph\">{\"@context\":\"https:\\\/\\\/schema.org\",\"@graph\":[{\"@type\":\"WebPage\",\"@id\":\"https:\\\/\\\/blumiz.com\\\/fr\\\/produit\\\/white-widow-automatic-royal-queen-seeds-feminisee-3-graines-pack\\\/\",\"url\":\"https:\\\/\\\/blumiz.com\\\/fr\\\/produit\\\/white-widow-automatic-royal-queen-seeds-feminisee-3-graines-pack\\\/\",\"name\":\"WHITE WIDOW AUTOMATIC (ROYAL QUEEN SEEDS) FEMINIS\u00c9E (3 graines\\\/pack) - Blumiz - Premium CBD\",\"isPartOf\":{\"@id\":\"https:\\\/\\\/blumiz.com\\\/fr\\\/#website\"},\"primaryImageOfPage\":{\"@id\":\"https:\\\/\\\/blumiz.com\\\/fr\\\/produit\\\/white-widow-automatic-royal-queen-seeds-feminisee-3-graines-pack\\\/#primaryimage\"},\"image\":{\"@id\":\"https:\\\/\\\/blumiz.com\\\/fr\\\/produit\\\/white-widow-automatic-royal-queen-seeds-feminisee-3-graines-pack\\\/#primaryimage\"},\"thumbnailUrl\":\"https:\\\/\\\/blumiz.com\\\/wp-content\\\/uploads\\\/2022\\\/09\\\/Royal-Queen-Seeds-White-Widow-Auto-autoflowering-cannabis-seeds-3-seeds-pack.webp\",\"datePublished\":\"2022-09-09T11:59:35+00:00\",\"dateModified\":\"2023-06-03T11:47:45+00:00\",\"description\":\"WHITE WIDOW AUTOMATIC (ROYAL QUEEN SEEDS) FEMINIS\u00c9E (3 graines\\\/pack) - Blumiz - Premium CBD\",\"breadcrumb\":{\"@id\":\"https:\\\/\\\/blumiz.com\\\/fr\\\/produit\\\/white-widow-automatic-royal-queen-seeds-feminisee-3-graines-pack\\\/#breadcrumb\"},\"inLanguage\":\"fr-FR\",\"potentialAction\":[{\"@type\":\"ReadAction\",\"target\":[\"https:\\\/\\\/blumiz.com\\\/fr\\\/produit\\\/white-widow-automatic-royal-queen-seeds-feminisee-3-graines-pack\\\/\"]}]},{\"@type\":\"ImageObject\",\"inLanguage\":\"fr-FR\",\"@id\":\"https:\\\/\\\/blumiz.com\\\/fr\\\/produit\\\/white-widow-automatic-royal-queen-seeds-feminisee-3-graines-pack\\\/#primaryimage\",\"url\":\"https:\\\/\\\/blumiz.com\\\/wp-content\\\/uploads\\\/2022\\\/09\\\/Royal-Queen-Seeds-White-Widow-Auto-autoflowering-cannabis-seeds-3-seeds-pack.webp\",\"contentUrl\":\"https:\\\/\\\/blumiz.com\\\/wp-content\\\/uploads\\\/2022\\\/09\\\/Royal-Queen-Seeds-White-Widow-Auto-autoflowering-cannabis-seeds-3-seeds-pack.webp\",\"width\":600,\"height\":600},{\"@type\":\"BreadcrumbList\",\"@id\":\"https:\\\/\\\/blumiz.com\\\/fr\\\/produit\\\/white-widow-automatic-royal-queen-seeds-feminisee-3-graines-pack\\\/#breadcrumb\",\"itemListElement\":[{\"@type\":\"ListItem\",\"position\":1,\"name\":\"Blumiz\",\"item\":\"https:\\\/\\\/blumiz.com\\\/fr\\\/\"},{\"@type\":\"ListItem\",\"position\":2,\"name\":\"CBD Shop\",\"item\":\"https:\\\/\\\/blumiz.com\\\/fr\\\/acheter-cbd-shop\\\/\"},{\"@type\":\"ListItem\",\"position\":3,\"name\":\"WHITE WIDOW AUTOMATIC (ROYAL QUEEN SEEDS) FEMINIS\u00c9E (3 graines\\\/pack)\"}]},{\"@type\":\"WebSite\",\"@id\":\"https:\\\/\\\/blumiz.com\\\/fr\\\/#website\",\"url\":\"https:\\\/\\\/blumiz.com\\\/fr\\\/\",\"name\":\"Blumiz - Premium CBD\",\"description\":\"Blumiz, Cannabis specialist\",\"publisher\":{\"@id\":\"https:\\\/\\\/blumiz.com\\\/fr\\\/#organization\"},\"alternateName\":\"Blumiz\",\"potentialAction\":[{\"@type\":\"SearchAction\",\"target\":{\"@type\":\"EntryPoint\",\"urlTemplate\":\"https:\\\/\\\/blumiz.com\\\/fr\\\/?s={search_term_string}\"},\"query-input\":{\"@type\":\"PropertyValueSpecification\",\"valueRequired\":true,\"valueName\":\"search_term_string\"}}],\"inLanguage\":\"fr-FR\"},{\"@type\":\"Organization\",\"@id\":\"https:\\\/\\\/blumiz.com\\\/fr\\\/#organization\",\"name\":\"Blumiz CBD\",\"alternateName\":\"Blumiz\",\"url\":\"https:\\\/\\\/blumiz.com\\\/fr\\\/\",\"logo\":{\"@type\":\"ImageObject\",\"inLanguage\":\"fr-FR\",\"@id\":\"https:\\\/\\\/blumiz.com\\\/fr\\\/#\\\/schema\\\/logo\\\/image\\\/\",\"url\":\"https:\\\/\\\/blumiz.com\\\/wp-content\\\/uploads\\\/2026\\\/02\\\/cropped-Blumiz-CBD-logo.webp\",\"contentUrl\":\"https:\\\/\\\/blumiz.com\\\/wp-content\\\/uploads\\\/2026\\\/02\\\/cropped-Blumiz-CBD-logo.webp\",\"width\":2547,\"height\":778,\"caption\":\"Blumiz CBD\"},\"image\":{\"@id\":\"https:\\\/\\\/blumiz.com\\\/fr\\\/#\\\/schema\\\/logo\\\/image\\\/\"}}]}<\/script>\n<meta property=\"product:price:amount\" content=\"23.00\" \/>\n<meta property=\"product:price:currency\" content=\"EUR\" \/>\n<meta property=\"og:availability\" content=\"instock\" \/>\n<meta property=\"product:availability\" content=\"instock\" \/>\n<meta property=\"product:retailer_item_id\" content=\"1252\" \/>\n<meta property=\"product:condition\" content=\"new\" \/>\n<!-- \/ Yoast SEO Premium plugin. -->","yoast_head_json":{"title":"WHITE WIDOW AUTOMATIC (ROYAL QUEEN SEEDS) FEMINIS\u00c9E (3 graines\/pack) - Blumiz - Premium CBD","description":"WHITE WIDOW AUTOMATIC (ROYAL QUEEN SEEDS) FEMINIS\u00c9E (3 graines\/pack) - Blumiz - Premium CBD","robots":{"index":"index","follow":"follow","max-snippet":"max-snippet:-1","max-image-preview":"max-image-preview:large","max-video-preview":"max-video-preview:-1"},"canonical":"https:\/\/blumiz.com\/fr\/produit\/white-widow-automatic-royal-queen-seeds-feminisee-3-graines-pack\/","og_locale":"fr_FR","og_type":"article","og_title":"WHITE WIDOW AUTOMATIC (ROYAL QUEEN SEEDS) FEMINIS\u00c9E (3 graines\/pack)","og_description":"WHITE WIDOW AUTOMATIC (ROYAL QUEEN SEEDS) FEMINIS\u00c9E (3 graines\/pack) Blumiz - Premium CBD","og_url":"https:\/\/blumiz.com\/fr\/produit\/white-widow-automatic-royal-queen-seeds-feminisee-3-graines-pack\/","og_site_name":"Blumiz - Premium CBD","article_modified_time":"2023-06-03T11:47:45+00:00","og_image":[{"width":600,"height":600,"url":"https:\/\/blumiz.com\/wp-content\/uploads\/2022\/09\/Royal-Queen-Seeds-White-Widow-Auto-autoflowering-cannabis-seeds-3-seeds-pack.webp","type":"image\/webp"}],"twitter_card":"summary_large_image","twitter_misc":{"Prix":"23,00&nbsp;&euro;","Disponibilit\u00e9":"En stock"},"schema":{"@context":"https:\/\/schema.org","@graph":[{"@type":"WebPage","@id":"https:\/\/blumiz.com\/fr\/produit\/white-widow-automatic-royal-queen-seeds-feminisee-3-graines-pack\/","url":"https:\/\/blumiz.com\/fr\/produit\/white-widow-automatic-royal-queen-seeds-feminisee-3-graines-pack\/","name":"WHITE WIDOW AUTOMATIC (ROYAL QUEEN SEEDS) FEMINIS\u00c9E (3 graines\/pack) - Blumiz - Premium CBD","isPartOf":{"@id":"https:\/\/blumiz.com\/fr\/#website"},"primaryImageOfPage":{"@id":"https:\/\/blumiz.com\/fr\/produit\/white-widow-automatic-royal-queen-seeds-feminisee-3-graines-pack\/#primaryimage"},"image":{"@id":"https:\/\/blumiz.com\/fr\/produit\/white-widow-automatic-royal-queen-seeds-feminisee-3-graines-pack\/#primaryimage"},"thumbnailUrl":"https:\/\/blumiz.com\/wp-content\/uploads\/2022\/09\/Royal-Queen-Seeds-White-Widow-Auto-autoflowering-cannabis-seeds-3-seeds-pack.webp","datePublished":"2022-09-09T11:59:35+00:00","dateModified":"2023-06-03T11:47:45+00:00","description":"WHITE WIDOW AUTOMATIC (ROYAL QUEEN SEEDS) FEMINIS\u00c9E (3 graines\/pack) - Blumiz - Premium CBD","breadcrumb":{"@id":"https:\/\/blumiz.com\/fr\/produit\/white-widow-automatic-royal-queen-seeds-feminisee-3-graines-pack\/#breadcrumb"},"inLanguage":"fr-FR","potentialAction":[{"@type":"ReadAction","target":["https:\/\/blumiz.com\/fr\/produit\/white-widow-automatic-royal-queen-seeds-feminisee-3-graines-pack\/"]}]},{"@type":"ImageObject","inLanguage":"fr-FR","@id":"https:\/\/blumiz.com\/fr\/produit\/white-widow-automatic-royal-queen-seeds-feminisee-3-graines-pack\/#primaryimage","url":"https:\/\/blumiz.com\/wp-content\/uploads\/2022\/09\/Royal-Queen-Seeds-White-Widow-Auto-autoflowering-cannabis-seeds-3-seeds-pack.webp","contentUrl":"https:\/\/blumiz.com\/wp-content\/uploads\/2022\/09\/Royal-Queen-Seeds-White-Widow-Auto-autoflowering-cannabis-seeds-3-seeds-pack.webp","width":600,"height":600},{"@type":"BreadcrumbList","@id":"https:\/\/blumiz.com\/fr\/produit\/white-widow-automatic-royal-queen-seeds-feminisee-3-graines-pack\/#breadcrumb","itemListElement":[{"@type":"ListItem","position":1,"name":"Blumiz","item":"https:\/\/blumiz.com\/fr\/"},{"@type":"ListItem","position":2,"name":"CBD Shop","item":"https:\/\/blumiz.com\/fr\/acheter-cbd-shop\/"},{"@type":"ListItem","position":3,"name":"WHITE WIDOW AUTOMATIC (ROYAL QUEEN SEEDS) FEMINIS\u00c9E (3 graines\/pack)"}]},{"@type":"WebSite","@id":"https:\/\/blumiz.com\/fr\/#website","url":"https:\/\/blumiz.com\/fr\/","name":"Blumiz - Premium CBD","description":"Blumiz, Cannabis specialist","publisher":{"@id":"https:\/\/blumiz.com\/fr\/#organization"},"alternateName":"Blumiz","potentialAction":[{"@type":"SearchAction","target":{"@type":"EntryPoint","urlTemplate":"https:\/\/blumiz.com\/fr\/?s={search_term_string}"},"query-input":{"@type":"PropertyValueSpecification","valueRequired":true,"valueName":"search_term_string"}}],"inLanguage":"fr-FR"},{"@type":"Organization","@id":"https:\/\/blumiz.com\/fr\/#organization","name":"Blumiz CBD","alternateName":"Blumiz","url":"https:\/\/blumiz.com\/fr\/","logo":{"@type":"ImageObject","inLanguage":"fr-FR","@id":"https:\/\/blumiz.com\/fr\/#\/schema\/logo\/image\/","url":"https:\/\/blumiz.com\/wp-content\/uploads\/2026\/02\/cropped-Blumiz-CBD-logo.webp","contentUrl":"https:\/\/blumiz.com\/wp-content\/uploads\/2026\/02\/cropped-Blumiz-CBD-logo.webp","width":2547,"height":778,"caption":"Blumiz CBD"},"image":{"@id":"https:\/\/blumiz.com\/fr\/#\/schema\/logo\/image\/"}}]},"product_price_amount":"23.00","product_price_currency":"EUR","og_availability":"instock","product_availability":"instock","product_retailer_item_id":"1252","product_condition":"new"},"_links":{"self":[{"href":"https:\/\/blumiz.com\/fr\/wp-json\/wp\/v2\/product\/11601","targetHints":{"allow":["GET"]}}],"collection":[{"href":"https:\/\/blumiz.com\/fr\/wp-json\/wp\/v2\/product"}],"about":[{"href":"https:\/\/blumiz.com\/fr\/wp-json\/wp\/v2\/types\/product"}],"replies":[{"embeddable":true,"href":"https:\/\/blumiz.com\/fr\/wp-json\/wp\/v2\/comments?post=11601"}],"version-history":[{"count":0,"href":"https:\/\/blumiz.com\/fr\/wp-json\/wp\/v2\/product\/11601\/revisions"}],"wp:featuredmedia":[{"embeddable":true,"href":"https:\/\/blumiz.com\/fr\/wp-json\/wp\/v2\/media\/6811"}],"wp:attachment":[{"href":"https:\/\/blumiz.com\/fr\/wp-json\/wp\/v2\/media?parent=11601"}],"wp:term":[{"taxonomy":"product_brand","embeddable":true,"href":"https:\/\/blumiz.com\/fr\/wp-json\/wp\/v2\/product_brand?post=11601"},{"taxonomy":"product_cat","embeddable":true,"href":"https:\/\/blumiz.com\/fr\/wp-json\/wp\/v2\/product_cat?post=11601"},{"taxonomy":"product_tag","embeddable":true,"href":"https:\/\/blumiz.com\/fr\/wp-json\/wp\/v2\/product_tag?post=11601"}],"curies":[{"name":"wp","href":"https:\/\/api.w.org\/{rel}","templated":true}]}}