{"id":11610,"date":"2022-09-09T12:51:36","date_gmt":"2022-09-09T11:51:36","guid":{"rendered":"https:\/\/blumiz.com\/produkt\/gorilla-glue-auto-fastbuds-feminisee-3-graines-pack\/"},"modified":"2023-06-03T12:47:46","modified_gmt":"2023-06-03T11:47:46","slug":"gorilla-glue-auto-fastbuds-feminisee-3-graines-pack","status":"publish","type":"product","link":"https:\/\/blumiz.com\/fr\/produit\/gorilla-glue-auto-fastbuds-feminisee-3-graines-pack\/","title":{"rendered":"GORILLA GLUE AUTO (FASTBUDS) FEMINIS\u00c9E (3 graines\/pack)"},"content":{"rendered":"<h2>FASTBUDS &#8211; GORILLA GLUE AUTO : SUPER PRODUCTIF, TR\u00c8S PUISSANT ET BON GO\u00dbT !<\/h2>\n<p>La Gorilla Glue Auto de FastBuds est la version auto-florissante de la Gorilla Glue #4, une vari\u00e9t\u00e9 prim\u00e9e cr\u00e9\u00e9e par Joesy Whales et Lone Watie. La GG#4 originale, consid\u00e9r\u00e9e par certains comme la meilleure vari\u00e9t\u00e9 hybride \u00e0 cultiver, a connu un succ\u00e8s si bombastique qu&#8217;elle a remport\u00e9 sans probl\u00e8me la SoCal 2014 et la Michigan Cup 2014 en tant que meilleur hybride. Si tu te demandes ce qui rend la Gorilla Glue si sp\u00e9ciale, regarde son nom d&#8217;un peu plus pr\u00e8s : C&#8217;est une allusion ludique au fait qu&#8217;elle est charg\u00e9e d&#8217;une quantit\u00e9 incroyable de r\u00e9sine collante et qu&#8217;elle est si puissante que tu resteras coll\u00e9 \u00e0 ton canap\u00e9 (glue=colle) et que tu glisseras dans une profonde relaxation.<\/p>\n<p>Comme la Gorilla Glue Auto est une autofloraison, tu n&#8217;auras aucun probl\u00e8me pour la cultiver. Ne vous inqui\u00e9tez pas, elle pousse tr\u00e8s bien aussi bien \u00e0 l&#8217;int\u00e9rieur qu&#8217;\u00e0 l&#8217;ext\u00e9rieur. Avec seulement quelques soins suppl\u00e9mentaires, tu peux t&#8217;attendre \u00e0 une production exceptionnelle de cette remarquable vari\u00e9t\u00e9 autoflorissante, peut-\u00eatre pas en termes de quantit\u00e9, mais en termes de qualit\u00e9. Il arrive souvent que tu ne saches pas o\u00f9 couper en premier lorsque tu cultives cette vari\u00e9t\u00e9, tout simplement parce qu&#8217;elle produit beaucoup de r\u00e9sine !<\/p>\n<p>Lorsqu&#8217;elle est cultiv\u00e9e \u00e0 l&#8217;int\u00e9rieur sous une lampe de 600 watts, elle peut produire entre 400 et 600 g\/m\u00b2 de fleurs grasses et tr\u00e8s r\u00e9sineuses qui sentent un m\u00e9lange de pin, de citron et de diesel. Si tu cultives \u00e0 l&#8217;ext\u00e9rieur et dans de bonnes conditions, tu peux r\u00e9colter jusqu&#8217;\u00e0 300 g par plante. Leur temps de floraison agr\u00e9ablement court, 8-9 semaines apr\u00e8s la germination, est un autre grand avantage !<\/p>\n<p>Tout comme pour sa grande odeur dans la grow room, l&#8217;ar\u00f4me de pin est \u00e9galement dominant lorsque l&#8217;on fume les fleurs durcies. Un m\u00e9lange d&#8217;ar\u00f4mes d&#8217;agrumes et de diesel vient compl\u00e9ter l&#8217;exp\u00e9rience gustative.<\/p>\n<p>Selon Fast Buds, Gorilla Glue est l&#8217;une de ses vari\u00e9t\u00e9s les plus puissantes. Ce n&#8217;est plus une surprise d\u00e8s que l&#8217;on apprend que gr\u00e2ce \u00e0 sa production d\u00e9lirante de trichomes, elle peut avoir un taux de THC \u00e9poustouflant de 24%. Son effet est une ivresse tr\u00e8s forte et pourtant agr\u00e9ablement joyeuse et positive. La Gorilla Glue Auto est l&#8217;une de ces vari\u00e9t\u00e9s qui m\u00e9lange parfaitement les qualit\u00e9s Indica et Sativa, ce qui signifie que son effet est profond\u00e9ment relaxant, mais en m\u00eame temps euphorisant. C&#8217;est un m\u00e9lange parfait entre une relaxation physique lourde et une stimulation c\u00e9r\u00e9brale.<\/p>\n<p>Gorilla Glue Auto de FastBuds est d\u00e9finitivement une vari\u00e9t\u00e9 pour les cultivateurs impatients, mais qui ne veulent pas faire de compromis sur la qualit\u00e9, le rendement, le go\u00fbt et l&#8217;effet ! C&#8217;est certainement une vari\u00e9t\u00e9 fine qui ne d\u00e9cevra pas !<\/p>\n<table id=\"idTab2\" class=\"features-table\">\n<caption class=\"h3\">GORILLA GLUE AUTO (FASTBUDS) F\u00c9MINIS\u00c9E FICHE SIGNAL\u00c9TIQUE<\/caption>\n<tbody>\n<tr>\n<th>Marque<\/th>\n<td>Fastbuds<\/td>\n<\/tr>\n<tr>\n<th>G\u00e9n\u00e9tique<\/th>\n<td>35% Indica \/ 65% Sativa<\/td>\n<\/tr>\n<tr>\n<th>P\u00e9riode de floraison<\/th>\n<td>9-10 semaines de la semence \u00e0 la r\u00e9colte<\/td>\n<\/tr>\n<tr>\n<th>THC<\/th>\n<td>24%<\/td>\n<\/tr>\n<tr>\n<th>CBD<\/th>\n<td>0-1%<\/td>\n<\/tr>\n<tr>\n<th>CBD:THC<\/th>\n<td>1 : 30<\/td>\n<\/tr>\n<tr>\n<th>Rendement de la culture int\u00e9rieure<\/th>\n<td>550-600 gr\/m<\/td>\n<\/tr>\n<tr>\n<th>Rendement de la culture ext\u00e9rieure<\/th>\n<td>300-350 gr\/plant<\/td>\n<\/tr>\n<tr>\n<th>Hauteur int\u00e9rieure<\/th>\n<td>100cm<\/td>\n<\/tr>\n<tr>\n<th>Hauteur ext\u00e9rieure<\/th>\n<td>100cm<\/td>\n<\/tr>\n<tr>\n<th>Disponible en tant que<\/th>\n<td>Graines f\u00e9minis\u00e9es<\/td>\n<\/tr>\n<tr>\n<th>Type de fleur<\/th>\n<td>Auto-florissante<\/td>\n<\/tr>\n<tr>\n<th>Genre<\/th>\n<td>F\u00e9minis\u00e9e<\/td>\n<\/tr>\n<\/tbody>\n<\/table>\n","protected":false},"excerpt":{"rendered":"<p>La Gorilla Glue Auto de FastBuds est une autofloraison spectaculaire qui brille par une production de r\u00e9sine incroyable, une puissance tr\u00e8s \u00e9lev\u00e9e et un go\u00fbt excellent. La vari\u00e9t\u00e9 autoflorissante de la Gorilla Glue #4 prim\u00e9e est exactement la vari\u00e9t\u00e9 qu&#8217;il vous faut si vous voulez obtenir une qualit\u00e9 sup\u00e9rieure au moment de la r\u00e9colte, avec la facilit\u00e9 et la commodit\u00e9 d&#8217;une autofloraison !<\/p>\n","protected":false},"featured_media":6796,"comment_status":"open","ping_status":"closed","template":"","meta":{"site-sidebar-layout":"default","site-content-layout":"default","ast-site-content-layout":"default","site-content-style":"default","site-sidebar-style":"default","ast-global-header-display":"","ast-banner-title-visibility":"","ast-main-header-display":"","ast-hfb-above-header-display":"","ast-hfb-below-header-display":"","ast-hfb-mobile-header-display":"","site-post-title":"","ast-breadcrumbs-content":"","ast-featured-img":"","footer-sml-layout":"","ast-disable-related-posts":"","theme-transparent-header-meta":"default","adv-header-id-meta":"","stick-header-meta":"default","header-above-stick-meta":"","header-main-stick-meta":"","header-below-stick-meta":"","astra-migrate-meta-layouts":"default","ast-page-background-enabled":"default","ast-page-background-meta":{"desktop":{"background-color":"","background-image":"","background-repeat":"repeat","background-position":"center center","background-size":"auto","background-attachment":"scroll","background-type":"","background-media":"","overlay-type":"","overlay-color":"","overlay-opacity":"","overlay-gradient":""},"tablet":{"background-color":"","background-image":"","background-repeat":"repeat","background-position":"center center","background-size":"auto","background-attachment":"scroll","background-type":"","background-media":"","overlay-type":"","overlay-color":"","overlay-opacity":"","overlay-gradient":""},"mobile":{"background-color":"","background-image":"","background-repeat":"repeat","background-position":"center center","background-size":"auto","background-attachment":"scroll","background-type":"","background-media":"","overlay-type":"","overlay-color":"","overlay-opacity":"","overlay-gradient":""}},"ast-content-background-meta":{"desktop":{"background-color":"var(--ast-global-color-5)","background-image":"","background-repeat":"repeat","background-position":"center center","background-size":"auto","background-attachment":"scroll","background-type":"","background-media":"","overlay-type":"","overlay-color":"","overlay-opacity":"","overlay-gradient":""},"tablet":{"background-color":"var(--ast-global-color-5)","background-image":"","background-repeat":"repeat","background-position":"center center","background-size":"auto","background-attachment":"scroll","background-type":"","background-media":"","overlay-type":"","overlay-color":"","overlay-opacity":"","overlay-gradient":""},"mobile":{"background-color":"var(--ast-global-color-5)","background-image":"","background-repeat":"repeat","background-position":"center center","background-size":"auto","background-attachment":"scroll","background-type":"","background-media":"","overlay-type":"","overlay-color":"","overlay-opacity":"","overlay-gradient":""}}},"product_brand":[],"product_cat":[178],"product_tag":[],"class_list":{"0":"post-11610","1":"product","2":"type-product","3":"status-publish","4":"has-post-thumbnail","6":"product_cat-graines-cannabis-seedshop","7":"desktop-align-left","8":"tablet-align-center","9":"mobile-align-left","10":"ast-product-gallery-layout-vertical","11":"ast-product-gallery-with-no-image","12":"ast-magnify-disabled","13":"ast-product-tabs-layout-horizontal","15":"first","16":"instock","17":"taxable","18":"shipping-taxable","19":"purchasable","20":"product-type-simple"},"yoast_head":"<!-- This site is optimized with the Yoast SEO Premium plugin v27.2 (Yoast SEO v27.5) - https:\/\/yoast.com\/product\/yoast-seo-premium-wordpress\/ -->\n<title>GORILLA GLUE AUTO (FASTBUDS) FEMINIS\u00c9E (3 graines\/pack) - Blumiz - Premium CBD<\/title>\n<meta name=\"description\" content=\"GORILLA GLUE AUTO (FASTBUDS) FEMINIS\u00c9E (3 graines\/pack) - Blumiz - Premium CBD\" \/>\n<meta name=\"robots\" content=\"index, follow, max-snippet:-1, max-image-preview:large, max-video-preview:-1\" \/>\n<link rel=\"canonical\" href=\"https:\/\/blumiz.com\/fr\/produit\/gorilla-glue-auto-fastbuds-feminisee-3-graines-pack\/\" \/>\n<meta property=\"og:locale\" content=\"fr_FR\" \/>\n<meta property=\"og:type\" content=\"article\" \/>\n<meta property=\"og:title\" content=\"GORILLA GLUE AUTO (FASTBUDS) FEMINIS\u00c9E (3 graines\/pack)\" \/>\n<meta property=\"og:description\" content=\"GORILLA GLUE AUTO (FASTBUDS) FEMINIS\u00c9E (3 graines\/pack) Blumiz - Premium CBD\" \/>\n<meta property=\"og:url\" content=\"https:\/\/blumiz.com\/fr\/produit\/gorilla-glue-auto-fastbuds-feminisee-3-graines-pack\/\" \/>\n<meta property=\"og:site_name\" content=\"Blumiz - Premium CBD\" \/>\n<meta property=\"article:modified_time\" content=\"2023-06-03T11:47:46+00:00\" \/>\n<meta property=\"og:image\" content=\"https:\/\/blumiz.com\/wp-content\/uploads\/2022\/09\/Fast-Buds-\u2013-Gorilla-Glue-Automatic-seeds-3seedspack.webp\" \/>\n\t<meta property=\"og:image:width\" content=\"600\" \/>\n\t<meta property=\"og:image:height\" content=\"600\" \/>\n\t<meta property=\"og:image:type\" content=\"image\/webp\" \/>\n<meta name=\"twitter:card\" content=\"summary_large_image\" \/>\n<meta name=\"twitter:label1\" content=\"Prix\" \/>\n\t<meta name=\"twitter:data1\" content=\"36,00&nbsp;&euro;\" \/>\n\t<meta name=\"twitter:label2\" content=\"Disponibilit\u00e9\" \/>\n\t<meta name=\"twitter:data2\" content=\"En stock\" \/>\n<script type=\"application\/ld+json\" class=\"yoast-schema-graph\">{\"@context\":\"https:\\\/\\\/schema.org\",\"@graph\":[{\"@type\":\"WebPage\",\"@id\":\"https:\\\/\\\/blumiz.com\\\/fr\\\/produit\\\/gorilla-glue-auto-fastbuds-feminisee-3-graines-pack\\\/\",\"url\":\"https:\\\/\\\/blumiz.com\\\/fr\\\/produit\\\/gorilla-glue-auto-fastbuds-feminisee-3-graines-pack\\\/\",\"name\":\"GORILLA GLUE AUTO (FASTBUDS) FEMINIS\u00c9E (3 graines\\\/pack) - Blumiz - Premium CBD\",\"isPartOf\":{\"@id\":\"https:\\\/\\\/blumiz.com\\\/fr\\\/#website\"},\"primaryImageOfPage\":{\"@id\":\"https:\\\/\\\/blumiz.com\\\/fr\\\/produit\\\/gorilla-glue-auto-fastbuds-feminisee-3-graines-pack\\\/#primaryimage\"},\"image\":{\"@id\":\"https:\\\/\\\/blumiz.com\\\/fr\\\/produit\\\/gorilla-glue-auto-fastbuds-feminisee-3-graines-pack\\\/#primaryimage\"},\"thumbnailUrl\":\"https:\\\/\\\/blumiz.com\\\/wp-content\\\/uploads\\\/2022\\\/09\\\/Fast-Buds-\u2013-Gorilla-Glue-Automatic-seeds-3seedspack.webp\",\"datePublished\":\"2022-09-09T11:51:36+00:00\",\"dateModified\":\"2023-06-03T11:47:46+00:00\",\"description\":\"GORILLA GLUE AUTO (FASTBUDS) FEMINIS\u00c9E (3 graines\\\/pack) - Blumiz - Premium CBD\",\"breadcrumb\":{\"@id\":\"https:\\\/\\\/blumiz.com\\\/fr\\\/produit\\\/gorilla-glue-auto-fastbuds-feminisee-3-graines-pack\\\/#breadcrumb\"},\"inLanguage\":\"fr-FR\",\"potentialAction\":[{\"@type\":\"ReadAction\",\"target\":[\"https:\\\/\\\/blumiz.com\\\/fr\\\/produit\\\/gorilla-glue-auto-fastbuds-feminisee-3-graines-pack\\\/\"]}]},{\"@type\":\"ImageObject\",\"inLanguage\":\"fr-FR\",\"@id\":\"https:\\\/\\\/blumiz.com\\\/fr\\\/produit\\\/gorilla-glue-auto-fastbuds-feminisee-3-graines-pack\\\/#primaryimage\",\"url\":\"https:\\\/\\\/blumiz.com\\\/wp-content\\\/uploads\\\/2022\\\/09\\\/Fast-Buds-\u2013-Gorilla-Glue-Automatic-seeds-3seedspack.webp\",\"contentUrl\":\"https:\\\/\\\/blumiz.com\\\/wp-content\\\/uploads\\\/2022\\\/09\\\/Fast-Buds-\u2013-Gorilla-Glue-Automatic-seeds-3seedspack.webp\",\"width\":600,\"height\":600},{\"@type\":\"BreadcrumbList\",\"@id\":\"https:\\\/\\\/blumiz.com\\\/fr\\\/produit\\\/gorilla-glue-auto-fastbuds-feminisee-3-graines-pack\\\/#breadcrumb\",\"itemListElement\":[{\"@type\":\"ListItem\",\"position\":1,\"name\":\"Blumiz\",\"item\":\"https:\\\/\\\/blumiz.com\\\/fr\\\/\"},{\"@type\":\"ListItem\",\"position\":2,\"name\":\"CBD Shop\",\"item\":\"https:\\\/\\\/blumiz.com\\\/fr\\\/acheter-cbd-shop\\\/\"},{\"@type\":\"ListItem\",\"position\":3,\"name\":\"GORILLA GLUE AUTO (FASTBUDS) FEMINIS\u00c9E (3 graines\\\/pack)\"}]},{\"@type\":\"WebSite\",\"@id\":\"https:\\\/\\\/blumiz.com\\\/fr\\\/#website\",\"url\":\"https:\\\/\\\/blumiz.com\\\/fr\\\/\",\"name\":\"Blumiz - Premium CBD\",\"description\":\"Blumiz, Cannabis specialist\",\"publisher\":{\"@id\":\"https:\\\/\\\/blumiz.com\\\/fr\\\/#organization\"},\"alternateName\":\"Blumiz\",\"potentialAction\":[{\"@type\":\"SearchAction\",\"target\":{\"@type\":\"EntryPoint\",\"urlTemplate\":\"https:\\\/\\\/blumiz.com\\\/fr\\\/?s={search_term_string}\"},\"query-input\":{\"@type\":\"PropertyValueSpecification\",\"valueRequired\":true,\"valueName\":\"search_term_string\"}}],\"inLanguage\":\"fr-FR\"},{\"@type\":\"Organization\",\"@id\":\"https:\\\/\\\/blumiz.com\\\/fr\\\/#organization\",\"name\":\"Blumiz CBD\",\"alternateName\":\"Blumiz\",\"url\":\"https:\\\/\\\/blumiz.com\\\/fr\\\/\",\"logo\":{\"@type\":\"ImageObject\",\"inLanguage\":\"fr-FR\",\"@id\":\"https:\\\/\\\/blumiz.com\\\/fr\\\/#\\\/schema\\\/logo\\\/image\\\/\",\"url\":\"https:\\\/\\\/blumiz.com\\\/wp-content\\\/uploads\\\/2026\\\/02\\\/cropped-Blumiz-CBD-logo.webp\",\"contentUrl\":\"https:\\\/\\\/blumiz.com\\\/wp-content\\\/uploads\\\/2026\\\/02\\\/cropped-Blumiz-CBD-logo.webp\",\"width\":2547,\"height\":778,\"caption\":\"Blumiz CBD\"},\"image\":{\"@id\":\"https:\\\/\\\/blumiz.com\\\/fr\\\/#\\\/schema\\\/logo\\\/image\\\/\"}}]}<\/script>\n<meta property=\"product:price:amount\" content=\"36.00\" \/>\n<meta property=\"product:price:currency\" content=\"EUR\" \/>\n<meta property=\"og:availability\" content=\"instock\" \/>\n<meta property=\"product:availability\" content=\"instock\" \/>\n<meta property=\"product:retailer_item_id\" content=\"5859561\" \/>\n<meta property=\"product:condition\" content=\"new\" \/>\n<!-- \/ Yoast SEO Premium plugin. -->","yoast_head_json":{"title":"GORILLA GLUE AUTO (FASTBUDS) FEMINIS\u00c9E (3 graines\/pack) - Blumiz - Premium CBD","description":"GORILLA GLUE AUTO (FASTBUDS) FEMINIS\u00c9E (3 graines\/pack) - Blumiz - Premium CBD","robots":{"index":"index","follow":"follow","max-snippet":"max-snippet:-1","max-image-preview":"max-image-preview:large","max-video-preview":"max-video-preview:-1"},"canonical":"https:\/\/blumiz.com\/fr\/produit\/gorilla-glue-auto-fastbuds-feminisee-3-graines-pack\/","og_locale":"fr_FR","og_type":"article","og_title":"GORILLA GLUE AUTO (FASTBUDS) FEMINIS\u00c9E (3 graines\/pack)","og_description":"GORILLA GLUE AUTO (FASTBUDS) FEMINIS\u00c9E (3 graines\/pack) Blumiz - Premium CBD","og_url":"https:\/\/blumiz.com\/fr\/produit\/gorilla-glue-auto-fastbuds-feminisee-3-graines-pack\/","og_site_name":"Blumiz - Premium CBD","article_modified_time":"2023-06-03T11:47:46+00:00","og_image":[{"width":600,"height":600,"url":"https:\/\/blumiz.com\/wp-content\/uploads\/2022\/09\/Fast-Buds-\u2013-Gorilla-Glue-Automatic-seeds-3seedspack.webp","type":"image\/webp"}],"twitter_card":"summary_large_image","twitter_misc":{"Prix":"36,00&nbsp;&euro;","Disponibilit\u00e9":"En stock"},"schema":{"@context":"https:\/\/schema.org","@graph":[{"@type":"WebPage","@id":"https:\/\/blumiz.com\/fr\/produit\/gorilla-glue-auto-fastbuds-feminisee-3-graines-pack\/","url":"https:\/\/blumiz.com\/fr\/produit\/gorilla-glue-auto-fastbuds-feminisee-3-graines-pack\/","name":"GORILLA GLUE AUTO (FASTBUDS) FEMINIS\u00c9E (3 graines\/pack) - Blumiz - Premium CBD","isPartOf":{"@id":"https:\/\/blumiz.com\/fr\/#website"},"primaryImageOfPage":{"@id":"https:\/\/blumiz.com\/fr\/produit\/gorilla-glue-auto-fastbuds-feminisee-3-graines-pack\/#primaryimage"},"image":{"@id":"https:\/\/blumiz.com\/fr\/produit\/gorilla-glue-auto-fastbuds-feminisee-3-graines-pack\/#primaryimage"},"thumbnailUrl":"https:\/\/blumiz.com\/wp-content\/uploads\/2022\/09\/Fast-Buds-\u2013-Gorilla-Glue-Automatic-seeds-3seedspack.webp","datePublished":"2022-09-09T11:51:36+00:00","dateModified":"2023-06-03T11:47:46+00:00","description":"GORILLA GLUE AUTO (FASTBUDS) FEMINIS\u00c9E (3 graines\/pack) - Blumiz - Premium CBD","breadcrumb":{"@id":"https:\/\/blumiz.com\/fr\/produit\/gorilla-glue-auto-fastbuds-feminisee-3-graines-pack\/#breadcrumb"},"inLanguage":"fr-FR","potentialAction":[{"@type":"ReadAction","target":["https:\/\/blumiz.com\/fr\/produit\/gorilla-glue-auto-fastbuds-feminisee-3-graines-pack\/"]}]},{"@type":"ImageObject","inLanguage":"fr-FR","@id":"https:\/\/blumiz.com\/fr\/produit\/gorilla-glue-auto-fastbuds-feminisee-3-graines-pack\/#primaryimage","url":"https:\/\/blumiz.com\/wp-content\/uploads\/2022\/09\/Fast-Buds-\u2013-Gorilla-Glue-Automatic-seeds-3seedspack.webp","contentUrl":"https:\/\/blumiz.com\/wp-content\/uploads\/2022\/09\/Fast-Buds-\u2013-Gorilla-Glue-Automatic-seeds-3seedspack.webp","width":600,"height":600},{"@type":"BreadcrumbList","@id":"https:\/\/blumiz.com\/fr\/produit\/gorilla-glue-auto-fastbuds-feminisee-3-graines-pack\/#breadcrumb","itemListElement":[{"@type":"ListItem","position":1,"name":"Blumiz","item":"https:\/\/blumiz.com\/fr\/"},{"@type":"ListItem","position":2,"name":"CBD Shop","item":"https:\/\/blumiz.com\/fr\/acheter-cbd-shop\/"},{"@type":"ListItem","position":3,"name":"GORILLA GLUE AUTO (FASTBUDS) FEMINIS\u00c9E (3 graines\/pack)"}]},{"@type":"WebSite","@id":"https:\/\/blumiz.com\/fr\/#website","url":"https:\/\/blumiz.com\/fr\/","name":"Blumiz - Premium CBD","description":"Blumiz, Cannabis specialist","publisher":{"@id":"https:\/\/blumiz.com\/fr\/#organization"},"alternateName":"Blumiz","potentialAction":[{"@type":"SearchAction","target":{"@type":"EntryPoint","urlTemplate":"https:\/\/blumiz.com\/fr\/?s={search_term_string}"},"query-input":{"@type":"PropertyValueSpecification","valueRequired":true,"valueName":"search_term_string"}}],"inLanguage":"fr-FR"},{"@type":"Organization","@id":"https:\/\/blumiz.com\/fr\/#organization","name":"Blumiz CBD","alternateName":"Blumiz","url":"https:\/\/blumiz.com\/fr\/","logo":{"@type":"ImageObject","inLanguage":"fr-FR","@id":"https:\/\/blumiz.com\/fr\/#\/schema\/logo\/image\/","url":"https:\/\/blumiz.com\/wp-content\/uploads\/2026\/02\/cropped-Blumiz-CBD-logo.webp","contentUrl":"https:\/\/blumiz.com\/wp-content\/uploads\/2026\/02\/cropped-Blumiz-CBD-logo.webp","width":2547,"height":778,"caption":"Blumiz CBD"},"image":{"@id":"https:\/\/blumiz.com\/fr\/#\/schema\/logo\/image\/"}}]},"product_price_amount":"36.00","product_price_currency":"EUR","og_availability":"instock","product_availability":"instock","product_retailer_item_id":"5859561","product_condition":"new"},"_links":{"self":[{"href":"https:\/\/blumiz.com\/fr\/wp-json\/wp\/v2\/product\/11610","targetHints":{"allow":["GET"]}}],"collection":[{"href":"https:\/\/blumiz.com\/fr\/wp-json\/wp\/v2\/product"}],"about":[{"href":"https:\/\/blumiz.com\/fr\/wp-json\/wp\/v2\/types\/product"}],"replies":[{"embeddable":true,"href":"https:\/\/blumiz.com\/fr\/wp-json\/wp\/v2\/comments?post=11610"}],"version-history":[{"count":0,"href":"https:\/\/blumiz.com\/fr\/wp-json\/wp\/v2\/product\/11610\/revisions"}],"wp:featuredmedia":[{"embeddable":true,"href":"https:\/\/blumiz.com\/fr\/wp-json\/wp\/v2\/media\/6796"}],"wp:attachment":[{"href":"https:\/\/blumiz.com\/fr\/wp-json\/wp\/v2\/media?parent=11610"}],"wp:term":[{"taxonomy":"product_brand","embeddable":true,"href":"https:\/\/blumiz.com\/fr\/wp-json\/wp\/v2\/product_brand?post=11610"},{"taxonomy":"product_cat","embeddable":true,"href":"https:\/\/blumiz.com\/fr\/wp-json\/wp\/v2\/product_cat?post=11610"},{"taxonomy":"product_tag","embeddable":true,"href":"https:\/\/blumiz.com\/fr\/wp-json\/wp\/v2\/product_tag?post=11610"}],"curies":[{"name":"wp","href":"https:\/\/api.w.org\/{rel}","templated":true}]}}