{"id":11618,"date":"2022-09-09T12:54:59","date_gmt":"2022-09-09T11:54:59","guid":{"rendered":"https:\/\/blumiz.com\/produkt\/northern-light-automatic-royal-queen-seeds-feminisee-3-graines-pack\/"},"modified":"2023-06-03T12:47:47","modified_gmt":"2023-06-03T11:47:47","slug":"northern-light-automatic-royal-queen-seeds-feminisee-3-graines-pack","status":"publish","type":"product","link":"https:\/\/blumiz.com\/fr\/produit\/northern-light-automatic-royal-queen-seeds-feminisee-3-graines-pack\/","title":{"rendered":"NORTHERN LIGHT AUTOMATIC (ROYAL QUEEN SEEDS) FEMINIS\u00c9E (3 graines\/pack)"},"content":{"rendered":"<h2>ROYAL QUEEN SEEDS &#8211; NORTHERN LIGHT AUTOMATIC : PR\u00caT POUR LA R\u00c9COLTE APR\u00c8S 2,5 MOIS<\/h2>\n<p>Northern Light Automatic r\u00e9unit toute la puissance de l&#8217;original photop\u00e9riodique dans une vari\u00e9t\u00e9 compacte qui permet des r\u00e9coltes importantes et des taux de THC \u00e9lev\u00e9s. Elle atteint jusqu&#8217;\u00e0 85 cm en int\u00e9rieur et 150 cm en ext\u00e9rieur et est facile \u00e0 manipuler tout au long de son cycle de croissance. Bien qu&#8217;elle soit connue pour ses performances exceptionnelles en int\u00e9rieur, Northern Light Automatic d\u00e9montre sa puissance aussi bien \u00e0 l&#8217;ext\u00e9rieur qu&#8217;en serre. Apr\u00e8s un galop effr\u00e9n\u00e9 vers la r\u00e9colte, cette vari\u00e9t\u00e9 est pr\u00eate \u00e0 \u00eatre r\u00e9colt\u00e9e environ 10 semaines apr\u00e8s le semis.<\/p>\n<p>Dans les climats chauds, des rendements d&#8217;environ 200 g\/plante sont possibles en plein air, le rendement moyen \u00e9tant d&#8217;environ 150 g\/plante. En int\u00e9rieur, tu peux r\u00e9colter jusqu&#8217;\u00e0 350 g de fleurs magnifiques par m\u00b2. L&#8217;une des caract\u00e9ristiques les plus m\u00e9morables de la Northern Light photop\u00e9riodique est son go\u00fbt sucr\u00e9 et juteux. Tu peux \u00eatre s\u00fbr que la version automatique offre les m\u00eames plaisirs organoleptiques, ce qui conduit \u00e0 un high physique fort mais aussi d\u00e9licieux.<\/p>\n<table id=\"idTab2\" class=\"features-table\">\n<caption class=\"h3\">NORTHERN LIGHT AUTOMATIC (ROYAL QUEEN SEEDS) FEMINISED DATA SHEET<\/caption>\n<tbody>\n<tr>\n<th>Marque<\/th>\n<td>Royal Queen Seeds<\/td>\n<\/tr>\n<tr>\n<th>G\u00e9n\u00e9tique<\/th>\n<td>\u00c0 dominante indica<\/td>\n<\/tr>\n<tr>\n<th>Parents<\/th>\n<td>Amnesia Haze x Skunk x Ruderalis<\/td>\n<\/tr>\n<tr>\n<th>P\u00e9riode de floraison<\/th>\n<td>11-12 semaines de la semence \u00e0 la r\u00e9colte<\/td>\n<\/tr>\n<tr>\n<th>THC<\/th>\n<td>17%<\/td>\n<\/tr>\n<tr>\n<th>CBD<\/th>\n<td>Moyen<\/td>\n<\/tr>\n<tr>\n<th>Rendement de la culture int\u00e9rieure<\/th>\n<td>500-550 gr\/m<\/td>\n<\/tr>\n<tr>\n<th>Rendement de la culture ext\u00e9rieure<\/th>\n<td>150-200 gr\/plant<\/td>\n<\/tr>\n<tr>\n<th>Hauteur int\u00e9rieure<\/th>\n<td>120cm<\/td>\n<\/tr>\n<tr>\n<th>Hauteur ext\u00e9rieure<\/th>\n<td>120cm<\/td>\n<\/tr>\n<tr>\n<th>Disponible en tant que<\/th>\n<td>Graines f\u00e9minis\u00e9es<\/td>\n<\/tr>\n<tr>\n<th>Type de fleur<\/th>\n<td>Auto-florissante<\/td>\n<\/tr>\n<tr>\n<th>Genre<\/th>\n<td>F\u00e9minis\u00e9e<\/td>\n<\/tr>\n<\/tbody>\n<\/table>\n","protected":false},"excerpt":{"rendered":"<p>La Northern Light Automatic de Royal Queen Seeds est un hybride autoflorissant de la c\u00e9l\u00e8bre Northern Light. Cette vari\u00e9t\u00e9 est issue d&#8217;un classique am\u00e9ricain qui a \u00e9t\u00e9 combin\u00e9 \u00e0 la g\u00e9n\u00e9tique afghane pour cr\u00e9er une vari\u00e9t\u00e9 robuste et forte. Dans les ann\u00e9es 80, Northern Light a \u00e9tabli la norme pour la Indoor et a jet\u00e9 les bases d&#8217;une toute nouvelle et vaste classe d&#8217;hybrides sup\u00e9rieurs.<\/p>\n","protected":false},"featured_media":6801,"comment_status":"open","ping_status":"closed","template":"","meta":{"site-sidebar-layout":"default","site-content-layout":"default","ast-site-content-layout":"default","site-content-style":"default","site-sidebar-style":"default","ast-global-header-display":"","ast-banner-title-visibility":"","ast-main-header-display":"","ast-hfb-above-header-display":"","ast-hfb-below-header-display":"","ast-hfb-mobile-header-display":"","site-post-title":"","ast-breadcrumbs-content":"","ast-featured-img":"","footer-sml-layout":"","ast-disable-related-posts":"","theme-transparent-header-meta":"default","adv-header-id-meta":"","stick-header-meta":"default","header-above-stick-meta":"","header-main-stick-meta":"","header-below-stick-meta":"","astra-migrate-meta-layouts":"default","ast-page-background-enabled":"default","ast-page-background-meta":{"desktop":{"background-color":"","background-image":"","background-repeat":"repeat","background-position":"center center","background-size":"auto","background-attachment":"scroll","background-type":"","background-media":"","overlay-type":"","overlay-color":"","overlay-opacity":"","overlay-gradient":""},"tablet":{"background-color":"","background-image":"","background-repeat":"repeat","background-position":"center center","background-size":"auto","background-attachment":"scroll","background-type":"","background-media":"","overlay-type":"","overlay-color":"","overlay-opacity":"","overlay-gradient":""},"mobile":{"background-color":"","background-image":"","background-repeat":"repeat","background-position":"center center","background-size":"auto","background-attachment":"scroll","background-type":"","background-media":"","overlay-type":"","overlay-color":"","overlay-opacity":"","overlay-gradient":""}},"ast-content-background-meta":{"desktop":{"background-color":"var(--ast-global-color-5)","background-image":"","background-repeat":"repeat","background-position":"center center","background-size":"auto","background-attachment":"scroll","background-type":"","background-media":"","overlay-type":"","overlay-color":"","overlay-opacity":"","overlay-gradient":""},"tablet":{"background-color":"var(--ast-global-color-5)","background-image":"","background-repeat":"repeat","background-position":"center center","background-size":"auto","background-attachment":"scroll","background-type":"","background-media":"","overlay-type":"","overlay-color":"","overlay-opacity":"","overlay-gradient":""},"mobile":{"background-color":"var(--ast-global-color-5)","background-image":"","background-repeat":"repeat","background-position":"center center","background-size":"auto","background-attachment":"scroll","background-type":"","background-media":"","overlay-type":"","overlay-color":"","overlay-opacity":"","overlay-gradient":""}}},"product_brand":[],"product_cat":[178],"product_tag":[],"class_list":{"0":"post-11618","1":"product","2":"type-product","3":"status-publish","4":"has-post-thumbnail","6":"product_cat-graines-cannabis-seedshop","7":"desktop-align-left","8":"tablet-align-center","9":"mobile-align-left","10":"ast-product-gallery-layout-vertical","11":"ast-product-gallery-with-no-image","12":"ast-magnify-disabled","13":"ast-product-tabs-layout-horizontal","15":"first","16":"instock","17":"taxable","18":"shipping-taxable","19":"purchasable","20":"product-type-simple"},"yoast_head":"<!-- This site is optimized with the Yoast SEO Premium plugin v27.2 (Yoast SEO v27.5) - https:\/\/yoast.com\/product\/yoast-seo-premium-wordpress\/ -->\n<title>NORTHERN LIGHT AUTOMATIC (ROYAL QUEEN SEEDS) FEMINIS\u00c9E (3 graines\/pack) - Blumiz - Premium CBD<\/title>\n<meta name=\"description\" content=\"NORTHERN LIGHT AUTOMATIC (ROYAL QUEEN SEEDS) FEMINIS\u00c9E (3 graines\/pack) - Blumiz - Premium CBD\" \/>\n<meta name=\"robots\" content=\"index, follow, max-snippet:-1, max-image-preview:large, max-video-preview:-1\" \/>\n<link rel=\"canonical\" href=\"https:\/\/blumiz.com\/fr\/produit\/northern-light-automatic-royal-queen-seeds-feminisee-3-graines-pack\/\" \/>\n<meta property=\"og:locale\" content=\"fr_FR\" \/>\n<meta property=\"og:type\" content=\"article\" \/>\n<meta property=\"og:title\" content=\"NORTHERN LIGHT AUTOMATIC (ROYAL QUEEN SEEDS) FEMINIS\u00c9E (3 graines\/pack)\" \/>\n<meta property=\"og:description\" content=\"NORTHERN LIGHT AUTOMATIC (ROYAL QUEEN SEEDS) FEMINIS\u00c9E (3 graines\/pack) Blumiz - Premium CBD\" \/>\n<meta property=\"og:url\" content=\"https:\/\/blumiz.com\/fr\/produit\/northern-light-automatic-royal-queen-seeds-feminisee-3-graines-pack\/\" \/>\n<meta property=\"og:site_name\" content=\"Blumiz - Premium CBD\" \/>\n<meta property=\"article:modified_time\" content=\"2023-06-03T11:47:47+00:00\" \/>\n<meta property=\"og:image\" content=\"https:\/\/blumiz.com\/wp-content\/uploads\/2022\/09\/Royal-Queen-Seeds-Northern-Light-Auto-autoflowering-cannabis-seeds-3-seeds-pack.webp\" \/>\n\t<meta property=\"og:image:width\" content=\"600\" \/>\n\t<meta property=\"og:image:height\" content=\"600\" \/>\n\t<meta property=\"og:image:type\" content=\"image\/webp\" \/>\n<meta name=\"twitter:card\" content=\"summary_large_image\" \/>\n<meta name=\"twitter:label1\" content=\"Prix\" \/>\n\t<meta name=\"twitter:data1\" content=\"23,00&nbsp;&euro;\" \/>\n\t<meta name=\"twitter:label2\" content=\"Disponibilit\u00e9\" \/>\n\t<meta name=\"twitter:data2\" content=\"En stock\" \/>\n<script type=\"application\/ld+json\" class=\"yoast-schema-graph\">{\"@context\":\"https:\\\/\\\/schema.org\",\"@graph\":[{\"@type\":\"WebPage\",\"@id\":\"https:\\\/\\\/blumiz.com\\\/fr\\\/produit\\\/northern-light-automatic-royal-queen-seeds-feminisee-3-graines-pack\\\/\",\"url\":\"https:\\\/\\\/blumiz.com\\\/fr\\\/produit\\\/northern-light-automatic-royal-queen-seeds-feminisee-3-graines-pack\\\/\",\"name\":\"NORTHERN LIGHT AUTOMATIC (ROYAL QUEEN SEEDS) FEMINIS\u00c9E (3 graines\\\/pack) - Blumiz - Premium CBD\",\"isPartOf\":{\"@id\":\"https:\\\/\\\/blumiz.com\\\/fr\\\/#website\"},\"primaryImageOfPage\":{\"@id\":\"https:\\\/\\\/blumiz.com\\\/fr\\\/produit\\\/northern-light-automatic-royal-queen-seeds-feminisee-3-graines-pack\\\/#primaryimage\"},\"image\":{\"@id\":\"https:\\\/\\\/blumiz.com\\\/fr\\\/produit\\\/northern-light-automatic-royal-queen-seeds-feminisee-3-graines-pack\\\/#primaryimage\"},\"thumbnailUrl\":\"https:\\\/\\\/blumiz.com\\\/wp-content\\\/uploads\\\/2022\\\/09\\\/Royal-Queen-Seeds-Northern-Light-Auto-autoflowering-cannabis-seeds-3-seeds-pack.webp\",\"datePublished\":\"2022-09-09T11:54:59+00:00\",\"dateModified\":\"2023-06-03T11:47:47+00:00\",\"description\":\"NORTHERN LIGHT AUTOMATIC (ROYAL QUEEN SEEDS) FEMINIS\u00c9E (3 graines\\\/pack) - Blumiz - Premium CBD\",\"breadcrumb\":{\"@id\":\"https:\\\/\\\/blumiz.com\\\/fr\\\/produit\\\/northern-light-automatic-royal-queen-seeds-feminisee-3-graines-pack\\\/#breadcrumb\"},\"inLanguage\":\"fr-FR\",\"potentialAction\":[{\"@type\":\"ReadAction\",\"target\":[\"https:\\\/\\\/blumiz.com\\\/fr\\\/produit\\\/northern-light-automatic-royal-queen-seeds-feminisee-3-graines-pack\\\/\"]}]},{\"@type\":\"ImageObject\",\"inLanguage\":\"fr-FR\",\"@id\":\"https:\\\/\\\/blumiz.com\\\/fr\\\/produit\\\/northern-light-automatic-royal-queen-seeds-feminisee-3-graines-pack\\\/#primaryimage\",\"url\":\"https:\\\/\\\/blumiz.com\\\/wp-content\\\/uploads\\\/2022\\\/09\\\/Royal-Queen-Seeds-Northern-Light-Auto-autoflowering-cannabis-seeds-3-seeds-pack.webp\",\"contentUrl\":\"https:\\\/\\\/blumiz.com\\\/wp-content\\\/uploads\\\/2022\\\/09\\\/Royal-Queen-Seeds-Northern-Light-Auto-autoflowering-cannabis-seeds-3-seeds-pack.webp\",\"width\":600,\"height\":600},{\"@type\":\"BreadcrumbList\",\"@id\":\"https:\\\/\\\/blumiz.com\\\/fr\\\/produit\\\/northern-light-automatic-royal-queen-seeds-feminisee-3-graines-pack\\\/#breadcrumb\",\"itemListElement\":[{\"@type\":\"ListItem\",\"position\":1,\"name\":\"Blumiz\",\"item\":\"https:\\\/\\\/blumiz.com\\\/fr\\\/\"},{\"@type\":\"ListItem\",\"position\":2,\"name\":\"CBD Shop\",\"item\":\"https:\\\/\\\/blumiz.com\\\/fr\\\/acheter-cbd-shop\\\/\"},{\"@type\":\"ListItem\",\"position\":3,\"name\":\"NORTHERN LIGHT AUTOMATIC (ROYAL QUEEN SEEDS) FEMINIS\u00c9E (3 graines\\\/pack)\"}]},{\"@type\":\"WebSite\",\"@id\":\"https:\\\/\\\/blumiz.com\\\/fr\\\/#website\",\"url\":\"https:\\\/\\\/blumiz.com\\\/fr\\\/\",\"name\":\"Blumiz - Premium CBD\",\"description\":\"Blumiz, Cannabis specialist\",\"publisher\":{\"@id\":\"https:\\\/\\\/blumiz.com\\\/fr\\\/#organization\"},\"alternateName\":\"Blumiz\",\"potentialAction\":[{\"@type\":\"SearchAction\",\"target\":{\"@type\":\"EntryPoint\",\"urlTemplate\":\"https:\\\/\\\/blumiz.com\\\/fr\\\/?s={search_term_string}\"},\"query-input\":{\"@type\":\"PropertyValueSpecification\",\"valueRequired\":true,\"valueName\":\"search_term_string\"}}],\"inLanguage\":\"fr-FR\"},{\"@type\":\"Organization\",\"@id\":\"https:\\\/\\\/blumiz.com\\\/fr\\\/#organization\",\"name\":\"Blumiz CBD\",\"alternateName\":\"Blumiz\",\"url\":\"https:\\\/\\\/blumiz.com\\\/fr\\\/\",\"logo\":{\"@type\":\"ImageObject\",\"inLanguage\":\"fr-FR\",\"@id\":\"https:\\\/\\\/blumiz.com\\\/fr\\\/#\\\/schema\\\/logo\\\/image\\\/\",\"url\":\"https:\\\/\\\/blumiz.com\\\/wp-content\\\/uploads\\\/2026\\\/02\\\/cropped-Blumiz-CBD-logo.webp\",\"contentUrl\":\"https:\\\/\\\/blumiz.com\\\/wp-content\\\/uploads\\\/2026\\\/02\\\/cropped-Blumiz-CBD-logo.webp\",\"width\":2547,\"height\":778,\"caption\":\"Blumiz CBD\"},\"image\":{\"@id\":\"https:\\\/\\\/blumiz.com\\\/fr\\\/#\\\/schema\\\/logo\\\/image\\\/\"}}]}<\/script>\n<meta property=\"product:price:amount\" content=\"23.00\" \/>\n<meta property=\"product:price:currency\" content=\"EUR\" \/>\n<meta property=\"og:availability\" content=\"instock\" \/>\n<meta property=\"product:availability\" content=\"instock\" \/>\n<meta property=\"product:retailer_item_id\" content=\"7316684\" \/>\n<meta property=\"product:condition\" content=\"new\" \/>\n<!-- \/ Yoast SEO Premium plugin. -->","yoast_head_json":{"title":"NORTHERN LIGHT AUTOMATIC (ROYAL QUEEN SEEDS) FEMINIS\u00c9E (3 graines\/pack) - Blumiz - Premium CBD","description":"NORTHERN LIGHT AUTOMATIC (ROYAL QUEEN SEEDS) FEMINIS\u00c9E (3 graines\/pack) - Blumiz - Premium CBD","robots":{"index":"index","follow":"follow","max-snippet":"max-snippet:-1","max-image-preview":"max-image-preview:large","max-video-preview":"max-video-preview:-1"},"canonical":"https:\/\/blumiz.com\/fr\/produit\/northern-light-automatic-royal-queen-seeds-feminisee-3-graines-pack\/","og_locale":"fr_FR","og_type":"article","og_title":"NORTHERN LIGHT AUTOMATIC (ROYAL QUEEN SEEDS) FEMINIS\u00c9E (3 graines\/pack)","og_description":"NORTHERN LIGHT AUTOMATIC (ROYAL QUEEN SEEDS) FEMINIS\u00c9E (3 graines\/pack) Blumiz - Premium CBD","og_url":"https:\/\/blumiz.com\/fr\/produit\/northern-light-automatic-royal-queen-seeds-feminisee-3-graines-pack\/","og_site_name":"Blumiz - Premium CBD","article_modified_time":"2023-06-03T11:47:47+00:00","og_image":[{"width":600,"height":600,"url":"https:\/\/blumiz.com\/wp-content\/uploads\/2022\/09\/Royal-Queen-Seeds-Northern-Light-Auto-autoflowering-cannabis-seeds-3-seeds-pack.webp","type":"image\/webp"}],"twitter_card":"summary_large_image","twitter_misc":{"Prix":"23,00&nbsp;&euro;","Disponibilit\u00e9":"En stock"},"schema":{"@context":"https:\/\/schema.org","@graph":[{"@type":"WebPage","@id":"https:\/\/blumiz.com\/fr\/produit\/northern-light-automatic-royal-queen-seeds-feminisee-3-graines-pack\/","url":"https:\/\/blumiz.com\/fr\/produit\/northern-light-automatic-royal-queen-seeds-feminisee-3-graines-pack\/","name":"NORTHERN LIGHT AUTOMATIC (ROYAL QUEEN SEEDS) FEMINIS\u00c9E (3 graines\/pack) - Blumiz - Premium CBD","isPartOf":{"@id":"https:\/\/blumiz.com\/fr\/#website"},"primaryImageOfPage":{"@id":"https:\/\/blumiz.com\/fr\/produit\/northern-light-automatic-royal-queen-seeds-feminisee-3-graines-pack\/#primaryimage"},"image":{"@id":"https:\/\/blumiz.com\/fr\/produit\/northern-light-automatic-royal-queen-seeds-feminisee-3-graines-pack\/#primaryimage"},"thumbnailUrl":"https:\/\/blumiz.com\/wp-content\/uploads\/2022\/09\/Royal-Queen-Seeds-Northern-Light-Auto-autoflowering-cannabis-seeds-3-seeds-pack.webp","datePublished":"2022-09-09T11:54:59+00:00","dateModified":"2023-06-03T11:47:47+00:00","description":"NORTHERN LIGHT AUTOMATIC (ROYAL QUEEN SEEDS) FEMINIS\u00c9E (3 graines\/pack) - Blumiz - Premium CBD","breadcrumb":{"@id":"https:\/\/blumiz.com\/fr\/produit\/northern-light-automatic-royal-queen-seeds-feminisee-3-graines-pack\/#breadcrumb"},"inLanguage":"fr-FR","potentialAction":[{"@type":"ReadAction","target":["https:\/\/blumiz.com\/fr\/produit\/northern-light-automatic-royal-queen-seeds-feminisee-3-graines-pack\/"]}]},{"@type":"ImageObject","inLanguage":"fr-FR","@id":"https:\/\/blumiz.com\/fr\/produit\/northern-light-automatic-royal-queen-seeds-feminisee-3-graines-pack\/#primaryimage","url":"https:\/\/blumiz.com\/wp-content\/uploads\/2022\/09\/Royal-Queen-Seeds-Northern-Light-Auto-autoflowering-cannabis-seeds-3-seeds-pack.webp","contentUrl":"https:\/\/blumiz.com\/wp-content\/uploads\/2022\/09\/Royal-Queen-Seeds-Northern-Light-Auto-autoflowering-cannabis-seeds-3-seeds-pack.webp","width":600,"height":600},{"@type":"BreadcrumbList","@id":"https:\/\/blumiz.com\/fr\/produit\/northern-light-automatic-royal-queen-seeds-feminisee-3-graines-pack\/#breadcrumb","itemListElement":[{"@type":"ListItem","position":1,"name":"Blumiz","item":"https:\/\/blumiz.com\/fr\/"},{"@type":"ListItem","position":2,"name":"CBD Shop","item":"https:\/\/blumiz.com\/fr\/acheter-cbd-shop\/"},{"@type":"ListItem","position":3,"name":"NORTHERN LIGHT AUTOMATIC (ROYAL QUEEN SEEDS) FEMINIS\u00c9E (3 graines\/pack)"}]},{"@type":"WebSite","@id":"https:\/\/blumiz.com\/fr\/#website","url":"https:\/\/blumiz.com\/fr\/","name":"Blumiz - Premium CBD","description":"Blumiz, Cannabis specialist","publisher":{"@id":"https:\/\/blumiz.com\/fr\/#organization"},"alternateName":"Blumiz","potentialAction":[{"@type":"SearchAction","target":{"@type":"EntryPoint","urlTemplate":"https:\/\/blumiz.com\/fr\/?s={search_term_string}"},"query-input":{"@type":"PropertyValueSpecification","valueRequired":true,"valueName":"search_term_string"}}],"inLanguage":"fr-FR"},{"@type":"Organization","@id":"https:\/\/blumiz.com\/fr\/#organization","name":"Blumiz CBD","alternateName":"Blumiz","url":"https:\/\/blumiz.com\/fr\/","logo":{"@type":"ImageObject","inLanguage":"fr-FR","@id":"https:\/\/blumiz.com\/fr\/#\/schema\/logo\/image\/","url":"https:\/\/blumiz.com\/wp-content\/uploads\/2026\/02\/cropped-Blumiz-CBD-logo.webp","contentUrl":"https:\/\/blumiz.com\/wp-content\/uploads\/2026\/02\/cropped-Blumiz-CBD-logo.webp","width":2547,"height":778,"caption":"Blumiz CBD"},"image":{"@id":"https:\/\/blumiz.com\/fr\/#\/schema\/logo\/image\/"}}]},"product_price_amount":"23.00","product_price_currency":"EUR","og_availability":"instock","product_availability":"instock","product_retailer_item_id":"7316684","product_condition":"new"},"_links":{"self":[{"href":"https:\/\/blumiz.com\/fr\/wp-json\/wp\/v2\/product\/11618","targetHints":{"allow":["GET"]}}],"collection":[{"href":"https:\/\/blumiz.com\/fr\/wp-json\/wp\/v2\/product"}],"about":[{"href":"https:\/\/blumiz.com\/fr\/wp-json\/wp\/v2\/types\/product"}],"replies":[{"embeddable":true,"href":"https:\/\/blumiz.com\/fr\/wp-json\/wp\/v2\/comments?post=11618"}],"version-history":[{"count":0,"href":"https:\/\/blumiz.com\/fr\/wp-json\/wp\/v2\/product\/11618\/revisions"}],"wp:featuredmedia":[{"embeddable":true,"href":"https:\/\/blumiz.com\/fr\/wp-json\/wp\/v2\/media\/6801"}],"wp:attachment":[{"href":"https:\/\/blumiz.com\/fr\/wp-json\/wp\/v2\/media?parent=11618"}],"wp:term":[{"taxonomy":"product_brand","embeddable":true,"href":"https:\/\/blumiz.com\/fr\/wp-json\/wp\/v2\/product_brand?post=11618"},{"taxonomy":"product_cat","embeddable":true,"href":"https:\/\/blumiz.com\/fr\/wp-json\/wp\/v2\/product_cat?post=11618"},{"taxonomy":"product_tag","embeddable":true,"href":"https:\/\/blumiz.com\/fr\/wp-json\/wp\/v2\/product_tag?post=11618"}],"curies":[{"name":"wp","href":"https:\/\/api.w.org\/{rel}","templated":true}]}}