{"id":11638,"date":"2020-09-07T09:23:46","date_gmt":"2020-09-07T08:23:46","guid":{"rendered":"https:\/\/blumiz.com\/produkt\/spray-dhuile-de-cbd-a-la-menthe-150mg-harmony\/"},"modified":"2025-08-05T09:40:46","modified_gmt":"2025-08-05T08:40:46","slug":"cbd-oil-spray-avec-gout-de-menthe-mint-cbd-oil-spray-150mg-15ml-harmony","status":"publish","type":"product","link":"https:\/\/blumiz.com\/fr\/produit\/cbd-oil-spray-avec-gout-de-menthe-mint-cbd-oil-spray-150mg-15ml-harmony\/","title":{"rendered":"Spray d&#8217;huile de CBD \u00e0 la menthe &#8211; 150mg Harmony"},"content":{"rendered":"<p>Description<\/p>\n<p>Un spray buccal diff\u00e9rent<\/p>\n<p>La caract\u00e9ristique la plus frappante de ce spray Harmony Mint CBD 150 mg est que, contrairement aux autres sprays, il ne vous garde pas seulement frais. La fra\u00eecheur menthol\u00e9e de ce spray au CBD n&#8217;est qu&#8217;un de ses nombreux avantages potentiels.<\/p>\n<p>flacon de 15 ml<\/p>\n<p>De plus, en raison de la teneur douce en CBD de 150 mg, vous serez oblig\u00e9 d&#8217;acheter ce spray. Selon plusieurs \u00e9tudes, le CBD pr\u00e9sente de nombreux avantages pour la sant\u00e9, ce qui en fera rapidement un de vos fans pr\u00e9f\u00e9r\u00e9s. Le fait plus int\u00e9ressant est que l&#8217;extrait de CBD contenu dans Harmony Mint CBD Spray 150 mg est le &#8220;CBD \u00e0 large spectre&#8221;. Ce type de CBD ne contient pas seulement du cannabidiol, mais aussi du CBG, d&#8217;autres phytocannabino\u00efdes, des flavono\u00efdes et des terp\u00e8nes. L&#8217;interaction de tous ces compos\u00e9s peut augmenter la probabilit\u00e9 d&#8217;exp\u00e9rimenter les avantages potentiels probables du CBD pour la sant\u00e9.<\/p>\n<p>Questions d&#8217;emballage<br \/>\nHarmony Mint CBD Spray 150 mg est g\u00e9n\u00e9ralement emball\u00e9 de mani\u00e8re esth\u00e9tique et attirera votre attention. La portabilit\u00e9 de ce spray CBD est \u00e9galement un bonus suppl\u00e9mentaire, car elle rend ce produit facile \u00e0 transporter dans un sac \u00e0 main, une poche ou un sac. Cependant, le bel emballage ext\u00e9rieur compl\u00e8te simplement l&#8217;emballage int\u00e9rieur bien pens\u00e9.<\/p>\n<p>Le spray CBD Menthe d&#8217;Harmony a \u00e9t\u00e9 d\u00e9velopp\u00e9 avec un embout con\u00e7u pour vaporiser exactement 0,1 ml de produit \u00e0 chaque coup. Cela devrait vous aider \u00e0 doser et \u00e0 vous assurer que vous connaissez la quantit\u00e9 de CBD contenue dans ce produit. Comme ce produit ne contient pas de THC, vous n&#8217;avez pas \u00e0 vous soucier des effets psychoactifs.<\/p>\n<p>Ingr\u00e9dients :<\/p>\n<p>Triglyc\u00e9rides capryliques\/capriques (huile de noix de coco MCT), huile de fruit d&#8217;Olea Europaea (olive), extrait de chanvre \u00e0 large spectre (CBD-150 mg, CBG-4 mg), huile de cannabis sativa, limon\u00e8ne, huile de menthe poivr\u00e9e.<\/p>\n","protected":false},"excerpt":{"rendered":"<p>Le spray \u00e0 l&#8217;huile de CBD au doux go\u00fbt de chanvre vous d\u00e9tend et vous relaxe pour des journ\u00e9es et des nuits tranquilles. La synergie d&#8217;ingr\u00e9dients naturels et d&#8217;extraits de chanvre a un effet durable sur votre bien-\u00eatre mental et vous aide \u00e0 lutter contre les coups de stress.<br \/>\nFlacon de 15 ml<\/p>\n","protected":false},"featured_media":6759,"comment_status":"open","ping_status":"closed","template":"","meta":{"site-sidebar-layout":"default","site-content-layout":"default","ast-site-content-layout":"default","site-content-style":"default","site-sidebar-style":"default","ast-global-header-display":"","ast-banner-title-visibility":"","ast-main-header-display":"","ast-hfb-above-header-display":"","ast-hfb-below-header-display":"","ast-hfb-mobile-header-display":"","site-post-title":"","ast-breadcrumbs-content":"","ast-featured-img":"","footer-sml-layout":"","ast-disable-related-posts":"","theme-transparent-header-meta":"default","adv-header-id-meta":"","stick-header-meta":"default","header-above-stick-meta":"","header-main-stick-meta":"","header-below-stick-meta":"","astra-migrate-meta-layouts":"default","ast-page-background-enabled":"default","ast-page-background-meta":{"desktop":{"background-color":"","background-image":"","background-repeat":"repeat","background-position":"center center","background-size":"auto","background-attachment":"scroll","background-type":"","background-media":"","overlay-type":"","overlay-color":"","overlay-opacity":"","overlay-gradient":""},"tablet":{"background-color":"","background-image":"","background-repeat":"repeat","background-position":"center center","background-size":"auto","background-attachment":"scroll","background-type":"","background-media":"","overlay-type":"","overlay-color":"","overlay-opacity":"","overlay-gradient":""},"mobile":{"background-color":"","background-image":"","background-repeat":"repeat","background-position":"center center","background-size":"auto","background-attachment":"scroll","background-type":"","background-media":"","overlay-type":"","overlay-color":"","overlay-opacity":"","overlay-gradient":""}},"ast-content-background-meta":{"desktop":{"background-color":"var(--ast-global-color-5)","background-image":"","background-repeat":"repeat","background-position":"center center","background-size":"auto","background-attachment":"scroll","background-type":"","background-media":"","overlay-type":"","overlay-color":"","overlay-opacity":"","overlay-gradient":""},"tablet":{"background-color":"var(--ast-global-color-5)","background-image":"","background-repeat":"repeat","background-position":"center center","background-size":"auto","background-attachment":"scroll","background-type":"","background-media":"","overlay-type":"","overlay-color":"","overlay-opacity":"","overlay-gradient":""},"mobile":{"background-color":"var(--ast-global-color-5)","background-image":"","background-repeat":"repeat","background-position":"center center","background-size":"auto","background-attachment":"scroll","background-type":"","background-media":"","overlay-type":"","overlay-color":"","overlay-opacity":"","overlay-gradient":""}}},"product_brand":[],"product_cat":[169,304,173],"product_tag":[],"class_list":{"0":"post-11638","1":"product","2":"type-product","3":"status-publish","4":"has-post-thumbnail","6":"product_cat-bien-etre-cbd","7":"product_cat-cbd-fr","8":"product_cat-huiles-et-gelules-cbd","9":"pa_cbd-rate-plus-de-20-cbd","10":"desktop-align-left","11":"tablet-align-center","12":"mobile-align-left","13":"ast-product-gallery-layout-vertical","14":"ast-product-gallery-with-no-image","15":"ast-magnify-disabled","16":"ast-product-tabs-layout-horizontal","18":"first","19":"instock","20":"taxable","21":"shipping-taxable","22":"purchasable","23":"product-type-simple"},"yoast_head":"<!-- This site is optimized with the Yoast SEO Premium plugin v27.2 (Yoast SEO v27.4) - https:\/\/yoast.com\/product\/yoast-seo-premium-wordpress\/ -->\n<title>Spray d&#039;huile de CBD \u00e0 la menthe - 150mg Harmony - Blumiz - Premium CBD<\/title>\n<meta name=\"description\" content=\"Spray d&#039;huile de CBD \u00e0 la menthe - 150mg Harmony - Blumiz - Premium CBD\" \/>\n<meta name=\"robots\" content=\"index, follow, max-snippet:-1, max-image-preview:large, max-video-preview:-1\" \/>\n<link rel=\"canonical\" href=\"https:\/\/blumiz.com\/fr\/produit\/cbd-oil-spray-avec-gout-de-menthe-mint-cbd-oil-spray-150mg-15ml-harmony\/\" \/>\n<meta property=\"og:locale\" content=\"fr_FR\" \/>\n<meta property=\"og:type\" content=\"article\" \/>\n<meta property=\"og:title\" content=\"Spray d&#039;huile de CBD \u00e0 la menthe - 150mg Harmony\" \/>\n<meta property=\"og:description\" content=\"Spray d&#039;huile de CBD \u00e0 la menthe - 150mg Harmony Blumiz - Premium CBD\" \/>\n<meta property=\"og:url\" content=\"https:\/\/blumiz.com\/fr\/produit\/cbd-oil-spray-avec-gout-de-menthe-mint-cbd-oil-spray-150mg-15ml-harmony\/\" \/>\n<meta property=\"og:site_name\" content=\"Blumiz - Premium CBD\" \/>\n<meta property=\"article:modified_time\" content=\"2025-08-05T08:40:46+00:00\" \/>\n<meta property=\"og:image\" content=\"https:\/\/blumiz.com\/wp-content\/uploads\/2022\/09\/Harmony-Minze-CBD-Spray-150mg-15ml.webp\" \/>\n\t<meta property=\"og:image:width\" content=\"600\" \/>\n\t<meta property=\"og:image:height\" content=\"600\" \/>\n\t<meta property=\"og:image:type\" content=\"image\/webp\" \/>\n<meta name=\"twitter:card\" content=\"summary_large_image\" \/>\n<meta name=\"twitter:label1\" content=\"Prix\" \/>\n\t<meta name=\"twitter:data1\" content=\"17,99&nbsp;&euro;\" \/>\n\t<meta name=\"twitter:label2\" content=\"Disponibilit\u00e9\" \/>\n\t<meta name=\"twitter:data2\" content=\"En stock\" \/>\n<script type=\"application\/ld+json\" class=\"yoast-schema-graph\">{\"@context\":\"https:\\\/\\\/schema.org\",\"@graph\":[{\"@type\":\"WebPage\",\"@id\":\"https:\\\/\\\/blumiz.com\\\/fr\\\/produit\\\/cbd-oil-spray-avec-gout-de-menthe-mint-cbd-oil-spray-150mg-15ml-harmony\\\/\",\"url\":\"https:\\\/\\\/blumiz.com\\\/fr\\\/produit\\\/cbd-oil-spray-avec-gout-de-menthe-mint-cbd-oil-spray-150mg-15ml-harmony\\\/\",\"name\":\"Spray d'huile de CBD \u00e0 la menthe - 150mg Harmony - Blumiz - Premium CBD\",\"isPartOf\":{\"@id\":\"https:\\\/\\\/blumiz.com\\\/fr\\\/#website\"},\"primaryImageOfPage\":{\"@id\":\"https:\\\/\\\/blumiz.com\\\/fr\\\/produit\\\/cbd-oil-spray-avec-gout-de-menthe-mint-cbd-oil-spray-150mg-15ml-harmony\\\/#primaryimage\"},\"image\":{\"@id\":\"https:\\\/\\\/blumiz.com\\\/fr\\\/produit\\\/cbd-oil-spray-avec-gout-de-menthe-mint-cbd-oil-spray-150mg-15ml-harmony\\\/#primaryimage\"},\"thumbnailUrl\":\"https:\\\/\\\/blumiz.com\\\/wp-content\\\/uploads\\\/2022\\\/09\\\/Harmony-Minze-CBD-Spray-150mg-15ml.webp\",\"datePublished\":\"2020-09-07T08:23:46+00:00\",\"dateModified\":\"2025-08-05T08:40:46+00:00\",\"description\":\"Spray d'huile de CBD \u00e0 la menthe - 150mg Harmony - Blumiz - Premium CBD\",\"breadcrumb\":{\"@id\":\"https:\\\/\\\/blumiz.com\\\/fr\\\/produit\\\/cbd-oil-spray-avec-gout-de-menthe-mint-cbd-oil-spray-150mg-15ml-harmony\\\/#breadcrumb\"},\"inLanguage\":\"fr-FR\",\"potentialAction\":[{\"@type\":\"ReadAction\",\"target\":[\"https:\\\/\\\/blumiz.com\\\/fr\\\/produit\\\/cbd-oil-spray-avec-gout-de-menthe-mint-cbd-oil-spray-150mg-15ml-harmony\\\/\"]}]},{\"@type\":\"ImageObject\",\"inLanguage\":\"fr-FR\",\"@id\":\"https:\\\/\\\/blumiz.com\\\/fr\\\/produit\\\/cbd-oil-spray-avec-gout-de-menthe-mint-cbd-oil-spray-150mg-15ml-harmony\\\/#primaryimage\",\"url\":\"https:\\\/\\\/blumiz.com\\\/wp-content\\\/uploads\\\/2022\\\/09\\\/Harmony-Minze-CBD-Spray-150mg-15ml.webp\",\"contentUrl\":\"https:\\\/\\\/blumiz.com\\\/wp-content\\\/uploads\\\/2022\\\/09\\\/Harmony-Minze-CBD-Spray-150mg-15ml.webp\",\"width\":600,\"height\":600},{\"@type\":\"BreadcrumbList\",\"@id\":\"https:\\\/\\\/blumiz.com\\\/fr\\\/produit\\\/cbd-oil-spray-avec-gout-de-menthe-mint-cbd-oil-spray-150mg-15ml-harmony\\\/#breadcrumb\",\"itemListElement\":[{\"@type\":\"ListItem\",\"position\":1,\"name\":\"Blumiz\",\"item\":\"https:\\\/\\\/blumiz.com\\\/fr\\\/\"},{\"@type\":\"ListItem\",\"position\":2,\"name\":\"CBD Shop\",\"item\":\"https:\\\/\\\/blumiz.com\\\/fr\\\/acheter-cbd-shop\\\/\"},{\"@type\":\"ListItem\",\"position\":3,\"name\":\"Bien \u00eatre CBD\",\"item\":\"https:\\\/\\\/blumiz.com\\\/fr\\\/category\\\/bien-etre-cbd\\\/\"},{\"@type\":\"ListItem\",\"position\":4,\"name\":\"Huiles et g\u00e9lules CBD\",\"item\":\"https:\\\/\\\/blumiz.com\\\/fr\\\/category\\\/bien-etre-cbd\\\/huiles-et-gelules-cbd\\\/\"},{\"@type\":\"ListItem\",\"position\":5,\"name\":\"Spray d&#8217;huile de CBD \u00e0 la menthe &#8211; 150mg Harmony\"}]},{\"@type\":\"WebSite\",\"@id\":\"https:\\\/\\\/blumiz.com\\\/fr\\\/#website\",\"url\":\"https:\\\/\\\/blumiz.com\\\/fr\\\/\",\"name\":\"Blumiz - Premium CBD\",\"description\":\"Blumiz, Cannabis specialist\",\"publisher\":{\"@id\":\"https:\\\/\\\/blumiz.com\\\/fr\\\/#organization\"},\"alternateName\":\"Blumiz\",\"potentialAction\":[{\"@type\":\"SearchAction\",\"target\":{\"@type\":\"EntryPoint\",\"urlTemplate\":\"https:\\\/\\\/blumiz.com\\\/fr\\\/?s={search_term_string}\"},\"query-input\":{\"@type\":\"PropertyValueSpecification\",\"valueRequired\":true,\"valueName\":\"search_term_string\"}}],\"inLanguage\":\"fr-FR\"},{\"@type\":\"Organization\",\"@id\":\"https:\\\/\\\/blumiz.com\\\/fr\\\/#organization\",\"name\":\"Blumiz CBD\",\"alternateName\":\"Blumiz\",\"url\":\"https:\\\/\\\/blumiz.com\\\/fr\\\/\",\"logo\":{\"@type\":\"ImageObject\",\"inLanguage\":\"fr-FR\",\"@id\":\"https:\\\/\\\/blumiz.com\\\/fr\\\/#\\\/schema\\\/logo\\\/image\\\/\",\"url\":\"https:\\\/\\\/blumiz.com\\\/wp-content\\\/uploads\\\/2026\\\/02\\\/cropped-Blumiz-CBD-logo.webp\",\"contentUrl\":\"https:\\\/\\\/blumiz.com\\\/wp-content\\\/uploads\\\/2026\\\/02\\\/cropped-Blumiz-CBD-logo.webp\",\"width\":2547,\"height\":778,\"caption\":\"Blumiz CBD\"},\"image\":{\"@id\":\"https:\\\/\\\/blumiz.com\\\/fr\\\/#\\\/schema\\\/logo\\\/image\\\/\"}}]}<\/script>\n<meta property=\"product:price:amount\" content=\"17.99\" \/>\n<meta property=\"product:price:currency\" content=\"EUR\" \/>\n<meta property=\"og:availability\" content=\"instock\" \/>\n<meta property=\"product:availability\" content=\"instock\" \/>\n<meta property=\"product:retailer_item_id\" content=\"89121\" \/>\n<meta property=\"product:condition\" content=\"new\" \/>\n<!-- \/ Yoast SEO Premium plugin. -->","yoast_head_json":{"title":"Spray d'huile de CBD \u00e0 la menthe - 150mg Harmony - Blumiz - Premium CBD","description":"Spray d'huile de CBD \u00e0 la menthe - 150mg Harmony - Blumiz - Premium CBD","robots":{"index":"index","follow":"follow","max-snippet":"max-snippet:-1","max-image-preview":"max-image-preview:large","max-video-preview":"max-video-preview:-1"},"canonical":"https:\/\/blumiz.com\/fr\/produit\/cbd-oil-spray-avec-gout-de-menthe-mint-cbd-oil-spray-150mg-15ml-harmony\/","og_locale":"fr_FR","og_type":"article","og_title":"Spray d'huile de CBD \u00e0 la menthe - 150mg Harmony","og_description":"Spray d'huile de CBD \u00e0 la menthe - 150mg Harmony Blumiz - Premium CBD","og_url":"https:\/\/blumiz.com\/fr\/produit\/cbd-oil-spray-avec-gout-de-menthe-mint-cbd-oil-spray-150mg-15ml-harmony\/","og_site_name":"Blumiz - Premium CBD","article_modified_time":"2025-08-05T08:40:46+00:00","og_image":[{"width":600,"height":600,"url":"https:\/\/blumiz.com\/wp-content\/uploads\/2022\/09\/Harmony-Minze-CBD-Spray-150mg-15ml.webp","type":"image\/webp"}],"twitter_card":"summary_large_image","twitter_misc":{"Prix":"17,99&nbsp;&euro;","Disponibilit\u00e9":"En stock"},"schema":{"@context":"https:\/\/schema.org","@graph":[{"@type":"WebPage","@id":"https:\/\/blumiz.com\/fr\/produit\/cbd-oil-spray-avec-gout-de-menthe-mint-cbd-oil-spray-150mg-15ml-harmony\/","url":"https:\/\/blumiz.com\/fr\/produit\/cbd-oil-spray-avec-gout-de-menthe-mint-cbd-oil-spray-150mg-15ml-harmony\/","name":"Spray d'huile de CBD \u00e0 la menthe - 150mg Harmony - Blumiz - Premium CBD","isPartOf":{"@id":"https:\/\/blumiz.com\/fr\/#website"},"primaryImageOfPage":{"@id":"https:\/\/blumiz.com\/fr\/produit\/cbd-oil-spray-avec-gout-de-menthe-mint-cbd-oil-spray-150mg-15ml-harmony\/#primaryimage"},"image":{"@id":"https:\/\/blumiz.com\/fr\/produit\/cbd-oil-spray-avec-gout-de-menthe-mint-cbd-oil-spray-150mg-15ml-harmony\/#primaryimage"},"thumbnailUrl":"https:\/\/blumiz.com\/wp-content\/uploads\/2022\/09\/Harmony-Minze-CBD-Spray-150mg-15ml.webp","datePublished":"2020-09-07T08:23:46+00:00","dateModified":"2025-08-05T08:40:46+00:00","description":"Spray d'huile de CBD \u00e0 la menthe - 150mg Harmony - Blumiz - Premium CBD","breadcrumb":{"@id":"https:\/\/blumiz.com\/fr\/produit\/cbd-oil-spray-avec-gout-de-menthe-mint-cbd-oil-spray-150mg-15ml-harmony\/#breadcrumb"},"inLanguage":"fr-FR","potentialAction":[{"@type":"ReadAction","target":["https:\/\/blumiz.com\/fr\/produit\/cbd-oil-spray-avec-gout-de-menthe-mint-cbd-oil-spray-150mg-15ml-harmony\/"]}]},{"@type":"ImageObject","inLanguage":"fr-FR","@id":"https:\/\/blumiz.com\/fr\/produit\/cbd-oil-spray-avec-gout-de-menthe-mint-cbd-oil-spray-150mg-15ml-harmony\/#primaryimage","url":"https:\/\/blumiz.com\/wp-content\/uploads\/2022\/09\/Harmony-Minze-CBD-Spray-150mg-15ml.webp","contentUrl":"https:\/\/blumiz.com\/wp-content\/uploads\/2022\/09\/Harmony-Minze-CBD-Spray-150mg-15ml.webp","width":600,"height":600},{"@type":"BreadcrumbList","@id":"https:\/\/blumiz.com\/fr\/produit\/cbd-oil-spray-avec-gout-de-menthe-mint-cbd-oil-spray-150mg-15ml-harmony\/#breadcrumb","itemListElement":[{"@type":"ListItem","position":1,"name":"Blumiz","item":"https:\/\/blumiz.com\/fr\/"},{"@type":"ListItem","position":2,"name":"CBD Shop","item":"https:\/\/blumiz.com\/fr\/acheter-cbd-shop\/"},{"@type":"ListItem","position":3,"name":"Bien \u00eatre CBD","item":"https:\/\/blumiz.com\/fr\/category\/bien-etre-cbd\/"},{"@type":"ListItem","position":4,"name":"Huiles et g\u00e9lules CBD","item":"https:\/\/blumiz.com\/fr\/category\/bien-etre-cbd\/huiles-et-gelules-cbd\/"},{"@type":"ListItem","position":5,"name":"Spray d&#8217;huile de CBD \u00e0 la menthe &#8211; 150mg Harmony"}]},{"@type":"WebSite","@id":"https:\/\/blumiz.com\/fr\/#website","url":"https:\/\/blumiz.com\/fr\/","name":"Blumiz - Premium CBD","description":"Blumiz, Cannabis specialist","publisher":{"@id":"https:\/\/blumiz.com\/fr\/#organization"},"alternateName":"Blumiz","potentialAction":[{"@type":"SearchAction","target":{"@type":"EntryPoint","urlTemplate":"https:\/\/blumiz.com\/fr\/?s={search_term_string}"},"query-input":{"@type":"PropertyValueSpecification","valueRequired":true,"valueName":"search_term_string"}}],"inLanguage":"fr-FR"},{"@type":"Organization","@id":"https:\/\/blumiz.com\/fr\/#organization","name":"Blumiz CBD","alternateName":"Blumiz","url":"https:\/\/blumiz.com\/fr\/","logo":{"@type":"ImageObject","inLanguage":"fr-FR","@id":"https:\/\/blumiz.com\/fr\/#\/schema\/logo\/image\/","url":"https:\/\/blumiz.com\/wp-content\/uploads\/2026\/02\/cropped-Blumiz-CBD-logo.webp","contentUrl":"https:\/\/blumiz.com\/wp-content\/uploads\/2026\/02\/cropped-Blumiz-CBD-logo.webp","width":2547,"height":778,"caption":"Blumiz CBD"},"image":{"@id":"https:\/\/blumiz.com\/fr\/#\/schema\/logo\/image\/"}}]},"product_price_amount":"17.99","product_price_currency":"EUR","og_availability":"instock","product_availability":"instock","product_retailer_item_id":"89121","product_condition":"new"},"_links":{"self":[{"href":"https:\/\/blumiz.com\/fr\/wp-json\/wp\/v2\/product\/11638","targetHints":{"allow":["GET"]}}],"collection":[{"href":"https:\/\/blumiz.com\/fr\/wp-json\/wp\/v2\/product"}],"about":[{"href":"https:\/\/blumiz.com\/fr\/wp-json\/wp\/v2\/types\/product"}],"replies":[{"embeddable":true,"href":"https:\/\/blumiz.com\/fr\/wp-json\/wp\/v2\/comments?post=11638"}],"version-history":[{"count":0,"href":"https:\/\/blumiz.com\/fr\/wp-json\/wp\/v2\/product\/11638\/revisions"}],"wp:featuredmedia":[{"embeddable":true,"href":"https:\/\/blumiz.com\/fr\/wp-json\/wp\/v2\/media\/6759"}],"wp:attachment":[{"href":"https:\/\/blumiz.com\/fr\/wp-json\/wp\/v2\/media?parent=11638"}],"wp:term":[{"taxonomy":"product_brand","embeddable":true,"href":"https:\/\/blumiz.com\/fr\/wp-json\/wp\/v2\/product_brand?post=11638"},{"taxonomy":"product_cat","embeddable":true,"href":"https:\/\/blumiz.com\/fr\/wp-json\/wp\/v2\/product_cat?post=11638"},{"taxonomy":"product_tag","embeddable":true,"href":"https:\/\/blumiz.com\/fr\/wp-json\/wp\/v2\/product_tag?post=11638"}],"curies":[{"name":"wp","href":"https:\/\/api.w.org\/{rel}","templated":true}]}}