{"id":12420,"date":"2023-06-08T08:51:29","date_gmt":"2023-06-08T07:51:29","guid":{"rendered":"https:\/\/blumiz.com\/?post_type=product&#038;p=12420"},"modified":"2025-10-07T09:50:43","modified_gmt":"2025-10-07T08:50:43","slug":"grinder-4-pieces-metall-champ-high-rainbow","status":"publish","type":"product","link":"https:\/\/blumiz.com\/fr\/produit\/grinder-4-pieces-metall-champ-high-rainbow\/","title":{"rendered":"GRINDER 4-PI\u00c8CES M\u00c9TAL &#8211; CHAMP HIGH &#8211; RAINBOW &#8211; 65mm"},"content":{"rendered":"<h3>Un grinder m\u00e9tallique aux couleurs de l&#8217;arc-en-ciel \ud83c\udf08<\/h3>\n<p>Vous \u00eates \u00e0 la recherche d&#8217;un grinder \u00e9l\u00e9gant pour rouler des sachets de qualit\u00e9 ? Laissez-vous s\u00e9duire par la ponceuse aluminium Rainbow Diamond Cutting et ses couleurs arc-en-ciel. Mais ne vous laissez pas tromper par cet accroche-regard color\u00e9, il brille intens\u00e9ment et son look diamant chic suscite \u00e0 coup s\u00fbr la convoitise. Les picots encoch\u00e9s sur les bords de l&#8217;objet assurent une prise en main agr\u00e9able tout en offrant une meilleure adh\u00e9rence lors du broyage de vos herbes aromatiques pr\u00e9f\u00e9r\u00e9es. Les 28 dents en forme de losange de ce moulin sont dispos\u00e9es avec une pr\u00e9cision exceptionnelle pour une mouture uniforme, tandis que l&#8217;inscription Champ High sur le dessus t\u00e9moigne du souci du d\u00e9tail qui a pr\u00e9sid\u00e9 \u00e0 sa fabrication.<\/p>\n<p>En un clin d&#8217;\u0153il, ce moulin de haute qualit\u00e9 deviendra votre alli\u00e9 indispensable pour une exp\u00e9rience de d\u00e9gustation exceptionnelle. Gr\u00e2ce \u00e0 son diam\u00e8tre de 65 mm, vous pouvez moudre une grande quantit\u00e9 de CBD en une seule fois. Laissez-vous emporter par sa beaut\u00e9 et sa praticit\u00e9 et savourez le r\u00e9sultat de votre travail gr\u00e2ce \u00e0 cette p\u00e9pite ! \ud83c\udf6a<\/p>\n<p>&nbsp;<\/p>\n","protected":false},"excerpt":{"rendered":"<h2 class=\"h1\">GRINDER RAINBOW DIAMOND CUTTING &#8211; 4 PI\u00c8CES M\u00c9TALLIQUES &#8211; CHAMP HIGH<\/h2>\n<p>&nbsp;<\/p>\n","protected":false},"featured_media":12423,"comment_status":"open","ping_status":"closed","template":"","meta":{"site-sidebar-layout":"default","site-content-layout":"default","ast-site-content-layout":"default","site-content-style":"default","site-sidebar-style":"default","ast-global-header-display":"","ast-banner-title-visibility":"","ast-main-header-display":"","ast-hfb-above-header-display":"","ast-hfb-below-header-display":"","ast-hfb-mobile-header-display":"","site-post-title":"","ast-breadcrumbs-content":"","ast-featured-img":"","footer-sml-layout":"","ast-disable-related-posts":"","theme-transparent-header-meta":"default","adv-header-id-meta":"","stick-header-meta":"default","header-above-stick-meta":"","header-main-stick-meta":"","header-below-stick-meta":"","astra-migrate-meta-layouts":"default","ast-page-background-enabled":"default","ast-page-background-meta":{"desktop":{"background-color":"","background-image":"","background-repeat":"repeat","background-position":"center center","background-size":"auto","background-attachment":"scroll","background-type":"","background-media":"","overlay-type":"","overlay-color":"","overlay-opacity":"","overlay-gradient":""},"tablet":{"background-color":"","background-image":"","background-repeat":"repeat","background-position":"center center","background-size":"auto","background-attachment":"scroll","background-type":"","background-media":"","overlay-type":"","overlay-color":"","overlay-opacity":"","overlay-gradient":""},"mobile":{"background-color":"","background-image":"","background-repeat":"repeat","background-position":"center center","background-size":"auto","background-attachment":"scroll","background-type":"","background-media":"","overlay-type":"","overlay-color":"","overlay-opacity":"","overlay-gradient":""}},"ast-content-background-meta":{"desktop":{"background-color":"var(--ast-global-color-5)","background-image":"","background-repeat":"repeat","background-position":"center center","background-size":"auto","background-attachment":"scroll","background-type":"","background-media":"","overlay-type":"","overlay-color":"","overlay-opacity":"","overlay-gradient":""},"tablet":{"background-color":"var(--ast-global-color-5)","background-image":"","background-repeat":"repeat","background-position":"center center","background-size":"auto","background-attachment":"scroll","background-type":"","background-media":"","overlay-type":"","overlay-color":"","overlay-opacity":"","overlay-gradient":""},"mobile":{"background-color":"var(--ast-global-color-5)","background-image":"","background-repeat":"repeat","background-position":"center center","background-size":"auto","background-attachment":"scroll","background-type":"","background-media":"","overlay-type":"","overlay-color":"","overlay-opacity":"","overlay-gradient":""}}},"product_brand":[],"product_cat":[177],"product_tag":[],"class_list":{"0":"post-12420","1":"product","2":"type-product","3":"status-publish","4":"has-post-thumbnail","6":"product_cat-headshop","7":"desktop-align-left","8":"tablet-align-center","9":"mobile-align-left","10":"ast-product-gallery-layout-vertical","11":"ast-product-gallery-with-no-image","12":"ast-magnify-disabled","13":"ast-product-tabs-layout-horizontal","15":"first","16":"instock","17":"taxable","18":"shipping-taxable","19":"purchasable","20":"product-type-simple"},"yoast_head":"<!-- This site is optimized with the Yoast SEO Premium plugin v27.2 (Yoast SEO v27.4) - https:\/\/yoast.com\/product\/yoast-seo-premium-wordpress\/ -->\n<title>GRINDER M\u00c9TAL 4 PI\u00c8CES CHAMP HIGH - RAINBOW<\/title>\n<meta name=\"description\" content=\"GRINDER CHAMP HIGH EN 4 PARTIES - Laissez-vous s\u00e9duire par la ponceuse aluminium Rainbow Diamond Cutting et ses couleurs arc-en-ciel\" \/>\n<meta name=\"robots\" content=\"index, follow, max-snippet:-1, max-image-preview:large, max-video-preview:-1\" \/>\n<link rel=\"canonical\" href=\"https:\/\/blumiz.com\/fr\/produit\/grinder-4-pieces-metall-champ-high-rainbow\/\" \/>\n<meta property=\"og:locale\" content=\"fr_FR\" \/>\n<meta property=\"og:type\" content=\"article\" \/>\n<meta property=\"og:title\" content=\"GRINDER 4-PI\u00c8CES M\u00c9TAL - CHAMP HIGH - RAINBOW - 65mm\" \/>\n<meta property=\"og:description\" content=\"GRINDER 4-PI\u00c8CES M\u00c9TAL - CHAMP HIGH - RAINBOW - 65mm Blumiz - Premium CBD\" \/>\n<meta property=\"og:url\" content=\"https:\/\/blumiz.com\/fr\/produit\/grinder-4-pieces-metall-champ-high-rainbow\/\" \/>\n<meta property=\"og:site_name\" content=\"Blumiz - Premium CBD\" \/>\n<meta property=\"article:modified_time\" content=\"2025-10-07T08:50:43+00:00\" \/>\n<meta property=\"og:image\" content=\"https:\/\/blumiz.com\/wp-content\/uploads\/2023\/06\/4-TEILIGER-METALL-GRINDER-CHAMP-HIGH-Regenbogen-65mm.webp\" \/>\n\t<meta property=\"og:image:width\" content=\"600\" \/>\n\t<meta property=\"og:image:height\" content=\"600\" \/>\n\t<meta property=\"og:image:type\" content=\"image\/webp\" \/>\n<meta name=\"twitter:card\" content=\"summary_large_image\" \/>\n<meta name=\"twitter:label1\" content=\"Prix\" \/>\n\t<meta name=\"twitter:data1\" content=\"21,90&nbsp;&euro;\" \/>\n\t<meta name=\"twitter:label2\" content=\"Disponibilit\u00e9\" \/>\n\t<meta name=\"twitter:data2\" content=\"En stock\" \/>\n<script type=\"application\/ld+json\" class=\"yoast-schema-graph\">{\"@context\":\"https:\\\/\\\/schema.org\",\"@graph\":[{\"@type\":\"WebPage\",\"@id\":\"https:\\\/\\\/blumiz.com\\\/fr\\\/produit\\\/grinder-4-pieces-metall-champ-high-rainbow\\\/\",\"url\":\"https:\\\/\\\/blumiz.com\\\/fr\\\/produit\\\/grinder-4-pieces-metall-champ-high-rainbow\\\/\",\"name\":\"GRINDER M\u00c9TAL 4 PI\u00c8CES CHAMP HIGH - RAINBOW\",\"isPartOf\":{\"@id\":\"https:\\\/\\\/blumiz.com\\\/fr\\\/#website\"},\"primaryImageOfPage\":{\"@id\":\"https:\\\/\\\/blumiz.com\\\/fr\\\/produit\\\/grinder-4-pieces-metall-champ-high-rainbow\\\/#primaryimage\"},\"image\":{\"@id\":\"https:\\\/\\\/blumiz.com\\\/fr\\\/produit\\\/grinder-4-pieces-metall-champ-high-rainbow\\\/#primaryimage\"},\"thumbnailUrl\":\"https:\\\/\\\/blumiz.com\\\/wp-content\\\/uploads\\\/2023\\\/06\\\/4-TEILIGER-METALL-GRINDER-CHAMP-HIGH-Regenbogen-65mm.webp\",\"datePublished\":\"2023-06-08T07:51:29+00:00\",\"dateModified\":\"2025-10-07T08:50:43+00:00\",\"description\":\"GRINDER CHAMP HIGH EN 4 PARTIES - Laissez-vous s\u00e9duire par la ponceuse aluminium Rainbow Diamond Cutting et ses couleurs arc-en-ciel\",\"breadcrumb\":{\"@id\":\"https:\\\/\\\/blumiz.com\\\/fr\\\/produit\\\/grinder-4-pieces-metall-champ-high-rainbow\\\/#breadcrumb\"},\"inLanguage\":\"fr-FR\",\"potentialAction\":[{\"@type\":\"ReadAction\",\"target\":[\"https:\\\/\\\/blumiz.com\\\/fr\\\/produit\\\/grinder-4-pieces-metall-champ-high-rainbow\\\/\"]}]},{\"@type\":\"ImageObject\",\"inLanguage\":\"fr-FR\",\"@id\":\"https:\\\/\\\/blumiz.com\\\/fr\\\/produit\\\/grinder-4-pieces-metall-champ-high-rainbow\\\/#primaryimage\",\"url\":\"https:\\\/\\\/blumiz.com\\\/wp-content\\\/uploads\\\/2023\\\/06\\\/4-TEILIGER-METALL-GRINDER-CHAMP-HIGH-Regenbogen-65mm.webp\",\"contentUrl\":\"https:\\\/\\\/blumiz.com\\\/wp-content\\\/uploads\\\/2023\\\/06\\\/4-TEILIGER-METALL-GRINDER-CHAMP-HIGH-Regenbogen-65mm.webp\",\"width\":600,\"height\":600,\"caption\":\"GRINDER 4 t\"},{\"@type\":\"BreadcrumbList\",\"@id\":\"https:\\\/\\\/blumiz.com\\\/fr\\\/produit\\\/grinder-4-pieces-metall-champ-high-rainbow\\\/#breadcrumb\",\"itemListElement\":[{\"@type\":\"ListItem\",\"position\":1,\"name\":\"Blumiz\",\"item\":\"https:\\\/\\\/blumiz.com\\\/fr\\\/\"},{\"@type\":\"ListItem\",\"position\":2,\"name\":\"CBD Shop\",\"item\":\"https:\\\/\\\/blumiz.com\\\/fr\\\/acheter-cbd-shop\\\/\"},{\"@type\":\"ListItem\",\"position\":3,\"name\":\"HeadShop\",\"item\":\"https:\\\/\\\/blumiz.com\\\/fr\\\/category\\\/headshop\\\/\"},{\"@type\":\"ListItem\",\"position\":4,\"name\":\"GRINDER 4-PI\u00c8CES M\u00c9TAL &#8211; CHAMP HIGH &#8211; RAINBOW &#8211; 65mm\"}]},{\"@type\":\"WebSite\",\"@id\":\"https:\\\/\\\/blumiz.com\\\/fr\\\/#website\",\"url\":\"https:\\\/\\\/blumiz.com\\\/fr\\\/\",\"name\":\"Blumiz - Premium CBD\",\"description\":\"Blumiz, Cannabis specialist\",\"publisher\":{\"@id\":\"https:\\\/\\\/blumiz.com\\\/fr\\\/#organization\"},\"alternateName\":\"Blumiz\",\"potentialAction\":[{\"@type\":\"SearchAction\",\"target\":{\"@type\":\"EntryPoint\",\"urlTemplate\":\"https:\\\/\\\/blumiz.com\\\/fr\\\/?s={search_term_string}\"},\"query-input\":{\"@type\":\"PropertyValueSpecification\",\"valueRequired\":true,\"valueName\":\"search_term_string\"}}],\"inLanguage\":\"fr-FR\"},{\"@type\":\"Organization\",\"@id\":\"https:\\\/\\\/blumiz.com\\\/fr\\\/#organization\",\"name\":\"Blumiz CBD\",\"alternateName\":\"Blumiz\",\"url\":\"https:\\\/\\\/blumiz.com\\\/fr\\\/\",\"logo\":{\"@type\":\"ImageObject\",\"inLanguage\":\"fr-FR\",\"@id\":\"https:\\\/\\\/blumiz.com\\\/fr\\\/#\\\/schema\\\/logo\\\/image\\\/\",\"url\":\"https:\\\/\\\/blumiz.com\\\/wp-content\\\/uploads\\\/2026\\\/02\\\/cropped-Blumiz-CBD-logo.webp\",\"contentUrl\":\"https:\\\/\\\/blumiz.com\\\/wp-content\\\/uploads\\\/2026\\\/02\\\/cropped-Blumiz-CBD-logo.webp\",\"width\":2547,\"height\":778,\"caption\":\"Blumiz CBD\"},\"image\":{\"@id\":\"https:\\\/\\\/blumiz.com\\\/fr\\\/#\\\/schema\\\/logo\\\/image\\\/\"}}]}<\/script>\n<meta property=\"product:price:amount\" content=\"21.90\" \/>\n<meta property=\"product:price:currency\" content=\"EUR\" \/>\n<meta property=\"og:availability\" content=\"instock\" \/>\n<meta property=\"product:availability\" content=\"instock\" \/>\n<meta property=\"product:retailer_item_id\" content=\"1648942\" \/>\n<meta property=\"product:condition\" content=\"new\" \/>\n<!-- \/ Yoast SEO Premium plugin. -->","yoast_head_json":{"title":"GRINDER M\u00c9TAL 4 PI\u00c8CES CHAMP HIGH - RAINBOW","description":"GRINDER CHAMP HIGH EN 4 PARTIES - Laissez-vous s\u00e9duire par la ponceuse aluminium Rainbow Diamond Cutting et ses couleurs arc-en-ciel","robots":{"index":"index","follow":"follow","max-snippet":"max-snippet:-1","max-image-preview":"max-image-preview:large","max-video-preview":"max-video-preview:-1"},"canonical":"https:\/\/blumiz.com\/fr\/produit\/grinder-4-pieces-metall-champ-high-rainbow\/","og_locale":"fr_FR","og_type":"article","og_title":"GRINDER 4-PI\u00c8CES M\u00c9TAL - CHAMP HIGH - RAINBOW - 65mm","og_description":"GRINDER 4-PI\u00c8CES M\u00c9TAL - CHAMP HIGH - RAINBOW - 65mm Blumiz - Premium CBD","og_url":"https:\/\/blumiz.com\/fr\/produit\/grinder-4-pieces-metall-champ-high-rainbow\/","og_site_name":"Blumiz - Premium CBD","article_modified_time":"2025-10-07T08:50:43+00:00","og_image":[{"width":600,"height":600,"url":"https:\/\/blumiz.com\/wp-content\/uploads\/2023\/06\/4-TEILIGER-METALL-GRINDER-CHAMP-HIGH-Regenbogen-65mm.webp","type":"image\/webp"}],"twitter_card":"summary_large_image","twitter_misc":{"Prix":"21,90&nbsp;&euro;","Disponibilit\u00e9":"En stock"},"schema":{"@context":"https:\/\/schema.org","@graph":[{"@type":"WebPage","@id":"https:\/\/blumiz.com\/fr\/produit\/grinder-4-pieces-metall-champ-high-rainbow\/","url":"https:\/\/blumiz.com\/fr\/produit\/grinder-4-pieces-metall-champ-high-rainbow\/","name":"GRINDER M\u00c9TAL 4 PI\u00c8CES CHAMP HIGH - RAINBOW","isPartOf":{"@id":"https:\/\/blumiz.com\/fr\/#website"},"primaryImageOfPage":{"@id":"https:\/\/blumiz.com\/fr\/produit\/grinder-4-pieces-metall-champ-high-rainbow\/#primaryimage"},"image":{"@id":"https:\/\/blumiz.com\/fr\/produit\/grinder-4-pieces-metall-champ-high-rainbow\/#primaryimage"},"thumbnailUrl":"https:\/\/blumiz.com\/wp-content\/uploads\/2023\/06\/4-TEILIGER-METALL-GRINDER-CHAMP-HIGH-Regenbogen-65mm.webp","datePublished":"2023-06-08T07:51:29+00:00","dateModified":"2025-10-07T08:50:43+00:00","description":"GRINDER CHAMP HIGH EN 4 PARTIES - Laissez-vous s\u00e9duire par la ponceuse aluminium Rainbow Diamond Cutting et ses couleurs arc-en-ciel","breadcrumb":{"@id":"https:\/\/blumiz.com\/fr\/produit\/grinder-4-pieces-metall-champ-high-rainbow\/#breadcrumb"},"inLanguage":"fr-FR","potentialAction":[{"@type":"ReadAction","target":["https:\/\/blumiz.com\/fr\/produit\/grinder-4-pieces-metall-champ-high-rainbow\/"]}]},{"@type":"ImageObject","inLanguage":"fr-FR","@id":"https:\/\/blumiz.com\/fr\/produit\/grinder-4-pieces-metall-champ-high-rainbow\/#primaryimage","url":"https:\/\/blumiz.com\/wp-content\/uploads\/2023\/06\/4-TEILIGER-METALL-GRINDER-CHAMP-HIGH-Regenbogen-65mm.webp","contentUrl":"https:\/\/blumiz.com\/wp-content\/uploads\/2023\/06\/4-TEILIGER-METALL-GRINDER-CHAMP-HIGH-Regenbogen-65mm.webp","width":600,"height":600,"caption":"GRINDER 4 t"},{"@type":"BreadcrumbList","@id":"https:\/\/blumiz.com\/fr\/produit\/grinder-4-pieces-metall-champ-high-rainbow\/#breadcrumb","itemListElement":[{"@type":"ListItem","position":1,"name":"Blumiz","item":"https:\/\/blumiz.com\/fr\/"},{"@type":"ListItem","position":2,"name":"CBD Shop","item":"https:\/\/blumiz.com\/fr\/acheter-cbd-shop\/"},{"@type":"ListItem","position":3,"name":"HeadShop","item":"https:\/\/blumiz.com\/fr\/category\/headshop\/"},{"@type":"ListItem","position":4,"name":"GRINDER 4-PI\u00c8CES M\u00c9TAL &#8211; CHAMP HIGH &#8211; RAINBOW &#8211; 65mm"}]},{"@type":"WebSite","@id":"https:\/\/blumiz.com\/fr\/#website","url":"https:\/\/blumiz.com\/fr\/","name":"Blumiz - Premium CBD","description":"Blumiz, Cannabis specialist","publisher":{"@id":"https:\/\/blumiz.com\/fr\/#organization"},"alternateName":"Blumiz","potentialAction":[{"@type":"SearchAction","target":{"@type":"EntryPoint","urlTemplate":"https:\/\/blumiz.com\/fr\/?s={search_term_string}"},"query-input":{"@type":"PropertyValueSpecification","valueRequired":true,"valueName":"search_term_string"}}],"inLanguage":"fr-FR"},{"@type":"Organization","@id":"https:\/\/blumiz.com\/fr\/#organization","name":"Blumiz CBD","alternateName":"Blumiz","url":"https:\/\/blumiz.com\/fr\/","logo":{"@type":"ImageObject","inLanguage":"fr-FR","@id":"https:\/\/blumiz.com\/fr\/#\/schema\/logo\/image\/","url":"https:\/\/blumiz.com\/wp-content\/uploads\/2026\/02\/cropped-Blumiz-CBD-logo.webp","contentUrl":"https:\/\/blumiz.com\/wp-content\/uploads\/2026\/02\/cropped-Blumiz-CBD-logo.webp","width":2547,"height":778,"caption":"Blumiz CBD"},"image":{"@id":"https:\/\/blumiz.com\/fr\/#\/schema\/logo\/image\/"}}]},"product_price_amount":"21.90","product_price_currency":"EUR","og_availability":"instock","product_availability":"instock","product_retailer_item_id":"1648942","product_condition":"new"},"_links":{"self":[{"href":"https:\/\/blumiz.com\/fr\/wp-json\/wp\/v2\/product\/12420","targetHints":{"allow":["GET"]}}],"collection":[{"href":"https:\/\/blumiz.com\/fr\/wp-json\/wp\/v2\/product"}],"about":[{"href":"https:\/\/blumiz.com\/fr\/wp-json\/wp\/v2\/types\/product"}],"replies":[{"embeddable":true,"href":"https:\/\/blumiz.com\/fr\/wp-json\/wp\/v2\/comments?post=12420"}],"version-history":[{"count":0,"href":"https:\/\/blumiz.com\/fr\/wp-json\/wp\/v2\/product\/12420\/revisions"}],"wp:featuredmedia":[{"embeddable":true,"href":"https:\/\/blumiz.com\/fr\/wp-json\/wp\/v2\/media\/12423"}],"wp:attachment":[{"href":"https:\/\/blumiz.com\/fr\/wp-json\/wp\/v2\/media?parent=12420"}],"wp:term":[{"taxonomy":"product_brand","embeddable":true,"href":"https:\/\/blumiz.com\/fr\/wp-json\/wp\/v2\/product_brand?post=12420"},{"taxonomy":"product_cat","embeddable":true,"href":"https:\/\/blumiz.com\/fr\/wp-json\/wp\/v2\/product_cat?post=12420"},{"taxonomy":"product_tag","embeddable":true,"href":"https:\/\/blumiz.com\/fr\/wp-json\/wp\/v2\/product_tag?post=12420"}],"curies":[{"name":"wp","href":"https:\/\/api.w.org\/{rel}","templated":true}]}}