{"id":12604,"date":"2023-06-16T19:28:07","date_gmt":"2023-06-16T18:28:07","guid":{"rendered":"https:\/\/blumiz.com\/produkt\/crumble-cbd-90\/"},"modified":"2025-02-11T13:03:19","modified_gmt":"2025-02-11T12:03:19","slug":"cbd-crumble-90","status":"publish","type":"product","link":"https:\/\/blumiz.com\/fr\/produit\/cbd-crumble-90\/","title":{"rendered":"Crumble CBD 90%"},"content":{"rendered":"<h2>Crumble CBD concentr\u00e9 90% &#8211; Exp\u00e9rience unique de cannabidiol<\/h2>\n<h3><strong>Qu&#8217;est-ce que le crumble au CBD ?<\/strong><\/h3>\n<p>Nous sommes fiers de vous pr\u00e9senter notre <strong>Crumble CBD 90%<\/strong>. Cette formule puissante et concentr\u00e9e offre une exp\u00e9rience exceptionnelle en mati\u00e8re de cannabidiol. Fabriqu\u00e9 avec soin \u00e0 partir de chanvre de qualit\u00e9 sup\u00e9rieure et rigoureusement test\u00e9 pour garantir sa puret\u00e9, notre Crumble CBD 90% est le choix id\u00e9al pour ceux qui recherchent les bienfaits du CBD sous une forme hautement concentr\u00e9e.<\/p>\n<h3><strong>Extrait de chanvre \u00e0 spectre complet :<\/strong><\/h3>\n<p>Le crumble est un extrait de chanvre \u00e0 spectre complet et contient une large gamme de cannabino\u00efdes, de terp\u00e8nes et d&#8217;autres compos\u00e9s utiles naturellement pr\u00e9sents dans le chanvre. Le cannabidiol (CBD) est l&#8217;un des principaux composants du chanvre et est appr\u00e9ci\u00e9 pour ses bienfaits potentiels sur la sant\u00e9.<\/p>\n<h3><strong>Processus d&#8217;extraction avanc\u00e9 :<\/strong><\/h3>\n<p>Notre CBD Crumble 90% est soigneusement fabriqu\u00e9 \u00e0 l&#8217;aide de m\u00e9thodes d&#8217;extraction avanc\u00e9es afin de pr\u00e9server les compos\u00e9s naturels du chanvre. Ce processus permet d&#8217;obtenir une concentration \u00e9lev\u00e9e de CBD, tandis que la teneur en THC, le composant psychoactif du cannabis, est inf\u00e9rieure \u00e0 la limite l\u00e9gale de 0,3. Ainsi, vous pouvez profiter des avantages du CBD sans avoir \u00e0 vous soucier des effets ind\u00e9sirables du THC.<\/p>\n<h3><strong>De nombreuses possibilit\u00e9s d&#8217;utilisation :<\/strong><\/h3>\n<p>Le Cannabidiol Crumble 90% est tr\u00e8s appr\u00e9ci\u00e9 pour sa polyvalence. Vous pouvez l&#8217;ajouter \u00e0 votre vaporisateur de CBD, cr\u00e9er vos propres e-liquides avec ou m\u00eame l&#8217;utiliser dans vos recettes de cuisine. La texture friable facilite le dosage pr\u00e9cis et vous permet de personnaliser votre exp\u00e9rience en fonction de vos besoins et de vos pr\u00e9f\u00e9rences.<\/p>\n<h3><strong>les \u00e9valuations des clients :<\/strong><\/h3>\n<p>Les utilisateurs du Crumble CBD 90% rapportent une multitude d&#8217;avantages tels que la relaxation, la r\u00e9duction du stress et de l&#8217;anxi\u00e9t\u00e9, ainsi qu&#8217;un soutien pour un sommeil r\u00e9parateur. D\u00e9couvrez vous-m\u00eame les effets positifs du crumble et profitez d&#8217;une exp\u00e9rience exceptionnelle au cannabidiol.<\/p>\n<p>Ce produit est l&#8217;un des produits CBD les plus puissants et il est recommand\u00e9 de le doser avec soin.<br \/>\nCela est d\u00fb au fait que la concentration est tr\u00e8s importante et peut ne pas convenir \u00e0 certaines personnes.<\/p>\n<p>Pour plus d&#8217;informations sur le crumble<a href=\"https:\/\/www.leafly.com\/brands\/core-concentrates\/products\/core-concentrates-crumble\">, cliquez ici.<\/a><\/p>\n<p>Vous trouverez \u00e9galement la variante au go\u00fbt Amnesia Haze dans le crumble Amnesia CBD ou au CBG dans la variante CBG Crumble.<\/p>\n<p>D\u00e9couvrez ici \u00e9galement nos <a href=\"\/?product_cat=cbd-blueten\">Fleurs de CBD!<\/a><\/p>\n<p>Une question, vous avez besoin d&#8217;aide ? <a href=\"https:\/\/blumiz.com\/hilfe-und-faqs\/\">Cliquez ici pour d\u00e9couvrir notre centre d&#8217;aide.<\/a><\/p>\n<p>&nbsp;<\/p>\n","protected":false},"excerpt":{"rendered":"<h2>Crumble concentr\u00e9 CBD 90% &#8211; Exp\u00e9rience unique de cannabidiol<\/h2>\n<p>D\u00e9couvrez l&#8217;excellence du <strong>Crumble CBD 90%<\/strong>. Profitez des usages multiples et des avantages potentiels du cannabidiol concentr\u00e9.<\/p>\n","protected":false},"featured_media":12596,"comment_status":"open","ping_status":"closed","template":"","meta":{"site-sidebar-layout":"default","site-content-layout":"default","ast-site-content-layout":"default","site-content-style":"default","site-sidebar-style":"default","ast-global-header-display":"","ast-banner-title-visibility":"","ast-main-header-display":"","ast-hfb-above-header-display":"","ast-hfb-below-header-display":"","ast-hfb-mobile-header-display":"","site-post-title":"","ast-breadcrumbs-content":"","ast-featured-img":"","footer-sml-layout":"","ast-disable-related-posts":"","theme-transparent-header-meta":"default","adv-header-id-meta":"","stick-header-meta":"default","header-above-stick-meta":"","header-main-stick-meta":"","header-below-stick-meta":"","astra-migrate-meta-layouts":"default","ast-page-background-enabled":"default","ast-page-background-meta":{"desktop":{"background-color":"","background-image":"","background-repeat":"repeat","background-position":"center center","background-size":"auto","background-attachment":"scroll","background-type":"","background-media":"","overlay-type":"","overlay-color":"","overlay-opacity":"","overlay-gradient":""},"tablet":{"background-color":"","background-image":"","background-repeat":"repeat","background-position":"center center","background-size":"auto","background-attachment":"scroll","background-type":"","background-media":"","overlay-type":"","overlay-color":"","overlay-opacity":"","overlay-gradient":""},"mobile":{"background-color":"","background-image":"","background-repeat":"repeat","background-position":"center center","background-size":"auto","background-attachment":"scroll","background-type":"","background-media":"","overlay-type":"","overlay-color":"","overlay-opacity":"","overlay-gradient":""}},"ast-content-background-meta":{"desktop":{"background-color":"var(--ast-global-color-5)","background-image":"","background-repeat":"repeat","background-position":"center center","background-size":"auto","background-attachment":"scroll","background-type":"","background-media":"","overlay-type":"","overlay-color":"","overlay-opacity":"","overlay-gradient":""},"tablet":{"background-color":"var(--ast-global-color-5)","background-image":"","background-repeat":"repeat","background-position":"center center","background-size":"auto","background-attachment":"scroll","background-type":"","background-media":"","overlay-type":"","overlay-color":"","overlay-opacity":"","overlay-gradient":""},"mobile":{"background-color":"var(--ast-global-color-5)","background-image":"","background-repeat":"repeat","background-position":"center center","background-size":"auto","background-attachment":"scroll","background-type":"","background-media":"","overlay-type":"","overlay-color":"","overlay-opacity":"","overlay-gradient":""}}},"product_brand":[],"product_cat":[304,176,174],"product_tag":[],"class_list":{"0":"post-12604","1":"product","2":"type-product","3":"status-publish","4":"has-post-thumbnail","6":"product_cat-cbd-fr","7":"product_cat-concentres-cbd","8":"product_cat-hash-et-concentres","9":"desktop-align-left","10":"tablet-align-center","11":"mobile-align-left","12":"ast-product-gallery-layout-vertical","13":"ast-product-gallery-with-no-image","14":"ast-magnify-disabled","15":"ast-product-single-variable","16":"ast-product-tabs-layout-horizontal","18":"first","19":"instock","20":"taxable","21":"shipping-taxable","22":"purchasable","23":"product-type-variable"},"yoast_head":"<!-- This site is optimized with the Yoast SEO Premium plugin v27.2 (Yoast SEO v27.5) - https:\/\/yoast.com\/product\/yoast-seo-premium-wordpress\/ -->\n<title>Crumble CBD 90% - Un effet extr\u00eamement puissant ! \u00e0 partir de 10 \u20ac\/g<\/title>\n<meta name=\"description\" content=\"Crumble CBD 90% %%page% - Blumiz - Premium CBD 2 r\u00e8gles : qualit\u00e9 et prix - livraison rapide et discr\u00e8te - \u00e0 partir de 10 \u20ac le gramme - extrait de CBD efficace\" \/>\n<meta name=\"robots\" content=\"index, follow, max-snippet:-1, max-image-preview:large, max-video-preview:-1\" \/>\n<link rel=\"canonical\" href=\"https:\/\/blumiz.com\/fr\/produit\/cbd-crumble-90\/\" \/>\n<meta property=\"og:locale\" content=\"fr_FR\" \/>\n<meta property=\"og:type\" content=\"article\" \/>\n<meta property=\"og:title\" content=\"Crumble CBD 90%\" \/>\n<meta property=\"og:description\" content=\"Crumble CBD 90% Blumiz - Premium CBD\" \/>\n<meta property=\"og:url\" content=\"https:\/\/blumiz.com\/fr\/produit\/cbd-crumble-90\/\" \/>\n<meta property=\"og:site_name\" content=\"Blumiz - Premium CBD\" \/>\n<meta property=\"article:modified_time\" content=\"2025-02-11T12:03:19+00:00\" \/>\n<meta property=\"og:image\" content=\"https:\/\/blumiz.com\/wp-content\/uploads\/2023\/06\/CBD-CRUMBLE-90.webp\" \/>\n\t<meta property=\"og:image:width\" content=\"600\" \/>\n\t<meta property=\"og:image:height\" content=\"600\" \/>\n\t<meta property=\"og:image:type\" content=\"image\/webp\" \/>\n<meta name=\"twitter:card\" content=\"summary_large_image\" \/>\n<meta name=\"twitter:label1\" content=\"Disponibilit\u00e9\" \/>\n\t<meta name=\"twitter:data1\" content=\"En stock\" \/>\n<script type=\"application\/ld+json\" class=\"yoast-schema-graph\">{\"@context\":\"https:\\\/\\\/schema.org\",\"@graph\":[{\"@type\":\"WebPage\",\"@id\":\"https:\\\/\\\/blumiz.com\\\/fr\\\/produit\\\/cbd-crumble-90\\\/\",\"url\":\"https:\\\/\\\/blumiz.com\\\/fr\\\/produit\\\/cbd-crumble-90\\\/\",\"name\":\"Crumble CBD 90% - Un effet extr\u00eamement puissant ! \u00e0 partir de 10 \u20ac\\\/g\",\"isPartOf\":{\"@id\":\"https:\\\/\\\/blumiz.com\\\/fr\\\/#website\"},\"primaryImageOfPage\":{\"@id\":\"https:\\\/\\\/blumiz.com\\\/fr\\\/produit\\\/cbd-crumble-90\\\/#primaryimage\"},\"image\":{\"@id\":\"https:\\\/\\\/blumiz.com\\\/fr\\\/produit\\\/cbd-crumble-90\\\/#primaryimage\"},\"thumbnailUrl\":\"https:\\\/\\\/blumiz.com\\\/wp-content\\\/uploads\\\/2023\\\/06\\\/CBD-CRUMBLE-90.webp\",\"datePublished\":\"2023-06-16T18:28:07+00:00\",\"dateModified\":\"2025-02-11T12:03:19+00:00\",\"description\":\"Crumble CBD 90% %%page% - Blumiz - Premium CBD 2 r\u00e8gles : qualit\u00e9 et prix - livraison rapide et discr\u00e8te - \u00e0 partir de 10 \u20ac le gramme - extrait de CBD efficace\",\"breadcrumb\":{\"@id\":\"https:\\\/\\\/blumiz.com\\\/fr\\\/produit\\\/cbd-crumble-90\\\/#breadcrumb\"},\"inLanguage\":\"fr-FR\",\"potentialAction\":[{\"@type\":\"ReadAction\",\"target\":[\"https:\\\/\\\/blumiz.com\\\/fr\\\/produit\\\/cbd-crumble-90\\\/\"]}]},{\"@type\":\"ImageObject\",\"inLanguage\":\"fr-FR\",\"@id\":\"https:\\\/\\\/blumiz.com\\\/fr\\\/produit\\\/cbd-crumble-90\\\/#primaryimage\",\"url\":\"https:\\\/\\\/blumiz.com\\\/wp-content\\\/uploads\\\/2023\\\/06\\\/CBD-CRUMBLE-90.webp\",\"contentUrl\":\"https:\\\/\\\/blumiz.com\\\/wp-content\\\/uploads\\\/2023\\\/06\\\/CBD-CRUMBLE-90.webp\",\"width\":600,\"height\":600,\"caption\":\"cbd-bl\u00fcten.de\"},{\"@type\":\"BreadcrumbList\",\"@id\":\"https:\\\/\\\/blumiz.com\\\/fr\\\/produit\\\/cbd-crumble-90\\\/#breadcrumb\",\"itemListElement\":[{\"@type\":\"ListItem\",\"position\":1,\"name\":\"Blumiz\",\"item\":\"https:\\\/\\\/blumiz.com\\\/fr\\\/\"},{\"@type\":\"ListItem\",\"position\":2,\"name\":\"CBD Shop\",\"item\":\"https:\\\/\\\/blumiz.com\\\/fr\\\/acheter-cbd-shop\\\/\"},{\"@type\":\"ListItem\",\"position\":3,\"name\":\"Hash et concentr\u00e9s\",\"item\":\"https:\\\/\\\/blumiz.com\\\/fr\\\/category\\\/hash-et-concentres\\\/\"},{\"@type\":\"ListItem\",\"position\":4,\"name\":\"Concentr\u00e9s CBD\",\"item\":\"https:\\\/\\\/blumiz.com\\\/fr\\\/category\\\/hash-et-concentres\\\/concentres-cbd\\\/\"},{\"@type\":\"ListItem\",\"position\":5,\"name\":\"Crumble CBD 90%\"}]},{\"@type\":\"WebSite\",\"@id\":\"https:\\\/\\\/blumiz.com\\\/fr\\\/#website\",\"url\":\"https:\\\/\\\/blumiz.com\\\/fr\\\/\",\"name\":\"Blumiz - Premium CBD\",\"description\":\"Blumiz, Cannabis specialist\",\"publisher\":{\"@id\":\"https:\\\/\\\/blumiz.com\\\/fr\\\/#organization\"},\"alternateName\":\"Blumiz\",\"potentialAction\":[{\"@type\":\"SearchAction\",\"target\":{\"@type\":\"EntryPoint\",\"urlTemplate\":\"https:\\\/\\\/blumiz.com\\\/fr\\\/?s={search_term_string}\"},\"query-input\":{\"@type\":\"PropertyValueSpecification\",\"valueRequired\":true,\"valueName\":\"search_term_string\"}}],\"inLanguage\":\"fr-FR\"},{\"@type\":\"Organization\",\"@id\":\"https:\\\/\\\/blumiz.com\\\/fr\\\/#organization\",\"name\":\"Blumiz CBD\",\"alternateName\":\"Blumiz\",\"url\":\"https:\\\/\\\/blumiz.com\\\/fr\\\/\",\"logo\":{\"@type\":\"ImageObject\",\"inLanguage\":\"fr-FR\",\"@id\":\"https:\\\/\\\/blumiz.com\\\/fr\\\/#\\\/schema\\\/logo\\\/image\\\/\",\"url\":\"https:\\\/\\\/blumiz.com\\\/wp-content\\\/uploads\\\/2026\\\/02\\\/cropped-Blumiz-CBD-logo.webp\",\"contentUrl\":\"https:\\\/\\\/blumiz.com\\\/wp-content\\\/uploads\\\/2026\\\/02\\\/cropped-Blumiz-CBD-logo.webp\",\"width\":2547,\"height\":778,\"caption\":\"Blumiz CBD\"},\"image\":{\"@id\":\"https:\\\/\\\/blumiz.com\\\/fr\\\/#\\\/schema\\\/logo\\\/image\\\/\"}}]}<\/script>\n<meta property=\"og:availability\" content=\"instock\" \/>\n<meta property=\"product:availability\" content=\"instock\" \/>\n<meta property=\"product:condition\" content=\"new\" \/>\n<!-- \/ Yoast SEO Premium plugin. -->","yoast_head_json":{"title":"Crumble CBD 90% - Un effet extr\u00eamement puissant ! \u00e0 partir de 10 \u20ac\/g","description":"Crumble CBD 90% %%page% - Blumiz - Premium CBD 2 r\u00e8gles : qualit\u00e9 et prix - livraison rapide et discr\u00e8te - \u00e0 partir de 10 \u20ac le gramme - extrait de CBD efficace","robots":{"index":"index","follow":"follow","max-snippet":"max-snippet:-1","max-image-preview":"max-image-preview:large","max-video-preview":"max-video-preview:-1"},"canonical":"https:\/\/blumiz.com\/fr\/produit\/cbd-crumble-90\/","og_locale":"fr_FR","og_type":"article","og_title":"Crumble CBD 90%","og_description":"Crumble CBD 90% Blumiz - Premium CBD","og_url":"https:\/\/blumiz.com\/fr\/produit\/cbd-crumble-90\/","og_site_name":"Blumiz - Premium CBD","article_modified_time":"2025-02-11T12:03:19+00:00","og_image":[{"width":600,"height":600,"url":"https:\/\/blumiz.com\/wp-content\/uploads\/2023\/06\/CBD-CRUMBLE-90.webp","type":"image\/webp"}],"twitter_card":"summary_large_image","twitter_misc":{"Disponibilit\u00e9":"En stock"},"schema":{"@context":"https:\/\/schema.org","@graph":[{"@type":"WebPage","@id":"https:\/\/blumiz.com\/fr\/produit\/cbd-crumble-90\/","url":"https:\/\/blumiz.com\/fr\/produit\/cbd-crumble-90\/","name":"Crumble CBD 90% - Un effet extr\u00eamement puissant ! \u00e0 partir de 10 \u20ac\/g","isPartOf":{"@id":"https:\/\/blumiz.com\/fr\/#website"},"primaryImageOfPage":{"@id":"https:\/\/blumiz.com\/fr\/produit\/cbd-crumble-90\/#primaryimage"},"image":{"@id":"https:\/\/blumiz.com\/fr\/produit\/cbd-crumble-90\/#primaryimage"},"thumbnailUrl":"https:\/\/blumiz.com\/wp-content\/uploads\/2023\/06\/CBD-CRUMBLE-90.webp","datePublished":"2023-06-16T18:28:07+00:00","dateModified":"2025-02-11T12:03:19+00:00","description":"Crumble CBD 90% %%page% - Blumiz - Premium CBD 2 r\u00e8gles : qualit\u00e9 et prix - livraison rapide et discr\u00e8te - \u00e0 partir de 10 \u20ac le gramme - extrait de CBD efficace","breadcrumb":{"@id":"https:\/\/blumiz.com\/fr\/produit\/cbd-crumble-90\/#breadcrumb"},"inLanguage":"fr-FR","potentialAction":[{"@type":"ReadAction","target":["https:\/\/blumiz.com\/fr\/produit\/cbd-crumble-90\/"]}]},{"@type":"ImageObject","inLanguage":"fr-FR","@id":"https:\/\/blumiz.com\/fr\/produit\/cbd-crumble-90\/#primaryimage","url":"https:\/\/blumiz.com\/wp-content\/uploads\/2023\/06\/CBD-CRUMBLE-90.webp","contentUrl":"https:\/\/blumiz.com\/wp-content\/uploads\/2023\/06\/CBD-CRUMBLE-90.webp","width":600,"height":600,"caption":"cbd-bl\u00fcten.de"},{"@type":"BreadcrumbList","@id":"https:\/\/blumiz.com\/fr\/produit\/cbd-crumble-90\/#breadcrumb","itemListElement":[{"@type":"ListItem","position":1,"name":"Blumiz","item":"https:\/\/blumiz.com\/fr\/"},{"@type":"ListItem","position":2,"name":"CBD Shop","item":"https:\/\/blumiz.com\/fr\/acheter-cbd-shop\/"},{"@type":"ListItem","position":3,"name":"Hash et concentr\u00e9s","item":"https:\/\/blumiz.com\/fr\/category\/hash-et-concentres\/"},{"@type":"ListItem","position":4,"name":"Concentr\u00e9s CBD","item":"https:\/\/blumiz.com\/fr\/category\/hash-et-concentres\/concentres-cbd\/"},{"@type":"ListItem","position":5,"name":"Crumble CBD 90%"}]},{"@type":"WebSite","@id":"https:\/\/blumiz.com\/fr\/#website","url":"https:\/\/blumiz.com\/fr\/","name":"Blumiz - Premium CBD","description":"Blumiz, Cannabis specialist","publisher":{"@id":"https:\/\/blumiz.com\/fr\/#organization"},"alternateName":"Blumiz","potentialAction":[{"@type":"SearchAction","target":{"@type":"EntryPoint","urlTemplate":"https:\/\/blumiz.com\/fr\/?s={search_term_string}"},"query-input":{"@type":"PropertyValueSpecification","valueRequired":true,"valueName":"search_term_string"}}],"inLanguage":"fr-FR"},{"@type":"Organization","@id":"https:\/\/blumiz.com\/fr\/#organization","name":"Blumiz CBD","alternateName":"Blumiz","url":"https:\/\/blumiz.com\/fr\/","logo":{"@type":"ImageObject","inLanguage":"fr-FR","@id":"https:\/\/blumiz.com\/fr\/#\/schema\/logo\/image\/","url":"https:\/\/blumiz.com\/wp-content\/uploads\/2026\/02\/cropped-Blumiz-CBD-logo.webp","contentUrl":"https:\/\/blumiz.com\/wp-content\/uploads\/2026\/02\/cropped-Blumiz-CBD-logo.webp","width":2547,"height":778,"caption":"Blumiz CBD"},"image":{"@id":"https:\/\/blumiz.com\/fr\/#\/schema\/logo\/image\/"}}]},"og_availability":"instock","product_availability":"instock","product_condition":"new"},"_links":{"self":[{"href":"https:\/\/blumiz.com\/fr\/wp-json\/wp\/v2\/product\/12604","targetHints":{"allow":["GET"]}}],"collection":[{"href":"https:\/\/blumiz.com\/fr\/wp-json\/wp\/v2\/product"}],"about":[{"href":"https:\/\/blumiz.com\/fr\/wp-json\/wp\/v2\/types\/product"}],"replies":[{"embeddable":true,"href":"https:\/\/blumiz.com\/fr\/wp-json\/wp\/v2\/comments?post=12604"}],"version-history":[{"count":0,"href":"https:\/\/blumiz.com\/fr\/wp-json\/wp\/v2\/product\/12604\/revisions"}],"wp:featuredmedia":[{"embeddable":true,"href":"https:\/\/blumiz.com\/fr\/wp-json\/wp\/v2\/media\/12596"}],"wp:attachment":[{"href":"https:\/\/blumiz.com\/fr\/wp-json\/wp\/v2\/media?parent=12604"}],"wp:term":[{"taxonomy":"product_brand","embeddable":true,"href":"https:\/\/blumiz.com\/fr\/wp-json\/wp\/v2\/product_brand?post=12604"},{"taxonomy":"product_cat","embeddable":true,"href":"https:\/\/blumiz.com\/fr\/wp-json\/wp\/v2\/product_cat?post=12604"},{"taxonomy":"product_tag","embeddable":true,"href":"https:\/\/blumiz.com\/fr\/wp-json\/wp\/v2\/product_tag?post=12604"}],"curies":[{"name":"wp","href":"https:\/\/api.w.org\/{rel}","templated":true}]}}