{"id":12775,"date":"2023-07-06T15:31:06","date_gmt":"2023-07-06T14:31:06","guid":{"rendered":"https:\/\/blumiz.com\/?post_type=product&#038;p=12775"},"modified":"2025-08-11T17:54:13","modified_gmt":"2025-08-11T16:54:13","slug":"comprimes-a-macher-cbd-1200mg-cannaline-x20","status":"publish","type":"product","link":"https:\/\/blumiz.com\/fr\/produit\/comprimes-a-macher-cbd-1200mg-cannaline-x20\/","title":{"rendered":"Comprim\u00e9s CBD \u00e0 m\u00e2cher 1200MG Cannaline x20"},"content":{"rendered":"<h2>Comprim\u00e9s \u00e0 m\u00e2cher au CBD avec vitamines du complexe B &#8211; 1200 mg de CBD<\/h2>\n<p>Il est facile de se sentir fatigu\u00e9, agit\u00e9 et d\u00e9concentr\u00e9 quand on vit dans un monde aussi affair\u00e9 et sous pression. Nous avons cependant la solution id\u00e9ale pour vous aider \u00e0 y rem\u00e9dier !<br \/>\nAvec un d\u00e9licieux go\u00fbt de fraise, bourr\u00e9s de vitamines B1, B3, B6, B12 et de biotine, ces comprim\u00e9s \u00e0 croquer au CBD peuvent rem\u00e9dier \u00e0 votre carence en vitamines qui provoque votre fatigue et votre manque de concentration. Ne prenez qu&#8217;un seul comprim\u00e9 par jour pour essayer de r\u00e9duire le stress<br \/>\nvos nerfs et vos \u00e9motions. Chaque comprim\u00e9 contient 60 mg de CBD, ce qui vous permet d&#8217;obtenir votre dose quotidienne de CBD.<\/p>\n<h3>Attention : ne d\u00e9passez pas 70 mg en 24 heures.<\/h3>\n<p>En tant que forme la plus simple de prise de CBD, les comprim\u00e9s \u00e0 m\u00e2cher offrent aux clients la possibilit\u00e9 d&#8217;essayer le CBD sans les devinettes associ\u00e9es aux autres formes. De plus, les ar\u00f4mes naturels enrichis en fraises en font une pilule facile \u00e0 avaler o\u00f9 que vous soyez. C&#8217;est parfait pour ceux qui le sont<br \/>\ntoujours sur le qui-vive.<br \/>\nRempli de CBD et de biotine de haute qualit\u00e9, il est absorb\u00e9 dans votre circulation sanguine et commence \u00e0 agir apr\u00e8s avoir \u00e9t\u00e9 consomm\u00e9. Les propri\u00e9t\u00e9s de la biotine peuvent aider \u00e0 garder votre peau et vos cheveux en bonne sant\u00e9, et d\u00e9composent tous les aliments que vous mangez en sucre pour l&#8217;utiliser comme \u00e9nergie.<br \/>\nAvec 20 comprim\u00e9s par bo\u00eete, achetez vos comprim\u00e9s en grande quantit\u00e9 d\u00e8s aujourd&#8217;hui et conservez-les jusqu&#8217;\u00e0 24 mois pour \u00eatre s\u00fbr de ne pas manquer un jour et de garder le manque de d\u00e9sir, la fatigue et plus encore \u00e0 distance.<br \/>\nCe compl\u00e9ment alimentaire doit \u00eatre pris apr\u00e8s les repas, mais il n&#8217;est pas destin\u00e9 \u00e0 gu\u00e9rir ou \u00e0 traiter des maladies, ni \u00e0 \u00eatre utilis\u00e9 par les femmes enceintes. <\/p>\n","protected":false},"excerpt":{"rendered":"<h2>CBD en comprim\u00e9s \u00e0 m\u00e2cher<\/h2>\n<p>Quantit\u00e9 : 20 unit\u00e9s<br \/>\nCBD : 1200 mg (60 mg par comprim\u00e9)<\/p>\n","protected":false},"featured_media":12778,"comment_status":"open","ping_status":"closed","template":"","meta":{"site-sidebar-layout":"default","site-content-layout":"default","ast-site-content-layout":"default","site-content-style":"default","site-sidebar-style":"default","ast-global-header-display":"","ast-banner-title-visibility":"","ast-main-header-display":"","ast-hfb-above-header-display":"","ast-hfb-below-header-display":"","ast-hfb-mobile-header-display":"","site-post-title":"","ast-breadcrumbs-content":"","ast-featured-img":"","footer-sml-layout":"","ast-disable-related-posts":"","theme-transparent-header-meta":"default","adv-header-id-meta":"","stick-header-meta":"default","header-above-stick-meta":"","header-main-stick-meta":"","header-below-stick-meta":"","astra-migrate-meta-layouts":"default","ast-page-background-enabled":"default","ast-page-background-meta":{"desktop":{"background-color":"","background-image":"","background-repeat":"repeat","background-position":"center center","background-size":"auto","background-attachment":"scroll","background-type":"","background-media":"","overlay-type":"","overlay-color":"","overlay-opacity":"","overlay-gradient":""},"tablet":{"background-color":"","background-image":"","background-repeat":"repeat","background-position":"center center","background-size":"auto","background-attachment":"scroll","background-type":"","background-media":"","overlay-type":"","overlay-color":"","overlay-opacity":"","overlay-gradient":""},"mobile":{"background-color":"","background-image":"","background-repeat":"repeat","background-position":"center center","background-size":"auto","background-attachment":"scroll","background-type":"","background-media":"","overlay-type":"","overlay-color":"","overlay-opacity":"","overlay-gradient":""}},"ast-content-background-meta":{"desktop":{"background-color":"var(--ast-global-color-5)","background-image":"","background-repeat":"repeat","background-position":"center center","background-size":"auto","background-attachment":"scroll","background-type":"","background-media":"","overlay-type":"","overlay-color":"","overlay-opacity":"","overlay-gradient":""},"tablet":{"background-color":"var(--ast-global-color-5)","background-image":"","background-repeat":"repeat","background-position":"center center","background-size":"auto","background-attachment":"scroll","background-type":"","background-media":"","overlay-type":"","overlay-color":"","overlay-opacity":"","overlay-gradient":""},"mobile":{"background-color":"var(--ast-global-color-5)","background-image":"","background-repeat":"repeat","background-position":"center center","background-size":"auto","background-attachment":"scroll","background-type":"","background-media":"","overlay-type":"","overlay-color":"","overlay-opacity":"","overlay-gradient":""}}},"product_brand":[],"product_cat":[169,304,173],"product_tag":[],"class_list":{"0":"post-12775","1":"product","2":"type-product","3":"status-publish","4":"has-post-thumbnail","6":"product_cat-bien-etre-cbd","7":"product_cat-cbd-fr","8":"product_cat-huiles-et-gelules-cbd","9":"desktop-align-left","10":"tablet-align-center","11":"mobile-align-left","12":"ast-product-gallery-layout-vertical","13":"ast-product-gallery-with-no-image","14":"ast-magnify-disabled","15":"ast-product-tabs-layout-horizontal","17":"first","18":"outofstock","19":"taxable","20":"shipping-taxable","21":"purchasable","22":"product-type-simple"},"yoast_head":"<!-- This site is optimized with the Yoast SEO Premium plugin v27.2 (Yoast SEO v27.4) - https:\/\/yoast.com\/product\/yoast-seo-premium-wordpress\/ -->\n<title>Comprim\u00e9s CBD \u00e0 m\u00e2cher 1200MG Cannaline x20 - %%page% - Blumiz - Premium CBD<\/title>\n<meta name=\"description\" content=\"Comprim\u00e9s CBD \u00e0 m\u00e2cher 1200MG Cannaline x20 - Compl\u00e9ments alimentaires \u00e0 base de CBD de haute qualit\u00e9 au meilleur prix - Livraison rapide- Blumiz - Premium CBD.\" \/>\n<meta name=\"robots\" content=\"index, follow, max-snippet:-1, max-image-preview:large, max-video-preview:-1\" \/>\n<link rel=\"canonical\" href=\"https:\/\/blumiz.com\/fr\/produit\/comprimes-a-macher-cbd-1200mg-cannaline-x20\/\" \/>\n<meta property=\"og:locale\" content=\"fr_FR\" \/>\n<meta property=\"og:type\" content=\"article\" \/>\n<meta property=\"og:title\" content=\"Comprim\u00e9s CBD \u00e0 m\u00e2cher 1200MG Cannaline x20\" \/>\n<meta property=\"og:description\" content=\"Comprim\u00e9s CBD \u00e0 m\u00e2cher 1200MG Cannaline x20 Blumiz - Premium CBD\" \/>\n<meta property=\"og:url\" content=\"https:\/\/blumiz.com\/fr\/produit\/comprimes-a-macher-cbd-1200mg-cannaline-x20\/\" \/>\n<meta property=\"og:site_name\" content=\"Blumiz - Premium CBD\" \/>\n<meta property=\"article:modified_time\" content=\"2025-08-11T16:54:13+00:00\" \/>\n<meta property=\"og:image\" content=\"https:\/\/blumiz.com\/wp-content\/uploads\/2023\/07\/CBD-Kautabletten.webp\" \/>\n\t<meta property=\"og:image:width\" content=\"600\" \/>\n\t<meta property=\"og:image:height\" content=\"600\" \/>\n\t<meta property=\"og:image:type\" content=\"image\/webp\" \/>\n<meta name=\"twitter:card\" content=\"summary_large_image\" \/>\n<meta name=\"twitter:label1\" content=\"Prix\" \/>\n\t<meta name=\"twitter:data1\" content=\"14,50&nbsp;&euro;\" \/>\n\t<meta name=\"twitter:label2\" content=\"Disponibilit\u00e9\" \/>\n\t<meta name=\"twitter:data2\" content=\"Rupture de stock\" \/>\n<script type=\"application\/ld+json\" class=\"yoast-schema-graph\">{\"@context\":\"https:\\\/\\\/schema.org\",\"@graph\":[{\"@type\":\"WebPage\",\"@id\":\"https:\\\/\\\/blumiz.com\\\/fr\\\/produit\\\/comprimes-a-macher-cbd-1200mg-cannaline-x20\\\/\",\"url\":\"https:\\\/\\\/blumiz.com\\\/fr\\\/produit\\\/comprimes-a-macher-cbd-1200mg-cannaline-x20\\\/\",\"name\":\"Comprim\u00e9s CBD \u00e0 m\u00e2cher 1200MG Cannaline x20 - %%page% - Blumiz - Premium CBD\",\"isPartOf\":{\"@id\":\"https:\\\/\\\/blumiz.com\\\/fr\\\/#website\"},\"primaryImageOfPage\":{\"@id\":\"https:\\\/\\\/blumiz.com\\\/fr\\\/produit\\\/comprimes-a-macher-cbd-1200mg-cannaline-x20\\\/#primaryimage\"},\"image\":{\"@id\":\"https:\\\/\\\/blumiz.com\\\/fr\\\/produit\\\/comprimes-a-macher-cbd-1200mg-cannaline-x20\\\/#primaryimage\"},\"thumbnailUrl\":\"https:\\\/\\\/blumiz.com\\\/wp-content\\\/uploads\\\/2023\\\/07\\\/CBD-Kautabletten.webp\",\"datePublished\":\"2023-07-06T14:31:06+00:00\",\"dateModified\":\"2025-08-11T16:54:13+00:00\",\"description\":\"Comprim\u00e9s CBD \u00e0 m\u00e2cher 1200MG Cannaline x20 - Compl\u00e9ments alimentaires \u00e0 base de CBD de haute qualit\u00e9 au meilleur prix - Livraison rapide- Blumiz - Premium CBD.\",\"breadcrumb\":{\"@id\":\"https:\\\/\\\/blumiz.com\\\/fr\\\/produit\\\/comprimes-a-macher-cbd-1200mg-cannaline-x20\\\/#breadcrumb\"},\"inLanguage\":\"fr-FR\",\"potentialAction\":[{\"@type\":\"ReadAction\",\"target\":[\"https:\\\/\\\/blumiz.com\\\/fr\\\/produit\\\/comprimes-a-macher-cbd-1200mg-cannaline-x20\\\/\"]}]},{\"@type\":\"ImageObject\",\"inLanguage\":\"fr-FR\",\"@id\":\"https:\\\/\\\/blumiz.com\\\/fr\\\/produit\\\/comprimes-a-macher-cbd-1200mg-cannaline-x20\\\/#primaryimage\",\"url\":\"https:\\\/\\\/blumiz.com\\\/wp-content\\\/uploads\\\/2023\\\/07\\\/CBD-Kautabletten.webp\",\"contentUrl\":\"https:\\\/\\\/blumiz.com\\\/wp-content\\\/uploads\\\/2023\\\/07\\\/CBD-Kautabletten.webp\",\"width\":600,\"height\":600,\"caption\":\"CBD-Kautabletten\"},{\"@type\":\"BreadcrumbList\",\"@id\":\"https:\\\/\\\/blumiz.com\\\/fr\\\/produit\\\/comprimes-a-macher-cbd-1200mg-cannaline-x20\\\/#breadcrumb\",\"itemListElement\":[{\"@type\":\"ListItem\",\"position\":1,\"name\":\"Blumiz\",\"item\":\"https:\\\/\\\/blumiz.com\\\/fr\\\/\"},{\"@type\":\"ListItem\",\"position\":2,\"name\":\"CBD Shop\",\"item\":\"https:\\\/\\\/blumiz.com\\\/fr\\\/acheter-cbd-shop\\\/\"},{\"@type\":\"ListItem\",\"position\":3,\"name\":\"Bien \u00eatre CBD\",\"item\":\"https:\\\/\\\/blumiz.com\\\/fr\\\/category\\\/bien-etre-cbd\\\/\"},{\"@type\":\"ListItem\",\"position\":4,\"name\":\"Huiles et g\u00e9lules CBD\",\"item\":\"https:\\\/\\\/blumiz.com\\\/fr\\\/category\\\/bien-etre-cbd\\\/huiles-et-gelules-cbd\\\/\"},{\"@type\":\"ListItem\",\"position\":5,\"name\":\"Comprim\u00e9s CBD \u00e0 m\u00e2cher 1200MG Cannaline x20\"}]},{\"@type\":\"WebSite\",\"@id\":\"https:\\\/\\\/blumiz.com\\\/fr\\\/#website\",\"url\":\"https:\\\/\\\/blumiz.com\\\/fr\\\/\",\"name\":\"Blumiz - Premium CBD\",\"description\":\"Blumiz, Cannabis specialist\",\"publisher\":{\"@id\":\"https:\\\/\\\/blumiz.com\\\/fr\\\/#organization\"},\"alternateName\":\"Blumiz\",\"potentialAction\":[{\"@type\":\"SearchAction\",\"target\":{\"@type\":\"EntryPoint\",\"urlTemplate\":\"https:\\\/\\\/blumiz.com\\\/fr\\\/?s={search_term_string}\"},\"query-input\":{\"@type\":\"PropertyValueSpecification\",\"valueRequired\":true,\"valueName\":\"search_term_string\"}}],\"inLanguage\":\"fr-FR\"},{\"@type\":\"Organization\",\"@id\":\"https:\\\/\\\/blumiz.com\\\/fr\\\/#organization\",\"name\":\"Blumiz CBD\",\"alternateName\":\"Blumiz\",\"url\":\"https:\\\/\\\/blumiz.com\\\/fr\\\/\",\"logo\":{\"@type\":\"ImageObject\",\"inLanguage\":\"fr-FR\",\"@id\":\"https:\\\/\\\/blumiz.com\\\/fr\\\/#\\\/schema\\\/logo\\\/image\\\/\",\"url\":\"https:\\\/\\\/blumiz.com\\\/wp-content\\\/uploads\\\/2026\\\/02\\\/cropped-Blumiz-CBD-logo.webp\",\"contentUrl\":\"https:\\\/\\\/blumiz.com\\\/wp-content\\\/uploads\\\/2026\\\/02\\\/cropped-Blumiz-CBD-logo.webp\",\"width\":2547,\"height\":778,\"caption\":\"Blumiz CBD\"},\"image\":{\"@id\":\"https:\\\/\\\/blumiz.com\\\/fr\\\/#\\\/schema\\\/logo\\\/image\\\/\"}}]}<\/script>\n<meta property=\"product:price:amount\" content=\"14.50\" \/>\n<meta property=\"product:price:currency\" content=\"EUR\" \/>\n<meta property=\"og:availability\" content=\"out of stock\" \/>\n<meta property=\"product:availability\" content=\"out of stock\" \/>\n<meta property=\"product:retailer_item_id\" content=\"947942\" \/>\n<meta property=\"product:condition\" content=\"new\" \/>\n<!-- \/ Yoast SEO Premium plugin. -->","yoast_head_json":{"title":"Comprim\u00e9s CBD \u00e0 m\u00e2cher 1200MG Cannaline x20 - %%page% - Blumiz - Premium CBD","description":"Comprim\u00e9s CBD \u00e0 m\u00e2cher 1200MG Cannaline x20 - Compl\u00e9ments alimentaires \u00e0 base de CBD de haute qualit\u00e9 au meilleur prix - Livraison rapide- Blumiz - Premium CBD.","robots":{"index":"index","follow":"follow","max-snippet":"max-snippet:-1","max-image-preview":"max-image-preview:large","max-video-preview":"max-video-preview:-1"},"canonical":"https:\/\/blumiz.com\/fr\/produit\/comprimes-a-macher-cbd-1200mg-cannaline-x20\/","og_locale":"fr_FR","og_type":"article","og_title":"Comprim\u00e9s CBD \u00e0 m\u00e2cher 1200MG Cannaline x20","og_description":"Comprim\u00e9s CBD \u00e0 m\u00e2cher 1200MG Cannaline x20 Blumiz - Premium CBD","og_url":"https:\/\/blumiz.com\/fr\/produit\/comprimes-a-macher-cbd-1200mg-cannaline-x20\/","og_site_name":"Blumiz - Premium CBD","article_modified_time":"2025-08-11T16:54:13+00:00","og_image":[{"width":600,"height":600,"url":"https:\/\/blumiz.com\/wp-content\/uploads\/2023\/07\/CBD-Kautabletten.webp","type":"image\/webp"}],"twitter_card":"summary_large_image","twitter_misc":{"Prix":"14,50&nbsp;&euro;","Disponibilit\u00e9":"Rupture de stock"},"schema":{"@context":"https:\/\/schema.org","@graph":[{"@type":"WebPage","@id":"https:\/\/blumiz.com\/fr\/produit\/comprimes-a-macher-cbd-1200mg-cannaline-x20\/","url":"https:\/\/blumiz.com\/fr\/produit\/comprimes-a-macher-cbd-1200mg-cannaline-x20\/","name":"Comprim\u00e9s CBD \u00e0 m\u00e2cher 1200MG Cannaline x20 - %%page% - Blumiz - Premium CBD","isPartOf":{"@id":"https:\/\/blumiz.com\/fr\/#website"},"primaryImageOfPage":{"@id":"https:\/\/blumiz.com\/fr\/produit\/comprimes-a-macher-cbd-1200mg-cannaline-x20\/#primaryimage"},"image":{"@id":"https:\/\/blumiz.com\/fr\/produit\/comprimes-a-macher-cbd-1200mg-cannaline-x20\/#primaryimage"},"thumbnailUrl":"https:\/\/blumiz.com\/wp-content\/uploads\/2023\/07\/CBD-Kautabletten.webp","datePublished":"2023-07-06T14:31:06+00:00","dateModified":"2025-08-11T16:54:13+00:00","description":"Comprim\u00e9s CBD \u00e0 m\u00e2cher 1200MG Cannaline x20 - Compl\u00e9ments alimentaires \u00e0 base de CBD de haute qualit\u00e9 au meilleur prix - Livraison rapide- Blumiz - Premium CBD.","breadcrumb":{"@id":"https:\/\/blumiz.com\/fr\/produit\/comprimes-a-macher-cbd-1200mg-cannaline-x20\/#breadcrumb"},"inLanguage":"fr-FR","potentialAction":[{"@type":"ReadAction","target":["https:\/\/blumiz.com\/fr\/produit\/comprimes-a-macher-cbd-1200mg-cannaline-x20\/"]}]},{"@type":"ImageObject","inLanguage":"fr-FR","@id":"https:\/\/blumiz.com\/fr\/produit\/comprimes-a-macher-cbd-1200mg-cannaline-x20\/#primaryimage","url":"https:\/\/blumiz.com\/wp-content\/uploads\/2023\/07\/CBD-Kautabletten.webp","contentUrl":"https:\/\/blumiz.com\/wp-content\/uploads\/2023\/07\/CBD-Kautabletten.webp","width":600,"height":600,"caption":"CBD-Kautabletten"},{"@type":"BreadcrumbList","@id":"https:\/\/blumiz.com\/fr\/produit\/comprimes-a-macher-cbd-1200mg-cannaline-x20\/#breadcrumb","itemListElement":[{"@type":"ListItem","position":1,"name":"Blumiz","item":"https:\/\/blumiz.com\/fr\/"},{"@type":"ListItem","position":2,"name":"CBD Shop","item":"https:\/\/blumiz.com\/fr\/acheter-cbd-shop\/"},{"@type":"ListItem","position":3,"name":"Bien \u00eatre CBD","item":"https:\/\/blumiz.com\/fr\/category\/bien-etre-cbd\/"},{"@type":"ListItem","position":4,"name":"Huiles et g\u00e9lules CBD","item":"https:\/\/blumiz.com\/fr\/category\/bien-etre-cbd\/huiles-et-gelules-cbd\/"},{"@type":"ListItem","position":5,"name":"Comprim\u00e9s CBD \u00e0 m\u00e2cher 1200MG Cannaline x20"}]},{"@type":"WebSite","@id":"https:\/\/blumiz.com\/fr\/#website","url":"https:\/\/blumiz.com\/fr\/","name":"Blumiz - Premium CBD","description":"Blumiz, Cannabis specialist","publisher":{"@id":"https:\/\/blumiz.com\/fr\/#organization"},"alternateName":"Blumiz","potentialAction":[{"@type":"SearchAction","target":{"@type":"EntryPoint","urlTemplate":"https:\/\/blumiz.com\/fr\/?s={search_term_string}"},"query-input":{"@type":"PropertyValueSpecification","valueRequired":true,"valueName":"search_term_string"}}],"inLanguage":"fr-FR"},{"@type":"Organization","@id":"https:\/\/blumiz.com\/fr\/#organization","name":"Blumiz CBD","alternateName":"Blumiz","url":"https:\/\/blumiz.com\/fr\/","logo":{"@type":"ImageObject","inLanguage":"fr-FR","@id":"https:\/\/blumiz.com\/fr\/#\/schema\/logo\/image\/","url":"https:\/\/blumiz.com\/wp-content\/uploads\/2026\/02\/cropped-Blumiz-CBD-logo.webp","contentUrl":"https:\/\/blumiz.com\/wp-content\/uploads\/2026\/02\/cropped-Blumiz-CBD-logo.webp","width":2547,"height":778,"caption":"Blumiz CBD"},"image":{"@id":"https:\/\/blumiz.com\/fr\/#\/schema\/logo\/image\/"}}]},"product_price_amount":"14.50","product_price_currency":"EUR","og_availability":"out of stock","product_availability":"out of stock","product_retailer_item_id":"947942","product_condition":"new"},"_links":{"self":[{"href":"https:\/\/blumiz.com\/fr\/wp-json\/wp\/v2\/product\/12775","targetHints":{"allow":["GET"]}}],"collection":[{"href":"https:\/\/blumiz.com\/fr\/wp-json\/wp\/v2\/product"}],"about":[{"href":"https:\/\/blumiz.com\/fr\/wp-json\/wp\/v2\/types\/product"}],"replies":[{"embeddable":true,"href":"https:\/\/blumiz.com\/fr\/wp-json\/wp\/v2\/comments?post=12775"}],"version-history":[{"count":0,"href":"https:\/\/blumiz.com\/fr\/wp-json\/wp\/v2\/product\/12775\/revisions"}],"wp:featuredmedia":[{"embeddable":true,"href":"https:\/\/blumiz.com\/fr\/wp-json\/wp\/v2\/media\/12778"}],"wp:attachment":[{"href":"https:\/\/blumiz.com\/fr\/wp-json\/wp\/v2\/media?parent=12775"}],"wp:term":[{"taxonomy":"product_brand","embeddable":true,"href":"https:\/\/blumiz.com\/fr\/wp-json\/wp\/v2\/product_brand?post=12775"},{"taxonomy":"product_cat","embeddable":true,"href":"https:\/\/blumiz.com\/fr\/wp-json\/wp\/v2\/product_cat?post=12775"},{"taxonomy":"product_tag","embeddable":true,"href":"https:\/\/blumiz.com\/fr\/wp-json\/wp\/v2\/product_tag?post=12775"}],"curies":[{"name":"wp","href":"https:\/\/api.w.org\/{rel}","templated":true}]}}