{"id":12792,"date":"2023-07-06T16:12:38","date_gmt":"2023-07-06T15:12:38","guid":{"rendered":"https:\/\/blumiz.com\/?post_type=product&#038;p=12792"},"modified":"2025-02-11T13:28:15","modified_gmt":"2025-02-11T12:28:15","slug":"cbd-vape-pen-zittlez-600-mg-puff-orange-county-cbd","status":"publish","type":"product","link":"https:\/\/blumiz.com\/fr\/produit\/cbd-vape-pen-zittlez-600-mg-puff-orange-county-cbd\/","title":{"rendered":"CBD Vape Pen &#8211; Zittlez &#8211; 600 mg &#8211; Puff &#8211; Orange County CBD"},"content":{"rendered":"<p>Zittlez est une vari\u00e9t\u00e9 mondialement connue, nous avons donc fait l&#8217;effort de la reproduire parfaitement. Chacun de nos vaporisateurs jetables Zittlez CBD est le m\u00e9lange parfait de ce go\u00fbt classique et d&#8217;une exp\u00e9rience CBD puissante.<\/p>\n<p>Nous avons utilis\u00e9 des terp\u00e8nes d&#8217;origine naturelle pour cr\u00e9er ce go\u00fbt authentique de zitz. Ces compos\u00e9s organiques sont extraits en m\u00eame temps que notre CBD prim\u00e9 et conf\u00e8rent \u00e0 Zittlez son go\u00fbt incomparable.<\/p>\n<p>Chacun de nos Pen CBD est pr\u00e9-rempli de 700 bouff\u00e9es de jus. Avec autant de d\u00e9licieux jus, m\u00eame les plus grands vapoteurs seront certainement satisfaits.<\/p>\n<p>Notre vaporisateur CBD jetable Zittlez est fabriqu\u00e9 \u00e0 partir de CBD \u00e0 large spectre. Avec un large spectre de cannabino\u00efdes, mais totalement d\u00e9pourvues de THC, nos vapes vous offrent une exp\u00e9rience CBD puissante, m\u00eame avec le dosage le plus faible.<\/p>\n<p>*Veuillez noter qu&#8217;en raison de la forte concentration de CBD dans ces appareils, une cristallisation peut se produire. Maintenez l&#8217;appareil au chaud et chauffez-le l\u00e9g\u00e8rement. Continuez \u00e0 chauffer la bobine et l&#8217;huile devrait se liqu\u00e9fier.<\/p>\n","protected":false},"excerpt":{"rendered":"<p>Vous voulez essayer l&#8217;arc Strain ? Notre vaporisateur CBD jetable Zittlez vous y emm\u00e8ne. Les ar\u00f4mes sucr\u00e9s de cette e-cigarette, inspir\u00e9e de l&#8217;une des vari\u00e9t\u00e9s les plus c\u00e9l\u00e8bres de Californie, en font le choix parfait pour un hit CBD savoureux. Zittlez est fabriqu\u00e9 \u00e0 partir de CBD de la plus haute qualit\u00e9 et vous garantit un effet puissant et relaxant<br \/>\nRechargeable (c\u00e2ble non inclus)<\/p>\n","protected":false},"featured_media":12932,"comment_status":"open","ping_status":"closed","template":"","meta":{"site-sidebar-layout":"default","site-content-layout":"default","ast-site-content-layout":"default","site-content-style":"default","site-sidebar-style":"default","ast-global-header-display":"","ast-banner-title-visibility":"","ast-main-header-display":"","ast-hfb-above-header-display":"","ast-hfb-below-header-display":"","ast-hfb-mobile-header-display":"","site-post-title":"","ast-breadcrumbs-content":"","ast-featured-img":"","footer-sml-layout":"","ast-disable-related-posts":"","theme-transparent-header-meta":"default","adv-header-id-meta":"","stick-header-meta":"default","header-above-stick-meta":"","header-main-stick-meta":"","header-below-stick-meta":"","astra-migrate-meta-layouts":"default","ast-page-background-enabled":"default","ast-page-background-meta":{"desktop":{"background-color":"","background-image":"","background-repeat":"repeat","background-position":"center center","background-size":"auto","background-attachment":"scroll","background-type":"","background-media":"","overlay-type":"","overlay-color":"","overlay-opacity":"","overlay-gradient":""},"tablet":{"background-color":"","background-image":"","background-repeat":"repeat","background-position":"center center","background-size":"auto","background-attachment":"scroll","background-type":"","background-media":"","overlay-type":"","overlay-color":"","overlay-opacity":"","overlay-gradient":""},"mobile":{"background-color":"","background-image":"","background-repeat":"repeat","background-position":"center center","background-size":"auto","background-attachment":"scroll","background-type":"","background-media":"","overlay-type":"","overlay-color":"","overlay-opacity":"","overlay-gradient":""}},"ast-content-background-meta":{"desktop":{"background-color":"var(--ast-global-color-5)","background-image":"","background-repeat":"repeat","background-position":"center center","background-size":"auto","background-attachment":"scroll","background-type":"","background-media":"","overlay-type":"","overlay-color":"","overlay-opacity":"","overlay-gradient":""},"tablet":{"background-color":"var(--ast-global-color-5)","background-image":"","background-repeat":"repeat","background-position":"center center","background-size":"auto","background-attachment":"scroll","background-type":"","background-media":"","overlay-type":"","overlay-color":"","overlay-opacity":"","overlay-gradient":""},"mobile":{"background-color":"var(--ast-global-color-5)","background-image":"","background-repeat":"repeat","background-position":"center center","background-size":"auto","background-attachment":"scroll","background-type":"","background-media":"","overlay-type":"","overlay-color":"","overlay-opacity":"","overlay-gradient":""}}},"product_brand":[],"product_cat":[304,168],"product_tag":[],"class_list":{"0":"post-12792","1":"product","2":"type-product","3":"status-publish","4":"has-post-thumbnail","6":"product_cat-cbd-fr","7":"product_cat-vape-cbd","8":"desktop-align-left","9":"tablet-align-center","10":"mobile-align-left","11":"ast-product-gallery-layout-vertical","12":"ast-product-gallery-with-no-image","13":"ast-magnify-disabled","14":"ast-product-tabs-layout-horizontal","16":"first","17":"outofstock","18":"taxable","19":"shipping-taxable","20":"purchasable","21":"product-type-simple"},"yoast_head":"<!-- This site is optimized with the Yoast SEO Premium plugin v27.2 (Yoast SEO v27.4) - https:\/\/yoast.com\/product\/yoast-seo-premium-wordpress\/ -->\n<title>CBD Vape Pen - Zittlez - 600 mg - Puff - Orange County CBD - Blumiz - Premium CBD<\/title>\n<meta name=\"description\" content=\"CBD Vape Pen - Zittlez - 600 mg - Puff - Orange County CBD %%page% - Blumiz - Premium CBD - Meilleur prix - CBD - HHC - THC - HHCPO l\u00e9gal\" \/>\n<meta name=\"robots\" content=\"index, follow, max-snippet:-1, max-image-preview:large, max-video-preview:-1\" \/>\n<link rel=\"canonical\" href=\"https:\/\/blumiz.com\/fr\/produit\/cbd-vape-pen-zittlez-600-mg-puff-orange-county-cbd\/\" \/>\n<meta property=\"og:locale\" content=\"fr_FR\" \/>\n<meta property=\"og:type\" content=\"article\" \/>\n<meta property=\"og:title\" content=\"CBD Vape Pen - Zittlez - 600 mg - Puff - Orange County CBD\" \/>\n<meta property=\"og:description\" content=\"CBD Vape Pen - Zittlez - 600 mg - Puff - Orange County CBD Blumiz - Premium CBD\" \/>\n<meta property=\"og:url\" content=\"https:\/\/blumiz.com\/fr\/produit\/cbd-vape-pen-zittlez-600-mg-puff-orange-county-cbd\/\" \/>\n<meta property=\"og:site_name\" content=\"Blumiz - Premium CBD\" \/>\n<meta property=\"article:modified_time\" content=\"2025-02-11T12:28:15+00:00\" \/>\n<meta property=\"og:image\" content=\"https:\/\/blumiz.com\/wp-content\/uploads\/2023\/07\/CBD-Vape-Pen-Zittlez-600-mg-Puff-Orange-County-CBD.webp\" \/>\n\t<meta property=\"og:image:width\" content=\"600\" \/>\n\t<meta property=\"og:image:height\" content=\"600\" \/>\n\t<meta property=\"og:image:type\" content=\"image\/webp\" \/>\n<meta name=\"twitter:card\" content=\"summary_large_image\" \/>\n<meta name=\"twitter:label1\" content=\"Prix\" \/>\n\t<meta name=\"twitter:data1\" content=\"29,90&nbsp;&euro;\" \/>\n\t<meta name=\"twitter:label2\" content=\"Disponibilit\u00e9\" \/>\n\t<meta name=\"twitter:data2\" content=\"Rupture de stock\" \/>\n<script type=\"application\/ld+json\" class=\"yoast-schema-graph\">{\"@context\":\"https:\\\/\\\/schema.org\",\"@graph\":[{\"@type\":\"WebPage\",\"@id\":\"https:\\\/\\\/blumiz.com\\\/fr\\\/produit\\\/cbd-vape-pen-zittlez-600-mg-puff-orange-county-cbd\\\/\",\"url\":\"https:\\\/\\\/blumiz.com\\\/fr\\\/produit\\\/cbd-vape-pen-zittlez-600-mg-puff-orange-county-cbd\\\/\",\"name\":\"CBD Vape Pen - Zittlez - 600 mg - Puff - Orange County CBD - Blumiz - Premium CBD\",\"isPartOf\":{\"@id\":\"https:\\\/\\\/blumiz.com\\\/fr\\\/#website\"},\"primaryImageOfPage\":{\"@id\":\"https:\\\/\\\/blumiz.com\\\/fr\\\/produit\\\/cbd-vape-pen-zittlez-600-mg-puff-orange-county-cbd\\\/#primaryimage\"},\"image\":{\"@id\":\"https:\\\/\\\/blumiz.com\\\/fr\\\/produit\\\/cbd-vape-pen-zittlez-600-mg-puff-orange-county-cbd\\\/#primaryimage\"},\"thumbnailUrl\":\"https:\\\/\\\/blumiz.com\\\/wp-content\\\/uploads\\\/2023\\\/07\\\/CBD-Vape-Pen-Zittlez-600-mg-Puff-Orange-County-CBD.webp\",\"datePublished\":\"2023-07-06T15:12:38+00:00\",\"dateModified\":\"2025-02-11T12:28:15+00:00\",\"description\":\"CBD Vape Pen - Zittlez - 600 mg - Puff - Orange County CBD %%page% - Blumiz - Premium CBD - Meilleur prix - CBD - HHC - THC - HHCPO l\u00e9gal\",\"breadcrumb\":{\"@id\":\"https:\\\/\\\/blumiz.com\\\/fr\\\/produit\\\/cbd-vape-pen-zittlez-600-mg-puff-orange-county-cbd\\\/#breadcrumb\"},\"inLanguage\":\"fr-FR\",\"potentialAction\":[{\"@type\":\"ReadAction\",\"target\":[\"https:\\\/\\\/blumiz.com\\\/fr\\\/produit\\\/cbd-vape-pen-zittlez-600-mg-puff-orange-county-cbd\\\/\"]}]},{\"@type\":\"ImageObject\",\"inLanguage\":\"fr-FR\",\"@id\":\"https:\\\/\\\/blumiz.com\\\/fr\\\/produit\\\/cbd-vape-pen-zittlez-600-mg-puff-orange-county-cbd\\\/#primaryimage\",\"url\":\"https:\\\/\\\/blumiz.com\\\/wp-content\\\/uploads\\\/2023\\\/07\\\/CBD-Vape-Pen-Zittlez-600-mg-Puff-Orange-County-CBD.webp\",\"contentUrl\":\"https:\\\/\\\/blumiz.com\\\/wp-content\\\/uploads\\\/2023\\\/07\\\/CBD-Vape-Pen-Zittlez-600-mg-Puff-Orange-County-CBD.webp\",\"width\":600,\"height\":600,\"caption\":\"CBD Vape Pen - Zittlez - 600 mg - Puff - Orange County CBD\"},{\"@type\":\"BreadcrumbList\",\"@id\":\"https:\\\/\\\/blumiz.com\\\/fr\\\/produit\\\/cbd-vape-pen-zittlez-600-mg-puff-orange-county-cbd\\\/#breadcrumb\",\"itemListElement\":[{\"@type\":\"ListItem\",\"position\":1,\"name\":\"Blumiz\",\"item\":\"https:\\\/\\\/blumiz.com\\\/fr\\\/\"},{\"@type\":\"ListItem\",\"position\":2,\"name\":\"CBD Shop\",\"item\":\"https:\\\/\\\/blumiz.com\\\/fr\\\/acheter-cbd-shop\\\/\"},{\"@type\":\"ListItem\",\"position\":3,\"name\":\"Vape CBD\",\"item\":\"https:\\\/\\\/blumiz.com\\\/fr\\\/category\\\/vape-cbd\\\/\"},{\"@type\":\"ListItem\",\"position\":4,\"name\":\"CBD Vape Pen &#8211; Zittlez &#8211; 600 mg &#8211; Puff &#8211; Orange County CBD\"}]},{\"@type\":\"WebSite\",\"@id\":\"https:\\\/\\\/blumiz.com\\\/fr\\\/#website\",\"url\":\"https:\\\/\\\/blumiz.com\\\/fr\\\/\",\"name\":\"Blumiz - Premium CBD\",\"description\":\"Blumiz, Cannabis specialist\",\"publisher\":{\"@id\":\"https:\\\/\\\/blumiz.com\\\/fr\\\/#organization\"},\"alternateName\":\"Blumiz\",\"potentialAction\":[{\"@type\":\"SearchAction\",\"target\":{\"@type\":\"EntryPoint\",\"urlTemplate\":\"https:\\\/\\\/blumiz.com\\\/fr\\\/?s={search_term_string}\"},\"query-input\":{\"@type\":\"PropertyValueSpecification\",\"valueRequired\":true,\"valueName\":\"search_term_string\"}}],\"inLanguage\":\"fr-FR\"},{\"@type\":\"Organization\",\"@id\":\"https:\\\/\\\/blumiz.com\\\/fr\\\/#organization\",\"name\":\"Blumiz CBD\",\"alternateName\":\"Blumiz\",\"url\":\"https:\\\/\\\/blumiz.com\\\/fr\\\/\",\"logo\":{\"@type\":\"ImageObject\",\"inLanguage\":\"fr-FR\",\"@id\":\"https:\\\/\\\/blumiz.com\\\/fr\\\/#\\\/schema\\\/logo\\\/image\\\/\",\"url\":\"https:\\\/\\\/blumiz.com\\\/wp-content\\\/uploads\\\/2026\\\/02\\\/cropped-Blumiz-CBD-logo.webp\",\"contentUrl\":\"https:\\\/\\\/blumiz.com\\\/wp-content\\\/uploads\\\/2026\\\/02\\\/cropped-Blumiz-CBD-logo.webp\",\"width\":2547,\"height\":778,\"caption\":\"Blumiz CBD\"},\"image\":{\"@id\":\"https:\\\/\\\/blumiz.com\\\/fr\\\/#\\\/schema\\\/logo\\\/image\\\/\"}}]}<\/script>\n<meta property=\"product:price:amount\" content=\"29.90\" \/>\n<meta property=\"product:price:currency\" content=\"EUR\" \/>\n<meta property=\"og:availability\" content=\"out of stock\" \/>\n<meta property=\"product:availability\" content=\"out of stock\" \/>\n<meta property=\"product:retailer_item_id\" content=\"253792\" \/>\n<meta property=\"product:condition\" content=\"new\" \/>\n<!-- \/ Yoast SEO Premium plugin. -->","yoast_head_json":{"title":"CBD Vape Pen - Zittlez - 600 mg - Puff - Orange County CBD - Blumiz - Premium CBD","description":"CBD Vape Pen - Zittlez - 600 mg - Puff - Orange County CBD %%page% - Blumiz - Premium CBD - Meilleur prix - CBD - HHC - THC - HHCPO l\u00e9gal","robots":{"index":"index","follow":"follow","max-snippet":"max-snippet:-1","max-image-preview":"max-image-preview:large","max-video-preview":"max-video-preview:-1"},"canonical":"https:\/\/blumiz.com\/fr\/produit\/cbd-vape-pen-zittlez-600-mg-puff-orange-county-cbd\/","og_locale":"fr_FR","og_type":"article","og_title":"CBD Vape Pen - Zittlez - 600 mg - Puff - Orange County CBD","og_description":"CBD Vape Pen - Zittlez - 600 mg - Puff - Orange County CBD Blumiz - Premium CBD","og_url":"https:\/\/blumiz.com\/fr\/produit\/cbd-vape-pen-zittlez-600-mg-puff-orange-county-cbd\/","og_site_name":"Blumiz - Premium CBD","article_modified_time":"2025-02-11T12:28:15+00:00","og_image":[{"width":600,"height":600,"url":"https:\/\/blumiz.com\/wp-content\/uploads\/2023\/07\/CBD-Vape-Pen-Zittlez-600-mg-Puff-Orange-County-CBD.webp","type":"image\/webp"}],"twitter_card":"summary_large_image","twitter_misc":{"Prix":"29,90&nbsp;&euro;","Disponibilit\u00e9":"Rupture de stock"},"schema":{"@context":"https:\/\/schema.org","@graph":[{"@type":"WebPage","@id":"https:\/\/blumiz.com\/fr\/produit\/cbd-vape-pen-zittlez-600-mg-puff-orange-county-cbd\/","url":"https:\/\/blumiz.com\/fr\/produit\/cbd-vape-pen-zittlez-600-mg-puff-orange-county-cbd\/","name":"CBD Vape Pen - Zittlez - 600 mg - Puff - Orange County CBD - Blumiz - Premium CBD","isPartOf":{"@id":"https:\/\/blumiz.com\/fr\/#website"},"primaryImageOfPage":{"@id":"https:\/\/blumiz.com\/fr\/produit\/cbd-vape-pen-zittlez-600-mg-puff-orange-county-cbd\/#primaryimage"},"image":{"@id":"https:\/\/blumiz.com\/fr\/produit\/cbd-vape-pen-zittlez-600-mg-puff-orange-county-cbd\/#primaryimage"},"thumbnailUrl":"https:\/\/blumiz.com\/wp-content\/uploads\/2023\/07\/CBD-Vape-Pen-Zittlez-600-mg-Puff-Orange-County-CBD.webp","datePublished":"2023-07-06T15:12:38+00:00","dateModified":"2025-02-11T12:28:15+00:00","description":"CBD Vape Pen - Zittlez - 600 mg - Puff - Orange County CBD %%page% - Blumiz - Premium CBD - Meilleur prix - CBD - HHC - THC - HHCPO l\u00e9gal","breadcrumb":{"@id":"https:\/\/blumiz.com\/fr\/produit\/cbd-vape-pen-zittlez-600-mg-puff-orange-county-cbd\/#breadcrumb"},"inLanguage":"fr-FR","potentialAction":[{"@type":"ReadAction","target":["https:\/\/blumiz.com\/fr\/produit\/cbd-vape-pen-zittlez-600-mg-puff-orange-county-cbd\/"]}]},{"@type":"ImageObject","inLanguage":"fr-FR","@id":"https:\/\/blumiz.com\/fr\/produit\/cbd-vape-pen-zittlez-600-mg-puff-orange-county-cbd\/#primaryimage","url":"https:\/\/blumiz.com\/wp-content\/uploads\/2023\/07\/CBD-Vape-Pen-Zittlez-600-mg-Puff-Orange-County-CBD.webp","contentUrl":"https:\/\/blumiz.com\/wp-content\/uploads\/2023\/07\/CBD-Vape-Pen-Zittlez-600-mg-Puff-Orange-County-CBD.webp","width":600,"height":600,"caption":"CBD Vape Pen - Zittlez - 600 mg - Puff - Orange County CBD"},{"@type":"BreadcrumbList","@id":"https:\/\/blumiz.com\/fr\/produit\/cbd-vape-pen-zittlez-600-mg-puff-orange-county-cbd\/#breadcrumb","itemListElement":[{"@type":"ListItem","position":1,"name":"Blumiz","item":"https:\/\/blumiz.com\/fr\/"},{"@type":"ListItem","position":2,"name":"CBD Shop","item":"https:\/\/blumiz.com\/fr\/acheter-cbd-shop\/"},{"@type":"ListItem","position":3,"name":"Vape CBD","item":"https:\/\/blumiz.com\/fr\/category\/vape-cbd\/"},{"@type":"ListItem","position":4,"name":"CBD Vape Pen &#8211; Zittlez &#8211; 600 mg &#8211; Puff &#8211; Orange County CBD"}]},{"@type":"WebSite","@id":"https:\/\/blumiz.com\/fr\/#website","url":"https:\/\/blumiz.com\/fr\/","name":"Blumiz - Premium CBD","description":"Blumiz, Cannabis specialist","publisher":{"@id":"https:\/\/blumiz.com\/fr\/#organization"},"alternateName":"Blumiz","potentialAction":[{"@type":"SearchAction","target":{"@type":"EntryPoint","urlTemplate":"https:\/\/blumiz.com\/fr\/?s={search_term_string}"},"query-input":{"@type":"PropertyValueSpecification","valueRequired":true,"valueName":"search_term_string"}}],"inLanguage":"fr-FR"},{"@type":"Organization","@id":"https:\/\/blumiz.com\/fr\/#organization","name":"Blumiz CBD","alternateName":"Blumiz","url":"https:\/\/blumiz.com\/fr\/","logo":{"@type":"ImageObject","inLanguage":"fr-FR","@id":"https:\/\/blumiz.com\/fr\/#\/schema\/logo\/image\/","url":"https:\/\/blumiz.com\/wp-content\/uploads\/2026\/02\/cropped-Blumiz-CBD-logo.webp","contentUrl":"https:\/\/blumiz.com\/wp-content\/uploads\/2026\/02\/cropped-Blumiz-CBD-logo.webp","width":2547,"height":778,"caption":"Blumiz CBD"},"image":{"@id":"https:\/\/blumiz.com\/fr\/#\/schema\/logo\/image\/"}}]},"product_price_amount":"29.90","product_price_currency":"EUR","og_availability":"out of stock","product_availability":"out of stock","product_retailer_item_id":"253792","product_condition":"new"},"_links":{"self":[{"href":"https:\/\/blumiz.com\/fr\/wp-json\/wp\/v2\/product\/12792","targetHints":{"allow":["GET"]}}],"collection":[{"href":"https:\/\/blumiz.com\/fr\/wp-json\/wp\/v2\/product"}],"about":[{"href":"https:\/\/blumiz.com\/fr\/wp-json\/wp\/v2\/types\/product"}],"replies":[{"embeddable":true,"href":"https:\/\/blumiz.com\/fr\/wp-json\/wp\/v2\/comments?post=12792"}],"version-history":[{"count":0,"href":"https:\/\/blumiz.com\/fr\/wp-json\/wp\/v2\/product\/12792\/revisions"}],"wp:featuredmedia":[{"embeddable":true,"href":"https:\/\/blumiz.com\/fr\/wp-json\/wp\/v2\/media\/12932"}],"wp:attachment":[{"href":"https:\/\/blumiz.com\/fr\/wp-json\/wp\/v2\/media?parent=12792"}],"wp:term":[{"taxonomy":"product_brand","embeddable":true,"href":"https:\/\/blumiz.com\/fr\/wp-json\/wp\/v2\/product_brand?post=12792"},{"taxonomy":"product_cat","embeddable":true,"href":"https:\/\/blumiz.com\/fr\/wp-json\/wp\/v2\/product_cat?post=12792"},{"taxonomy":"product_tag","embeddable":true,"href":"https:\/\/blumiz.com\/fr\/wp-json\/wp\/v2\/product_tag?post=12792"}],"curies":[{"name":"wp","href":"https:\/\/api.w.org\/{rel}","templated":true}]}}