{"id":12823,"date":"2023-07-06T16:52:56","date_gmt":"2023-07-06T15:52:56","guid":{"rendered":"https:\/\/blumiz.com\/?post_type=product&#038;p=12823"},"modified":"2025-10-07T09:49:23","modified_gmt":"2025-10-07T08:49:23","slug":"plateau-a-rouler-weed-gelato-en-metal-moyen-large-format","status":"publish","type":"product","link":"https:\/\/blumiz.com\/fr\/produit\/plateau-a-rouler-weed-gelato-en-metal-moyen-large-format\/","title":{"rendered":"Plateau \u00e0 rouler weed Gelato en m\u00e9tal, format moyen \/ large"},"content":{"rendered":"<h2>Plateau \u00e0 rouler weed Gelato en m\u00e9tal, format moyen \/ large<\/h2>\n<p>Vous \u00eates \u00e0 la recherche d&#8217;un nouveau plateau \u00e0 rouler ?<br \/>\nPlateau \u00e0 rouler weed Gelato en m\u00e9tal, format moyen \/ large sont les meilleurs plateaux sur le march\u00e9. Ils sont fabriqu\u00e9s avec des mat\u00e9riaux de qualit\u00e9 et poss\u00e8dent de nombreuses caract\u00e9ristiques qui les distinguent des autres plateaux. Ils sont m\u00eame fournis avec un grattoir magn\u00e9tique fix\u00e9 sur le c\u00f4t\u00e9, ce qui vous permet de broyer facilement vos bourgeons ! Disponible en plusieurs mod\u00e8les.<br \/>\nDes designs color\u00e9s pour tous les go\u00fbts.<br \/>\nVous ne trouverez pas de plateau comparable sur le march\u00e9 aujourd&#8217;hui. Ce n&#8217;est pas seulement un produit \u00e9tonnant, c&#8217;est aussi une exp\u00e9rience incroyable que vous pouvez vivre tous les jours de votre vie. Obtenez le v\u00f4tre maintenant !<br \/>\nAchetez d\u00e8s aujourd&#8217;hui le petit Plateau \u00e0 rouler Gelato en m\u00e9tal !<\/p>\n<div id=\"wd-61dda6fdd8068\" class=\"title-wrapper wd-wpb set-mb-s reset-last-child wd-rs-61dda6fdd8068 wd-title-color-default wd-title-style-default text-left vc_custom_1641916174475 wd-underline-colored\">\n<div class=\"liner-continer\">\n<p class=\"woodmart-title-container title wd-font-weight- wd-fontsize-l\">Dimensions : 18 x 28cm<\/p>\n<\/div>\n<\/div>\n","protected":false},"excerpt":{"rendered":"<h2>Plateau \u00e0 rouler weed Gelato en m\u00e9tal<\/h2>\n<p>Dimensions : 18 x 28cm<\/p>\n","protected":false},"featured_media":12950,"comment_status":"open","ping_status":"closed","template":"","meta":{"site-sidebar-layout":"default","site-content-layout":"default","ast-site-content-layout":"default","site-content-style":"default","site-sidebar-style":"default","ast-global-header-display":"","ast-banner-title-visibility":"","ast-main-header-display":"","ast-hfb-above-header-display":"","ast-hfb-below-header-display":"","ast-hfb-mobile-header-display":"","site-post-title":"","ast-breadcrumbs-content":"","ast-featured-img":"","footer-sml-layout":"","ast-disable-related-posts":"","theme-transparent-header-meta":"default","adv-header-id-meta":"","stick-header-meta":"default","header-above-stick-meta":"","header-main-stick-meta":"","header-below-stick-meta":"","astra-migrate-meta-layouts":"default","ast-page-background-enabled":"default","ast-page-background-meta":{"desktop":{"background-color":"","background-image":"","background-repeat":"repeat","background-position":"center center","background-size":"auto","background-attachment":"scroll","background-type":"","background-media":"","overlay-type":"","overlay-color":"","overlay-opacity":"","overlay-gradient":""},"tablet":{"background-color":"","background-image":"","background-repeat":"repeat","background-position":"center center","background-size":"auto","background-attachment":"scroll","background-type":"","background-media":"","overlay-type":"","overlay-color":"","overlay-opacity":"","overlay-gradient":""},"mobile":{"background-color":"","background-image":"","background-repeat":"repeat","background-position":"center center","background-size":"auto","background-attachment":"scroll","background-type":"","background-media":"","overlay-type":"","overlay-color":"","overlay-opacity":"","overlay-gradient":""}},"ast-content-background-meta":{"desktop":{"background-color":"var(--ast-global-color-5)","background-image":"","background-repeat":"repeat","background-position":"center center","background-size":"auto","background-attachment":"scroll","background-type":"","background-media":"","overlay-type":"","overlay-color":"","overlay-opacity":"","overlay-gradient":""},"tablet":{"background-color":"var(--ast-global-color-5)","background-image":"","background-repeat":"repeat","background-position":"center center","background-size":"auto","background-attachment":"scroll","background-type":"","background-media":"","overlay-type":"","overlay-color":"","overlay-opacity":"","overlay-gradient":""},"mobile":{"background-color":"var(--ast-global-color-5)","background-image":"","background-repeat":"repeat","background-position":"center center","background-size":"auto","background-attachment":"scroll","background-type":"","background-media":"","overlay-type":"","overlay-color":"","overlay-opacity":"","overlay-gradient":""}}},"product_brand":[],"product_cat":[177],"product_tag":[],"class_list":{"0":"post-12823","1":"product","2":"type-product","3":"status-publish","4":"has-post-thumbnail","6":"product_cat-headshop","7":"desktop-align-left","8":"tablet-align-center","9":"mobile-align-left","10":"ast-product-gallery-layout-vertical","11":"ast-product-gallery-with-no-image","12":"ast-magnify-disabled","13":"ast-product-tabs-layout-horizontal","15":"first","16":"outofstock","17":"taxable","18":"shipping-taxable","19":"purchasable","20":"product-type-simple"},"yoast_head":"<!-- This site is optimized with the Yoast SEO Premium plugin v27.2 (Yoast SEO v27.5) - https:\/\/yoast.com\/product\/yoast-seo-premium-wordpress\/ -->\n<title>Plateau \u00e0 rouler weed Gelato en m\u00e9tal, format moyen \/ large<\/title>\n<meta name=\"description\" content=\"Plateau \u00e0 rouler - Weed Gelato en m\u00e9tal - Articles pour fumeurs - Headshop France - Grinders, feuilles et autres - Blumiz - Premium CBD\" \/>\n<meta name=\"robots\" content=\"index, follow, max-snippet:-1, max-image-preview:large, max-video-preview:-1\" \/>\n<link rel=\"canonical\" href=\"https:\/\/blumiz.com\/fr\/produit\/plateau-a-rouler-weed-gelato-en-metal-moyen-large-format\/\" \/>\n<meta property=\"og:locale\" content=\"fr_FR\" \/>\n<meta property=\"og:type\" content=\"article\" \/>\n<meta property=\"og:title\" content=\"Plateau \u00e0 rouler weed Gelato en m\u00e9tal, format moyen \/ large\" \/>\n<meta property=\"og:description\" content=\"Plateau \u00e0 rouler weed Gelato en m\u00e9tal, format moyen \/ large Blumiz - Premium CBD\" \/>\n<meta property=\"og:url\" content=\"https:\/\/blumiz.com\/fr\/produit\/plateau-a-rouler-weed-gelato-en-metal-moyen-large-format\/\" \/>\n<meta property=\"og:site_name\" content=\"Blumiz - Premium CBD\" \/>\n<meta property=\"article:modified_time\" content=\"2025-10-07T08:49:23+00:00\" \/>\n<meta property=\"og:image\" content=\"https:\/\/blumiz.com\/wp-content\/uploads\/2023\/07\/Rolltablett-weed-Gelato-aus-Metall-mittelgros-Breit-Format.webp\" \/>\n\t<meta property=\"og:image:width\" content=\"600\" \/>\n\t<meta property=\"og:image:height\" content=\"600\" \/>\n\t<meta property=\"og:image:type\" content=\"image\/webp\" \/>\n<meta name=\"twitter:card\" content=\"summary_large_image\" \/>\n<meta name=\"twitter:label1\" content=\"Prix\" \/>\n\t<meta name=\"twitter:data1\" content=\"8,90&nbsp;&euro;\" \/>\n\t<meta name=\"twitter:label2\" content=\"Disponibilit\u00e9\" \/>\n\t<meta name=\"twitter:data2\" content=\"Rupture de stock\" \/>\n<script type=\"application\/ld+json\" class=\"yoast-schema-graph\">{\"@context\":\"https:\\\/\\\/schema.org\",\"@graph\":[{\"@type\":\"WebPage\",\"@id\":\"https:\\\/\\\/blumiz.com\\\/fr\\\/produit\\\/plateau-a-rouler-weed-gelato-en-metal-moyen-large-format\\\/\",\"url\":\"https:\\\/\\\/blumiz.com\\\/fr\\\/produit\\\/plateau-a-rouler-weed-gelato-en-metal-moyen-large-format\\\/\",\"name\":\"Plateau \u00e0 rouler weed Gelato en m\u00e9tal, format moyen \\\/ large\",\"isPartOf\":{\"@id\":\"https:\\\/\\\/blumiz.com\\\/fr\\\/#website\"},\"primaryImageOfPage\":{\"@id\":\"https:\\\/\\\/blumiz.com\\\/fr\\\/produit\\\/plateau-a-rouler-weed-gelato-en-metal-moyen-large-format\\\/#primaryimage\"},\"image\":{\"@id\":\"https:\\\/\\\/blumiz.com\\\/fr\\\/produit\\\/plateau-a-rouler-weed-gelato-en-metal-moyen-large-format\\\/#primaryimage\"},\"thumbnailUrl\":\"https:\\\/\\\/blumiz.com\\\/wp-content\\\/uploads\\\/2023\\\/07\\\/Rolltablett-weed-Gelato-aus-Metall-mittelgros-Breit-Format.webp\",\"datePublished\":\"2023-07-06T15:52:56+00:00\",\"dateModified\":\"2025-10-07T08:49:23+00:00\",\"description\":\"Plateau \u00e0 rouler - Weed Gelato en m\u00e9tal - Articles pour fumeurs - Headshop France - Grinders, feuilles et autres - Blumiz - Premium CBD\",\"breadcrumb\":{\"@id\":\"https:\\\/\\\/blumiz.com\\\/fr\\\/produit\\\/plateau-a-rouler-weed-gelato-en-metal-moyen-large-format\\\/#breadcrumb\"},\"inLanguage\":\"fr-FR\",\"potentialAction\":[{\"@type\":\"ReadAction\",\"target\":[\"https:\\\/\\\/blumiz.com\\\/fr\\\/produit\\\/plateau-a-rouler-weed-gelato-en-metal-moyen-large-format\\\/\"]}]},{\"@type\":\"ImageObject\",\"inLanguage\":\"fr-FR\",\"@id\":\"https:\\\/\\\/blumiz.com\\\/fr\\\/produit\\\/plateau-a-rouler-weed-gelato-en-metal-moyen-large-format\\\/#primaryimage\",\"url\":\"https:\\\/\\\/blumiz.com\\\/wp-content\\\/uploads\\\/2023\\\/07\\\/Rolltablett-weed-Gelato-aus-Metall-mittelgros-Breit-Format.webp\",\"contentUrl\":\"https:\\\/\\\/blumiz.com\\\/wp-content\\\/uploads\\\/2023\\\/07\\\/Rolltablett-weed-Gelato-aus-Metall-mittelgros-Breit-Format.webp\",\"width\":600,\"height\":600,\"caption\":\"Rolltablett weed Gelato aus Metall, mittelgro\u00df \\\/ Breit-Format\"},{\"@type\":\"BreadcrumbList\",\"@id\":\"https:\\\/\\\/blumiz.com\\\/fr\\\/produit\\\/plateau-a-rouler-weed-gelato-en-metal-moyen-large-format\\\/#breadcrumb\",\"itemListElement\":[{\"@type\":\"ListItem\",\"position\":1,\"name\":\"Blumiz\",\"item\":\"https:\\\/\\\/blumiz.com\\\/fr\\\/\"},{\"@type\":\"ListItem\",\"position\":2,\"name\":\"CBD Shop\",\"item\":\"https:\\\/\\\/blumiz.com\\\/fr\\\/acheter-cbd-shop\\\/\"},{\"@type\":\"ListItem\",\"position\":3,\"name\":\"HeadShop\",\"item\":\"https:\\\/\\\/blumiz.com\\\/fr\\\/category\\\/headshop\\\/\"},{\"@type\":\"ListItem\",\"position\":4,\"name\":\"Plateau \u00e0 rouler weed Gelato en m\u00e9tal, format moyen \\\/ large\"}]},{\"@type\":\"WebSite\",\"@id\":\"https:\\\/\\\/blumiz.com\\\/fr\\\/#website\",\"url\":\"https:\\\/\\\/blumiz.com\\\/fr\\\/\",\"name\":\"Blumiz - Premium CBD\",\"description\":\"Blumiz, Cannabis specialist\",\"publisher\":{\"@id\":\"https:\\\/\\\/blumiz.com\\\/fr\\\/#organization\"},\"alternateName\":\"Blumiz\",\"potentialAction\":[{\"@type\":\"SearchAction\",\"target\":{\"@type\":\"EntryPoint\",\"urlTemplate\":\"https:\\\/\\\/blumiz.com\\\/fr\\\/?s={search_term_string}\"},\"query-input\":{\"@type\":\"PropertyValueSpecification\",\"valueRequired\":true,\"valueName\":\"search_term_string\"}}],\"inLanguage\":\"fr-FR\"},{\"@type\":\"Organization\",\"@id\":\"https:\\\/\\\/blumiz.com\\\/fr\\\/#organization\",\"name\":\"Blumiz CBD\",\"alternateName\":\"Blumiz\",\"url\":\"https:\\\/\\\/blumiz.com\\\/fr\\\/\",\"logo\":{\"@type\":\"ImageObject\",\"inLanguage\":\"fr-FR\",\"@id\":\"https:\\\/\\\/blumiz.com\\\/fr\\\/#\\\/schema\\\/logo\\\/image\\\/\",\"url\":\"https:\\\/\\\/blumiz.com\\\/wp-content\\\/uploads\\\/2026\\\/02\\\/cropped-Blumiz-CBD-logo.webp\",\"contentUrl\":\"https:\\\/\\\/blumiz.com\\\/wp-content\\\/uploads\\\/2026\\\/02\\\/cropped-Blumiz-CBD-logo.webp\",\"width\":2547,\"height\":778,\"caption\":\"Blumiz CBD\"},\"image\":{\"@id\":\"https:\\\/\\\/blumiz.com\\\/fr\\\/#\\\/schema\\\/logo\\\/image\\\/\"}}]}<\/script>\n<meta property=\"product:price:amount\" content=\"8.90\" \/>\n<meta property=\"product:price:currency\" content=\"EUR\" \/>\n<meta property=\"og:availability\" content=\"out of stock\" \/>\n<meta property=\"product:availability\" content=\"out of stock\" \/>\n<meta property=\"product:retailer_item_id\" content=\"689701\" \/>\n<meta property=\"product:condition\" content=\"new\" \/>\n<!-- \/ Yoast SEO Premium plugin. -->","yoast_head_json":{"title":"Plateau \u00e0 rouler weed Gelato en m\u00e9tal, format moyen \/ large","description":"Plateau \u00e0 rouler - Weed Gelato en m\u00e9tal - Articles pour fumeurs - Headshop France - Grinders, feuilles et autres - Blumiz - Premium CBD","robots":{"index":"index","follow":"follow","max-snippet":"max-snippet:-1","max-image-preview":"max-image-preview:large","max-video-preview":"max-video-preview:-1"},"canonical":"https:\/\/blumiz.com\/fr\/produit\/plateau-a-rouler-weed-gelato-en-metal-moyen-large-format\/","og_locale":"fr_FR","og_type":"article","og_title":"Plateau \u00e0 rouler weed Gelato en m\u00e9tal, format moyen \/ large","og_description":"Plateau \u00e0 rouler weed Gelato en m\u00e9tal, format moyen \/ large Blumiz - Premium CBD","og_url":"https:\/\/blumiz.com\/fr\/produit\/plateau-a-rouler-weed-gelato-en-metal-moyen-large-format\/","og_site_name":"Blumiz - Premium CBD","article_modified_time":"2025-10-07T08:49:23+00:00","og_image":[{"width":600,"height":600,"url":"https:\/\/blumiz.com\/wp-content\/uploads\/2023\/07\/Rolltablett-weed-Gelato-aus-Metall-mittelgros-Breit-Format.webp","type":"image\/webp"}],"twitter_card":"summary_large_image","twitter_misc":{"Prix":"8,90&nbsp;&euro;","Disponibilit\u00e9":"Rupture de stock"},"schema":{"@context":"https:\/\/schema.org","@graph":[{"@type":"WebPage","@id":"https:\/\/blumiz.com\/fr\/produit\/plateau-a-rouler-weed-gelato-en-metal-moyen-large-format\/","url":"https:\/\/blumiz.com\/fr\/produit\/plateau-a-rouler-weed-gelato-en-metal-moyen-large-format\/","name":"Plateau \u00e0 rouler weed Gelato en m\u00e9tal, format moyen \/ large","isPartOf":{"@id":"https:\/\/blumiz.com\/fr\/#website"},"primaryImageOfPage":{"@id":"https:\/\/blumiz.com\/fr\/produit\/plateau-a-rouler-weed-gelato-en-metal-moyen-large-format\/#primaryimage"},"image":{"@id":"https:\/\/blumiz.com\/fr\/produit\/plateau-a-rouler-weed-gelato-en-metal-moyen-large-format\/#primaryimage"},"thumbnailUrl":"https:\/\/blumiz.com\/wp-content\/uploads\/2023\/07\/Rolltablett-weed-Gelato-aus-Metall-mittelgros-Breit-Format.webp","datePublished":"2023-07-06T15:52:56+00:00","dateModified":"2025-10-07T08:49:23+00:00","description":"Plateau \u00e0 rouler - Weed Gelato en m\u00e9tal - Articles pour fumeurs - Headshop France - Grinders, feuilles et autres - Blumiz - Premium CBD","breadcrumb":{"@id":"https:\/\/blumiz.com\/fr\/produit\/plateau-a-rouler-weed-gelato-en-metal-moyen-large-format\/#breadcrumb"},"inLanguage":"fr-FR","potentialAction":[{"@type":"ReadAction","target":["https:\/\/blumiz.com\/fr\/produit\/plateau-a-rouler-weed-gelato-en-metal-moyen-large-format\/"]}]},{"@type":"ImageObject","inLanguage":"fr-FR","@id":"https:\/\/blumiz.com\/fr\/produit\/plateau-a-rouler-weed-gelato-en-metal-moyen-large-format\/#primaryimage","url":"https:\/\/blumiz.com\/wp-content\/uploads\/2023\/07\/Rolltablett-weed-Gelato-aus-Metall-mittelgros-Breit-Format.webp","contentUrl":"https:\/\/blumiz.com\/wp-content\/uploads\/2023\/07\/Rolltablett-weed-Gelato-aus-Metall-mittelgros-Breit-Format.webp","width":600,"height":600,"caption":"Rolltablett weed Gelato aus Metall, mittelgro\u00df \/ Breit-Format"},{"@type":"BreadcrumbList","@id":"https:\/\/blumiz.com\/fr\/produit\/plateau-a-rouler-weed-gelato-en-metal-moyen-large-format\/#breadcrumb","itemListElement":[{"@type":"ListItem","position":1,"name":"Blumiz","item":"https:\/\/blumiz.com\/fr\/"},{"@type":"ListItem","position":2,"name":"CBD Shop","item":"https:\/\/blumiz.com\/fr\/acheter-cbd-shop\/"},{"@type":"ListItem","position":3,"name":"HeadShop","item":"https:\/\/blumiz.com\/fr\/category\/headshop\/"},{"@type":"ListItem","position":4,"name":"Plateau \u00e0 rouler weed Gelato en m\u00e9tal, format moyen \/ large"}]},{"@type":"WebSite","@id":"https:\/\/blumiz.com\/fr\/#website","url":"https:\/\/blumiz.com\/fr\/","name":"Blumiz - Premium CBD","description":"Blumiz, Cannabis specialist","publisher":{"@id":"https:\/\/blumiz.com\/fr\/#organization"},"alternateName":"Blumiz","potentialAction":[{"@type":"SearchAction","target":{"@type":"EntryPoint","urlTemplate":"https:\/\/blumiz.com\/fr\/?s={search_term_string}"},"query-input":{"@type":"PropertyValueSpecification","valueRequired":true,"valueName":"search_term_string"}}],"inLanguage":"fr-FR"},{"@type":"Organization","@id":"https:\/\/blumiz.com\/fr\/#organization","name":"Blumiz CBD","alternateName":"Blumiz","url":"https:\/\/blumiz.com\/fr\/","logo":{"@type":"ImageObject","inLanguage":"fr-FR","@id":"https:\/\/blumiz.com\/fr\/#\/schema\/logo\/image\/","url":"https:\/\/blumiz.com\/wp-content\/uploads\/2026\/02\/cropped-Blumiz-CBD-logo.webp","contentUrl":"https:\/\/blumiz.com\/wp-content\/uploads\/2026\/02\/cropped-Blumiz-CBD-logo.webp","width":2547,"height":778,"caption":"Blumiz CBD"},"image":{"@id":"https:\/\/blumiz.com\/fr\/#\/schema\/logo\/image\/"}}]},"product_price_amount":"8.90","product_price_currency":"EUR","og_availability":"out of stock","product_availability":"out of stock","product_retailer_item_id":"689701","product_condition":"new"},"_links":{"self":[{"href":"https:\/\/blumiz.com\/fr\/wp-json\/wp\/v2\/product\/12823","targetHints":{"allow":["GET"]}}],"collection":[{"href":"https:\/\/blumiz.com\/fr\/wp-json\/wp\/v2\/product"}],"about":[{"href":"https:\/\/blumiz.com\/fr\/wp-json\/wp\/v2\/types\/product"}],"replies":[{"embeddable":true,"href":"https:\/\/blumiz.com\/fr\/wp-json\/wp\/v2\/comments?post=12823"}],"version-history":[{"count":0,"href":"https:\/\/blumiz.com\/fr\/wp-json\/wp\/v2\/product\/12823\/revisions"}],"wp:featuredmedia":[{"embeddable":true,"href":"https:\/\/blumiz.com\/fr\/wp-json\/wp\/v2\/media\/12950"}],"wp:attachment":[{"href":"https:\/\/blumiz.com\/fr\/wp-json\/wp\/v2\/media?parent=12823"}],"wp:term":[{"taxonomy":"product_brand","embeddable":true,"href":"https:\/\/blumiz.com\/fr\/wp-json\/wp\/v2\/product_brand?post=12823"},{"taxonomy":"product_cat","embeddable":true,"href":"https:\/\/blumiz.com\/fr\/wp-json\/wp\/v2\/product_cat?post=12823"},{"taxonomy":"product_tag","embeddable":true,"href":"https:\/\/blumiz.com\/fr\/wp-json\/wp\/v2\/product_tag?post=12823"}],"curies":[{"name":"wp","href":"https:\/\/api.w.org\/{rel}","templated":true}]}}