{"id":12833,"date":"2023-07-06T17:11:11","date_gmt":"2023-07-06T16:11:11","guid":{"rendered":"https:\/\/blumiz.com\/?post_type=product&#038;p=12833"},"modified":"2025-10-07T09:48:37","modified_gmt":"2025-10-07T08:48:37","slug":"plateau-rouleau-en-bambou-buddies-tool-set-13-en-1-grand-format","status":"publish","type":"product","link":"https:\/\/blumiz.com\/fr\/produit\/plateau-rouleau-en-bambou-buddies-tool-set-13-en-1-grand-format\/","title":{"rendered":"Plateau \u00e0 rouler en bambou &#8211; Buddies Tool Set 13-in-1 &#8211; grand format"},"content":{"rendered":"<h2>Description Plateau \u00e0 rouler en bambou<\/h2>\n<p>Le meilleur set pour briller avec des amis avec un Plateau \u00e0 rouler en bambou.<\/p>\n<p>Treize en un, treize plaisirs<br \/>\nFaire rouler un blunt sans planche n&#8217;est pas une mince affaire. Ils offrent une surface plane pour le rouleau et des bords sur\u00e9lev\u00e9s pour \u00e9viter les d\u00e9versements. Certains autres disposent toutefois de plusieurs plateaux, et l&#8217;un d&#8217;entre eux est notre plateau \u00e0 roulettes en bambou 13 en 1 Buddies toolset. Ce plateau est le parfait plateau roulant. Nous vous disons pourquoi.<\/p>\n<p>Ce plateau est fabriqu\u00e9 dans de nombreux domaines. L&#8217;un d&#8217;entre eux est la durabilit\u00e9. Gr\u00e2ce au bambou utilis\u00e9 pour la fabrication de ce plateau. Compar\u00e9es aux plaques de verre qui se brisent facilement, ces plaques ont une longue dur\u00e9e de vie. De plus, ils sont encore plus beaux avec l&#8217;\u00e2ge. Les mati\u00e8res sont \u00e9galement un avantage certain. Avec 380 grammes, il est un peu lourd pour ce petit plateau. Cela est toutefois d\u00fb \u00e0 la qualit\u00e9 du bois dur.<\/p>\n","protected":false},"excerpt":{"rendered":"<h2>Superbe plateau en bambou durable et \u00e9cologique<\/h2>\n<p>dimensions 18\u00d7 28cm<\/p>\n","protected":false},"featured_media":12886,"comment_status":"open","ping_status":"closed","template":"","meta":{"site-sidebar-layout":"default","site-content-layout":"default","ast-site-content-layout":"default","site-content-style":"default","site-sidebar-style":"default","ast-global-header-display":"","ast-banner-title-visibility":"","ast-main-header-display":"","ast-hfb-above-header-display":"","ast-hfb-below-header-display":"","ast-hfb-mobile-header-display":"","site-post-title":"","ast-breadcrumbs-content":"","ast-featured-img":"","footer-sml-layout":"","ast-disable-related-posts":"","theme-transparent-header-meta":"default","adv-header-id-meta":"","stick-header-meta":"default","header-above-stick-meta":"","header-main-stick-meta":"","header-below-stick-meta":"","astra-migrate-meta-layouts":"default","ast-page-background-enabled":"default","ast-page-background-meta":{"desktop":{"background-color":"","background-image":"","background-repeat":"repeat","background-position":"center center","background-size":"auto","background-attachment":"scroll","background-type":"","background-media":"","overlay-type":"","overlay-color":"","overlay-opacity":"","overlay-gradient":""},"tablet":{"background-color":"","background-image":"","background-repeat":"repeat","background-position":"center center","background-size":"auto","background-attachment":"scroll","background-type":"","background-media":"","overlay-type":"","overlay-color":"","overlay-opacity":"","overlay-gradient":""},"mobile":{"background-color":"","background-image":"","background-repeat":"repeat","background-position":"center center","background-size":"auto","background-attachment":"scroll","background-type":"","background-media":"","overlay-type":"","overlay-color":"","overlay-opacity":"","overlay-gradient":""}},"ast-content-background-meta":{"desktop":{"background-color":"var(--ast-global-color-5)","background-image":"","background-repeat":"repeat","background-position":"center center","background-size":"auto","background-attachment":"scroll","background-type":"","background-media":"","overlay-type":"","overlay-color":"","overlay-opacity":"","overlay-gradient":""},"tablet":{"background-color":"var(--ast-global-color-5)","background-image":"","background-repeat":"repeat","background-position":"center center","background-size":"auto","background-attachment":"scroll","background-type":"","background-media":"","overlay-type":"","overlay-color":"","overlay-opacity":"","overlay-gradient":""},"mobile":{"background-color":"var(--ast-global-color-5)","background-image":"","background-repeat":"repeat","background-position":"center center","background-size":"auto","background-attachment":"scroll","background-type":"","background-media":"","overlay-type":"","overlay-color":"","overlay-opacity":"","overlay-gradient":""}}},"product_brand":[],"product_cat":[177],"product_tag":[],"class_list":{"0":"post-12833","1":"product","2":"type-product","3":"status-publish","4":"has-post-thumbnail","6":"product_cat-headshop","7":"desktop-align-left","8":"tablet-align-center","9":"mobile-align-left","10":"ast-product-gallery-layout-vertical","11":"ast-product-gallery-with-no-image","12":"ast-magnify-disabled","13":"ast-product-tabs-layout-horizontal","15":"first","16":"instock","17":"taxable","18":"shipping-taxable","19":"purchasable","20":"product-type-simple"},"yoast_head":"<!-- This site is optimized with the Yoast SEO Premium plugin v27.2 (Yoast SEO v27.4) - https:\/\/yoast.com\/product\/yoast-seo-premium-wordpress\/ -->\n<title>Plateau \u00e0 rouler en bambou - Buddies Tool Set 13-in-1 - grand format - Blumiz - Premium CBD<\/title>\n<meta name=\"description\" content=\"Plateau \u00e0 rouler en bambou - Buddies Tool Set 13-in-1 - grand format - Blumiz - Premium CBD - Head Shop France - Accessoires fumeurs\" \/>\n<meta name=\"robots\" content=\"index, follow, max-snippet:-1, max-image-preview:large, max-video-preview:-1\" \/>\n<link rel=\"canonical\" href=\"https:\/\/blumiz.com\/fr\/produit\/plateau-rouleau-en-bambou-buddies-tool-set-13-en-1-grand-format\/\" \/>\n<meta property=\"og:locale\" content=\"fr_FR\" \/>\n<meta property=\"og:type\" content=\"article\" \/>\n<meta property=\"og:title\" content=\"Plateau \u00e0 rouler en bambou - Buddies Tool Set 13-in-1 - grand format\" \/>\n<meta property=\"og:description\" content=\"Plateau \u00e0 rouler en bambou - Buddies Tool Set 13-in-1 - grand format Blumiz - Premium CBD\" \/>\n<meta property=\"og:url\" content=\"https:\/\/blumiz.com\/fr\/produit\/plateau-rouleau-en-bambou-buddies-tool-set-13-en-1-grand-format\/\" \/>\n<meta property=\"og:site_name\" content=\"Blumiz - Premium CBD\" \/>\n<meta property=\"article:modified_time\" content=\"2025-10-07T08:48:37+00:00\" \/>\n<meta property=\"og:image\" content=\"https:\/\/blumiz.com\/wp-content\/uploads\/2023\/07\/Rolltablett-aus-Bambus-Buddies-Tool-Set-13-in-1-groses-Format.webp\" \/>\n\t<meta property=\"og:image:width\" content=\"600\" \/>\n\t<meta property=\"og:image:height\" content=\"600\" \/>\n\t<meta property=\"og:image:type\" content=\"image\/webp\" \/>\n<meta name=\"twitter:card\" content=\"summary_large_image\" \/>\n<meta name=\"twitter:label1\" content=\"Prix\" \/>\n\t<meta name=\"twitter:data1\" content=\"19,90&nbsp;&euro;\" \/>\n\t<meta name=\"twitter:label2\" content=\"Disponibilit\u00e9\" \/>\n\t<meta name=\"twitter:data2\" content=\"En stock\" \/>\n<script type=\"application\/ld+json\" class=\"yoast-schema-graph\">{\"@context\":\"https:\\\/\\\/schema.org\",\"@graph\":[{\"@type\":\"WebPage\",\"@id\":\"https:\\\/\\\/blumiz.com\\\/fr\\\/produit\\\/plateau-rouleau-en-bambou-buddies-tool-set-13-en-1-grand-format\\\/\",\"url\":\"https:\\\/\\\/blumiz.com\\\/fr\\\/produit\\\/plateau-rouleau-en-bambou-buddies-tool-set-13-en-1-grand-format\\\/\",\"name\":\"Plateau \u00e0 rouler en bambou - Buddies Tool Set 13-in-1 - grand format - Blumiz - Premium CBD\",\"isPartOf\":{\"@id\":\"https:\\\/\\\/blumiz.com\\\/fr\\\/#website\"},\"primaryImageOfPage\":{\"@id\":\"https:\\\/\\\/blumiz.com\\\/fr\\\/produit\\\/plateau-rouleau-en-bambou-buddies-tool-set-13-en-1-grand-format\\\/#primaryimage\"},\"image\":{\"@id\":\"https:\\\/\\\/blumiz.com\\\/fr\\\/produit\\\/plateau-rouleau-en-bambou-buddies-tool-set-13-en-1-grand-format\\\/#primaryimage\"},\"thumbnailUrl\":\"https:\\\/\\\/blumiz.com\\\/wp-content\\\/uploads\\\/2023\\\/07\\\/Rolltablett-aus-Bambus-Buddies-Tool-Set-13-in-1-groses-Format.webp\",\"datePublished\":\"2023-07-06T16:11:11+00:00\",\"dateModified\":\"2025-10-07T08:48:37+00:00\",\"description\":\"Plateau \u00e0 rouler en bambou - Buddies Tool Set 13-in-1 - grand format - Blumiz - Premium CBD - Head Shop France - Accessoires fumeurs\",\"breadcrumb\":{\"@id\":\"https:\\\/\\\/blumiz.com\\\/fr\\\/produit\\\/plateau-rouleau-en-bambou-buddies-tool-set-13-en-1-grand-format\\\/#breadcrumb\"},\"inLanguage\":\"fr-FR\",\"potentialAction\":[{\"@type\":\"ReadAction\",\"target\":[\"https:\\\/\\\/blumiz.com\\\/fr\\\/produit\\\/plateau-rouleau-en-bambou-buddies-tool-set-13-en-1-grand-format\\\/\"]}]},{\"@type\":\"ImageObject\",\"inLanguage\":\"fr-FR\",\"@id\":\"https:\\\/\\\/blumiz.com\\\/fr\\\/produit\\\/plateau-rouleau-en-bambou-buddies-tool-set-13-en-1-grand-format\\\/#primaryimage\",\"url\":\"https:\\\/\\\/blumiz.com\\\/wp-content\\\/uploads\\\/2023\\\/07\\\/Rolltablett-aus-Bambus-Buddies-Tool-Set-13-in-1-groses-Format.webp\",\"contentUrl\":\"https:\\\/\\\/blumiz.com\\\/wp-content\\\/uploads\\\/2023\\\/07\\\/Rolltablett-aus-Bambus-Buddies-Tool-Set-13-in-1-groses-Format.webp\",\"width\":600,\"height\":600,\"caption\":\"Rolltablett Bambus headshop\"},{\"@type\":\"BreadcrumbList\",\"@id\":\"https:\\\/\\\/blumiz.com\\\/fr\\\/produit\\\/plateau-rouleau-en-bambou-buddies-tool-set-13-en-1-grand-format\\\/#breadcrumb\",\"itemListElement\":[{\"@type\":\"ListItem\",\"position\":1,\"name\":\"Blumiz\",\"item\":\"https:\\\/\\\/blumiz.com\\\/fr\\\/\"},{\"@type\":\"ListItem\",\"position\":2,\"name\":\"CBD Shop\",\"item\":\"https:\\\/\\\/blumiz.com\\\/fr\\\/acheter-cbd-shop\\\/\"},{\"@type\":\"ListItem\",\"position\":3,\"name\":\"HeadShop\",\"item\":\"https:\\\/\\\/blumiz.com\\\/fr\\\/category\\\/headshop\\\/\"},{\"@type\":\"ListItem\",\"position\":4,\"name\":\"Plateau \u00e0 rouler en bambou &#8211; Buddies Tool Set 13-in-1 &#8211; grand format\"}]},{\"@type\":\"WebSite\",\"@id\":\"https:\\\/\\\/blumiz.com\\\/fr\\\/#website\",\"url\":\"https:\\\/\\\/blumiz.com\\\/fr\\\/\",\"name\":\"Blumiz - Premium CBD\",\"description\":\"Blumiz, Cannabis specialist\",\"publisher\":{\"@id\":\"https:\\\/\\\/blumiz.com\\\/fr\\\/#organization\"},\"alternateName\":\"Blumiz\",\"potentialAction\":[{\"@type\":\"SearchAction\",\"target\":{\"@type\":\"EntryPoint\",\"urlTemplate\":\"https:\\\/\\\/blumiz.com\\\/fr\\\/?s={search_term_string}\"},\"query-input\":{\"@type\":\"PropertyValueSpecification\",\"valueRequired\":true,\"valueName\":\"search_term_string\"}}],\"inLanguage\":\"fr-FR\"},{\"@type\":\"Organization\",\"@id\":\"https:\\\/\\\/blumiz.com\\\/fr\\\/#organization\",\"name\":\"Blumiz CBD\",\"alternateName\":\"Blumiz\",\"url\":\"https:\\\/\\\/blumiz.com\\\/fr\\\/\",\"logo\":{\"@type\":\"ImageObject\",\"inLanguage\":\"fr-FR\",\"@id\":\"https:\\\/\\\/blumiz.com\\\/fr\\\/#\\\/schema\\\/logo\\\/image\\\/\",\"url\":\"https:\\\/\\\/blumiz.com\\\/wp-content\\\/uploads\\\/2026\\\/02\\\/cropped-Blumiz-CBD-logo.webp\",\"contentUrl\":\"https:\\\/\\\/blumiz.com\\\/wp-content\\\/uploads\\\/2026\\\/02\\\/cropped-Blumiz-CBD-logo.webp\",\"width\":2547,\"height\":778,\"caption\":\"Blumiz CBD\"},\"image\":{\"@id\":\"https:\\\/\\\/blumiz.com\\\/fr\\\/#\\\/schema\\\/logo\\\/image\\\/\"}}]}<\/script>\n<meta property=\"product:price:amount\" content=\"19.90\" \/>\n<meta property=\"product:price:currency\" content=\"EUR\" \/>\n<meta property=\"og:availability\" content=\"instock\" \/>\n<meta property=\"product:availability\" content=\"instock\" \/>\n<meta property=\"product:retailer_item_id\" content=\"6626872\" \/>\n<meta property=\"product:condition\" content=\"new\" \/>\n<!-- \/ Yoast SEO Premium plugin. -->","yoast_head_json":{"title":"Plateau \u00e0 rouler en bambou - Buddies Tool Set 13-in-1 - grand format - Blumiz - Premium CBD","description":"Plateau \u00e0 rouler en bambou - Buddies Tool Set 13-in-1 - grand format - Blumiz - Premium CBD - Head Shop France - Accessoires fumeurs","robots":{"index":"index","follow":"follow","max-snippet":"max-snippet:-1","max-image-preview":"max-image-preview:large","max-video-preview":"max-video-preview:-1"},"canonical":"https:\/\/blumiz.com\/fr\/produit\/plateau-rouleau-en-bambou-buddies-tool-set-13-en-1-grand-format\/","og_locale":"fr_FR","og_type":"article","og_title":"Plateau \u00e0 rouler en bambou - Buddies Tool Set 13-in-1 - grand format","og_description":"Plateau \u00e0 rouler en bambou - Buddies Tool Set 13-in-1 - grand format Blumiz - Premium CBD","og_url":"https:\/\/blumiz.com\/fr\/produit\/plateau-rouleau-en-bambou-buddies-tool-set-13-en-1-grand-format\/","og_site_name":"Blumiz - Premium CBD","article_modified_time":"2025-10-07T08:48:37+00:00","og_image":[{"width":600,"height":600,"url":"https:\/\/blumiz.com\/wp-content\/uploads\/2023\/07\/Rolltablett-aus-Bambus-Buddies-Tool-Set-13-in-1-groses-Format.webp","type":"image\/webp"}],"twitter_card":"summary_large_image","twitter_misc":{"Prix":"19,90&nbsp;&euro;","Disponibilit\u00e9":"En stock"},"schema":{"@context":"https:\/\/schema.org","@graph":[{"@type":"WebPage","@id":"https:\/\/blumiz.com\/fr\/produit\/plateau-rouleau-en-bambou-buddies-tool-set-13-en-1-grand-format\/","url":"https:\/\/blumiz.com\/fr\/produit\/plateau-rouleau-en-bambou-buddies-tool-set-13-en-1-grand-format\/","name":"Plateau \u00e0 rouler en bambou - Buddies Tool Set 13-in-1 - grand format - Blumiz - Premium CBD","isPartOf":{"@id":"https:\/\/blumiz.com\/fr\/#website"},"primaryImageOfPage":{"@id":"https:\/\/blumiz.com\/fr\/produit\/plateau-rouleau-en-bambou-buddies-tool-set-13-en-1-grand-format\/#primaryimage"},"image":{"@id":"https:\/\/blumiz.com\/fr\/produit\/plateau-rouleau-en-bambou-buddies-tool-set-13-en-1-grand-format\/#primaryimage"},"thumbnailUrl":"https:\/\/blumiz.com\/wp-content\/uploads\/2023\/07\/Rolltablett-aus-Bambus-Buddies-Tool-Set-13-in-1-groses-Format.webp","datePublished":"2023-07-06T16:11:11+00:00","dateModified":"2025-10-07T08:48:37+00:00","description":"Plateau \u00e0 rouler en bambou - Buddies Tool Set 13-in-1 - grand format - Blumiz - Premium CBD - Head Shop France - Accessoires fumeurs","breadcrumb":{"@id":"https:\/\/blumiz.com\/fr\/produit\/plateau-rouleau-en-bambou-buddies-tool-set-13-en-1-grand-format\/#breadcrumb"},"inLanguage":"fr-FR","potentialAction":[{"@type":"ReadAction","target":["https:\/\/blumiz.com\/fr\/produit\/plateau-rouleau-en-bambou-buddies-tool-set-13-en-1-grand-format\/"]}]},{"@type":"ImageObject","inLanguage":"fr-FR","@id":"https:\/\/blumiz.com\/fr\/produit\/plateau-rouleau-en-bambou-buddies-tool-set-13-en-1-grand-format\/#primaryimage","url":"https:\/\/blumiz.com\/wp-content\/uploads\/2023\/07\/Rolltablett-aus-Bambus-Buddies-Tool-Set-13-in-1-groses-Format.webp","contentUrl":"https:\/\/blumiz.com\/wp-content\/uploads\/2023\/07\/Rolltablett-aus-Bambus-Buddies-Tool-Set-13-in-1-groses-Format.webp","width":600,"height":600,"caption":"Rolltablett Bambus headshop"},{"@type":"BreadcrumbList","@id":"https:\/\/blumiz.com\/fr\/produit\/plateau-rouleau-en-bambou-buddies-tool-set-13-en-1-grand-format\/#breadcrumb","itemListElement":[{"@type":"ListItem","position":1,"name":"Blumiz","item":"https:\/\/blumiz.com\/fr\/"},{"@type":"ListItem","position":2,"name":"CBD Shop","item":"https:\/\/blumiz.com\/fr\/acheter-cbd-shop\/"},{"@type":"ListItem","position":3,"name":"HeadShop","item":"https:\/\/blumiz.com\/fr\/category\/headshop\/"},{"@type":"ListItem","position":4,"name":"Plateau \u00e0 rouler en bambou &#8211; Buddies Tool Set 13-in-1 &#8211; grand format"}]},{"@type":"WebSite","@id":"https:\/\/blumiz.com\/fr\/#website","url":"https:\/\/blumiz.com\/fr\/","name":"Blumiz - Premium CBD","description":"Blumiz, Cannabis specialist","publisher":{"@id":"https:\/\/blumiz.com\/fr\/#organization"},"alternateName":"Blumiz","potentialAction":[{"@type":"SearchAction","target":{"@type":"EntryPoint","urlTemplate":"https:\/\/blumiz.com\/fr\/?s={search_term_string}"},"query-input":{"@type":"PropertyValueSpecification","valueRequired":true,"valueName":"search_term_string"}}],"inLanguage":"fr-FR"},{"@type":"Organization","@id":"https:\/\/blumiz.com\/fr\/#organization","name":"Blumiz CBD","alternateName":"Blumiz","url":"https:\/\/blumiz.com\/fr\/","logo":{"@type":"ImageObject","inLanguage":"fr-FR","@id":"https:\/\/blumiz.com\/fr\/#\/schema\/logo\/image\/","url":"https:\/\/blumiz.com\/wp-content\/uploads\/2026\/02\/cropped-Blumiz-CBD-logo.webp","contentUrl":"https:\/\/blumiz.com\/wp-content\/uploads\/2026\/02\/cropped-Blumiz-CBD-logo.webp","width":2547,"height":778,"caption":"Blumiz CBD"},"image":{"@id":"https:\/\/blumiz.com\/fr\/#\/schema\/logo\/image\/"}}]},"product_price_amount":"19.90","product_price_currency":"EUR","og_availability":"instock","product_availability":"instock","product_retailer_item_id":"6626872","product_condition":"new"},"_links":{"self":[{"href":"https:\/\/blumiz.com\/fr\/wp-json\/wp\/v2\/product\/12833","targetHints":{"allow":["GET"]}}],"collection":[{"href":"https:\/\/blumiz.com\/fr\/wp-json\/wp\/v2\/product"}],"about":[{"href":"https:\/\/blumiz.com\/fr\/wp-json\/wp\/v2\/types\/product"}],"replies":[{"embeddable":true,"href":"https:\/\/blumiz.com\/fr\/wp-json\/wp\/v2\/comments?post=12833"}],"version-history":[{"count":0,"href":"https:\/\/blumiz.com\/fr\/wp-json\/wp\/v2\/product\/12833\/revisions"}],"wp:featuredmedia":[{"embeddable":true,"href":"https:\/\/blumiz.com\/fr\/wp-json\/wp\/v2\/media\/12886"}],"wp:attachment":[{"href":"https:\/\/blumiz.com\/fr\/wp-json\/wp\/v2\/media?parent=12833"}],"wp:term":[{"taxonomy":"product_brand","embeddable":true,"href":"https:\/\/blumiz.com\/fr\/wp-json\/wp\/v2\/product_brand?post=12833"},{"taxonomy":"product_cat","embeddable":true,"href":"https:\/\/blumiz.com\/fr\/wp-json\/wp\/v2\/product_cat?post=12833"},{"taxonomy":"product_tag","embeddable":true,"href":"https:\/\/blumiz.com\/fr\/wp-json\/wp\/v2\/product_tag?post=12833"}],"curies":[{"name":"wp","href":"https:\/\/api.w.org\/{rel}","templated":true}]}}