{"id":13015,"date":"2023-07-06T18:59:52","date_gmt":"2023-07-06T17:59:52","guid":{"rendered":"https:\/\/blumiz.com\/produkt\/vaporisateur-herbe-seche-x-vape-avant\/"},"modified":"2025-10-07T09:53:10","modified_gmt":"2025-10-07T08:53:10","slug":"vaporisateur-herbe-seche-x-vape-avant","status":"publish","type":"product","link":"https:\/\/blumiz.com\/fr\/produit\/vaporisateur-herbe-seche-x-vape-avant\/","title":{"rendered":"Vaporisateur herbe s\u00e8che &#8211; X-Vape Avant"},"content":{"rendered":"<h2>L&#8217;Avant Xvape est un vaporisateur portable avec 5 temp\u00e9ratures pr\u00e9d\u00e9finies.<\/h2>\n<p>Il est destin\u00e9 aux plantes s\u00e8ches, car il n&#8217;a pas de cartouche pour la r\u00e9sine ou les concentr\u00e9s.<br \/>\nAutonomie d&#8217;environ 30 minutes, utilisable lors du chargement via USB.<br \/>\nChambre en c\u00e9ramique blanche pour une bonne restitution des saveurs.<br \/>\nAvec une hauteur de 10 cm et un poids de 70 grammes, l&#8217;Avant vous accompagne partout.<\/p>\n<p>L&#8217;Avant Xvape est livr\u00e9 avec :<br \/>\nLe vaporisateur portable Avant.<br \/>\nUne brosse de nettoyage.<br \/>\nUn outil de lancement.<br \/>\nUn c\u00e2ble USB.<\/p>\n<p>Un sac de transport LCV<\/p>\n<h3>Caract\u00e9ristiques techniques du vaporisateur portable Avant Xvape :<\/h3>\n<p>5 temp\u00e9ratures pr\u00e9r\u00e9gl\u00e9es : 180 \u00b0C, 190 \u00b0C, 200 \u00b0C, 210 \u00b0C, 220 \u00b0C.<br \/>\nChambre \u00e0 coucher en c\u00e9ramique blanche.<br \/>\nChauffage par conduction.<br \/>\nEmbout magn\u00e9tique.<br \/>\nVapeur chaude.<br \/>\nUn seul bouton pour tout contr\u00f4ler.<br \/>\nUtilisable pour le chargement via USB.<br \/>\nPort USB sous l&#8217;appareil<br \/>\nCompact et l\u00e9ger : 10 cm x 1,6 cm x 3,3 cm et 70 grammes.<br \/>\nInhalations douces, vapeur assez chaude car les plantes sont juste sous l&#8217;embout.<br \/>\nLe jeu de tamis dans l&#8217;embout est tr\u00e8s facile \u00e0 nettoyer, \u00e0 enlever et \u00e0 remettre en place.<br \/>\nPassage de l&#8217;air et de la vapeur compl\u00e8tement s\u00e9par\u00e9 de l&#8217;\u00e9lectronique.<br \/>\nArr\u00eat automatique toutes les 3:30 minutes.<br \/>\nNe chauffe pas beaucoup dans la main.<br \/>\nAutonomie de la batterie non communiqu\u00e9e &#8211; Apr\u00e8s le test, nous effectuons X sessions de 3,5 minutes.<br \/>\nNotre avis sur le vaporisateur portable Avant Xvape :<\/p>\n<p>Un bon vaporisateur, petit et abordable.<br \/>\nRobuste, il b\u00e9n\u00e9ficie de la qualit\u00e9 de fabrication de tous les produits Xvape, ainsi que d&#8217;un taux de retour inf\u00e9rieur \u00e0 celui des marques haut de gamme comme Storz &amp; Bickel.<br \/>\nBien con\u00e7u, robuste et compact, il devrait vous suivre partout en toute discr\u00e9tion.<br \/>\nSon seul inconv\u00e9nient est son autonomie un peu courte, compens\u00e9e par sa recharge USB.<br \/>\nPour les personnes ayant la gorge sensible, la vapeur peut \u00eatre un peu chaude, car elle a peu d&#8217;air pour refroidir \u00e0 la sortie du bol\/de la chambre de vapeur.<\/p>\n<h3>Mode d&#8217;emploi de l&#8217;Avant Xvape.<\/h3>\n<p>Retirez l&#8217;embout et remplissez le bol de plantes bien broy\u00e9es.<br \/>\nEn appuyant trois fois rapidement sur chaque bouton, le chauffage d\u00e9marre \u00e0 la derni\u00e8re temp\u00e9rature s\u00e9lectionn\u00e9e auparavant.<br \/>\nL&#8217;appareil s&#8217;allume et les LED clignotent bri\u00e8vement pour indiquer la charge restante de la batterie.<br \/>\nUne pression prolong\u00e9e modifie la temp\u00e9rature.<br \/>\nTrois pressions rapides \u00e9teignent l&#8217;Avant.<br \/>\nL&#8217;\u00e9vaporateur Avant Xvape s&#8217;\u00e9teint toutes les 3,5 minutes.<br \/>\nEn appuyant trois fois rapidement, le chauffage red\u00e9marre.<\/p>\n","protected":false},"excerpt":{"rendered":"<h2>L&#8217;Avant Xvape est un vaporisateur portable avec 5 temp\u00e9ratures pr\u00e9d\u00e9finies.<\/h2>\n<p>Il est destin\u00e9 aux plantes s\u00e8ches, car il n&#8217;a pas de cartouche pour la r\u00e9sine ou les concentr\u00e9s.<br \/>\nAutonomie d&#8217;environ 30 minutes, utilisable lors du chargement via USB.<br \/>\nChambre en c\u00e9ramique blanche pour une bonne restitution des saveurs.<br \/>\nAvec une hauteur de 10 cm et un poids de 70 grammes, l&#8217;Avant vous accompagne partout.<\/p>\n","protected":false},"featured_media":12900,"comment_status":"open","ping_status":"closed","template":"","meta":{"site-sidebar-layout":"default","site-content-layout":"default","ast-site-content-layout":"default","site-content-style":"default","site-sidebar-style":"default","ast-global-header-display":"","ast-banner-title-visibility":"","ast-main-header-display":"","ast-hfb-above-header-display":"","ast-hfb-below-header-display":"","ast-hfb-mobile-header-display":"","site-post-title":"","ast-breadcrumbs-content":"","ast-featured-img":"","footer-sml-layout":"","ast-disable-related-posts":"","theme-transparent-header-meta":"default","adv-header-id-meta":"","stick-header-meta":"default","header-above-stick-meta":"","header-main-stick-meta":"","header-below-stick-meta":"","astra-migrate-meta-layouts":"default","ast-page-background-enabled":"default","ast-page-background-meta":{"desktop":{"background-color":"","background-image":"","background-repeat":"repeat","background-position":"center center","background-size":"auto","background-attachment":"scroll","background-type":"","background-media":"","overlay-type":"","overlay-color":"","overlay-opacity":"","overlay-gradient":""},"tablet":{"background-color":"","background-image":"","background-repeat":"repeat","background-position":"center center","background-size":"auto","background-attachment":"scroll","background-type":"","background-media":"","overlay-type":"","overlay-color":"","overlay-opacity":"","overlay-gradient":""},"mobile":{"background-color":"","background-image":"","background-repeat":"repeat","background-position":"center center","background-size":"auto","background-attachment":"scroll","background-type":"","background-media":"","overlay-type":"","overlay-color":"","overlay-opacity":"","overlay-gradient":""}},"ast-content-background-meta":{"desktop":{"background-color":"var(--ast-global-color-5)","background-image":"","background-repeat":"repeat","background-position":"center center","background-size":"auto","background-attachment":"scroll","background-type":"","background-media":"","overlay-type":"","overlay-color":"","overlay-opacity":"","overlay-gradient":""},"tablet":{"background-color":"var(--ast-global-color-5)","background-image":"","background-repeat":"repeat","background-position":"center center","background-size":"auto","background-attachment":"scroll","background-type":"","background-media":"","overlay-type":"","overlay-color":"","overlay-opacity":"","overlay-gradient":""},"mobile":{"background-color":"var(--ast-global-color-5)","background-image":"","background-repeat":"repeat","background-position":"center center","background-size":"auto","background-attachment":"scroll","background-type":"","background-media":"","overlay-type":"","overlay-color":"","overlay-opacity":"","overlay-gradient":""}}},"product_brand":[],"product_cat":[177],"product_tag":[],"class_list":{"0":"post-13015","1":"product","2":"type-product","3":"status-publish","4":"has-post-thumbnail","6":"product_cat-headshop","7":"desktop-align-left","8":"tablet-align-center","9":"mobile-align-left","10":"ast-product-gallery-layout-vertical","11":"ast-magnify-disabled","12":"ast-product-tabs-layout-horizontal","14":"first","15":"instock","16":"taxable","17":"shipping-taxable","18":"purchasable","19":"product-type-simple"},"yoast_head":"<!-- This site is optimized with the Yoast SEO Premium plugin v27.2 (Yoast SEO v27.3) - https:\/\/yoast.com\/product\/yoast-seo-premium-wordpress\/ -->\n<title>Vaporisateur herbe s\u00e8che - X-Vape Avant<\/title>\n<meta name=\"description\" content=\"Vaporisateur pas cher :Vaporisateur herbe s\u00e8che - X-Vape Avant %%page% - Vaporisateur d&#039;herbes s\u00e8ches, 2200 mAh, grande batterie, contr\u00f4le de la temp\u00e9rature, \u00e9cran LCD...\" \/>\n<meta name=\"robots\" content=\"index, follow, max-snippet:-1, max-image-preview:large, max-video-preview:-1\" \/>\n<link rel=\"canonical\" href=\"https:\/\/blumiz.com\/fr\/produit\/vaporisateur-herbe-seche-x-vape-avant\/\" \/>\n<meta property=\"og:locale\" content=\"fr_FR\" \/>\n<meta property=\"og:type\" content=\"article\" \/>\n<meta property=\"og:title\" content=\"Vaporisateur herbe s\u00e8che - X-Vape Avant\" \/>\n<meta property=\"og:description\" content=\"Vaporisateur herbe s\u00e8che - X-Vape Avant Blumiz - Premium CBD\" \/>\n<meta property=\"og:url\" content=\"https:\/\/blumiz.com\/fr\/produit\/vaporisateur-herbe-seche-x-vape-avant\/\" \/>\n<meta property=\"og:site_name\" content=\"Blumiz - Premium CBD\" \/>\n<meta property=\"article:modified_time\" content=\"2025-10-07T08:53:10+00:00\" \/>\n<meta property=\"og:image\" content=\"https:\/\/blumiz.com\/wp-content\/uploads\/2023\/07\/Vaporizer-Trockenkraut-X-Vape-Avant-.webp\" \/>\n\t<meta property=\"og:image:width\" content=\"600\" \/>\n\t<meta property=\"og:image:height\" content=\"600\" \/>\n\t<meta property=\"og:image:type\" content=\"image\/webp\" \/>\n<meta name=\"twitter:card\" content=\"summary_large_image\" \/>\n<meta name=\"twitter:label1\" content=\"Prix\" \/>\n\t<meta name=\"twitter:data1\" content=\"69,50&nbsp;&euro;\" \/>\n\t<meta name=\"twitter:label2\" content=\"Disponibilit\u00e9\" \/>\n\t<meta name=\"twitter:data2\" content=\"En stock\" \/>\n<script type=\"application\/ld+json\" class=\"yoast-schema-graph\">{\"@context\":\"https:\\\/\\\/schema.org\",\"@graph\":[{\"@type\":\"WebPage\",\"@id\":\"https:\\\/\\\/blumiz.com\\\/fr\\\/produit\\\/vaporisateur-herbe-seche-x-vape-avant\\\/\",\"url\":\"https:\\\/\\\/blumiz.com\\\/fr\\\/produit\\\/vaporisateur-herbe-seche-x-vape-avant\\\/\",\"name\":\"Vaporisateur herbe s\u00e8che - X-Vape Avant\",\"isPartOf\":{\"@id\":\"https:\\\/\\\/blumiz.com\\\/fr\\\/#website\"},\"primaryImageOfPage\":{\"@id\":\"https:\\\/\\\/blumiz.com\\\/fr\\\/produit\\\/vaporisateur-herbe-seche-x-vape-avant\\\/#primaryimage\"},\"image\":{\"@id\":\"https:\\\/\\\/blumiz.com\\\/fr\\\/produit\\\/vaporisateur-herbe-seche-x-vape-avant\\\/#primaryimage\"},\"thumbnailUrl\":\"https:\\\/\\\/blumiz.com\\\/wp-content\\\/uploads\\\/2023\\\/07\\\/Vaporizer-Trockenkraut-X-Vape-Avant-.webp\",\"datePublished\":\"2023-07-06T17:59:52+00:00\",\"dateModified\":\"2025-10-07T08:53:10+00:00\",\"description\":\"Vaporisateur pas cher :Vaporisateur herbe s\u00e8che - X-Vape Avant %%page% - Vaporisateur d'herbes s\u00e8ches, 2200 mAh, grande batterie, contr\u00f4le de la temp\u00e9rature, \u00e9cran LCD...\",\"breadcrumb\":{\"@id\":\"https:\\\/\\\/blumiz.com\\\/fr\\\/produit\\\/vaporisateur-herbe-seche-x-vape-avant\\\/#breadcrumb\"},\"inLanguage\":\"fr-FR\",\"potentialAction\":[{\"@type\":\"ReadAction\",\"target\":[\"https:\\\/\\\/blumiz.com\\\/fr\\\/produit\\\/vaporisateur-herbe-seche-x-vape-avant\\\/\"]}]},{\"@type\":\"ImageObject\",\"inLanguage\":\"fr-FR\",\"@id\":\"https:\\\/\\\/blumiz.com\\\/fr\\\/produit\\\/vaporisateur-herbe-seche-x-vape-avant\\\/#primaryimage\",\"url\":\"https:\\\/\\\/blumiz.com\\\/wp-content\\\/uploads\\\/2023\\\/07\\\/Vaporizer-Trockenkraut-X-Vape-Avant-.webp\",\"contentUrl\":\"https:\\\/\\\/blumiz.com\\\/wp-content\\\/uploads\\\/2023\\\/07\\\/Vaporizer-Trockenkraut-X-Vape-Avant-.webp\",\"width\":600,\"height\":600,\"caption\":\"Vaporizer Trockenkraut - X-Vape Avant\"},{\"@type\":\"BreadcrumbList\",\"@id\":\"https:\\\/\\\/blumiz.com\\\/fr\\\/produit\\\/vaporisateur-herbe-seche-x-vape-avant\\\/#breadcrumb\",\"itemListElement\":[{\"@type\":\"ListItem\",\"position\":1,\"name\":\"Blumiz\",\"item\":\"https:\\\/\\\/blumiz.com\\\/fr\\\/\"},{\"@type\":\"ListItem\",\"position\":2,\"name\":\"CBD Shop\",\"item\":\"https:\\\/\\\/blumiz.com\\\/fr\\\/acheter-cbd-shop\\\/\"},{\"@type\":\"ListItem\",\"position\":3,\"name\":\"HeadShop\",\"item\":\"https:\\\/\\\/blumiz.com\\\/fr\\\/category\\\/headshop\\\/\"},{\"@type\":\"ListItem\",\"position\":4,\"name\":\"Vaporisateur herbe s\u00e8che &#8211; X-Vape Avant\"}]},{\"@type\":\"WebSite\",\"@id\":\"https:\\\/\\\/blumiz.com\\\/fr\\\/#website\",\"url\":\"https:\\\/\\\/blumiz.com\\\/fr\\\/\",\"name\":\"Blumiz - Premium CBD\",\"description\":\"Blumiz, Cannabis specialist\",\"publisher\":{\"@id\":\"https:\\\/\\\/blumiz.com\\\/fr\\\/#organization\"},\"alternateName\":\"Blumiz\",\"potentialAction\":[{\"@type\":\"SearchAction\",\"target\":{\"@type\":\"EntryPoint\",\"urlTemplate\":\"https:\\\/\\\/blumiz.com\\\/fr\\\/?s={search_term_string}\"},\"query-input\":{\"@type\":\"PropertyValueSpecification\",\"valueRequired\":true,\"valueName\":\"search_term_string\"}}],\"inLanguage\":\"fr-FR\"},{\"@type\":\"Organization\",\"@id\":\"https:\\\/\\\/blumiz.com\\\/fr\\\/#organization\",\"name\":\"Blumiz CBD\",\"alternateName\":\"Blumiz\",\"url\":\"https:\\\/\\\/blumiz.com\\\/fr\\\/\",\"logo\":{\"@type\":\"ImageObject\",\"inLanguage\":\"fr-FR\",\"@id\":\"https:\\\/\\\/blumiz.com\\\/fr\\\/#\\\/schema\\\/logo\\\/image\\\/\",\"url\":\"https:\\\/\\\/blumiz.com\\\/wp-content\\\/uploads\\\/2026\\\/02\\\/cropped-Blumiz-CBD-logo.webp\",\"contentUrl\":\"https:\\\/\\\/blumiz.com\\\/wp-content\\\/uploads\\\/2026\\\/02\\\/cropped-Blumiz-CBD-logo.webp\",\"width\":2547,\"height\":778,\"caption\":\"Blumiz CBD\"},\"image\":{\"@id\":\"https:\\\/\\\/blumiz.com\\\/fr\\\/#\\\/schema\\\/logo\\\/image\\\/\"}}]}<\/script>\n<meta property=\"product:price:amount\" content=\"69.50\" \/>\n<meta property=\"product:price:currency\" content=\"EUR\" \/>\n<meta property=\"og:availability\" content=\"instock\" \/>\n<meta property=\"product:availability\" content=\"instock\" \/>\n<meta property=\"product:retailer_item_id\" content=\"01010101692\" \/>\n<meta property=\"product:condition\" content=\"new\" \/>\n<!-- \/ Yoast SEO Premium plugin. -->","yoast_head_json":{"title":"Vaporisateur herbe s\u00e8che - X-Vape Avant","description":"Vaporisateur pas cher :Vaporisateur herbe s\u00e8che - X-Vape Avant %%page% - Vaporisateur d'herbes s\u00e8ches, 2200 mAh, grande batterie, contr\u00f4le de la temp\u00e9rature, \u00e9cran LCD...","robots":{"index":"index","follow":"follow","max-snippet":"max-snippet:-1","max-image-preview":"max-image-preview:large","max-video-preview":"max-video-preview:-1"},"canonical":"https:\/\/blumiz.com\/fr\/produit\/vaporisateur-herbe-seche-x-vape-avant\/","og_locale":"fr_FR","og_type":"article","og_title":"Vaporisateur herbe s\u00e8che - X-Vape Avant","og_description":"Vaporisateur herbe s\u00e8che - X-Vape Avant Blumiz - Premium CBD","og_url":"https:\/\/blumiz.com\/fr\/produit\/vaporisateur-herbe-seche-x-vape-avant\/","og_site_name":"Blumiz - Premium CBD","article_modified_time":"2025-10-07T08:53:10+00:00","og_image":[{"width":600,"height":600,"url":"https:\/\/blumiz.com\/wp-content\/uploads\/2023\/07\/Vaporizer-Trockenkraut-X-Vape-Avant-.webp","type":"image\/webp"}],"twitter_card":"summary_large_image","twitter_misc":{"Prix":"69,50&nbsp;&euro;","Disponibilit\u00e9":"En stock"},"schema":{"@context":"https:\/\/schema.org","@graph":[{"@type":"WebPage","@id":"https:\/\/blumiz.com\/fr\/produit\/vaporisateur-herbe-seche-x-vape-avant\/","url":"https:\/\/blumiz.com\/fr\/produit\/vaporisateur-herbe-seche-x-vape-avant\/","name":"Vaporisateur herbe s\u00e8che - X-Vape Avant","isPartOf":{"@id":"https:\/\/blumiz.com\/fr\/#website"},"primaryImageOfPage":{"@id":"https:\/\/blumiz.com\/fr\/produit\/vaporisateur-herbe-seche-x-vape-avant\/#primaryimage"},"image":{"@id":"https:\/\/blumiz.com\/fr\/produit\/vaporisateur-herbe-seche-x-vape-avant\/#primaryimage"},"thumbnailUrl":"https:\/\/blumiz.com\/wp-content\/uploads\/2023\/07\/Vaporizer-Trockenkraut-X-Vape-Avant-.webp","datePublished":"2023-07-06T17:59:52+00:00","dateModified":"2025-10-07T08:53:10+00:00","description":"Vaporisateur pas cher :Vaporisateur herbe s\u00e8che - X-Vape Avant %%page% - Vaporisateur d'herbes s\u00e8ches, 2200 mAh, grande batterie, contr\u00f4le de la temp\u00e9rature, \u00e9cran LCD...","breadcrumb":{"@id":"https:\/\/blumiz.com\/fr\/produit\/vaporisateur-herbe-seche-x-vape-avant\/#breadcrumb"},"inLanguage":"fr-FR","potentialAction":[{"@type":"ReadAction","target":["https:\/\/blumiz.com\/fr\/produit\/vaporisateur-herbe-seche-x-vape-avant\/"]}]},{"@type":"ImageObject","inLanguage":"fr-FR","@id":"https:\/\/blumiz.com\/fr\/produit\/vaporisateur-herbe-seche-x-vape-avant\/#primaryimage","url":"https:\/\/blumiz.com\/wp-content\/uploads\/2023\/07\/Vaporizer-Trockenkraut-X-Vape-Avant-.webp","contentUrl":"https:\/\/blumiz.com\/wp-content\/uploads\/2023\/07\/Vaporizer-Trockenkraut-X-Vape-Avant-.webp","width":600,"height":600,"caption":"Vaporizer Trockenkraut - X-Vape Avant"},{"@type":"BreadcrumbList","@id":"https:\/\/blumiz.com\/fr\/produit\/vaporisateur-herbe-seche-x-vape-avant\/#breadcrumb","itemListElement":[{"@type":"ListItem","position":1,"name":"Blumiz","item":"https:\/\/blumiz.com\/fr\/"},{"@type":"ListItem","position":2,"name":"CBD Shop","item":"https:\/\/blumiz.com\/fr\/acheter-cbd-shop\/"},{"@type":"ListItem","position":3,"name":"HeadShop","item":"https:\/\/blumiz.com\/fr\/category\/headshop\/"},{"@type":"ListItem","position":4,"name":"Vaporisateur herbe s\u00e8che &#8211; X-Vape Avant"}]},{"@type":"WebSite","@id":"https:\/\/blumiz.com\/fr\/#website","url":"https:\/\/blumiz.com\/fr\/","name":"Blumiz - Premium CBD","description":"Blumiz, Cannabis specialist","publisher":{"@id":"https:\/\/blumiz.com\/fr\/#organization"},"alternateName":"Blumiz","potentialAction":[{"@type":"SearchAction","target":{"@type":"EntryPoint","urlTemplate":"https:\/\/blumiz.com\/fr\/?s={search_term_string}"},"query-input":{"@type":"PropertyValueSpecification","valueRequired":true,"valueName":"search_term_string"}}],"inLanguage":"fr-FR"},{"@type":"Organization","@id":"https:\/\/blumiz.com\/fr\/#organization","name":"Blumiz CBD","alternateName":"Blumiz","url":"https:\/\/blumiz.com\/fr\/","logo":{"@type":"ImageObject","inLanguage":"fr-FR","@id":"https:\/\/blumiz.com\/fr\/#\/schema\/logo\/image\/","url":"https:\/\/blumiz.com\/wp-content\/uploads\/2026\/02\/cropped-Blumiz-CBD-logo.webp","contentUrl":"https:\/\/blumiz.com\/wp-content\/uploads\/2026\/02\/cropped-Blumiz-CBD-logo.webp","width":2547,"height":778,"caption":"Blumiz CBD"},"image":{"@id":"https:\/\/blumiz.com\/fr\/#\/schema\/logo\/image\/"}}]},"product_price_amount":"69.50","product_price_currency":"EUR","og_availability":"instock","product_availability":"instock","product_retailer_item_id":"01010101692","product_condition":"new"},"_links":{"self":[{"href":"https:\/\/blumiz.com\/fr\/wp-json\/wp\/v2\/product\/13015","targetHints":{"allow":["GET"]}}],"collection":[{"href":"https:\/\/blumiz.com\/fr\/wp-json\/wp\/v2\/product"}],"about":[{"href":"https:\/\/blumiz.com\/fr\/wp-json\/wp\/v2\/types\/product"}],"replies":[{"embeddable":true,"href":"https:\/\/blumiz.com\/fr\/wp-json\/wp\/v2\/comments?post=13015"}],"version-history":[{"count":0,"href":"https:\/\/blumiz.com\/fr\/wp-json\/wp\/v2\/product\/13015\/revisions"}],"wp:featuredmedia":[{"embeddable":true,"href":"https:\/\/blumiz.com\/fr\/wp-json\/wp\/v2\/media\/12900"}],"wp:attachment":[{"href":"https:\/\/blumiz.com\/fr\/wp-json\/wp\/v2\/media?parent=13015"}],"wp:term":[{"taxonomy":"product_brand","embeddable":true,"href":"https:\/\/blumiz.com\/fr\/wp-json\/wp\/v2\/product_brand?post=13015"},{"taxonomy":"product_cat","embeddable":true,"href":"https:\/\/blumiz.com\/fr\/wp-json\/wp\/v2\/product_cat?post=13015"},{"taxonomy":"product_tag","embeddable":true,"href":"https:\/\/blumiz.com\/fr\/wp-json\/wp\/v2\/product_tag?post=13015"}],"curies":[{"name":"wp","href":"https:\/\/api.w.org\/{rel}","templated":true}]}}