{"id":13018,"date":"2023-07-06T18:57:06","date_gmt":"2023-07-06T17:57:06","guid":{"rendered":"https:\/\/blumiz.com\/produkt\/pathfinder-2-vaporisateur-portable-dherbes-seches\/"},"modified":"2025-10-07T09:53:33","modified_gmt":"2025-10-07T08:53:33","slug":"pathfinder-2-portatif-vaporisateur-dherbes-seches","status":"publish","type":"product","link":"https:\/\/blumiz.com\/fr\/produit\/pathfinder-2-portatif-vaporisateur-dherbes-seches\/","title":{"rendered":"Pathfinder 2 Vaporisateur portable d&#8217;herbes s\u00e8ches"},"content":{"rendered":"<h2>Pathfinder 2 Best Price Dry Herb Vaporizer avec accessoires<\/h2>\n<p>Pathfinder Vaporisateur portable d&#8217;herbes s\u00e8ches, 2200 mAh, grande batterie, contr\u00f4le de la temp\u00e9rature, \u00e9cran LCD, vaporisateur d&#8217;herbes d&#8217;aromath\u00e9rapie, recharge USB, blanc<\/p>\n<p>Vaporisez votre chanvre et autres herbes s\u00e8ches avec le Pathfinder V2. Ce vaporisateur de CBD vous permet de vaporiser des plantes et des herbes s\u00e8ches afin de les inhaler sans probl\u00e8me. Le Pathfinder V2 est facile \u00e0 utiliser et est un kit tout-en-un avec une batterie interne de 2200 mAh. Avec une autonomie de 90 minutes et un mode de contr\u00f4le de la temp\u00e9rature pour une vaporisation parfaite, ce vaporisateur est efficace pour le chanvre et les herbes s\u00e8ches.<\/p>\n<p>Dimensions : 132 x 27 x 27 mm<br \/>\nAutonomie : 2200 mAh<br \/>\nMode : r\u00e9gulation de la temp\u00e9rature<\/p>\n","protected":false},"excerpt":{"rendered":"<p>Pathfinder Vaporisateur portable d&#8217;herbes s\u00e8ches, 2200 mAh, grande batterie, contr\u00f4le de la temp\u00e9rature, \u00e9cran LCD, vaporisateur d&#8217;herbes d&#8217;aromath\u00e9rapie, recharge USB, blanc<\/p>\n","protected":false},"featured_media":12891,"comment_status":"open","ping_status":"closed","template":"","meta":{"site-sidebar-layout":"default","site-content-layout":"default","ast-site-content-layout":"default","site-content-style":"default","site-sidebar-style":"default","ast-global-header-display":"","ast-banner-title-visibility":"","ast-main-header-display":"","ast-hfb-above-header-display":"","ast-hfb-below-header-display":"","ast-hfb-mobile-header-display":"","site-post-title":"","ast-breadcrumbs-content":"","ast-featured-img":"","footer-sml-layout":"","ast-disable-related-posts":"","theme-transparent-header-meta":"default","adv-header-id-meta":"","stick-header-meta":"default","header-above-stick-meta":"","header-main-stick-meta":"","header-below-stick-meta":"","astra-migrate-meta-layouts":"default","ast-page-background-enabled":"default","ast-page-background-meta":{"desktop":{"background-color":"","background-image":"","background-repeat":"repeat","background-position":"center center","background-size":"auto","background-attachment":"scroll","background-type":"","background-media":"","overlay-type":"","overlay-color":"","overlay-opacity":"","overlay-gradient":""},"tablet":{"background-color":"","background-image":"","background-repeat":"repeat","background-position":"center center","background-size":"auto","background-attachment":"scroll","background-type":"","background-media":"","overlay-type":"","overlay-color":"","overlay-opacity":"","overlay-gradient":""},"mobile":{"background-color":"","background-image":"","background-repeat":"repeat","background-position":"center center","background-size":"auto","background-attachment":"scroll","background-type":"","background-media":"","overlay-type":"","overlay-color":"","overlay-opacity":"","overlay-gradient":""}},"ast-content-background-meta":{"desktop":{"background-color":"var(--ast-global-color-5)","background-image":"","background-repeat":"repeat","background-position":"center center","background-size":"auto","background-attachment":"scroll","background-type":"","background-media":"","overlay-type":"","overlay-color":"","overlay-opacity":"","overlay-gradient":""},"tablet":{"background-color":"var(--ast-global-color-5)","background-image":"","background-repeat":"repeat","background-position":"center center","background-size":"auto","background-attachment":"scroll","background-type":"","background-media":"","overlay-type":"","overlay-color":"","overlay-opacity":"","overlay-gradient":""},"mobile":{"background-color":"var(--ast-global-color-5)","background-image":"","background-repeat":"repeat","background-position":"center center","background-size":"auto","background-attachment":"scroll","background-type":"","background-media":"","overlay-type":"","overlay-color":"","overlay-opacity":"","overlay-gradient":""}}},"product_brand":[],"product_cat":[177],"product_tag":[],"class_list":{"0":"post-13018","1":"product","2":"type-product","3":"status-publish","4":"has-post-thumbnail","6":"product_cat-headshop","7":"desktop-align-left","8":"tablet-align-center","9":"mobile-align-left","10":"ast-product-gallery-layout-vertical","11":"ast-magnify-disabled","12":"ast-product-tabs-layout-horizontal","14":"first","15":"instock","16":"taxable","17":"shipping-taxable","18":"purchasable","19":"product-type-simple"},"yoast_head":"<!-- This site is optimized with the Yoast SEO Premium plugin v27.2 (Yoast SEO v27.4) - https:\/\/yoast.com\/product\/yoast-seo-premium-wordpress\/ -->\n<title>vaporisateur pas cher : vaporisateur avec accessoires<\/title>\n<meta name=\"description\" content=\"Vaporisateur pas cher :Pathfinder 2 Vaporisateur portable d&#039;herbes s\u00e8ches %%page% - Vaporisateur d&#039;herbes s\u00e8ches, 2200 mAh, grande batterie, contr\u00f4le de la temp\u00e9rature, \u00e9cran LCD...\" \/>\n<meta name=\"robots\" content=\"index, follow, max-snippet:-1, max-image-preview:large, max-video-preview:-1\" \/>\n<link rel=\"canonical\" href=\"https:\/\/blumiz.com\/fr\/produit\/pathfinder-2-portatif-vaporisateur-dherbes-seches\/\" \/>\n<meta property=\"og:locale\" content=\"fr_FR\" \/>\n<meta property=\"og:type\" content=\"article\" \/>\n<meta property=\"og:title\" content=\"Pathfinder 2 Vaporisateur portable d&#039;herbes s\u00e8ches\" \/>\n<meta property=\"og:description\" content=\"Pathfinder 2 Vaporisateur portable d&#039;herbes s\u00e8ches Blumiz - Premium CBD\" \/>\n<meta property=\"og:url\" content=\"https:\/\/blumiz.com\/fr\/produit\/pathfinder-2-portatif-vaporisateur-dherbes-seches\/\" \/>\n<meta property=\"og:site_name\" content=\"Blumiz - Premium CBD\" \/>\n<meta property=\"article:modified_time\" content=\"2025-10-07T08:53:33+00:00\" \/>\n<meta property=\"og:image\" content=\"https:\/\/blumiz.com\/wp-content\/uploads\/2023\/07\/Pathfinder-Best-Price-Dry-Herb-Vaporizer-mit-Zubehor.webp\" \/>\n\t<meta property=\"og:image:width\" content=\"600\" \/>\n\t<meta property=\"og:image:height\" content=\"600\" \/>\n\t<meta property=\"og:image:type\" content=\"image\/webp\" \/>\n<meta name=\"twitter:card\" content=\"summary_large_image\" \/>\n<meta name=\"twitter:label1\" content=\"Prix\" \/>\n\t<meta name=\"twitter:data1\" content=\"49,50&nbsp;&euro;\" \/>\n\t<meta name=\"twitter:label2\" content=\"Disponibilit\u00e9\" \/>\n\t<meta name=\"twitter:data2\" content=\"En stock\" \/>\n<script type=\"application\/ld+json\" class=\"yoast-schema-graph\">{\"@context\":\"https:\\\/\\\/schema.org\",\"@graph\":[{\"@type\":\"WebPage\",\"@id\":\"https:\\\/\\\/blumiz.com\\\/fr\\\/produit\\\/pathfinder-2-portatif-vaporisateur-dherbes-seches\\\/\",\"url\":\"https:\\\/\\\/blumiz.com\\\/fr\\\/produit\\\/pathfinder-2-portatif-vaporisateur-dherbes-seches\\\/\",\"name\":\"vaporisateur pas cher : vaporisateur avec accessoires\",\"isPartOf\":{\"@id\":\"https:\\\/\\\/blumiz.com\\\/fr\\\/#website\"},\"primaryImageOfPage\":{\"@id\":\"https:\\\/\\\/blumiz.com\\\/fr\\\/produit\\\/pathfinder-2-portatif-vaporisateur-dherbes-seches\\\/#primaryimage\"},\"image\":{\"@id\":\"https:\\\/\\\/blumiz.com\\\/fr\\\/produit\\\/pathfinder-2-portatif-vaporisateur-dherbes-seches\\\/#primaryimage\"},\"thumbnailUrl\":\"https:\\\/\\\/blumiz.com\\\/wp-content\\\/uploads\\\/2023\\\/07\\\/Pathfinder-Best-Price-Dry-Herb-Vaporizer-mit-Zubehor.webp\",\"datePublished\":\"2023-07-06T17:57:06+00:00\",\"dateModified\":\"2025-10-07T08:53:33+00:00\",\"description\":\"Vaporisateur pas cher :Pathfinder 2 Vaporisateur portable d'herbes s\u00e8ches %%page% - Vaporisateur d'herbes s\u00e8ches, 2200 mAh, grande batterie, contr\u00f4le de la temp\u00e9rature, \u00e9cran LCD...\",\"breadcrumb\":{\"@id\":\"https:\\\/\\\/blumiz.com\\\/fr\\\/produit\\\/pathfinder-2-portatif-vaporisateur-dherbes-seches\\\/#breadcrumb\"},\"inLanguage\":\"fr-FR\",\"potentialAction\":[{\"@type\":\"ReadAction\",\"target\":[\"https:\\\/\\\/blumiz.com\\\/fr\\\/produit\\\/pathfinder-2-portatif-vaporisateur-dherbes-seches\\\/\"]}]},{\"@type\":\"ImageObject\",\"inLanguage\":\"fr-FR\",\"@id\":\"https:\\\/\\\/blumiz.com\\\/fr\\\/produit\\\/pathfinder-2-portatif-vaporisateur-dherbes-seches\\\/#primaryimage\",\"url\":\"https:\\\/\\\/blumiz.com\\\/wp-content\\\/uploads\\\/2023\\\/07\\\/Pathfinder-Best-Price-Dry-Herb-Vaporizer-mit-Zubehor.webp\",\"contentUrl\":\"https:\\\/\\\/blumiz.com\\\/wp-content\\\/uploads\\\/2023\\\/07\\\/Pathfinder-Best-Price-Dry-Herb-Vaporizer-mit-Zubehor.webp\",\"width\":600,\"height\":600,\"caption\":\"Pathfinder Best Price Dry Herb Vaporizer mit Zubeh\u00f6r\"},{\"@type\":\"BreadcrumbList\",\"@id\":\"https:\\\/\\\/blumiz.com\\\/fr\\\/produit\\\/pathfinder-2-portatif-vaporisateur-dherbes-seches\\\/#breadcrumb\",\"itemListElement\":[{\"@type\":\"ListItem\",\"position\":1,\"name\":\"Blumiz\",\"item\":\"https:\\\/\\\/blumiz.com\\\/fr\\\/\"},{\"@type\":\"ListItem\",\"position\":2,\"name\":\"CBD Shop\",\"item\":\"https:\\\/\\\/blumiz.com\\\/fr\\\/acheter-cbd-shop\\\/\"},{\"@type\":\"ListItem\",\"position\":3,\"name\":\"HeadShop\",\"item\":\"https:\\\/\\\/blumiz.com\\\/fr\\\/category\\\/headshop\\\/\"},{\"@type\":\"ListItem\",\"position\":4,\"name\":\"Pathfinder 2 Vaporisateur portable d&#8217;herbes s\u00e8ches\"}]},{\"@type\":\"WebSite\",\"@id\":\"https:\\\/\\\/blumiz.com\\\/fr\\\/#website\",\"url\":\"https:\\\/\\\/blumiz.com\\\/fr\\\/\",\"name\":\"Blumiz - Premium CBD\",\"description\":\"Blumiz, Cannabis specialist\",\"publisher\":{\"@id\":\"https:\\\/\\\/blumiz.com\\\/fr\\\/#organization\"},\"alternateName\":\"Blumiz\",\"potentialAction\":[{\"@type\":\"SearchAction\",\"target\":{\"@type\":\"EntryPoint\",\"urlTemplate\":\"https:\\\/\\\/blumiz.com\\\/fr\\\/?s={search_term_string}\"},\"query-input\":{\"@type\":\"PropertyValueSpecification\",\"valueRequired\":true,\"valueName\":\"search_term_string\"}}],\"inLanguage\":\"fr-FR\"},{\"@type\":\"Organization\",\"@id\":\"https:\\\/\\\/blumiz.com\\\/fr\\\/#organization\",\"name\":\"Blumiz CBD\",\"alternateName\":\"Blumiz\",\"url\":\"https:\\\/\\\/blumiz.com\\\/fr\\\/\",\"logo\":{\"@type\":\"ImageObject\",\"inLanguage\":\"fr-FR\",\"@id\":\"https:\\\/\\\/blumiz.com\\\/fr\\\/#\\\/schema\\\/logo\\\/image\\\/\",\"url\":\"https:\\\/\\\/blumiz.com\\\/wp-content\\\/uploads\\\/2026\\\/02\\\/cropped-Blumiz-CBD-logo.webp\",\"contentUrl\":\"https:\\\/\\\/blumiz.com\\\/wp-content\\\/uploads\\\/2026\\\/02\\\/cropped-Blumiz-CBD-logo.webp\",\"width\":2547,\"height\":778,\"caption\":\"Blumiz CBD\"},\"image\":{\"@id\":\"https:\\\/\\\/blumiz.com\\\/fr\\\/#\\\/schema\\\/logo\\\/image\\\/\"}}]}<\/script>\n<meta property=\"product:price:amount\" content=\"49.50\" \/>\n<meta property=\"product:price:currency\" content=\"EUR\" \/>\n<meta property=\"og:availability\" content=\"instock\" \/>\n<meta property=\"product:availability\" content=\"instock\" \/>\n<meta property=\"product:retailer_item_id\" content=\"010101016901\" \/>\n<meta property=\"product:condition\" content=\"new\" \/>\n<!-- \/ Yoast SEO Premium plugin. -->","yoast_head_json":{"title":"vaporisateur pas cher : vaporisateur avec accessoires","description":"Vaporisateur pas cher :Pathfinder 2 Vaporisateur portable d'herbes s\u00e8ches %%page% - Vaporisateur d'herbes s\u00e8ches, 2200 mAh, grande batterie, contr\u00f4le de la temp\u00e9rature, \u00e9cran LCD...","robots":{"index":"index","follow":"follow","max-snippet":"max-snippet:-1","max-image-preview":"max-image-preview:large","max-video-preview":"max-video-preview:-1"},"canonical":"https:\/\/blumiz.com\/fr\/produit\/pathfinder-2-portatif-vaporisateur-dherbes-seches\/","og_locale":"fr_FR","og_type":"article","og_title":"Pathfinder 2 Vaporisateur portable d'herbes s\u00e8ches","og_description":"Pathfinder 2 Vaporisateur portable d'herbes s\u00e8ches Blumiz - Premium CBD","og_url":"https:\/\/blumiz.com\/fr\/produit\/pathfinder-2-portatif-vaporisateur-dherbes-seches\/","og_site_name":"Blumiz - Premium CBD","article_modified_time":"2025-10-07T08:53:33+00:00","og_image":[{"width":600,"height":600,"url":"https:\/\/blumiz.com\/wp-content\/uploads\/2023\/07\/Pathfinder-Best-Price-Dry-Herb-Vaporizer-mit-Zubehor.webp","type":"image\/webp"}],"twitter_card":"summary_large_image","twitter_misc":{"Prix":"49,50&nbsp;&euro;","Disponibilit\u00e9":"En stock"},"schema":{"@context":"https:\/\/schema.org","@graph":[{"@type":"WebPage","@id":"https:\/\/blumiz.com\/fr\/produit\/pathfinder-2-portatif-vaporisateur-dherbes-seches\/","url":"https:\/\/blumiz.com\/fr\/produit\/pathfinder-2-portatif-vaporisateur-dherbes-seches\/","name":"vaporisateur pas cher : vaporisateur avec accessoires","isPartOf":{"@id":"https:\/\/blumiz.com\/fr\/#website"},"primaryImageOfPage":{"@id":"https:\/\/blumiz.com\/fr\/produit\/pathfinder-2-portatif-vaporisateur-dherbes-seches\/#primaryimage"},"image":{"@id":"https:\/\/blumiz.com\/fr\/produit\/pathfinder-2-portatif-vaporisateur-dherbes-seches\/#primaryimage"},"thumbnailUrl":"https:\/\/blumiz.com\/wp-content\/uploads\/2023\/07\/Pathfinder-Best-Price-Dry-Herb-Vaporizer-mit-Zubehor.webp","datePublished":"2023-07-06T17:57:06+00:00","dateModified":"2025-10-07T08:53:33+00:00","description":"Vaporisateur pas cher :Pathfinder 2 Vaporisateur portable d'herbes s\u00e8ches %%page% - Vaporisateur d'herbes s\u00e8ches, 2200 mAh, grande batterie, contr\u00f4le de la temp\u00e9rature, \u00e9cran LCD...","breadcrumb":{"@id":"https:\/\/blumiz.com\/fr\/produit\/pathfinder-2-portatif-vaporisateur-dherbes-seches\/#breadcrumb"},"inLanguage":"fr-FR","potentialAction":[{"@type":"ReadAction","target":["https:\/\/blumiz.com\/fr\/produit\/pathfinder-2-portatif-vaporisateur-dherbes-seches\/"]}]},{"@type":"ImageObject","inLanguage":"fr-FR","@id":"https:\/\/blumiz.com\/fr\/produit\/pathfinder-2-portatif-vaporisateur-dherbes-seches\/#primaryimage","url":"https:\/\/blumiz.com\/wp-content\/uploads\/2023\/07\/Pathfinder-Best-Price-Dry-Herb-Vaporizer-mit-Zubehor.webp","contentUrl":"https:\/\/blumiz.com\/wp-content\/uploads\/2023\/07\/Pathfinder-Best-Price-Dry-Herb-Vaporizer-mit-Zubehor.webp","width":600,"height":600,"caption":"Pathfinder Best Price Dry Herb Vaporizer mit Zubeh\u00f6r"},{"@type":"BreadcrumbList","@id":"https:\/\/blumiz.com\/fr\/produit\/pathfinder-2-portatif-vaporisateur-dherbes-seches\/#breadcrumb","itemListElement":[{"@type":"ListItem","position":1,"name":"Blumiz","item":"https:\/\/blumiz.com\/fr\/"},{"@type":"ListItem","position":2,"name":"CBD Shop","item":"https:\/\/blumiz.com\/fr\/acheter-cbd-shop\/"},{"@type":"ListItem","position":3,"name":"HeadShop","item":"https:\/\/blumiz.com\/fr\/category\/headshop\/"},{"@type":"ListItem","position":4,"name":"Pathfinder 2 Vaporisateur portable d&#8217;herbes s\u00e8ches"}]},{"@type":"WebSite","@id":"https:\/\/blumiz.com\/fr\/#website","url":"https:\/\/blumiz.com\/fr\/","name":"Blumiz - Premium CBD","description":"Blumiz, Cannabis specialist","publisher":{"@id":"https:\/\/blumiz.com\/fr\/#organization"},"alternateName":"Blumiz","potentialAction":[{"@type":"SearchAction","target":{"@type":"EntryPoint","urlTemplate":"https:\/\/blumiz.com\/fr\/?s={search_term_string}"},"query-input":{"@type":"PropertyValueSpecification","valueRequired":true,"valueName":"search_term_string"}}],"inLanguage":"fr-FR"},{"@type":"Organization","@id":"https:\/\/blumiz.com\/fr\/#organization","name":"Blumiz CBD","alternateName":"Blumiz","url":"https:\/\/blumiz.com\/fr\/","logo":{"@type":"ImageObject","inLanguage":"fr-FR","@id":"https:\/\/blumiz.com\/fr\/#\/schema\/logo\/image\/","url":"https:\/\/blumiz.com\/wp-content\/uploads\/2026\/02\/cropped-Blumiz-CBD-logo.webp","contentUrl":"https:\/\/blumiz.com\/wp-content\/uploads\/2026\/02\/cropped-Blumiz-CBD-logo.webp","width":2547,"height":778,"caption":"Blumiz CBD"},"image":{"@id":"https:\/\/blumiz.com\/fr\/#\/schema\/logo\/image\/"}}]},"product_price_amount":"49.50","product_price_currency":"EUR","og_availability":"instock","product_availability":"instock","product_retailer_item_id":"010101016901","product_condition":"new"},"_links":{"self":[{"href":"https:\/\/blumiz.com\/fr\/wp-json\/wp\/v2\/product\/13018","targetHints":{"allow":["GET"]}}],"collection":[{"href":"https:\/\/blumiz.com\/fr\/wp-json\/wp\/v2\/product"}],"about":[{"href":"https:\/\/blumiz.com\/fr\/wp-json\/wp\/v2\/types\/product"}],"replies":[{"embeddable":true,"href":"https:\/\/blumiz.com\/fr\/wp-json\/wp\/v2\/comments?post=13018"}],"version-history":[{"count":0,"href":"https:\/\/blumiz.com\/fr\/wp-json\/wp\/v2\/product\/13018\/revisions"}],"wp:featuredmedia":[{"embeddable":true,"href":"https:\/\/blumiz.com\/fr\/wp-json\/wp\/v2\/media\/12891"}],"wp:attachment":[{"href":"https:\/\/blumiz.com\/fr\/wp-json\/wp\/v2\/media?parent=13018"}],"wp:term":[{"taxonomy":"product_brand","embeddable":true,"href":"https:\/\/blumiz.com\/fr\/wp-json\/wp\/v2\/product_brand?post=13018"},{"taxonomy":"product_cat","embeddable":true,"href":"https:\/\/blumiz.com\/fr\/wp-json\/wp\/v2\/product_cat?post=13018"},{"taxonomy":"product_tag","embeddable":true,"href":"https:\/\/blumiz.com\/fr\/wp-json\/wp\/v2\/product_tag?post=13018"}],"curies":[{"name":"wp","href":"https:\/\/api.w.org\/{rel}","templated":true}]}}