{"id":18846,"date":"2024-07-30T16:57:17","date_gmt":"2024-07-30T15:57:17","guid":{"rendered":"https:\/\/blumiz.com\/?post_type=product&#038;p=18846"},"modified":"2025-12-11T16:09:44","modified_gmt":"2025-12-11T15:09:44","slug":"enecta-cbnight-formula-125-mg-cbn-125-mg-cbd-9-mg-melatonine-30-ml-kopie","status":"publish","type":"product","link":"https:\/\/blumiz.com\/fr\/produit\/enecta-cbnight-formula-125-mg-cbn-125-mg-cbd-9-mg-melatonine-30-ml-kopie\/","title":{"rendered":"Enecta CBNight Formula 250 mg CBN + 250 mg CBD + 9 mg m\u00e9latonine"},"content":{"rendered":"<p><strong>BNight Formula d&#8217;Enecta<\/strong><br \/>\nFaites l&#8217;exp\u00e9rience d&#8217;une nuit de sommeil relaxante avec CBNight Formula d&#8217;Enecta ! Ce flacon de 30 ml contient 30 doses sp\u00e9cialement con\u00e7ues pour favoriser l&#8217;endormissement et le r\u00e9veil d\u00e9tendu. <\/p>\n<p><strong>Contenu<\/strong>: 250 mg de CBN, 250 mg de CBD, 9 mg de m\u00e9latonine.<\/p>\n<p><strong>Utilisation<\/strong>: utilisez la pipette gradu\u00e9e fournie pour prendre environ 1 ml environ une demi-heure avant le coucher.<\/p>\n<p><strong>1 ml contient<\/strong>:<\/p>\n<ul>\n<li>8,33 mg de CBD<\/li>\n<li>8,33 mg de CBN<\/li>\n<li>0,3 mg de m\u00e9latonine<\/li>\n<\/ul>\n<p><strong>Mode d&#8217;emploi<\/strong>: bien agiter avant utilisation !<\/p>\n<p><strong>Ingr\u00e9dients<\/strong>: Huile MCT (triglyc\u00e9rides \u00e0 cha\u00eene moyenne), cannabidiol (CBD), cannabinol (CBN), m\u00e9latonine.<\/p>\n<p><strong>Fabriqu\u00e9 en Italie<\/strong>.<br \/>\nConservez le produit dans un endroit frais et sec, loin de la lumi\u00e8re directe.<\/p>\n","protected":false},"excerpt":{"rendered":"<p><strong>CBNight Formula d&#8217;Enecta<\/strong> est un m\u00e9lange naturel de CBD, CBN et m\u00e9latonine, sp\u00e9cialement con\u00e7u pour am\u00e9liorer le sommeil. Id\u00e9al pour tous ceux qui souffrent d&#8217;insomnie ou qui souhaitent am\u00e9liorer la qualit\u00e9 de leur sommeil. <\/p>\n","protected":false},"featured_media":11199,"comment_status":"open","ping_status":"closed","template":"","meta":{"site-sidebar-layout":"default","site-content-layout":"default","ast-site-content-layout":"default","site-content-style":"default","site-sidebar-style":"default","ast-global-header-display":"","ast-banner-title-visibility":"","ast-main-header-display":"","ast-hfb-above-header-display":"","ast-hfb-below-header-display":"","ast-hfb-mobile-header-display":"","site-post-title":"","ast-breadcrumbs-content":"","ast-featured-img":"","footer-sml-layout":"","ast-disable-related-posts":"","theme-transparent-header-meta":"default","adv-header-id-meta":"","stick-header-meta":"default","header-above-stick-meta":"","header-main-stick-meta":"","header-below-stick-meta":"","astra-migrate-meta-layouts":"set","ast-page-background-enabled":"default","ast-page-background-meta":{"desktop":{"background-color":"","background-image":"","background-repeat":"repeat","background-position":"center center","background-size":"auto","background-attachment":"scroll","background-type":"","background-media":"","overlay-type":"","overlay-color":"","overlay-opacity":"","overlay-gradient":""},"tablet":{"background-color":"","background-image":"","background-repeat":"repeat","background-position":"center center","background-size":"auto","background-attachment":"scroll","background-type":"","background-media":"","overlay-type":"","overlay-color":"","overlay-opacity":"","overlay-gradient":""},"mobile":{"background-color":"","background-image":"","background-repeat":"repeat","background-position":"center center","background-size":"auto","background-attachment":"scroll","background-type":"","background-media":"","overlay-type":"","overlay-color":"","overlay-opacity":"","overlay-gradient":""}},"ast-content-background-meta":{"desktop":{"background-color":"var(--ast-global-color-5)","background-image":"","background-repeat":"repeat","background-position":"center center","background-size":"auto","background-attachment":"scroll","background-type":"","background-media":"","overlay-type":"","overlay-color":"","overlay-opacity":"","overlay-gradient":""},"tablet":{"background-color":"var(--ast-global-color-5)","background-image":"","background-repeat":"repeat","background-position":"center center","background-size":"auto","background-attachment":"scroll","background-type":"","background-media":"","overlay-type":"","overlay-color":"","overlay-opacity":"","overlay-gradient":""},"mobile":{"background-color":"var(--ast-global-color-5)","background-image":"","background-repeat":"repeat","background-position":"center center","background-size":"auto","background-attachment":"scroll","background-type":"","background-media":"","overlay-type":"","overlay-color":"","overlay-opacity":"","overlay-gradient":""}}},"product_brand":[],"product_cat":[169,304,173],"product_tag":[],"class_list":{"0":"post-18846","1":"product","2":"type-product","3":"status-publish","4":"has-post-thumbnail","6":"product_cat-bien-etre-cbd","7":"product_cat-cbd-fr","8":"product_cat-huiles-et-gelules-cbd","9":"pa_cbd-rate-plus-de-20-cbd","10":"desktop-align-left","11":"tablet-align-center","12":"mobile-align-left","13":"ast-product-gallery-layout-vertical","14":"ast-product-gallery-with-no-image","15":"ast-magnify-disabled","16":"ast-product-tabs-layout-horizontal","18":"first","19":"instock","20":"taxable","21":"shipping-taxable","22":"purchasable","23":"product-type-simple"},"yoast_head":"<!-- This site is optimized with the Yoast SEO Premium plugin v27.2 (Yoast SEO v27.5) - https:\/\/yoast.com\/product\/yoast-seo-premium-wordpress\/ -->\n<title>ENECTA CBDNight - CBN + CBD Sommeil complet<\/title>\n<meta name=\"description\" content=\"Enecta CBNight Formula 250 mg CBN + 250 mg CBD + 9 mg m\u00e9latonine %%page% - Blumiz - Premium CBD - Sommeil complet - Livraison rapide\" \/>\n<meta name=\"robots\" content=\"index, follow, max-snippet:-1, max-image-preview:large, max-video-preview:-1\" \/>\n<link rel=\"canonical\" href=\"https:\/\/blumiz.com\/fr\/produit\/enecta-cbnight-formula-125-mg-cbn-125-mg-cbd-9-mg-melatonine-30-ml-kopie\/\" \/>\n<meta property=\"og:locale\" content=\"fr_FR\" \/>\n<meta property=\"og:type\" content=\"article\" \/>\n<meta property=\"og:title\" content=\"Enecta CBNight Formula 250 mg CBN + 250 mg CBD + 9 mg m\u00e9latonine\" \/>\n<meta property=\"og:description\" content=\"Enecta CBNight Formula 250 mg CBN + 250 mg CBD + 9 mg m\u00e9latonine Blumiz - Premium CBD\" \/>\n<meta property=\"og:url\" content=\"https:\/\/blumiz.com\/fr\/produit\/enecta-cbnight-formula-125-mg-cbn-125-mg-cbd-9-mg-melatonine-30-ml-kopie\/\" \/>\n<meta property=\"og:site_name\" content=\"Blumiz - Premium CBD\" \/>\n<meta property=\"article:modified_time\" content=\"2025-12-11T15:09:44+00:00\" \/>\n<meta property=\"og:image\" content=\"https:\/\/blumiz.com\/wp-content\/uploads\/2022\/10\/ENECTA-CBD-NIGHT-CBD-CBN.webp\" \/>\n\t<meta property=\"og:image:width\" content=\"600\" \/>\n\t<meta property=\"og:image:height\" content=\"600\" \/>\n\t<meta property=\"og:image:type\" content=\"image\/webp\" \/>\n<meta name=\"twitter:card\" content=\"summary_large_image\" \/>\n<meta name=\"twitter:label1\" content=\"Prix\" \/>\n\t<meta name=\"twitter:data1\" content=\"24,95&nbsp;&euro;\" \/>\n\t<meta name=\"twitter:label2\" content=\"Disponibilit\u00e9\" \/>\n\t<meta name=\"twitter:data2\" content=\"En stock\" \/>\n<script type=\"application\/ld+json\" class=\"yoast-schema-graph\">{\"@context\":\"https:\\\/\\\/schema.org\",\"@graph\":[{\"@type\":\"WebPage\",\"@id\":\"https:\\\/\\\/blumiz.com\\\/fr\\\/produit\\\/enecta-cbnight-formula-125-mg-cbn-125-mg-cbd-9-mg-melatonine-30-ml-kopie\\\/\",\"url\":\"https:\\\/\\\/blumiz.com\\\/fr\\\/produit\\\/enecta-cbnight-formula-125-mg-cbn-125-mg-cbd-9-mg-melatonine-30-ml-kopie\\\/\",\"name\":\"ENECTA CBDNight - CBN + CBD Sommeil complet\",\"isPartOf\":{\"@id\":\"https:\\\/\\\/blumiz.com\\\/fr\\\/#website\"},\"primaryImageOfPage\":{\"@id\":\"https:\\\/\\\/blumiz.com\\\/fr\\\/produit\\\/enecta-cbnight-formula-125-mg-cbn-125-mg-cbd-9-mg-melatonine-30-ml-kopie\\\/#primaryimage\"},\"image\":{\"@id\":\"https:\\\/\\\/blumiz.com\\\/fr\\\/produit\\\/enecta-cbnight-formula-125-mg-cbn-125-mg-cbd-9-mg-melatonine-30-ml-kopie\\\/#primaryimage\"},\"thumbnailUrl\":\"https:\\\/\\\/blumiz.com\\\/wp-content\\\/uploads\\\/2022\\\/10\\\/ENECTA-CBD-NIGHT-CBD-CBN.webp\",\"datePublished\":\"2024-07-30T15:57:17+00:00\",\"dateModified\":\"2025-12-11T15:09:44+00:00\",\"description\":\"Enecta CBNight Formula 250 mg CBN + 250 mg CBD + 9 mg m\u00e9latonine %%page% - Blumiz - Premium CBD - Sommeil complet - Livraison rapide\",\"breadcrumb\":{\"@id\":\"https:\\\/\\\/blumiz.com\\\/fr\\\/produit\\\/enecta-cbnight-formula-125-mg-cbn-125-mg-cbd-9-mg-melatonine-30-ml-kopie\\\/#breadcrumb\"},\"inLanguage\":\"fr-FR\",\"potentialAction\":[{\"@type\":\"ReadAction\",\"target\":[\"https:\\\/\\\/blumiz.com\\\/fr\\\/produit\\\/enecta-cbnight-formula-125-mg-cbn-125-mg-cbd-9-mg-melatonine-30-ml-kopie\\\/\"]}]},{\"@type\":\"ImageObject\",\"inLanguage\":\"fr-FR\",\"@id\":\"https:\\\/\\\/blumiz.com\\\/fr\\\/produit\\\/enecta-cbnight-formula-125-mg-cbn-125-mg-cbd-9-mg-melatonine-30-ml-kopie\\\/#primaryimage\",\"url\":\"https:\\\/\\\/blumiz.com\\\/wp-content\\\/uploads\\\/2022\\\/10\\\/ENECTA-CBD-NIGHT-CBD-CBN.webp\",\"contentUrl\":\"https:\\\/\\\/blumiz.com\\\/wp-content\\\/uploads\\\/2022\\\/10\\\/ENECTA-CBD-NIGHT-CBD-CBN.webp\",\"width\":600,\"height\":600,\"caption\":\"Enecta CBNight Formula 125mg CBN + 125mg CBD + 9mg Melatonin (30ml)\"},{\"@type\":\"BreadcrumbList\",\"@id\":\"https:\\\/\\\/blumiz.com\\\/fr\\\/produit\\\/enecta-cbnight-formula-125-mg-cbn-125-mg-cbd-9-mg-melatonine-30-ml-kopie\\\/#breadcrumb\",\"itemListElement\":[{\"@type\":\"ListItem\",\"position\":1,\"name\":\"Blumiz\",\"item\":\"https:\\\/\\\/blumiz.com\\\/fr\\\/\"},{\"@type\":\"ListItem\",\"position\":2,\"name\":\"CBD Shop\",\"item\":\"https:\\\/\\\/blumiz.com\\\/fr\\\/acheter-cbd-shop\\\/\"},{\"@type\":\"ListItem\",\"position\":3,\"name\":\"Bien \u00eatre CBD\",\"item\":\"https:\\\/\\\/blumiz.com\\\/fr\\\/category\\\/bien-etre-cbd\\\/\"},{\"@type\":\"ListItem\",\"position\":4,\"name\":\"Huiles et g\u00e9lules CBD\",\"item\":\"https:\\\/\\\/blumiz.com\\\/fr\\\/category\\\/bien-etre-cbd\\\/huiles-et-gelules-cbd\\\/\"},{\"@type\":\"ListItem\",\"position\":5,\"name\":\"Enecta CBNight Formula 250 mg CBN + 250 mg CBD + 9 mg m\u00e9latonine\"}]},{\"@type\":\"WebSite\",\"@id\":\"https:\\\/\\\/blumiz.com\\\/fr\\\/#website\",\"url\":\"https:\\\/\\\/blumiz.com\\\/fr\\\/\",\"name\":\"Blumiz - Premium CBD\",\"description\":\"Blumiz, Cannabis specialist\",\"publisher\":{\"@id\":\"https:\\\/\\\/blumiz.com\\\/fr\\\/#organization\"},\"alternateName\":\"Blumiz\",\"potentialAction\":[{\"@type\":\"SearchAction\",\"target\":{\"@type\":\"EntryPoint\",\"urlTemplate\":\"https:\\\/\\\/blumiz.com\\\/fr\\\/?s={search_term_string}\"},\"query-input\":{\"@type\":\"PropertyValueSpecification\",\"valueRequired\":true,\"valueName\":\"search_term_string\"}}],\"inLanguage\":\"fr-FR\"},{\"@type\":\"Organization\",\"@id\":\"https:\\\/\\\/blumiz.com\\\/fr\\\/#organization\",\"name\":\"Blumiz CBD\",\"alternateName\":\"Blumiz\",\"url\":\"https:\\\/\\\/blumiz.com\\\/fr\\\/\",\"logo\":{\"@type\":\"ImageObject\",\"inLanguage\":\"fr-FR\",\"@id\":\"https:\\\/\\\/blumiz.com\\\/fr\\\/#\\\/schema\\\/logo\\\/image\\\/\",\"url\":\"https:\\\/\\\/blumiz.com\\\/wp-content\\\/uploads\\\/2026\\\/02\\\/cropped-Blumiz-CBD-logo.webp\",\"contentUrl\":\"https:\\\/\\\/blumiz.com\\\/wp-content\\\/uploads\\\/2026\\\/02\\\/cropped-Blumiz-CBD-logo.webp\",\"width\":2547,\"height\":778,\"caption\":\"Blumiz CBD\"},\"image\":{\"@id\":\"https:\\\/\\\/blumiz.com\\\/fr\\\/#\\\/schema\\\/logo\\\/image\\\/\"}}]}<\/script>\n<meta property=\"product:price:amount\" content=\"24.95\" \/>\n<meta property=\"product:price:currency\" content=\"EUR\" \/>\n<meta property=\"og:availability\" content=\"instock\" \/>\n<meta property=\"product:availability\" content=\"instock\" \/>\n<meta property=\"product:retailer_item_id\" content=\"62573822\" \/>\n<meta property=\"product:condition\" content=\"new\" \/>\n<!-- \/ Yoast SEO Premium plugin. -->","yoast_head_json":{"title":"ENECTA CBDNight - CBN + CBD Sommeil complet","description":"Enecta CBNight Formula 250 mg CBN + 250 mg CBD + 9 mg m\u00e9latonine %%page% - Blumiz - Premium CBD - Sommeil complet - Livraison rapide","robots":{"index":"index","follow":"follow","max-snippet":"max-snippet:-1","max-image-preview":"max-image-preview:large","max-video-preview":"max-video-preview:-1"},"canonical":"https:\/\/blumiz.com\/fr\/produit\/enecta-cbnight-formula-125-mg-cbn-125-mg-cbd-9-mg-melatonine-30-ml-kopie\/","og_locale":"fr_FR","og_type":"article","og_title":"Enecta CBNight Formula 250 mg CBN + 250 mg CBD + 9 mg m\u00e9latonine","og_description":"Enecta CBNight Formula 250 mg CBN + 250 mg CBD + 9 mg m\u00e9latonine Blumiz - Premium CBD","og_url":"https:\/\/blumiz.com\/fr\/produit\/enecta-cbnight-formula-125-mg-cbn-125-mg-cbd-9-mg-melatonine-30-ml-kopie\/","og_site_name":"Blumiz - Premium CBD","article_modified_time":"2025-12-11T15:09:44+00:00","og_image":[{"width":600,"height":600,"url":"https:\/\/blumiz.com\/wp-content\/uploads\/2022\/10\/ENECTA-CBD-NIGHT-CBD-CBN.webp","type":"image\/webp"}],"twitter_card":"summary_large_image","twitter_misc":{"Prix":"24,95&nbsp;&euro;","Disponibilit\u00e9":"En stock"},"schema":{"@context":"https:\/\/schema.org","@graph":[{"@type":"WebPage","@id":"https:\/\/blumiz.com\/fr\/produit\/enecta-cbnight-formula-125-mg-cbn-125-mg-cbd-9-mg-melatonine-30-ml-kopie\/","url":"https:\/\/blumiz.com\/fr\/produit\/enecta-cbnight-formula-125-mg-cbn-125-mg-cbd-9-mg-melatonine-30-ml-kopie\/","name":"ENECTA CBDNight - CBN + CBD Sommeil complet","isPartOf":{"@id":"https:\/\/blumiz.com\/fr\/#website"},"primaryImageOfPage":{"@id":"https:\/\/blumiz.com\/fr\/produit\/enecta-cbnight-formula-125-mg-cbn-125-mg-cbd-9-mg-melatonine-30-ml-kopie\/#primaryimage"},"image":{"@id":"https:\/\/blumiz.com\/fr\/produit\/enecta-cbnight-formula-125-mg-cbn-125-mg-cbd-9-mg-melatonine-30-ml-kopie\/#primaryimage"},"thumbnailUrl":"https:\/\/blumiz.com\/wp-content\/uploads\/2022\/10\/ENECTA-CBD-NIGHT-CBD-CBN.webp","datePublished":"2024-07-30T15:57:17+00:00","dateModified":"2025-12-11T15:09:44+00:00","description":"Enecta CBNight Formula 250 mg CBN + 250 mg CBD + 9 mg m\u00e9latonine %%page% - Blumiz - Premium CBD - Sommeil complet - Livraison rapide","breadcrumb":{"@id":"https:\/\/blumiz.com\/fr\/produit\/enecta-cbnight-formula-125-mg-cbn-125-mg-cbd-9-mg-melatonine-30-ml-kopie\/#breadcrumb"},"inLanguage":"fr-FR","potentialAction":[{"@type":"ReadAction","target":["https:\/\/blumiz.com\/fr\/produit\/enecta-cbnight-formula-125-mg-cbn-125-mg-cbd-9-mg-melatonine-30-ml-kopie\/"]}]},{"@type":"ImageObject","inLanguage":"fr-FR","@id":"https:\/\/blumiz.com\/fr\/produit\/enecta-cbnight-formula-125-mg-cbn-125-mg-cbd-9-mg-melatonine-30-ml-kopie\/#primaryimage","url":"https:\/\/blumiz.com\/wp-content\/uploads\/2022\/10\/ENECTA-CBD-NIGHT-CBD-CBN.webp","contentUrl":"https:\/\/blumiz.com\/wp-content\/uploads\/2022\/10\/ENECTA-CBD-NIGHT-CBD-CBN.webp","width":600,"height":600,"caption":"Enecta CBNight Formula 125mg CBN + 125mg CBD + 9mg Melatonin (30ml)"},{"@type":"BreadcrumbList","@id":"https:\/\/blumiz.com\/fr\/produit\/enecta-cbnight-formula-125-mg-cbn-125-mg-cbd-9-mg-melatonine-30-ml-kopie\/#breadcrumb","itemListElement":[{"@type":"ListItem","position":1,"name":"Blumiz","item":"https:\/\/blumiz.com\/fr\/"},{"@type":"ListItem","position":2,"name":"CBD Shop","item":"https:\/\/blumiz.com\/fr\/acheter-cbd-shop\/"},{"@type":"ListItem","position":3,"name":"Bien \u00eatre CBD","item":"https:\/\/blumiz.com\/fr\/category\/bien-etre-cbd\/"},{"@type":"ListItem","position":4,"name":"Huiles et g\u00e9lules CBD","item":"https:\/\/blumiz.com\/fr\/category\/bien-etre-cbd\/huiles-et-gelules-cbd\/"},{"@type":"ListItem","position":5,"name":"Enecta CBNight Formula 250 mg CBN + 250 mg CBD + 9 mg m\u00e9latonine"}]},{"@type":"WebSite","@id":"https:\/\/blumiz.com\/fr\/#website","url":"https:\/\/blumiz.com\/fr\/","name":"Blumiz - Premium CBD","description":"Blumiz, Cannabis specialist","publisher":{"@id":"https:\/\/blumiz.com\/fr\/#organization"},"alternateName":"Blumiz","potentialAction":[{"@type":"SearchAction","target":{"@type":"EntryPoint","urlTemplate":"https:\/\/blumiz.com\/fr\/?s={search_term_string}"},"query-input":{"@type":"PropertyValueSpecification","valueRequired":true,"valueName":"search_term_string"}}],"inLanguage":"fr-FR"},{"@type":"Organization","@id":"https:\/\/blumiz.com\/fr\/#organization","name":"Blumiz CBD","alternateName":"Blumiz","url":"https:\/\/blumiz.com\/fr\/","logo":{"@type":"ImageObject","inLanguage":"fr-FR","@id":"https:\/\/blumiz.com\/fr\/#\/schema\/logo\/image\/","url":"https:\/\/blumiz.com\/wp-content\/uploads\/2026\/02\/cropped-Blumiz-CBD-logo.webp","contentUrl":"https:\/\/blumiz.com\/wp-content\/uploads\/2026\/02\/cropped-Blumiz-CBD-logo.webp","width":2547,"height":778,"caption":"Blumiz CBD"},"image":{"@id":"https:\/\/blumiz.com\/fr\/#\/schema\/logo\/image\/"}}]},"product_price_amount":"24.95","product_price_currency":"EUR","og_availability":"instock","product_availability":"instock","product_retailer_item_id":"62573822","product_condition":"new"},"_links":{"self":[{"href":"https:\/\/blumiz.com\/fr\/wp-json\/wp\/v2\/product\/18846","targetHints":{"allow":["GET"]}}],"collection":[{"href":"https:\/\/blumiz.com\/fr\/wp-json\/wp\/v2\/product"}],"about":[{"href":"https:\/\/blumiz.com\/fr\/wp-json\/wp\/v2\/types\/product"}],"replies":[{"embeddable":true,"href":"https:\/\/blumiz.com\/fr\/wp-json\/wp\/v2\/comments?post=18846"}],"version-history":[{"count":0,"href":"https:\/\/blumiz.com\/fr\/wp-json\/wp\/v2\/product\/18846\/revisions"}],"wp:featuredmedia":[{"embeddable":true,"href":"https:\/\/blumiz.com\/fr\/wp-json\/wp\/v2\/media\/11199"}],"wp:attachment":[{"href":"https:\/\/blumiz.com\/fr\/wp-json\/wp\/v2\/media?parent=18846"}],"wp:term":[{"taxonomy":"product_brand","embeddable":true,"href":"https:\/\/blumiz.com\/fr\/wp-json\/wp\/v2\/product_brand?post=18846"},{"taxonomy":"product_cat","embeddable":true,"href":"https:\/\/blumiz.com\/fr\/wp-json\/wp\/v2\/product_cat?post=18846"},{"taxonomy":"product_tag","embeddable":true,"href":"https:\/\/blumiz.com\/fr\/wp-json\/wp\/v2\/product_tag?post=18846"}],"curies":[{"name":"wp","href":"https:\/\/api.w.org\/{rel}","templated":true}]}}