{"id":18867,"date":"2024-07-30T17:22:40","date_gmt":"2024-07-30T16:22:40","guid":{"rendered":"https:\/\/blumiz.com\/?post_type=product&#038;p=18867"},"modified":"2025-08-11T17:53:35","modified_gmt":"2025-08-11T16:53:35","slug":"raw-original-metal-grinder-4-pieces-56mm-kopie","status":"publish","type":"product","link":"https:\/\/blumiz.com\/fr\/produit\/raw-original-metal-grinder-4-pieces-56mm-kopie\/","title":{"rendered":"Best Buds Grinder Gelato 4 pi\u00e8ces (50mm)"},"content":{"rendered":"<h2><strong>Best Buds Grinder Gelato C\u00f4nes de baies et de citron 4 pi\u00e8ces (50mm)<\/strong><\/h2>\n<p>Faites l&#8217;exp\u00e9rience d&#8217;un broyage de premi\u00e8re qualit\u00e9 avec le Best Buds Gelato Grinder. Ce mod\u00e8le de 4 pi\u00e8ces est fabriqu\u00e9 \u00e0 partir de mat\u00e9riaux robustes et de haute qualit\u00e9 et permet de broyer uniform\u00e9ment les herbes en une fine poussi\u00e8re, id\u00e9ale pour un moment de d\u00e9tente plus lisse et plus propre.<\/p>\n<p><strong>Principales caract\u00e9ristiques :<\/strong><\/p>\n<ul>\n<li><strong>Conception en 4 parties<\/strong>: comprend un couvercle magn\u00e9tique, des dents solides et tranchantes et un compartiment \u00e0 tamis et \u00e0 poudre.<\/li>\n<li><strong>Mat\u00e9riaux de haute qualit\u00e9<\/strong>: Fabriqu\u00e9 \u00e0 partir de mat\u00e9riaux r\u00e9sistants et durables.<\/li>\n<li><strong>Broyage fin<\/strong>: pour une poussi\u00e8re d&#8217;herbes uniforme et propre.<\/li>\n<li><strong>Rangement pratique<\/strong>: tamis et compartiment \u00e0 poudre pour conserver en toute s\u00e9curit\u00e9 le broyeur le plus fin.<\/li>\n<\/ul>\n<p><strong>Dimensions :<\/strong> 5 \u00d7 5 \u00d7 4 cm<\/p>\n","protected":false},"excerpt":{"rendered":"<p><strong>Best Buds Grinder Gelato C\u00f4nes de baies et de citron 4 pi\u00e8ces (50mm)<\/strong><\/p>\n<p>Grinder 4 pi\u00e8ces de haute qualit\u00e9, fabriqu\u00e9 dans un mat\u00e9riau robuste. Avec un couvercle magn\u00e9tique, des dents tranchantes, un tamis et un compartiment \u00e0 poudre. Broie les herbes en fine poussi\u00e8re pour une relaxation propre. Dimensions : 5 \u00d7 5 \u00d7 4 cm.<\/p>\n<p>&nbsp;<\/p>\n","protected":false},"featured_media":18899,"comment_status":"open","ping_status":"closed","template":"","meta":{"site-sidebar-layout":"default","site-content-layout":"default","ast-site-content-layout":"default","site-content-style":"default","site-sidebar-style":"default","ast-global-header-display":"","ast-banner-title-visibility":"","ast-main-header-display":"","ast-hfb-above-header-display":"","ast-hfb-below-header-display":"","ast-hfb-mobile-header-display":"","site-post-title":"","ast-breadcrumbs-content":"","ast-featured-img":"","footer-sml-layout":"","ast-disable-related-posts":"","theme-transparent-header-meta":"default","adv-header-id-meta":"","stick-header-meta":"default","header-above-stick-meta":"","header-main-stick-meta":"","header-below-stick-meta":"","astra-migrate-meta-layouts":"set","ast-page-background-enabled":"default","ast-page-background-meta":{"desktop":{"background-color":"","background-image":"","background-repeat":"repeat","background-position":"center center","background-size":"auto","background-attachment":"scroll","background-type":"","background-media":"","overlay-type":"","overlay-color":"","overlay-opacity":"","overlay-gradient":""},"tablet":{"background-color":"","background-image":"","background-repeat":"repeat","background-position":"center center","background-size":"auto","background-attachment":"scroll","background-type":"","background-media":"","overlay-type":"","overlay-color":"","overlay-opacity":"","overlay-gradient":""},"mobile":{"background-color":"","background-image":"","background-repeat":"repeat","background-position":"center center","background-size":"auto","background-attachment":"scroll","background-type":"","background-media":"","overlay-type":"","overlay-color":"","overlay-opacity":"","overlay-gradient":""}},"ast-content-background-meta":{"desktop":{"background-color":"var(--ast-global-color-5)","background-image":"","background-repeat":"repeat","background-position":"center center","background-size":"auto","background-attachment":"scroll","background-type":"","background-media":"","overlay-type":"","overlay-color":"","overlay-opacity":"","overlay-gradient":""},"tablet":{"background-color":"var(--ast-global-color-5)","background-image":"","background-repeat":"repeat","background-position":"center center","background-size":"auto","background-attachment":"scroll","background-type":"","background-media":"","overlay-type":"","overlay-color":"","overlay-opacity":"","overlay-gradient":""},"mobile":{"background-color":"var(--ast-global-color-5)","background-image":"","background-repeat":"repeat","background-position":"center center","background-size":"auto","background-attachment":"scroll","background-type":"","background-media":"","overlay-type":"","overlay-color":"","overlay-opacity":"","overlay-gradient":""}}},"product_brand":[],"product_cat":[177],"product_tag":[],"class_list":{"0":"post-18867","1":"product","2":"type-product","3":"status-publish","4":"has-post-thumbnail","6":"product_cat-headshop","7":"desktop-align-left","8":"tablet-align-center","9":"mobile-align-left","10":"ast-product-gallery-layout-vertical","11":"ast-magnify-disabled","12":"ast-product-tabs-layout-horizontal","14":"first","15":"instock","16":"taxable","17":"shipping-taxable","18":"purchasable","19":"product-type-simple"},"yoast_head":"<!-- This site is optimized with the Yoast SEO Premium plugin v27.2 (Yoast SEO v27.4) - https:\/\/yoast.com\/product\/yoast-seo-premium-wordpress\/ -->\n<title>Acheter Grinder - 4 PARTIES - ALU CHAMP HIGH 60mm<\/title>\n<meta name=\"description\" content=\"Acheter Grinder - ALU - 4-PARTIES CHAMP HIGH 60mm - Qualit\u00e9 Premium - Blumiz - Premium CBD - Livraison discr\u00e8te et rapide - CBD et plus\" \/>\n<meta name=\"robots\" content=\"index, follow, max-snippet:-1, max-image-preview:large, max-video-preview:-1\" \/>\n<link rel=\"canonical\" href=\"https:\/\/blumiz.com\/fr\/produit\/raw-original-metal-grinder-4-pieces-56mm-kopie\/\" \/>\n<meta property=\"og:locale\" content=\"fr_FR\" \/>\n<meta property=\"og:type\" content=\"article\" \/>\n<meta property=\"og:title\" content=\"Best Buds Grinder Gelato 4 pi\u00e8ces (50mm)\" \/>\n<meta property=\"og:description\" content=\"Best Buds Grinder Gelato 4 pi\u00e8ces (50mm) Blumiz - Premium CBD\" \/>\n<meta property=\"og:url\" content=\"https:\/\/blumiz.com\/fr\/produit\/raw-original-metal-grinder-4-pieces-56mm-kopie\/\" \/>\n<meta property=\"og:site_name\" content=\"Blumiz - Premium CBD\" \/>\n<meta property=\"article:modified_time\" content=\"2025-08-11T16:53:35+00:00\" \/>\n<meta property=\"og:image\" content=\"https:\/\/blumiz.com\/wp-content\/uploads\/2024\/07\/Best-Buds-Grinder-Gelato-4-teilig-_50mm_.webp\" \/>\n\t<meta property=\"og:image:width\" content=\"600\" \/>\n\t<meta property=\"og:image:height\" content=\"600\" \/>\n\t<meta property=\"og:image:type\" content=\"image\/webp\" \/>\n<meta name=\"twitter:card\" content=\"summary_large_image\" \/>\n<meta name=\"twitter:label1\" content=\"Prix\" \/>\n\t<meta name=\"twitter:data1\" content=\"12,90&nbsp;&euro;\" \/>\n\t<meta name=\"twitter:label2\" content=\"Disponibilit\u00e9\" \/>\n\t<meta name=\"twitter:data2\" content=\"En stock\" \/>\n<script type=\"application\/ld+json\" class=\"yoast-schema-graph\">{\"@context\":\"https:\\\/\\\/schema.org\",\"@graph\":[{\"@type\":\"WebPage\",\"@id\":\"https:\\\/\\\/blumiz.com\\\/fr\\\/produit\\\/raw-original-metal-grinder-4-pieces-56mm-kopie\\\/\",\"url\":\"https:\\\/\\\/blumiz.com\\\/fr\\\/produit\\\/raw-original-metal-grinder-4-pieces-56mm-kopie\\\/\",\"name\":\"Acheter Grinder - 4 PARTIES - ALU CHAMP HIGH 60mm\",\"isPartOf\":{\"@id\":\"https:\\\/\\\/blumiz.com\\\/fr\\\/#website\"},\"primaryImageOfPage\":{\"@id\":\"https:\\\/\\\/blumiz.com\\\/fr\\\/produit\\\/raw-original-metal-grinder-4-pieces-56mm-kopie\\\/#primaryimage\"},\"image\":{\"@id\":\"https:\\\/\\\/blumiz.com\\\/fr\\\/produit\\\/raw-original-metal-grinder-4-pieces-56mm-kopie\\\/#primaryimage\"},\"thumbnailUrl\":\"https:\\\/\\\/blumiz.com\\\/wp-content\\\/uploads\\\/2024\\\/07\\\/Best-Buds-Grinder-Gelato-4-teilig-_50mm_.webp\",\"datePublished\":\"2024-07-30T16:22:40+00:00\",\"dateModified\":\"2025-08-11T16:53:35+00:00\",\"description\":\"Acheter Grinder - ALU - 4-PARTIES CHAMP HIGH 60mm - Qualit\u00e9 Premium - Blumiz - Premium CBD - Livraison discr\u00e8te et rapide - CBD et plus\",\"breadcrumb\":{\"@id\":\"https:\\\/\\\/blumiz.com\\\/fr\\\/produit\\\/raw-original-metal-grinder-4-pieces-56mm-kopie\\\/#breadcrumb\"},\"inLanguage\":\"fr-FR\",\"potentialAction\":[{\"@type\":\"ReadAction\",\"target\":[\"https:\\\/\\\/blumiz.com\\\/fr\\\/produit\\\/raw-original-metal-grinder-4-pieces-56mm-kopie\\\/\"]}]},{\"@type\":\"ImageObject\",\"inLanguage\":\"fr-FR\",\"@id\":\"https:\\\/\\\/blumiz.com\\\/fr\\\/produit\\\/raw-original-metal-grinder-4-pieces-56mm-kopie\\\/#primaryimage\",\"url\":\"https:\\\/\\\/blumiz.com\\\/wp-content\\\/uploads\\\/2024\\\/07\\\/Best-Buds-Grinder-Gelato-4-teilig-_50mm_.webp\",\"contentUrl\":\"https:\\\/\\\/blumiz.com\\\/wp-content\\\/uploads\\\/2024\\\/07\\\/Best-Buds-Grinder-Gelato-4-teilig-_50mm_.webp\",\"width\":600,\"height\":600},{\"@type\":\"BreadcrumbList\",\"@id\":\"https:\\\/\\\/blumiz.com\\\/fr\\\/produit\\\/raw-original-metal-grinder-4-pieces-56mm-kopie\\\/#breadcrumb\",\"itemListElement\":[{\"@type\":\"ListItem\",\"position\":1,\"name\":\"Blumiz\",\"item\":\"https:\\\/\\\/blumiz.com\\\/fr\\\/\"},{\"@type\":\"ListItem\",\"position\":2,\"name\":\"CBD Shop\",\"item\":\"https:\\\/\\\/blumiz.com\\\/fr\\\/acheter-cbd-shop\\\/\"},{\"@type\":\"ListItem\",\"position\":3,\"name\":\"HeadShop\",\"item\":\"https:\\\/\\\/blumiz.com\\\/fr\\\/category\\\/headshop\\\/\"},{\"@type\":\"ListItem\",\"position\":4,\"name\":\"Best Buds Grinder Gelato 4 pi\u00e8ces (50mm)\"}]},{\"@type\":\"WebSite\",\"@id\":\"https:\\\/\\\/blumiz.com\\\/fr\\\/#website\",\"url\":\"https:\\\/\\\/blumiz.com\\\/fr\\\/\",\"name\":\"Blumiz - Premium CBD\",\"description\":\"Blumiz, Cannabis specialist\",\"publisher\":{\"@id\":\"https:\\\/\\\/blumiz.com\\\/fr\\\/#organization\"},\"alternateName\":\"Blumiz\",\"potentialAction\":[{\"@type\":\"SearchAction\",\"target\":{\"@type\":\"EntryPoint\",\"urlTemplate\":\"https:\\\/\\\/blumiz.com\\\/fr\\\/?s={search_term_string}\"},\"query-input\":{\"@type\":\"PropertyValueSpecification\",\"valueRequired\":true,\"valueName\":\"search_term_string\"}}],\"inLanguage\":\"fr-FR\"},{\"@type\":\"Organization\",\"@id\":\"https:\\\/\\\/blumiz.com\\\/fr\\\/#organization\",\"name\":\"Blumiz CBD\",\"alternateName\":\"Blumiz\",\"url\":\"https:\\\/\\\/blumiz.com\\\/fr\\\/\",\"logo\":{\"@type\":\"ImageObject\",\"inLanguage\":\"fr-FR\",\"@id\":\"https:\\\/\\\/blumiz.com\\\/fr\\\/#\\\/schema\\\/logo\\\/image\\\/\",\"url\":\"https:\\\/\\\/blumiz.com\\\/wp-content\\\/uploads\\\/2026\\\/02\\\/cropped-Blumiz-CBD-logo.webp\",\"contentUrl\":\"https:\\\/\\\/blumiz.com\\\/wp-content\\\/uploads\\\/2026\\\/02\\\/cropped-Blumiz-CBD-logo.webp\",\"width\":2547,\"height\":778,\"caption\":\"Blumiz CBD\"},\"image\":{\"@id\":\"https:\\\/\\\/blumiz.com\\\/fr\\\/#\\\/schema\\\/logo\\\/image\\\/\"}}]}<\/script>\n<meta property=\"product:price:amount\" content=\"12.90\" \/>\n<meta property=\"product:price:currency\" content=\"EUR\" \/>\n<meta property=\"og:availability\" content=\"instock\" \/>\n<meta property=\"product:availability\" content=\"instock\" \/>\n<meta property=\"product:retailer_item_id\" content=\"164894021\" \/>\n<meta property=\"product:condition\" content=\"new\" \/>\n<!-- \/ Yoast SEO Premium plugin. -->","yoast_head_json":{"title":"Acheter Grinder - 4 PARTIES - ALU CHAMP HIGH 60mm","description":"Acheter Grinder - ALU - 4-PARTIES CHAMP HIGH 60mm - Qualit\u00e9 Premium - Blumiz - Premium CBD - Livraison discr\u00e8te et rapide - CBD et plus","robots":{"index":"index","follow":"follow","max-snippet":"max-snippet:-1","max-image-preview":"max-image-preview:large","max-video-preview":"max-video-preview:-1"},"canonical":"https:\/\/blumiz.com\/fr\/produit\/raw-original-metal-grinder-4-pieces-56mm-kopie\/","og_locale":"fr_FR","og_type":"article","og_title":"Best Buds Grinder Gelato 4 pi\u00e8ces (50mm)","og_description":"Best Buds Grinder Gelato 4 pi\u00e8ces (50mm) Blumiz - Premium CBD","og_url":"https:\/\/blumiz.com\/fr\/produit\/raw-original-metal-grinder-4-pieces-56mm-kopie\/","og_site_name":"Blumiz - Premium CBD","article_modified_time":"2025-08-11T16:53:35+00:00","og_image":[{"width":600,"height":600,"url":"https:\/\/blumiz.com\/wp-content\/uploads\/2024\/07\/Best-Buds-Grinder-Gelato-4-teilig-_50mm_.webp","type":"image\/webp"}],"twitter_card":"summary_large_image","twitter_misc":{"Prix":"12,90&nbsp;&euro;","Disponibilit\u00e9":"En stock"},"schema":{"@context":"https:\/\/schema.org","@graph":[{"@type":"WebPage","@id":"https:\/\/blumiz.com\/fr\/produit\/raw-original-metal-grinder-4-pieces-56mm-kopie\/","url":"https:\/\/blumiz.com\/fr\/produit\/raw-original-metal-grinder-4-pieces-56mm-kopie\/","name":"Acheter Grinder - 4 PARTIES - ALU CHAMP HIGH 60mm","isPartOf":{"@id":"https:\/\/blumiz.com\/fr\/#website"},"primaryImageOfPage":{"@id":"https:\/\/blumiz.com\/fr\/produit\/raw-original-metal-grinder-4-pieces-56mm-kopie\/#primaryimage"},"image":{"@id":"https:\/\/blumiz.com\/fr\/produit\/raw-original-metal-grinder-4-pieces-56mm-kopie\/#primaryimage"},"thumbnailUrl":"https:\/\/blumiz.com\/wp-content\/uploads\/2024\/07\/Best-Buds-Grinder-Gelato-4-teilig-_50mm_.webp","datePublished":"2024-07-30T16:22:40+00:00","dateModified":"2025-08-11T16:53:35+00:00","description":"Acheter Grinder - ALU - 4-PARTIES CHAMP HIGH 60mm - Qualit\u00e9 Premium - Blumiz - Premium CBD - Livraison discr\u00e8te et rapide - CBD et plus","breadcrumb":{"@id":"https:\/\/blumiz.com\/fr\/produit\/raw-original-metal-grinder-4-pieces-56mm-kopie\/#breadcrumb"},"inLanguage":"fr-FR","potentialAction":[{"@type":"ReadAction","target":["https:\/\/blumiz.com\/fr\/produit\/raw-original-metal-grinder-4-pieces-56mm-kopie\/"]}]},{"@type":"ImageObject","inLanguage":"fr-FR","@id":"https:\/\/blumiz.com\/fr\/produit\/raw-original-metal-grinder-4-pieces-56mm-kopie\/#primaryimage","url":"https:\/\/blumiz.com\/wp-content\/uploads\/2024\/07\/Best-Buds-Grinder-Gelato-4-teilig-_50mm_.webp","contentUrl":"https:\/\/blumiz.com\/wp-content\/uploads\/2024\/07\/Best-Buds-Grinder-Gelato-4-teilig-_50mm_.webp","width":600,"height":600},{"@type":"BreadcrumbList","@id":"https:\/\/blumiz.com\/fr\/produit\/raw-original-metal-grinder-4-pieces-56mm-kopie\/#breadcrumb","itemListElement":[{"@type":"ListItem","position":1,"name":"Blumiz","item":"https:\/\/blumiz.com\/fr\/"},{"@type":"ListItem","position":2,"name":"CBD Shop","item":"https:\/\/blumiz.com\/fr\/acheter-cbd-shop\/"},{"@type":"ListItem","position":3,"name":"HeadShop","item":"https:\/\/blumiz.com\/fr\/category\/headshop\/"},{"@type":"ListItem","position":4,"name":"Best Buds Grinder Gelato 4 pi\u00e8ces (50mm)"}]},{"@type":"WebSite","@id":"https:\/\/blumiz.com\/fr\/#website","url":"https:\/\/blumiz.com\/fr\/","name":"Blumiz - Premium CBD","description":"Blumiz, Cannabis specialist","publisher":{"@id":"https:\/\/blumiz.com\/fr\/#organization"},"alternateName":"Blumiz","potentialAction":[{"@type":"SearchAction","target":{"@type":"EntryPoint","urlTemplate":"https:\/\/blumiz.com\/fr\/?s={search_term_string}"},"query-input":{"@type":"PropertyValueSpecification","valueRequired":true,"valueName":"search_term_string"}}],"inLanguage":"fr-FR"},{"@type":"Organization","@id":"https:\/\/blumiz.com\/fr\/#organization","name":"Blumiz CBD","alternateName":"Blumiz","url":"https:\/\/blumiz.com\/fr\/","logo":{"@type":"ImageObject","inLanguage":"fr-FR","@id":"https:\/\/blumiz.com\/fr\/#\/schema\/logo\/image\/","url":"https:\/\/blumiz.com\/wp-content\/uploads\/2026\/02\/cropped-Blumiz-CBD-logo.webp","contentUrl":"https:\/\/blumiz.com\/wp-content\/uploads\/2026\/02\/cropped-Blumiz-CBD-logo.webp","width":2547,"height":778,"caption":"Blumiz CBD"},"image":{"@id":"https:\/\/blumiz.com\/fr\/#\/schema\/logo\/image\/"}}]},"product_price_amount":"12.90","product_price_currency":"EUR","og_availability":"instock","product_availability":"instock","product_retailer_item_id":"164894021","product_condition":"new"},"_links":{"self":[{"href":"https:\/\/blumiz.com\/fr\/wp-json\/wp\/v2\/product\/18867","targetHints":{"allow":["GET"]}}],"collection":[{"href":"https:\/\/blumiz.com\/fr\/wp-json\/wp\/v2\/product"}],"about":[{"href":"https:\/\/blumiz.com\/fr\/wp-json\/wp\/v2\/types\/product"}],"replies":[{"embeddable":true,"href":"https:\/\/blumiz.com\/fr\/wp-json\/wp\/v2\/comments?post=18867"}],"version-history":[{"count":0,"href":"https:\/\/blumiz.com\/fr\/wp-json\/wp\/v2\/product\/18867\/revisions"}],"wp:featuredmedia":[{"embeddable":true,"href":"https:\/\/blumiz.com\/fr\/wp-json\/wp\/v2\/media\/18899"}],"wp:attachment":[{"href":"https:\/\/blumiz.com\/fr\/wp-json\/wp\/v2\/media?parent=18867"}],"wp:term":[{"taxonomy":"product_brand","embeddable":true,"href":"https:\/\/blumiz.com\/fr\/wp-json\/wp\/v2\/product_brand?post=18867"},{"taxonomy":"product_cat","embeddable":true,"href":"https:\/\/blumiz.com\/fr\/wp-json\/wp\/v2\/product_cat?post=18867"},{"taxonomy":"product_tag","embeddable":true,"href":"https:\/\/blumiz.com\/fr\/wp-json\/wp\/v2\/product_tag?post=18867"}],"curies":[{"name":"wp","href":"https:\/\/api.w.org\/{rel}","templated":true}]}}