{"id":18909,"date":"2024-07-30T18:11:29","date_gmt":"2024-07-30T17:11:29","guid":{"rendered":"https:\/\/blumiz.com\/?post_type=product&#038;p=18909"},"modified":"2025-08-12T13:55:04","modified_gmt":"2025-08-12T12:55:04","slug":"recipient-en-plastique-poptop-gold-big-60-dram-50mm-kopie","status":"publish","type":"product","link":"https:\/\/blumiz.com\/fr\/produit\/recipient-en-plastique-poptop-gold-big-60-dram-50mm-kopie\/","title":{"rendered":"Bo\u00eete de rangement pour cookies &#8211; 3 pi\u00e8ces &#8211; Grand format"},"content":{"rendered":"<div class=\"flex-shrink-0 flex flex-col relative items-end\">\n<div>\n<div class=\"pt-0\">\n<h2 class=\"gizmo-bot-avatar flex h-8 w-8 items-center justify-center overflow-hidden rounded-full\">Bo\u00eetes de rangement Cookies : syst\u00e8me d&#8217;empilage \u00e0 compartiments multiples<\/h2>\n<\/div>\n<\/div>\n<\/div>\n<div class=\"group\/conversation-turn relative flex w-full min-w-0 flex-col agent-turn\">\n<div class=\"flex-col gap-1 md:gap-3\">\n<div class=\"flex flex-grow flex-col max-w-full\">\n<div class=\"min-h-[20px] text-message flex w-full flex-col items-end gap-2 whitespace-pre-wrap break-words [.text-message+&amp;]:mt-5 overflow-x-auto\" dir=\"auto\" data-message-author-role=\"assistant\" data-message-id=\"7338240e-cd1f-4e4e-9b55-b3665e52faa3\">\n<div class=\"flex w-full flex-col gap-1 empty:hidden first:pt-[3px]\">\n<div class=\"markdown prose w-full break-words dark:prose-invert light\">\n<p>La bo\u00eete de rangement Cookies est un accessoire pratique pour les amateurs de cannabis, qui permet de conserver une grande vari\u00e9t\u00e9 de vari\u00e9t\u00e9s \u00e0 proximit\u00e9. Cette bo\u00eete dispose de trois compartiments empilables qui peuvent \u00eatre utilis\u00e9s s\u00e9par\u00e9ment. Si diff\u00e9rentes vari\u00e9t\u00e9s sont conserv\u00e9es dans un seul r\u00e9cipient, les profils terp\u00e9niques et les ar\u00f4mes peuvent se m\u00e9langer. Le fait de les conserver s\u00e9par\u00e9ment permet de pr\u00e9server les ar\u00f4mes et les saveurs naturels. Les bo\u00eetes de rangement des cookies emp\u00eachent toute contamination des ar\u00f4mes et incluent des joints en silicone amovibles pour dissimuler les odeurs ind\u00e9sirables.<\/p>\n<p>La bo\u00eete a une hauteur de 11,5 cm et un diam\u00e8tre de 5 cm et est fabriqu\u00e9e en plastique robuste. Le couvercle est \u00e9quip\u00e9 d&#8217;un dispositif de suspension permettant d&#8217;attacher facilement la bo\u00eete \u00e0 un sac pendant le transport. Disponible en noir discret.<\/p>\n<p><strong>Bo\u00eetes de rangement Cookies &#8211; Caract\u00e9ristiques techniques :<\/strong><\/p>\n<ul>\n<li>Hauteur : 11,5 cm<\/li>\n<li>Type : Verre<\/li>\n<li>diam\u00e8tre : 5 cm<\/li>\n<\/ul>\n<\/div>\n<\/div>\n<\/div>\n<\/div>\n<\/div>\n<\/div>\n","protected":false},"excerpt":{"rendered":"<p class=\"fn product-title\">Conservez votre cannabis sans probl\u00e8me avec les bo\u00eetes de rangement de Cookies. Ces bo\u00eetes empilables permettent de conserver diff\u00e9rentes vari\u00e9t\u00e9s dans un m\u00eame r\u00e9cipient sans que les profils de terp\u00e8nes ne se m\u00e9langent.<\/p>\n","protected":false},"featured_media":18912,"comment_status":"open","ping_status":"closed","template":"","meta":{"site-sidebar-layout":"default","site-content-layout":"default","ast-site-content-layout":"default","site-content-style":"default","site-sidebar-style":"default","ast-global-header-display":"","ast-banner-title-visibility":"","ast-main-header-display":"","ast-hfb-above-header-display":"","ast-hfb-below-header-display":"","ast-hfb-mobile-header-display":"","site-post-title":"","ast-breadcrumbs-content":"","ast-featured-img":"","footer-sml-layout":"","ast-disable-related-posts":"","theme-transparent-header-meta":"default","adv-header-id-meta":"","stick-header-meta":"default","header-above-stick-meta":"","header-main-stick-meta":"","header-below-stick-meta":"","astra-migrate-meta-layouts":"set","ast-page-background-enabled":"default","ast-page-background-meta":{"desktop":{"background-color":"","background-image":"","background-repeat":"repeat","background-position":"center center","background-size":"auto","background-attachment":"scroll","background-type":"","background-media":"","overlay-type":"","overlay-color":"","overlay-opacity":"","overlay-gradient":""},"tablet":{"background-color":"","background-image":"","background-repeat":"repeat","background-position":"center center","background-size":"auto","background-attachment":"scroll","background-type":"","background-media":"","overlay-type":"","overlay-color":"","overlay-opacity":"","overlay-gradient":""},"mobile":{"background-color":"","background-image":"","background-repeat":"repeat","background-position":"center center","background-size":"auto","background-attachment":"scroll","background-type":"","background-media":"","overlay-type":"","overlay-color":"","overlay-opacity":"","overlay-gradient":""}},"ast-content-background-meta":{"desktop":{"background-color":"var(--ast-global-color-5)","background-image":"","background-repeat":"repeat","background-position":"center center","background-size":"auto","background-attachment":"scroll","background-type":"","background-media":"","overlay-type":"","overlay-color":"","overlay-opacity":"","overlay-gradient":""},"tablet":{"background-color":"var(--ast-global-color-5)","background-image":"","background-repeat":"repeat","background-position":"center center","background-size":"auto","background-attachment":"scroll","background-type":"","background-media":"","overlay-type":"","overlay-color":"","overlay-opacity":"","overlay-gradient":""},"mobile":{"background-color":"var(--ast-global-color-5)","background-image":"","background-repeat":"repeat","background-position":"center center","background-size":"auto","background-attachment":"scroll","background-type":"","background-media":"","overlay-type":"","overlay-color":"","overlay-opacity":"","overlay-gradient":""}}},"product_brand":[],"product_cat":[177],"product_tag":[],"class_list":{"0":"post-18909","1":"product","2":"type-product","3":"status-publish","4":"has-post-thumbnail","6":"product_cat-headshop","7":"desktop-align-left","8":"tablet-align-center","9":"mobile-align-left","10":"ast-product-gallery-layout-vertical","11":"ast-magnify-disabled","12":"ast-product-tabs-layout-horizontal","14":"first","15":"instock","16":"taxable","17":"shipping-taxable","18":"purchasable","19":"product-type-simple"},"yoast_head":"<!-- This site is optimized with the Yoast SEO Premium plugin v27.2 (Yoast SEO v27.4) - https:\/\/yoast.com\/product\/yoast-seo-premium-wordpress\/ -->\n<title>Bo\u00eete de rangement pour cookies - 3 pi\u00e8ces - Grand format - Blumiz - Premium CBD<\/title>\n<meta name=\"description\" content=\"Bo\u00eete de rangement pour cookies - 3 pi\u00e8ces - Grand format - Blumiz - Premium CBD\" \/>\n<meta name=\"robots\" content=\"index, follow, max-snippet:-1, max-image-preview:large, max-video-preview:-1\" \/>\n<link rel=\"canonical\" href=\"https:\/\/blumiz.com\/fr\/produit\/recipient-en-plastique-poptop-gold-big-60-dram-50mm-kopie\/\" \/>\n<meta property=\"og:locale\" content=\"fr_FR\" \/>\n<meta property=\"og:type\" content=\"article\" \/>\n<meta property=\"og:title\" content=\"Bo\u00eete de rangement pour cookies - 3 pi\u00e8ces - Grand format\" \/>\n<meta property=\"og:description\" content=\"Bo\u00eete de rangement pour cookies - 3 pi\u00e8ces - Grand format Blumiz - Premium CBD\" \/>\n<meta property=\"og:url\" content=\"https:\/\/blumiz.com\/fr\/produit\/recipient-en-plastique-poptop-gold-big-60-dram-50mm-kopie\/\" \/>\n<meta property=\"og:site_name\" content=\"Blumiz - Premium CBD\" \/>\n<meta property=\"article:modified_time\" content=\"2025-08-12T12:55:04+00:00\" \/>\n<meta property=\"og:image\" content=\"https:\/\/blumiz.com\/wp-content\/uploads\/2024\/07\/Cookies-Aufbewahrungsglas-\u2013-3-teilig-\u2013-Grosformat1.png\" \/>\n\t<meta property=\"og:image:width\" content=\"600\" \/>\n\t<meta property=\"og:image:height\" content=\"600\" \/>\n\t<meta property=\"og:image:type\" content=\"image\/png\" \/>\n<meta name=\"twitter:card\" content=\"summary_large_image\" \/>\n<meta name=\"twitter:label1\" content=\"Prix\" \/>\n\t<meta name=\"twitter:data1\" content=\"9,90&nbsp;&euro;\" \/>\n\t<meta name=\"twitter:label2\" content=\"Disponibilit\u00e9\" \/>\n\t<meta name=\"twitter:data2\" content=\"En stock\" \/>\n<script type=\"application\/ld+json\" class=\"yoast-schema-graph\">{\"@context\":\"https:\\\/\\\/schema.org\",\"@graph\":[{\"@type\":\"WebPage\",\"@id\":\"https:\\\/\\\/blumiz.com\\\/fr\\\/produit\\\/recipient-en-plastique-poptop-gold-big-60-dram-50mm-kopie\\\/\",\"url\":\"https:\\\/\\\/blumiz.com\\\/fr\\\/produit\\\/recipient-en-plastique-poptop-gold-big-60-dram-50mm-kopie\\\/\",\"name\":\"Bo\u00eete de rangement pour cookies - 3 pi\u00e8ces - Grand format - Blumiz - Premium CBD\",\"isPartOf\":{\"@id\":\"https:\\\/\\\/blumiz.com\\\/fr\\\/#website\"},\"primaryImageOfPage\":{\"@id\":\"https:\\\/\\\/blumiz.com\\\/fr\\\/produit\\\/recipient-en-plastique-poptop-gold-big-60-dram-50mm-kopie\\\/#primaryimage\"},\"image\":{\"@id\":\"https:\\\/\\\/blumiz.com\\\/fr\\\/produit\\\/recipient-en-plastique-poptop-gold-big-60-dram-50mm-kopie\\\/#primaryimage\"},\"thumbnailUrl\":\"https:\\\/\\\/blumiz.com\\\/wp-content\\\/uploads\\\/2024\\\/07\\\/Cookies-Aufbewahrungsglas-\u2013-3-teilig-\u2013-Grosformat1.png\",\"datePublished\":\"2024-07-30T17:11:29+00:00\",\"dateModified\":\"2025-08-12T12:55:04+00:00\",\"description\":\"Bo\u00eete de rangement pour cookies - 3 pi\u00e8ces - Grand format - Blumiz - Premium CBD\",\"breadcrumb\":{\"@id\":\"https:\\\/\\\/blumiz.com\\\/fr\\\/produit\\\/recipient-en-plastique-poptop-gold-big-60-dram-50mm-kopie\\\/#breadcrumb\"},\"inLanguage\":\"fr-FR\",\"potentialAction\":[{\"@type\":\"ReadAction\",\"target\":[\"https:\\\/\\\/blumiz.com\\\/fr\\\/produit\\\/recipient-en-plastique-poptop-gold-big-60-dram-50mm-kopie\\\/\"]}]},{\"@type\":\"ImageObject\",\"inLanguage\":\"fr-FR\",\"@id\":\"https:\\\/\\\/blumiz.com\\\/fr\\\/produit\\\/recipient-en-plastique-poptop-gold-big-60-dram-50mm-kopie\\\/#primaryimage\",\"url\":\"https:\\\/\\\/blumiz.com\\\/wp-content\\\/uploads\\\/2024\\\/07\\\/Cookies-Aufbewahrungsglas-\u2013-3-teilig-\u2013-Grosformat1.png\",\"contentUrl\":\"https:\\\/\\\/blumiz.com\\\/wp-content\\\/uploads\\\/2024\\\/07\\\/Cookies-Aufbewahrungsglas-\u2013-3-teilig-\u2013-Grosformat1.png\",\"width\":600,\"height\":600,\"caption\":\"Cookies 3 Parts Black Stacked Tall Storage Jar\"},{\"@type\":\"BreadcrumbList\",\"@id\":\"https:\\\/\\\/blumiz.com\\\/fr\\\/produit\\\/recipient-en-plastique-poptop-gold-big-60-dram-50mm-kopie\\\/#breadcrumb\",\"itemListElement\":[{\"@type\":\"ListItem\",\"position\":1,\"name\":\"Blumiz\",\"item\":\"https:\\\/\\\/blumiz.com\\\/fr\\\/\"},{\"@type\":\"ListItem\",\"position\":2,\"name\":\"CBD Shop\",\"item\":\"https:\\\/\\\/blumiz.com\\\/fr\\\/acheter-cbd-shop\\\/\"},{\"@type\":\"ListItem\",\"position\":3,\"name\":\"HeadShop\",\"item\":\"https:\\\/\\\/blumiz.com\\\/fr\\\/category\\\/headshop\\\/\"},{\"@type\":\"ListItem\",\"position\":4,\"name\":\"Bo\u00eete de rangement pour cookies &#8211; 3 pi\u00e8ces &#8211; Grand format\"}]},{\"@type\":\"WebSite\",\"@id\":\"https:\\\/\\\/blumiz.com\\\/fr\\\/#website\",\"url\":\"https:\\\/\\\/blumiz.com\\\/fr\\\/\",\"name\":\"Blumiz - Premium CBD\",\"description\":\"Blumiz, Cannabis specialist\",\"publisher\":{\"@id\":\"https:\\\/\\\/blumiz.com\\\/fr\\\/#organization\"},\"alternateName\":\"Blumiz\",\"potentialAction\":[{\"@type\":\"SearchAction\",\"target\":{\"@type\":\"EntryPoint\",\"urlTemplate\":\"https:\\\/\\\/blumiz.com\\\/fr\\\/?s={search_term_string}\"},\"query-input\":{\"@type\":\"PropertyValueSpecification\",\"valueRequired\":true,\"valueName\":\"search_term_string\"}}],\"inLanguage\":\"fr-FR\"},{\"@type\":\"Organization\",\"@id\":\"https:\\\/\\\/blumiz.com\\\/fr\\\/#organization\",\"name\":\"Blumiz CBD\",\"alternateName\":\"Blumiz\",\"url\":\"https:\\\/\\\/blumiz.com\\\/fr\\\/\",\"logo\":{\"@type\":\"ImageObject\",\"inLanguage\":\"fr-FR\",\"@id\":\"https:\\\/\\\/blumiz.com\\\/fr\\\/#\\\/schema\\\/logo\\\/image\\\/\",\"url\":\"https:\\\/\\\/blumiz.com\\\/wp-content\\\/uploads\\\/2026\\\/02\\\/cropped-Blumiz-CBD-logo.webp\",\"contentUrl\":\"https:\\\/\\\/blumiz.com\\\/wp-content\\\/uploads\\\/2026\\\/02\\\/cropped-Blumiz-CBD-logo.webp\",\"width\":2547,\"height\":778,\"caption\":\"Blumiz CBD\"},\"image\":{\"@id\":\"https:\\\/\\\/blumiz.com\\\/fr\\\/#\\\/schema\\\/logo\\\/image\\\/\"}}]}<\/script>\n<meta property=\"product:price:amount\" content=\"9.90\" \/>\n<meta property=\"product:price:currency\" content=\"EUR\" \/>\n<meta property=\"og:availability\" content=\"instock\" \/>\n<meta property=\"product:availability\" content=\"instock\" \/>\n<meta property=\"product:retailer_item_id\" content=\"58814\" \/>\n<meta property=\"product:condition\" content=\"new\" \/>\n<!-- \/ Yoast SEO Premium plugin. -->","yoast_head_json":{"title":"Bo\u00eete de rangement pour cookies - 3 pi\u00e8ces - Grand format - Blumiz - Premium CBD","description":"Bo\u00eete de rangement pour cookies - 3 pi\u00e8ces - Grand format - Blumiz - Premium CBD","robots":{"index":"index","follow":"follow","max-snippet":"max-snippet:-1","max-image-preview":"max-image-preview:large","max-video-preview":"max-video-preview:-1"},"canonical":"https:\/\/blumiz.com\/fr\/produit\/recipient-en-plastique-poptop-gold-big-60-dram-50mm-kopie\/","og_locale":"fr_FR","og_type":"article","og_title":"Bo\u00eete de rangement pour cookies - 3 pi\u00e8ces - Grand format","og_description":"Bo\u00eete de rangement pour cookies - 3 pi\u00e8ces - Grand format Blumiz - Premium CBD","og_url":"https:\/\/blumiz.com\/fr\/produit\/recipient-en-plastique-poptop-gold-big-60-dram-50mm-kopie\/","og_site_name":"Blumiz - Premium CBD","article_modified_time":"2025-08-12T12:55:04+00:00","og_image":[{"width":600,"height":600,"url":"https:\/\/blumiz.com\/wp-content\/uploads\/2024\/07\/Cookies-Aufbewahrungsglas-\u2013-3-teilig-\u2013-Grosformat1.png","type":"image\/png"}],"twitter_card":"summary_large_image","twitter_misc":{"Prix":"9,90&nbsp;&euro;","Disponibilit\u00e9":"En stock"},"schema":{"@context":"https:\/\/schema.org","@graph":[{"@type":"WebPage","@id":"https:\/\/blumiz.com\/fr\/produit\/recipient-en-plastique-poptop-gold-big-60-dram-50mm-kopie\/","url":"https:\/\/blumiz.com\/fr\/produit\/recipient-en-plastique-poptop-gold-big-60-dram-50mm-kopie\/","name":"Bo\u00eete de rangement pour cookies - 3 pi\u00e8ces - Grand format - Blumiz - Premium CBD","isPartOf":{"@id":"https:\/\/blumiz.com\/fr\/#website"},"primaryImageOfPage":{"@id":"https:\/\/blumiz.com\/fr\/produit\/recipient-en-plastique-poptop-gold-big-60-dram-50mm-kopie\/#primaryimage"},"image":{"@id":"https:\/\/blumiz.com\/fr\/produit\/recipient-en-plastique-poptop-gold-big-60-dram-50mm-kopie\/#primaryimage"},"thumbnailUrl":"https:\/\/blumiz.com\/wp-content\/uploads\/2024\/07\/Cookies-Aufbewahrungsglas-\u2013-3-teilig-\u2013-Grosformat1.png","datePublished":"2024-07-30T17:11:29+00:00","dateModified":"2025-08-12T12:55:04+00:00","description":"Bo\u00eete de rangement pour cookies - 3 pi\u00e8ces - Grand format - Blumiz - Premium CBD","breadcrumb":{"@id":"https:\/\/blumiz.com\/fr\/produit\/recipient-en-plastique-poptop-gold-big-60-dram-50mm-kopie\/#breadcrumb"},"inLanguage":"fr-FR","potentialAction":[{"@type":"ReadAction","target":["https:\/\/blumiz.com\/fr\/produit\/recipient-en-plastique-poptop-gold-big-60-dram-50mm-kopie\/"]}]},{"@type":"ImageObject","inLanguage":"fr-FR","@id":"https:\/\/blumiz.com\/fr\/produit\/recipient-en-plastique-poptop-gold-big-60-dram-50mm-kopie\/#primaryimage","url":"https:\/\/blumiz.com\/wp-content\/uploads\/2024\/07\/Cookies-Aufbewahrungsglas-\u2013-3-teilig-\u2013-Grosformat1.png","contentUrl":"https:\/\/blumiz.com\/wp-content\/uploads\/2024\/07\/Cookies-Aufbewahrungsglas-\u2013-3-teilig-\u2013-Grosformat1.png","width":600,"height":600,"caption":"Cookies 3 Parts Black Stacked Tall Storage Jar"},{"@type":"BreadcrumbList","@id":"https:\/\/blumiz.com\/fr\/produit\/recipient-en-plastique-poptop-gold-big-60-dram-50mm-kopie\/#breadcrumb","itemListElement":[{"@type":"ListItem","position":1,"name":"Blumiz","item":"https:\/\/blumiz.com\/fr\/"},{"@type":"ListItem","position":2,"name":"CBD Shop","item":"https:\/\/blumiz.com\/fr\/acheter-cbd-shop\/"},{"@type":"ListItem","position":3,"name":"HeadShop","item":"https:\/\/blumiz.com\/fr\/category\/headshop\/"},{"@type":"ListItem","position":4,"name":"Bo\u00eete de rangement pour cookies &#8211; 3 pi\u00e8ces &#8211; Grand format"}]},{"@type":"WebSite","@id":"https:\/\/blumiz.com\/fr\/#website","url":"https:\/\/blumiz.com\/fr\/","name":"Blumiz - Premium CBD","description":"Blumiz, Cannabis specialist","publisher":{"@id":"https:\/\/blumiz.com\/fr\/#organization"},"alternateName":"Blumiz","potentialAction":[{"@type":"SearchAction","target":{"@type":"EntryPoint","urlTemplate":"https:\/\/blumiz.com\/fr\/?s={search_term_string}"},"query-input":{"@type":"PropertyValueSpecification","valueRequired":true,"valueName":"search_term_string"}}],"inLanguage":"fr-FR"},{"@type":"Organization","@id":"https:\/\/blumiz.com\/fr\/#organization","name":"Blumiz CBD","alternateName":"Blumiz","url":"https:\/\/blumiz.com\/fr\/","logo":{"@type":"ImageObject","inLanguage":"fr-FR","@id":"https:\/\/blumiz.com\/fr\/#\/schema\/logo\/image\/","url":"https:\/\/blumiz.com\/wp-content\/uploads\/2026\/02\/cropped-Blumiz-CBD-logo.webp","contentUrl":"https:\/\/blumiz.com\/wp-content\/uploads\/2026\/02\/cropped-Blumiz-CBD-logo.webp","width":2547,"height":778,"caption":"Blumiz CBD"},"image":{"@id":"https:\/\/blumiz.com\/fr\/#\/schema\/logo\/image\/"}}]},"product_price_amount":"9.90","product_price_currency":"EUR","og_availability":"instock","product_availability":"instock","product_retailer_item_id":"58814","product_condition":"new"},"_links":{"self":[{"href":"https:\/\/blumiz.com\/fr\/wp-json\/wp\/v2\/product\/18909","targetHints":{"allow":["GET"]}}],"collection":[{"href":"https:\/\/blumiz.com\/fr\/wp-json\/wp\/v2\/product"}],"about":[{"href":"https:\/\/blumiz.com\/fr\/wp-json\/wp\/v2\/types\/product"}],"replies":[{"embeddable":true,"href":"https:\/\/blumiz.com\/fr\/wp-json\/wp\/v2\/comments?post=18909"}],"version-history":[{"count":0,"href":"https:\/\/blumiz.com\/fr\/wp-json\/wp\/v2\/product\/18909\/revisions"}],"wp:featuredmedia":[{"embeddable":true,"href":"https:\/\/blumiz.com\/fr\/wp-json\/wp\/v2\/media\/18912"}],"wp:attachment":[{"href":"https:\/\/blumiz.com\/fr\/wp-json\/wp\/v2\/media?parent=18909"}],"wp:term":[{"taxonomy":"product_brand","embeddable":true,"href":"https:\/\/blumiz.com\/fr\/wp-json\/wp\/v2\/product_brand?post=18909"},{"taxonomy":"product_cat","embeddable":true,"href":"https:\/\/blumiz.com\/fr\/wp-json\/wp\/v2\/product_cat?post=18909"},{"taxonomy":"product_tag","embeddable":true,"href":"https:\/\/blumiz.com\/fr\/wp-json\/wp\/v2\/product_tag?post=18909"}],"curies":[{"name":"wp","href":"https:\/\/api.w.org\/{rel}","templated":true}]}}