{"id":19059,"date":"2024-07-31T10:34:09","date_gmt":"2024-07-31T09:34:09","guid":{"rendered":"https:\/\/blumiz.com\/?post_type=product&#038;p=19059"},"modified":"2025-06-02T08:43:41","modified_gmt":"2025-06-02T07:43:41","slug":"bonbons-cbd-gout-de-pasteque-100-mg-60-g-kopie-kopie","status":"publish","type":"product","link":"https:\/\/blumiz.com\/fr\/produit\/bonbons-cbd-gout-de-pasteque-100-mg-60-g-kopie-kopie\/","title":{"rendered":"Gommes CBD Orange County Fraise, 400 mg CBD, 150 g"},"content":{"rendered":"<div class=\"flex-shrink-0 flex flex-col relative items-end\">\n<div class=\"pt-0\">\n<h2>Gommes CBD \u00e0 la fraise pour adultes<\/h2>\n<p>Notre friandise pr\u00e9f\u00e9r\u00e9e de l&#8217;enfance, d\u00e9sormais enrichie en CBD \u00e0 spectre large.<\/p>\n<p><strong>D\u00e9tails du produit :<\/strong><\/p>\n<ul>\n<li>400 mg de CBD par paquet<\/li>\n<li>20 mg de CBD par barre de gomme<\/li>\n<li>20 oursons en gomme par paquet<\/li>\n<li>Poids de l&#8217;emballage : 150 g<\/li>\n<li>Sans THC<\/li>\n<li>Un large spectre<\/li>\n<\/ul>\n<p><strong>Ingr\u00e9dients :<\/strong><\/p>\n<p>Cannabidiol \u00e0 large spectre (CBD), sirop de glucose, sucre, sucre inverti, acide citrique, acide malique, pectine, sorbitol, jus de fruits concentr\u00e9, ar\u00f4me naturel (fraise), colorants (concentr\u00e9 de carotte noire, concentr\u00e9 de spiruline, curcuma).<\/p>\n<p><strong>Avertissement :<\/strong><\/p>\n<p>Conserver dans un endroit frais, sec et sombre. Les compl\u00e9ments alimentaires ne peuvent pas se substituer \u00e0 une alimentation \u00e9quilibr\u00e9e. Non destin\u00e9 au diagnostic, au traitement ou \u00e0 la pr\u00e9vention de maladies. Conserver hors de port\u00e9e des enfants. Ne convient pas aux enfants, aux adolescents, aux femmes enceintes ou allaitantes. Consultez un m\u00e9decin en cas d&#8217;interactions possibles avec des m\u00e9dicaments. Ne contient pas de THC.<\/p>\n<\/div>\n<\/div>\n","protected":false},"excerpt":{"rendered":"<h2><strong>Essayez <\/strong>les gommes CBD \u00e0 la fraise<\/h2>\n<p>Nos vers de gomme CBD d&#8217;Orange County sont le choix id\u00e9al pour une entr\u00e9e en mati\u00e8re d\u00e9licieuse et abordable. Ces vers de gomme v\u00e9g\u00e9taliens offrent tous les bienfaits du CBD sous une forme classique et juteuse Notre friandise pr\u00e9f\u00e9r\u00e9e de l&#8217;enfance, enrichie en CBD \u00e0 large spectre pour les adultes.<\/p>\n<p>&nbsp;<\/p>\n","protected":false},"featured_media":19050,"comment_status":"open","ping_status":"closed","template":"","meta":{"site-sidebar-layout":"default","site-content-layout":"default","ast-site-content-layout":"default","site-content-style":"default","site-sidebar-style":"default","ast-global-header-display":"","ast-banner-title-visibility":"","ast-main-header-display":"","ast-hfb-above-header-display":"","ast-hfb-below-header-display":"","ast-hfb-mobile-header-display":"","site-post-title":"","ast-breadcrumbs-content":"","ast-featured-img":"","footer-sml-layout":"","ast-disable-related-posts":"","theme-transparent-header-meta":"default","adv-header-id-meta":"","stick-header-meta":"default","header-above-stick-meta":"","header-main-stick-meta":"","header-below-stick-meta":"","astra-migrate-meta-layouts":"set","ast-page-background-enabled":"default","ast-page-background-meta":{"desktop":{"background-color":"","background-image":"","background-repeat":"repeat","background-position":"center center","background-size":"auto","background-attachment":"scroll","background-type":"","background-media":"","overlay-type":"","overlay-color":"","overlay-opacity":"","overlay-gradient":""},"tablet":{"background-color":"","background-image":"","background-repeat":"repeat","background-position":"center center","background-size":"auto","background-attachment":"scroll","background-type":"","background-media":"","overlay-type":"","overlay-color":"","overlay-opacity":"","overlay-gradient":""},"mobile":{"background-color":"","background-image":"","background-repeat":"repeat","background-position":"center center","background-size":"auto","background-attachment":"scroll","background-type":"","background-media":"","overlay-type":"","overlay-color":"","overlay-opacity":"","overlay-gradient":""}},"ast-content-background-meta":{"desktop":{"background-color":"var(--ast-global-color-5)","background-image":"","background-repeat":"repeat","background-position":"center center","background-size":"auto","background-attachment":"scroll","background-type":"","background-media":"","overlay-type":"","overlay-color":"","overlay-opacity":"","overlay-gradient":""},"tablet":{"background-color":"var(--ast-global-color-5)","background-image":"","background-repeat":"repeat","background-position":"center center","background-size":"auto","background-attachment":"scroll","background-type":"","background-media":"","overlay-type":"","overlay-color":"","overlay-opacity":"","overlay-gradient":""},"mobile":{"background-color":"var(--ast-global-color-5)","background-image":"","background-repeat":"repeat","background-position":"center center","background-size":"auto","background-attachment":"scroll","background-type":"","background-media":"","overlay-type":"","overlay-color":"","overlay-opacity":"","overlay-gradient":""}}},"product_brand":[],"product_cat":[170,304],"product_tag":[],"class_list":{"0":"post-19059","1":"product","2":"type-product","3":"status-publish","4":"has-post-thumbnail","6":"product_cat-aliments-cbd","7":"product_cat-cbd-fr","8":"desktop-align-left","9":"tablet-align-center","10":"mobile-align-left","11":"ast-product-gallery-layout-vertical","12":"ast-product-gallery-with-no-image","13":"ast-magnify-disabled","14":"ast-product-tabs-layout-horizontal","16":"first","17":"outofstock","18":"taxable","19":"shipping-taxable","20":"purchasable","21":"product-type-simple"},"yoast_head":"<!-- This site is optimized with the Yoast SEO Premium plugin v27.2 (Yoast SEO v27.4) - https:\/\/yoast.com\/product\/yoast-seo-premium-wordpress\/ -->\n<title>Gommes CBD Orange County Fraise<\/title>\n<meta name=\"description\" content=\"Gommes aux fruits Cbd en France Blumiz - Premium CBD Acheter les meilleurs produits alimentaires \u00e0 base de CBD en France- Premium - Blumiz - Premium CBD\" \/>\n<meta name=\"robots\" content=\"index, follow, max-snippet:-1, max-image-preview:large, max-video-preview:-1\" \/>\n<link rel=\"canonical\" href=\"https:\/\/blumiz.com\/fr\/produit\/bonbons-cbd-gout-de-pasteque-100-mg-60-g-kopie-kopie\/\" \/>\n<meta property=\"og:locale\" content=\"fr_FR\" \/>\n<meta property=\"og:type\" content=\"article\" \/>\n<meta property=\"og:title\" content=\"Gommes CBD Orange County Fraise, 400 mg CBD, 150 g\" \/>\n<meta property=\"og:description\" content=\"Gommes CBD Orange County Fraise, 400 mg CBD, 150 g Blumiz - Premium CBD\" \/>\n<meta property=\"og:url\" content=\"https:\/\/blumiz.com\/fr\/produit\/bonbons-cbd-gout-de-pasteque-100-mg-60-g-kopie-kopie\/\" \/>\n<meta property=\"og:site_name\" content=\"Blumiz - Premium CBD\" \/>\n<meta property=\"article:modified_time\" content=\"2025-06-02T07:43:41+00:00\" \/>\n<meta property=\"og:image\" content=\"https:\/\/blumiz.com\/wp-content\/uploads\/2024\/07\/Orange-County-CBD-Gummies-Erdbeeren-400-mg-CBD-150-g.webp\" \/>\n\t<meta property=\"og:image:width\" content=\"600\" \/>\n\t<meta property=\"og:image:height\" content=\"600\" \/>\n\t<meta property=\"og:image:type\" content=\"image\/webp\" \/>\n<meta name=\"twitter:card\" content=\"summary_large_image\" \/>\n<meta name=\"twitter:label1\" content=\"Prix\" \/>\n\t<meta name=\"twitter:data1\" content=\"18,90&nbsp;&euro;\" \/>\n\t<meta name=\"twitter:label2\" content=\"Disponibilit\u00e9\" \/>\n\t<meta name=\"twitter:data2\" content=\"Rupture de stock\" \/>\n<script type=\"application\/ld+json\" class=\"yoast-schema-graph\">{\"@context\":\"https:\\\/\\\/schema.org\",\"@graph\":[{\"@type\":\"WebPage\",\"@id\":\"https:\\\/\\\/blumiz.com\\\/fr\\\/produit\\\/bonbons-cbd-gout-de-pasteque-100-mg-60-g-kopie-kopie\\\/\",\"url\":\"https:\\\/\\\/blumiz.com\\\/fr\\\/produit\\\/bonbons-cbd-gout-de-pasteque-100-mg-60-g-kopie-kopie\\\/\",\"name\":\"Gommes CBD Orange County Fraise\",\"isPartOf\":{\"@id\":\"https:\\\/\\\/blumiz.com\\\/fr\\\/#website\"},\"primaryImageOfPage\":{\"@id\":\"https:\\\/\\\/blumiz.com\\\/fr\\\/produit\\\/bonbons-cbd-gout-de-pasteque-100-mg-60-g-kopie-kopie\\\/#primaryimage\"},\"image\":{\"@id\":\"https:\\\/\\\/blumiz.com\\\/fr\\\/produit\\\/bonbons-cbd-gout-de-pasteque-100-mg-60-g-kopie-kopie\\\/#primaryimage\"},\"thumbnailUrl\":\"https:\\\/\\\/blumiz.com\\\/wp-content\\\/uploads\\\/2024\\\/07\\\/Orange-County-CBD-Gummies-Erdbeeren-400-mg-CBD-150-g.webp\",\"datePublished\":\"2024-07-31T09:34:09+00:00\",\"dateModified\":\"2025-06-02T07:43:41+00:00\",\"description\":\"Gommes aux fruits Cbd en France Blumiz - Premium CBD Acheter les meilleurs produits alimentaires \u00e0 base de CBD en France- Premium - Blumiz - Premium CBD\",\"breadcrumb\":{\"@id\":\"https:\\\/\\\/blumiz.com\\\/fr\\\/produit\\\/bonbons-cbd-gout-de-pasteque-100-mg-60-g-kopie-kopie\\\/#breadcrumb\"},\"inLanguage\":\"fr-FR\",\"potentialAction\":[{\"@type\":\"ReadAction\",\"target\":[\"https:\\\/\\\/blumiz.com\\\/fr\\\/produit\\\/bonbons-cbd-gout-de-pasteque-100-mg-60-g-kopie-kopie\\\/\"]}]},{\"@type\":\"ImageObject\",\"inLanguage\":\"fr-FR\",\"@id\":\"https:\\\/\\\/blumiz.com\\\/fr\\\/produit\\\/bonbons-cbd-gout-de-pasteque-100-mg-60-g-kopie-kopie\\\/#primaryimage\",\"url\":\"https:\\\/\\\/blumiz.com\\\/wp-content\\\/uploads\\\/2024\\\/07\\\/Orange-County-CBD-Gummies-Erdbeeren-400-mg-CBD-150-g.webp\",\"contentUrl\":\"https:\\\/\\\/blumiz.com\\\/wp-content\\\/uploads\\\/2024\\\/07\\\/Orange-County-CBD-Gummies-Erdbeeren-400-mg-CBD-150-g.webp\",\"width\":600,\"height\":600,\"caption\":\"Orange County CBD Gummies Erdbeeren, 400 mg CBD, 150 g\"},{\"@type\":\"BreadcrumbList\",\"@id\":\"https:\\\/\\\/blumiz.com\\\/fr\\\/produit\\\/bonbons-cbd-gout-de-pasteque-100-mg-60-g-kopie-kopie\\\/#breadcrumb\",\"itemListElement\":[{\"@type\":\"ListItem\",\"position\":1,\"name\":\"Blumiz\",\"item\":\"https:\\\/\\\/blumiz.com\\\/fr\\\/\"},{\"@type\":\"ListItem\",\"position\":2,\"name\":\"CBD Shop\",\"item\":\"https:\\\/\\\/blumiz.com\\\/fr\\\/acheter-cbd-shop\\\/\"},{\"@type\":\"ListItem\",\"position\":3,\"name\":\"Bien \u00eatre CBD\",\"item\":\"https:\\\/\\\/blumiz.com\\\/fr\\\/category\\\/bien-etre-cbd\\\/\"},{\"@type\":\"ListItem\",\"position\":4,\"name\":\"Aliments CBD\",\"item\":\"https:\\\/\\\/blumiz.com\\\/fr\\\/category\\\/bien-etre-cbd\\\/aliments-cbd\\\/\"},{\"@type\":\"ListItem\",\"position\":5,\"name\":\"Gommes CBD Orange County Fraise, 400 mg CBD, 150 g\"}]},{\"@type\":\"WebSite\",\"@id\":\"https:\\\/\\\/blumiz.com\\\/fr\\\/#website\",\"url\":\"https:\\\/\\\/blumiz.com\\\/fr\\\/\",\"name\":\"Blumiz - Premium CBD\",\"description\":\"Blumiz, Cannabis specialist\",\"publisher\":{\"@id\":\"https:\\\/\\\/blumiz.com\\\/fr\\\/#organization\"},\"alternateName\":\"Blumiz\",\"potentialAction\":[{\"@type\":\"SearchAction\",\"target\":{\"@type\":\"EntryPoint\",\"urlTemplate\":\"https:\\\/\\\/blumiz.com\\\/fr\\\/?s={search_term_string}\"},\"query-input\":{\"@type\":\"PropertyValueSpecification\",\"valueRequired\":true,\"valueName\":\"search_term_string\"}}],\"inLanguage\":\"fr-FR\"},{\"@type\":\"Organization\",\"@id\":\"https:\\\/\\\/blumiz.com\\\/fr\\\/#organization\",\"name\":\"Blumiz CBD\",\"alternateName\":\"Blumiz\",\"url\":\"https:\\\/\\\/blumiz.com\\\/fr\\\/\",\"logo\":{\"@type\":\"ImageObject\",\"inLanguage\":\"fr-FR\",\"@id\":\"https:\\\/\\\/blumiz.com\\\/fr\\\/#\\\/schema\\\/logo\\\/image\\\/\",\"url\":\"https:\\\/\\\/blumiz.com\\\/wp-content\\\/uploads\\\/2026\\\/02\\\/cropped-Blumiz-CBD-logo.webp\",\"contentUrl\":\"https:\\\/\\\/blumiz.com\\\/wp-content\\\/uploads\\\/2026\\\/02\\\/cropped-Blumiz-CBD-logo.webp\",\"width\":2547,\"height\":778,\"caption\":\"Blumiz CBD\"},\"image\":{\"@id\":\"https:\\\/\\\/blumiz.com\\\/fr\\\/#\\\/schema\\\/logo\\\/image\\\/\"}}]}<\/script>\n<meta property=\"product:price:amount\" content=\"18.90\" \/>\n<meta property=\"product:price:currency\" content=\"EUR\" \/>\n<meta property=\"og:availability\" content=\"out of stock\" \/>\n<meta property=\"product:availability\" content=\"out of stock\" \/>\n<meta property=\"product:retailer_item_id\" content=\"463904\" \/>\n<meta property=\"product:condition\" content=\"new\" \/>\n<!-- \/ Yoast SEO Premium plugin. -->","yoast_head_json":{"title":"Gommes CBD Orange County Fraise","description":"Gommes aux fruits Cbd en France Blumiz - Premium CBD Acheter les meilleurs produits alimentaires \u00e0 base de CBD en France- Premium - Blumiz - Premium CBD","robots":{"index":"index","follow":"follow","max-snippet":"max-snippet:-1","max-image-preview":"max-image-preview:large","max-video-preview":"max-video-preview:-1"},"canonical":"https:\/\/blumiz.com\/fr\/produit\/bonbons-cbd-gout-de-pasteque-100-mg-60-g-kopie-kopie\/","og_locale":"fr_FR","og_type":"article","og_title":"Gommes CBD Orange County Fraise, 400 mg CBD, 150 g","og_description":"Gommes CBD Orange County Fraise, 400 mg CBD, 150 g Blumiz - Premium CBD","og_url":"https:\/\/blumiz.com\/fr\/produit\/bonbons-cbd-gout-de-pasteque-100-mg-60-g-kopie-kopie\/","og_site_name":"Blumiz - Premium CBD","article_modified_time":"2025-06-02T07:43:41+00:00","og_image":[{"width":600,"height":600,"url":"https:\/\/blumiz.com\/wp-content\/uploads\/2024\/07\/Orange-County-CBD-Gummies-Erdbeeren-400-mg-CBD-150-g.webp","type":"image\/webp"}],"twitter_card":"summary_large_image","twitter_misc":{"Prix":"18,90&nbsp;&euro;","Disponibilit\u00e9":"Rupture de stock"},"schema":{"@context":"https:\/\/schema.org","@graph":[{"@type":"WebPage","@id":"https:\/\/blumiz.com\/fr\/produit\/bonbons-cbd-gout-de-pasteque-100-mg-60-g-kopie-kopie\/","url":"https:\/\/blumiz.com\/fr\/produit\/bonbons-cbd-gout-de-pasteque-100-mg-60-g-kopie-kopie\/","name":"Gommes CBD Orange County Fraise","isPartOf":{"@id":"https:\/\/blumiz.com\/fr\/#website"},"primaryImageOfPage":{"@id":"https:\/\/blumiz.com\/fr\/produit\/bonbons-cbd-gout-de-pasteque-100-mg-60-g-kopie-kopie\/#primaryimage"},"image":{"@id":"https:\/\/blumiz.com\/fr\/produit\/bonbons-cbd-gout-de-pasteque-100-mg-60-g-kopie-kopie\/#primaryimage"},"thumbnailUrl":"https:\/\/blumiz.com\/wp-content\/uploads\/2024\/07\/Orange-County-CBD-Gummies-Erdbeeren-400-mg-CBD-150-g.webp","datePublished":"2024-07-31T09:34:09+00:00","dateModified":"2025-06-02T07:43:41+00:00","description":"Gommes aux fruits Cbd en France Blumiz - Premium CBD Acheter les meilleurs produits alimentaires \u00e0 base de CBD en France- Premium - Blumiz - Premium CBD","breadcrumb":{"@id":"https:\/\/blumiz.com\/fr\/produit\/bonbons-cbd-gout-de-pasteque-100-mg-60-g-kopie-kopie\/#breadcrumb"},"inLanguage":"fr-FR","potentialAction":[{"@type":"ReadAction","target":["https:\/\/blumiz.com\/fr\/produit\/bonbons-cbd-gout-de-pasteque-100-mg-60-g-kopie-kopie\/"]}]},{"@type":"ImageObject","inLanguage":"fr-FR","@id":"https:\/\/blumiz.com\/fr\/produit\/bonbons-cbd-gout-de-pasteque-100-mg-60-g-kopie-kopie\/#primaryimage","url":"https:\/\/blumiz.com\/wp-content\/uploads\/2024\/07\/Orange-County-CBD-Gummies-Erdbeeren-400-mg-CBD-150-g.webp","contentUrl":"https:\/\/blumiz.com\/wp-content\/uploads\/2024\/07\/Orange-County-CBD-Gummies-Erdbeeren-400-mg-CBD-150-g.webp","width":600,"height":600,"caption":"Orange County CBD Gummies Erdbeeren, 400 mg CBD, 150 g"},{"@type":"BreadcrumbList","@id":"https:\/\/blumiz.com\/fr\/produit\/bonbons-cbd-gout-de-pasteque-100-mg-60-g-kopie-kopie\/#breadcrumb","itemListElement":[{"@type":"ListItem","position":1,"name":"Blumiz","item":"https:\/\/blumiz.com\/fr\/"},{"@type":"ListItem","position":2,"name":"CBD Shop","item":"https:\/\/blumiz.com\/fr\/acheter-cbd-shop\/"},{"@type":"ListItem","position":3,"name":"Bien \u00eatre CBD","item":"https:\/\/blumiz.com\/fr\/category\/bien-etre-cbd\/"},{"@type":"ListItem","position":4,"name":"Aliments CBD","item":"https:\/\/blumiz.com\/fr\/category\/bien-etre-cbd\/aliments-cbd\/"},{"@type":"ListItem","position":5,"name":"Gommes CBD Orange County Fraise, 400 mg CBD, 150 g"}]},{"@type":"WebSite","@id":"https:\/\/blumiz.com\/fr\/#website","url":"https:\/\/blumiz.com\/fr\/","name":"Blumiz - Premium CBD","description":"Blumiz, Cannabis specialist","publisher":{"@id":"https:\/\/blumiz.com\/fr\/#organization"},"alternateName":"Blumiz","potentialAction":[{"@type":"SearchAction","target":{"@type":"EntryPoint","urlTemplate":"https:\/\/blumiz.com\/fr\/?s={search_term_string}"},"query-input":{"@type":"PropertyValueSpecification","valueRequired":true,"valueName":"search_term_string"}}],"inLanguage":"fr-FR"},{"@type":"Organization","@id":"https:\/\/blumiz.com\/fr\/#organization","name":"Blumiz CBD","alternateName":"Blumiz","url":"https:\/\/blumiz.com\/fr\/","logo":{"@type":"ImageObject","inLanguage":"fr-FR","@id":"https:\/\/blumiz.com\/fr\/#\/schema\/logo\/image\/","url":"https:\/\/blumiz.com\/wp-content\/uploads\/2026\/02\/cropped-Blumiz-CBD-logo.webp","contentUrl":"https:\/\/blumiz.com\/wp-content\/uploads\/2026\/02\/cropped-Blumiz-CBD-logo.webp","width":2547,"height":778,"caption":"Blumiz CBD"},"image":{"@id":"https:\/\/blumiz.com\/fr\/#\/schema\/logo\/image\/"}}]},"product_price_amount":"18.90","product_price_currency":"EUR","og_availability":"out of stock","product_availability":"out of stock","product_retailer_item_id":"463904","product_condition":"new"},"_links":{"self":[{"href":"https:\/\/blumiz.com\/fr\/wp-json\/wp\/v2\/product\/19059","targetHints":{"allow":["GET"]}}],"collection":[{"href":"https:\/\/blumiz.com\/fr\/wp-json\/wp\/v2\/product"}],"about":[{"href":"https:\/\/blumiz.com\/fr\/wp-json\/wp\/v2\/types\/product"}],"replies":[{"embeddable":true,"href":"https:\/\/blumiz.com\/fr\/wp-json\/wp\/v2\/comments?post=19059"}],"version-history":[{"count":0,"href":"https:\/\/blumiz.com\/fr\/wp-json\/wp\/v2\/product\/19059\/revisions"}],"wp:featuredmedia":[{"embeddable":true,"href":"https:\/\/blumiz.com\/fr\/wp-json\/wp\/v2\/media\/19050"}],"wp:attachment":[{"href":"https:\/\/blumiz.com\/fr\/wp-json\/wp\/v2\/media?parent=19059"}],"wp:term":[{"taxonomy":"product_brand","embeddable":true,"href":"https:\/\/blumiz.com\/fr\/wp-json\/wp\/v2\/product_brand?post=19059"},{"taxonomy":"product_cat","embeddable":true,"href":"https:\/\/blumiz.com\/fr\/wp-json\/wp\/v2\/product_cat?post=19059"},{"taxonomy":"product_tag","embeddable":true,"href":"https:\/\/blumiz.com\/fr\/wp-json\/wp\/v2\/product_tag?post=19059"}],"curies":[{"name":"wp","href":"https:\/\/api.w.org\/{rel}","templated":true}]}}