{"id":19079,"date":"2024-07-31T10:46:31","date_gmt":"2024-07-31T09:46:31","guid":{"rendered":"https:\/\/blumiz.com\/?post_type=product&#038;p=19079"},"modified":"2025-02-11T13:26:37","modified_gmt":"2025-02-11T12:26:37","slug":"gommes-cbd-orange-county-fraise-400-mg-cbd-150-g-kopie","status":"publish","type":"product","link":"https:\/\/blumiz.com\/fr\/produit\/gommes-cbd-orange-county-fraise-400-mg-cbd-150-g-kopie\/","title":{"rendered":"Orange County CBD gommes vers, 400 mg CBD, 160 g"},"content":{"rendered":"<div class=\"flex-shrink-0 flex flex-col relative items-end\">\n<div class=\"pt-0\">\n<h2><strong>Vers de caoutchouc CBD du comt\u00e9 d&#8217;Orange<\/strong><\/h2>\n<p>Savourez le go\u00fbt nostalgique de nos vers de gomme enrichis d&#8217;un large spectre de CBD. Chaque sachet contient de d\u00e9licieux vers de gomme qui offrent une exp\u00e9rience CBD efficace et agr\u00e9able. <\/p>\n<p><strong>Caract\u00e9ristiques :<\/strong><\/p>\n<ul>\n<li><strong>Teneur totale en CBD par paquet :<\/strong> 400 mg<\/li>\n<li><strong>Teneur en CBD par ver :<\/strong> 20 mg<\/li>\n<li><strong>Nombre de vers en caoutchouc par paquet :<\/strong> 20<\/li>\n<li><strong>Poids de l&#8217;emballage :<\/strong> 160 g<\/li>\n<li><strong>Sans THC<\/strong><\/li>\n<li><strong>Un large spectre<\/strong><\/li>\n<\/ul>\n<p><strong>Ingr\u00e9dients :<\/strong><\/p>\n<p>Cannabidiol \u00e0 large spectre (CBD), jus de canne biologique, sirop de ma\u00efs biologique, concentr\u00e9 de jus de raisin blanc biologique, pectine, acide citrique, acide ascorbique, ar\u00f4mes naturels, annatto, curcuma, concentr\u00e9 de jus de raisin, concentr\u00e9 de jus de fruits rouges.<\/p>\n<p><strong>Avertissement :<\/strong><\/p>\n<p>Conserver dans un endroit frais, sec et sombre. Les compl\u00e9ments alimentaires ne peuvent pas se substituer \u00e0 une alimentation \u00e9quilibr\u00e9e. Ce produit n&#8217;est pas destin\u00e9 au diagnostic, au traitement ou \u00e0 la pr\u00e9vention de maladies. Conserver hors de port\u00e9e des enfants. Ne convient pas aux enfants, aux adolescents, aux femmes enceintes ou allaitantes. Consultez un m\u00e9decin en cas d&#8217;interactions possibles avec des m\u00e9dicaments. Ne contient pas de THC.<\/p>\n<\/div>\n<\/div>\n","protected":false},"excerpt":{"rendered":"<h2><strong>Vers de caoutchouc CBD du comt\u00e9 d&#8217;Orange<\/strong><\/h2>\n<p>D\u00e9couvrez nos vers de gomme avec 400 mg de CBD par paquet. Ces vers de gomme sans THC offrent 20 mg de CBD chacun et sont livr\u00e9s dans un paquet de 160 g. Id\u00e9al pour une exp\u00e9rience CBD d\u00e9licieuse et efficace. <\/p>\n","protected":false},"featured_media":19044,"comment_status":"open","ping_status":"closed","template":"","meta":{"site-sidebar-layout":"default","site-content-layout":"default","ast-site-content-layout":"default","site-content-style":"default","site-sidebar-style":"default","ast-global-header-display":"","ast-banner-title-visibility":"","ast-main-header-display":"","ast-hfb-above-header-display":"","ast-hfb-below-header-display":"","ast-hfb-mobile-header-display":"","site-post-title":"","ast-breadcrumbs-content":"","ast-featured-img":"","footer-sml-layout":"","ast-disable-related-posts":"","theme-transparent-header-meta":"default","adv-header-id-meta":"","stick-header-meta":"default","header-above-stick-meta":"","header-main-stick-meta":"","header-below-stick-meta":"","astra-migrate-meta-layouts":"set","ast-page-background-enabled":"default","ast-page-background-meta":{"desktop":{"background-color":"","background-image":"","background-repeat":"repeat","background-position":"center center","background-size":"auto","background-attachment":"scroll","background-type":"","background-media":"","overlay-type":"","overlay-color":"","overlay-opacity":"","overlay-gradient":""},"tablet":{"background-color":"","background-image":"","background-repeat":"repeat","background-position":"center center","background-size":"auto","background-attachment":"scroll","background-type":"","background-media":"","overlay-type":"","overlay-color":"","overlay-opacity":"","overlay-gradient":""},"mobile":{"background-color":"","background-image":"","background-repeat":"repeat","background-position":"center center","background-size":"auto","background-attachment":"scroll","background-type":"","background-media":"","overlay-type":"","overlay-color":"","overlay-opacity":"","overlay-gradient":""}},"ast-content-background-meta":{"desktop":{"background-color":"var(--ast-global-color-5)","background-image":"","background-repeat":"repeat","background-position":"center center","background-size":"auto","background-attachment":"scroll","background-type":"","background-media":"","overlay-type":"","overlay-color":"","overlay-opacity":"","overlay-gradient":""},"tablet":{"background-color":"var(--ast-global-color-5)","background-image":"","background-repeat":"repeat","background-position":"center center","background-size":"auto","background-attachment":"scroll","background-type":"","background-media":"","overlay-type":"","overlay-color":"","overlay-opacity":"","overlay-gradient":""},"mobile":{"background-color":"var(--ast-global-color-5)","background-image":"","background-repeat":"repeat","background-position":"center center","background-size":"auto","background-attachment":"scroll","background-type":"","background-media":"","overlay-type":"","overlay-color":"","overlay-opacity":"","overlay-gradient":""}}},"product_brand":[],"product_cat":[170,304],"product_tag":[],"class_list":{"0":"post-19079","1":"product","2":"type-product","3":"status-publish","4":"has-post-thumbnail","6":"product_cat-aliments-cbd","7":"product_cat-cbd-fr","8":"desktop-align-left","9":"tablet-align-center","10":"mobile-align-left","11":"ast-product-gallery-layout-vertical","12":"ast-product-gallery-with-no-image","13":"ast-magnify-disabled","14":"ast-product-tabs-layout-horizontal","16":"first","17":"instock","18":"taxable","19":"shipping-taxable","20":"purchasable","21":"product-type-simple"},"yoast_head":"<!-- This site is optimized with the Yoast SEO Premium plugin v27.2 (Yoast SEO v27.4) - https:\/\/yoast.com\/product\/yoast-seo-premium-wordpress\/ -->\n<title>Gommes aux fruits Cbd : Orange County CBD Gommes Vers 400mg<\/title>\n<meta name=\"description\" content=\"Gommes aux fruits Cbd en France Blumiz - Premium CBD Acheter les meilleurs produits alimentaires \u00e0 base de CBD en France- Premium - Blumiz - Premium CBD\" \/>\n<meta name=\"robots\" content=\"index, follow, max-snippet:-1, max-image-preview:large, max-video-preview:-1\" \/>\n<link rel=\"canonical\" href=\"https:\/\/blumiz.com\/fr\/produit\/gommes-cbd-orange-county-fraise-400-mg-cbd-150-g-kopie\/\" \/>\n<meta property=\"og:locale\" content=\"fr_FR\" \/>\n<meta property=\"og:type\" content=\"article\" \/>\n<meta property=\"og:title\" content=\"Orange County CBD gommes vers, 400 mg CBD, 160 g\" \/>\n<meta property=\"og:description\" content=\"Orange County CBD gommes vers, 400 mg CBD, 160 g Blumiz - Premium CBD\" \/>\n<meta property=\"og:url\" content=\"https:\/\/blumiz.com\/fr\/produit\/gommes-cbd-orange-county-fraise-400-mg-cbd-150-g-kopie\/\" \/>\n<meta property=\"og:site_name\" content=\"Blumiz - Premium CBD\" \/>\n<meta property=\"article:modified_time\" content=\"2025-02-11T12:26:37+00:00\" \/>\n<meta property=\"og:image\" content=\"https:\/\/blumiz.com\/wp-content\/uploads\/2024\/07\/Orange-County-CBD-Gummies-Worms-400-mg-CBD-160-g.webp\" \/>\n\t<meta property=\"og:image:width\" content=\"600\" \/>\n\t<meta property=\"og:image:height\" content=\"600\" \/>\n\t<meta property=\"og:image:type\" content=\"image\/webp\" \/>\n<meta name=\"twitter:card\" content=\"summary_large_image\" \/>\n<meta name=\"twitter:label1\" content=\"Prix\" \/>\n\t<meta name=\"twitter:data1\" content=\"18,90&nbsp;&euro;\" \/>\n\t<meta name=\"twitter:label2\" content=\"Disponibilit\u00e9\" \/>\n\t<meta name=\"twitter:data2\" content=\"En stock\" \/>\n<script type=\"application\/ld+json\" class=\"yoast-schema-graph\">{\"@context\":\"https:\\\/\\\/schema.org\",\"@graph\":[{\"@type\":\"WebPage\",\"@id\":\"https:\\\/\\\/blumiz.com\\\/fr\\\/produit\\\/gommes-cbd-orange-county-fraise-400-mg-cbd-150-g-kopie\\\/\",\"url\":\"https:\\\/\\\/blumiz.com\\\/fr\\\/produit\\\/gommes-cbd-orange-county-fraise-400-mg-cbd-150-g-kopie\\\/\",\"name\":\"Gommes aux fruits Cbd : Orange County CBD Gommes Vers 400mg\",\"isPartOf\":{\"@id\":\"https:\\\/\\\/blumiz.com\\\/fr\\\/#website\"},\"primaryImageOfPage\":{\"@id\":\"https:\\\/\\\/blumiz.com\\\/fr\\\/produit\\\/gommes-cbd-orange-county-fraise-400-mg-cbd-150-g-kopie\\\/#primaryimage\"},\"image\":{\"@id\":\"https:\\\/\\\/blumiz.com\\\/fr\\\/produit\\\/gommes-cbd-orange-county-fraise-400-mg-cbd-150-g-kopie\\\/#primaryimage\"},\"thumbnailUrl\":\"https:\\\/\\\/blumiz.com\\\/wp-content\\\/uploads\\\/2024\\\/07\\\/Orange-County-CBD-Gummies-Worms-400-mg-CBD-160-g.webp\",\"datePublished\":\"2024-07-31T09:46:31+00:00\",\"dateModified\":\"2025-02-11T12:26:37+00:00\",\"description\":\"Gommes aux fruits Cbd en France Blumiz - Premium CBD Acheter les meilleurs produits alimentaires \u00e0 base de CBD en France- Premium - Blumiz - Premium CBD\",\"breadcrumb\":{\"@id\":\"https:\\\/\\\/blumiz.com\\\/fr\\\/produit\\\/gommes-cbd-orange-county-fraise-400-mg-cbd-150-g-kopie\\\/#breadcrumb\"},\"inLanguage\":\"fr-FR\",\"potentialAction\":[{\"@type\":\"ReadAction\",\"target\":[\"https:\\\/\\\/blumiz.com\\\/fr\\\/produit\\\/gommes-cbd-orange-county-fraise-400-mg-cbd-150-g-kopie\\\/\"]}]},{\"@type\":\"ImageObject\",\"inLanguage\":\"fr-FR\",\"@id\":\"https:\\\/\\\/blumiz.com\\\/fr\\\/produit\\\/gommes-cbd-orange-county-fraise-400-mg-cbd-150-g-kopie\\\/#primaryimage\",\"url\":\"https:\\\/\\\/blumiz.com\\\/wp-content\\\/uploads\\\/2024\\\/07\\\/Orange-County-CBD-Gummies-Worms-400-mg-CBD-160-g.webp\",\"contentUrl\":\"https:\\\/\\\/blumiz.com\\\/wp-content\\\/uploads\\\/2024\\\/07\\\/Orange-County-CBD-Gummies-Worms-400-mg-CBD-160-g.webp\",\"width\":600,\"height\":600,\"caption\":\"CBD Gummies W\u00fcrmer\"},{\"@type\":\"BreadcrumbList\",\"@id\":\"https:\\\/\\\/blumiz.com\\\/fr\\\/produit\\\/gommes-cbd-orange-county-fraise-400-mg-cbd-150-g-kopie\\\/#breadcrumb\",\"itemListElement\":[{\"@type\":\"ListItem\",\"position\":1,\"name\":\"Blumiz\",\"item\":\"https:\\\/\\\/blumiz.com\\\/fr\\\/\"},{\"@type\":\"ListItem\",\"position\":2,\"name\":\"CBD Shop\",\"item\":\"https:\\\/\\\/blumiz.com\\\/fr\\\/acheter-cbd-shop\\\/\"},{\"@type\":\"ListItem\",\"position\":3,\"name\":\"Bien \u00eatre CBD\",\"item\":\"https:\\\/\\\/blumiz.com\\\/fr\\\/category\\\/bien-etre-cbd\\\/\"},{\"@type\":\"ListItem\",\"position\":4,\"name\":\"Aliments CBD\",\"item\":\"https:\\\/\\\/blumiz.com\\\/fr\\\/category\\\/bien-etre-cbd\\\/aliments-cbd\\\/\"},{\"@type\":\"ListItem\",\"position\":5,\"name\":\"Orange County CBD gommes vers, 400 mg CBD, 160 g\"}]},{\"@type\":\"WebSite\",\"@id\":\"https:\\\/\\\/blumiz.com\\\/fr\\\/#website\",\"url\":\"https:\\\/\\\/blumiz.com\\\/fr\\\/\",\"name\":\"Blumiz - Premium CBD\",\"description\":\"Blumiz, Cannabis specialist\",\"publisher\":{\"@id\":\"https:\\\/\\\/blumiz.com\\\/fr\\\/#organization\"},\"alternateName\":\"Blumiz\",\"potentialAction\":[{\"@type\":\"SearchAction\",\"target\":{\"@type\":\"EntryPoint\",\"urlTemplate\":\"https:\\\/\\\/blumiz.com\\\/fr\\\/?s={search_term_string}\"},\"query-input\":{\"@type\":\"PropertyValueSpecification\",\"valueRequired\":true,\"valueName\":\"search_term_string\"}}],\"inLanguage\":\"fr-FR\"},{\"@type\":\"Organization\",\"@id\":\"https:\\\/\\\/blumiz.com\\\/fr\\\/#organization\",\"name\":\"Blumiz CBD\",\"alternateName\":\"Blumiz\",\"url\":\"https:\\\/\\\/blumiz.com\\\/fr\\\/\",\"logo\":{\"@type\":\"ImageObject\",\"inLanguage\":\"fr-FR\",\"@id\":\"https:\\\/\\\/blumiz.com\\\/fr\\\/#\\\/schema\\\/logo\\\/image\\\/\",\"url\":\"https:\\\/\\\/blumiz.com\\\/wp-content\\\/uploads\\\/2026\\\/02\\\/cropped-Blumiz-CBD-logo.webp\",\"contentUrl\":\"https:\\\/\\\/blumiz.com\\\/wp-content\\\/uploads\\\/2026\\\/02\\\/cropped-Blumiz-CBD-logo.webp\",\"width\":2547,\"height\":778,\"caption\":\"Blumiz CBD\"},\"image\":{\"@id\":\"https:\\\/\\\/blumiz.com\\\/fr\\\/#\\\/schema\\\/logo\\\/image\\\/\"}}]}<\/script>\n<meta property=\"product:price:amount\" content=\"18.90\" \/>\n<meta property=\"product:price:currency\" content=\"EUR\" \/>\n<meta property=\"og:availability\" content=\"instock\" \/>\n<meta property=\"product:availability\" content=\"instock\" \/>\n<meta property=\"product:retailer_item_id\" content=\"463902\" \/>\n<meta property=\"product:condition\" content=\"new\" \/>\n<!-- \/ Yoast SEO Premium plugin. -->","yoast_head_json":{"title":"Gommes aux fruits Cbd : Orange County CBD Gommes Vers 400mg","description":"Gommes aux fruits Cbd en France Blumiz - Premium CBD Acheter les meilleurs produits alimentaires \u00e0 base de CBD en France- Premium - Blumiz - Premium CBD","robots":{"index":"index","follow":"follow","max-snippet":"max-snippet:-1","max-image-preview":"max-image-preview:large","max-video-preview":"max-video-preview:-1"},"canonical":"https:\/\/blumiz.com\/fr\/produit\/gommes-cbd-orange-county-fraise-400-mg-cbd-150-g-kopie\/","og_locale":"fr_FR","og_type":"article","og_title":"Orange County CBD gommes vers, 400 mg CBD, 160 g","og_description":"Orange County CBD gommes vers, 400 mg CBD, 160 g Blumiz - Premium CBD","og_url":"https:\/\/blumiz.com\/fr\/produit\/gommes-cbd-orange-county-fraise-400-mg-cbd-150-g-kopie\/","og_site_name":"Blumiz - Premium CBD","article_modified_time":"2025-02-11T12:26:37+00:00","og_image":[{"width":600,"height":600,"url":"https:\/\/blumiz.com\/wp-content\/uploads\/2024\/07\/Orange-County-CBD-Gummies-Worms-400-mg-CBD-160-g.webp","type":"image\/webp"}],"twitter_card":"summary_large_image","twitter_misc":{"Prix":"18,90&nbsp;&euro;","Disponibilit\u00e9":"En stock"},"schema":{"@context":"https:\/\/schema.org","@graph":[{"@type":"WebPage","@id":"https:\/\/blumiz.com\/fr\/produit\/gommes-cbd-orange-county-fraise-400-mg-cbd-150-g-kopie\/","url":"https:\/\/blumiz.com\/fr\/produit\/gommes-cbd-orange-county-fraise-400-mg-cbd-150-g-kopie\/","name":"Gommes aux fruits Cbd : Orange County CBD Gommes Vers 400mg","isPartOf":{"@id":"https:\/\/blumiz.com\/fr\/#website"},"primaryImageOfPage":{"@id":"https:\/\/blumiz.com\/fr\/produit\/gommes-cbd-orange-county-fraise-400-mg-cbd-150-g-kopie\/#primaryimage"},"image":{"@id":"https:\/\/blumiz.com\/fr\/produit\/gommes-cbd-orange-county-fraise-400-mg-cbd-150-g-kopie\/#primaryimage"},"thumbnailUrl":"https:\/\/blumiz.com\/wp-content\/uploads\/2024\/07\/Orange-County-CBD-Gummies-Worms-400-mg-CBD-160-g.webp","datePublished":"2024-07-31T09:46:31+00:00","dateModified":"2025-02-11T12:26:37+00:00","description":"Gommes aux fruits Cbd en France Blumiz - Premium CBD Acheter les meilleurs produits alimentaires \u00e0 base de CBD en France- Premium - Blumiz - Premium CBD","breadcrumb":{"@id":"https:\/\/blumiz.com\/fr\/produit\/gommes-cbd-orange-county-fraise-400-mg-cbd-150-g-kopie\/#breadcrumb"},"inLanguage":"fr-FR","potentialAction":[{"@type":"ReadAction","target":["https:\/\/blumiz.com\/fr\/produit\/gommes-cbd-orange-county-fraise-400-mg-cbd-150-g-kopie\/"]}]},{"@type":"ImageObject","inLanguage":"fr-FR","@id":"https:\/\/blumiz.com\/fr\/produit\/gommes-cbd-orange-county-fraise-400-mg-cbd-150-g-kopie\/#primaryimage","url":"https:\/\/blumiz.com\/wp-content\/uploads\/2024\/07\/Orange-County-CBD-Gummies-Worms-400-mg-CBD-160-g.webp","contentUrl":"https:\/\/blumiz.com\/wp-content\/uploads\/2024\/07\/Orange-County-CBD-Gummies-Worms-400-mg-CBD-160-g.webp","width":600,"height":600,"caption":"CBD Gummies W\u00fcrmer"},{"@type":"BreadcrumbList","@id":"https:\/\/blumiz.com\/fr\/produit\/gommes-cbd-orange-county-fraise-400-mg-cbd-150-g-kopie\/#breadcrumb","itemListElement":[{"@type":"ListItem","position":1,"name":"Blumiz","item":"https:\/\/blumiz.com\/fr\/"},{"@type":"ListItem","position":2,"name":"CBD Shop","item":"https:\/\/blumiz.com\/fr\/acheter-cbd-shop\/"},{"@type":"ListItem","position":3,"name":"Bien \u00eatre CBD","item":"https:\/\/blumiz.com\/fr\/category\/bien-etre-cbd\/"},{"@type":"ListItem","position":4,"name":"Aliments CBD","item":"https:\/\/blumiz.com\/fr\/category\/bien-etre-cbd\/aliments-cbd\/"},{"@type":"ListItem","position":5,"name":"Orange County CBD gommes vers, 400 mg CBD, 160 g"}]},{"@type":"WebSite","@id":"https:\/\/blumiz.com\/fr\/#website","url":"https:\/\/blumiz.com\/fr\/","name":"Blumiz - Premium CBD","description":"Blumiz, Cannabis specialist","publisher":{"@id":"https:\/\/blumiz.com\/fr\/#organization"},"alternateName":"Blumiz","potentialAction":[{"@type":"SearchAction","target":{"@type":"EntryPoint","urlTemplate":"https:\/\/blumiz.com\/fr\/?s={search_term_string}"},"query-input":{"@type":"PropertyValueSpecification","valueRequired":true,"valueName":"search_term_string"}}],"inLanguage":"fr-FR"},{"@type":"Organization","@id":"https:\/\/blumiz.com\/fr\/#organization","name":"Blumiz CBD","alternateName":"Blumiz","url":"https:\/\/blumiz.com\/fr\/","logo":{"@type":"ImageObject","inLanguage":"fr-FR","@id":"https:\/\/blumiz.com\/fr\/#\/schema\/logo\/image\/","url":"https:\/\/blumiz.com\/wp-content\/uploads\/2026\/02\/cropped-Blumiz-CBD-logo.webp","contentUrl":"https:\/\/blumiz.com\/wp-content\/uploads\/2026\/02\/cropped-Blumiz-CBD-logo.webp","width":2547,"height":778,"caption":"Blumiz CBD"},"image":{"@id":"https:\/\/blumiz.com\/fr\/#\/schema\/logo\/image\/"}}]},"product_price_amount":"18.90","product_price_currency":"EUR","og_availability":"instock","product_availability":"instock","product_retailer_item_id":"463902","product_condition":"new"},"_links":{"self":[{"href":"https:\/\/blumiz.com\/fr\/wp-json\/wp\/v2\/product\/19079","targetHints":{"allow":["GET"]}}],"collection":[{"href":"https:\/\/blumiz.com\/fr\/wp-json\/wp\/v2\/product"}],"about":[{"href":"https:\/\/blumiz.com\/fr\/wp-json\/wp\/v2\/types\/product"}],"replies":[{"embeddable":true,"href":"https:\/\/blumiz.com\/fr\/wp-json\/wp\/v2\/comments?post=19079"}],"version-history":[{"count":0,"href":"https:\/\/blumiz.com\/fr\/wp-json\/wp\/v2\/product\/19079\/revisions"}],"wp:featuredmedia":[{"embeddable":true,"href":"https:\/\/blumiz.com\/fr\/wp-json\/wp\/v2\/media\/19044"}],"wp:attachment":[{"href":"https:\/\/blumiz.com\/fr\/wp-json\/wp\/v2\/media?parent=19079"}],"wp:term":[{"taxonomy":"product_brand","embeddable":true,"href":"https:\/\/blumiz.com\/fr\/wp-json\/wp\/v2\/product_brand?post=19079"},{"taxonomy":"product_cat","embeddable":true,"href":"https:\/\/blumiz.com\/fr\/wp-json\/wp\/v2\/product_cat?post=19079"},{"taxonomy":"product_tag","embeddable":true,"href":"https:\/\/blumiz.com\/fr\/wp-json\/wp\/v2\/product_tag?post=19079"}],"curies":[{"name":"wp","href":"https:\/\/api.w.org\/{rel}","templated":true}]}}