{"id":19204,"date":"2023-07-31T13:35:15","date_gmt":"2023-07-31T12:35:15","guid":{"rendered":"https:\/\/blumiz.com\/?post_type=product&#038;p=19204"},"modified":"2025-10-07T09:52:19","modified_gmt":"2025-10-07T08:52:19","slug":"the-bulldog-set-de-pipes-en-metal-estampe-rainbow-83-mm-kopie-2","status":"publish","type":"product","link":"https:\/\/blumiz.com\/fr\/produit\/the-bulldog-set-de-pipes-en-metal-estampe-rainbow-83-mm-kopie-2\/","title":{"rendered":"Pipe blanche Cristal 12cm Cartoons"},"content":{"rendered":"<h2>Pipe blanche Cristal 12 cm Cartoons<\/h2>\n<p>Procure-toi la pipe Cristal, unique en son genre, au design cartoon tr\u00e8s tendance. Avec une longueur compacte de 12 cm, cette pipe \u00e9l\u00e9gante offre non seulement un confort pratique, mais aussi un look cool et cr\u00e9atif. Id\u00e9al pour une utilisation quotidienne et un ajout \u00e9l\u00e9gant \u00e0 toute collection.<\/p>\n","protected":false},"excerpt":{"rendered":"<h2>Pipe blanche Cristal 12 cm Cartoons<\/h2>\n<p>Procure-toi la pipe Cristal de 12 cm au design cartoon branch\u00e9. Compact et styl\u00e9 &#8211; parfait pour les d\u00e9placements et un ajout cool \u00e0 votre collection.<\/p>\n","protected":false},"featured_media":19209,"comment_status":"open","ping_status":"closed","template":"","meta":{"site-sidebar-layout":"default","site-content-layout":"default","ast-site-content-layout":"default","site-content-style":"default","site-sidebar-style":"default","ast-global-header-display":"","ast-banner-title-visibility":"","ast-main-header-display":"","ast-hfb-above-header-display":"","ast-hfb-below-header-display":"","ast-hfb-mobile-header-display":"","site-post-title":"","ast-breadcrumbs-content":"","ast-featured-img":"","footer-sml-layout":"","ast-disable-related-posts":"","theme-transparent-header-meta":"default","adv-header-id-meta":"","stick-header-meta":"default","header-above-stick-meta":"","header-main-stick-meta":"","header-below-stick-meta":"","astra-migrate-meta-layouts":"set","ast-page-background-enabled":"default","ast-page-background-meta":{"desktop":{"background-color":"","background-image":"","background-repeat":"repeat","background-position":"center center","background-size":"auto","background-attachment":"scroll","background-type":"","background-media":"","overlay-type":"","overlay-color":"","overlay-opacity":"","overlay-gradient":""},"tablet":{"background-color":"","background-image":"","background-repeat":"repeat","background-position":"center center","background-size":"auto","background-attachment":"scroll","background-type":"","background-media":"","overlay-type":"","overlay-color":"","overlay-opacity":"","overlay-gradient":""},"mobile":{"background-color":"","background-image":"","background-repeat":"repeat","background-position":"center center","background-size":"auto","background-attachment":"scroll","background-type":"","background-media":"","overlay-type":"","overlay-color":"","overlay-opacity":"","overlay-gradient":""}},"ast-content-background-meta":{"desktop":{"background-color":"var(--ast-global-color-5)","background-image":"","background-repeat":"repeat","background-position":"center center","background-size":"auto","background-attachment":"scroll","background-type":"","background-media":"","overlay-type":"","overlay-color":"","overlay-opacity":"","overlay-gradient":""},"tablet":{"background-color":"var(--ast-global-color-5)","background-image":"","background-repeat":"repeat","background-position":"center center","background-size":"auto","background-attachment":"scroll","background-type":"","background-media":"","overlay-type":"","overlay-color":"","overlay-opacity":"","overlay-gradient":""},"mobile":{"background-color":"var(--ast-global-color-5)","background-image":"","background-repeat":"repeat","background-position":"center center","background-size":"auto","background-attachment":"scroll","background-type":"","background-media":"","overlay-type":"","overlay-color":"","overlay-opacity":"","overlay-gradient":""}}},"product_brand":[],"product_cat":[177],"product_tag":[],"class_list":{"0":"post-19204","1":"product","2":"type-product","3":"status-publish","4":"has-post-thumbnail","6":"product_cat-headshop","7":"desktop-align-left","8":"tablet-align-center","9":"mobile-align-left","10":"ast-product-gallery-layout-vertical","11":"ast-product-gallery-with-no-image","12":"ast-magnify-disabled","13":"ast-product-tabs-layout-horizontal","15":"first","16":"instock","17":"taxable","18":"shipping-taxable","19":"purchasable","20":"product-type-simple"},"yoast_head":"<!-- This site is optimized with the Yoast SEO Premium plugin v27.2 (Yoast SEO v27.4) - https:\/\/yoast.com\/product\/yoast-seo-premium-wordpress\/ -->\n<title>Pipe blanche Cristal 12cm Cartoons - Blumiz - Premium CBD<\/title>\n<meta name=\"description\" content=\"Pipe blanche Cristal 12cm Cartoons - Blumiz - Premium CBD\" \/>\n<meta name=\"robots\" content=\"index, follow, max-snippet:-1, max-image-preview:large, max-video-preview:-1\" \/>\n<link rel=\"canonical\" href=\"https:\/\/blumiz.com\/fr\/produit\/the-bulldog-set-de-pipes-en-metal-estampe-rainbow-83-mm-kopie-2\/\" \/>\n<meta property=\"og:locale\" content=\"fr_FR\" \/>\n<meta property=\"og:type\" content=\"article\" \/>\n<meta property=\"og:title\" content=\"Pipe blanche Cristal 12cm Cartoons\" \/>\n<meta property=\"og:description\" content=\"Pipe blanche Cristal 12cm Cartoons Blumiz - Premium CBD\" \/>\n<meta property=\"og:url\" content=\"https:\/\/blumiz.com\/fr\/produit\/the-bulldog-set-de-pipes-en-metal-estampe-rainbow-83-mm-kopie-2\/\" \/>\n<meta property=\"og:site_name\" content=\"Blumiz - Premium CBD\" \/>\n<meta property=\"article:modified_time\" content=\"2025-10-07T08:52:19+00:00\" \/>\n<meta property=\"og:image\" content=\"https:\/\/blumiz.com\/wp-content\/uploads\/2024\/07\/Weise-Cristal-Pfeife-12cm-Cartoons.webp\" \/>\n\t<meta property=\"og:image:width\" content=\"600\" \/>\n\t<meta property=\"og:image:height\" content=\"600\" \/>\n\t<meta property=\"og:image:type\" content=\"image\/webp\" \/>\n<meta name=\"twitter:card\" content=\"summary_large_image\" \/>\n<meta name=\"twitter:label1\" content=\"Prix\" \/>\n\t<meta name=\"twitter:data1\" content=\"7,90&nbsp;&euro;\" \/>\n\t<meta name=\"twitter:label2\" content=\"Disponibilit\u00e9\" \/>\n\t<meta name=\"twitter:data2\" content=\"En stock\" \/>\n<script type=\"application\/ld+json\" class=\"yoast-schema-graph\">{\"@context\":\"https:\\\/\\\/schema.org\",\"@graph\":[{\"@type\":\"WebPage\",\"@id\":\"https:\\\/\\\/blumiz.com\\\/fr\\\/produit\\\/the-bulldog-set-de-pipes-en-metal-estampe-rainbow-83-mm-kopie-2\\\/\",\"url\":\"https:\\\/\\\/blumiz.com\\\/fr\\\/produit\\\/the-bulldog-set-de-pipes-en-metal-estampe-rainbow-83-mm-kopie-2\\\/\",\"name\":\"Pipe blanche Cristal 12cm Cartoons - Blumiz - Premium CBD\",\"isPartOf\":{\"@id\":\"https:\\\/\\\/blumiz.com\\\/fr\\\/#website\"},\"primaryImageOfPage\":{\"@id\":\"https:\\\/\\\/blumiz.com\\\/fr\\\/produit\\\/the-bulldog-set-de-pipes-en-metal-estampe-rainbow-83-mm-kopie-2\\\/#primaryimage\"},\"image\":{\"@id\":\"https:\\\/\\\/blumiz.com\\\/fr\\\/produit\\\/the-bulldog-set-de-pipes-en-metal-estampe-rainbow-83-mm-kopie-2\\\/#primaryimage\"},\"thumbnailUrl\":\"https:\\\/\\\/blumiz.com\\\/wp-content\\\/uploads\\\/2024\\\/07\\\/Weise-Cristal-Pfeife-12cm-Cartoons.webp\",\"datePublished\":\"2023-07-31T12:35:15+00:00\",\"dateModified\":\"2025-10-07T08:52:19+00:00\",\"description\":\"Pipe blanche Cristal 12cm Cartoons - Blumiz - Premium CBD\",\"breadcrumb\":{\"@id\":\"https:\\\/\\\/blumiz.com\\\/fr\\\/produit\\\/the-bulldog-set-de-pipes-en-metal-estampe-rainbow-83-mm-kopie-2\\\/#breadcrumb\"},\"inLanguage\":\"fr-FR\",\"potentialAction\":[{\"@type\":\"ReadAction\",\"target\":[\"https:\\\/\\\/blumiz.com\\\/fr\\\/produit\\\/the-bulldog-set-de-pipes-en-metal-estampe-rainbow-83-mm-kopie-2\\\/\"]}]},{\"@type\":\"ImageObject\",\"inLanguage\":\"fr-FR\",\"@id\":\"https:\\\/\\\/blumiz.com\\\/fr\\\/produit\\\/the-bulldog-set-de-pipes-en-metal-estampe-rainbow-83-mm-kopie-2\\\/#primaryimage\",\"url\":\"https:\\\/\\\/blumiz.com\\\/wp-content\\\/uploads\\\/2024\\\/07\\\/Weise-Cristal-Pfeife-12cm-Cartoons.webp\",\"contentUrl\":\"https:\\\/\\\/blumiz.com\\\/wp-content\\\/uploads\\\/2024\\\/07\\\/Weise-Cristal-Pfeife-12cm-Cartoons.webp\",\"width\":600,\"height\":600,\"caption\":\"Wei\u00dfe Cristal Pfeife\"},{\"@type\":\"BreadcrumbList\",\"@id\":\"https:\\\/\\\/blumiz.com\\\/fr\\\/produit\\\/the-bulldog-set-de-pipes-en-metal-estampe-rainbow-83-mm-kopie-2\\\/#breadcrumb\",\"itemListElement\":[{\"@type\":\"ListItem\",\"position\":1,\"name\":\"Blumiz\",\"item\":\"https:\\\/\\\/blumiz.com\\\/fr\\\/\"},{\"@type\":\"ListItem\",\"position\":2,\"name\":\"CBD Shop\",\"item\":\"https:\\\/\\\/blumiz.com\\\/fr\\\/acheter-cbd-shop\\\/\"},{\"@type\":\"ListItem\",\"position\":3,\"name\":\"HeadShop\",\"item\":\"https:\\\/\\\/blumiz.com\\\/fr\\\/category\\\/headshop\\\/\"},{\"@type\":\"ListItem\",\"position\":4,\"name\":\"Pipe blanche Cristal 12cm Cartoons\"}]},{\"@type\":\"WebSite\",\"@id\":\"https:\\\/\\\/blumiz.com\\\/fr\\\/#website\",\"url\":\"https:\\\/\\\/blumiz.com\\\/fr\\\/\",\"name\":\"Blumiz - Premium CBD\",\"description\":\"Blumiz, Cannabis specialist\",\"publisher\":{\"@id\":\"https:\\\/\\\/blumiz.com\\\/fr\\\/#organization\"},\"alternateName\":\"Blumiz\",\"potentialAction\":[{\"@type\":\"SearchAction\",\"target\":{\"@type\":\"EntryPoint\",\"urlTemplate\":\"https:\\\/\\\/blumiz.com\\\/fr\\\/?s={search_term_string}\"},\"query-input\":{\"@type\":\"PropertyValueSpecification\",\"valueRequired\":true,\"valueName\":\"search_term_string\"}}],\"inLanguage\":\"fr-FR\"},{\"@type\":\"Organization\",\"@id\":\"https:\\\/\\\/blumiz.com\\\/fr\\\/#organization\",\"name\":\"Blumiz CBD\",\"alternateName\":\"Blumiz\",\"url\":\"https:\\\/\\\/blumiz.com\\\/fr\\\/\",\"logo\":{\"@type\":\"ImageObject\",\"inLanguage\":\"fr-FR\",\"@id\":\"https:\\\/\\\/blumiz.com\\\/fr\\\/#\\\/schema\\\/logo\\\/image\\\/\",\"url\":\"https:\\\/\\\/blumiz.com\\\/wp-content\\\/uploads\\\/2026\\\/02\\\/cropped-Blumiz-CBD-logo.webp\",\"contentUrl\":\"https:\\\/\\\/blumiz.com\\\/wp-content\\\/uploads\\\/2026\\\/02\\\/cropped-Blumiz-CBD-logo.webp\",\"width\":2547,\"height\":778,\"caption\":\"Blumiz CBD\"},\"image\":{\"@id\":\"https:\\\/\\\/blumiz.com\\\/fr\\\/#\\\/schema\\\/logo\\\/image\\\/\"}}]}<\/script>\n<meta property=\"product:price:amount\" content=\"7.90\" \/>\n<meta property=\"product:price:currency\" content=\"EUR\" \/>\n<meta property=\"og:availability\" content=\"instock\" \/>\n<meta property=\"product:availability\" content=\"instock\" \/>\n<meta property=\"product:retailer_item_id\" content=\"383471\" \/>\n<meta property=\"product:condition\" content=\"new\" \/>\n<!-- \/ Yoast SEO Premium plugin. -->","yoast_head_json":{"title":"Pipe blanche Cristal 12cm Cartoons - Blumiz - Premium CBD","description":"Pipe blanche Cristal 12cm Cartoons - Blumiz - Premium CBD","robots":{"index":"index","follow":"follow","max-snippet":"max-snippet:-1","max-image-preview":"max-image-preview:large","max-video-preview":"max-video-preview:-1"},"canonical":"https:\/\/blumiz.com\/fr\/produit\/the-bulldog-set-de-pipes-en-metal-estampe-rainbow-83-mm-kopie-2\/","og_locale":"fr_FR","og_type":"article","og_title":"Pipe blanche Cristal 12cm Cartoons","og_description":"Pipe blanche Cristal 12cm Cartoons Blumiz - Premium CBD","og_url":"https:\/\/blumiz.com\/fr\/produit\/the-bulldog-set-de-pipes-en-metal-estampe-rainbow-83-mm-kopie-2\/","og_site_name":"Blumiz - Premium CBD","article_modified_time":"2025-10-07T08:52:19+00:00","og_image":[{"width":600,"height":600,"url":"https:\/\/blumiz.com\/wp-content\/uploads\/2024\/07\/Weise-Cristal-Pfeife-12cm-Cartoons.webp","type":"image\/webp"}],"twitter_card":"summary_large_image","twitter_misc":{"Prix":"7,90&nbsp;&euro;","Disponibilit\u00e9":"En stock"},"schema":{"@context":"https:\/\/schema.org","@graph":[{"@type":"WebPage","@id":"https:\/\/blumiz.com\/fr\/produit\/the-bulldog-set-de-pipes-en-metal-estampe-rainbow-83-mm-kopie-2\/","url":"https:\/\/blumiz.com\/fr\/produit\/the-bulldog-set-de-pipes-en-metal-estampe-rainbow-83-mm-kopie-2\/","name":"Pipe blanche Cristal 12cm Cartoons - Blumiz - Premium CBD","isPartOf":{"@id":"https:\/\/blumiz.com\/fr\/#website"},"primaryImageOfPage":{"@id":"https:\/\/blumiz.com\/fr\/produit\/the-bulldog-set-de-pipes-en-metal-estampe-rainbow-83-mm-kopie-2\/#primaryimage"},"image":{"@id":"https:\/\/blumiz.com\/fr\/produit\/the-bulldog-set-de-pipes-en-metal-estampe-rainbow-83-mm-kopie-2\/#primaryimage"},"thumbnailUrl":"https:\/\/blumiz.com\/wp-content\/uploads\/2024\/07\/Weise-Cristal-Pfeife-12cm-Cartoons.webp","datePublished":"2023-07-31T12:35:15+00:00","dateModified":"2025-10-07T08:52:19+00:00","description":"Pipe blanche Cristal 12cm Cartoons - Blumiz - Premium CBD","breadcrumb":{"@id":"https:\/\/blumiz.com\/fr\/produit\/the-bulldog-set-de-pipes-en-metal-estampe-rainbow-83-mm-kopie-2\/#breadcrumb"},"inLanguage":"fr-FR","potentialAction":[{"@type":"ReadAction","target":["https:\/\/blumiz.com\/fr\/produit\/the-bulldog-set-de-pipes-en-metal-estampe-rainbow-83-mm-kopie-2\/"]}]},{"@type":"ImageObject","inLanguage":"fr-FR","@id":"https:\/\/blumiz.com\/fr\/produit\/the-bulldog-set-de-pipes-en-metal-estampe-rainbow-83-mm-kopie-2\/#primaryimage","url":"https:\/\/blumiz.com\/wp-content\/uploads\/2024\/07\/Weise-Cristal-Pfeife-12cm-Cartoons.webp","contentUrl":"https:\/\/blumiz.com\/wp-content\/uploads\/2024\/07\/Weise-Cristal-Pfeife-12cm-Cartoons.webp","width":600,"height":600,"caption":"Wei\u00dfe Cristal Pfeife"},{"@type":"BreadcrumbList","@id":"https:\/\/blumiz.com\/fr\/produit\/the-bulldog-set-de-pipes-en-metal-estampe-rainbow-83-mm-kopie-2\/#breadcrumb","itemListElement":[{"@type":"ListItem","position":1,"name":"Blumiz","item":"https:\/\/blumiz.com\/fr\/"},{"@type":"ListItem","position":2,"name":"CBD Shop","item":"https:\/\/blumiz.com\/fr\/acheter-cbd-shop\/"},{"@type":"ListItem","position":3,"name":"HeadShop","item":"https:\/\/blumiz.com\/fr\/category\/headshop\/"},{"@type":"ListItem","position":4,"name":"Pipe blanche Cristal 12cm Cartoons"}]},{"@type":"WebSite","@id":"https:\/\/blumiz.com\/fr\/#website","url":"https:\/\/blumiz.com\/fr\/","name":"Blumiz - Premium CBD","description":"Blumiz, Cannabis specialist","publisher":{"@id":"https:\/\/blumiz.com\/fr\/#organization"},"alternateName":"Blumiz","potentialAction":[{"@type":"SearchAction","target":{"@type":"EntryPoint","urlTemplate":"https:\/\/blumiz.com\/fr\/?s={search_term_string}"},"query-input":{"@type":"PropertyValueSpecification","valueRequired":true,"valueName":"search_term_string"}}],"inLanguage":"fr-FR"},{"@type":"Organization","@id":"https:\/\/blumiz.com\/fr\/#organization","name":"Blumiz CBD","alternateName":"Blumiz","url":"https:\/\/blumiz.com\/fr\/","logo":{"@type":"ImageObject","inLanguage":"fr-FR","@id":"https:\/\/blumiz.com\/fr\/#\/schema\/logo\/image\/","url":"https:\/\/blumiz.com\/wp-content\/uploads\/2026\/02\/cropped-Blumiz-CBD-logo.webp","contentUrl":"https:\/\/blumiz.com\/wp-content\/uploads\/2026\/02\/cropped-Blumiz-CBD-logo.webp","width":2547,"height":778,"caption":"Blumiz CBD"},"image":{"@id":"https:\/\/blumiz.com\/fr\/#\/schema\/logo\/image\/"}}]},"product_price_amount":"7.90","product_price_currency":"EUR","og_availability":"instock","product_availability":"instock","product_retailer_item_id":"383471","product_condition":"new"},"_links":{"self":[{"href":"https:\/\/blumiz.com\/fr\/wp-json\/wp\/v2\/product\/19204","targetHints":{"allow":["GET"]}}],"collection":[{"href":"https:\/\/blumiz.com\/fr\/wp-json\/wp\/v2\/product"}],"about":[{"href":"https:\/\/blumiz.com\/fr\/wp-json\/wp\/v2\/types\/product"}],"replies":[{"embeddable":true,"href":"https:\/\/blumiz.com\/fr\/wp-json\/wp\/v2\/comments?post=19204"}],"version-history":[{"count":0,"href":"https:\/\/blumiz.com\/fr\/wp-json\/wp\/v2\/product\/19204\/revisions"}],"wp:featuredmedia":[{"embeddable":true,"href":"https:\/\/blumiz.com\/fr\/wp-json\/wp\/v2\/media\/19209"}],"wp:attachment":[{"href":"https:\/\/blumiz.com\/fr\/wp-json\/wp\/v2\/media?parent=19204"}],"wp:term":[{"taxonomy":"product_brand","embeddable":true,"href":"https:\/\/blumiz.com\/fr\/wp-json\/wp\/v2\/product_brand?post=19204"},{"taxonomy":"product_cat","embeddable":true,"href":"https:\/\/blumiz.com\/fr\/wp-json\/wp\/v2\/product_cat?post=19204"},{"taxonomy":"product_tag","embeddable":true,"href":"https:\/\/blumiz.com\/fr\/wp-json\/wp\/v2\/product_tag?post=19204"}],"curies":[{"name":"wp","href":"https:\/\/api.w.org\/{rel}","templated":true}]}}