{"id":19672,"date":"2024-07-31T16:11:34","date_gmt":"2024-07-31T15:11:34","guid":{"rendered":"https:\/\/blumiz.com\/?post_type=product&#038;p=19672"},"modified":"2025-06-02T19:46:07","modified_gmt":"2025-06-02T18:46:07","slug":"ivory-fleur-cbd-24-kopie","status":"publish","type":"product","link":"https:\/\/blumiz.com\/fr\/produit\/ivory-fleur-cbd-24-kopie\/","title":{"rendered":"Bubblegum &#8211; Fleur CBD 21%."},"content":{"rendered":"<h2>Fleur CBD Bubblegum 21% de Blumiz<\/h2>\n<p>D\u00e9couvrez les Fleur CBD Bubblegum de Blumiz avec une teneur impressionnante en CBD de 21%. Ces fleurs soigneusement s\u00e9lectionn\u00e9es, cultiv\u00e9es en hydroponie, offrent non seulement une qualit\u00e9 exceptionnelle, mais aussi un go\u00fbt unique qui rappelle le bubblegum sucr\u00e9.<\/p>\n<h4>Diversit\u00e9 aromatique et effets<\/h4>\n<p>Nos Fleur CBD Bubblegum ont un ar\u00f4me fruit\u00e9 intense et une note sucr\u00e9e qui rappelle les chewing-gums classiques. Lorsqu&#8217;elles sont consomm\u00e9es, les fleurs s&#8217;\u00e9panouissent en une fum\u00e9e douce et aromatique, au go\u00fbt doux et souple.<\/p>\n<h4>Teneur \u00e9lev\u00e9e en CBD et bienfaits th\u00e9rapeutiques<\/h4>\n<p>Avec une teneur en CBD de 21%, ces fleurs offrent un effet puissant qui contribue \u00e0 la relaxation et au soulagement du stress et de l&#8217;anxi\u00e9t\u00e9. Les propri\u00e9t\u00e9s apaisantes du CBD peuvent cr\u00e9er une exp\u00e9rience agr\u00e9able sans produire les effets psychoactifs du THC.<\/p>\n<h4>Culture hydroponique<\/h4>\n<p>Nos Fleur CBD Bubblegum sont cultiv\u00e9es dans un environnement hydroponique de pointe. Cette m\u00e9thode de culture permet un contr\u00f4le pr\u00e9cis des nutriments et de la croissance, ce qui se traduit par des fleurs particuli\u00e8rement pures et puissantes. Chaque lot est soumis \u00e0 un contr\u00f4le de qualit\u00e9 rigoureux afin de garantir que seules les fleurs les plus pures et les meilleures arrivent entre vos mains.<\/p>\n<h4>Utilisation et application<\/h4>\n<p>Les Fleur CBD Bubblegum peuvent \u00eatre appr\u00e9ci\u00e9es de diff\u00e9rentes mani\u00e8res, notamment en les fumant dans une pipe, un vaporisateur ou en les ajoutant \u00e0 des joints. Ils sont \u00e9galement parfaits pour fabriquer vos propres Huiles CBD ou teintures. Leur qualit\u00e9 sup\u00e9rieure et leur go\u00fbt unique en font le choix pr\u00e9f\u00e9r\u00e9 des consommateurs qui recherchent \u00e0 la fois l&#8217;ar\u00f4me et l&#8217;effet.<\/p>\n<p>Offrez-vous les propri\u00e9t\u00e9s douces et relaxantes des Fleur CBD Bubblegum de Blumiz et vivez une exp\u00e9rience CBD de luxe cultiv\u00e9e en hydroponie. Id\u00e9al pour ceux qui recherchent une option CBD de haute qualit\u00e9 avec un profil de go\u00fbt exceptionnel.<\/p>\n","protected":false},"excerpt":{"rendered":"<h2>Fleur CBD Bubblegum 21% de Blumiz<\/h2>\n<p>Nos Fleur CBD Bubblegum (21% CBD), cultiv\u00e9es en hydroponie, offrent un go\u00fbt sucr\u00e9 et des effets relaxants. Id\u00e9al pour une exp\u00e9rience apaisante.<\/p>\n","protected":false},"featured_media":19631,"comment_status":"open","ping_status":"closed","template":"","meta":{"site-sidebar-layout":"default","site-content-layout":"default","ast-site-content-layout":"default","site-content-style":"default","site-sidebar-style":"default","ast-global-header-display":"","ast-banner-title-visibility":"","ast-main-header-display":"","ast-hfb-above-header-display":"","ast-hfb-below-header-display":"","ast-hfb-mobile-header-display":"","site-post-title":"","ast-breadcrumbs-content":"","ast-featured-img":"","footer-sml-layout":"","ast-disable-related-posts":"","theme-transparent-header-meta":"default","adv-header-id-meta":"","stick-header-meta":"default","header-above-stick-meta":"","header-main-stick-meta":"","header-below-stick-meta":"","astra-migrate-meta-layouts":"set","ast-page-background-enabled":"default","ast-page-background-meta":{"desktop":{"background-color":"","background-image":"","background-repeat":"repeat","background-position":"center center","background-size":"auto","background-attachment":"scroll","background-type":"","background-media":"","overlay-type":"","overlay-color":"","overlay-opacity":"","overlay-gradient":""},"tablet":{"background-color":"","background-image":"","background-repeat":"repeat","background-position":"center center","background-size":"auto","background-attachment":"scroll","background-type":"","background-media":"","overlay-type":"","overlay-color":"","overlay-opacity":"","overlay-gradient":""},"mobile":{"background-color":"","background-image":"","background-repeat":"repeat","background-position":"center center","background-size":"auto","background-attachment":"scroll","background-type":"","background-media":"","overlay-type":"","overlay-color":"","overlay-opacity":"","overlay-gradient":""}},"ast-content-background-meta":{"desktop":{"background-color":"var(--ast-global-color-5)","background-image":"","background-repeat":"repeat","background-position":"center center","background-size":"auto","background-attachment":"scroll","background-type":"","background-media":"","overlay-type":"","overlay-color":"","overlay-opacity":"","overlay-gradient":""},"tablet":{"background-color":"var(--ast-global-color-5)","background-image":"","background-repeat":"repeat","background-position":"center center","background-size":"auto","background-attachment":"scroll","background-type":"","background-media":"","overlay-type":"","overlay-color":"","overlay-opacity":"","overlay-gradient":""},"mobile":{"background-color":"var(--ast-global-color-5)","background-image":"","background-repeat":"repeat","background-position":"center center","background-size":"auto","background-attachment":"scroll","background-type":"","background-media":"","overlay-type":"","overlay-color":"","overlay-opacity":"","overlay-gradient":""}}},"product_brand":[],"product_cat":[304,167,161,165],"product_tag":[202,204],"class_list":{"0":"post-19672","1":"product","2":"type-product","3":"status-publish","4":"has-post-thumbnail","6":"product_cat-cbd-fr","7":"product_cat-fleur-cbd-puissante","8":"product_cat-fleurs-de-cbd","9":"product_cat-fleur-cbd-indoor","10":"product_tag-fleurs-cbd-puissantes","11":"product_tag-indoor-cbd-fr","12":"pa_cbd-rate-plus-de-20-cbd","13":"pa_kategorie-fleur-cbd-puissante","14":"pa_kategorie-indoor-fr","15":"desktop-align-left","16":"tablet-align-center","17":"mobile-align-left","18":"ast-product-gallery-layout-vertical","19":"ast-product-gallery-with-no-image","20":"ast-magnify-disabled","21":"ast-product-single-variable","22":"ast-product-tabs-layout-horizontal","24":"first","25":"instock","26":"featured","27":"taxable","28":"shipping-taxable","29":"purchasable","30":"product-type-variable"},"yoast_head":"<!-- This site is optimized with the Yoast SEO Premium plugin v27.2 (Yoast SEO v27.5) - https:\/\/yoast.com\/product\/yoast-seo-premium-wordpress\/ -->\n<title>Bubblegum - Fleur CBD 21%. A partir de 3\u20ac\/g -Tr\u00e8s fort CBD<\/title>\n<meta name=\"description\" content=\"Bubblegum - Fleur CBD 21%.: Un CBD d&#039;une puissance extr\u00eame et aux ar\u00f4mes incroyables, \u00e0 la fois bois\u00e9 et plein d&#039;agrumes doux.\" \/>\n<meta name=\"robots\" content=\"index, follow, max-snippet:-1, max-image-preview:large, max-video-preview:-1\" \/>\n<link rel=\"canonical\" href=\"https:\/\/blumiz.com\/fr\/produit\/ivory-fleur-cbd-24-kopie\/\" \/>\n<meta property=\"og:locale\" content=\"fr_FR\" \/>\n<meta property=\"og:type\" content=\"article\" \/>\n<meta property=\"og:title\" content=\"Bubblegum - Fleur CBD 21%.\" \/>\n<meta property=\"og:description\" content=\"Bubblegum - Fleur CBD 21%. Blumiz - Premium CBD\" \/>\n<meta property=\"og:url\" content=\"https:\/\/blumiz.com\/fr\/produit\/ivory-fleur-cbd-24-kopie\/\" \/>\n<meta property=\"og:site_name\" content=\"Blumiz - Premium CBD\" \/>\n<meta property=\"article:modified_time\" content=\"2025-06-02T18:46:07+00:00\" \/>\n<meta property=\"og:image\" content=\"https:\/\/blumiz.com\/wp-content\/uploads\/2024\/07\/Bubblegum-Indoor.webp\" \/>\n\t<meta property=\"og:image:width\" content=\"600\" \/>\n\t<meta property=\"og:image:height\" content=\"600\" \/>\n\t<meta property=\"og:image:type\" content=\"image\/webp\" \/>\n<meta name=\"twitter:card\" content=\"summary_large_image\" \/>\n<meta name=\"twitter:label1\" content=\"Disponibilit\u00e9\" \/>\n\t<meta name=\"twitter:data1\" content=\"En stock\" \/>\n<script type=\"application\/ld+json\" class=\"yoast-schema-graph\">{\"@context\":\"https:\\\/\\\/schema.org\",\"@graph\":[{\"@type\":\"WebPage\",\"@id\":\"https:\\\/\\\/blumiz.com\\\/fr\\\/produit\\\/ivory-fleur-cbd-24-kopie\\\/\",\"url\":\"https:\\\/\\\/blumiz.com\\\/fr\\\/produit\\\/ivory-fleur-cbd-24-kopie\\\/\",\"name\":\"Bubblegum - Fleur CBD 21%. A partir de 3\u20ac\\\/g -Tr\u00e8s fort CBD\",\"isPartOf\":{\"@id\":\"https:\\\/\\\/blumiz.com\\\/fr\\\/#website\"},\"primaryImageOfPage\":{\"@id\":\"https:\\\/\\\/blumiz.com\\\/fr\\\/produit\\\/ivory-fleur-cbd-24-kopie\\\/#primaryimage\"},\"image\":{\"@id\":\"https:\\\/\\\/blumiz.com\\\/fr\\\/produit\\\/ivory-fleur-cbd-24-kopie\\\/#primaryimage\"},\"thumbnailUrl\":\"https:\\\/\\\/blumiz.com\\\/wp-content\\\/uploads\\\/2024\\\/07\\\/Bubblegum-Indoor.webp\",\"datePublished\":\"2024-07-31T15:11:34+00:00\",\"dateModified\":\"2025-06-02T18:46:07+00:00\",\"description\":\"Bubblegum - Fleur CBD 21%.: Un CBD d'une puissance extr\u00eame et aux ar\u00f4mes incroyables, \u00e0 la fois bois\u00e9 et plein d'agrumes doux.\",\"breadcrumb\":{\"@id\":\"https:\\\/\\\/blumiz.com\\\/fr\\\/produit\\\/ivory-fleur-cbd-24-kopie\\\/#breadcrumb\"},\"inLanguage\":\"fr-FR\",\"potentialAction\":[{\"@type\":\"ReadAction\",\"target\":[\"https:\\\/\\\/blumiz.com\\\/fr\\\/produit\\\/ivory-fleur-cbd-24-kopie\\\/\"]}]},{\"@type\":\"ImageObject\",\"inLanguage\":\"fr-FR\",\"@id\":\"https:\\\/\\\/blumiz.com\\\/fr\\\/produit\\\/ivory-fleur-cbd-24-kopie\\\/#primaryimage\",\"url\":\"https:\\\/\\\/blumiz.com\\\/wp-content\\\/uploads\\\/2024\\\/07\\\/Bubblegum-Indoor.webp\",\"contentUrl\":\"https:\\\/\\\/blumiz.com\\\/wp-content\\\/uploads\\\/2024\\\/07\\\/Bubblegum-Indoor.webp\",\"width\":600,\"height\":600,\"caption\":\"bubblegum indoor hydro cali cbd\"},{\"@type\":\"BreadcrumbList\",\"@id\":\"https:\\\/\\\/blumiz.com\\\/fr\\\/produit\\\/ivory-fleur-cbd-24-kopie\\\/#breadcrumb\",\"itemListElement\":[{\"@type\":\"ListItem\",\"position\":1,\"name\":\"Blumiz\",\"item\":\"https:\\\/\\\/blumiz.com\\\/fr\\\/\"},{\"@type\":\"ListItem\",\"position\":2,\"name\":\"CBD Shop\",\"item\":\"https:\\\/\\\/blumiz.com\\\/fr\\\/acheter-cbd-shop\\\/\"},{\"@type\":\"ListItem\",\"position\":3,\"name\":\"Fleurs de CBD\",\"item\":\"https:\\\/\\\/blumiz.com\\\/fr\\\/category\\\/fleurs-de-cbd\\\/\"},{\"@type\":\"ListItem\",\"position\":4,\"name\":\"Bubblegum &#8211; Fleur CBD 21%.\"}]},{\"@type\":\"WebSite\",\"@id\":\"https:\\\/\\\/blumiz.com\\\/fr\\\/#website\",\"url\":\"https:\\\/\\\/blumiz.com\\\/fr\\\/\",\"name\":\"Blumiz - Premium CBD\",\"description\":\"Blumiz, Cannabis specialist\",\"publisher\":{\"@id\":\"https:\\\/\\\/blumiz.com\\\/fr\\\/#organization\"},\"alternateName\":\"Blumiz\",\"potentialAction\":[{\"@type\":\"SearchAction\",\"target\":{\"@type\":\"EntryPoint\",\"urlTemplate\":\"https:\\\/\\\/blumiz.com\\\/fr\\\/?s={search_term_string}\"},\"query-input\":{\"@type\":\"PropertyValueSpecification\",\"valueRequired\":true,\"valueName\":\"search_term_string\"}}],\"inLanguage\":\"fr-FR\"},{\"@type\":\"Organization\",\"@id\":\"https:\\\/\\\/blumiz.com\\\/fr\\\/#organization\",\"name\":\"Blumiz CBD\",\"alternateName\":\"Blumiz\",\"url\":\"https:\\\/\\\/blumiz.com\\\/fr\\\/\",\"logo\":{\"@type\":\"ImageObject\",\"inLanguage\":\"fr-FR\",\"@id\":\"https:\\\/\\\/blumiz.com\\\/fr\\\/#\\\/schema\\\/logo\\\/image\\\/\",\"url\":\"https:\\\/\\\/blumiz.com\\\/wp-content\\\/uploads\\\/2026\\\/02\\\/cropped-Blumiz-CBD-logo.webp\",\"contentUrl\":\"https:\\\/\\\/blumiz.com\\\/wp-content\\\/uploads\\\/2026\\\/02\\\/cropped-Blumiz-CBD-logo.webp\",\"width\":2547,\"height\":778,\"caption\":\"Blumiz CBD\"},\"image\":{\"@id\":\"https:\\\/\\\/blumiz.com\\\/fr\\\/#\\\/schema\\\/logo\\\/image\\\/\"}}]}<\/script>\n<meta property=\"og:availability\" content=\"instock\" \/>\n<meta property=\"product:availability\" content=\"instock\" \/>\n<meta property=\"product:retailer_item_id\" content=\"14785\" \/>\n<meta property=\"product:condition\" content=\"new\" \/>\n<!-- \/ Yoast SEO Premium plugin. -->","yoast_head_json":{"title":"Bubblegum - Fleur CBD 21%. A partir de 3\u20ac\/g -Tr\u00e8s fort CBD","description":"Bubblegum - Fleur CBD 21%.: Un CBD d'une puissance extr\u00eame et aux ar\u00f4mes incroyables, \u00e0 la fois bois\u00e9 et plein d'agrumes doux.","robots":{"index":"index","follow":"follow","max-snippet":"max-snippet:-1","max-image-preview":"max-image-preview:large","max-video-preview":"max-video-preview:-1"},"canonical":"https:\/\/blumiz.com\/fr\/produit\/ivory-fleur-cbd-24-kopie\/","og_locale":"fr_FR","og_type":"article","og_title":"Bubblegum - Fleur CBD 21%.","og_description":"Bubblegum - Fleur CBD 21%. Blumiz - Premium CBD","og_url":"https:\/\/blumiz.com\/fr\/produit\/ivory-fleur-cbd-24-kopie\/","og_site_name":"Blumiz - Premium CBD","article_modified_time":"2025-06-02T18:46:07+00:00","og_image":[{"width":600,"height":600,"url":"https:\/\/blumiz.com\/wp-content\/uploads\/2024\/07\/Bubblegum-Indoor.webp","type":"image\/webp"}],"twitter_card":"summary_large_image","twitter_misc":{"Disponibilit\u00e9":"En stock"},"schema":{"@context":"https:\/\/schema.org","@graph":[{"@type":"WebPage","@id":"https:\/\/blumiz.com\/fr\/produit\/ivory-fleur-cbd-24-kopie\/","url":"https:\/\/blumiz.com\/fr\/produit\/ivory-fleur-cbd-24-kopie\/","name":"Bubblegum - Fleur CBD 21%. A partir de 3\u20ac\/g -Tr\u00e8s fort CBD","isPartOf":{"@id":"https:\/\/blumiz.com\/fr\/#website"},"primaryImageOfPage":{"@id":"https:\/\/blumiz.com\/fr\/produit\/ivory-fleur-cbd-24-kopie\/#primaryimage"},"image":{"@id":"https:\/\/blumiz.com\/fr\/produit\/ivory-fleur-cbd-24-kopie\/#primaryimage"},"thumbnailUrl":"https:\/\/blumiz.com\/wp-content\/uploads\/2024\/07\/Bubblegum-Indoor.webp","datePublished":"2024-07-31T15:11:34+00:00","dateModified":"2025-06-02T18:46:07+00:00","description":"Bubblegum - Fleur CBD 21%.: Un CBD d'une puissance extr\u00eame et aux ar\u00f4mes incroyables, \u00e0 la fois bois\u00e9 et plein d'agrumes doux.","breadcrumb":{"@id":"https:\/\/blumiz.com\/fr\/produit\/ivory-fleur-cbd-24-kopie\/#breadcrumb"},"inLanguage":"fr-FR","potentialAction":[{"@type":"ReadAction","target":["https:\/\/blumiz.com\/fr\/produit\/ivory-fleur-cbd-24-kopie\/"]}]},{"@type":"ImageObject","inLanguage":"fr-FR","@id":"https:\/\/blumiz.com\/fr\/produit\/ivory-fleur-cbd-24-kopie\/#primaryimage","url":"https:\/\/blumiz.com\/wp-content\/uploads\/2024\/07\/Bubblegum-Indoor.webp","contentUrl":"https:\/\/blumiz.com\/wp-content\/uploads\/2024\/07\/Bubblegum-Indoor.webp","width":600,"height":600,"caption":"bubblegum indoor hydro cali cbd"},{"@type":"BreadcrumbList","@id":"https:\/\/blumiz.com\/fr\/produit\/ivory-fleur-cbd-24-kopie\/#breadcrumb","itemListElement":[{"@type":"ListItem","position":1,"name":"Blumiz","item":"https:\/\/blumiz.com\/fr\/"},{"@type":"ListItem","position":2,"name":"CBD Shop","item":"https:\/\/blumiz.com\/fr\/acheter-cbd-shop\/"},{"@type":"ListItem","position":3,"name":"Fleurs de CBD","item":"https:\/\/blumiz.com\/fr\/category\/fleurs-de-cbd\/"},{"@type":"ListItem","position":4,"name":"Bubblegum &#8211; Fleur CBD 21%."}]},{"@type":"WebSite","@id":"https:\/\/blumiz.com\/fr\/#website","url":"https:\/\/blumiz.com\/fr\/","name":"Blumiz - Premium CBD","description":"Blumiz, Cannabis specialist","publisher":{"@id":"https:\/\/blumiz.com\/fr\/#organization"},"alternateName":"Blumiz","potentialAction":[{"@type":"SearchAction","target":{"@type":"EntryPoint","urlTemplate":"https:\/\/blumiz.com\/fr\/?s={search_term_string}"},"query-input":{"@type":"PropertyValueSpecification","valueRequired":true,"valueName":"search_term_string"}}],"inLanguage":"fr-FR"},{"@type":"Organization","@id":"https:\/\/blumiz.com\/fr\/#organization","name":"Blumiz CBD","alternateName":"Blumiz","url":"https:\/\/blumiz.com\/fr\/","logo":{"@type":"ImageObject","inLanguage":"fr-FR","@id":"https:\/\/blumiz.com\/fr\/#\/schema\/logo\/image\/","url":"https:\/\/blumiz.com\/wp-content\/uploads\/2026\/02\/cropped-Blumiz-CBD-logo.webp","contentUrl":"https:\/\/blumiz.com\/wp-content\/uploads\/2026\/02\/cropped-Blumiz-CBD-logo.webp","width":2547,"height":778,"caption":"Blumiz CBD"},"image":{"@id":"https:\/\/blumiz.com\/fr\/#\/schema\/logo\/image\/"}}]},"og_availability":"instock","product_availability":"instock","product_retailer_item_id":"14785","product_condition":"new"},"_links":{"self":[{"href":"https:\/\/blumiz.com\/fr\/wp-json\/wp\/v2\/product\/19672","targetHints":{"allow":["GET"]}}],"collection":[{"href":"https:\/\/blumiz.com\/fr\/wp-json\/wp\/v2\/product"}],"about":[{"href":"https:\/\/blumiz.com\/fr\/wp-json\/wp\/v2\/types\/product"}],"replies":[{"embeddable":true,"href":"https:\/\/blumiz.com\/fr\/wp-json\/wp\/v2\/comments?post=19672"}],"version-history":[{"count":0,"href":"https:\/\/blumiz.com\/fr\/wp-json\/wp\/v2\/product\/19672\/revisions"}],"wp:featuredmedia":[{"embeddable":true,"href":"https:\/\/blumiz.com\/fr\/wp-json\/wp\/v2\/media\/19631"}],"wp:attachment":[{"href":"https:\/\/blumiz.com\/fr\/wp-json\/wp\/v2\/media?parent=19672"}],"wp:term":[{"taxonomy":"product_brand","embeddable":true,"href":"https:\/\/blumiz.com\/fr\/wp-json\/wp\/v2\/product_brand?post=19672"},{"taxonomy":"product_cat","embeddable":true,"href":"https:\/\/blumiz.com\/fr\/wp-json\/wp\/v2\/product_cat?post=19672"},{"taxonomy":"product_tag","embeddable":true,"href":"https:\/\/blumiz.com\/fr\/wp-json\/wp\/v2\/product_tag?post=19672"}],"curies":[{"name":"wp","href":"https:\/\/api.w.org\/{rel}","templated":true}]}}