{"id":19703,"date":"2024-07-31T15:20:13","date_gmt":"2024-07-31T14:20:13","guid":{"rendered":"https:\/\/blumiz.com\/?post_type=product&#038;p=19703"},"modified":"2025-02-11T13:01:12","modified_gmt":"2025-02-11T12:01:12","slug":"hash-cbd-afghan-30-kopie-2","status":"publish","type":"product","link":"https:\/\/blumiz.com\/fr\/produit\/hash-cbd-afghan-30-kopie-2\/","title":{"rendered":"Ketama HASH CBD 35%"},"content":{"rendered":"<h3>Hash CBD de Ketama 35%.<\/h3>\n<p>Plongez dans l&#8217;univers du Hash CBD Ketama de Blumiz, dont les 35% de CBD impressionnants procurent des effets relaxants particuli\u00e8rement puissants. Inspir\u00e9 de la l\u00e9gendaire tradition du haschisch de la r\u00e9gion de Ketama au Maroc, ce Hash CBD de haute qualit\u00e9 offre une exp\u00e9rience authentique avec un go\u00fbt unique. <\/p>\n<h4>Diversit\u00e9 aromatique et texture<\/h4>\n<p>Notre Hash CBD Ketama enthousiasme par son ar\u00f4me profond et terreux et ses notes \u00e9pic\u00e9es qui rappellent le haschisch marocain traditionnel. Sa texture sirupeuse et dense le rend polyvalent, que ce soit pour le fumer, le vaporiser ou l&#8217;utiliser comme ingr\u00e9dient dans des cr\u00e9ations culinaires. Sa texture riche permet une manipulation et une int\u00e9gration faciles dans diff\u00e9rents modes de consommation.  <\/p>\n<h4>Forte teneur en CBD et bienfaits th\u00e9rapeutiques<\/h4>\n<p>Avec une teneur \u00e9lev\u00e9e en CBD de 35%, ce hash offre des effets calmants et relaxants exceptionnels. Id\u00e9al pour les utilisateurs exp\u00e9riment\u00e9s de CBD qui recherchent un soulagement puissant du stress, de l&#8217;agitation et des troubles l\u00e9gers sans avoir \u00e0 subir les effets psychoactifs du THC. <\/p>\n<h4>Fabrication de haute qualit\u00e9<\/h4>\n<p>Notre Hash CBD Ketama est fabriqu\u00e9 \u00e0 partir de fleurs de chanvre soigneusement s\u00e9lectionn\u00e9es et soumises \u00e0 des contr\u00f4les de qualit\u00e9 stricts afin de garantir une puret\u00e9 et une efficacit\u00e9 maximales. Le produit est 100% naturel, ne contient aucun additif et offre tous les avantages du chanvre. <\/p>\n<h4>Utilisation et application<\/h4>\n<p>Le Hash CBD de Ketama est id\u00e9al pour un usage quotidien et peut \u00eatre fum\u00e9, vaporis\u00e9 ou utilis\u00e9 dans vos propres produits CBD. Sa texture dense et son go\u00fbt intense en font un choix luxueux pour les utilisateurs de CBD exigeants. <\/p>\n<p>D\u00e9couvrez la qualit\u00e9 exquise du Hash CBD Ketama de Blumiz et profitez d&#8217;une exp\u00e9rience authentique et relaxante. Chez Blumiz, nous offrons une livraison rapide et discr\u00e8te et garantissons la meilleure qualit\u00e9 de produit pour que vous puissiez vous concentrer pleinement sur votre d\u00e9tente. <\/p>\n<p>&nbsp;<\/p>\n","protected":false},"excerpt":{"rendered":"<h2>Hash CBD de Ketama 35%.<\/h2>\n<p>Faites l&#8217;exp\u00e9rience du Hash CBD Ketama de Blumiz avec 35% de CBD. Ce hash dense et terreux offre de puissants effets relaxants et des ar\u00f4mes marocains authentiques. Id\u00e9al pour les utilisateurs de CBD exp\u00e9riment\u00e9s.  <\/p>\n","protected":false},"featured_media":19721,"comment_status":"open","ping_status":"closed","template":"","meta":{"site-sidebar-layout":"default","site-content-layout":"default","ast-site-content-layout":"default","site-content-style":"default","site-sidebar-style":"default","ast-global-header-display":"","ast-banner-title-visibility":"","ast-main-header-display":"","ast-hfb-above-header-display":"","ast-hfb-below-header-display":"","ast-hfb-mobile-header-display":"","site-post-title":"","ast-breadcrumbs-content":"","ast-featured-img":"","footer-sml-layout":"","ast-disable-related-posts":"","theme-transparent-header-meta":"default","adv-header-id-meta":"","stick-header-meta":"default","header-above-stick-meta":"","header-main-stick-meta":"","header-below-stick-meta":"","astra-migrate-meta-layouts":"set","ast-page-background-enabled":"default","ast-page-background-meta":{"desktop":{"background-color":"","background-image":"","background-repeat":"repeat","background-position":"center center","background-size":"auto","background-attachment":"scroll","background-type":"","background-media":"","overlay-type":"","overlay-color":"","overlay-opacity":"","overlay-gradient":""},"tablet":{"background-color":"","background-image":"","background-repeat":"repeat","background-position":"center center","background-size":"auto","background-attachment":"scroll","background-type":"","background-media":"","overlay-type":"","overlay-color":"","overlay-opacity":"","overlay-gradient":""},"mobile":{"background-color":"","background-image":"","background-repeat":"repeat","background-position":"center center","background-size":"auto","background-attachment":"scroll","background-type":"","background-media":"","overlay-type":"","overlay-color":"","overlay-opacity":"","overlay-gradient":""}},"ast-content-background-meta":{"desktop":{"background-color":"var(--ast-global-color-5)","background-image":"","background-repeat":"repeat","background-position":"center center","background-size":"auto","background-attachment":"scroll","background-type":"","background-media":"","overlay-type":"","overlay-color":"","overlay-opacity":"","overlay-gradient":""},"tablet":{"background-color":"var(--ast-global-color-5)","background-image":"","background-repeat":"repeat","background-position":"center center","background-size":"auto","background-attachment":"scroll","background-type":"","background-media":"","overlay-type":"","overlay-color":"","overlay-opacity":"","overlay-gradient":""},"mobile":{"background-color":"var(--ast-global-color-5)","background-image":"","background-repeat":"repeat","background-position":"center center","background-size":"auto","background-attachment":"scroll","background-type":"","background-media":"","overlay-type":"","overlay-color":"","overlay-opacity":"","overlay-gradient":""}}},"product_brand":[],"product_cat":[304,175,174],"product_tag":[201,202],"class_list":{"0":"post-19703","1":"product","2":"type-product","3":"status-publish","4":"has-post-thumbnail","6":"product_cat-cbd-fr","7":"product_cat-hash-cbd","8":"product_cat-hash-et-concentres","9":"product_tag-fleurs-cbd-pas-cher","10":"product_tag-fleurs-cbd-puissantes","11":"pa_cbd-rate-plus-de-20-cbd","12":"pa_kategorie-greenhouse-fr","13":"desktop-align-left","14":"tablet-align-center","15":"mobile-align-left","16":"ast-product-gallery-layout-vertical","17":"ast-product-gallery-with-no-image","18":"ast-magnify-disabled","19":"ast-product-single-variable","20":"ast-product-tabs-layout-horizontal","22":"first","23":"instock","24":"taxable","25":"shipping-taxable","26":"purchasable","27":"product-type-variable"},"yoast_head":"<!-- This site is optimized with the Yoast SEO Premium plugin v27.2 (Yoast SEO v27.4) - https:\/\/yoast.com\/product\/yoast-seo-premium-wordpress\/ -->\n<title>Afghan Hash CBD %sep%Blumiz - Premium CBD.<\/title>\n<meta name=\"description\" content=\"Afghan Hash CBD 30% \u00e0 partir de 3\u20ac\/g....Afghan Hash est un haschisch CBD tr\u00e8s puissant..appr\u00e9ci\u00e9 pour son ar\u00f4me de pin..L\u00e9gal en France Premium\" \/>\n<meta name=\"robots\" content=\"index, follow, max-snippet:-1, max-image-preview:large, max-video-preview:-1\" \/>\n<link rel=\"canonical\" href=\"https:\/\/blumiz.com\/fr\/produit\/hash-cbd-afghan-30-kopie-2\/\" \/>\n<meta property=\"og:locale\" content=\"fr_FR\" \/>\n<meta property=\"og:type\" content=\"article\" \/>\n<meta property=\"og:title\" content=\"Ketama HASH CBD 35%\" \/>\n<meta property=\"og:description\" content=\"Ketama HASH CBD 35% Blumiz - Premium CBD\" \/>\n<meta property=\"og:url\" content=\"https:\/\/blumiz.com\/fr\/produit\/hash-cbd-afghan-30-kopie-2\/\" \/>\n<meta property=\"og:site_name\" content=\"Blumiz - Premium CBD\" \/>\n<meta property=\"article:modified_time\" content=\"2025-02-11T12:01:12+00:00\" \/>\n<meta property=\"og:image\" content=\"https:\/\/blumiz.com\/wp-content\/uploads\/2024\/07\/Ketama-CBD-HASH-35.webp\" \/>\n\t<meta property=\"og:image:width\" content=\"600\" \/>\n\t<meta property=\"og:image:height\" content=\"600\" \/>\n\t<meta property=\"og:image:type\" content=\"image\/webp\" \/>\n<meta name=\"twitter:card\" content=\"summary_large_image\" \/>\n<meta name=\"twitter:label1\" content=\"Disponibilit\u00e9\" \/>\n\t<meta name=\"twitter:data1\" content=\"En stock\" \/>\n<script type=\"application\/ld+json\" class=\"yoast-schema-graph\">{\"@context\":\"https:\\\/\\\/schema.org\",\"@graph\":[{\"@type\":\"WebPage\",\"@id\":\"https:\\\/\\\/blumiz.com\\\/fr\\\/produit\\\/hash-cbd-afghan-30-kopie-2\\\/\",\"url\":\"https:\\\/\\\/blumiz.com\\\/fr\\\/produit\\\/hash-cbd-afghan-30-kopie-2\\\/\",\"name\":\"Afghan Hash CBD %sep%Blumiz - Premium CBD.\",\"isPartOf\":{\"@id\":\"https:\\\/\\\/blumiz.com\\\/fr\\\/#website\"},\"primaryImageOfPage\":{\"@id\":\"https:\\\/\\\/blumiz.com\\\/fr\\\/produit\\\/hash-cbd-afghan-30-kopie-2\\\/#primaryimage\"},\"image\":{\"@id\":\"https:\\\/\\\/blumiz.com\\\/fr\\\/produit\\\/hash-cbd-afghan-30-kopie-2\\\/#primaryimage\"},\"thumbnailUrl\":\"https:\\\/\\\/blumiz.com\\\/wp-content\\\/uploads\\\/2024\\\/07\\\/Ketama-CBD-HASH-35.webp\",\"datePublished\":\"2024-07-31T14:20:13+00:00\",\"dateModified\":\"2025-02-11T12:01:12+00:00\",\"description\":\"Afghan Hash CBD 30% \u00e0 partir de 3\u20ac\\\/g....Afghan Hash est un haschisch CBD tr\u00e8s puissant..appr\u00e9ci\u00e9 pour son ar\u00f4me de pin..L\u00e9gal en France Premium\",\"breadcrumb\":{\"@id\":\"https:\\\/\\\/blumiz.com\\\/fr\\\/produit\\\/hash-cbd-afghan-30-kopie-2\\\/#breadcrumb\"},\"inLanguage\":\"fr-FR\",\"potentialAction\":[{\"@type\":\"ReadAction\",\"target\":[\"https:\\\/\\\/blumiz.com\\\/fr\\\/produit\\\/hash-cbd-afghan-30-kopie-2\\\/\"]}]},{\"@type\":\"ImageObject\",\"inLanguage\":\"fr-FR\",\"@id\":\"https:\\\/\\\/blumiz.com\\\/fr\\\/produit\\\/hash-cbd-afghan-30-kopie-2\\\/#primaryimage\",\"url\":\"https:\\\/\\\/blumiz.com\\\/wp-content\\\/uploads\\\/2024\\\/07\\\/Ketama-CBD-HASH-35.webp\",\"contentUrl\":\"https:\\\/\\\/blumiz.com\\\/wp-content\\\/uploads\\\/2024\\\/07\\\/Ketama-CBD-HASH-35.webp\",\"width\":600,\"height\":600,\"caption\":\"Ketama Cbd hash\"},{\"@type\":\"BreadcrumbList\",\"@id\":\"https:\\\/\\\/blumiz.com\\\/fr\\\/produit\\\/hash-cbd-afghan-30-kopie-2\\\/#breadcrumb\",\"itemListElement\":[{\"@type\":\"ListItem\",\"position\":1,\"name\":\"Blumiz\",\"item\":\"https:\\\/\\\/blumiz.com\\\/fr\\\/\"},{\"@type\":\"ListItem\",\"position\":2,\"name\":\"CBD Shop\",\"item\":\"https:\\\/\\\/blumiz.com\\\/fr\\\/acheter-cbd-shop\\\/\"},{\"@type\":\"ListItem\",\"position\":3,\"name\":\"Hash et concentr\u00e9s\",\"item\":\"https:\\\/\\\/blumiz.com\\\/fr\\\/category\\\/hash-et-concentres\\\/\"},{\"@type\":\"ListItem\",\"position\":4,\"name\":\"Ketama HASH CBD 35%\"}]},{\"@type\":\"WebSite\",\"@id\":\"https:\\\/\\\/blumiz.com\\\/fr\\\/#website\",\"url\":\"https:\\\/\\\/blumiz.com\\\/fr\\\/\",\"name\":\"Blumiz - Premium CBD\",\"description\":\"Blumiz, Cannabis specialist\",\"publisher\":{\"@id\":\"https:\\\/\\\/blumiz.com\\\/fr\\\/#organization\"},\"alternateName\":\"Blumiz\",\"potentialAction\":[{\"@type\":\"SearchAction\",\"target\":{\"@type\":\"EntryPoint\",\"urlTemplate\":\"https:\\\/\\\/blumiz.com\\\/fr\\\/?s={search_term_string}\"},\"query-input\":{\"@type\":\"PropertyValueSpecification\",\"valueRequired\":true,\"valueName\":\"search_term_string\"}}],\"inLanguage\":\"fr-FR\"},{\"@type\":\"Organization\",\"@id\":\"https:\\\/\\\/blumiz.com\\\/fr\\\/#organization\",\"name\":\"Blumiz CBD\",\"alternateName\":\"Blumiz\",\"url\":\"https:\\\/\\\/blumiz.com\\\/fr\\\/\",\"logo\":{\"@type\":\"ImageObject\",\"inLanguage\":\"fr-FR\",\"@id\":\"https:\\\/\\\/blumiz.com\\\/fr\\\/#\\\/schema\\\/logo\\\/image\\\/\",\"url\":\"https:\\\/\\\/blumiz.com\\\/wp-content\\\/uploads\\\/2026\\\/02\\\/cropped-Blumiz-CBD-logo.webp\",\"contentUrl\":\"https:\\\/\\\/blumiz.com\\\/wp-content\\\/uploads\\\/2026\\\/02\\\/cropped-Blumiz-CBD-logo.webp\",\"width\":2547,\"height\":778,\"caption\":\"Blumiz CBD\"},\"image\":{\"@id\":\"https:\\\/\\\/blumiz.com\\\/fr\\\/#\\\/schema\\\/logo\\\/image\\\/\"}}]}<\/script>\n<meta property=\"og:availability\" content=\"instock\" \/>\n<meta property=\"product:availability\" content=\"instock\" \/>\n<meta property=\"product:retailer_item_id\" content=\"18540\" \/>\n<meta property=\"product:condition\" content=\"new\" \/>\n<!-- \/ Yoast SEO Premium plugin. -->","yoast_head_json":{"title":"Afghan Hash CBD %sep%Blumiz - Premium CBD.","description":"Afghan Hash CBD 30% \u00e0 partir de 3\u20ac\/g....Afghan Hash est un haschisch CBD tr\u00e8s puissant..appr\u00e9ci\u00e9 pour son ar\u00f4me de pin..L\u00e9gal en France Premium","robots":{"index":"index","follow":"follow","max-snippet":"max-snippet:-1","max-image-preview":"max-image-preview:large","max-video-preview":"max-video-preview:-1"},"canonical":"https:\/\/blumiz.com\/fr\/produit\/hash-cbd-afghan-30-kopie-2\/","og_locale":"fr_FR","og_type":"article","og_title":"Ketama HASH CBD 35%","og_description":"Ketama HASH CBD 35% Blumiz - Premium CBD","og_url":"https:\/\/blumiz.com\/fr\/produit\/hash-cbd-afghan-30-kopie-2\/","og_site_name":"Blumiz - Premium CBD","article_modified_time":"2025-02-11T12:01:12+00:00","og_image":[{"width":600,"height":600,"url":"https:\/\/blumiz.com\/wp-content\/uploads\/2024\/07\/Ketama-CBD-HASH-35.webp","type":"image\/webp"}],"twitter_card":"summary_large_image","twitter_misc":{"Disponibilit\u00e9":"En stock"},"schema":{"@context":"https:\/\/schema.org","@graph":[{"@type":"WebPage","@id":"https:\/\/blumiz.com\/fr\/produit\/hash-cbd-afghan-30-kopie-2\/","url":"https:\/\/blumiz.com\/fr\/produit\/hash-cbd-afghan-30-kopie-2\/","name":"Afghan Hash CBD %sep%Blumiz - Premium CBD.","isPartOf":{"@id":"https:\/\/blumiz.com\/fr\/#website"},"primaryImageOfPage":{"@id":"https:\/\/blumiz.com\/fr\/produit\/hash-cbd-afghan-30-kopie-2\/#primaryimage"},"image":{"@id":"https:\/\/blumiz.com\/fr\/produit\/hash-cbd-afghan-30-kopie-2\/#primaryimage"},"thumbnailUrl":"https:\/\/blumiz.com\/wp-content\/uploads\/2024\/07\/Ketama-CBD-HASH-35.webp","datePublished":"2024-07-31T14:20:13+00:00","dateModified":"2025-02-11T12:01:12+00:00","description":"Afghan Hash CBD 30% \u00e0 partir de 3\u20ac\/g....Afghan Hash est un haschisch CBD tr\u00e8s puissant..appr\u00e9ci\u00e9 pour son ar\u00f4me de pin..L\u00e9gal en France Premium","breadcrumb":{"@id":"https:\/\/blumiz.com\/fr\/produit\/hash-cbd-afghan-30-kopie-2\/#breadcrumb"},"inLanguage":"fr-FR","potentialAction":[{"@type":"ReadAction","target":["https:\/\/blumiz.com\/fr\/produit\/hash-cbd-afghan-30-kopie-2\/"]}]},{"@type":"ImageObject","inLanguage":"fr-FR","@id":"https:\/\/blumiz.com\/fr\/produit\/hash-cbd-afghan-30-kopie-2\/#primaryimage","url":"https:\/\/blumiz.com\/wp-content\/uploads\/2024\/07\/Ketama-CBD-HASH-35.webp","contentUrl":"https:\/\/blumiz.com\/wp-content\/uploads\/2024\/07\/Ketama-CBD-HASH-35.webp","width":600,"height":600,"caption":"Ketama Cbd hash"},{"@type":"BreadcrumbList","@id":"https:\/\/blumiz.com\/fr\/produit\/hash-cbd-afghan-30-kopie-2\/#breadcrumb","itemListElement":[{"@type":"ListItem","position":1,"name":"Blumiz","item":"https:\/\/blumiz.com\/fr\/"},{"@type":"ListItem","position":2,"name":"CBD Shop","item":"https:\/\/blumiz.com\/fr\/acheter-cbd-shop\/"},{"@type":"ListItem","position":3,"name":"Hash et concentr\u00e9s","item":"https:\/\/blumiz.com\/fr\/category\/hash-et-concentres\/"},{"@type":"ListItem","position":4,"name":"Ketama HASH CBD 35%"}]},{"@type":"WebSite","@id":"https:\/\/blumiz.com\/fr\/#website","url":"https:\/\/blumiz.com\/fr\/","name":"Blumiz - Premium CBD","description":"Blumiz, Cannabis specialist","publisher":{"@id":"https:\/\/blumiz.com\/fr\/#organization"},"alternateName":"Blumiz","potentialAction":[{"@type":"SearchAction","target":{"@type":"EntryPoint","urlTemplate":"https:\/\/blumiz.com\/fr\/?s={search_term_string}"},"query-input":{"@type":"PropertyValueSpecification","valueRequired":true,"valueName":"search_term_string"}}],"inLanguage":"fr-FR"},{"@type":"Organization","@id":"https:\/\/blumiz.com\/fr\/#organization","name":"Blumiz CBD","alternateName":"Blumiz","url":"https:\/\/blumiz.com\/fr\/","logo":{"@type":"ImageObject","inLanguage":"fr-FR","@id":"https:\/\/blumiz.com\/fr\/#\/schema\/logo\/image\/","url":"https:\/\/blumiz.com\/wp-content\/uploads\/2026\/02\/cropped-Blumiz-CBD-logo.webp","contentUrl":"https:\/\/blumiz.com\/wp-content\/uploads\/2026\/02\/cropped-Blumiz-CBD-logo.webp","width":2547,"height":778,"caption":"Blumiz CBD"},"image":{"@id":"https:\/\/blumiz.com\/fr\/#\/schema\/logo\/image\/"}}]},"og_availability":"instock","product_availability":"instock","product_retailer_item_id":"18540","product_condition":"new"},"_links":{"self":[{"href":"https:\/\/blumiz.com\/fr\/wp-json\/wp\/v2\/product\/19703","targetHints":{"allow":["GET"]}}],"collection":[{"href":"https:\/\/blumiz.com\/fr\/wp-json\/wp\/v2\/product"}],"about":[{"href":"https:\/\/blumiz.com\/fr\/wp-json\/wp\/v2\/types\/product"}],"replies":[{"embeddable":true,"href":"https:\/\/blumiz.com\/fr\/wp-json\/wp\/v2\/comments?post=19703"}],"version-history":[{"count":0,"href":"https:\/\/blumiz.com\/fr\/wp-json\/wp\/v2\/product\/19703\/revisions"}],"wp:featuredmedia":[{"embeddable":true,"href":"https:\/\/blumiz.com\/fr\/wp-json\/wp\/v2\/media\/19721"}],"wp:attachment":[{"href":"https:\/\/blumiz.com\/fr\/wp-json\/wp\/v2\/media?parent=19703"}],"wp:term":[{"taxonomy":"product_brand","embeddable":true,"href":"https:\/\/blumiz.com\/fr\/wp-json\/wp\/v2\/product_brand?post=19703"},{"taxonomy":"product_cat","embeddable":true,"href":"https:\/\/blumiz.com\/fr\/wp-json\/wp\/v2\/product_cat?post=19703"},{"taxonomy":"product_tag","embeddable":true,"href":"https:\/\/blumiz.com\/fr\/wp-json\/wp\/v2\/product_tag?post=19703"}],"curies":[{"name":"wp","href":"https:\/\/api.w.org\/{rel}","templated":true}]}}