{"id":22558,"date":"2025-08-05T09:52:58","date_gmt":"2025-08-05T08:52:58","guid":{"rendered":"https:\/\/blumiz.com\/produkt\/xvape-aria-vaporisateur-portable-pour-herbes-et-concentres\/"},"modified":"2025-10-20T16:27:09","modified_gmt":"2025-10-20T15:27:09","slug":"xvape-aria-vaporisateur-portable-pour-herbes-et-concentres","status":"publish","type":"product","link":"https:\/\/blumiz.com\/fr\/produit\/xvape-aria-vaporisateur-portable-pour-herbes-et-concentres\/","title":{"rendered":"XVAPE ARIA+ &#8211; Vaporisateur portable pour herbes et concentr\u00e9s"},"content":{"rendered":"<p class=\"p1\">Le site <span class=\"s1\"><b>XVAPE ARIA+<\/b><\/span> est un vaporisateur hybride portable qui convient \u00e0 la fois aux herbes s\u00e8ches et aux concentr\u00e9s (comme la cire ou la r\u00e9sine). Gr\u00e2ce \u00e0 son temps de chauffe rapide et au contr\u00f4le pr\u00e9cis de la temp\u00e9rature via un \u00e9cran OLED, chaque session peut \u00eatre personnalis\u00e9e. L&#8217;embout en c\u00e9ramique et la chambre en acier inoxydable garantissent une vapeur dense et savoureuse, d&#8217;une puret\u00e9 maximale. Compact, discret et facile \u00e0 utiliser, le XVAPE ARIA+ allie puissance, polyvalence et design \u00e9l\u00e9gant, id\u00e9al pour les amateurs exigeants.   <\/p>\n","protected":false},"excerpt":{"rendered":"<p class=\"p1\">Vaporisateur portable pour herbes et concentr\u00e9s &#8211; pr\u00e9cis, puissant et compact.<\/p>\n","protected":false},"featured_media":22549,"comment_status":"open","ping_status":"closed","template":"","meta":{"site-sidebar-layout":"default","site-content-layout":"","ast-site-content-layout":"default","site-content-style":"default","site-sidebar-style":"default","ast-global-header-display":"","ast-banner-title-visibility":"","ast-main-header-display":"","ast-hfb-above-header-display":"","ast-hfb-below-header-display":"","ast-hfb-mobile-header-display":"","site-post-title":"","ast-breadcrumbs-content":"","ast-featured-img":"","footer-sml-layout":"","ast-disable-related-posts":"","theme-transparent-header-meta":"default","adv-header-id-meta":"","stick-header-meta":"default","header-above-stick-meta":"","header-main-stick-meta":"","header-below-stick-meta":"","astra-migrate-meta-layouts":"default","ast-page-background-enabled":"default","ast-page-background-meta":{"desktop":{"background-color":"","background-image":"","background-repeat":"repeat","background-position":"center center","background-size":"auto","background-attachment":"scroll","background-type":"","background-media":"","overlay-type":"","overlay-color":"","overlay-opacity":"","overlay-gradient":""},"tablet":{"background-color":"","background-image":"","background-repeat":"repeat","background-position":"center center","background-size":"auto","background-attachment":"scroll","background-type":"","background-media":"","overlay-type":"","overlay-color":"","overlay-opacity":"","overlay-gradient":""},"mobile":{"background-color":"","background-image":"","background-repeat":"repeat","background-position":"center center","background-size":"auto","background-attachment":"scroll","background-type":"","background-media":"","overlay-type":"","overlay-color":"","overlay-opacity":"","overlay-gradient":""}},"ast-content-background-meta":{"desktop":{"background-color":"var(--ast-global-color-5)","background-image":"","background-repeat":"repeat","background-position":"center center","background-size":"auto","background-attachment":"scroll","background-type":"","background-media":"","overlay-type":"","overlay-color":"","overlay-opacity":"","overlay-gradient":""},"tablet":{"background-color":"var(--ast-global-color-5)","background-image":"","background-repeat":"repeat","background-position":"center center","background-size":"auto","background-attachment":"scroll","background-type":"","background-media":"","overlay-type":"","overlay-color":"","overlay-opacity":"","overlay-gradient":""},"mobile":{"background-color":"var(--ast-global-color-5)","background-image":"","background-repeat":"repeat","background-position":"center center","background-size":"auto","background-attachment":"scroll","background-type":"","background-media":"","overlay-type":"","overlay-color":"","overlay-opacity":"","overlay-gradient":""}}},"product_brand":[],"product_cat":[177],"product_tag":[],"class_list":{"0":"post-22558","1":"product","2":"type-product","3":"status-publish","4":"has-post-thumbnail","6":"product_cat-headshop","7":"desktop-align-left","8":"tablet-align-center","9":"mobile-align-left","10":"ast-product-gallery-layout-vertical","11":"ast-magnify-disabled","12":"ast-product-tabs-layout-horizontal","14":"first","15":"instock","16":"taxable","17":"shipping-taxable","18":"purchasable","19":"product-type-simple"},"yoast_head":"<!-- This site is optimized with the Yoast SEO Premium plugin v27.2 (Yoast SEO v27.5) - https:\/\/yoast.com\/product\/yoast-seo-premium-wordpress\/ -->\n<title>XVAPE ARIA+ - Vaporisateur portable pour herbes et concentr\u00e9s - Blumiz - Premium CBD<\/title>\n<meta name=\"description\" content=\"XVAPE ARIA+ - Vaporisateur portable pour herbes et concentr\u00e9s - Blumiz - Premium CBD\" \/>\n<meta name=\"robots\" content=\"index, follow, max-snippet:-1, max-image-preview:large, max-video-preview:-1\" \/>\n<link rel=\"canonical\" href=\"https:\/\/blumiz.com\/fr\/produit\/xvape-aria-vaporisateur-portable-pour-herbes-et-concentres\/\" \/>\n<meta property=\"og:locale\" content=\"fr_FR\" \/>\n<meta property=\"og:type\" content=\"article\" \/>\n<meta property=\"og:title\" content=\"XVAPE ARIA+ - Vaporisateur portable pour herbes et concentr\u00e9s\" \/>\n<meta property=\"og:description\" content=\"XVAPE ARIA+ - Vaporisateur portable pour herbes et concentr\u00e9s Blumiz - Premium CBD\" \/>\n<meta property=\"og:url\" content=\"https:\/\/blumiz.com\/fr\/produit\/xvape-aria-vaporisateur-portable-pour-herbes-et-concentres\/\" \/>\n<meta property=\"og:site_name\" content=\"Blumiz - Premium CBD\" \/>\n<meta property=\"article:modified_time\" content=\"2025-10-20T15:27:09+00:00\" \/>\n<meta property=\"og:image\" content=\"https:\/\/blumiz.com\/wp-content\/uploads\/2025\/08\/Vaporisateur-CBD-Aria-XVape-1672679986_2000x.jpg.webp\" \/>\n\t<meta property=\"og:image:width\" content=\"800\" \/>\n\t<meta property=\"og:image:height\" content=\"800\" \/>\n\t<meta property=\"og:image:type\" content=\"image\/webp\" \/>\n<meta name=\"twitter:card\" content=\"summary_large_image\" \/>\n<meta name=\"twitter:label1\" content=\"Prix\" \/>\n\t<meta name=\"twitter:data1\" content=\"65,00&nbsp;&euro;\" \/>\n\t<meta name=\"twitter:label2\" content=\"Disponibilit\u00e9\" \/>\n\t<meta name=\"twitter:data2\" content=\"En stock\" \/>\n<script type=\"application\/ld+json\" class=\"yoast-schema-graph\">{\"@context\":\"https:\\\/\\\/schema.org\",\"@graph\":[{\"@type\":\"WebPage\",\"@id\":\"https:\\\/\\\/blumiz.com\\\/fr\\\/produit\\\/xvape-aria-vaporisateur-portable-pour-herbes-et-concentres\\\/\",\"url\":\"https:\\\/\\\/blumiz.com\\\/fr\\\/produit\\\/xvape-aria-vaporisateur-portable-pour-herbes-et-concentres\\\/\",\"name\":\"XVAPE ARIA+ - Vaporisateur portable pour herbes et concentr\u00e9s - Blumiz - Premium CBD\",\"isPartOf\":{\"@id\":\"https:\\\/\\\/blumiz.com\\\/fr\\\/#website\"},\"primaryImageOfPage\":{\"@id\":\"https:\\\/\\\/blumiz.com\\\/fr\\\/produit\\\/xvape-aria-vaporisateur-portable-pour-herbes-et-concentres\\\/#primaryimage\"},\"image\":{\"@id\":\"https:\\\/\\\/blumiz.com\\\/fr\\\/produit\\\/xvape-aria-vaporisateur-portable-pour-herbes-et-concentres\\\/#primaryimage\"},\"thumbnailUrl\":\"https:\\\/\\\/blumiz.com\\\/wp-content\\\/uploads\\\/2025\\\/08\\\/Vaporisateur-CBD-Aria-XVape-1672679986_2000x.jpg.webp\",\"datePublished\":\"2025-08-05T08:52:58+00:00\",\"dateModified\":\"2025-10-20T15:27:09+00:00\",\"description\":\"XVAPE ARIA+ - Vaporisateur portable pour herbes et concentr\u00e9s - Blumiz - Premium CBD\",\"breadcrumb\":{\"@id\":\"https:\\\/\\\/blumiz.com\\\/fr\\\/produit\\\/xvape-aria-vaporisateur-portable-pour-herbes-et-concentres\\\/#breadcrumb\"},\"inLanguage\":\"fr-FR\",\"potentialAction\":[{\"@type\":\"ReadAction\",\"target\":[\"https:\\\/\\\/blumiz.com\\\/fr\\\/produit\\\/xvape-aria-vaporisateur-portable-pour-herbes-et-concentres\\\/\"]}]},{\"@type\":\"ImageObject\",\"inLanguage\":\"fr-FR\",\"@id\":\"https:\\\/\\\/blumiz.com\\\/fr\\\/produit\\\/xvape-aria-vaporisateur-portable-pour-herbes-et-concentres\\\/#primaryimage\",\"url\":\"https:\\\/\\\/blumiz.com\\\/wp-content\\\/uploads\\\/2025\\\/08\\\/Vaporisateur-CBD-Aria-XVape-1672679986_2000x.jpg.webp\",\"contentUrl\":\"https:\\\/\\\/blumiz.com\\\/wp-content\\\/uploads\\\/2025\\\/08\\\/Vaporisateur-CBD-Aria-XVape-1672679986_2000x.jpg.webp\",\"width\":800,\"height\":800,\"caption\":\"XVAPE Aria\"},{\"@type\":\"BreadcrumbList\",\"@id\":\"https:\\\/\\\/blumiz.com\\\/fr\\\/produit\\\/xvape-aria-vaporisateur-portable-pour-herbes-et-concentres\\\/#breadcrumb\",\"itemListElement\":[{\"@type\":\"ListItem\",\"position\":1,\"name\":\"Blumiz\",\"item\":\"https:\\\/\\\/blumiz.com\\\/fr\\\/\"},{\"@type\":\"ListItem\",\"position\":2,\"name\":\"CBD Shop\",\"item\":\"https:\\\/\\\/blumiz.com\\\/fr\\\/acheter-cbd-shop\\\/\"},{\"@type\":\"ListItem\",\"position\":3,\"name\":\"XVAPE ARIA+ &#8211; Vaporisateur portable pour herbes et concentr\u00e9s\"}]},{\"@type\":\"WebSite\",\"@id\":\"https:\\\/\\\/blumiz.com\\\/fr\\\/#website\",\"url\":\"https:\\\/\\\/blumiz.com\\\/fr\\\/\",\"name\":\"Blumiz - Premium CBD\",\"description\":\"Blumiz, Cannabis specialist\",\"publisher\":{\"@id\":\"https:\\\/\\\/blumiz.com\\\/fr\\\/#organization\"},\"alternateName\":\"Blumiz\",\"potentialAction\":[{\"@type\":\"SearchAction\",\"target\":{\"@type\":\"EntryPoint\",\"urlTemplate\":\"https:\\\/\\\/blumiz.com\\\/fr\\\/?s={search_term_string}\"},\"query-input\":{\"@type\":\"PropertyValueSpecification\",\"valueRequired\":true,\"valueName\":\"search_term_string\"}}],\"inLanguage\":\"fr-FR\"},{\"@type\":\"Organization\",\"@id\":\"https:\\\/\\\/blumiz.com\\\/fr\\\/#organization\",\"name\":\"Blumiz CBD\",\"alternateName\":\"Blumiz\",\"url\":\"https:\\\/\\\/blumiz.com\\\/fr\\\/\",\"logo\":{\"@type\":\"ImageObject\",\"inLanguage\":\"fr-FR\",\"@id\":\"https:\\\/\\\/blumiz.com\\\/fr\\\/#\\\/schema\\\/logo\\\/image\\\/\",\"url\":\"https:\\\/\\\/blumiz.com\\\/wp-content\\\/uploads\\\/2026\\\/02\\\/cropped-Blumiz-CBD-logo.webp\",\"contentUrl\":\"https:\\\/\\\/blumiz.com\\\/wp-content\\\/uploads\\\/2026\\\/02\\\/cropped-Blumiz-CBD-logo.webp\",\"width\":2547,\"height\":778,\"caption\":\"Blumiz CBD\"},\"image\":{\"@id\":\"https:\\\/\\\/blumiz.com\\\/fr\\\/#\\\/schema\\\/logo\\\/image\\\/\"}}]}<\/script>\n<meta property=\"product:price:amount\" content=\"65.00\" \/>\n<meta property=\"product:price:currency\" content=\"EUR\" \/>\n<meta property=\"og:availability\" content=\"instock\" \/>\n<meta property=\"product:availability\" content=\"instock\" \/>\n<meta property=\"product:condition\" content=\"new\" \/>\n<!-- \/ Yoast SEO Premium plugin. -->","yoast_head_json":{"title":"XVAPE ARIA+ - Vaporisateur portable pour herbes et concentr\u00e9s - Blumiz - Premium CBD","description":"XVAPE ARIA+ - Vaporisateur portable pour herbes et concentr\u00e9s - Blumiz - Premium CBD","robots":{"index":"index","follow":"follow","max-snippet":"max-snippet:-1","max-image-preview":"max-image-preview:large","max-video-preview":"max-video-preview:-1"},"canonical":"https:\/\/blumiz.com\/fr\/produit\/xvape-aria-vaporisateur-portable-pour-herbes-et-concentres\/","og_locale":"fr_FR","og_type":"article","og_title":"XVAPE ARIA+ - Vaporisateur portable pour herbes et concentr\u00e9s","og_description":"XVAPE ARIA+ - Vaporisateur portable pour herbes et concentr\u00e9s Blumiz - Premium CBD","og_url":"https:\/\/blumiz.com\/fr\/produit\/xvape-aria-vaporisateur-portable-pour-herbes-et-concentres\/","og_site_name":"Blumiz - Premium CBD","article_modified_time":"2025-10-20T15:27:09+00:00","og_image":[{"width":800,"height":800,"url":"https:\/\/blumiz.com\/wp-content\/uploads\/2025\/08\/Vaporisateur-CBD-Aria-XVape-1672679986_2000x.jpg.webp","type":"image\/webp"}],"twitter_card":"summary_large_image","twitter_misc":{"Prix":"65,00&nbsp;&euro;","Disponibilit\u00e9":"En stock"},"schema":{"@context":"https:\/\/schema.org","@graph":[{"@type":"WebPage","@id":"https:\/\/blumiz.com\/fr\/produit\/xvape-aria-vaporisateur-portable-pour-herbes-et-concentres\/","url":"https:\/\/blumiz.com\/fr\/produit\/xvape-aria-vaporisateur-portable-pour-herbes-et-concentres\/","name":"XVAPE ARIA+ - Vaporisateur portable pour herbes et concentr\u00e9s - Blumiz - Premium CBD","isPartOf":{"@id":"https:\/\/blumiz.com\/fr\/#website"},"primaryImageOfPage":{"@id":"https:\/\/blumiz.com\/fr\/produit\/xvape-aria-vaporisateur-portable-pour-herbes-et-concentres\/#primaryimage"},"image":{"@id":"https:\/\/blumiz.com\/fr\/produit\/xvape-aria-vaporisateur-portable-pour-herbes-et-concentres\/#primaryimage"},"thumbnailUrl":"https:\/\/blumiz.com\/wp-content\/uploads\/2025\/08\/Vaporisateur-CBD-Aria-XVape-1672679986_2000x.jpg.webp","datePublished":"2025-08-05T08:52:58+00:00","dateModified":"2025-10-20T15:27:09+00:00","description":"XVAPE ARIA+ - Vaporisateur portable pour herbes et concentr\u00e9s - Blumiz - Premium CBD","breadcrumb":{"@id":"https:\/\/blumiz.com\/fr\/produit\/xvape-aria-vaporisateur-portable-pour-herbes-et-concentres\/#breadcrumb"},"inLanguage":"fr-FR","potentialAction":[{"@type":"ReadAction","target":["https:\/\/blumiz.com\/fr\/produit\/xvape-aria-vaporisateur-portable-pour-herbes-et-concentres\/"]}]},{"@type":"ImageObject","inLanguage":"fr-FR","@id":"https:\/\/blumiz.com\/fr\/produit\/xvape-aria-vaporisateur-portable-pour-herbes-et-concentres\/#primaryimage","url":"https:\/\/blumiz.com\/wp-content\/uploads\/2025\/08\/Vaporisateur-CBD-Aria-XVape-1672679986_2000x.jpg.webp","contentUrl":"https:\/\/blumiz.com\/wp-content\/uploads\/2025\/08\/Vaporisateur-CBD-Aria-XVape-1672679986_2000x.jpg.webp","width":800,"height":800,"caption":"XVAPE Aria"},{"@type":"BreadcrumbList","@id":"https:\/\/blumiz.com\/fr\/produit\/xvape-aria-vaporisateur-portable-pour-herbes-et-concentres\/#breadcrumb","itemListElement":[{"@type":"ListItem","position":1,"name":"Blumiz","item":"https:\/\/blumiz.com\/fr\/"},{"@type":"ListItem","position":2,"name":"CBD Shop","item":"https:\/\/blumiz.com\/fr\/acheter-cbd-shop\/"},{"@type":"ListItem","position":3,"name":"XVAPE ARIA+ &#8211; Vaporisateur portable pour herbes et concentr\u00e9s"}]},{"@type":"WebSite","@id":"https:\/\/blumiz.com\/fr\/#website","url":"https:\/\/blumiz.com\/fr\/","name":"Blumiz - Premium CBD","description":"Blumiz, Cannabis specialist","publisher":{"@id":"https:\/\/blumiz.com\/fr\/#organization"},"alternateName":"Blumiz","potentialAction":[{"@type":"SearchAction","target":{"@type":"EntryPoint","urlTemplate":"https:\/\/blumiz.com\/fr\/?s={search_term_string}"},"query-input":{"@type":"PropertyValueSpecification","valueRequired":true,"valueName":"search_term_string"}}],"inLanguage":"fr-FR"},{"@type":"Organization","@id":"https:\/\/blumiz.com\/fr\/#organization","name":"Blumiz CBD","alternateName":"Blumiz","url":"https:\/\/blumiz.com\/fr\/","logo":{"@type":"ImageObject","inLanguage":"fr-FR","@id":"https:\/\/blumiz.com\/fr\/#\/schema\/logo\/image\/","url":"https:\/\/blumiz.com\/wp-content\/uploads\/2026\/02\/cropped-Blumiz-CBD-logo.webp","contentUrl":"https:\/\/blumiz.com\/wp-content\/uploads\/2026\/02\/cropped-Blumiz-CBD-logo.webp","width":2547,"height":778,"caption":"Blumiz CBD"},"image":{"@id":"https:\/\/blumiz.com\/fr\/#\/schema\/logo\/image\/"}}]},"product_price_amount":"65.00","product_price_currency":"EUR","og_availability":"instock","product_availability":"instock","product_condition":"new"},"_links":{"self":[{"href":"https:\/\/blumiz.com\/fr\/wp-json\/wp\/v2\/product\/22558","targetHints":{"allow":["GET"]}}],"collection":[{"href":"https:\/\/blumiz.com\/fr\/wp-json\/wp\/v2\/product"}],"about":[{"href":"https:\/\/blumiz.com\/fr\/wp-json\/wp\/v2\/types\/product"}],"replies":[{"embeddable":true,"href":"https:\/\/blumiz.com\/fr\/wp-json\/wp\/v2\/comments?post=22558"}],"version-history":[{"count":0,"href":"https:\/\/blumiz.com\/fr\/wp-json\/wp\/v2\/product\/22558\/revisions"}],"wp:featuredmedia":[{"embeddable":true,"href":"https:\/\/blumiz.com\/fr\/wp-json\/wp\/v2\/media\/22549"}],"wp:attachment":[{"href":"https:\/\/blumiz.com\/fr\/wp-json\/wp\/v2\/media?parent=22558"}],"wp:term":[{"taxonomy":"product_brand","embeddable":true,"href":"https:\/\/blumiz.com\/fr\/wp-json\/wp\/v2\/product_brand?post=22558"},{"taxonomy":"product_cat","embeddable":true,"href":"https:\/\/blumiz.com\/fr\/wp-json\/wp\/v2\/product_cat?post=22558"},{"taxonomy":"product_tag","embeddable":true,"href":"https:\/\/blumiz.com\/fr\/wp-json\/wp\/v2\/product_tag?post=22558"}],"curies":[{"name":"wp","href":"https:\/\/api.w.org\/{rel}","templated":true}]}}