{"id":22573,"date":"2025-08-05T10:18:12","date_gmt":"2025-08-05T09:18:12","guid":{"rendered":"https:\/\/blumiz.com\/produkt\/papier-a-rouler-bio-avec-filtres-raw-organic-hemp-kingsize-filtres\/"},"modified":"2025-08-05T10:54:11","modified_gmt":"2025-08-05T09:54:11","slug":"papier-a-rouler-bio-avec-filtres-raw-organic-hemp-kingsize-filtres","status":"publish","type":"product","link":"https:\/\/blumiz.com\/fr\/produit\/papier-a-rouler-bio-avec-filtres-raw-organic-hemp-kingsize-filtres\/","title":{"rendered":"Papier \u00e0 rouler bio avec filtres &#8211; RAW Organic Hemp Kingsize + Filtres"},"content":{"rendered":"<p class=\"p1\">Les <span class=\"s1\"><b>RAW Organic Hemp Kingsize <\/b><\/span>+ Filtres sont fabriqu\u00e9s \u00e0 partir de chanvre biologique non blanchi, pour une exp\u00e9rience de roulage 100 % naturelle et sans additifs. Le papier ultra-fin offre une combustion lente et r\u00e9guli\u00e8re tout en pr\u00e9servant le go\u00fbt pur de vos herbes. Chaque carnet inclut des filtres en carton naturel, pratiques pour rouler facilement o\u00f9 que vous soyez. Un choix incontournable pour les amateurs de roulage qui privil\u00e9gient la qualit\u00e9 et l\u2019\u00e9coresponsabilit\u00e9.<\/p>\n","protected":false},"excerpt":{"rendered":"<p class=\"p1\">Feuilles Kingsize de chanvre biologique non blanchies avec tips filtrants &#8211; naturelles, pures et \u00e0 combustion lente.<\/p>\n","protected":false},"featured_media":22570,"comment_status":"open","ping_status":"closed","template":"","meta":{"site-sidebar-layout":"default","site-content-layout":"","ast-site-content-layout":"default","site-content-style":"default","site-sidebar-style":"default","ast-global-header-display":"","ast-banner-title-visibility":"","ast-main-header-display":"","ast-hfb-above-header-display":"","ast-hfb-below-header-display":"","ast-hfb-mobile-header-display":"","site-post-title":"","ast-breadcrumbs-content":"","ast-featured-img":"","footer-sml-layout":"","ast-disable-related-posts":"","theme-transparent-header-meta":"default","adv-header-id-meta":"","stick-header-meta":"default","header-above-stick-meta":"","header-main-stick-meta":"","header-below-stick-meta":"","astra-migrate-meta-layouts":"set","ast-page-background-enabled":"default","ast-page-background-meta":{"desktop":{"background-color":"","background-image":"","background-repeat":"repeat","background-position":"center center","background-size":"auto","background-attachment":"scroll","background-type":"","background-media":"","overlay-type":"","overlay-color":"","overlay-opacity":"","overlay-gradient":""},"tablet":{"background-color":"","background-image":"","background-repeat":"repeat","background-position":"center center","background-size":"auto","background-attachment":"scroll","background-type":"","background-media":"","overlay-type":"","overlay-color":"","overlay-opacity":"","overlay-gradient":""},"mobile":{"background-color":"","background-image":"","background-repeat":"repeat","background-position":"center center","background-size":"auto","background-attachment":"scroll","background-type":"","background-media":"","overlay-type":"","overlay-color":"","overlay-opacity":"","overlay-gradient":""}},"ast-content-background-meta":{"desktop":{"background-color":"var(--ast-global-color-5)","background-image":"","background-repeat":"repeat","background-position":"center center","background-size":"auto","background-attachment":"scroll","background-type":"","background-media":"","overlay-type":"","overlay-color":"","overlay-opacity":"","overlay-gradient":""},"tablet":{"background-color":"var(--ast-global-color-5)","background-image":"","background-repeat":"repeat","background-position":"center center","background-size":"auto","background-attachment":"scroll","background-type":"","background-media":"","overlay-type":"","overlay-color":"","overlay-opacity":"","overlay-gradient":""},"mobile":{"background-color":"var(--ast-global-color-5)","background-image":"","background-repeat":"repeat","background-position":"center center","background-size":"auto","background-attachment":"scroll","background-type":"","background-media":"","overlay-type":"","overlay-color":"","overlay-opacity":"","overlay-gradient":""}}},"product_brand":[],"product_cat":[177],"product_tag":[],"class_list":{"0":"post-22573","1":"product","2":"type-product","3":"status-publish","4":"has-post-thumbnail","6":"product_cat-headshop","7":"desktop-align-left","8":"tablet-align-center","9":"mobile-align-left","10":"ast-product-gallery-layout-vertical","11":"ast-product-gallery-with-no-image","12":"ast-magnify-disabled","13":"ast-product-tabs-layout-horizontal","15":"first","16":"instock","17":"taxable","18":"shipping-taxable","19":"purchasable","20":"product-type-simple"},"yoast_head":"<!-- This site is optimized with the Yoast SEO Premium plugin v27.2 (Yoast SEO v27.4) - https:\/\/yoast.com\/product\/yoast-seo-premium-wordpress\/ -->\n<title>Papier \u00e0 rouler bio avec filtres - RAW Organic Hemp Kingsize + Filtres - Blumiz - Premium CBD<\/title>\n<meta name=\"description\" content=\"Papier \u00e0 rouler bio avec filtres - RAW Organic Hemp Kingsize + Filtres - Blumiz - Premium CBD\" \/>\n<meta name=\"robots\" content=\"index, follow, max-snippet:-1, max-image-preview:large, max-video-preview:-1\" \/>\n<link rel=\"canonical\" href=\"https:\/\/blumiz.com\/fr\/produit\/papier-a-rouler-bio-avec-filtres-raw-organic-hemp-kingsize-filtres\/\" \/>\n<meta property=\"og:locale\" content=\"fr_FR\" \/>\n<meta property=\"og:type\" content=\"article\" \/>\n<meta property=\"og:title\" content=\"Papier \u00e0 rouler bio avec filtres - RAW Organic Hemp Kingsize + Filtres\" \/>\n<meta property=\"og:description\" content=\"Papier \u00e0 rouler bio avec filtres - RAW Organic Hemp Kingsize + Filtres Blumiz - Premium CBD\" \/>\n<meta property=\"og:url\" content=\"https:\/\/blumiz.com\/fr\/produit\/papier-a-rouler-bio-avec-filtres-raw-organic-hemp-kingsize-filtres\/\" \/>\n<meta property=\"og:site_name\" content=\"Blumiz - Premium CBD\" \/>\n<meta property=\"article:modified_time\" content=\"2025-08-05T09:54:11+00:00\" \/>\n<meta property=\"og:image\" content=\"https:\/\/blumiz.com\/wp-content\/uploads\/2025\/08\/RAW-Kingsize-Organic-hemp-.webp\" \/>\n\t<meta property=\"og:image:width\" content=\"1000\" \/>\n\t<meta property=\"og:image:height\" content=\"1000\" \/>\n\t<meta property=\"og:image:type\" content=\"image\/webp\" \/>\n<meta name=\"twitter:card\" content=\"summary_large_image\" \/>\n<meta name=\"twitter:label1\" content=\"Prix\" \/>\n\t<meta name=\"twitter:data1\" content=\"1,80&nbsp;&euro;\" \/>\n\t<meta name=\"twitter:label2\" content=\"Disponibilit\u00e9\" \/>\n\t<meta name=\"twitter:data2\" content=\"En stock\" \/>\n<script type=\"application\/ld+json\" class=\"yoast-schema-graph\">{\"@context\":\"https:\\\/\\\/schema.org\",\"@graph\":[{\"@type\":\"WebPage\",\"@id\":\"https:\\\/\\\/blumiz.com\\\/fr\\\/produit\\\/papier-a-rouler-bio-avec-filtres-raw-organic-hemp-kingsize-filtres\\\/\",\"url\":\"https:\\\/\\\/blumiz.com\\\/fr\\\/produit\\\/papier-a-rouler-bio-avec-filtres-raw-organic-hemp-kingsize-filtres\\\/\",\"name\":\"Papier \u00e0 rouler bio avec filtres - RAW Organic Hemp Kingsize + Filtres - Blumiz - Premium CBD\",\"isPartOf\":{\"@id\":\"https:\\\/\\\/blumiz.com\\\/fr\\\/#website\"},\"primaryImageOfPage\":{\"@id\":\"https:\\\/\\\/blumiz.com\\\/fr\\\/produit\\\/papier-a-rouler-bio-avec-filtres-raw-organic-hemp-kingsize-filtres\\\/#primaryimage\"},\"image\":{\"@id\":\"https:\\\/\\\/blumiz.com\\\/fr\\\/produit\\\/papier-a-rouler-bio-avec-filtres-raw-organic-hemp-kingsize-filtres\\\/#primaryimage\"},\"thumbnailUrl\":\"https:\\\/\\\/blumiz.com\\\/wp-content\\\/uploads\\\/2025\\\/08\\\/RAW-Kingsize-Organic-hemp-.webp\",\"datePublished\":\"2025-08-05T09:18:12+00:00\",\"dateModified\":\"2025-08-05T09:54:11+00:00\",\"description\":\"Papier \u00e0 rouler bio avec filtres - RAW Organic Hemp Kingsize + Filtres - Blumiz - Premium CBD\",\"breadcrumb\":{\"@id\":\"https:\\\/\\\/blumiz.com\\\/fr\\\/produit\\\/papier-a-rouler-bio-avec-filtres-raw-organic-hemp-kingsize-filtres\\\/#breadcrumb\"},\"inLanguage\":\"fr-FR\",\"potentialAction\":[{\"@type\":\"ReadAction\",\"target\":[\"https:\\\/\\\/blumiz.com\\\/fr\\\/produit\\\/papier-a-rouler-bio-avec-filtres-raw-organic-hemp-kingsize-filtres\\\/\"]}]},{\"@type\":\"ImageObject\",\"inLanguage\":\"fr-FR\",\"@id\":\"https:\\\/\\\/blumiz.com\\\/fr\\\/produit\\\/papier-a-rouler-bio-avec-filtres-raw-organic-hemp-kingsize-filtres\\\/#primaryimage\",\"url\":\"https:\\\/\\\/blumiz.com\\\/wp-content\\\/uploads\\\/2025\\\/08\\\/RAW-Kingsize-Organic-hemp-.webp\",\"contentUrl\":\"https:\\\/\\\/blumiz.com\\\/wp-content\\\/uploads\\\/2025\\\/08\\\/RAW-Kingsize-Organic-hemp-.webp\",\"width\":1000,\"height\":1000,\"caption\":\"RAW Connoisseur Kingsize Organic\"},{\"@type\":\"BreadcrumbList\",\"@id\":\"https:\\\/\\\/blumiz.com\\\/fr\\\/produit\\\/papier-a-rouler-bio-avec-filtres-raw-organic-hemp-kingsize-filtres\\\/#breadcrumb\",\"itemListElement\":[{\"@type\":\"ListItem\",\"position\":1,\"name\":\"Blumiz\",\"item\":\"https:\\\/\\\/blumiz.com\\\/fr\\\/\"},{\"@type\":\"ListItem\",\"position\":2,\"name\":\"CBD Shop\",\"item\":\"https:\\\/\\\/blumiz.com\\\/fr\\\/acheter-cbd-shop\\\/\"},{\"@type\":\"ListItem\",\"position\":3,\"name\":\"HeadShop\",\"item\":\"https:\\\/\\\/blumiz.com\\\/fr\\\/category\\\/headshop\\\/\"},{\"@type\":\"ListItem\",\"position\":4,\"name\":\"Papier \u00e0 rouler bio avec filtres &#8211; RAW Organic Hemp Kingsize + Filtres\"}]},{\"@type\":\"WebSite\",\"@id\":\"https:\\\/\\\/blumiz.com\\\/fr\\\/#website\",\"url\":\"https:\\\/\\\/blumiz.com\\\/fr\\\/\",\"name\":\"Blumiz - Premium CBD\",\"description\":\"Blumiz, Cannabis specialist\",\"publisher\":{\"@id\":\"https:\\\/\\\/blumiz.com\\\/fr\\\/#organization\"},\"alternateName\":\"Blumiz\",\"potentialAction\":[{\"@type\":\"SearchAction\",\"target\":{\"@type\":\"EntryPoint\",\"urlTemplate\":\"https:\\\/\\\/blumiz.com\\\/fr\\\/?s={search_term_string}\"},\"query-input\":{\"@type\":\"PropertyValueSpecification\",\"valueRequired\":true,\"valueName\":\"search_term_string\"}}],\"inLanguage\":\"fr-FR\"},{\"@type\":\"Organization\",\"@id\":\"https:\\\/\\\/blumiz.com\\\/fr\\\/#organization\",\"name\":\"Blumiz CBD\",\"alternateName\":\"Blumiz\",\"url\":\"https:\\\/\\\/blumiz.com\\\/fr\\\/\",\"logo\":{\"@type\":\"ImageObject\",\"inLanguage\":\"fr-FR\",\"@id\":\"https:\\\/\\\/blumiz.com\\\/fr\\\/#\\\/schema\\\/logo\\\/image\\\/\",\"url\":\"https:\\\/\\\/blumiz.com\\\/wp-content\\\/uploads\\\/2026\\\/02\\\/cropped-Blumiz-CBD-logo.webp\",\"contentUrl\":\"https:\\\/\\\/blumiz.com\\\/wp-content\\\/uploads\\\/2026\\\/02\\\/cropped-Blumiz-CBD-logo.webp\",\"width\":2547,\"height\":778,\"caption\":\"Blumiz CBD\"},\"image\":{\"@id\":\"https:\\\/\\\/blumiz.com\\\/fr\\\/#\\\/schema\\\/logo\\\/image\\\/\"}}]}<\/script>\n<meta property=\"product:price:amount\" content=\"1.80\" \/>\n<meta property=\"product:price:currency\" content=\"EUR\" \/>\n<meta property=\"og:availability\" content=\"instock\" \/>\n<meta property=\"product:availability\" content=\"instock\" \/>\n<meta property=\"product:condition\" content=\"new\" \/>\n<!-- \/ Yoast SEO Premium plugin. -->","yoast_head_json":{"title":"Papier \u00e0 rouler bio avec filtres - RAW Organic Hemp Kingsize + Filtres - Blumiz - Premium CBD","description":"Papier \u00e0 rouler bio avec filtres - RAW Organic Hemp Kingsize + Filtres - Blumiz - Premium CBD","robots":{"index":"index","follow":"follow","max-snippet":"max-snippet:-1","max-image-preview":"max-image-preview:large","max-video-preview":"max-video-preview:-1"},"canonical":"https:\/\/blumiz.com\/fr\/produit\/papier-a-rouler-bio-avec-filtres-raw-organic-hemp-kingsize-filtres\/","og_locale":"fr_FR","og_type":"article","og_title":"Papier \u00e0 rouler bio avec filtres - RAW Organic Hemp Kingsize + Filtres","og_description":"Papier \u00e0 rouler bio avec filtres - RAW Organic Hemp Kingsize + Filtres Blumiz - Premium CBD","og_url":"https:\/\/blumiz.com\/fr\/produit\/papier-a-rouler-bio-avec-filtres-raw-organic-hemp-kingsize-filtres\/","og_site_name":"Blumiz - Premium CBD","article_modified_time":"2025-08-05T09:54:11+00:00","og_image":[{"width":1000,"height":1000,"url":"https:\/\/blumiz.com\/wp-content\/uploads\/2025\/08\/RAW-Kingsize-Organic-hemp-.webp","type":"image\/webp"}],"twitter_card":"summary_large_image","twitter_misc":{"Prix":"1,80&nbsp;&euro;","Disponibilit\u00e9":"En stock"},"schema":{"@context":"https:\/\/schema.org","@graph":[{"@type":"WebPage","@id":"https:\/\/blumiz.com\/fr\/produit\/papier-a-rouler-bio-avec-filtres-raw-organic-hemp-kingsize-filtres\/","url":"https:\/\/blumiz.com\/fr\/produit\/papier-a-rouler-bio-avec-filtres-raw-organic-hemp-kingsize-filtres\/","name":"Papier \u00e0 rouler bio avec filtres - RAW Organic Hemp Kingsize + Filtres - Blumiz - Premium CBD","isPartOf":{"@id":"https:\/\/blumiz.com\/fr\/#website"},"primaryImageOfPage":{"@id":"https:\/\/blumiz.com\/fr\/produit\/papier-a-rouler-bio-avec-filtres-raw-organic-hemp-kingsize-filtres\/#primaryimage"},"image":{"@id":"https:\/\/blumiz.com\/fr\/produit\/papier-a-rouler-bio-avec-filtres-raw-organic-hemp-kingsize-filtres\/#primaryimage"},"thumbnailUrl":"https:\/\/blumiz.com\/wp-content\/uploads\/2025\/08\/RAW-Kingsize-Organic-hemp-.webp","datePublished":"2025-08-05T09:18:12+00:00","dateModified":"2025-08-05T09:54:11+00:00","description":"Papier \u00e0 rouler bio avec filtres - RAW Organic Hemp Kingsize + Filtres - Blumiz - Premium CBD","breadcrumb":{"@id":"https:\/\/blumiz.com\/fr\/produit\/papier-a-rouler-bio-avec-filtres-raw-organic-hemp-kingsize-filtres\/#breadcrumb"},"inLanguage":"fr-FR","potentialAction":[{"@type":"ReadAction","target":["https:\/\/blumiz.com\/fr\/produit\/papier-a-rouler-bio-avec-filtres-raw-organic-hemp-kingsize-filtres\/"]}]},{"@type":"ImageObject","inLanguage":"fr-FR","@id":"https:\/\/blumiz.com\/fr\/produit\/papier-a-rouler-bio-avec-filtres-raw-organic-hemp-kingsize-filtres\/#primaryimage","url":"https:\/\/blumiz.com\/wp-content\/uploads\/2025\/08\/RAW-Kingsize-Organic-hemp-.webp","contentUrl":"https:\/\/blumiz.com\/wp-content\/uploads\/2025\/08\/RAW-Kingsize-Organic-hemp-.webp","width":1000,"height":1000,"caption":"RAW Connoisseur Kingsize Organic"},{"@type":"BreadcrumbList","@id":"https:\/\/blumiz.com\/fr\/produit\/papier-a-rouler-bio-avec-filtres-raw-organic-hemp-kingsize-filtres\/#breadcrumb","itemListElement":[{"@type":"ListItem","position":1,"name":"Blumiz","item":"https:\/\/blumiz.com\/fr\/"},{"@type":"ListItem","position":2,"name":"CBD Shop","item":"https:\/\/blumiz.com\/fr\/acheter-cbd-shop\/"},{"@type":"ListItem","position":3,"name":"HeadShop","item":"https:\/\/blumiz.com\/fr\/category\/headshop\/"},{"@type":"ListItem","position":4,"name":"Papier \u00e0 rouler bio avec filtres &#8211; RAW Organic Hemp Kingsize + Filtres"}]},{"@type":"WebSite","@id":"https:\/\/blumiz.com\/fr\/#website","url":"https:\/\/blumiz.com\/fr\/","name":"Blumiz - Premium CBD","description":"Blumiz, Cannabis specialist","publisher":{"@id":"https:\/\/blumiz.com\/fr\/#organization"},"alternateName":"Blumiz","potentialAction":[{"@type":"SearchAction","target":{"@type":"EntryPoint","urlTemplate":"https:\/\/blumiz.com\/fr\/?s={search_term_string}"},"query-input":{"@type":"PropertyValueSpecification","valueRequired":true,"valueName":"search_term_string"}}],"inLanguage":"fr-FR"},{"@type":"Organization","@id":"https:\/\/blumiz.com\/fr\/#organization","name":"Blumiz CBD","alternateName":"Blumiz","url":"https:\/\/blumiz.com\/fr\/","logo":{"@type":"ImageObject","inLanguage":"fr-FR","@id":"https:\/\/blumiz.com\/fr\/#\/schema\/logo\/image\/","url":"https:\/\/blumiz.com\/wp-content\/uploads\/2026\/02\/cropped-Blumiz-CBD-logo.webp","contentUrl":"https:\/\/blumiz.com\/wp-content\/uploads\/2026\/02\/cropped-Blumiz-CBD-logo.webp","width":2547,"height":778,"caption":"Blumiz CBD"},"image":{"@id":"https:\/\/blumiz.com\/fr\/#\/schema\/logo\/image\/"}}]},"product_price_amount":"1.80","product_price_currency":"EUR","og_availability":"instock","product_availability":"instock","product_condition":"new"},"_links":{"self":[{"href":"https:\/\/blumiz.com\/fr\/wp-json\/wp\/v2\/product\/22573","targetHints":{"allow":["GET"]}}],"collection":[{"href":"https:\/\/blumiz.com\/fr\/wp-json\/wp\/v2\/product"}],"about":[{"href":"https:\/\/blumiz.com\/fr\/wp-json\/wp\/v2\/types\/product"}],"replies":[{"embeddable":true,"href":"https:\/\/blumiz.com\/fr\/wp-json\/wp\/v2\/comments?post=22573"}],"version-history":[{"count":0,"href":"https:\/\/blumiz.com\/fr\/wp-json\/wp\/v2\/product\/22573\/revisions"}],"wp:featuredmedia":[{"embeddable":true,"href":"https:\/\/blumiz.com\/fr\/wp-json\/wp\/v2\/media\/22570"}],"wp:attachment":[{"href":"https:\/\/blumiz.com\/fr\/wp-json\/wp\/v2\/media?parent=22573"}],"wp:term":[{"taxonomy":"product_brand","embeddable":true,"href":"https:\/\/blumiz.com\/fr\/wp-json\/wp\/v2\/product_brand?post=22573"},{"taxonomy":"product_cat","embeddable":true,"href":"https:\/\/blumiz.com\/fr\/wp-json\/wp\/v2\/product_cat?post=22573"},{"taxonomy":"product_tag","embeddable":true,"href":"https:\/\/blumiz.com\/fr\/wp-json\/wp\/v2\/product_tag?post=22573"}],"curies":[{"name":"wp","href":"https:\/\/api.w.org\/{rel}","templated":true}]}}