{"id":22706,"date":"2025-08-11T17:47:47","date_gmt":"2025-08-11T16:47:47","guid":{"rendered":"https:\/\/blumiz.com\/?post_type=product&#038;p=22706"},"modified":"2025-08-11T17:52:18","modified_gmt":"2025-08-11T16:52:18","slug":"euphoria-sucettes-au-chanvre-et-au-cola-kopie-kopie","status":"publish","type":"product","link":"https:\/\/blumiz.com\/fr\/produit\/euphoria-sucettes-au-chanvre-et-au-cola-kopie-kopie\/","title":{"rendered":"The Hempy Lab Sucettes de cannabis Original Kush et Bubblegum"},"content":{"rendered":"<h2 class=\"p1\">Sucettes de cannabis uniques avec Original Kush et Bubblegum<\/h2>\n<p class=\"p1\">Savourez le go\u00fbt unique de nos sucettes au cannabis dans les vari\u00e9t\u00e9s Original Kush et Bubblegum. Ces d\u00e9licieuses friandises combinent des ar\u00f4mes fruit\u00e9s avec le go\u00fbt unique du chanvre et sont parfaites pour ceux qui recherchent une friandise sp\u00e9ciale. <\/p>\n","protected":false},"excerpt":{"rendered":"<h2 class=\"p1\">Sucettes au cannabis dans les vari\u00e9t\u00e9s Original Kush et Bubblegum<\/h2>\n","protected":false},"featured_media":22711,"comment_status":"open","ping_status":"closed","template":"","meta":{"site-sidebar-layout":"default","site-content-layout":"default","ast-site-content-layout":"default","site-content-style":"default","site-sidebar-style":"default","ast-global-header-display":"","ast-banner-title-visibility":"","ast-main-header-display":"","ast-hfb-above-header-display":"","ast-hfb-below-header-display":"","ast-hfb-mobile-header-display":"","site-post-title":"","ast-breadcrumbs-content":"","ast-featured-img":"","footer-sml-layout":"","ast-disable-related-posts":"","theme-transparent-header-meta":"default","adv-header-id-meta":"","stick-header-meta":"default","header-above-stick-meta":"","header-main-stick-meta":"","header-below-stick-meta":"","astra-migrate-meta-layouts":"set","ast-page-background-enabled":"default","ast-page-background-meta":{"desktop":{"background-color":"","background-image":"","background-repeat":"repeat","background-position":"center center","background-size":"auto","background-attachment":"scroll","background-type":"","background-media":"","overlay-type":"","overlay-color":"","overlay-opacity":"","overlay-gradient":""},"tablet":{"background-color":"","background-image":"","background-repeat":"repeat","background-position":"center center","background-size":"auto","background-attachment":"scroll","background-type":"","background-media":"","overlay-type":"","overlay-color":"","overlay-opacity":"","overlay-gradient":""},"mobile":{"background-color":"","background-image":"","background-repeat":"repeat","background-position":"center center","background-size":"auto","background-attachment":"scroll","background-type":"","background-media":"","overlay-type":"","overlay-color":"","overlay-opacity":"","overlay-gradient":""}},"ast-content-background-meta":{"desktop":{"background-color":"var(--ast-global-color-5)","background-image":"","background-repeat":"repeat","background-position":"center center","background-size":"auto","background-attachment":"scroll","background-type":"","background-media":"","overlay-type":"","overlay-color":"","overlay-opacity":"","overlay-gradient":""},"tablet":{"background-color":"var(--ast-global-color-5)","background-image":"","background-repeat":"repeat","background-position":"center center","background-size":"auto","background-attachment":"scroll","background-type":"","background-media":"","overlay-type":"","overlay-color":"","overlay-opacity":"","overlay-gradient":""},"mobile":{"background-color":"var(--ast-global-color-5)","background-image":"","background-repeat":"repeat","background-position":"center center","background-size":"auto","background-attachment":"scroll","background-type":"","background-media":"","overlay-type":"","overlay-color":"","overlay-opacity":"","overlay-gradient":""}}},"product_brand":[],"product_cat":[170],"product_tag":[],"class_list":{"0":"post-22706","1":"product","2":"type-product","3":"status-publish","4":"has-post-thumbnail","6":"product_cat-aliments-cbd","7":"desktop-align-left","8":"tablet-align-center","9":"mobile-align-left","10":"ast-product-gallery-layout-vertical","11":"ast-product-gallery-with-no-image","12":"ast-magnify-disabled","13":"ast-product-tabs-layout-horizontal","15":"first","16":"instock","17":"taxable","18":"shipping-taxable","19":"purchasable","20":"product-type-simple"},"yoast_head":"<!-- This site is optimized with the Yoast SEO Premium plugin v27.2 (Yoast SEO v27.4) - https:\/\/yoast.com\/product\/yoast-seo-premium-wordpress\/ -->\n<title>Sucette originale au go\u00fbt de cannabis<\/title>\n<meta name=\"description\" content=\"The Hempy Lab Sucettes de cannabis Original Kush et Bubblegum %%page% - Blumiz - Premium CBD - Livraison rapide et l\u00e9gale en France\" \/>\n<meta name=\"robots\" content=\"index, follow, max-snippet:-1, max-image-preview:large, max-video-preview:-1\" \/>\n<link rel=\"canonical\" href=\"https:\/\/blumiz.com\/fr\/produit\/euphoria-sucettes-au-chanvre-et-au-cola-kopie-kopie\/\" \/>\n<meta property=\"og:locale\" content=\"fr_FR\" \/>\n<meta property=\"og:type\" content=\"article\" \/>\n<meta property=\"og:title\" content=\"The Hempy Lab Sucettes de cannabis Original Kush et Bubblegum\" \/>\n<meta property=\"og:description\" content=\"The Hempy Lab Sucettes de cannabis Original Kush et Bubblegum Blumiz - Premium CBD\" \/>\n<meta property=\"og:url\" content=\"https:\/\/blumiz.com\/fr\/produit\/euphoria-sucettes-au-chanvre-et-au-cola-kopie-kopie\/\" \/>\n<meta property=\"og:site_name\" content=\"Blumiz - Premium CBD\" \/>\n<meta property=\"article:modified_time\" content=\"2025-08-11T16:52:18+00:00\" \/>\n<meta property=\"og:image\" content=\"https:\/\/blumiz.com\/wp-content\/uploads\/2025\/08\/Einzigartige-Cannabis-Lollis-mit-Original-Kush-und-Bubblegum.webp\" \/>\n\t<meta property=\"og:image:width\" content=\"1000\" \/>\n\t<meta property=\"og:image:height\" content=\"1000\" \/>\n\t<meta property=\"og:image:type\" content=\"image\/webp\" \/>\n<meta name=\"twitter:card\" content=\"summary_large_image\" \/>\n<meta name=\"twitter:label1\" content=\"Prix\" \/>\n\t<meta name=\"twitter:data1\" content=\"1,50&nbsp;&euro;\" \/>\n\t<meta name=\"twitter:label2\" content=\"Disponibilit\u00e9\" \/>\n\t<meta name=\"twitter:data2\" content=\"En stock\" \/>\n<script type=\"application\/ld+json\" class=\"yoast-schema-graph\">{\"@context\":\"https:\\\/\\\/schema.org\",\"@graph\":[{\"@type\":\"WebPage\",\"@id\":\"https:\\\/\\\/blumiz.com\\\/fr\\\/produit\\\/euphoria-sucettes-au-chanvre-et-au-cola-kopie-kopie\\\/\",\"url\":\"https:\\\/\\\/blumiz.com\\\/fr\\\/produit\\\/euphoria-sucettes-au-chanvre-et-au-cola-kopie-kopie\\\/\",\"name\":\"Sucette originale au go\u00fbt de cannabis\",\"isPartOf\":{\"@id\":\"https:\\\/\\\/blumiz.com\\\/fr\\\/#website\"},\"primaryImageOfPage\":{\"@id\":\"https:\\\/\\\/blumiz.com\\\/fr\\\/produit\\\/euphoria-sucettes-au-chanvre-et-au-cola-kopie-kopie\\\/#primaryimage\"},\"image\":{\"@id\":\"https:\\\/\\\/blumiz.com\\\/fr\\\/produit\\\/euphoria-sucettes-au-chanvre-et-au-cola-kopie-kopie\\\/#primaryimage\"},\"thumbnailUrl\":\"https:\\\/\\\/blumiz.com\\\/wp-content\\\/uploads\\\/2025\\\/08\\\/Einzigartige-Cannabis-Lollis-mit-Original-Kush-und-Bubblegum.webp\",\"datePublished\":\"2025-08-11T16:47:47+00:00\",\"dateModified\":\"2025-08-11T16:52:18+00:00\",\"description\":\"The Hempy Lab Sucettes de cannabis Original Kush et Bubblegum %%page% - Blumiz - Premium CBD - Livraison rapide et l\u00e9gale en France\",\"breadcrumb\":{\"@id\":\"https:\\\/\\\/blumiz.com\\\/fr\\\/produit\\\/euphoria-sucettes-au-chanvre-et-au-cola-kopie-kopie\\\/#breadcrumb\"},\"inLanguage\":\"fr-FR\",\"potentialAction\":[{\"@type\":\"ReadAction\",\"target\":[\"https:\\\/\\\/blumiz.com\\\/fr\\\/produit\\\/euphoria-sucettes-au-chanvre-et-au-cola-kopie-kopie\\\/\"]}]},{\"@type\":\"ImageObject\",\"inLanguage\":\"fr-FR\",\"@id\":\"https:\\\/\\\/blumiz.com\\\/fr\\\/produit\\\/euphoria-sucettes-au-chanvre-et-au-cola-kopie-kopie\\\/#primaryimage\",\"url\":\"https:\\\/\\\/blumiz.com\\\/wp-content\\\/uploads\\\/2025\\\/08\\\/Einzigartige-Cannabis-Lollis-mit-Original-Kush-und-Bubblegum.webp\",\"contentUrl\":\"https:\\\/\\\/blumiz.com\\\/wp-content\\\/uploads\\\/2025\\\/08\\\/Einzigartige-Cannabis-Lollis-mit-Original-Kush-und-Bubblegum.webp\",\"width\":1000,\"height\":1000,\"caption\":\"Einzigartige Cannabis-Lollis mit Original Kush und Bubblegum\"},{\"@type\":\"BreadcrumbList\",\"@id\":\"https:\\\/\\\/blumiz.com\\\/fr\\\/produit\\\/euphoria-sucettes-au-chanvre-et-au-cola-kopie-kopie\\\/#breadcrumb\",\"itemListElement\":[{\"@type\":\"ListItem\",\"position\":1,\"name\":\"Blumiz\",\"item\":\"https:\\\/\\\/blumiz.com\\\/fr\\\/\"},{\"@type\":\"ListItem\",\"position\":2,\"name\":\"CBD Shop\",\"item\":\"https:\\\/\\\/blumiz.com\\\/fr\\\/acheter-cbd-shop\\\/\"},{\"@type\":\"ListItem\",\"position\":3,\"name\":\"Bien \u00eatre CBD\",\"item\":\"https:\\\/\\\/blumiz.com\\\/fr\\\/category\\\/bien-etre-cbd\\\/\"},{\"@type\":\"ListItem\",\"position\":4,\"name\":\"Aliments CBD\",\"item\":\"https:\\\/\\\/blumiz.com\\\/fr\\\/category\\\/bien-etre-cbd\\\/aliments-cbd\\\/\"},{\"@type\":\"ListItem\",\"position\":5,\"name\":\"The Hempy Lab Sucettes de cannabis Original Kush et Bubblegum\"}]},{\"@type\":\"WebSite\",\"@id\":\"https:\\\/\\\/blumiz.com\\\/fr\\\/#website\",\"url\":\"https:\\\/\\\/blumiz.com\\\/fr\\\/\",\"name\":\"Blumiz - Premium CBD\",\"description\":\"Blumiz, Cannabis specialist\",\"publisher\":{\"@id\":\"https:\\\/\\\/blumiz.com\\\/fr\\\/#organization\"},\"alternateName\":\"Blumiz\",\"potentialAction\":[{\"@type\":\"SearchAction\",\"target\":{\"@type\":\"EntryPoint\",\"urlTemplate\":\"https:\\\/\\\/blumiz.com\\\/fr\\\/?s={search_term_string}\"},\"query-input\":{\"@type\":\"PropertyValueSpecification\",\"valueRequired\":true,\"valueName\":\"search_term_string\"}}],\"inLanguage\":\"fr-FR\"},{\"@type\":\"Organization\",\"@id\":\"https:\\\/\\\/blumiz.com\\\/fr\\\/#organization\",\"name\":\"Blumiz CBD\",\"alternateName\":\"Blumiz\",\"url\":\"https:\\\/\\\/blumiz.com\\\/fr\\\/\",\"logo\":{\"@type\":\"ImageObject\",\"inLanguage\":\"fr-FR\",\"@id\":\"https:\\\/\\\/blumiz.com\\\/fr\\\/#\\\/schema\\\/logo\\\/image\\\/\",\"url\":\"https:\\\/\\\/blumiz.com\\\/wp-content\\\/uploads\\\/2026\\\/02\\\/cropped-Blumiz-CBD-logo.webp\",\"contentUrl\":\"https:\\\/\\\/blumiz.com\\\/wp-content\\\/uploads\\\/2026\\\/02\\\/cropped-Blumiz-CBD-logo.webp\",\"width\":2547,\"height\":778,\"caption\":\"Blumiz CBD\"},\"image\":{\"@id\":\"https:\\\/\\\/blumiz.com\\\/fr\\\/#\\\/schema\\\/logo\\\/image\\\/\"}}]}<\/script>\n<meta property=\"product:price:amount\" content=\"1.50\" \/>\n<meta property=\"product:price:currency\" content=\"EUR\" \/>\n<meta property=\"og:availability\" content=\"instock\" \/>\n<meta property=\"product:availability\" content=\"instock\" \/>\n<meta property=\"product:retailer_item_id\" content=\"39452\" \/>\n<meta property=\"product:condition\" content=\"new\" \/>\n<!-- \/ Yoast SEO Premium plugin. -->","yoast_head_json":{"title":"Sucette originale au go\u00fbt de cannabis","description":"The Hempy Lab Sucettes de cannabis Original Kush et Bubblegum %%page% - Blumiz - Premium CBD - Livraison rapide et l\u00e9gale en France","robots":{"index":"index","follow":"follow","max-snippet":"max-snippet:-1","max-image-preview":"max-image-preview:large","max-video-preview":"max-video-preview:-1"},"canonical":"https:\/\/blumiz.com\/fr\/produit\/euphoria-sucettes-au-chanvre-et-au-cola-kopie-kopie\/","og_locale":"fr_FR","og_type":"article","og_title":"The Hempy Lab Sucettes de cannabis Original Kush et Bubblegum","og_description":"The Hempy Lab Sucettes de cannabis Original Kush et Bubblegum Blumiz - Premium CBD","og_url":"https:\/\/blumiz.com\/fr\/produit\/euphoria-sucettes-au-chanvre-et-au-cola-kopie-kopie\/","og_site_name":"Blumiz - Premium CBD","article_modified_time":"2025-08-11T16:52:18+00:00","og_image":[{"width":1000,"height":1000,"url":"https:\/\/blumiz.com\/wp-content\/uploads\/2025\/08\/Einzigartige-Cannabis-Lollis-mit-Original-Kush-und-Bubblegum.webp","type":"image\/webp"}],"twitter_card":"summary_large_image","twitter_misc":{"Prix":"1,50&nbsp;&euro;","Disponibilit\u00e9":"En stock"},"schema":{"@context":"https:\/\/schema.org","@graph":[{"@type":"WebPage","@id":"https:\/\/blumiz.com\/fr\/produit\/euphoria-sucettes-au-chanvre-et-au-cola-kopie-kopie\/","url":"https:\/\/blumiz.com\/fr\/produit\/euphoria-sucettes-au-chanvre-et-au-cola-kopie-kopie\/","name":"Sucette originale au go\u00fbt de cannabis","isPartOf":{"@id":"https:\/\/blumiz.com\/fr\/#website"},"primaryImageOfPage":{"@id":"https:\/\/blumiz.com\/fr\/produit\/euphoria-sucettes-au-chanvre-et-au-cola-kopie-kopie\/#primaryimage"},"image":{"@id":"https:\/\/blumiz.com\/fr\/produit\/euphoria-sucettes-au-chanvre-et-au-cola-kopie-kopie\/#primaryimage"},"thumbnailUrl":"https:\/\/blumiz.com\/wp-content\/uploads\/2025\/08\/Einzigartige-Cannabis-Lollis-mit-Original-Kush-und-Bubblegum.webp","datePublished":"2025-08-11T16:47:47+00:00","dateModified":"2025-08-11T16:52:18+00:00","description":"The Hempy Lab Sucettes de cannabis Original Kush et Bubblegum %%page% - Blumiz - Premium CBD - Livraison rapide et l\u00e9gale en France","breadcrumb":{"@id":"https:\/\/blumiz.com\/fr\/produit\/euphoria-sucettes-au-chanvre-et-au-cola-kopie-kopie\/#breadcrumb"},"inLanguage":"fr-FR","potentialAction":[{"@type":"ReadAction","target":["https:\/\/blumiz.com\/fr\/produit\/euphoria-sucettes-au-chanvre-et-au-cola-kopie-kopie\/"]}]},{"@type":"ImageObject","inLanguage":"fr-FR","@id":"https:\/\/blumiz.com\/fr\/produit\/euphoria-sucettes-au-chanvre-et-au-cola-kopie-kopie\/#primaryimage","url":"https:\/\/blumiz.com\/wp-content\/uploads\/2025\/08\/Einzigartige-Cannabis-Lollis-mit-Original-Kush-und-Bubblegum.webp","contentUrl":"https:\/\/blumiz.com\/wp-content\/uploads\/2025\/08\/Einzigartige-Cannabis-Lollis-mit-Original-Kush-und-Bubblegum.webp","width":1000,"height":1000,"caption":"Einzigartige Cannabis-Lollis mit Original Kush und Bubblegum"},{"@type":"BreadcrumbList","@id":"https:\/\/blumiz.com\/fr\/produit\/euphoria-sucettes-au-chanvre-et-au-cola-kopie-kopie\/#breadcrumb","itemListElement":[{"@type":"ListItem","position":1,"name":"Blumiz","item":"https:\/\/blumiz.com\/fr\/"},{"@type":"ListItem","position":2,"name":"CBD Shop","item":"https:\/\/blumiz.com\/fr\/acheter-cbd-shop\/"},{"@type":"ListItem","position":3,"name":"Bien \u00eatre CBD","item":"https:\/\/blumiz.com\/fr\/category\/bien-etre-cbd\/"},{"@type":"ListItem","position":4,"name":"Aliments CBD","item":"https:\/\/blumiz.com\/fr\/category\/bien-etre-cbd\/aliments-cbd\/"},{"@type":"ListItem","position":5,"name":"The Hempy Lab Sucettes de cannabis Original Kush et Bubblegum"}]},{"@type":"WebSite","@id":"https:\/\/blumiz.com\/fr\/#website","url":"https:\/\/blumiz.com\/fr\/","name":"Blumiz - Premium CBD","description":"Blumiz, Cannabis specialist","publisher":{"@id":"https:\/\/blumiz.com\/fr\/#organization"},"alternateName":"Blumiz","potentialAction":[{"@type":"SearchAction","target":{"@type":"EntryPoint","urlTemplate":"https:\/\/blumiz.com\/fr\/?s={search_term_string}"},"query-input":{"@type":"PropertyValueSpecification","valueRequired":true,"valueName":"search_term_string"}}],"inLanguage":"fr-FR"},{"@type":"Organization","@id":"https:\/\/blumiz.com\/fr\/#organization","name":"Blumiz CBD","alternateName":"Blumiz","url":"https:\/\/blumiz.com\/fr\/","logo":{"@type":"ImageObject","inLanguage":"fr-FR","@id":"https:\/\/blumiz.com\/fr\/#\/schema\/logo\/image\/","url":"https:\/\/blumiz.com\/wp-content\/uploads\/2026\/02\/cropped-Blumiz-CBD-logo.webp","contentUrl":"https:\/\/blumiz.com\/wp-content\/uploads\/2026\/02\/cropped-Blumiz-CBD-logo.webp","width":2547,"height":778,"caption":"Blumiz CBD"},"image":{"@id":"https:\/\/blumiz.com\/fr\/#\/schema\/logo\/image\/"}}]},"product_price_amount":"1.50","product_price_currency":"EUR","og_availability":"instock","product_availability":"instock","product_retailer_item_id":"39452","product_condition":"new"},"_links":{"self":[{"href":"https:\/\/blumiz.com\/fr\/wp-json\/wp\/v2\/product\/22706","targetHints":{"allow":["GET"]}}],"collection":[{"href":"https:\/\/blumiz.com\/fr\/wp-json\/wp\/v2\/product"}],"about":[{"href":"https:\/\/blumiz.com\/fr\/wp-json\/wp\/v2\/types\/product"}],"replies":[{"embeddable":true,"href":"https:\/\/blumiz.com\/fr\/wp-json\/wp\/v2\/comments?post=22706"}],"version-history":[{"count":0,"href":"https:\/\/blumiz.com\/fr\/wp-json\/wp\/v2\/product\/22706\/revisions"}],"wp:featuredmedia":[{"embeddable":true,"href":"https:\/\/blumiz.com\/fr\/wp-json\/wp\/v2\/media\/22711"}],"wp:attachment":[{"href":"https:\/\/blumiz.com\/fr\/wp-json\/wp\/v2\/media?parent=22706"}],"wp:term":[{"taxonomy":"product_brand","embeddable":true,"href":"https:\/\/blumiz.com\/fr\/wp-json\/wp\/v2\/product_brand?post=22706"},{"taxonomy":"product_cat","embeddable":true,"href":"https:\/\/blumiz.com\/fr\/wp-json\/wp\/v2\/product_cat?post=22706"},{"taxonomy":"product_tag","embeddable":true,"href":"https:\/\/blumiz.com\/fr\/wp-json\/wp\/v2\/product_tag?post=22706"}],"curies":[{"name":"wp","href":"https:\/\/api.w.org\/{rel}","templated":true}]}}