{"id":7295,"date":"2020-09-06T07:52:51","date_gmt":"2020-09-06T06:52:51","guid":{"rendered":"https:\/\/blumiz.com\/?post_type=product&#038;p=7295"},"modified":"2025-02-11T13:31:20","modified_gmt":"2025-02-11T12:31:20","slug":"cbd-creme-anti-age-700mg-50-ml-enecta-cosmetic","status":"publish","type":"product","link":"https:\/\/blumiz.com\/fr\/produit\/cbd-creme-anti-age-700mg-50-ml-enecta-cosmetic\/","title":{"rendered":"Cr\u00e8me CBD &#8211; Anti-\u00e2ge 700mg (50 ml) &#8211; Enecta"},"content":{"rendered":"<h2>Description de la cr\u00e8me CBD anti-\u00e2ge :<\/h2>\n<p>La cr\u00e8me au CBD pr\u00e9vient et r\u00e9duit les signes de vieillissement de la peau gr\u00e2ce au complexe antioxydant de CBD et de vitamine C. Pour une peau plus jeune et plus \u00e9clatante.<\/p>\n<p>\u00c9galement dans la formule de la cr\u00e8me CBD :<\/p>\n<p>Vitamine C \u00e9th\u00e9rifi\u00e9e : un antioxydant qui stimule la production de nouveau collag\u00e8ne en stimulant les fibroblastes et en bloquant la formation de taches sombres ;<br \/>\nHuile de jojoba : comme le s\u00e9bum, cette huile maintient l&#8217;hydratation de la peau et la prot\u00e8ge contre les agressions ext\u00e9rieures (bact\u00e9ries, soleil, vent et substances chimiques pr\u00e9sentes dans l&#8217;air) ;<br \/>\nHuile de noix de coco : poss\u00e8de des nutriments et des propri\u00e9t\u00e9s qui restaurent le s\u00e9bum (huile). Elle est utilis\u00e9e dans les formules anti-\u00e2ge et pour les peaux s\u00e8ches et sensibles et pour sa capacit\u00e9 \u00e0 redonner de la souplesse \u00e0 l&#8217;\u00e9piderme ;<br \/>\nVitamine E naturelle : un m\u00e9lange de tocoph\u00e9rols antioxydants d\u00e9riv\u00e9s de l&#8217;huile de tournesol et riches en squal\u00e8ne naturel. <\/p>\n<p>Ingr\u00e9dients : Aqua [Water], Caprylic\/Capric Triglyceride, Simmondsia chinensis (Jojoba) huile de graines, Cetearyl Glucoside, Cetearyl Alcohol, Cocos Nucifera (Coconut) Oil, Myristyl Alcohol, Cannabidiol, Cannabis Sativa Seed Oil, 3-o-Ethylascorbic Acid, Tocopherol, Palmitoylproline, 1,2-hexanediol, Caprylylglycol, Glucoside Myristyl, Helianthus annuus (huile de graines de tournesol), Cera alba [Bienenwachs], gomme xanthane, palmitoylglutamate de magn\u00e9sium, palmitoylsarcosinate de sodium, diac\u00e9tate de glutamate t\u00e9trasodique, trim\u00e9thamine, parfum [Parf\u00fcm], salicylate de benzyle, linalol, hexylcanal, glucose, tricolone, alpha-isom\u00e9thylionone, squal\u00e8ne*, g\u00e9raniol, b\u00eata-sitost\u00e9rol *d&#8217;huile de tournesol<\/p>\n","protected":false},"excerpt":{"rendered":"<h2>Cr\u00e8me CBD anti-\u00e2ge :<\/h2>\n<p>Protection quotidienne pour une peau saine et d&#8217;apparence jeune, pr\u00e9vient et att\u00e9nue les signes de vieillissement gr\u00e2ce \u00e0 son complexe d&#8217;antioxydants puissants, dont le CBD et la vitamine C. Pour une peau saine, \u00e9clatante et jeune.<br \/>\nCBD 700mg<br \/>\n50 ml<\/p>\n","protected":false},"featured_media":6785,"comment_status":"open","ping_status":"closed","template":"","meta":{"site-sidebar-layout":"default","site-content-layout":"default","ast-site-content-layout":"default","site-content-style":"default","site-sidebar-style":"default","ast-global-header-display":"","ast-banner-title-visibility":"","ast-main-header-display":"","ast-hfb-above-header-display":"","ast-hfb-below-header-display":"","ast-hfb-mobile-header-display":"","site-post-title":"","ast-breadcrumbs-content":"","ast-featured-img":"","footer-sml-layout":"","ast-disable-related-posts":"","theme-transparent-header-meta":"default","adv-header-id-meta":"","stick-header-meta":"default","header-above-stick-meta":"","header-main-stick-meta":"","header-below-stick-meta":"","astra-migrate-meta-layouts":"default","ast-page-background-enabled":"default","ast-page-background-meta":{"desktop":{"background-color":"","background-image":"","background-repeat":"repeat","background-position":"center center","background-size":"auto","background-attachment":"scroll","background-type":"","background-media":"","overlay-type":"","overlay-color":"","overlay-opacity":"","overlay-gradient":""},"tablet":{"background-color":"","background-image":"","background-repeat":"repeat","background-position":"center center","background-size":"auto","background-attachment":"scroll","background-type":"","background-media":"","overlay-type":"","overlay-color":"","overlay-opacity":"","overlay-gradient":""},"mobile":{"background-color":"","background-image":"","background-repeat":"repeat","background-position":"center center","background-size":"auto","background-attachment":"scroll","background-type":"","background-media":"","overlay-type":"","overlay-color":"","overlay-opacity":"","overlay-gradient":""}},"ast-content-background-meta":{"desktop":{"background-color":"var(--ast-global-color-5)","background-image":"","background-repeat":"repeat","background-position":"center center","background-size":"auto","background-attachment":"scroll","background-type":"","background-media":"","overlay-type":"","overlay-color":"","overlay-opacity":"","overlay-gradient":""},"tablet":{"background-color":"var(--ast-global-color-5)","background-image":"","background-repeat":"repeat","background-position":"center center","background-size":"auto","background-attachment":"scroll","background-type":"","background-media":"","overlay-type":"","overlay-color":"","overlay-opacity":"","overlay-gradient":""},"mobile":{"background-color":"var(--ast-global-color-5)","background-image":"","background-repeat":"repeat","background-position":"center center","background-size":"auto","background-attachment":"scroll","background-type":"","background-media":"","overlay-type":"","overlay-color":"","overlay-opacity":"","overlay-gradient":""}}},"product_brand":[],"product_cat":[304,172],"product_tag":[],"class_list":{"0":"post-7295","1":"product","2":"type-product","3":"status-publish","4":"has-post-thumbnail","6":"product_cat-cbd-fr","7":"product_cat-cosmetiques","8":"desktop-align-left","9":"tablet-align-center","10":"mobile-align-left","11":"ast-product-gallery-layout-vertical","12":"ast-product-gallery-with-no-image","13":"ast-magnify-disabled","14":"ast-product-tabs-layout-horizontal","16":"first","17":"instock","18":"taxable","19":"shipping-taxable","20":"purchasable","21":"product-type-simple"},"yoast_head":"<!-- This site is optimized with the Yoast SEO Premium plugin v27.2 (Yoast SEO v27.4) - https:\/\/yoast.com\/product\/yoast-seo-premium-wordpress\/ -->\n<title>Cr\u00e8me CBD %%sep% Blumiz - Premium CBD<\/title>\n<meta name=\"description\" content=\"Cr\u00e8me CBD - Anti-\u00e2ge 700mg (50 ml) - Enecta - CBD au meilleur prix - Livraison rapide ! Cosm\u00e9tiques au CBD en France\" \/>\n<meta name=\"robots\" content=\"index, follow, max-snippet:-1, max-image-preview:large, max-video-preview:-1\" \/>\n<link rel=\"canonical\" href=\"https:\/\/blumiz.com\/fr\/produit\/cbd-creme-anti-age-700mg-50-ml-enecta-cosmetic\/\" \/>\n<meta property=\"og:locale\" content=\"fr_FR\" \/>\n<meta property=\"og:type\" content=\"article\" \/>\n<meta property=\"og:title\" content=\"Cr\u00e8me CBD - Anti-\u00e2ge 700mg (50 ml) - Enecta\" \/>\n<meta property=\"og:description\" content=\"Cr\u00e8me CBD - Anti-\u00e2ge 700mg (50 ml) - Enecta Blumiz - Premium CBD\" \/>\n<meta property=\"og:url\" content=\"https:\/\/blumiz.com\/fr\/produit\/cbd-creme-anti-age-700mg-50-ml-enecta-cosmetic\/\" \/>\n<meta property=\"og:site_name\" content=\"Blumiz - Premium CBD\" \/>\n<meta property=\"article:modified_time\" content=\"2025-02-11T12:31:20+00:00\" \/>\n<meta property=\"og:image\" content=\"https:\/\/blumiz.com\/wp-content\/uploads\/2022\/09\/Enecta-700-mg-CBD-Anti-Aging-Creme-50-ml.webp\" \/>\n\t<meta property=\"og:image:width\" content=\"600\" \/>\n\t<meta property=\"og:image:height\" content=\"600\" \/>\n\t<meta property=\"og:image:type\" content=\"image\/webp\" \/>\n<meta name=\"twitter:card\" content=\"summary_large_image\" \/>\n<meta name=\"twitter:label1\" content=\"Prix\" \/>\n\t<meta name=\"twitter:data1\" content=\"34,95&nbsp;&euro;\" \/>\n\t<meta name=\"twitter:label2\" content=\"Disponibilit\u00e9\" \/>\n\t<meta name=\"twitter:data2\" content=\"En stock\" \/>\n<script type=\"application\/ld+json\" class=\"yoast-schema-graph\">{\"@context\":\"https:\\\/\\\/schema.org\",\"@graph\":[{\"@type\":\"WebPage\",\"@id\":\"https:\\\/\\\/blumiz.com\\\/fr\\\/produit\\\/cbd-creme-anti-age-700mg-50-ml-enecta-cosmetic\\\/\",\"url\":\"https:\\\/\\\/blumiz.com\\\/fr\\\/produit\\\/cbd-creme-anti-age-700mg-50-ml-enecta-cosmetic\\\/\",\"name\":\"Cr\u00e8me CBD %%sep% Blumiz - Premium CBD\",\"isPartOf\":{\"@id\":\"https:\\\/\\\/blumiz.com\\\/fr\\\/#website\"},\"primaryImageOfPage\":{\"@id\":\"https:\\\/\\\/blumiz.com\\\/fr\\\/produit\\\/cbd-creme-anti-age-700mg-50-ml-enecta-cosmetic\\\/#primaryimage\"},\"image\":{\"@id\":\"https:\\\/\\\/blumiz.com\\\/fr\\\/produit\\\/cbd-creme-anti-age-700mg-50-ml-enecta-cosmetic\\\/#primaryimage\"},\"thumbnailUrl\":\"https:\\\/\\\/blumiz.com\\\/wp-content\\\/uploads\\\/2022\\\/09\\\/Enecta-700-mg-CBD-Anti-Aging-Creme-50-ml.webp\",\"datePublished\":\"2020-09-06T06:52:51+00:00\",\"dateModified\":\"2025-02-11T12:31:20+00:00\",\"description\":\"Cr\u00e8me CBD - Anti-\u00e2ge 700mg (50 ml) - Enecta - CBD au meilleur prix - Livraison rapide ! Cosm\u00e9tiques au CBD en France\",\"breadcrumb\":{\"@id\":\"https:\\\/\\\/blumiz.com\\\/fr\\\/produit\\\/cbd-creme-anti-age-700mg-50-ml-enecta-cosmetic\\\/#breadcrumb\"},\"inLanguage\":\"fr-FR\",\"potentialAction\":[{\"@type\":\"ReadAction\",\"target\":[\"https:\\\/\\\/blumiz.com\\\/fr\\\/produit\\\/cbd-creme-anti-age-700mg-50-ml-enecta-cosmetic\\\/\"]}]},{\"@type\":\"ImageObject\",\"inLanguage\":\"fr-FR\",\"@id\":\"https:\\\/\\\/blumiz.com\\\/fr\\\/produit\\\/cbd-creme-anti-age-700mg-50-ml-enecta-cosmetic\\\/#primaryimage\",\"url\":\"https:\\\/\\\/blumiz.com\\\/wp-content\\\/uploads\\\/2022\\\/09\\\/Enecta-700-mg-CBD-Anti-Aging-Creme-50-ml.webp\",\"contentUrl\":\"https:\\\/\\\/blumiz.com\\\/wp-content\\\/uploads\\\/2022\\\/09\\\/Enecta-700-mg-CBD-Anti-Aging-Creme-50-ml.webp\",\"width\":600,\"height\":600},{\"@type\":\"BreadcrumbList\",\"@id\":\"https:\\\/\\\/blumiz.com\\\/fr\\\/produit\\\/cbd-creme-anti-age-700mg-50-ml-enecta-cosmetic\\\/#breadcrumb\",\"itemListElement\":[{\"@type\":\"ListItem\",\"position\":1,\"name\":\"Blumiz\",\"item\":\"https:\\\/\\\/blumiz.com\\\/fr\\\/\"},{\"@type\":\"ListItem\",\"position\":2,\"name\":\"CBD Shop\",\"item\":\"https:\\\/\\\/blumiz.com\\\/fr\\\/acheter-cbd-shop\\\/\"},{\"@type\":\"ListItem\",\"position\":3,\"name\":\"Bien \u00eatre CBD\",\"item\":\"https:\\\/\\\/blumiz.com\\\/fr\\\/category\\\/bien-etre-cbd\\\/\"},{\"@type\":\"ListItem\",\"position\":4,\"name\":\"Cosm\u00e9tiques\",\"item\":\"https:\\\/\\\/blumiz.com\\\/fr\\\/category\\\/bien-etre-cbd\\\/cosmetiques\\\/\"},{\"@type\":\"ListItem\",\"position\":5,\"name\":\"Cr\u00e8me CBD &#8211; Anti-\u00e2ge 700mg (50 ml) &#8211; Enecta\"}]},{\"@type\":\"WebSite\",\"@id\":\"https:\\\/\\\/blumiz.com\\\/fr\\\/#website\",\"url\":\"https:\\\/\\\/blumiz.com\\\/fr\\\/\",\"name\":\"Blumiz - Premium CBD\",\"description\":\"Blumiz, Cannabis specialist\",\"publisher\":{\"@id\":\"https:\\\/\\\/blumiz.com\\\/fr\\\/#organization\"},\"alternateName\":\"Blumiz\",\"potentialAction\":[{\"@type\":\"SearchAction\",\"target\":{\"@type\":\"EntryPoint\",\"urlTemplate\":\"https:\\\/\\\/blumiz.com\\\/fr\\\/?s={search_term_string}\"},\"query-input\":{\"@type\":\"PropertyValueSpecification\",\"valueRequired\":true,\"valueName\":\"search_term_string\"}}],\"inLanguage\":\"fr-FR\"},{\"@type\":\"Organization\",\"@id\":\"https:\\\/\\\/blumiz.com\\\/fr\\\/#organization\",\"name\":\"Blumiz CBD\",\"alternateName\":\"Blumiz\",\"url\":\"https:\\\/\\\/blumiz.com\\\/fr\\\/\",\"logo\":{\"@type\":\"ImageObject\",\"inLanguage\":\"fr-FR\",\"@id\":\"https:\\\/\\\/blumiz.com\\\/fr\\\/#\\\/schema\\\/logo\\\/image\\\/\",\"url\":\"https:\\\/\\\/blumiz.com\\\/wp-content\\\/uploads\\\/2026\\\/02\\\/cropped-Blumiz-CBD-logo.webp\",\"contentUrl\":\"https:\\\/\\\/blumiz.com\\\/wp-content\\\/uploads\\\/2026\\\/02\\\/cropped-Blumiz-CBD-logo.webp\",\"width\":2547,\"height\":778,\"caption\":\"Blumiz CBD\"},\"image\":{\"@id\":\"https:\\\/\\\/blumiz.com\\\/fr\\\/#\\\/schema\\\/logo\\\/image\\\/\"}}]}<\/script>\n<meta property=\"product:price:amount\" content=\"34.95\" \/>\n<meta property=\"product:price:currency\" content=\"EUR\" \/>\n<meta property=\"og:availability\" content=\"instock\" \/>\n<meta property=\"product:availability\" content=\"instock\" \/>\n<meta property=\"product:retailer_item_id\" content=\"2479\" \/>\n<meta property=\"product:condition\" content=\"new\" \/>\n<!-- \/ Yoast SEO Premium plugin. -->","yoast_head_json":{"title":"Cr\u00e8me CBD %%sep% Blumiz - Premium CBD","description":"Cr\u00e8me CBD - Anti-\u00e2ge 700mg (50 ml) - Enecta - CBD au meilleur prix - Livraison rapide ! Cosm\u00e9tiques au CBD en France","robots":{"index":"index","follow":"follow","max-snippet":"max-snippet:-1","max-image-preview":"max-image-preview:large","max-video-preview":"max-video-preview:-1"},"canonical":"https:\/\/blumiz.com\/fr\/produit\/cbd-creme-anti-age-700mg-50-ml-enecta-cosmetic\/","og_locale":"fr_FR","og_type":"article","og_title":"Cr\u00e8me CBD - Anti-\u00e2ge 700mg (50 ml) - Enecta","og_description":"Cr\u00e8me CBD - Anti-\u00e2ge 700mg (50 ml) - Enecta Blumiz - Premium CBD","og_url":"https:\/\/blumiz.com\/fr\/produit\/cbd-creme-anti-age-700mg-50-ml-enecta-cosmetic\/","og_site_name":"Blumiz - Premium CBD","article_modified_time":"2025-02-11T12:31:20+00:00","og_image":[{"width":600,"height":600,"url":"https:\/\/blumiz.com\/wp-content\/uploads\/2022\/09\/Enecta-700-mg-CBD-Anti-Aging-Creme-50-ml.webp","type":"image\/webp"}],"twitter_card":"summary_large_image","twitter_misc":{"Prix":"34,95&nbsp;&euro;","Disponibilit\u00e9":"En stock"},"schema":{"@context":"https:\/\/schema.org","@graph":[{"@type":"WebPage","@id":"https:\/\/blumiz.com\/fr\/produit\/cbd-creme-anti-age-700mg-50-ml-enecta-cosmetic\/","url":"https:\/\/blumiz.com\/fr\/produit\/cbd-creme-anti-age-700mg-50-ml-enecta-cosmetic\/","name":"Cr\u00e8me CBD %%sep% Blumiz - Premium CBD","isPartOf":{"@id":"https:\/\/blumiz.com\/fr\/#website"},"primaryImageOfPage":{"@id":"https:\/\/blumiz.com\/fr\/produit\/cbd-creme-anti-age-700mg-50-ml-enecta-cosmetic\/#primaryimage"},"image":{"@id":"https:\/\/blumiz.com\/fr\/produit\/cbd-creme-anti-age-700mg-50-ml-enecta-cosmetic\/#primaryimage"},"thumbnailUrl":"https:\/\/blumiz.com\/wp-content\/uploads\/2022\/09\/Enecta-700-mg-CBD-Anti-Aging-Creme-50-ml.webp","datePublished":"2020-09-06T06:52:51+00:00","dateModified":"2025-02-11T12:31:20+00:00","description":"Cr\u00e8me CBD - Anti-\u00e2ge 700mg (50 ml) - Enecta - CBD au meilleur prix - Livraison rapide ! Cosm\u00e9tiques au CBD en France","breadcrumb":{"@id":"https:\/\/blumiz.com\/fr\/produit\/cbd-creme-anti-age-700mg-50-ml-enecta-cosmetic\/#breadcrumb"},"inLanguage":"fr-FR","potentialAction":[{"@type":"ReadAction","target":["https:\/\/blumiz.com\/fr\/produit\/cbd-creme-anti-age-700mg-50-ml-enecta-cosmetic\/"]}]},{"@type":"ImageObject","inLanguage":"fr-FR","@id":"https:\/\/blumiz.com\/fr\/produit\/cbd-creme-anti-age-700mg-50-ml-enecta-cosmetic\/#primaryimage","url":"https:\/\/blumiz.com\/wp-content\/uploads\/2022\/09\/Enecta-700-mg-CBD-Anti-Aging-Creme-50-ml.webp","contentUrl":"https:\/\/blumiz.com\/wp-content\/uploads\/2022\/09\/Enecta-700-mg-CBD-Anti-Aging-Creme-50-ml.webp","width":600,"height":600},{"@type":"BreadcrumbList","@id":"https:\/\/blumiz.com\/fr\/produit\/cbd-creme-anti-age-700mg-50-ml-enecta-cosmetic\/#breadcrumb","itemListElement":[{"@type":"ListItem","position":1,"name":"Blumiz","item":"https:\/\/blumiz.com\/fr\/"},{"@type":"ListItem","position":2,"name":"CBD Shop","item":"https:\/\/blumiz.com\/fr\/acheter-cbd-shop\/"},{"@type":"ListItem","position":3,"name":"Bien \u00eatre CBD","item":"https:\/\/blumiz.com\/fr\/category\/bien-etre-cbd\/"},{"@type":"ListItem","position":4,"name":"Cosm\u00e9tiques","item":"https:\/\/blumiz.com\/fr\/category\/bien-etre-cbd\/cosmetiques\/"},{"@type":"ListItem","position":5,"name":"Cr\u00e8me CBD &#8211; Anti-\u00e2ge 700mg (50 ml) &#8211; Enecta"}]},{"@type":"WebSite","@id":"https:\/\/blumiz.com\/fr\/#website","url":"https:\/\/blumiz.com\/fr\/","name":"Blumiz - Premium CBD","description":"Blumiz, Cannabis specialist","publisher":{"@id":"https:\/\/blumiz.com\/fr\/#organization"},"alternateName":"Blumiz","potentialAction":[{"@type":"SearchAction","target":{"@type":"EntryPoint","urlTemplate":"https:\/\/blumiz.com\/fr\/?s={search_term_string}"},"query-input":{"@type":"PropertyValueSpecification","valueRequired":true,"valueName":"search_term_string"}}],"inLanguage":"fr-FR"},{"@type":"Organization","@id":"https:\/\/blumiz.com\/fr\/#organization","name":"Blumiz CBD","alternateName":"Blumiz","url":"https:\/\/blumiz.com\/fr\/","logo":{"@type":"ImageObject","inLanguage":"fr-FR","@id":"https:\/\/blumiz.com\/fr\/#\/schema\/logo\/image\/","url":"https:\/\/blumiz.com\/wp-content\/uploads\/2026\/02\/cropped-Blumiz-CBD-logo.webp","contentUrl":"https:\/\/blumiz.com\/wp-content\/uploads\/2026\/02\/cropped-Blumiz-CBD-logo.webp","width":2547,"height":778,"caption":"Blumiz CBD"},"image":{"@id":"https:\/\/blumiz.com\/fr\/#\/schema\/logo\/image\/"}}]},"product_price_amount":"34.95","product_price_currency":"EUR","og_availability":"instock","product_availability":"instock","product_retailer_item_id":"2479","product_condition":"new"},"_links":{"self":[{"href":"https:\/\/blumiz.com\/fr\/wp-json\/wp\/v2\/product\/7295","targetHints":{"allow":["GET"]}}],"collection":[{"href":"https:\/\/blumiz.com\/fr\/wp-json\/wp\/v2\/product"}],"about":[{"href":"https:\/\/blumiz.com\/fr\/wp-json\/wp\/v2\/types\/product"}],"replies":[{"embeddable":true,"href":"https:\/\/blumiz.com\/fr\/wp-json\/wp\/v2\/comments?post=7295"}],"version-history":[{"count":0,"href":"https:\/\/blumiz.com\/fr\/wp-json\/wp\/v2\/product\/7295\/revisions"}],"wp:featuredmedia":[{"embeddable":true,"href":"https:\/\/blumiz.com\/fr\/wp-json\/wp\/v2\/media\/6785"}],"wp:attachment":[{"href":"https:\/\/blumiz.com\/fr\/wp-json\/wp\/v2\/media?parent=7295"}],"wp:term":[{"taxonomy":"product_brand","embeddable":true,"href":"https:\/\/blumiz.com\/fr\/wp-json\/wp\/v2\/product_brand?post=7295"},{"taxonomy":"product_cat","embeddable":true,"href":"https:\/\/blumiz.com\/fr\/wp-json\/wp\/v2\/product_cat?post=7295"},{"taxonomy":"product_tag","embeddable":true,"href":"https:\/\/blumiz.com\/fr\/wp-json\/wp\/v2\/product_tag?post=7295"}],"curies":[{"name":"wp","href":"https:\/\/api.w.org\/{rel}","templated":true}]}}