{"id":7296,"date":"2020-09-06T06:49:19","date_gmt":"2020-09-06T05:49:19","guid":{"rendered":"https:\/\/blumiz.com\/produkt\/afgano-hash-feuille-dor-25\/"},"modified":"2025-02-11T13:03:12","modified_gmt":"2025-02-11T12:03:12","slug":"or-cbd-hash-afgano-25","status":"publish","type":"product","link":"https:\/\/blumiz.com\/fr\/produit\/or-cbd-hash-afgano-25\/","title":{"rendered":"Afgano Hash Gold Leaf 25%"},"content":{"rendered":"<h2><span style=\"color: #107d85;\">Hash CBD Afgano Gold Leaf 25% (en allemand)<\/span><\/h2>\n<h4><span style=\"color: #ff6600;\">Blumiz pr\u00e9sente CBD 25% AFGANO HASH avec feuille d&#8217;or 24 carats<\/span><\/h4>\n<p>La particularit\u00e9 du CBD Afgano Hash Gold Leaf est la simplicit\u00e9 de sa m\u00e9thode de fabrication de la plante pour la production ancestrale de haschisch par l&#8217;ajout d&#8217;une feuille d&#8217;or.<br \/>\nNous trouvons dans l&#8217;afghan des ar\u00f4mes forts et intenses, avec des saveurs poivr\u00e9es et \u00e9pic\u00e9es, combin\u00e9es \u00e0 un go\u00fbt l\u00e9g\u00e8rement terreux.<\/p>\n<h4><span style=\"color: #ff6600;\">Qu&#8217;est-ce que le CBD Afgano Hash Gold Leaf ?<\/span><\/h4>\n<p>Origine.<br \/>\nL&#8217;Afgano Hash est principalement cultiv\u00e9 dans les montagnes des r\u00e9gions septentrionales de l&#8217;Hindu Kush, o\u00f9 sont cultiv\u00e9es les meilleures vari\u00e9t\u00e9s de cannabis afghan.<br \/>\nla culture.<br \/>\nL&#8217;Afghan se produit aujourd&#8217;hui en Europe, et notamment en Italie. La r\u00e9sine afghane est la seule vari\u00e9t\u00e9 de haschisch obtenue \u00e0 partir de marijuana encore fra\u00eeche, en r\u00e2pant la partie inf\u00e9rieure des bourgeons.<br \/>\nLes plantes dont est extraite la r\u00e9sine peuvent \u00eatre cultiv\u00e9es en plein air (Outdoor) ou sous serre (serres), dans le respect de la r\u00e9glementation bio.<br \/>\nAspect.<br \/>\nDe par son aspect, le haschisch afghan a une texture douce et grasse de couleur noire. Blumiz vous propose une cr\u00e8me de haschisch.<br \/>\nGo\u00fbt.<br \/>\nLe hasch afgano a un ar\u00f4me typique, nous trouvons des odeurs intenses, fortes et enveloppantes avec des notes \u00e9pic\u00e9es et m\u00e9lang\u00e9es \u00e0 des senteurs piquantes de poivre, de terre et de for\u00eats. <\/p>\n<p>Nous proposons \u00e9galement cette <a href=\"https:\/\/blumiz.com\/produit\/afgan-hash-cbd-30\/\">version de haschisch afghan sans feuille d&#8217;or<\/a> dans une version classique.<\/p>\n<h4><span style=\"color: #ff6600;\">Comment consommer le CBD Afgano Hash Gold Leaf de Blumiz ?<\/span><\/h4>\n<p>Vous pouvez consommer la r\u00e9sine de feuilles d&#8217;or afghanes de diff\u00e9rentes mani\u00e8res. Certaines personnes pr\u00e9f\u00e8rent le m\u00e9langer avec du tabac.<br \/>\nBlumiz d\u00e9conseille toutefois ce mode d&#8217;administration, qui reste dangereux pour la sant\u00e9, notamment \u00e0 cause du tabac et de la cigarette. Nous vous conseillons plut\u00f4t de consommer le haschisch afghan par vaporisation, une m\u00e9thode plus saine qui vous permettra de profiter de tous ses avantages.<br \/>\nQuels sont les avantages de la r\u00e9sine de feuilles d&#8217;or Afghan Hash de Blumiz ?  Le haschisch afghan \u00e0 la feuille d&#8217;or pr\u00e9sente de nombreux avantages pour le corps et vous aidera \u00e0 r\u00e9duire votre stress et votre anxi\u00e9t\u00e9. En effet, la r\u00e9sine afghane vous apportera \u00e0 la fois d\u00e9tente et relaxation dans votre corps.<br \/>\nMais ce n&#8217;est pas tout.<br \/>\nTant le CBD que le CBG de cette r\u00e9sine afghane (cannabig\u00e9rol) auraient un impact int\u00e9ressant sur la douleur et l&#8217;inflammation. La r\u00e9sine favoriserait \u00e9galement la lutte contre la toxicomanie.<\/p>\n<h4><span style=\"color: #ff6600;\">D\u00e9couvrez aussi notre <a style=\"color: #ff6600;\" href=\"\/?product_cat=cbd-blueten\">CBD Flower Shop<\/a> pour compl\u00e9ter votre haschisch<\/span><\/h4>\n<p>Fleur CBD sont disponibles en diff\u00e9rentes saveurs et concentrations de CBD. Nos fleurs de CBD sont soumises \u00e0 des crit\u00e8res de qualit\u00e9 externes stricts. Nos produits sont aussi vendus en tant que mati\u00e8res premi\u00e8res et sont exempts d&#8217;additifs chimiques et d&#8217;impuret\u00e9s.<\/p>\n<p>D\u00e9couvrez nos <a href=\"https:\/\/blumiz.com\/fr\/category\/headshop\/\">produits et accessoires Headshop<\/a> pour profiter de vos vari\u00e9t\u00e9s pr\u00e9f\u00e9r\u00e9es<\/p>\n<h4><span style=\"color: #ff6600;\">Commander chez Blumiz signifie<\/span><\/h4>\n<p>&#8211; Livraison rapide, discr\u00e8te et inodore<br \/>\n&#8211; Produits certifi\u00e9s de qualit\u00e9 et en laboratoire<br \/>\n&#8211; Des prix imbattables, car nous fabriquons nous-m\u00eames nos produits<\/p>\n<p>D\u00e9couvrez ici \u00e9galement nos <a href=\"\/?product_cat=cbd-blueten\">Fleurs de CBD!<\/a><\/p>\n<p>Une question, vous avez besoin d&#8217;aide ? <a href=\"https:\/\/blumiz.com\/hilfe-und-faqs\/\">Cliquez ici pour d\u00e9couvrir notre centre d&#8217;aide.<\/a><\/p>\n","protected":false},"excerpt":{"rendered":"<h4><span style=\"color: #107d85;\">Hash CBD Afgano Gold Leaf 25% (en allemand)<\/span><\/h4>\n<p>L&#8217;Afgano 25% CBD avec feuille d&#8217;or est certainement l&#8217;une des r\u00e9sines les plus l\u00e9gendaires du cannabis l\u00e9gal.<\/p>\n<p>Une technique de culture ancestrale pour la production de hasch afghan en ajoutant des feuilles d&#8217;or 24 carats.<\/p>\n","protected":false},"featured_media":6726,"comment_status":"open","ping_status":"closed","template":"","meta":{"site-sidebar-layout":"default","site-content-layout":"default","ast-site-content-layout":"default","site-content-style":"default","site-sidebar-style":"default","ast-global-header-display":"","ast-banner-title-visibility":"","ast-main-header-display":"","ast-hfb-above-header-display":"","ast-hfb-below-header-display":"","ast-hfb-mobile-header-display":"","site-post-title":"","ast-breadcrumbs-content":"","ast-featured-img":"","footer-sml-layout":"","ast-disable-related-posts":"","theme-transparent-header-meta":"default","adv-header-id-meta":"","stick-header-meta":"default","header-above-stick-meta":"","header-main-stick-meta":"","header-below-stick-meta":"","astra-migrate-meta-layouts":"default","ast-page-background-enabled":"default","ast-page-background-meta":{"desktop":{"background-color":"","background-image":"","background-repeat":"repeat","background-position":"center center","background-size":"auto","background-attachment":"scroll","background-type":"","background-media":"","overlay-type":"","overlay-color":"","overlay-opacity":"","overlay-gradient":""},"tablet":{"background-color":"","background-image":"","background-repeat":"repeat","background-position":"center center","background-size":"auto","background-attachment":"scroll","background-type":"","background-media":"","overlay-type":"","overlay-color":"","overlay-opacity":"","overlay-gradient":""},"mobile":{"background-color":"","background-image":"","background-repeat":"repeat","background-position":"center center","background-size":"auto","background-attachment":"scroll","background-type":"","background-media":"","overlay-type":"","overlay-color":"","overlay-opacity":"","overlay-gradient":""}},"ast-content-background-meta":{"desktop":{"background-color":"var(--ast-global-color-5)","background-image":"","background-repeat":"repeat","background-position":"center center","background-size":"auto","background-attachment":"scroll","background-type":"","background-media":"","overlay-type":"","overlay-color":"","overlay-opacity":"","overlay-gradient":""},"tablet":{"background-color":"var(--ast-global-color-5)","background-image":"","background-repeat":"repeat","background-position":"center center","background-size":"auto","background-attachment":"scroll","background-type":"","background-media":"","overlay-type":"","overlay-color":"","overlay-opacity":"","overlay-gradient":""},"mobile":{"background-color":"var(--ast-global-color-5)","background-image":"","background-repeat":"repeat","background-position":"center center","background-size":"auto","background-attachment":"scroll","background-type":"","background-media":"","overlay-type":"","overlay-color":"","overlay-opacity":"","overlay-gradient":""}}},"product_brand":[],"product_cat":[304,175,174],"product_tag":[201,202],"class_list":{"0":"post-7296","1":"product","2":"type-product","3":"status-publish","4":"has-post-thumbnail","6":"product_cat-cbd-fr","7":"product_cat-hash-cbd","8":"product_cat-hash-et-concentres","9":"product_tag-fleurs-cbd-pas-cher","10":"product_tag-fleurs-cbd-puissantes","11":"pa_cbd-rate-plus-de-20-cbd","12":"pa_kategorie-greenhouse-fr","13":"desktop-align-left","14":"tablet-align-center","15":"mobile-align-left","16":"ast-product-gallery-layout-vertical","17":"ast-product-gallery-with-no-image","18":"ast-magnify-disabled","19":"ast-product-single-variable","20":"ast-product-tabs-layout-horizontal","22":"first","23":"instock","24":"taxable","25":"shipping-taxable","26":"purchasable","27":"product-type-variable"},"yoast_head":"<!-- This site is optimized with the Yoast SEO Premium plugin v27.2 (Yoast SEO v27.5) - https:\/\/yoast.com\/product\/yoast-seo-premium-wordpress\/ -->\n<title>Gold Hash CBD Afgano 25% \u00e0 partir de 3,5\u20ac\/g- Haschisch avec feuille d&#039;or .fr<\/title>\n<meta name=\"description\" content=\"Gold Hash CBD Afgano 25% \u00e0 partir de 3,5\u20ac\/g Un Hash CBD Afgano puissant et savoureux, recouvert d&#039;une feuille d&#039;or. Hash CBD l\u00e9gal en France Premium\" \/>\n<meta name=\"robots\" content=\"index, follow, max-snippet:-1, max-image-preview:large, max-video-preview:-1\" \/>\n<link rel=\"canonical\" href=\"https:\/\/blumiz.com\/fr\/produit\/or-cbd-hash-afgano-25\/\" \/>\n<meta property=\"og:locale\" content=\"fr_FR\" \/>\n<meta property=\"og:type\" content=\"article\" \/>\n<meta property=\"og:title\" content=\"Afgano Hash Gold Leaf 25%\" \/>\n<meta property=\"og:description\" content=\"Afgano Hash Gold Leaf 25% Blumiz - Premium CBD\" \/>\n<meta property=\"og:url\" content=\"https:\/\/blumiz.com\/fr\/produit\/or-cbd-hash-afgano-25\/\" \/>\n<meta property=\"og:site_name\" content=\"Blumiz - Premium CBD\" \/>\n<meta property=\"article:modified_time\" content=\"2025-02-11T12:03:12+00:00\" \/>\n<meta property=\"og:image\" content=\"https:\/\/blumiz.com\/wp-content\/uploads\/2022\/09\/Gold-afgano-blumiz-hash-1.webp\" \/>\n\t<meta property=\"og:image:width\" content=\"600\" \/>\n\t<meta property=\"og:image:height\" content=\"600\" \/>\n\t<meta property=\"og:image:type\" content=\"image\/webp\" \/>\n<meta name=\"twitter:card\" content=\"summary_large_image\" \/>\n<meta name=\"twitter:label1\" content=\"Disponibilit\u00e9\" \/>\n\t<meta name=\"twitter:data1\" content=\"En stock\" \/>\n<script type=\"application\/ld+json\" class=\"yoast-schema-graph\">{\"@context\":\"https:\\\/\\\/schema.org\",\"@graph\":[{\"@type\":\"WebPage\",\"@id\":\"https:\\\/\\\/blumiz.com\\\/fr\\\/produit\\\/or-cbd-hash-afgano-25\\\/\",\"url\":\"https:\\\/\\\/blumiz.com\\\/fr\\\/produit\\\/or-cbd-hash-afgano-25\\\/\",\"name\":\"Gold Hash CBD Afgano 25% \u00e0 partir de 3,5\u20ac\\\/g- Haschisch avec feuille d'or .fr\",\"isPartOf\":{\"@id\":\"https:\\\/\\\/blumiz.com\\\/fr\\\/#website\"},\"primaryImageOfPage\":{\"@id\":\"https:\\\/\\\/blumiz.com\\\/fr\\\/produit\\\/or-cbd-hash-afgano-25\\\/#primaryimage\"},\"image\":{\"@id\":\"https:\\\/\\\/blumiz.com\\\/fr\\\/produit\\\/or-cbd-hash-afgano-25\\\/#primaryimage\"},\"thumbnailUrl\":\"https:\\\/\\\/blumiz.com\\\/wp-content\\\/uploads\\\/2022\\\/09\\\/Gold-afgano-blumiz-hash-1.webp\",\"datePublished\":\"2020-09-06T05:49:19+00:00\",\"dateModified\":\"2025-02-11T12:03:12+00:00\",\"description\":\"Gold Hash CBD Afgano 25% \u00e0 partir de 3,5\u20ac\\\/g Un Hash CBD Afgano puissant et savoureux, recouvert d'une feuille d'or. Hash CBD l\u00e9gal en France Premium\",\"breadcrumb\":{\"@id\":\"https:\\\/\\\/blumiz.com\\\/fr\\\/produit\\\/or-cbd-hash-afgano-25\\\/#breadcrumb\"},\"inLanguage\":\"fr-FR\",\"potentialAction\":[{\"@type\":\"ReadAction\",\"target\":[\"https:\\\/\\\/blumiz.com\\\/fr\\\/produit\\\/or-cbd-hash-afgano-25\\\/\"]}]},{\"@type\":\"ImageObject\",\"inLanguage\":\"fr-FR\",\"@id\":\"https:\\\/\\\/blumiz.com\\\/fr\\\/produit\\\/or-cbd-hash-afgano-25\\\/#primaryimage\",\"url\":\"https:\\\/\\\/blumiz.com\\\/wp-content\\\/uploads\\\/2022\\\/09\\\/Gold-afgano-blumiz-hash-1.webp\",\"contentUrl\":\"https:\\\/\\\/blumiz.com\\\/wp-content\\\/uploads\\\/2022\\\/09\\\/Gold-afgano-blumiz-hash-1.webp\",\"width\":600,\"height\":600},{\"@type\":\"BreadcrumbList\",\"@id\":\"https:\\\/\\\/blumiz.com\\\/fr\\\/produit\\\/or-cbd-hash-afgano-25\\\/#breadcrumb\",\"itemListElement\":[{\"@type\":\"ListItem\",\"position\":1,\"name\":\"Blumiz\",\"item\":\"https:\\\/\\\/blumiz.com\\\/fr\\\/\"},{\"@type\":\"ListItem\",\"position\":2,\"name\":\"CBD Shop\",\"item\":\"https:\\\/\\\/blumiz.com\\\/fr\\\/acheter-cbd-shop\\\/\"},{\"@type\":\"ListItem\",\"position\":3,\"name\":\"Hash et concentr\u00e9s\",\"item\":\"https:\\\/\\\/blumiz.com\\\/fr\\\/category\\\/hash-et-concentres\\\/\"},{\"@type\":\"ListItem\",\"position\":4,\"name\":\"Afgano Hash Gold Leaf 25%\"}]},{\"@type\":\"WebSite\",\"@id\":\"https:\\\/\\\/blumiz.com\\\/fr\\\/#website\",\"url\":\"https:\\\/\\\/blumiz.com\\\/fr\\\/\",\"name\":\"Blumiz - Premium CBD\",\"description\":\"Blumiz, Cannabis specialist\",\"publisher\":{\"@id\":\"https:\\\/\\\/blumiz.com\\\/fr\\\/#organization\"},\"alternateName\":\"Blumiz\",\"potentialAction\":[{\"@type\":\"SearchAction\",\"target\":{\"@type\":\"EntryPoint\",\"urlTemplate\":\"https:\\\/\\\/blumiz.com\\\/fr\\\/?s={search_term_string}\"},\"query-input\":{\"@type\":\"PropertyValueSpecification\",\"valueRequired\":true,\"valueName\":\"search_term_string\"}}],\"inLanguage\":\"fr-FR\"},{\"@type\":\"Organization\",\"@id\":\"https:\\\/\\\/blumiz.com\\\/fr\\\/#organization\",\"name\":\"Blumiz CBD\",\"alternateName\":\"Blumiz\",\"url\":\"https:\\\/\\\/blumiz.com\\\/fr\\\/\",\"logo\":{\"@type\":\"ImageObject\",\"inLanguage\":\"fr-FR\",\"@id\":\"https:\\\/\\\/blumiz.com\\\/fr\\\/#\\\/schema\\\/logo\\\/image\\\/\",\"url\":\"https:\\\/\\\/blumiz.com\\\/wp-content\\\/uploads\\\/2026\\\/02\\\/cropped-Blumiz-CBD-logo.webp\",\"contentUrl\":\"https:\\\/\\\/blumiz.com\\\/wp-content\\\/uploads\\\/2026\\\/02\\\/cropped-Blumiz-CBD-logo.webp\",\"width\":2547,\"height\":778,\"caption\":\"Blumiz CBD\"},\"image\":{\"@id\":\"https:\\\/\\\/blumiz.com\\\/fr\\\/#\\\/schema\\\/logo\\\/image\\\/\"}}]}<\/script>\n<meta property=\"og:availability\" content=\"instock\" \/>\n<meta property=\"product:availability\" content=\"instock\" \/>\n<meta property=\"product:retailer_item_id\" content=\"35881\" \/>\n<meta property=\"product:condition\" content=\"new\" \/>\n<!-- \/ Yoast SEO Premium plugin. -->","yoast_head_json":{"title":"Gold Hash CBD Afgano 25% \u00e0 partir de 3,5\u20ac\/g- Haschisch avec feuille d'or .fr","description":"Gold Hash CBD Afgano 25% \u00e0 partir de 3,5\u20ac\/g Un Hash CBD Afgano puissant et savoureux, recouvert d'une feuille d'or. Hash CBD l\u00e9gal en France Premium","robots":{"index":"index","follow":"follow","max-snippet":"max-snippet:-1","max-image-preview":"max-image-preview:large","max-video-preview":"max-video-preview:-1"},"canonical":"https:\/\/blumiz.com\/fr\/produit\/or-cbd-hash-afgano-25\/","og_locale":"fr_FR","og_type":"article","og_title":"Afgano Hash Gold Leaf 25%","og_description":"Afgano Hash Gold Leaf 25% Blumiz - Premium CBD","og_url":"https:\/\/blumiz.com\/fr\/produit\/or-cbd-hash-afgano-25\/","og_site_name":"Blumiz - Premium CBD","article_modified_time":"2025-02-11T12:03:12+00:00","og_image":[{"width":600,"height":600,"url":"https:\/\/blumiz.com\/wp-content\/uploads\/2022\/09\/Gold-afgano-blumiz-hash-1.webp","type":"image\/webp"}],"twitter_card":"summary_large_image","twitter_misc":{"Disponibilit\u00e9":"En stock"},"schema":{"@context":"https:\/\/schema.org","@graph":[{"@type":"WebPage","@id":"https:\/\/blumiz.com\/fr\/produit\/or-cbd-hash-afgano-25\/","url":"https:\/\/blumiz.com\/fr\/produit\/or-cbd-hash-afgano-25\/","name":"Gold Hash CBD Afgano 25% \u00e0 partir de 3,5\u20ac\/g- Haschisch avec feuille d'or .fr","isPartOf":{"@id":"https:\/\/blumiz.com\/fr\/#website"},"primaryImageOfPage":{"@id":"https:\/\/blumiz.com\/fr\/produit\/or-cbd-hash-afgano-25\/#primaryimage"},"image":{"@id":"https:\/\/blumiz.com\/fr\/produit\/or-cbd-hash-afgano-25\/#primaryimage"},"thumbnailUrl":"https:\/\/blumiz.com\/wp-content\/uploads\/2022\/09\/Gold-afgano-blumiz-hash-1.webp","datePublished":"2020-09-06T05:49:19+00:00","dateModified":"2025-02-11T12:03:12+00:00","description":"Gold Hash CBD Afgano 25% \u00e0 partir de 3,5\u20ac\/g Un Hash CBD Afgano puissant et savoureux, recouvert d'une feuille d'or. Hash CBD l\u00e9gal en France Premium","breadcrumb":{"@id":"https:\/\/blumiz.com\/fr\/produit\/or-cbd-hash-afgano-25\/#breadcrumb"},"inLanguage":"fr-FR","potentialAction":[{"@type":"ReadAction","target":["https:\/\/blumiz.com\/fr\/produit\/or-cbd-hash-afgano-25\/"]}]},{"@type":"ImageObject","inLanguage":"fr-FR","@id":"https:\/\/blumiz.com\/fr\/produit\/or-cbd-hash-afgano-25\/#primaryimage","url":"https:\/\/blumiz.com\/wp-content\/uploads\/2022\/09\/Gold-afgano-blumiz-hash-1.webp","contentUrl":"https:\/\/blumiz.com\/wp-content\/uploads\/2022\/09\/Gold-afgano-blumiz-hash-1.webp","width":600,"height":600},{"@type":"BreadcrumbList","@id":"https:\/\/blumiz.com\/fr\/produit\/or-cbd-hash-afgano-25\/#breadcrumb","itemListElement":[{"@type":"ListItem","position":1,"name":"Blumiz","item":"https:\/\/blumiz.com\/fr\/"},{"@type":"ListItem","position":2,"name":"CBD Shop","item":"https:\/\/blumiz.com\/fr\/acheter-cbd-shop\/"},{"@type":"ListItem","position":3,"name":"Hash et concentr\u00e9s","item":"https:\/\/blumiz.com\/fr\/category\/hash-et-concentres\/"},{"@type":"ListItem","position":4,"name":"Afgano Hash Gold Leaf 25%"}]},{"@type":"WebSite","@id":"https:\/\/blumiz.com\/fr\/#website","url":"https:\/\/blumiz.com\/fr\/","name":"Blumiz - Premium CBD","description":"Blumiz, Cannabis specialist","publisher":{"@id":"https:\/\/blumiz.com\/fr\/#organization"},"alternateName":"Blumiz","potentialAction":[{"@type":"SearchAction","target":{"@type":"EntryPoint","urlTemplate":"https:\/\/blumiz.com\/fr\/?s={search_term_string}"},"query-input":{"@type":"PropertyValueSpecification","valueRequired":true,"valueName":"search_term_string"}}],"inLanguage":"fr-FR"},{"@type":"Organization","@id":"https:\/\/blumiz.com\/fr\/#organization","name":"Blumiz CBD","alternateName":"Blumiz","url":"https:\/\/blumiz.com\/fr\/","logo":{"@type":"ImageObject","inLanguage":"fr-FR","@id":"https:\/\/blumiz.com\/fr\/#\/schema\/logo\/image\/","url":"https:\/\/blumiz.com\/wp-content\/uploads\/2026\/02\/cropped-Blumiz-CBD-logo.webp","contentUrl":"https:\/\/blumiz.com\/wp-content\/uploads\/2026\/02\/cropped-Blumiz-CBD-logo.webp","width":2547,"height":778,"caption":"Blumiz CBD"},"image":{"@id":"https:\/\/blumiz.com\/fr\/#\/schema\/logo\/image\/"}}]},"og_availability":"instock","product_availability":"instock","product_retailer_item_id":"35881","product_condition":"new"},"_links":{"self":[{"href":"https:\/\/blumiz.com\/fr\/wp-json\/wp\/v2\/product\/7296","targetHints":{"allow":["GET"]}}],"collection":[{"href":"https:\/\/blumiz.com\/fr\/wp-json\/wp\/v2\/product"}],"about":[{"href":"https:\/\/blumiz.com\/fr\/wp-json\/wp\/v2\/types\/product"}],"replies":[{"embeddable":true,"href":"https:\/\/blumiz.com\/fr\/wp-json\/wp\/v2\/comments?post=7296"}],"version-history":[{"count":0,"href":"https:\/\/blumiz.com\/fr\/wp-json\/wp\/v2\/product\/7296\/revisions"}],"wp:featuredmedia":[{"embeddable":true,"href":"https:\/\/blumiz.com\/fr\/wp-json\/wp\/v2\/media\/6726"}],"wp:attachment":[{"href":"https:\/\/blumiz.com\/fr\/wp-json\/wp\/v2\/media?parent=7296"}],"wp:term":[{"taxonomy":"product_brand","embeddable":true,"href":"https:\/\/blumiz.com\/fr\/wp-json\/wp\/v2\/product_brand?post=7296"},{"taxonomy":"product_cat","embeddable":true,"href":"https:\/\/blumiz.com\/fr\/wp-json\/wp\/v2\/product_cat?post=7296"},{"taxonomy":"product_tag","embeddable":true,"href":"https:\/\/blumiz.com\/fr\/wp-json\/wp\/v2\/product_tag?post=7296"}],"curies":[{"name":"wp","href":"https:\/\/api.w.org\/{rel}","templated":true}]}}