{"id":7300,"date":"2020-08-28T17:08:26","date_gmt":"2020-08-28T17:08:26","guid":{"rendered":"https:\/\/blumiz.com\/produkt\/pur-cbg-extract-96-cbg-herdol\/"},"modified":"2025-10-07T10:04:07","modified_gmt":"2025-10-07T09:04:07","slug":"pur-cbg-extract-96-cbg-herdol","status":"publish","type":"product","link":"https:\/\/blumiz.com\/fr\/produit\/pur-cbg-extract-96-cbg-herdol\/","title":{"rendered":"EXTRAIT PUR CBG 96% CBG herdol"},"content":{"rendered":"<h2>D\u00c9SIGNATION<\/h2>\n<p>L&#8217;isolat de CBG (cannabig\u00e9rol) est un cannabino\u00efde, comme le CBD, qui a \u00e9t\u00e9 isol\u00e9 et extrait des t\u00eates de chanvre de la plante de cannabis. L&#8217;isolat de CBG est la forme la plus pure de CBG que vous trouverez, il contient 99,8 % de CBG et des traces ind\u00e9tectables d&#8217;autres cannabino\u00efdes pr\u00e9sents dans la plante de chanvre.<\/p>\n<p>Le CBG est \u00e9galement le premier cannabino\u00efde \u00e0 pousser dans le chanvre, le pr\u00e9curseur du CBD et du THC, c&#8217;est pourquoi on l&#8217;appelle parfois \u00ab cellule souche \u00bb. Cela signifie que le CBG est pr\u00e9sent en grande quantit\u00e9 au d\u00e9but de la floraison de la plante.<\/p>\n<p>Pour obtenir des plantes avec une forte concentration de CBG, il faut donc les r\u00e9colter tr\u00e8s t\u00f4t. Au fur et \u00e0 mesure que la plante grandit, le CBG se transforme progressivement en un autre cannabino\u00efde (CBD, THC, CBC).<\/p>\n<p>Sans terp\u00e8nes, le CBG n&#8217;a ni go\u00fbt ni odeur, ce qui est pratique pour composer vos propres produits ou fabriquer votre propre huile \u00e0 base de CBG. Il est notamment utilis\u00e9 par les personnes sensibles \u00e0 certains cannabino\u00efdes et dans l&#8217;industrie pharmaceutique. Sa forte teneur en CBG aura des effets extraordinaires sur votre corps.<\/p>\n<h2>Effets<\/h2>\n<ul>\n<li>Relaxant<\/li>\n<li>Am\u00e9liore l&#8217;humeur<\/li>\n<li>R\u00e9duit les sympt\u00f4mes du stress, de l&#8217;anxi\u00e9t\u00e9 et de la d\u00e9pression l\u00e9g\u00e8re<\/li>\n<li>Aide \u00e0 l&#8217;endormissement pour un meilleur sommeil<\/li>\n<li>A des propri\u00e9t\u00e9s antifongiques, c&#8217;est-\u00e0-dire contre les champignons<\/li>\n<li>Lutte contre les infections bact\u00e9riennes<\/li>\n<li>Soulage la douleur gr\u00e2ce \u00e0 son action anti-inflammatoire et \u00e0 son effet analg\u00e9sique<\/li>\n<li>Contient des propri\u00e9t\u00e9s anticanc\u00e9reuses en ralentissant la progression des tumeurs et en emp\u00eachant leur croissance dans l&#8217;organisme<\/li>\n<li>lutte contre le stress oxydatif dans les cellules et donc contre le vieillissement de l&#8217;organisme gr\u00e2ce \u00e0 ses propri\u00e9t\u00e9s antioxydantes<\/li>\n<li>il est neuroprotecteur et contribue au traitement de maladies d\u00e9g\u00e9n\u00e9ratives telles que la maladie de Huntington, la maladie de Parkinson ou la maladie d&#8217;Alzheimer<\/li>\n<\/ul>\n<h2>Conseils d&#8217;utilisation<\/h2>\n<p>Comme pour le CBD, la quantit\u00e9 de CBG \u00e0 prendre est diff\u00e9rente pour chacun, il est pr\u00e9f\u00e9rable de commencer par de petites doses et de voir les diff\u00e9rents effets que la prise de CBG apporte sur votre corps et votre bien-\u00eatre.<\/p>\n<p>En cas d&#8217;absorption sublinguale : laissez-le fondre sous la langue et attendez 30 secondes avant de l&#8217;avaler. Vous pouvez \u00e9galement m\u00e9langer la poudre \u00e0 vos pr\u00e9parations alimentaires ou \u00e0 vos boissons.<br \/>\nEn dilution : ajoutez quelques cristaux \u00e0 une substance grasse (huile alimentaire, huile d&#8217;olive, avocat, palme) ou \u00e0 tout autre aliment de votre choix pour une pr\u00e9paration culinaire.<br \/>\nM\u00e9lang\u00e9 \u00e0 une cr\u00e8me ou \u00e0 un onguent<br \/>\nCOMPOSITION DE L&#8217;ISOLATE DE CBG 96<\/p>\n<p>Taux de CBG : +- 96 %<br \/>\nTaux de THC : 0<\/p>\n<p>Quantit\u00e9 : 1 g<\/p>\n<p>Remarque : nos extractions sont r\u00e9alis\u00e9es au CO2 supercritique, ce qui garantit une qualit\u00e9 optimale et une puret\u00e9 parfaite des extraits.<\/p>\n","protected":false},"excerpt":{"rendered":"<h2><span class=\"\">EXTRAIT DE CBG PUR 96<\/span><\/h2>\n<p>L&#8217;extrait de CBG pur se pr\u00e9sente sous la forme d&#8217;une fine poudre blanche qui contient du CBG sous sa forme la plus pure et la plus concentr\u00e9e appel\u00e9e isolat.<br \/>\nL&#8217;isolat a \u00e9t\u00e9 raffin\u00e9 pour \u00e9liminer toutes les huiles, cires, cannabino\u00efdes, terp\u00e8nes, flavono\u00efdes et autres substances v\u00e9g\u00e9tales, ne laissant que 96 % de cannabig\u00e9rol.<\/p>\n<p>Quantit\u00e9 : 1 g<\/p>\n","protected":false},"featured_media":6691,"comment_status":"open","ping_status":"closed","template":"","meta":{"site-sidebar-layout":"default","site-content-layout":"default","ast-site-content-layout":"default","site-content-style":"default","site-sidebar-style":"default","ast-global-header-display":"","ast-banner-title-visibility":"","ast-main-header-display":"","ast-hfb-above-header-display":"","ast-hfb-below-header-display":"","ast-hfb-mobile-header-display":"","site-post-title":"","ast-breadcrumbs-content":"","ast-featured-img":"","footer-sml-layout":"","ast-disable-related-posts":"","theme-transparent-header-meta":"default","adv-header-id-meta":"","stick-header-meta":"default","header-above-stick-meta":"","header-main-stick-meta":"","header-below-stick-meta":"","astra-migrate-meta-layouts":"default","ast-page-background-enabled":"default","ast-page-background-meta":{"desktop":{"background-color":"","background-image":"","background-repeat":"repeat","background-position":"center center","background-size":"auto","background-attachment":"scroll","background-type":"","background-media":"","overlay-type":"","overlay-color":"","overlay-opacity":"","overlay-gradient":""},"tablet":{"background-color":"","background-image":"","background-repeat":"repeat","background-position":"center center","background-size":"auto","background-attachment":"scroll","background-type":"","background-media":"","overlay-type":"","overlay-color":"","overlay-opacity":"","overlay-gradient":""},"mobile":{"background-color":"","background-image":"","background-repeat":"repeat","background-position":"center center","background-size":"auto","background-attachment":"scroll","background-type":"","background-media":"","overlay-type":"","overlay-color":"","overlay-opacity":"","overlay-gradient":""}},"ast-content-background-meta":{"desktop":{"background-color":"var(--ast-global-color-5)","background-image":"","background-repeat":"repeat","background-position":"center center","background-size":"auto","background-attachment":"scroll","background-type":"","background-media":"","overlay-type":"","overlay-color":"","overlay-opacity":"","overlay-gradient":""},"tablet":{"background-color":"var(--ast-global-color-5)","background-image":"","background-repeat":"repeat","background-position":"center center","background-size":"auto","background-attachment":"scroll","background-type":"","background-media":"","overlay-type":"","overlay-color":"","overlay-opacity":"","overlay-gradient":""},"mobile":{"background-color":"var(--ast-global-color-5)","background-image":"","background-repeat":"repeat","background-position":"center center","background-size":"auto","background-attachment":"scroll","background-type":"","background-media":"","overlay-type":"","overlay-color":"","overlay-opacity":"","overlay-gradient":""}}},"product_brand":[],"product_cat":[304,176,174],"product_tag":[],"class_list":{"0":"post-7300","1":"product","2":"type-product","3":"status-publish","4":"has-post-thumbnail","6":"product_cat-cbd-fr","7":"product_cat-concentres-cbd","8":"product_cat-hash-et-concentres","9":"desktop-align-left","10":"tablet-align-center","11":"mobile-align-left","12":"ast-product-gallery-layout-vertical","13":"ast-product-gallery-with-no-image","14":"ast-magnify-disabled","15":"ast-product-tabs-layout-horizontal","17":"first","18":"instock","19":"taxable","20":"shipping-taxable","21":"purchasable","22":"product-type-simple"},"yoast_head":"<!-- This site is optimized with the Yoast SEO Premium plugin v27.2 (Yoast SEO v27.4) - https:\/\/yoast.com\/product\/yoast-seo-premium-wordpress\/ -->\n<title>EXTRAIT PUR CBG 96% CBG herdol - Blumiz - Premium CBD<\/title>\n<meta name=\"description\" content=\"EXTRAIT PUR CBG 96% CBG herdol - Blumiz - Premium CBD\" \/>\n<meta name=\"robots\" content=\"index, follow, max-snippet:-1, max-image-preview:large, max-video-preview:-1\" \/>\n<link rel=\"canonical\" href=\"https:\/\/blumiz.com\/fr\/produit\/pur-cbg-extract-96-cbg-herdol\/\" \/>\n<meta property=\"og:locale\" content=\"fr_FR\" \/>\n<meta property=\"og:type\" content=\"article\" \/>\n<meta property=\"og:title\" content=\"EXTRAIT PUR CBG 96% CBG herdol\" \/>\n<meta property=\"og:description\" content=\"EXTRAIT PUR CBG 96% CBG herdol Blumiz - Premium CBD\" \/>\n<meta property=\"og:url\" content=\"https:\/\/blumiz.com\/fr\/produit\/pur-cbg-extract-96-cbg-herdol\/\" \/>\n<meta property=\"og:site_name\" content=\"Blumiz - Premium CBD\" \/>\n<meta property=\"article:modified_time\" content=\"2025-10-07T09:04:07+00:00\" \/>\n<meta property=\"og:image\" content=\"https:\/\/blumiz.com\/wp-content\/uploads\/2022\/08\/CBG-ISOLAT-96-HERDOL-1.webp\" \/>\n\t<meta property=\"og:image:width\" content=\"600\" \/>\n\t<meta property=\"og:image:height\" content=\"600\" \/>\n\t<meta property=\"og:image:type\" content=\"image\/webp\" \/>\n<meta name=\"twitter:card\" content=\"summary_large_image\" \/>\n<meta name=\"twitter:label1\" content=\"Prix\" \/>\n\t<meta name=\"twitter:data1\" content=\"19,90&nbsp;&euro;\" \/>\n\t<meta name=\"twitter:label2\" content=\"Disponibilit\u00e9\" \/>\n\t<meta name=\"twitter:data2\" content=\"En stock\" \/>\n<script type=\"application\/ld+json\" class=\"yoast-schema-graph\">{\"@context\":\"https:\\\/\\\/schema.org\",\"@graph\":[{\"@type\":\"WebPage\",\"@id\":\"https:\\\/\\\/blumiz.com\\\/fr\\\/produit\\\/pur-cbg-extract-96-cbg-herdol\\\/\",\"url\":\"https:\\\/\\\/blumiz.com\\\/fr\\\/produit\\\/pur-cbg-extract-96-cbg-herdol\\\/\",\"name\":\"EXTRAIT PUR CBG 96% CBG herdol - Blumiz - Premium CBD\",\"isPartOf\":{\"@id\":\"https:\\\/\\\/blumiz.com\\\/fr\\\/#website\"},\"primaryImageOfPage\":{\"@id\":\"https:\\\/\\\/blumiz.com\\\/fr\\\/produit\\\/pur-cbg-extract-96-cbg-herdol\\\/#primaryimage\"},\"image\":{\"@id\":\"https:\\\/\\\/blumiz.com\\\/fr\\\/produit\\\/pur-cbg-extract-96-cbg-herdol\\\/#primaryimage\"},\"thumbnailUrl\":\"https:\\\/\\\/blumiz.com\\\/wp-content\\\/uploads\\\/2022\\\/08\\\/CBG-ISOLAT-96-HERDOL-1.webp\",\"datePublished\":\"2020-08-28T17:08:26+00:00\",\"dateModified\":\"2025-10-07T09:04:07+00:00\",\"description\":\"EXTRAIT PUR CBG 96% CBG herdol - Blumiz - Premium CBD\",\"breadcrumb\":{\"@id\":\"https:\\\/\\\/blumiz.com\\\/fr\\\/produit\\\/pur-cbg-extract-96-cbg-herdol\\\/#breadcrumb\"},\"inLanguage\":\"fr-FR\",\"potentialAction\":[{\"@type\":\"ReadAction\",\"target\":[\"https:\\\/\\\/blumiz.com\\\/fr\\\/produit\\\/pur-cbg-extract-96-cbg-herdol\\\/\"]}]},{\"@type\":\"ImageObject\",\"inLanguage\":\"fr-FR\",\"@id\":\"https:\\\/\\\/blumiz.com\\\/fr\\\/produit\\\/pur-cbg-extract-96-cbg-herdol\\\/#primaryimage\",\"url\":\"https:\\\/\\\/blumiz.com\\\/wp-content\\\/uploads\\\/2022\\\/08\\\/CBG-ISOLAT-96-HERDOL-1.webp\",\"contentUrl\":\"https:\\\/\\\/blumiz.com\\\/wp-content\\\/uploads\\\/2022\\\/08\\\/CBG-ISOLAT-96-HERDOL-1.webp\",\"width\":600,\"height\":600},{\"@type\":\"BreadcrumbList\",\"@id\":\"https:\\\/\\\/blumiz.com\\\/fr\\\/produit\\\/pur-cbg-extract-96-cbg-herdol\\\/#breadcrumb\",\"itemListElement\":[{\"@type\":\"ListItem\",\"position\":1,\"name\":\"Blumiz\",\"item\":\"https:\\\/\\\/blumiz.com\\\/fr\\\/\"},{\"@type\":\"ListItem\",\"position\":2,\"name\":\"CBD Shop\",\"item\":\"https:\\\/\\\/blumiz.com\\\/fr\\\/acheter-cbd-shop\\\/\"},{\"@type\":\"ListItem\",\"position\":3,\"name\":\"Hash et concentr\u00e9s\",\"item\":\"https:\\\/\\\/blumiz.com\\\/fr\\\/category\\\/hash-et-concentres\\\/\"},{\"@type\":\"ListItem\",\"position\":4,\"name\":\"Concentr\u00e9s CBD\",\"item\":\"https:\\\/\\\/blumiz.com\\\/fr\\\/category\\\/hash-et-concentres\\\/concentres-cbd\\\/\"},{\"@type\":\"ListItem\",\"position\":5,\"name\":\"EXTRAIT PUR CBG 96% CBG herdol\"}]},{\"@type\":\"WebSite\",\"@id\":\"https:\\\/\\\/blumiz.com\\\/fr\\\/#website\",\"url\":\"https:\\\/\\\/blumiz.com\\\/fr\\\/\",\"name\":\"Blumiz - Premium CBD\",\"description\":\"Blumiz, Cannabis specialist\",\"publisher\":{\"@id\":\"https:\\\/\\\/blumiz.com\\\/fr\\\/#organization\"},\"alternateName\":\"Blumiz\",\"potentialAction\":[{\"@type\":\"SearchAction\",\"target\":{\"@type\":\"EntryPoint\",\"urlTemplate\":\"https:\\\/\\\/blumiz.com\\\/fr\\\/?s={search_term_string}\"},\"query-input\":{\"@type\":\"PropertyValueSpecification\",\"valueRequired\":true,\"valueName\":\"search_term_string\"}}],\"inLanguage\":\"fr-FR\"},{\"@type\":\"Organization\",\"@id\":\"https:\\\/\\\/blumiz.com\\\/fr\\\/#organization\",\"name\":\"Blumiz CBD\",\"alternateName\":\"Blumiz\",\"url\":\"https:\\\/\\\/blumiz.com\\\/fr\\\/\",\"logo\":{\"@type\":\"ImageObject\",\"inLanguage\":\"fr-FR\",\"@id\":\"https:\\\/\\\/blumiz.com\\\/fr\\\/#\\\/schema\\\/logo\\\/image\\\/\",\"url\":\"https:\\\/\\\/blumiz.com\\\/wp-content\\\/uploads\\\/2026\\\/02\\\/cropped-Blumiz-CBD-logo.webp\",\"contentUrl\":\"https:\\\/\\\/blumiz.com\\\/wp-content\\\/uploads\\\/2026\\\/02\\\/cropped-Blumiz-CBD-logo.webp\",\"width\":2547,\"height\":778,\"caption\":\"Blumiz CBD\"},\"image\":{\"@id\":\"https:\\\/\\\/blumiz.com\\\/fr\\\/#\\\/schema\\\/logo\\\/image\\\/\"}}]}<\/script>\n<meta property=\"product:price:amount\" content=\"19.90\" \/>\n<meta property=\"product:price:currency\" content=\"EUR\" \/>\n<meta property=\"og:availability\" content=\"instock\" \/>\n<meta property=\"product:availability\" content=\"instock\" \/>\n<meta property=\"product:retailer_item_id\" content=\"2457991\" \/>\n<meta property=\"product:condition\" content=\"new\" \/>\n<!-- \/ Yoast SEO Premium plugin. -->","yoast_head_json":{"title":"EXTRAIT PUR CBG 96% CBG herdol - Blumiz - Premium CBD","description":"EXTRAIT PUR CBG 96% CBG herdol - Blumiz - Premium CBD","robots":{"index":"index","follow":"follow","max-snippet":"max-snippet:-1","max-image-preview":"max-image-preview:large","max-video-preview":"max-video-preview:-1"},"canonical":"https:\/\/blumiz.com\/fr\/produit\/pur-cbg-extract-96-cbg-herdol\/","og_locale":"fr_FR","og_type":"article","og_title":"EXTRAIT PUR CBG 96% CBG herdol","og_description":"EXTRAIT PUR CBG 96% CBG herdol Blumiz - Premium CBD","og_url":"https:\/\/blumiz.com\/fr\/produit\/pur-cbg-extract-96-cbg-herdol\/","og_site_name":"Blumiz - Premium CBD","article_modified_time":"2025-10-07T09:04:07+00:00","og_image":[{"width":600,"height":600,"url":"https:\/\/blumiz.com\/wp-content\/uploads\/2022\/08\/CBG-ISOLAT-96-HERDOL-1.webp","type":"image\/webp"}],"twitter_card":"summary_large_image","twitter_misc":{"Prix":"19,90&nbsp;&euro;","Disponibilit\u00e9":"En stock"},"schema":{"@context":"https:\/\/schema.org","@graph":[{"@type":"WebPage","@id":"https:\/\/blumiz.com\/fr\/produit\/pur-cbg-extract-96-cbg-herdol\/","url":"https:\/\/blumiz.com\/fr\/produit\/pur-cbg-extract-96-cbg-herdol\/","name":"EXTRAIT PUR CBG 96% CBG herdol - Blumiz - Premium CBD","isPartOf":{"@id":"https:\/\/blumiz.com\/fr\/#website"},"primaryImageOfPage":{"@id":"https:\/\/blumiz.com\/fr\/produit\/pur-cbg-extract-96-cbg-herdol\/#primaryimage"},"image":{"@id":"https:\/\/blumiz.com\/fr\/produit\/pur-cbg-extract-96-cbg-herdol\/#primaryimage"},"thumbnailUrl":"https:\/\/blumiz.com\/wp-content\/uploads\/2022\/08\/CBG-ISOLAT-96-HERDOL-1.webp","datePublished":"2020-08-28T17:08:26+00:00","dateModified":"2025-10-07T09:04:07+00:00","description":"EXTRAIT PUR CBG 96% CBG herdol - Blumiz - Premium CBD","breadcrumb":{"@id":"https:\/\/blumiz.com\/fr\/produit\/pur-cbg-extract-96-cbg-herdol\/#breadcrumb"},"inLanguage":"fr-FR","potentialAction":[{"@type":"ReadAction","target":["https:\/\/blumiz.com\/fr\/produit\/pur-cbg-extract-96-cbg-herdol\/"]}]},{"@type":"ImageObject","inLanguage":"fr-FR","@id":"https:\/\/blumiz.com\/fr\/produit\/pur-cbg-extract-96-cbg-herdol\/#primaryimage","url":"https:\/\/blumiz.com\/wp-content\/uploads\/2022\/08\/CBG-ISOLAT-96-HERDOL-1.webp","contentUrl":"https:\/\/blumiz.com\/wp-content\/uploads\/2022\/08\/CBG-ISOLAT-96-HERDOL-1.webp","width":600,"height":600},{"@type":"BreadcrumbList","@id":"https:\/\/blumiz.com\/fr\/produit\/pur-cbg-extract-96-cbg-herdol\/#breadcrumb","itemListElement":[{"@type":"ListItem","position":1,"name":"Blumiz","item":"https:\/\/blumiz.com\/fr\/"},{"@type":"ListItem","position":2,"name":"CBD Shop","item":"https:\/\/blumiz.com\/fr\/acheter-cbd-shop\/"},{"@type":"ListItem","position":3,"name":"Hash et concentr\u00e9s","item":"https:\/\/blumiz.com\/fr\/category\/hash-et-concentres\/"},{"@type":"ListItem","position":4,"name":"Concentr\u00e9s CBD","item":"https:\/\/blumiz.com\/fr\/category\/hash-et-concentres\/concentres-cbd\/"},{"@type":"ListItem","position":5,"name":"EXTRAIT PUR CBG 96% CBG herdol"}]},{"@type":"WebSite","@id":"https:\/\/blumiz.com\/fr\/#website","url":"https:\/\/blumiz.com\/fr\/","name":"Blumiz - Premium CBD","description":"Blumiz, Cannabis specialist","publisher":{"@id":"https:\/\/blumiz.com\/fr\/#organization"},"alternateName":"Blumiz","potentialAction":[{"@type":"SearchAction","target":{"@type":"EntryPoint","urlTemplate":"https:\/\/blumiz.com\/fr\/?s={search_term_string}"},"query-input":{"@type":"PropertyValueSpecification","valueRequired":true,"valueName":"search_term_string"}}],"inLanguage":"fr-FR"},{"@type":"Organization","@id":"https:\/\/blumiz.com\/fr\/#organization","name":"Blumiz CBD","alternateName":"Blumiz","url":"https:\/\/blumiz.com\/fr\/","logo":{"@type":"ImageObject","inLanguage":"fr-FR","@id":"https:\/\/blumiz.com\/fr\/#\/schema\/logo\/image\/","url":"https:\/\/blumiz.com\/wp-content\/uploads\/2026\/02\/cropped-Blumiz-CBD-logo.webp","contentUrl":"https:\/\/blumiz.com\/wp-content\/uploads\/2026\/02\/cropped-Blumiz-CBD-logo.webp","width":2547,"height":778,"caption":"Blumiz CBD"},"image":{"@id":"https:\/\/blumiz.com\/fr\/#\/schema\/logo\/image\/"}}]},"product_price_amount":"19.90","product_price_currency":"EUR","og_availability":"instock","product_availability":"instock","product_retailer_item_id":"2457991","product_condition":"new"},"_links":{"self":[{"href":"https:\/\/blumiz.com\/fr\/wp-json\/wp\/v2\/product\/7300","targetHints":{"allow":["GET"]}}],"collection":[{"href":"https:\/\/blumiz.com\/fr\/wp-json\/wp\/v2\/product"}],"about":[{"href":"https:\/\/blumiz.com\/fr\/wp-json\/wp\/v2\/types\/product"}],"replies":[{"embeddable":true,"href":"https:\/\/blumiz.com\/fr\/wp-json\/wp\/v2\/comments?post=7300"}],"version-history":[{"count":0,"href":"https:\/\/blumiz.com\/fr\/wp-json\/wp\/v2\/product\/7300\/revisions"}],"wp:featuredmedia":[{"embeddable":true,"href":"https:\/\/blumiz.com\/fr\/wp-json\/wp\/v2\/media\/6691"}],"wp:attachment":[{"href":"https:\/\/blumiz.com\/fr\/wp-json\/wp\/v2\/media?parent=7300"}],"wp:term":[{"taxonomy":"product_brand","embeddable":true,"href":"https:\/\/blumiz.com\/fr\/wp-json\/wp\/v2\/product_brand?post=7300"},{"taxonomy":"product_cat","embeddable":true,"href":"https:\/\/blumiz.com\/fr\/wp-json\/wp\/v2\/product_cat?post=7300"},{"taxonomy":"product_tag","embeddable":true,"href":"https:\/\/blumiz.com\/fr\/wp-json\/wp\/v2\/product_tag?post=7300"}],"curies":[{"name":"wp","href":"https:\/\/api.w.org\/{rel}","templated":true}]}}