{"id":7301,"date":"2020-09-06T06:40:23","date_gmt":"2020-09-06T06:40:23","guid":{"rendered":"https:\/\/blumiz.com\/produkt\/hache-de-cbd-charas-30\/"},"modified":"2025-10-07T09:59:18","modified_gmt":"2025-10-07T08:59:18","slug":"charas-cbd-hash-30","status":"publish","type":"product","link":"https:\/\/blumiz.com\/fr\/produit\/charas-cbd-hash-30\/","title":{"rendered":"Hash CBD 30% de Charas"},"content":{"rendered":"<h2><span style=\"color: #107d85;\">HASH CBD Charas 30%  <\/span><\/h2>\n<h4><span style=\"color: #ff6600;\">Origine<\/span><\/h4>\n<p>Les origines des charas sont tr\u00e8s anciennes et remontent \u00e0 la mythologie indienne. Selon une l\u00e9gende n\u00e9palaise, le dieu Shiva lui-m\u00eame consommait du chanvre pour son c\u00f4t\u00e9 aphrodisiaque. La production de charas ne se fait plus seulement aux abords de l&#8217;Himalaya. Depuis quelques ann\u00e9es, elle franchit les fronti\u00e8res pour atteindre l&#8217;Europe, o\u00f9 cette r\u00e9sine CBD est une garantie de qualit\u00e9.<\/p>\n<h4><span style=\"color: #ff6600;\">Culture<\/span><\/h4>\n<p>En Europe, le charas est fr\u00e9quent en Toscane, en Italie. Ce lieu de culture est m\u00eame devenu c\u00e9l\u00e8bre ces derni\u00e8res ann\u00e9es, car il contient principalement des vari\u00e9t\u00e9s de cannabis CBD, cultiv\u00e9es sp\u00e9cifiquement pour l&#8217;extraction d&#8217;huile et la production de haschisch \u00e0 forte concentration de CBD. Le charas est la seule vari\u00e9t\u00e9 de haschisch produite \u00e0 partir de marijuana encore fra\u00eeche, en grattant la partie inf\u00e9rieure des bourgeons. Les plantes dont on extrait la r\u00e9sine peuvent \u00eatre cultiv\u00e9es aussi bien en plein air (outdoor) qu&#8217;en serre (serres), dans le respect de la r\u00e9glementation bio.<\/p>\n<h4><span style=\"color: #ff6600;\">Aspect<\/span><\/h4>\n<p>En apparence, Charas a une nuance d\u00e9licate qui rappelle la couleur du caramel. Cette coloration claire provient directement des couleurs de la r\u00e9sine extraite de la plante. Au toucher, Charas reste mall\u00e9able et souple, tout en \u00e9tant dense.<\/p>\n<p>Go\u00fbt<\/p>\n<p>Le go\u00fbt de cette r\u00e9sine CBD est vraiment une caract\u00e9ristique qui la distingue de toutes les autres. Son ar\u00f4me est typique des r\u00e9sines rencontr\u00e9es ces derni\u00e8res ann\u00e9es aux \u00c9tats-Unis. Son odeur est intense, forte et enveloppante, avec \u00e9galement des notes fruit\u00e9es, m\u00e9lang\u00e9es \u00e0 des senteurs piquantes de menthe, de terre et de for\u00eat.<\/p>\n<p>Tu peux faire l&#8217;exp\u00e9rience d&#8217;un haschisch similaire, mais moins cher, avec le <a href=\"https:\/\/blumiz.com\/produit\/malana-cbd-hash-30\/\">Hash CBD de Malana<\/a>.<\/p>\n<p>Vous pouvez \u00e9galement d\u00e9couvrir ces charas aromatis\u00e9s \u00e0 <a href=\"https:\/\/blumiz.com\/produit\/charas-mango-cbd-20\/\">la MANGO<\/a> ou \u00e0 <a href=\"https:\/\/blumiz.com\/produit\/charas-cbd-hash-amnesia-25\/\">l&#8217;AMNESIA<\/a>.<\/p>\n<h4><span style=\"color: #ff6600;\">D\u00e9couvrez aussi notre <a style=\"color: #ff6600;\" href=\"\/?product_cat=cbd-blueten\">CBD Flower Shop<\/a> pour compl\u00e9ter votre haschisch<\/span><\/h4>\n<p>Fleur CBD sont disponibles en diff\u00e9rentes saveurs et concentrations de CBD. Nos fleurs de CBD sont soumises \u00e0 des crit\u00e8res de qualit\u00e9 externes stricts. Nos produits sont aussi vendus en tant que mati\u00e8res premi\u00e8res et sont exempts d&#8217;additifs chimiques et d&#8217;impuret\u00e9s.<\/p>\n<p>Ce charas a une consistance tr\u00e8s molle et collante. La consistance est comparable \u00e0 celle d&#8217;un mastic de fen\u00eatre. Ce charas est unique et ne peut pas \u00eatre compar\u00e9 aux autres charas CBD sur le march\u00e9. L&#8217;ar\u00f4me est tr\u00e8s fin de mangue. Nous garantissons avec ce produit, une satisfaction totale. La Charas a au moins 18-22 % de CBD et est inf\u00e9rieure \u00e0 0,1 % de THC. Ce produit fait battre le c\u0153ur de tous les amateurs de CBD.<\/p>\n<p>D\u00e9couvrez nos <a href=\"https:\/\/blumiz.com\/fr\/category\/headshop\/\">produits et accessoires Headshop<\/a> pour profiter de vos vari\u00e9t\u00e9s pr\u00e9f\u00e9r\u00e9es<\/p>\n<h4><span style=\"color: #ff6600;\">Commander chez Blumiz signifie<\/span><\/h4>\n<p>&#8211; Livraison rapide, discr\u00e8te et inodore<br \/>\n&#8211; Produits certifi\u00e9s de qualit\u00e9 et en laboratoire<br \/>\n&#8211; Des prix imbattables, car nous fabriquons nous-m\u00eames nos produits<\/p>\n<p>D\u00e9couvrez ici \u00e9galement nos <a href=\"\/?product_cat=cbd-blueten\">Fleurs de CBD!<\/a><\/p>\n<p>Une question, vous avez besoin d&#8217;aide ? <a href=\"https:\/\/blumiz.com\/hilfe-und-faqs\/\">Cliquez ici pour d\u00e9couvrir notre centre d&#8217;aide.<\/a><\/p>\n","protected":false},"excerpt":{"rendered":"<h4><span style=\"color: #107d85;\">HASH CBD Charas 30%<\/span><\/h4>\n<p>Charas est une r\u00e9sine CBD exceptionnelle !<\/p>\n<p>Charas est probablement l&#8217;une des meilleures r\u00e9sines de CBD disponibles sur le march\u00e9 l\u00e9gal. La plante de cannabis dont elle est extraite pousse naturellement sur les flancs de l&#8217;Himalaya, mais elle est \u00e9galement produite en Europe. Sa m\u00e9thode d&#8217;extraction particuli\u00e8re l&#8217;a rendue c\u00e9l\u00e8bre.<\/p>\n","protected":false},"featured_media":6721,"comment_status":"open","ping_status":"closed","template":"","meta":{"site-sidebar-layout":"default","site-content-layout":"default","ast-site-content-layout":"default","site-content-style":"default","site-sidebar-style":"default","ast-global-header-display":"","ast-banner-title-visibility":"","ast-main-header-display":"","ast-hfb-above-header-display":"","ast-hfb-below-header-display":"","ast-hfb-mobile-header-display":"","site-post-title":"","ast-breadcrumbs-content":"","ast-featured-img":"","footer-sml-layout":"","ast-disable-related-posts":"","theme-transparent-header-meta":"default","adv-header-id-meta":"","stick-header-meta":"default","header-above-stick-meta":"","header-main-stick-meta":"","header-below-stick-meta":"","astra-migrate-meta-layouts":"default","ast-page-background-enabled":"default","ast-page-background-meta":{"desktop":{"background-color":"","background-image":"","background-repeat":"repeat","background-position":"center center","background-size":"auto","background-attachment":"scroll","background-type":"","background-media":"","overlay-type":"","overlay-color":"","overlay-opacity":"","overlay-gradient":""},"tablet":{"background-color":"","background-image":"","background-repeat":"repeat","background-position":"center center","background-size":"auto","background-attachment":"scroll","background-type":"","background-media":"","overlay-type":"","overlay-color":"","overlay-opacity":"","overlay-gradient":""},"mobile":{"background-color":"","background-image":"","background-repeat":"repeat","background-position":"center center","background-size":"auto","background-attachment":"scroll","background-type":"","background-media":"","overlay-type":"","overlay-color":"","overlay-opacity":"","overlay-gradient":""}},"ast-content-background-meta":{"desktop":{"background-color":"var(--ast-global-color-5)","background-image":"","background-repeat":"repeat","background-position":"center center","background-size":"auto","background-attachment":"scroll","background-type":"","background-media":"","overlay-type":"","overlay-color":"","overlay-opacity":"","overlay-gradient":""},"tablet":{"background-color":"var(--ast-global-color-5)","background-image":"","background-repeat":"repeat","background-position":"center center","background-size":"auto","background-attachment":"scroll","background-type":"","background-media":"","overlay-type":"","overlay-color":"","overlay-opacity":"","overlay-gradient":""},"mobile":{"background-color":"var(--ast-global-color-5)","background-image":"","background-repeat":"repeat","background-position":"center center","background-size":"auto","background-attachment":"scroll","background-type":"","background-media":"","overlay-type":"","overlay-color":"","overlay-opacity":"","overlay-gradient":""}}},"product_brand":[],"product_cat":[304,175,174],"product_tag":[201,202],"class_list":{"0":"post-7301","1":"product","2":"type-product","3":"status-publish","4":"has-post-thumbnail","6":"product_cat-cbd-fr","7":"product_cat-hash-cbd","8":"product_cat-hash-et-concentres","9":"product_tag-fleurs-cbd-pas-cher","10":"product_tag-fleurs-cbd-puissantes","11":"pa_cbd-rate-plus-de-20-cbd","12":"pa_kategorie-greenhouse-fr","13":"desktop-align-left","14":"tablet-align-center","15":"mobile-align-left","16":"ast-product-gallery-layout-vertical","17":"ast-product-gallery-with-no-image","18":"ast-magnify-disabled","19":"ast-product-single-variable","20":"ast-product-tabs-layout-horizontal","22":"first","23":"instock","24":"taxable","25":"shipping-taxable","26":"purchasable","27":"product-type-variable"},"yoast_head":"<!-- This site is optimized with the Yoast SEO Premium plugin v27.2 (Yoast SEO v27.4) - https:\/\/yoast.com\/product\/yoast-seo-premium-wordpress\/ -->\n<title>Hash CBD 30% de Charas 3,5\u20ac\/g...Hash CBD &amp; Extrait...France<\/title>\n<meta name=\"description\" content=\"Hash CBD 30% de Charas 3,5\u20ac\/g Produit comme le Charas original..retrouvez dans notre Charas CBD des ar\u00f4mes de r\u00e9sine pure..livraison discr\u00e8te et rapide en fran\u00e7ais\" \/>\n<meta name=\"robots\" content=\"index, follow, max-snippet:-1, max-image-preview:large, max-video-preview:-1\" \/>\n<link rel=\"canonical\" href=\"https:\/\/blumiz.com\/fr\/produit\/charas-cbd-hash-30\/\" \/>\n<meta property=\"og:locale\" content=\"fr_FR\" \/>\n<meta property=\"og:type\" content=\"article\" \/>\n<meta property=\"og:title\" content=\"Hash CBD 30% de Charas\" \/>\n<meta property=\"og:description\" content=\"Hash CBD 30% de Charas Blumiz - Premium CBD\" \/>\n<meta property=\"og:url\" content=\"https:\/\/blumiz.com\/fr\/produit\/charas-cbd-hash-30\/\" \/>\n<meta property=\"og:site_name\" content=\"Blumiz - Premium CBD\" \/>\n<meta property=\"article:modified_time\" content=\"2025-10-07T08:59:18+00:00\" \/>\n<meta property=\"og:image\" content=\"https:\/\/blumiz.com\/wp-content\/uploads\/2022\/09\/Charras-Blumiz.webp\" \/>\n\t<meta property=\"og:image:width\" content=\"600\" \/>\n\t<meta property=\"og:image:height\" content=\"600\" \/>\n\t<meta property=\"og:image:type\" content=\"image\/webp\" \/>\n<meta name=\"twitter:card\" content=\"summary_large_image\" \/>\n<meta name=\"twitter:label1\" content=\"Disponibilit\u00e9\" \/>\n\t<meta name=\"twitter:data1\" content=\"En stock\" \/>\n<script type=\"application\/ld+json\" class=\"yoast-schema-graph\">{\"@context\":\"https:\\\/\\\/schema.org\",\"@graph\":[{\"@type\":\"WebPage\",\"@id\":\"https:\\\/\\\/blumiz.com\\\/fr\\\/produit\\\/charas-cbd-hash-30\\\/\",\"url\":\"https:\\\/\\\/blumiz.com\\\/fr\\\/produit\\\/charas-cbd-hash-30\\\/\",\"name\":\"Hash CBD 30% de Charas 3,5\u20ac\\\/g...Hash CBD & Extrait...France\",\"isPartOf\":{\"@id\":\"https:\\\/\\\/blumiz.com\\\/fr\\\/#website\"},\"primaryImageOfPage\":{\"@id\":\"https:\\\/\\\/blumiz.com\\\/fr\\\/produit\\\/charas-cbd-hash-30\\\/#primaryimage\"},\"image\":{\"@id\":\"https:\\\/\\\/blumiz.com\\\/fr\\\/produit\\\/charas-cbd-hash-30\\\/#primaryimage\"},\"thumbnailUrl\":\"https:\\\/\\\/blumiz.com\\\/wp-content\\\/uploads\\\/2022\\\/09\\\/Charras-Blumiz.webp\",\"datePublished\":\"2020-09-06T06:40:23+00:00\",\"dateModified\":\"2025-10-07T08:59:18+00:00\",\"description\":\"Hash CBD 30% de Charas 3,5\u20ac\\\/g Produit comme le Charas original..retrouvez dans notre Charas CBD des ar\u00f4mes de r\u00e9sine pure..livraison discr\u00e8te et rapide en fran\u00e7ais\",\"breadcrumb\":{\"@id\":\"https:\\\/\\\/blumiz.com\\\/fr\\\/produit\\\/charas-cbd-hash-30\\\/#breadcrumb\"},\"inLanguage\":\"fr-FR\",\"potentialAction\":[{\"@type\":\"ReadAction\",\"target\":[\"https:\\\/\\\/blumiz.com\\\/fr\\\/produit\\\/charas-cbd-hash-30\\\/\"]}]},{\"@type\":\"ImageObject\",\"inLanguage\":\"fr-FR\",\"@id\":\"https:\\\/\\\/blumiz.com\\\/fr\\\/produit\\\/charas-cbd-hash-30\\\/#primaryimage\",\"url\":\"https:\\\/\\\/blumiz.com\\\/wp-content\\\/uploads\\\/2022\\\/09\\\/Charras-Blumiz.webp\",\"contentUrl\":\"https:\\\/\\\/blumiz.com\\\/wp-content\\\/uploads\\\/2022\\\/09\\\/Charras-Blumiz.webp\",\"width\":600,\"height\":600},{\"@type\":\"BreadcrumbList\",\"@id\":\"https:\\\/\\\/blumiz.com\\\/fr\\\/produit\\\/charas-cbd-hash-30\\\/#breadcrumb\",\"itemListElement\":[{\"@type\":\"ListItem\",\"position\":1,\"name\":\"Blumiz\",\"item\":\"https:\\\/\\\/blumiz.com\\\/fr\\\/\"},{\"@type\":\"ListItem\",\"position\":2,\"name\":\"CBD Shop\",\"item\":\"https:\\\/\\\/blumiz.com\\\/fr\\\/acheter-cbd-shop\\\/\"},{\"@type\":\"ListItem\",\"position\":3,\"name\":\"Hash et concentr\u00e9s\",\"item\":\"https:\\\/\\\/blumiz.com\\\/fr\\\/category\\\/hash-et-concentres\\\/\"},{\"@type\":\"ListItem\",\"position\":4,\"name\":\"Hash CBD 30% de Charas\"}]},{\"@type\":\"WebSite\",\"@id\":\"https:\\\/\\\/blumiz.com\\\/fr\\\/#website\",\"url\":\"https:\\\/\\\/blumiz.com\\\/fr\\\/\",\"name\":\"Blumiz - Premium CBD\",\"description\":\"Blumiz, Cannabis specialist\",\"publisher\":{\"@id\":\"https:\\\/\\\/blumiz.com\\\/fr\\\/#organization\"},\"alternateName\":\"Blumiz\",\"potentialAction\":[{\"@type\":\"SearchAction\",\"target\":{\"@type\":\"EntryPoint\",\"urlTemplate\":\"https:\\\/\\\/blumiz.com\\\/fr\\\/?s={search_term_string}\"},\"query-input\":{\"@type\":\"PropertyValueSpecification\",\"valueRequired\":true,\"valueName\":\"search_term_string\"}}],\"inLanguage\":\"fr-FR\"},{\"@type\":\"Organization\",\"@id\":\"https:\\\/\\\/blumiz.com\\\/fr\\\/#organization\",\"name\":\"Blumiz CBD\",\"alternateName\":\"Blumiz\",\"url\":\"https:\\\/\\\/blumiz.com\\\/fr\\\/\",\"logo\":{\"@type\":\"ImageObject\",\"inLanguage\":\"fr-FR\",\"@id\":\"https:\\\/\\\/blumiz.com\\\/fr\\\/#\\\/schema\\\/logo\\\/image\\\/\",\"url\":\"https:\\\/\\\/blumiz.com\\\/wp-content\\\/uploads\\\/2026\\\/02\\\/cropped-Blumiz-CBD-logo.webp\",\"contentUrl\":\"https:\\\/\\\/blumiz.com\\\/wp-content\\\/uploads\\\/2026\\\/02\\\/cropped-Blumiz-CBD-logo.webp\",\"width\":2547,\"height\":778,\"caption\":\"Blumiz CBD\"},\"image\":{\"@id\":\"https:\\\/\\\/blumiz.com\\\/fr\\\/#\\\/schema\\\/logo\\\/image\\\/\"}}]}<\/script>\n<meta property=\"og:availability\" content=\"instock\" \/>\n<meta property=\"product:availability\" content=\"instock\" \/>\n<meta property=\"product:retailer_item_id\" content=\"783444\" \/>\n<meta property=\"product:condition\" content=\"new\" \/>\n<!-- \/ Yoast SEO Premium plugin. -->","yoast_head_json":{"title":"Hash CBD 30% de Charas 3,5\u20ac\/g...Hash CBD & Extrait...France","description":"Hash CBD 30% de Charas 3,5\u20ac\/g Produit comme le Charas original..retrouvez dans notre Charas CBD des ar\u00f4mes de r\u00e9sine pure..livraison discr\u00e8te et rapide en fran\u00e7ais","robots":{"index":"index","follow":"follow","max-snippet":"max-snippet:-1","max-image-preview":"max-image-preview:large","max-video-preview":"max-video-preview:-1"},"canonical":"https:\/\/blumiz.com\/fr\/produit\/charas-cbd-hash-30\/","og_locale":"fr_FR","og_type":"article","og_title":"Hash CBD 30% de Charas","og_description":"Hash CBD 30% de Charas Blumiz - Premium CBD","og_url":"https:\/\/blumiz.com\/fr\/produit\/charas-cbd-hash-30\/","og_site_name":"Blumiz - Premium CBD","article_modified_time":"2025-10-07T08:59:18+00:00","og_image":[{"width":600,"height":600,"url":"https:\/\/blumiz.com\/wp-content\/uploads\/2022\/09\/Charras-Blumiz.webp","type":"image\/webp"}],"twitter_card":"summary_large_image","twitter_misc":{"Disponibilit\u00e9":"En stock"},"schema":{"@context":"https:\/\/schema.org","@graph":[{"@type":"WebPage","@id":"https:\/\/blumiz.com\/fr\/produit\/charas-cbd-hash-30\/","url":"https:\/\/blumiz.com\/fr\/produit\/charas-cbd-hash-30\/","name":"Hash CBD 30% de Charas 3,5\u20ac\/g...Hash CBD & Extrait...France","isPartOf":{"@id":"https:\/\/blumiz.com\/fr\/#website"},"primaryImageOfPage":{"@id":"https:\/\/blumiz.com\/fr\/produit\/charas-cbd-hash-30\/#primaryimage"},"image":{"@id":"https:\/\/blumiz.com\/fr\/produit\/charas-cbd-hash-30\/#primaryimage"},"thumbnailUrl":"https:\/\/blumiz.com\/wp-content\/uploads\/2022\/09\/Charras-Blumiz.webp","datePublished":"2020-09-06T06:40:23+00:00","dateModified":"2025-10-07T08:59:18+00:00","description":"Hash CBD 30% de Charas 3,5\u20ac\/g Produit comme le Charas original..retrouvez dans notre Charas CBD des ar\u00f4mes de r\u00e9sine pure..livraison discr\u00e8te et rapide en fran\u00e7ais","breadcrumb":{"@id":"https:\/\/blumiz.com\/fr\/produit\/charas-cbd-hash-30\/#breadcrumb"},"inLanguage":"fr-FR","potentialAction":[{"@type":"ReadAction","target":["https:\/\/blumiz.com\/fr\/produit\/charas-cbd-hash-30\/"]}]},{"@type":"ImageObject","inLanguage":"fr-FR","@id":"https:\/\/blumiz.com\/fr\/produit\/charas-cbd-hash-30\/#primaryimage","url":"https:\/\/blumiz.com\/wp-content\/uploads\/2022\/09\/Charras-Blumiz.webp","contentUrl":"https:\/\/blumiz.com\/wp-content\/uploads\/2022\/09\/Charras-Blumiz.webp","width":600,"height":600},{"@type":"BreadcrumbList","@id":"https:\/\/blumiz.com\/fr\/produit\/charas-cbd-hash-30\/#breadcrumb","itemListElement":[{"@type":"ListItem","position":1,"name":"Blumiz","item":"https:\/\/blumiz.com\/fr\/"},{"@type":"ListItem","position":2,"name":"CBD Shop","item":"https:\/\/blumiz.com\/fr\/acheter-cbd-shop\/"},{"@type":"ListItem","position":3,"name":"Hash et concentr\u00e9s","item":"https:\/\/blumiz.com\/fr\/category\/hash-et-concentres\/"},{"@type":"ListItem","position":4,"name":"Hash CBD 30% de Charas"}]},{"@type":"WebSite","@id":"https:\/\/blumiz.com\/fr\/#website","url":"https:\/\/blumiz.com\/fr\/","name":"Blumiz - Premium CBD","description":"Blumiz, Cannabis specialist","publisher":{"@id":"https:\/\/blumiz.com\/fr\/#organization"},"alternateName":"Blumiz","potentialAction":[{"@type":"SearchAction","target":{"@type":"EntryPoint","urlTemplate":"https:\/\/blumiz.com\/fr\/?s={search_term_string}"},"query-input":{"@type":"PropertyValueSpecification","valueRequired":true,"valueName":"search_term_string"}}],"inLanguage":"fr-FR"},{"@type":"Organization","@id":"https:\/\/blumiz.com\/fr\/#organization","name":"Blumiz CBD","alternateName":"Blumiz","url":"https:\/\/blumiz.com\/fr\/","logo":{"@type":"ImageObject","inLanguage":"fr-FR","@id":"https:\/\/blumiz.com\/fr\/#\/schema\/logo\/image\/","url":"https:\/\/blumiz.com\/wp-content\/uploads\/2026\/02\/cropped-Blumiz-CBD-logo.webp","contentUrl":"https:\/\/blumiz.com\/wp-content\/uploads\/2026\/02\/cropped-Blumiz-CBD-logo.webp","width":2547,"height":778,"caption":"Blumiz CBD"},"image":{"@id":"https:\/\/blumiz.com\/fr\/#\/schema\/logo\/image\/"}}]},"og_availability":"instock","product_availability":"instock","product_retailer_item_id":"783444","product_condition":"new"},"_links":{"self":[{"href":"https:\/\/blumiz.com\/fr\/wp-json\/wp\/v2\/product\/7301","targetHints":{"allow":["GET"]}}],"collection":[{"href":"https:\/\/blumiz.com\/fr\/wp-json\/wp\/v2\/product"}],"about":[{"href":"https:\/\/blumiz.com\/fr\/wp-json\/wp\/v2\/types\/product"}],"replies":[{"embeddable":true,"href":"https:\/\/blumiz.com\/fr\/wp-json\/wp\/v2\/comments?post=7301"}],"version-history":[{"count":0,"href":"https:\/\/blumiz.com\/fr\/wp-json\/wp\/v2\/product\/7301\/revisions"}],"wp:featuredmedia":[{"embeddable":true,"href":"https:\/\/blumiz.com\/fr\/wp-json\/wp\/v2\/media\/6721"}],"wp:attachment":[{"href":"https:\/\/blumiz.com\/fr\/wp-json\/wp\/v2\/media?parent=7301"}],"wp:term":[{"taxonomy":"product_brand","embeddable":true,"href":"https:\/\/blumiz.com\/fr\/wp-json\/wp\/v2\/product_brand?post=7301"},{"taxonomy":"product_cat","embeddable":true,"href":"https:\/\/blumiz.com\/fr\/wp-json\/wp\/v2\/product_cat?post=7301"},{"taxonomy":"product_tag","embeddable":true,"href":"https:\/\/blumiz.com\/fr\/wp-json\/wp\/v2\/product_tag?post=7301"}],"curies":[{"name":"wp","href":"https:\/\/api.w.org\/{rel}","templated":true}]}}